{"id":17685,"date":"2023-04-11T15:21:59","date_gmt":"2023-04-11T12:21:59","guid":{"rendered":"https:\/\/tammetalu.eu\/?post_type=product&#038;p=17685"},"modified":"2026-05-06T19:16:54","modified_gmt":"2026-05-06T16:16:54","slug":"harilik-varemerohi","status":"publish","type":"product","link":"https:\/\/tammetalu.eu\/fi\/toode\/harilik-varemerohi\/","title":{"rendered":"Harilik varemerohi Symphytum officinale"},"content":{"rendered":"","protected":false},"excerpt":{"rendered":"<p>LAT: \u00a0<em>Symphytum officinale<\/em><\/p>\n<p>ENG: \u00a0Comfrey<\/p>\n<p>RU: O\u043a\u043e\u043f\u043d\u0438\u043a \u043b\u0435\u043a\u0430\u0440\u0441\u0442\u0432\u0435\u043d\u043d\u044b\u0439<\/p>\n<p>FI: \u00a0Rohtoraunioyrtti<\/p>\n<p>Lillade \u00f5ite ja roheliste veidi karedate lehtedega\u00a0kuni 1 m k\u00f5rgune talvekindel p\u00fcsik parasniiskesse kuni niiskesse kasvukohta.\u00a0Ei vaja aias mingit hoolt, pigem v\u00f5ib v\u00e4ga soodsas kasvukohas muutuda t\u00fclikaks paljunejaks, seep\u00e4rast sobib varemerohi h\u00e4sti suuremasse loodusaeda niiskemale kasvukohale, kus moodustab ilusaid tihedaid kogumikke. Kasvamiseks sobib p\u00e4ikeseline kuni poolvarjuline kasvukoht. Varemerohi saab hakkama ka kuivemas liivases mullas, siis ei ole taime levimine intensiivne.<\/p>\n<p>V\u00e4rsket varemerohu niidet kasutatakse komposti valmimise kiirendamiseks ja taimede \u00fcmbruse mult\u0161imiseks. V\u00e4rsket varemerohtu kasutatakse kaaliumirikka taimse leotise valmistamiseks.<\/p>\n<p>\u00d5itsemise ajal on varemerohi liblikate ja mesilaste t\u00f5eline lemmik ja v\u00e4ga hea meetaim.<\/p>\n<p>Mitmetes maades kasutatakse varemerohu noori lehti varakevadise salatitaimena.<\/p>\n<p>V\u00e4rskeid lehti ja eriti varemerohu juuri kasutatakse p\u00f5letushaavade, nahamarrastuste ja luumurdude paranemist soodustavate salvide, tinktuuride ning kreemide valmistamiseks. Varemerohust valmistatud preparaate ei panda vigastatud nahale ja lahtistele haavadele. Varemerohust valmistatud preparaate ei kasutata korraga kauem kui 4-6 n\u00e4dalat. Taime ei soovitata kasutada seespidiselt.<\/p>\n<p>Varemerohu kasutamine on vastun\u00e4idustatud rasedatele ja imetavatele emadele ning lastele.<\/p>\n<p>K\u00f5rgus: kuni 1 m<\/p>\n<p>\u00d5itsemise aeg: VI-VII<\/p>\n<p>Talvekindlus: Talvekindel<\/p>\n<p>Poti suurus: 12-15<\/p>\n<p>&nbsp;<\/p>\n","protected":false},"featured_media":17686,"template":"","meta":{"_acf_changed":false,"_et_pb_use_builder":"","_et_pb_old_content":"","_et_gb_content_width":"","inline_featured_image":false},"product_brand":[],"product_cat":[186,200],"product_tag":[],"class_list":{"0":"post-17685","1":"product","2":"type-product","3":"status-publish","4":"has-post-thumbnail","6":"product_cat-maitse-ja-ravimtaimede-istikud","7":"product_cat-muud-maitsetaimed","9":"first","10":"instock","11":"taxable","12":"shipping-taxable","13":"purchasable","14":"product-type-simple"},"acf":[],"yoast_head":"<!-- This site is optimized with the Yoast SEO plugin v27.5 - https:\/\/yoast.com\/product\/yoast-seo-wordpress\/ -->\n<title>Harilik varemerohi Symphytum officinale - Tamme talu \u00fcrdiaed<\/title>\n<meta name=\"robots\" content=\"index, follow, max-snippet:-1, max-image-preview:large, max-video-preview:-1\" \/>\n<link rel=\"canonical\" href=\"https:\/\/tammetalu.eu\/toode\/harilik-varemerohi\/\" \/>\n<meta property=\"og:locale\" content=\"fi_FI\" \/>\n<meta property=\"og:type\" content=\"article\" \/>\n<meta property=\"og:title\" content=\"Harilik varemerohi Symphytum officinale - Tamme talu \u00fcrdiaed\" \/>\n<meta property=\"og:description\" content=\"LAT: \u00a0Symphytum officinale  ENG: \u00a0Comfrey  RU: O\u043a\u043e\u043f\u043d\u0438\u043a \u043b\u0435\u043a\u0430\u0440\u0441\u0442\u0432\u0435\u043d\u043d\u044b\u0439  FI: \u00a0Rohtoraunioyrtti  Lillade \u00f5ite ja roheliste veidi karedate lehtedega\u00a0kuni 1 m k\u00f5rgune talvekindel p\u00fcsik parasniiskesse kuni niiskesse kasvukohta.\u00a0Ei vaja aias mingit hoolt, pigem v\u00f5ib v\u00e4ga soodsas kasvukohas muutuda t\u00fclikaks paljunejaks, seep\u00e4rast sobib varemerohi h\u00e4sti suuremasse loodusaeda niiskemale kasvukohale, kus moodustab ilusaid tihedaid kogumikke. Kasvamiseks sobib p\u00e4ikeseline kuni poolvarjuline kasvukoht. Varemerohi saab hakkama ka kuivemas liivases mullas, siis ei ole taime levimine intensiivne.  V\u00e4rsket varemerohu niidet kasutatakse komposti valmimise kiirendamiseks ja taimede \u00fcmbruse mult\u0161imiseks. V\u00e4rsket varemerohtu kasutatakse kaaliumirikka taimse leotise valmistamiseks.  \u00d5itsemise ajal on varemerohi liblikate ja mesilaste t\u00f5eline lemmik ja v\u00e4ga hea meetaim.  Mitmetes maades kasutatakse varemerohu noori lehti varakevadise salatitaimena.  V\u00e4rskeid lehti ja eriti varemerohu juuri kasutatakse p\u00f5letushaavade, nahamarrastuste ja luumurdude paranemist soodustavate salvide, tinktuuride ning kreemide valmistamiseks. Varemerohust valmistatud preparaate ei panda vigastatud nahale ja lahtistele haavadele. Varemerohust valmistatud preparaate ei kasutata korraga kauem kui 4-6 n\u00e4dalat. Taime ei soovitata kasutada seespidiselt.  Varemerohu kasutamine on vastun\u00e4idustatud rasedatele ja imetavatele emadele ning lastele.  K\u00f5rgus: kuni 1 m  \u00d5itsemise aeg: VI-VII  Talvekindlus: Talvekindel  Poti suurus: 12-15  &nbsp;\" \/>\n<meta property=\"og:url\" content=\"https:\/\/tammetalu.eu\/toode\/harilik-varemerohi\/\" \/>\n<meta property=\"og:site_name\" content=\"Tamme talu \u00fcrdiaed\" \/>\n<meta property=\"article:publisher\" content=\"https:\/\/www.facebook.com\/TammeTaluUrdiaed\/?locale=et_EE\" \/>\n<meta property=\"article:modified_time\" content=\"2026-05-06T16:16:54+00:00\" \/>\n<meta property=\"og:image\" content=\"https:\/\/tammetalu.eu\/wp-content\/uploads\/2023\/04\/Harilik-varemerohi-Symphytum-officinale-tamme-talu-urdiaed.jpg\" \/>\n\t<meta property=\"og:image:width\" content=\"700\" \/>\n\t<meta property=\"og:image:height\" content=\"700\" \/>\n\t<meta property=\"og:image:type\" content=\"image\/jpeg\" \/>\n<meta name=\"twitter:card\" content=\"summary_large_image\" \/>\n<meta name=\"twitter:label1\" content=\"Arvioitu lukuaika\" \/>\n\t<meta name=\"twitter:data1\" content=\"1 minuutti\" \/>\n<script type=\"application\/ld+json\" class=\"yoast-schema-graph\">{\"@context\":\"https:\\\/\\\/schema.org\",\"@graph\":[{\"@type\":\"WebPage\",\"@id\":\"https:\\\/\\\/tammetalu.eu\\\/toode\\\/harilik-varemerohi\\\/\",\"url\":\"https:\\\/\\\/tammetalu.eu\\\/toode\\\/harilik-varemerohi\\\/\",\"name\":\"Harilik varemerohi Symphytum officinale - Tamme talu \u00fcrdiaed\",\"isPartOf\":{\"@id\":\"https:\\\/\\\/tammetalu.eu\\\/#website\"},\"primaryImageOfPage\":{\"@id\":\"https:\\\/\\\/tammetalu.eu\\\/toode\\\/harilik-varemerohi\\\/#primaryimage\"},\"image\":{\"@id\":\"https:\\\/\\\/tammetalu.eu\\\/toode\\\/harilik-varemerohi\\\/#primaryimage\"},\"thumbnailUrl\":\"https:\\\/\\\/tammetalu.eu\\\/wp-content\\\/uploads\\\/2023\\\/04\\\/Harilik-varemerohi-Symphytum-officinale-tamme-talu-urdiaed.jpg\",\"datePublished\":\"2023-04-11T12:21:59+00:00\",\"dateModified\":\"2026-05-06T16:16:54+00:00\",\"breadcrumb\":{\"@id\":\"https:\\\/\\\/tammetalu.eu\\\/toode\\\/harilik-varemerohi\\\/#breadcrumb\"},\"inLanguage\":\"fi\",\"potentialAction\":[{\"@type\":\"ReadAction\",\"target\":[\"https:\\\/\\\/tammetalu.eu\\\/toode\\\/harilik-varemerohi\\\/\"]}]},{\"@type\":\"ImageObject\",\"inLanguage\":\"fi\",\"@id\":\"https:\\\/\\\/tammetalu.eu\\\/toode\\\/harilik-varemerohi\\\/#primaryimage\",\"url\":\"https:\\\/\\\/tammetalu.eu\\\/wp-content\\\/uploads\\\/2023\\\/04\\\/Harilik-varemerohi-Symphytum-officinale-tamme-talu-urdiaed.jpg\",\"contentUrl\":\"https:\\\/\\\/tammetalu.eu\\\/wp-content\\\/uploads\\\/2023\\\/04\\\/Harilik-varemerohi-Symphytum-officinale-tamme-talu-urdiaed.jpg\",\"width\":700,\"height\":700,\"caption\":\"Harilik-varemerohi-Symphytum-officinale-tamme-talu-urdiaed\"},{\"@type\":\"BreadcrumbList\",\"@id\":\"https:\\\/\\\/tammetalu.eu\\\/toode\\\/harilik-varemerohi\\\/#breadcrumb\",\"itemListElement\":[{\"@type\":\"ListItem\",\"position\":1,\"name\":\"Home\",\"item\":\"https:\\\/\\\/tammetalu.eu\\\/fi\\\/etusivu\\\/\"},{\"@type\":\"ListItem\",\"position\":2,\"name\":\"Kaikki tuotteet\",\"item\":\"https:\\\/\\\/tammetalu.eu\\\/fi\\\/kaikki-tuotteet\\\/\"},{\"@type\":\"ListItem\",\"position\":3,\"name\":\"Harilik varemerohi Symphytum officinale\"}]},{\"@type\":\"WebSite\",\"@id\":\"https:\\\/\\\/tammetalu.eu\\\/#website\",\"url\":\"https:\\\/\\\/tammetalu.eu\\\/\",\"name\":\"Tamme talu \u00fcrdiaed\",\"description\":\"K\u00e4sit\u00f6\u00f6na valmistatud tooted \u00fcrtidest, \u00fcrdiistikud, \u00fcrtide kollektsioonaed\",\"publisher\":{\"@id\":\"https:\\\/\\\/tammetalu.eu\\\/#organization\"},\"alternateName\":\"Tamme talu\",\"potentialAction\":[{\"@type\":\"SearchAction\",\"target\":{\"@type\":\"EntryPoint\",\"urlTemplate\":\"https:\\\/\\\/tammetalu.eu\\\/?s={search_term_string}\"},\"query-input\":{\"@type\":\"PropertyValueSpecification\",\"valueRequired\":true,\"valueName\":\"search_term_string\"}}],\"inLanguage\":\"fi\"},{\"@type\":\"Organization\",\"@id\":\"https:\\\/\\\/tammetalu.eu\\\/#organization\",\"name\":\"Tamme talu \u00fcrdiaed\",\"alternateName\":\"Tamme talu\",\"url\":\"https:\\\/\\\/tammetalu.eu\\\/\",\"logo\":{\"@type\":\"ImageObject\",\"inLanguage\":\"fi\",\"@id\":\"https:\\\/\\\/tammetalu.eu\\\/#\\\/schema\\\/logo\\\/image\\\/\",\"url\":\"https:\\\/\\\/tammetalu.eu\\\/wp-content\\\/uploads\\\/2025\\\/01\\\/Tamme_talu_urdiaed.png\",\"contentUrl\":\"https:\\\/\\\/tammetalu.eu\\\/wp-content\\\/uploads\\\/2025\\\/01\\\/Tamme_talu_urdiaed.png\",\"width\":560,\"height\":560,\"caption\":\"Tamme talu \u00fcrdiaed\"},\"image\":{\"@id\":\"https:\\\/\\\/tammetalu.eu\\\/#\\\/schema\\\/logo\\\/image\\\/\"},\"sameAs\":[\"https:\\\/\\\/www.facebook.com\\\/TammeTaluUrdiaed\\\/?locale=et_EE\",\"https:\\\/\\\/www.instagram.com\\\/tammetaluurdiaed\\\/\"]}]}<\/script>\n<!-- \/ Yoast SEO plugin. -->","yoast_head_json":{"title":"Harilik varemerohi Symphytum officinale - Tamme talu \u00fcrdiaed","robots":{"index":"index","follow":"follow","max-snippet":"max-snippet:-1","max-image-preview":"max-image-preview:large","max-video-preview":"max-video-preview:-1"},"canonical":"https:\/\/tammetalu.eu\/toode\/harilik-varemerohi\/","og_locale":"fi_FI","og_type":"article","og_title":"Harilik varemerohi Symphytum officinale - Tamme talu \u00fcrdiaed","og_description":"LAT: \u00a0Symphytum officinale  ENG: \u00a0Comfrey  RU: O\u043a\u043e\u043f\u043d\u0438\u043a \u043b\u0435\u043a\u0430\u0440\u0441\u0442\u0432\u0435\u043d\u043d\u044b\u0439  FI: \u00a0Rohtoraunioyrtti  Lillade \u00f5ite ja roheliste veidi karedate lehtedega\u00a0kuni 1 m k\u00f5rgune talvekindel p\u00fcsik parasniiskesse kuni niiskesse kasvukohta.\u00a0Ei vaja aias mingit hoolt, pigem v\u00f5ib v\u00e4ga soodsas kasvukohas muutuda t\u00fclikaks paljunejaks, seep\u00e4rast sobib varemerohi h\u00e4sti suuremasse loodusaeda niiskemale kasvukohale, kus moodustab ilusaid tihedaid kogumikke. Kasvamiseks sobib p\u00e4ikeseline kuni poolvarjuline kasvukoht. Varemerohi saab hakkama ka kuivemas liivases mullas, siis ei ole taime levimine intensiivne.  V\u00e4rsket varemerohu niidet kasutatakse komposti valmimise kiirendamiseks ja taimede \u00fcmbruse mult\u0161imiseks. V\u00e4rsket varemerohtu kasutatakse kaaliumirikka taimse leotise valmistamiseks.  \u00d5itsemise ajal on varemerohi liblikate ja mesilaste t\u00f5eline lemmik ja v\u00e4ga hea meetaim.  Mitmetes maades kasutatakse varemerohu noori lehti varakevadise salatitaimena.  V\u00e4rskeid lehti ja eriti varemerohu juuri kasutatakse p\u00f5letushaavade, nahamarrastuste ja luumurdude paranemist soodustavate salvide, tinktuuride ning kreemide valmistamiseks. Varemerohust valmistatud preparaate ei panda vigastatud nahale ja lahtistele haavadele. Varemerohust valmistatud preparaate ei kasutata korraga kauem kui 4-6 n\u00e4dalat. Taime ei soovitata kasutada seespidiselt.  Varemerohu kasutamine on vastun\u00e4idustatud rasedatele ja imetavatele emadele ning lastele.  K\u00f5rgus: kuni 1 m  \u00d5itsemise aeg: VI-VII  Talvekindlus: Talvekindel  Poti suurus: 12-15  &nbsp;","og_url":"https:\/\/tammetalu.eu\/toode\/harilik-varemerohi\/","og_site_name":"Tamme talu \u00fcrdiaed","article_publisher":"https:\/\/www.facebook.com\/TammeTaluUrdiaed\/?locale=et_EE","article_modified_time":"2026-05-06T16:16:54+00:00","og_image":[{"width":700,"height":700,"url":"https:\/\/tammetalu.eu\/wp-content\/uploads\/2023\/04\/Harilik-varemerohi-Symphytum-officinale-tamme-talu-urdiaed.jpg","type":"image\/jpeg"}],"twitter_card":"summary_large_image","twitter_misc":{"Arvioitu lukuaika":"1 minuutti"},"schema":{"@context":"https:\/\/schema.org","@graph":[{"@type":"WebPage","@id":"https:\/\/tammetalu.eu\/toode\/harilik-varemerohi\/","url":"https:\/\/tammetalu.eu\/toode\/harilik-varemerohi\/","name":"Harilik varemerohi Symphytum officinale - Tamme talu \u00fcrdiaed","isPartOf":{"@id":"https:\/\/tammetalu.eu\/#website"},"primaryImageOfPage":{"@id":"https:\/\/tammetalu.eu\/toode\/harilik-varemerohi\/#primaryimage"},"image":{"@id":"https:\/\/tammetalu.eu\/toode\/harilik-varemerohi\/#primaryimage"},"thumbnailUrl":"https:\/\/tammetalu.eu\/wp-content\/uploads\/2023\/04\/Harilik-varemerohi-Symphytum-officinale-tamme-talu-urdiaed.jpg","datePublished":"2023-04-11T12:21:59+00:00","dateModified":"2026-05-06T16:16:54+00:00","breadcrumb":{"@id":"https:\/\/tammetalu.eu\/toode\/harilik-varemerohi\/#breadcrumb"},"inLanguage":"fi","potentialAction":[{"@type":"ReadAction","target":["https:\/\/tammetalu.eu\/toode\/harilik-varemerohi\/"]}]},{"@type":"ImageObject","inLanguage":"fi","@id":"https:\/\/tammetalu.eu\/toode\/harilik-varemerohi\/#primaryimage","url":"https:\/\/tammetalu.eu\/wp-content\/uploads\/2023\/04\/Harilik-varemerohi-Symphytum-officinale-tamme-talu-urdiaed.jpg","contentUrl":"https:\/\/tammetalu.eu\/wp-content\/uploads\/2023\/04\/Harilik-varemerohi-Symphytum-officinale-tamme-talu-urdiaed.jpg","width":700,"height":700,"caption":"Harilik-varemerohi-Symphytum-officinale-tamme-talu-urdiaed"},{"@type":"BreadcrumbList","@id":"https:\/\/tammetalu.eu\/toode\/harilik-varemerohi\/#breadcrumb","itemListElement":[{"@type":"ListItem","position":1,"name":"Home","item":"https:\/\/tammetalu.eu\/fi\/etusivu\/"},{"@type":"ListItem","position":2,"name":"Kaikki tuotteet","item":"https:\/\/tammetalu.eu\/fi\/kaikki-tuotteet\/"},{"@type":"ListItem","position":3,"name":"Harilik varemerohi Symphytum officinale"}]},{"@type":"WebSite","@id":"https:\/\/tammetalu.eu\/#website","url":"https:\/\/tammetalu.eu\/","name":"Tamme talu \u00fcrdiaed","description":"K\u00e4sit\u00f6\u00f6na valmistatud tooted \u00fcrtidest, \u00fcrdiistikud, \u00fcrtide kollektsioonaed","publisher":{"@id":"https:\/\/tammetalu.eu\/#organization"},"alternateName":"Tamme talu","potentialAction":[{"@type":"SearchAction","target":{"@type":"EntryPoint","urlTemplate":"https:\/\/tammetalu.eu\/?s={search_term_string}"},"query-input":{"@type":"PropertyValueSpecification","valueRequired":true,"valueName":"search_term_string"}}],"inLanguage":"fi"},{"@type":"Organization","@id":"https:\/\/tammetalu.eu\/#organization","name":"Tamme talu \u00fcrdiaed","alternateName":"Tamme talu","url":"https:\/\/tammetalu.eu\/","logo":{"@type":"ImageObject","inLanguage":"fi","@id":"https:\/\/tammetalu.eu\/#\/schema\/logo\/image\/","url":"https:\/\/tammetalu.eu\/wp-content\/uploads\/2025\/01\/Tamme_talu_urdiaed.png","contentUrl":"https:\/\/tammetalu.eu\/wp-content\/uploads\/2025\/01\/Tamme_talu_urdiaed.png","width":560,"height":560,"caption":"Tamme talu \u00fcrdiaed"},"image":{"@id":"https:\/\/tammetalu.eu\/#\/schema\/logo\/image\/"},"sameAs":["https:\/\/www.facebook.com\/TammeTaluUrdiaed\/?locale=et_EE","https:\/\/www.instagram.com\/tammetaluurdiaed\/"]}]}},"_links":{"self":[{"href":"https:\/\/tammetalu.eu\/fi\/wp-json\/wp\/v2\/product\/17685","targetHints":{"allow":["GET"]}}],"collection":[{"href":"https:\/\/tammetalu.eu\/fi\/wp-json\/wp\/v2\/product"}],"about":[{"href":"https:\/\/tammetalu.eu\/fi\/wp-json\/wp\/v2\/types\/product"}],"wp:featuredmedia":[{"embeddable":true,"href":"https:\/\/tammetalu.eu\/fi\/wp-json\/wp\/v2\/media\/17686"}],"wp:attachment":[{"href":"https:\/\/tammetalu.eu\/fi\/wp-json\/wp\/v2\/media?parent=17685"}],"wp:term":[{"taxonomy":"product_brand","embeddable":true,"href":"https:\/\/tammetalu.eu\/fi\/wp-json\/wp\/v2\/product_brand?post=17685"},{"taxonomy":"product_cat","embeddable":true,"href":"https:\/\/tammetalu.eu\/fi\/wp-json\/wp\/v2\/product_cat?post=17685"},{"taxonomy":"product_tag","embeddable":true,"href":"https:\/\/tammetalu.eu\/fi\/wp-json\/wp\/v2\/product_tag?post=17685"}],"curies":[{"name":"wp","href":"https:\/\/api.w.org\/{rel}","templated":true}]}}