{"id":17765,"date":"2023-04-11T18:20:22","date_gmt":"2023-04-11T15:20:22","guid":{"rendered":"https:\/\/tammetalu.eu\/?post_type=product&#038;p=17765"},"modified":"2026-05-07T15:51:55","modified_gmt":"2026-05-07T12:51:55","slug":"lamav-sanvitaalia-solaris-table","status":"publish","type":"product","link":"https:\/\/tammetalu.eu\/fi\/toode\/lamav-sanvitaalia-solaris-table\/","title":{"rendered":"Lamav sanvitaalia &#8221;Solaris Table&#8221;"},"content":{"rendered":"","protected":false},"excerpt":{"rendered":"<p><em>Sanvitalia-procumbens<\/em><\/p>\n<p>Lamav sanvitaalia on tuntud ka kui Mehhiko roomav tsinnia ja seda nimetatakse sageli miniatuurseks p\u00e4evalilleks. Populaarne poti- ja r\u00f5dutaim on tiheda laiuva kasvukujuga, millel areneb palju v\u00e4ikeseid p\u00e4ikesekollaseid tumeda s\u00fcdamikuga \u00f5isi. Lamav sanvitaalia on p\u00e4rit Kesk-Ameerikast, kus ta on levinud loodusliku taimena. On vastupidav ja kergesti hooldatav suvelill.<\/p>\n<p>Kui soovite lamavat sanvitaaliat istutada amplitesse, r\u00f5dukastidesse v\u00f5i pottidesse, \u00e4rge unustage istutada taimi nende anumate servadele, siis hakkavad taime v\u00f5rsed kenasti anuma \u00e4\u00e4rtelt alla rippuma. Lamav sanvitaalia ei ole oma hea vastupidavuse t\u00f5ttu vastuv\u00f5tlik vihmale ja tuulele.<\/p>\n<p>Ka istutussubstraadile ei esita taim erin\u00f5udeid.\u00a0Tavaliselt piisab, kui kasutate v\u00e4rsket ja toitaineterikast r\u00f5du- v\u00f5i potimulda. Huumuserikas liivane pinnas sobib ideaalselt ka lamava sanvitaalia kasvatamiseks.<\/p>\n<p>Mehhikos on lamav sanvitaalia ametlik ravimtaim, mida kasutatakse erinevate raviteede valmistamiseks. Taime kasutatakse maoprobleemide, nagu k\u00f5hulahtisus, d\u00fcsenteeria, seedeh\u00e4ired, k\u00f5huvalu ja oksendamise raviks.<\/p>\n","protected":false},"featured_media":17766,"template":"","meta":{"_acf_changed":false,"_et_pb_use_builder":"","_et_pb_old_content":"","_et_gb_content_width":"","inline_featured_image":false},"product_brand":[],"product_cat":[186,200,247],"product_tag":[],"class_list":{"0":"post-17765","1":"product","2":"type-product","3":"status-publish","4":"has-post-thumbnail","6":"product_cat-maitse-ja-ravimtaimede-istikud","7":"product_cat-muud-maitsetaimed","8":"product_cat-rohenappude-lemmikud","10":"first","11":"instock","12":"taxable","13":"shipping-taxable","14":"purchasable","15":"product-type-simple"},"acf":[],"yoast_head":"<!-- This site is optimized with the Yoast SEO plugin v27.5 - https:\/\/yoast.com\/product\/yoast-seo-wordpress\/ -->\n<title>Lamav sanvitaalia &quot;Solaris Table&quot; - Tamme talu \u00fcrdiaed<\/title>\n<meta name=\"robots\" content=\"index, follow, max-snippet:-1, max-image-preview:large, max-video-preview:-1\" \/>\n<link rel=\"canonical\" href=\"https:\/\/tammetalu.eu\/toode\/lamav-sanvitaalia-solaris-table\/\" \/>\n<meta property=\"og:locale\" content=\"fi_FI\" \/>\n<meta property=\"og:type\" content=\"article\" \/>\n<meta property=\"og:title\" content=\"Lamav sanvitaalia &quot;Solaris Table&quot; - Tamme talu \u00fcrdiaed\" \/>\n<meta property=\"og:description\" content=\"Sanvitalia-procumbens  Lamav sanvitaalia on tuntud ka kui Mehhiko roomav tsinnia ja seda nimetatakse sageli miniatuurseks p\u00e4evalilleks. Populaarne poti- ja r\u00f5dutaim on tiheda laiuva kasvukujuga, millel areneb palju v\u00e4ikeseid p\u00e4ikesekollaseid tumeda s\u00fcdamikuga \u00f5isi. Lamav sanvitaalia on p\u00e4rit Kesk-Ameerikast, kus ta on levinud loodusliku taimena. On vastupidav ja kergesti hooldatav suvelill.  Kui soovite lamavat sanvitaaliat istutada amplitesse, r\u00f5dukastidesse v\u00f5i pottidesse, \u00e4rge unustage istutada taimi nende anumate servadele, siis hakkavad taime v\u00f5rsed kenasti anuma \u00e4\u00e4rtelt alla rippuma. Lamav sanvitaalia ei ole oma hea vastupidavuse t\u00f5ttu vastuv\u00f5tlik vihmale ja tuulele.  Ka istutussubstraadile ei esita taim erin\u00f5udeid.\u00a0Tavaliselt piisab, kui kasutate v\u00e4rsket ja toitaineterikast r\u00f5du- v\u00f5i potimulda. Huumuserikas liivane pinnas sobib ideaalselt ka lamava sanvitaalia kasvatamiseks.  Mehhikos on lamav sanvitaalia ametlik ravimtaim, mida kasutatakse erinevate raviteede valmistamiseks. Taime kasutatakse maoprobleemide, nagu k\u00f5hulahtisus, d\u00fcsenteeria, seedeh\u00e4ired, k\u00f5huvalu ja oksendamise raviks.\" \/>\n<meta property=\"og:url\" content=\"https:\/\/tammetalu.eu\/toode\/lamav-sanvitaalia-solaris-table\/\" \/>\n<meta property=\"og:site_name\" content=\"Tamme talu \u00fcrdiaed\" \/>\n<meta property=\"article:publisher\" content=\"https:\/\/www.facebook.com\/TammeTaluUrdiaed\/?locale=et_EE\" \/>\n<meta property=\"article:modified_time\" content=\"2026-05-07T12:51:55+00:00\" \/>\n<meta property=\"og:image\" content=\"https:\/\/tammetalu.eu\/wp-content\/uploads\/2023\/04\/Lamav-sanvitaalia-Sanvitalia-procumbens-tamme-talu-urdiaed.jpg\" \/>\n\t<meta property=\"og:image:width\" content=\"449\" \/>\n\t<meta property=\"og:image:height\" content=\"449\" \/>\n\t<meta property=\"og:image:type\" content=\"image\/jpeg\" \/>\n<meta name=\"twitter:card\" content=\"summary_large_image\" \/>\n<meta name=\"twitter:label1\" content=\"Arvioitu lukuaika\" \/>\n\t<meta name=\"twitter:data1\" content=\"1 minuutti\" \/>\n<script type=\"application\/ld+json\" class=\"yoast-schema-graph\">{\"@context\":\"https:\\\/\\\/schema.org\",\"@graph\":[{\"@type\":\"WebPage\",\"@id\":\"https:\\\/\\\/tammetalu.eu\\\/toode\\\/lamav-sanvitaalia-solaris-table\\\/\",\"url\":\"https:\\\/\\\/tammetalu.eu\\\/toode\\\/lamav-sanvitaalia-solaris-table\\\/\",\"name\":\"Lamav sanvitaalia \\\"Solaris Table\\\" - Tamme talu \u00fcrdiaed\",\"isPartOf\":{\"@id\":\"https:\\\/\\\/tammetalu.eu\\\/#website\"},\"primaryImageOfPage\":{\"@id\":\"https:\\\/\\\/tammetalu.eu\\\/toode\\\/lamav-sanvitaalia-solaris-table\\\/#primaryimage\"},\"image\":{\"@id\":\"https:\\\/\\\/tammetalu.eu\\\/toode\\\/lamav-sanvitaalia-solaris-table\\\/#primaryimage\"},\"thumbnailUrl\":\"https:\\\/\\\/tammetalu.eu\\\/wp-content\\\/uploads\\\/2023\\\/04\\\/Lamav-sanvitaalia-Sanvitalia-procumbens-tamme-talu-urdiaed.jpg\",\"datePublished\":\"2023-04-11T15:20:22+00:00\",\"dateModified\":\"2026-05-07T12:51:55+00:00\",\"breadcrumb\":{\"@id\":\"https:\\\/\\\/tammetalu.eu\\\/toode\\\/lamav-sanvitaalia-solaris-table\\\/#breadcrumb\"},\"inLanguage\":\"fi\",\"potentialAction\":[{\"@type\":\"ReadAction\",\"target\":[\"https:\\\/\\\/tammetalu.eu\\\/toode\\\/lamav-sanvitaalia-solaris-table\\\/\"]}]},{\"@type\":\"ImageObject\",\"inLanguage\":\"fi\",\"@id\":\"https:\\\/\\\/tammetalu.eu\\\/toode\\\/lamav-sanvitaalia-solaris-table\\\/#primaryimage\",\"url\":\"https:\\\/\\\/tammetalu.eu\\\/wp-content\\\/uploads\\\/2023\\\/04\\\/Lamav-sanvitaalia-Sanvitalia-procumbens-tamme-talu-urdiaed.jpg\",\"contentUrl\":\"https:\\\/\\\/tammetalu.eu\\\/wp-content\\\/uploads\\\/2023\\\/04\\\/Lamav-sanvitaalia-Sanvitalia-procumbens-tamme-talu-urdiaed.jpg\",\"width\":449,\"height\":449,\"caption\":\"Lamav-sanvitaalia-Sanvitalia-procumbens-tamme-talu-urdiaed\"},{\"@type\":\"BreadcrumbList\",\"@id\":\"https:\\\/\\\/tammetalu.eu\\\/toode\\\/lamav-sanvitaalia-solaris-table\\\/#breadcrumb\",\"itemListElement\":[{\"@type\":\"ListItem\",\"position\":1,\"name\":\"Home\",\"item\":\"https:\\\/\\\/tammetalu.eu\\\/fi\\\/etusivu\\\/\"},{\"@type\":\"ListItem\",\"position\":2,\"name\":\"Kaikki tuotteet\",\"item\":\"https:\\\/\\\/tammetalu.eu\\\/fi\\\/kaikki-tuotteet\\\/\"},{\"@type\":\"ListItem\",\"position\":3,\"name\":\"Lamav sanvitaalia &#8220;Solaris Table&#8221;\"}]},{\"@type\":\"WebSite\",\"@id\":\"https:\\\/\\\/tammetalu.eu\\\/#website\",\"url\":\"https:\\\/\\\/tammetalu.eu\\\/\",\"name\":\"Tamme talu \u00fcrdiaed\",\"description\":\"K\u00e4sit\u00f6\u00f6na valmistatud tooted \u00fcrtidest, \u00fcrdiistikud, \u00fcrtide kollektsioonaed\",\"publisher\":{\"@id\":\"https:\\\/\\\/tammetalu.eu\\\/#organization\"},\"alternateName\":\"Tamme talu\",\"potentialAction\":[{\"@type\":\"SearchAction\",\"target\":{\"@type\":\"EntryPoint\",\"urlTemplate\":\"https:\\\/\\\/tammetalu.eu\\\/?s={search_term_string}\"},\"query-input\":{\"@type\":\"PropertyValueSpecification\",\"valueRequired\":true,\"valueName\":\"search_term_string\"}}],\"inLanguage\":\"fi\"},{\"@type\":\"Organization\",\"@id\":\"https:\\\/\\\/tammetalu.eu\\\/#organization\",\"name\":\"Tamme talu \u00fcrdiaed\",\"alternateName\":\"Tamme talu\",\"url\":\"https:\\\/\\\/tammetalu.eu\\\/\",\"logo\":{\"@type\":\"ImageObject\",\"inLanguage\":\"fi\",\"@id\":\"https:\\\/\\\/tammetalu.eu\\\/#\\\/schema\\\/logo\\\/image\\\/\",\"url\":\"https:\\\/\\\/tammetalu.eu\\\/wp-content\\\/uploads\\\/2025\\\/01\\\/Tamme_talu_urdiaed.png\",\"contentUrl\":\"https:\\\/\\\/tammetalu.eu\\\/wp-content\\\/uploads\\\/2025\\\/01\\\/Tamme_talu_urdiaed.png\",\"width\":560,\"height\":560,\"caption\":\"Tamme talu \u00fcrdiaed\"},\"image\":{\"@id\":\"https:\\\/\\\/tammetalu.eu\\\/#\\\/schema\\\/logo\\\/image\\\/\"},\"sameAs\":[\"https:\\\/\\\/www.facebook.com\\\/TammeTaluUrdiaed\\\/?locale=et_EE\",\"https:\\\/\\\/www.instagram.com\\\/tammetaluurdiaed\\\/\"]}]}<\/script>\n<!-- \/ Yoast SEO plugin. -->","yoast_head_json":{"title":"Lamav sanvitaalia \"Solaris Table\" - Tamme talu \u00fcrdiaed","robots":{"index":"index","follow":"follow","max-snippet":"max-snippet:-1","max-image-preview":"max-image-preview:large","max-video-preview":"max-video-preview:-1"},"canonical":"https:\/\/tammetalu.eu\/toode\/lamav-sanvitaalia-solaris-table\/","og_locale":"fi_FI","og_type":"article","og_title":"Lamav sanvitaalia \"Solaris Table\" - Tamme talu \u00fcrdiaed","og_description":"Sanvitalia-procumbens  Lamav sanvitaalia on tuntud ka kui Mehhiko roomav tsinnia ja seda nimetatakse sageli miniatuurseks p\u00e4evalilleks. Populaarne poti- ja r\u00f5dutaim on tiheda laiuva kasvukujuga, millel areneb palju v\u00e4ikeseid p\u00e4ikesekollaseid tumeda s\u00fcdamikuga \u00f5isi. Lamav sanvitaalia on p\u00e4rit Kesk-Ameerikast, kus ta on levinud loodusliku taimena. On vastupidav ja kergesti hooldatav suvelill.  Kui soovite lamavat sanvitaaliat istutada amplitesse, r\u00f5dukastidesse v\u00f5i pottidesse, \u00e4rge unustage istutada taimi nende anumate servadele, siis hakkavad taime v\u00f5rsed kenasti anuma \u00e4\u00e4rtelt alla rippuma. Lamav sanvitaalia ei ole oma hea vastupidavuse t\u00f5ttu vastuv\u00f5tlik vihmale ja tuulele.  Ka istutussubstraadile ei esita taim erin\u00f5udeid.\u00a0Tavaliselt piisab, kui kasutate v\u00e4rsket ja toitaineterikast r\u00f5du- v\u00f5i potimulda. Huumuserikas liivane pinnas sobib ideaalselt ka lamava sanvitaalia kasvatamiseks.  Mehhikos on lamav sanvitaalia ametlik ravimtaim, mida kasutatakse erinevate raviteede valmistamiseks. Taime kasutatakse maoprobleemide, nagu k\u00f5hulahtisus, d\u00fcsenteeria, seedeh\u00e4ired, k\u00f5huvalu ja oksendamise raviks.","og_url":"https:\/\/tammetalu.eu\/toode\/lamav-sanvitaalia-solaris-table\/","og_site_name":"Tamme talu \u00fcrdiaed","article_publisher":"https:\/\/www.facebook.com\/TammeTaluUrdiaed\/?locale=et_EE","article_modified_time":"2026-05-07T12:51:55+00:00","og_image":[{"width":449,"height":449,"url":"https:\/\/tammetalu.eu\/wp-content\/uploads\/2023\/04\/Lamav-sanvitaalia-Sanvitalia-procumbens-tamme-talu-urdiaed.jpg","type":"image\/jpeg"}],"twitter_card":"summary_large_image","twitter_misc":{"Arvioitu lukuaika":"1 minuutti"},"schema":{"@context":"https:\/\/schema.org","@graph":[{"@type":"WebPage","@id":"https:\/\/tammetalu.eu\/toode\/lamav-sanvitaalia-solaris-table\/","url":"https:\/\/tammetalu.eu\/toode\/lamav-sanvitaalia-solaris-table\/","name":"Lamav sanvitaalia \"Solaris Table\" - Tamme talu \u00fcrdiaed","isPartOf":{"@id":"https:\/\/tammetalu.eu\/#website"},"primaryImageOfPage":{"@id":"https:\/\/tammetalu.eu\/toode\/lamav-sanvitaalia-solaris-table\/#primaryimage"},"image":{"@id":"https:\/\/tammetalu.eu\/toode\/lamav-sanvitaalia-solaris-table\/#primaryimage"},"thumbnailUrl":"https:\/\/tammetalu.eu\/wp-content\/uploads\/2023\/04\/Lamav-sanvitaalia-Sanvitalia-procumbens-tamme-talu-urdiaed.jpg","datePublished":"2023-04-11T15:20:22+00:00","dateModified":"2026-05-07T12:51:55+00:00","breadcrumb":{"@id":"https:\/\/tammetalu.eu\/toode\/lamav-sanvitaalia-solaris-table\/#breadcrumb"},"inLanguage":"fi","potentialAction":[{"@type":"ReadAction","target":["https:\/\/tammetalu.eu\/toode\/lamav-sanvitaalia-solaris-table\/"]}]},{"@type":"ImageObject","inLanguage":"fi","@id":"https:\/\/tammetalu.eu\/toode\/lamav-sanvitaalia-solaris-table\/#primaryimage","url":"https:\/\/tammetalu.eu\/wp-content\/uploads\/2023\/04\/Lamav-sanvitaalia-Sanvitalia-procumbens-tamme-talu-urdiaed.jpg","contentUrl":"https:\/\/tammetalu.eu\/wp-content\/uploads\/2023\/04\/Lamav-sanvitaalia-Sanvitalia-procumbens-tamme-talu-urdiaed.jpg","width":449,"height":449,"caption":"Lamav-sanvitaalia-Sanvitalia-procumbens-tamme-talu-urdiaed"},{"@type":"BreadcrumbList","@id":"https:\/\/tammetalu.eu\/toode\/lamav-sanvitaalia-solaris-table\/#breadcrumb","itemListElement":[{"@type":"ListItem","position":1,"name":"Home","item":"https:\/\/tammetalu.eu\/fi\/etusivu\/"},{"@type":"ListItem","position":2,"name":"Kaikki tuotteet","item":"https:\/\/tammetalu.eu\/fi\/kaikki-tuotteet\/"},{"@type":"ListItem","position":3,"name":"Lamav sanvitaalia &#8220;Solaris Table&#8221;"}]},{"@type":"WebSite","@id":"https:\/\/tammetalu.eu\/#website","url":"https:\/\/tammetalu.eu\/","name":"Tamme talu \u00fcrdiaed","description":"K\u00e4sit\u00f6\u00f6na valmistatud tooted \u00fcrtidest, \u00fcrdiistikud, \u00fcrtide kollektsioonaed","publisher":{"@id":"https:\/\/tammetalu.eu\/#organization"},"alternateName":"Tamme talu","potentialAction":[{"@type":"SearchAction","target":{"@type":"EntryPoint","urlTemplate":"https:\/\/tammetalu.eu\/?s={search_term_string}"},"query-input":{"@type":"PropertyValueSpecification","valueRequired":true,"valueName":"search_term_string"}}],"inLanguage":"fi"},{"@type":"Organization","@id":"https:\/\/tammetalu.eu\/#organization","name":"Tamme talu \u00fcrdiaed","alternateName":"Tamme talu","url":"https:\/\/tammetalu.eu\/","logo":{"@type":"ImageObject","inLanguage":"fi","@id":"https:\/\/tammetalu.eu\/#\/schema\/logo\/image\/","url":"https:\/\/tammetalu.eu\/wp-content\/uploads\/2025\/01\/Tamme_talu_urdiaed.png","contentUrl":"https:\/\/tammetalu.eu\/wp-content\/uploads\/2025\/01\/Tamme_talu_urdiaed.png","width":560,"height":560,"caption":"Tamme talu \u00fcrdiaed"},"image":{"@id":"https:\/\/tammetalu.eu\/#\/schema\/logo\/image\/"},"sameAs":["https:\/\/www.facebook.com\/TammeTaluUrdiaed\/?locale=et_EE","https:\/\/www.instagram.com\/tammetaluurdiaed\/"]}]}},"_links":{"self":[{"href":"https:\/\/tammetalu.eu\/fi\/wp-json\/wp\/v2\/product\/17765","targetHints":{"allow":["GET"]}}],"collection":[{"href":"https:\/\/tammetalu.eu\/fi\/wp-json\/wp\/v2\/product"}],"about":[{"href":"https:\/\/tammetalu.eu\/fi\/wp-json\/wp\/v2\/types\/product"}],"wp:featuredmedia":[{"embeddable":true,"href":"https:\/\/tammetalu.eu\/fi\/wp-json\/wp\/v2\/media\/17766"}],"wp:attachment":[{"href":"https:\/\/tammetalu.eu\/fi\/wp-json\/wp\/v2\/media?parent=17765"}],"wp:term":[{"taxonomy":"product_brand","embeddable":true,"href":"https:\/\/tammetalu.eu\/fi\/wp-json\/wp\/v2\/product_brand?post=17765"},{"taxonomy":"product_cat","embeddable":true,"href":"https:\/\/tammetalu.eu\/fi\/wp-json\/wp\/v2\/product_cat?post=17765"},{"taxonomy":"product_tag","embeddable":true,"href":"https:\/\/tammetalu.eu\/fi\/wp-json\/wp\/v2\/product_tag?post=17765"}],"curies":[{"name":"wp","href":"https:\/\/api.w.org\/{rel}","templated":true}]}}