{"id":17780,"date":"2023-04-11T18:28:59","date_gmt":"2023-04-11T15:28:59","guid":{"rendered":"https:\/\/tammetalu.eu\/?post_type=product&#038;p=17780"},"modified":"2026-05-08T12:21:38","modified_gmt":"2026-05-08T09:21:38","slug":"maasikamaitseline-munt-almira","status":"publish","type":"product","link":"https:\/\/tammetalu.eu\/fi\/toode\/maasikamaitseline-munt-almira\/","title":{"rendered":"Maasikam\u00fcnt Mentha spicata &#8221;Almira&#8221;"},"content":{"rendered":"","protected":false},"excerpt":{"rendered":"<p>LAT:\u00a0 <em>Mentha spicata<\/em><\/p>\n<p>ENG: Strawberry mint<\/p>\n<p>RU:\u00a0 \u041a\u043b\u0443\u0431\u043d\u0438\u0447\u043d\u0430\u044f \u043c\u044f\u0442\u0430<\/p>\n<p>FI: Mansikan minttu<\/p>\n<p>Rohem\u00fcndi sort \u201cAlmira\u201d l\u00f5hnabki nagu maasikas m\u00fcndiga.<\/p>\n<p>Taim on v\u00f5rreldes teiste m\u00fcntidega suhteliselt v\u00e4heldase kasvuga, sirgudes kuni 25 cm k\u00f5rguseni. Lehed helerohelised ja veidi krobelised, \u00f5isikud v\u00e4ikesed valkjad. Talvekindlus suhteliselt hea.<\/p>\n<p>Sobib magustoitude ja jookide kaunistamiseks ja maitsestamiseks. Lihatoitudele ja soolastele roogadele sobib m\u00f5ni tugevama m\u00fcndi maitsega isend paremini. Ja lastele meeldib maasikam\u00fcnt &#8221;Almira&#8221; v\u00e4ga.<\/p>\n<p>Paljundada saab k\u00f5ige h\u00f5lpsamalt risoomide t\u00fckeldamisegs. Sobilik sort kasvatamiseks r\u00f5dukastides, pottides ning anumates. V\u00e4ga k\u00fclmal lumeta talvel v\u00f5iks taime katta kuuseokste, kuivade puulehtede v\u00f5i turbaga<\/p>\n<p>Maitsetaimena sobib kasutamiseks nii soolastes kui magusates roogades ja mahedamaitselise tee valmistamiseks.<\/p>\n<p>Rahvameditsiinis kasutatakse m\u00fcnditeed \u00f5htul rahustavaks joogiks. Aitab k\u00f5hupuhituse korral, sobib \u00f5htul rahustavaks teeks ka neile inimestele, kes rohem\u00fcnti ja piparm\u00fcnti liiga tugevamaitseliseks peavad.<\/p>\n<p>K\u00f5rgus: kuni 0,25 m<\/p>\n<p>\u00d5itsemise aeg: VI-VII<\/p>\n<p>Talvekindlus: Talvekindel<\/p>\n<p>Poti suurus : 9-12<\/p>\n<p>&nbsp;<\/p>\n","protected":false},"featured_media":17781,"template":"","meta":{"_acf_changed":false,"_et_pb_use_builder":"","_et_pb_old_content":"","_et_gb_content_width":"","inline_featured_image":false},"product_brand":[],"product_cat":[186,192,247],"product_tag":[],"class_list":{"0":"post-17780","1":"product","2":"type-product","3":"status-publish","4":"has-post-thumbnail","6":"product_cat-maitse-ja-ravimtaimede-istikud","7":"product_cat-mundid","8":"product_cat-rohenappude-lemmikud","10":"first","11":"instock","12":"taxable","13":"shipping-taxable","14":"purchasable","15":"product-type-simple"},"acf":[],"yoast_head":"<!-- This site is optimized with the Yoast SEO plugin v27.5 - https:\/\/yoast.com\/product\/yoast-seo-wordpress\/ -->\n<title>Maasikam\u00fcnt Mentha spicata &quot;Almira&quot; - Tamme talu \u00fcrdiaed<\/title>\n<meta name=\"robots\" content=\"index, follow, max-snippet:-1, max-image-preview:large, max-video-preview:-1\" \/>\n<link rel=\"canonical\" href=\"https:\/\/tammetalu.eu\/toode\/maasikamaitseline-munt-almira\/\" \/>\n<meta property=\"og:locale\" content=\"fi_FI\" \/>\n<meta property=\"og:type\" content=\"article\" \/>\n<meta property=\"og:title\" content=\"Maasikam\u00fcnt Mentha spicata &quot;Almira&quot; - Tamme talu \u00fcrdiaed\" \/>\n<meta property=\"og:description\" content=\"LAT:\u00a0 Mentha spicata  ENG: Strawberry mint  RU:\u00a0 \u041a\u043b\u0443\u0431\u043d\u0438\u0447\u043d\u0430\u044f \u043c\u044f\u0442\u0430  FI: Mansikan minttu  Rohem\u00fcndi sort \u201cAlmira\u201d l\u00f5hnabki nagu maasikas m\u00fcndiga.  Taim on v\u00f5rreldes teiste m\u00fcntidega suhteliselt v\u00e4heldase kasvuga, sirgudes kuni 25 cm k\u00f5rguseni. Lehed helerohelised ja veidi krobelised, \u00f5isikud v\u00e4ikesed valkjad. Talvekindlus suhteliselt hea.  Sobib magustoitude ja jookide kaunistamiseks ja maitsestamiseks. Lihatoitudele ja soolastele roogadele sobib m\u00f5ni tugevama m\u00fcndi maitsega isend paremini. Ja lastele meeldib maasikam\u00fcnt &quot;Almira&quot; v\u00e4ga.  Paljundada saab k\u00f5ige h\u00f5lpsamalt risoomide t\u00fckeldamisegs. Sobilik sort kasvatamiseks r\u00f5dukastides, pottides ning anumates. V\u00e4ga k\u00fclmal lumeta talvel v\u00f5iks taime katta kuuseokste, kuivade puulehtede v\u00f5i turbaga  Maitsetaimena sobib kasutamiseks nii soolastes kui magusates roogades ja mahedamaitselise tee valmistamiseks.  Rahvameditsiinis kasutatakse m\u00fcnditeed \u00f5htul rahustavaks joogiks. Aitab k\u00f5hupuhituse korral, sobib \u00f5htul rahustavaks teeks ka neile inimestele, kes rohem\u00fcnti ja piparm\u00fcnti liiga tugevamaitseliseks peavad.  K\u00f5rgus: kuni 0,25 m  \u00d5itsemise aeg: VI-VII  Talvekindlus: Talvekindel  Poti suurus : 9-12  &nbsp;\" \/>\n<meta property=\"og:url\" content=\"https:\/\/tammetalu.eu\/toode\/maasikamaitseline-munt-almira\/\" \/>\n<meta property=\"og:site_name\" content=\"Tamme talu \u00fcrdiaed\" \/>\n<meta property=\"article:publisher\" content=\"https:\/\/www.facebook.com\/TammeTaluUrdiaed\/?locale=et_EE\" \/>\n<meta property=\"article:modified_time\" content=\"2026-05-08T09:21:38+00:00\" \/>\n<meta property=\"og:image\" content=\"https:\/\/tammetalu.eu\/wp-content\/uploads\/2023\/04\/Maasikamaitseline-munt-Mentha_species_Almira_tamme_talu_urdiaed.jpg\" \/>\n\t<meta property=\"og:image:width\" content=\"700\" \/>\n\t<meta property=\"og:image:height\" content=\"678\" \/>\n\t<meta property=\"og:image:type\" content=\"image\/jpeg\" \/>\n<meta name=\"twitter:card\" content=\"summary_large_image\" \/>\n<meta name=\"twitter:label1\" content=\"Arvioitu lukuaika\" \/>\n\t<meta name=\"twitter:data1\" content=\"1 minuutti\" \/>\n<script type=\"application\/ld+json\" class=\"yoast-schema-graph\">{\"@context\":\"https:\\\/\\\/schema.org\",\"@graph\":[{\"@type\":\"WebPage\",\"@id\":\"https:\\\/\\\/tammetalu.eu\\\/toode\\\/maasikamaitseline-munt-almira\\\/\",\"url\":\"https:\\\/\\\/tammetalu.eu\\\/toode\\\/maasikamaitseline-munt-almira\\\/\",\"name\":\"Maasikam\u00fcnt Mentha spicata \\\"Almira\\\" - Tamme talu \u00fcrdiaed\",\"isPartOf\":{\"@id\":\"https:\\\/\\\/tammetalu.eu\\\/#website\"},\"primaryImageOfPage\":{\"@id\":\"https:\\\/\\\/tammetalu.eu\\\/toode\\\/maasikamaitseline-munt-almira\\\/#primaryimage\"},\"image\":{\"@id\":\"https:\\\/\\\/tammetalu.eu\\\/toode\\\/maasikamaitseline-munt-almira\\\/#primaryimage\"},\"thumbnailUrl\":\"https:\\\/\\\/tammetalu.eu\\\/wp-content\\\/uploads\\\/2023\\\/04\\\/Maasikamaitseline-munt-Mentha_species_Almira_tamme_talu_urdiaed.jpg\",\"datePublished\":\"2023-04-11T15:28:59+00:00\",\"dateModified\":\"2026-05-08T09:21:38+00:00\",\"breadcrumb\":{\"@id\":\"https:\\\/\\\/tammetalu.eu\\\/toode\\\/maasikamaitseline-munt-almira\\\/#breadcrumb\"},\"inLanguage\":\"fi\",\"potentialAction\":[{\"@type\":\"ReadAction\",\"target\":[\"https:\\\/\\\/tammetalu.eu\\\/toode\\\/maasikamaitseline-munt-almira\\\/\"]}]},{\"@type\":\"ImageObject\",\"inLanguage\":\"fi\",\"@id\":\"https:\\\/\\\/tammetalu.eu\\\/toode\\\/maasikamaitseline-munt-almira\\\/#primaryimage\",\"url\":\"https:\\\/\\\/tammetalu.eu\\\/wp-content\\\/uploads\\\/2023\\\/04\\\/Maasikamaitseline-munt-Mentha_species_Almira_tamme_talu_urdiaed.jpg\",\"contentUrl\":\"https:\\\/\\\/tammetalu.eu\\\/wp-content\\\/uploads\\\/2023\\\/04\\\/Maasikamaitseline-munt-Mentha_species_Almira_tamme_talu_urdiaed.jpg\",\"width\":700,\"height\":678,\"caption\":\"Maasikamaitseline-munt-Mentha_species_Almira_tamme_talu_urdiaed\"},{\"@type\":\"BreadcrumbList\",\"@id\":\"https:\\\/\\\/tammetalu.eu\\\/toode\\\/maasikamaitseline-munt-almira\\\/#breadcrumb\",\"itemListElement\":[{\"@type\":\"ListItem\",\"position\":1,\"name\":\"Home\",\"item\":\"https:\\\/\\\/tammetalu.eu\\\/fi\\\/etusivu\\\/\"},{\"@type\":\"ListItem\",\"position\":2,\"name\":\"Kaikki tuotteet\",\"item\":\"https:\\\/\\\/tammetalu.eu\\\/fi\\\/kaikki-tuotteet\\\/\"},{\"@type\":\"ListItem\",\"position\":3,\"name\":\"Maasikam\u00fcnt Mentha spicata &#8220;Almira&#8221;\"}]},{\"@type\":\"WebSite\",\"@id\":\"https:\\\/\\\/tammetalu.eu\\\/#website\",\"url\":\"https:\\\/\\\/tammetalu.eu\\\/\",\"name\":\"Tamme talu \u00fcrdiaed\",\"description\":\"K\u00e4sit\u00f6\u00f6na valmistatud tooted \u00fcrtidest, \u00fcrdiistikud, \u00fcrtide kollektsioonaed\",\"publisher\":{\"@id\":\"https:\\\/\\\/tammetalu.eu\\\/#organization\"},\"alternateName\":\"Tamme talu\",\"potentialAction\":[{\"@type\":\"SearchAction\",\"target\":{\"@type\":\"EntryPoint\",\"urlTemplate\":\"https:\\\/\\\/tammetalu.eu\\\/?s={search_term_string}\"},\"query-input\":{\"@type\":\"PropertyValueSpecification\",\"valueRequired\":true,\"valueName\":\"search_term_string\"}}],\"inLanguage\":\"fi\"},{\"@type\":\"Organization\",\"@id\":\"https:\\\/\\\/tammetalu.eu\\\/#organization\",\"name\":\"Tamme talu \u00fcrdiaed\",\"alternateName\":\"Tamme talu\",\"url\":\"https:\\\/\\\/tammetalu.eu\\\/\",\"logo\":{\"@type\":\"ImageObject\",\"inLanguage\":\"fi\",\"@id\":\"https:\\\/\\\/tammetalu.eu\\\/#\\\/schema\\\/logo\\\/image\\\/\",\"url\":\"https:\\\/\\\/tammetalu.eu\\\/wp-content\\\/uploads\\\/2025\\\/01\\\/Tamme_talu_urdiaed.png\",\"contentUrl\":\"https:\\\/\\\/tammetalu.eu\\\/wp-content\\\/uploads\\\/2025\\\/01\\\/Tamme_talu_urdiaed.png\",\"width\":560,\"height\":560,\"caption\":\"Tamme talu \u00fcrdiaed\"},\"image\":{\"@id\":\"https:\\\/\\\/tammetalu.eu\\\/#\\\/schema\\\/logo\\\/image\\\/\"},\"sameAs\":[\"https:\\\/\\\/www.facebook.com\\\/TammeTaluUrdiaed\\\/?locale=et_EE\",\"https:\\\/\\\/www.instagram.com\\\/tammetaluurdiaed\\\/\"]}]}<\/script>\n<!-- \/ Yoast SEO plugin. -->","yoast_head_json":{"title":"Maasikam\u00fcnt Mentha spicata \"Almira\" - Tamme talu \u00fcrdiaed","robots":{"index":"index","follow":"follow","max-snippet":"max-snippet:-1","max-image-preview":"max-image-preview:large","max-video-preview":"max-video-preview:-1"},"canonical":"https:\/\/tammetalu.eu\/toode\/maasikamaitseline-munt-almira\/","og_locale":"fi_FI","og_type":"article","og_title":"Maasikam\u00fcnt Mentha spicata \"Almira\" - Tamme talu \u00fcrdiaed","og_description":"LAT:\u00a0 Mentha spicata  ENG: Strawberry mint  RU:\u00a0 \u041a\u043b\u0443\u0431\u043d\u0438\u0447\u043d\u0430\u044f \u043c\u044f\u0442\u0430  FI: Mansikan minttu  Rohem\u00fcndi sort \u201cAlmira\u201d l\u00f5hnabki nagu maasikas m\u00fcndiga.  Taim on v\u00f5rreldes teiste m\u00fcntidega suhteliselt v\u00e4heldase kasvuga, sirgudes kuni 25 cm k\u00f5rguseni. Lehed helerohelised ja veidi krobelised, \u00f5isikud v\u00e4ikesed valkjad. Talvekindlus suhteliselt hea.  Sobib magustoitude ja jookide kaunistamiseks ja maitsestamiseks. Lihatoitudele ja soolastele roogadele sobib m\u00f5ni tugevama m\u00fcndi maitsega isend paremini. Ja lastele meeldib maasikam\u00fcnt \"Almira\" v\u00e4ga.  Paljundada saab k\u00f5ige h\u00f5lpsamalt risoomide t\u00fckeldamisegs. Sobilik sort kasvatamiseks r\u00f5dukastides, pottides ning anumates. V\u00e4ga k\u00fclmal lumeta talvel v\u00f5iks taime katta kuuseokste, kuivade puulehtede v\u00f5i turbaga  Maitsetaimena sobib kasutamiseks nii soolastes kui magusates roogades ja mahedamaitselise tee valmistamiseks.  Rahvameditsiinis kasutatakse m\u00fcnditeed \u00f5htul rahustavaks joogiks. Aitab k\u00f5hupuhituse korral, sobib \u00f5htul rahustavaks teeks ka neile inimestele, kes rohem\u00fcnti ja piparm\u00fcnti liiga tugevamaitseliseks peavad.  K\u00f5rgus: kuni 0,25 m  \u00d5itsemise aeg: VI-VII  Talvekindlus: Talvekindel  Poti suurus : 9-12  &nbsp;","og_url":"https:\/\/tammetalu.eu\/toode\/maasikamaitseline-munt-almira\/","og_site_name":"Tamme talu \u00fcrdiaed","article_publisher":"https:\/\/www.facebook.com\/TammeTaluUrdiaed\/?locale=et_EE","article_modified_time":"2026-05-08T09:21:38+00:00","og_image":[{"width":700,"height":678,"url":"https:\/\/tammetalu.eu\/wp-content\/uploads\/2023\/04\/Maasikamaitseline-munt-Mentha_species_Almira_tamme_talu_urdiaed.jpg","type":"image\/jpeg"}],"twitter_card":"summary_large_image","twitter_misc":{"Arvioitu lukuaika":"1 minuutti"},"schema":{"@context":"https:\/\/schema.org","@graph":[{"@type":"WebPage","@id":"https:\/\/tammetalu.eu\/toode\/maasikamaitseline-munt-almira\/","url":"https:\/\/tammetalu.eu\/toode\/maasikamaitseline-munt-almira\/","name":"Maasikam\u00fcnt Mentha spicata \"Almira\" - Tamme talu \u00fcrdiaed","isPartOf":{"@id":"https:\/\/tammetalu.eu\/#website"},"primaryImageOfPage":{"@id":"https:\/\/tammetalu.eu\/toode\/maasikamaitseline-munt-almira\/#primaryimage"},"image":{"@id":"https:\/\/tammetalu.eu\/toode\/maasikamaitseline-munt-almira\/#primaryimage"},"thumbnailUrl":"https:\/\/tammetalu.eu\/wp-content\/uploads\/2023\/04\/Maasikamaitseline-munt-Mentha_species_Almira_tamme_talu_urdiaed.jpg","datePublished":"2023-04-11T15:28:59+00:00","dateModified":"2026-05-08T09:21:38+00:00","breadcrumb":{"@id":"https:\/\/tammetalu.eu\/toode\/maasikamaitseline-munt-almira\/#breadcrumb"},"inLanguage":"fi","potentialAction":[{"@type":"ReadAction","target":["https:\/\/tammetalu.eu\/toode\/maasikamaitseline-munt-almira\/"]}]},{"@type":"ImageObject","inLanguage":"fi","@id":"https:\/\/tammetalu.eu\/toode\/maasikamaitseline-munt-almira\/#primaryimage","url":"https:\/\/tammetalu.eu\/wp-content\/uploads\/2023\/04\/Maasikamaitseline-munt-Mentha_species_Almira_tamme_talu_urdiaed.jpg","contentUrl":"https:\/\/tammetalu.eu\/wp-content\/uploads\/2023\/04\/Maasikamaitseline-munt-Mentha_species_Almira_tamme_talu_urdiaed.jpg","width":700,"height":678,"caption":"Maasikamaitseline-munt-Mentha_species_Almira_tamme_talu_urdiaed"},{"@type":"BreadcrumbList","@id":"https:\/\/tammetalu.eu\/toode\/maasikamaitseline-munt-almira\/#breadcrumb","itemListElement":[{"@type":"ListItem","position":1,"name":"Home","item":"https:\/\/tammetalu.eu\/fi\/etusivu\/"},{"@type":"ListItem","position":2,"name":"Kaikki tuotteet","item":"https:\/\/tammetalu.eu\/fi\/kaikki-tuotteet\/"},{"@type":"ListItem","position":3,"name":"Maasikam\u00fcnt Mentha spicata &#8220;Almira&#8221;"}]},{"@type":"WebSite","@id":"https:\/\/tammetalu.eu\/#website","url":"https:\/\/tammetalu.eu\/","name":"Tamme talu \u00fcrdiaed","description":"K\u00e4sit\u00f6\u00f6na valmistatud tooted \u00fcrtidest, \u00fcrdiistikud, \u00fcrtide kollektsioonaed","publisher":{"@id":"https:\/\/tammetalu.eu\/#organization"},"alternateName":"Tamme talu","potentialAction":[{"@type":"SearchAction","target":{"@type":"EntryPoint","urlTemplate":"https:\/\/tammetalu.eu\/?s={search_term_string}"},"query-input":{"@type":"PropertyValueSpecification","valueRequired":true,"valueName":"search_term_string"}}],"inLanguage":"fi"},{"@type":"Organization","@id":"https:\/\/tammetalu.eu\/#organization","name":"Tamme talu \u00fcrdiaed","alternateName":"Tamme talu","url":"https:\/\/tammetalu.eu\/","logo":{"@type":"ImageObject","inLanguage":"fi","@id":"https:\/\/tammetalu.eu\/#\/schema\/logo\/image\/","url":"https:\/\/tammetalu.eu\/wp-content\/uploads\/2025\/01\/Tamme_talu_urdiaed.png","contentUrl":"https:\/\/tammetalu.eu\/wp-content\/uploads\/2025\/01\/Tamme_talu_urdiaed.png","width":560,"height":560,"caption":"Tamme talu \u00fcrdiaed"},"image":{"@id":"https:\/\/tammetalu.eu\/#\/schema\/logo\/image\/"},"sameAs":["https:\/\/www.facebook.com\/TammeTaluUrdiaed\/?locale=et_EE","https:\/\/www.instagram.com\/tammetaluurdiaed\/"]}]}},"_links":{"self":[{"href":"https:\/\/tammetalu.eu\/fi\/wp-json\/wp\/v2\/product\/17780","targetHints":{"allow":["GET"]}}],"collection":[{"href":"https:\/\/tammetalu.eu\/fi\/wp-json\/wp\/v2\/product"}],"about":[{"href":"https:\/\/tammetalu.eu\/fi\/wp-json\/wp\/v2\/types\/product"}],"wp:featuredmedia":[{"embeddable":true,"href":"https:\/\/tammetalu.eu\/fi\/wp-json\/wp\/v2\/media\/17781"}],"wp:attachment":[{"href":"https:\/\/tammetalu.eu\/fi\/wp-json\/wp\/v2\/media?parent=17780"}],"wp:term":[{"taxonomy":"product_brand","embeddable":true,"href":"https:\/\/tammetalu.eu\/fi\/wp-json\/wp\/v2\/product_brand?post=17780"},{"taxonomy":"product_cat","embeddable":true,"href":"https:\/\/tammetalu.eu\/fi\/wp-json\/wp\/v2\/product_cat?post=17780"},{"taxonomy":"product_tag","embeddable":true,"href":"https:\/\/tammetalu.eu\/fi\/wp-json\/wp\/v2\/product_tag?post=17780"}],"curies":[{"name":"wp","href":"https:\/\/api.w.org\/{rel}","templated":true}]}}