{"id":17801,"date":"2023-04-11T18:41:49","date_gmt":"2023-04-11T15:41:49","guid":{"rendered":"https:\/\/tammetalu.eu\/?post_type=product&#038;p=17801"},"modified":"2026-05-04T08:49:35","modified_gmt":"2026-05-04T05:49:35","slug":"mesiputk","status":"publish","type":"product","link":"https:\/\/tammetalu.eu\/fi\/toode\/mesiputk\/","title":{"rendered":"Mesiputk"},"content":{"rendered":"","protected":false},"excerpt":{"rendered":"<p><em>Myrrhis odorata<\/em><\/p>\n<p>Sarikalised (Apiaceae)<\/p>\n<p>Magusad aniisimaitselised lehed ja seemned, kreemikad \u00f5ied. Alustab kevadel varakult kasvu. Kasvab igasugusel aiamullal t\u00e4isp\u00e4ikesest kuni poolvarjulise kasvukohani. V\u00e4ga leplik. K\u00f5rgus kuni 1 m.<br \/>\nPeale \u00f5itsemist l\u00f5igatakse taimed tagasi.<\/p>\n<p>Kasutatav on kogu taim. \u00dcrti v\u00f5ib pidevalt korjata. V\u00e4rskelt on v\u00fcrtsi m\u00f5ju k\u00f5ige tugevam, kuid lehti v\u00f5ib ka k\u00fclmutada. Viljad maitsevad k\u00f5ige paremini pooltoorelt v\u00f5i rohelistena. Juuri v\u00f5ib s\u00fcgisel v\u00e4lja kaevata ja kasutada k\u00f6\u00f6giviljana.<\/p>\n<p>Lehed sobivad salatitesse, magustoitudesse, kohupiimadippidesse. Suured magusad seemned sobivad kompottidesse, rabarbrihoidistesse ja magustoitudesse v\u00f5i niisama maiustamiseks. Varrel\u00f5ike v\u00f5ib suhkrustada. Mesiputk asendab aniisi, lagritsat ja apteegitilli. Mesiputke maitset saab kombineerida piparm\u00fcndi ja melissiga.<\/p>\n<p>Lehti kasutatakse teeks, mis leevendab k\u00f6ha ja parandab seedimist. M\u00f5jub kerge lahtistina. Tugevdab organismi kaitsev\u00f5imet.<\/p>\n<p>Kaunis p\u00fcsik aia varjulistesse kohtadesse. V\u00e4ga hea taim loodusliku kujundusega aeda.<\/p>\n<p>&nbsp;<\/p>\n","protected":false},"featured_media":18795,"template":"","meta":{"_acf_changed":false,"_et_pb_use_builder":"","_et_pb_old_content":"","_et_gb_content_width":"","inline_featured_image":false},"product_brand":[],"product_cat":[186,200],"product_tag":[],"class_list":{"0":"post-17801","1":"product","2":"type-product","3":"status-publish","4":"has-post-thumbnail","6":"product_cat-maitse-ja-ravimtaimede-istikud","7":"product_cat-muud-maitsetaimed","9":"first","10":"outofstock","11":"taxable","12":"shipping-taxable","13":"purchasable","14":"product-type-simple"},"acf":[],"yoast_head":"<!-- This site is optimized with the Yoast SEO plugin v27.5 - https:\/\/yoast.com\/product\/yoast-seo-wordpress\/ -->\n<title>Mesiputk - Tamme talu \u00fcrdiaed<\/title>\n<meta name=\"robots\" content=\"index, follow, max-snippet:-1, max-image-preview:large, max-video-preview:-1\" \/>\n<link rel=\"canonical\" href=\"https:\/\/tammetalu.eu\/toode\/mesiputk\/\" \/>\n<meta property=\"og:locale\" content=\"fi_FI\" \/>\n<meta property=\"og:type\" content=\"article\" \/>\n<meta property=\"og:title\" content=\"Mesiputk - Tamme talu \u00fcrdiaed\" \/>\n<meta property=\"og:description\" content=\"Myrrhis odorata  Sarikalised (Apiaceae)  Magusad aniisimaitselised lehed ja seemned, kreemikad \u00f5ied. Alustab kevadel varakult kasvu. Kasvab igasugusel aiamullal t\u00e4isp\u00e4ikesest kuni poolvarjulise kasvukohani. V\u00e4ga leplik. K\u00f5rgus kuni 1 m. Peale \u00f5itsemist l\u00f5igatakse taimed tagasi.  Kasutatav on kogu taim. \u00dcrti v\u00f5ib pidevalt korjata. V\u00e4rskelt on v\u00fcrtsi m\u00f5ju k\u00f5ige tugevam, kuid lehti v\u00f5ib ka k\u00fclmutada. Viljad maitsevad k\u00f5ige paremini pooltoorelt v\u00f5i rohelistena. Juuri v\u00f5ib s\u00fcgisel v\u00e4lja kaevata ja kasutada k\u00f6\u00f6giviljana.  Lehed sobivad salatitesse, magustoitudesse, kohupiimadippidesse. Suured magusad seemned sobivad kompottidesse, rabarbrihoidistesse ja magustoitudesse v\u00f5i niisama maiustamiseks. Varrel\u00f5ike v\u00f5ib suhkrustada. Mesiputk asendab aniisi, lagritsat ja apteegitilli. Mesiputke maitset saab kombineerida piparm\u00fcndi ja melissiga.  Lehti kasutatakse teeks, mis leevendab k\u00f6ha ja parandab seedimist. M\u00f5jub kerge lahtistina. Tugevdab organismi kaitsev\u00f5imet.  Kaunis p\u00fcsik aia varjulistesse kohtadesse. V\u00e4ga hea taim loodusliku kujundusega aeda.  &nbsp;\" \/>\n<meta property=\"og:url\" content=\"https:\/\/tammetalu.eu\/toode\/mesiputk\/\" \/>\n<meta property=\"og:site_name\" content=\"Tamme talu \u00fcrdiaed\" \/>\n<meta property=\"article:publisher\" content=\"https:\/\/www.facebook.com\/TammeTaluUrdiaed\/?locale=et_EE\" \/>\n<meta property=\"article:modified_time\" content=\"2026-05-04T05:49:35+00:00\" \/>\n<meta property=\"og:image\" content=\"https:\/\/tammetalu.eu\/wp-content\/uploads\/2023\/04\/Mesiputk_Myrrhis_odorata_Tamme_talu_urdiaed.jpg\" \/>\n\t<meta property=\"og:image:width\" content=\"1024\" \/>\n\t<meta property=\"og:image:height\" content=\"1365\" \/>\n\t<meta property=\"og:image:type\" content=\"image\/jpeg\" \/>\n<meta name=\"twitter:card\" content=\"summary_large_image\" \/>\n<meta name=\"twitter:label1\" content=\"Arvioitu lukuaika\" \/>\n\t<meta name=\"twitter:data1\" content=\"1 minuutti\" \/>\n<script type=\"application\/ld+json\" class=\"yoast-schema-graph\">{\"@context\":\"https:\\\/\\\/schema.org\",\"@graph\":[{\"@type\":\"WebPage\",\"@id\":\"https:\\\/\\\/tammetalu.eu\\\/toode\\\/mesiputk\\\/\",\"url\":\"https:\\\/\\\/tammetalu.eu\\\/toode\\\/mesiputk\\\/\",\"name\":\"Mesiputk - Tamme talu \u00fcrdiaed\",\"isPartOf\":{\"@id\":\"https:\\\/\\\/tammetalu.eu\\\/#website\"},\"primaryImageOfPage\":{\"@id\":\"https:\\\/\\\/tammetalu.eu\\\/toode\\\/mesiputk\\\/#primaryimage\"},\"image\":{\"@id\":\"https:\\\/\\\/tammetalu.eu\\\/toode\\\/mesiputk\\\/#primaryimage\"},\"thumbnailUrl\":\"https:\\\/\\\/tammetalu.eu\\\/wp-content\\\/uploads\\\/2023\\\/04\\\/Mesiputk_Myrrhis_odorata_Tamme_talu_urdiaed.jpg\",\"datePublished\":\"2023-04-11T15:41:49+00:00\",\"dateModified\":\"2026-05-04T05:49:35+00:00\",\"breadcrumb\":{\"@id\":\"https:\\\/\\\/tammetalu.eu\\\/toode\\\/mesiputk\\\/#breadcrumb\"},\"inLanguage\":\"fi\",\"potentialAction\":[{\"@type\":\"ReadAction\",\"target\":[\"https:\\\/\\\/tammetalu.eu\\\/toode\\\/mesiputk\\\/\"]}]},{\"@type\":\"ImageObject\",\"inLanguage\":\"fi\",\"@id\":\"https:\\\/\\\/tammetalu.eu\\\/toode\\\/mesiputk\\\/#primaryimage\",\"url\":\"https:\\\/\\\/tammetalu.eu\\\/wp-content\\\/uploads\\\/2023\\\/04\\\/Mesiputk_Myrrhis_odorata_Tamme_talu_urdiaed.jpg\",\"contentUrl\":\"https:\\\/\\\/tammetalu.eu\\\/wp-content\\\/uploads\\\/2023\\\/04\\\/Mesiputk_Myrrhis_odorata_Tamme_talu_urdiaed.jpg\",\"width\":1024,\"height\":1365,\"caption\":\"Mesiputk_Myrrhis_odorata_Tamme_talu_urdiaed\"},{\"@type\":\"BreadcrumbList\",\"@id\":\"https:\\\/\\\/tammetalu.eu\\\/toode\\\/mesiputk\\\/#breadcrumb\",\"itemListElement\":[{\"@type\":\"ListItem\",\"position\":1,\"name\":\"Home\",\"item\":\"https:\\\/\\\/tammetalu.eu\\\/fi\\\/etusivu\\\/\"},{\"@type\":\"ListItem\",\"position\":2,\"name\":\"Kaikki tuotteet\",\"item\":\"https:\\\/\\\/tammetalu.eu\\\/fi\\\/kaikki-tuotteet\\\/\"},{\"@type\":\"ListItem\",\"position\":3,\"name\":\"Mesiputk\"}]},{\"@type\":\"WebSite\",\"@id\":\"https:\\\/\\\/tammetalu.eu\\\/#website\",\"url\":\"https:\\\/\\\/tammetalu.eu\\\/\",\"name\":\"Tamme talu \u00fcrdiaed\",\"description\":\"K\u00e4sit\u00f6\u00f6na valmistatud tooted \u00fcrtidest, \u00fcrdiistikud, \u00fcrtide kollektsioonaed\",\"publisher\":{\"@id\":\"https:\\\/\\\/tammetalu.eu\\\/#organization\"},\"alternateName\":\"Tamme talu\",\"potentialAction\":[{\"@type\":\"SearchAction\",\"target\":{\"@type\":\"EntryPoint\",\"urlTemplate\":\"https:\\\/\\\/tammetalu.eu\\\/?s={search_term_string}\"},\"query-input\":{\"@type\":\"PropertyValueSpecification\",\"valueRequired\":true,\"valueName\":\"search_term_string\"}}],\"inLanguage\":\"fi\"},{\"@type\":\"Organization\",\"@id\":\"https:\\\/\\\/tammetalu.eu\\\/#organization\",\"name\":\"Tamme talu \u00fcrdiaed\",\"alternateName\":\"Tamme talu\",\"url\":\"https:\\\/\\\/tammetalu.eu\\\/\",\"logo\":{\"@type\":\"ImageObject\",\"inLanguage\":\"fi\",\"@id\":\"https:\\\/\\\/tammetalu.eu\\\/#\\\/schema\\\/logo\\\/image\\\/\",\"url\":\"https:\\\/\\\/tammetalu.eu\\\/wp-content\\\/uploads\\\/2025\\\/01\\\/Tamme_talu_urdiaed.png\",\"contentUrl\":\"https:\\\/\\\/tammetalu.eu\\\/wp-content\\\/uploads\\\/2025\\\/01\\\/Tamme_talu_urdiaed.png\",\"width\":560,\"height\":560,\"caption\":\"Tamme talu \u00fcrdiaed\"},\"image\":{\"@id\":\"https:\\\/\\\/tammetalu.eu\\\/#\\\/schema\\\/logo\\\/image\\\/\"},\"sameAs\":[\"https:\\\/\\\/www.facebook.com\\\/TammeTaluUrdiaed\\\/?locale=et_EE\",\"https:\\\/\\\/www.instagram.com\\\/tammetaluurdiaed\\\/\"]}]}<\/script>\n<!-- \/ Yoast SEO plugin. -->","yoast_head_json":{"title":"Mesiputk - Tamme talu \u00fcrdiaed","robots":{"index":"index","follow":"follow","max-snippet":"max-snippet:-1","max-image-preview":"max-image-preview:large","max-video-preview":"max-video-preview:-1"},"canonical":"https:\/\/tammetalu.eu\/toode\/mesiputk\/","og_locale":"fi_FI","og_type":"article","og_title":"Mesiputk - Tamme talu \u00fcrdiaed","og_description":"Myrrhis odorata  Sarikalised (Apiaceae)  Magusad aniisimaitselised lehed ja seemned, kreemikad \u00f5ied. Alustab kevadel varakult kasvu. Kasvab igasugusel aiamullal t\u00e4isp\u00e4ikesest kuni poolvarjulise kasvukohani. V\u00e4ga leplik. K\u00f5rgus kuni 1 m. Peale \u00f5itsemist l\u00f5igatakse taimed tagasi.  Kasutatav on kogu taim. \u00dcrti v\u00f5ib pidevalt korjata. V\u00e4rskelt on v\u00fcrtsi m\u00f5ju k\u00f5ige tugevam, kuid lehti v\u00f5ib ka k\u00fclmutada. Viljad maitsevad k\u00f5ige paremini pooltoorelt v\u00f5i rohelistena. Juuri v\u00f5ib s\u00fcgisel v\u00e4lja kaevata ja kasutada k\u00f6\u00f6giviljana.  Lehed sobivad salatitesse, magustoitudesse, kohupiimadippidesse. Suured magusad seemned sobivad kompottidesse, rabarbrihoidistesse ja magustoitudesse v\u00f5i niisama maiustamiseks. Varrel\u00f5ike v\u00f5ib suhkrustada. Mesiputk asendab aniisi, lagritsat ja apteegitilli. Mesiputke maitset saab kombineerida piparm\u00fcndi ja melissiga.  Lehti kasutatakse teeks, mis leevendab k\u00f6ha ja parandab seedimist. M\u00f5jub kerge lahtistina. Tugevdab organismi kaitsev\u00f5imet.  Kaunis p\u00fcsik aia varjulistesse kohtadesse. V\u00e4ga hea taim loodusliku kujundusega aeda.  &nbsp;","og_url":"https:\/\/tammetalu.eu\/toode\/mesiputk\/","og_site_name":"Tamme talu \u00fcrdiaed","article_publisher":"https:\/\/www.facebook.com\/TammeTaluUrdiaed\/?locale=et_EE","article_modified_time":"2026-05-04T05:49:35+00:00","og_image":[{"width":1024,"height":1365,"url":"https:\/\/tammetalu.eu\/wp-content\/uploads\/2023\/04\/Mesiputk_Myrrhis_odorata_Tamme_talu_urdiaed.jpg","type":"image\/jpeg"}],"twitter_card":"summary_large_image","twitter_misc":{"Arvioitu lukuaika":"1 minuutti"},"schema":{"@context":"https:\/\/schema.org","@graph":[{"@type":"WebPage","@id":"https:\/\/tammetalu.eu\/toode\/mesiputk\/","url":"https:\/\/tammetalu.eu\/toode\/mesiputk\/","name":"Mesiputk - Tamme talu \u00fcrdiaed","isPartOf":{"@id":"https:\/\/tammetalu.eu\/#website"},"primaryImageOfPage":{"@id":"https:\/\/tammetalu.eu\/toode\/mesiputk\/#primaryimage"},"image":{"@id":"https:\/\/tammetalu.eu\/toode\/mesiputk\/#primaryimage"},"thumbnailUrl":"https:\/\/tammetalu.eu\/wp-content\/uploads\/2023\/04\/Mesiputk_Myrrhis_odorata_Tamme_talu_urdiaed.jpg","datePublished":"2023-04-11T15:41:49+00:00","dateModified":"2026-05-04T05:49:35+00:00","breadcrumb":{"@id":"https:\/\/tammetalu.eu\/toode\/mesiputk\/#breadcrumb"},"inLanguage":"fi","potentialAction":[{"@type":"ReadAction","target":["https:\/\/tammetalu.eu\/toode\/mesiputk\/"]}]},{"@type":"ImageObject","inLanguage":"fi","@id":"https:\/\/tammetalu.eu\/toode\/mesiputk\/#primaryimage","url":"https:\/\/tammetalu.eu\/wp-content\/uploads\/2023\/04\/Mesiputk_Myrrhis_odorata_Tamme_talu_urdiaed.jpg","contentUrl":"https:\/\/tammetalu.eu\/wp-content\/uploads\/2023\/04\/Mesiputk_Myrrhis_odorata_Tamme_talu_urdiaed.jpg","width":1024,"height":1365,"caption":"Mesiputk_Myrrhis_odorata_Tamme_talu_urdiaed"},{"@type":"BreadcrumbList","@id":"https:\/\/tammetalu.eu\/toode\/mesiputk\/#breadcrumb","itemListElement":[{"@type":"ListItem","position":1,"name":"Home","item":"https:\/\/tammetalu.eu\/fi\/etusivu\/"},{"@type":"ListItem","position":2,"name":"Kaikki tuotteet","item":"https:\/\/tammetalu.eu\/fi\/kaikki-tuotteet\/"},{"@type":"ListItem","position":3,"name":"Mesiputk"}]},{"@type":"WebSite","@id":"https:\/\/tammetalu.eu\/#website","url":"https:\/\/tammetalu.eu\/","name":"Tamme talu \u00fcrdiaed","description":"K\u00e4sit\u00f6\u00f6na valmistatud tooted \u00fcrtidest, \u00fcrdiistikud, \u00fcrtide kollektsioonaed","publisher":{"@id":"https:\/\/tammetalu.eu\/#organization"},"alternateName":"Tamme talu","potentialAction":[{"@type":"SearchAction","target":{"@type":"EntryPoint","urlTemplate":"https:\/\/tammetalu.eu\/?s={search_term_string}"},"query-input":{"@type":"PropertyValueSpecification","valueRequired":true,"valueName":"search_term_string"}}],"inLanguage":"fi"},{"@type":"Organization","@id":"https:\/\/tammetalu.eu\/#organization","name":"Tamme talu \u00fcrdiaed","alternateName":"Tamme talu","url":"https:\/\/tammetalu.eu\/","logo":{"@type":"ImageObject","inLanguage":"fi","@id":"https:\/\/tammetalu.eu\/#\/schema\/logo\/image\/","url":"https:\/\/tammetalu.eu\/wp-content\/uploads\/2025\/01\/Tamme_talu_urdiaed.png","contentUrl":"https:\/\/tammetalu.eu\/wp-content\/uploads\/2025\/01\/Tamme_talu_urdiaed.png","width":560,"height":560,"caption":"Tamme talu \u00fcrdiaed"},"image":{"@id":"https:\/\/tammetalu.eu\/#\/schema\/logo\/image\/"},"sameAs":["https:\/\/www.facebook.com\/TammeTaluUrdiaed\/?locale=et_EE","https:\/\/www.instagram.com\/tammetaluurdiaed\/"]}]}},"_links":{"self":[{"href":"https:\/\/tammetalu.eu\/fi\/wp-json\/wp\/v2\/product\/17801","targetHints":{"allow":["GET"]}}],"collection":[{"href":"https:\/\/tammetalu.eu\/fi\/wp-json\/wp\/v2\/product"}],"about":[{"href":"https:\/\/tammetalu.eu\/fi\/wp-json\/wp\/v2\/types\/product"}],"wp:featuredmedia":[{"embeddable":true,"href":"https:\/\/tammetalu.eu\/fi\/wp-json\/wp\/v2\/media\/18795"}],"wp:attachment":[{"href":"https:\/\/tammetalu.eu\/fi\/wp-json\/wp\/v2\/media?parent=17801"}],"wp:term":[{"taxonomy":"product_brand","embeddable":true,"href":"https:\/\/tammetalu.eu\/fi\/wp-json\/wp\/v2\/product_brand?post=17801"},{"taxonomy":"product_cat","embeddable":true,"href":"https:\/\/tammetalu.eu\/fi\/wp-json\/wp\/v2\/product_cat?post=17801"},{"taxonomy":"product_tag","embeddable":true,"href":"https:\/\/tammetalu.eu\/fi\/wp-json\/wp\/v2\/product_tag?post=17801"}],"curies":[{"name":"wp","href":"https:\/\/api.w.org\/{rel}","templated":true}]}}