{"id":17894,"date":"2023-04-12T16:19:15","date_gmt":"2023-04-12T13:19:15","guid":{"rendered":"https:\/\/tammetalu.eu\/?post_type=product&#038;p=17894"},"modified":"2026-05-04T08:49:32","modified_gmt":"2026-05-04T05:49:32","slug":"sidrunpuju-cola","status":"publish","type":"product","link":"https:\/\/tammetalu.eu\/fi\/toode\/sidrunpuju-cola\/","title":{"rendered":"Sidrunpuju &#8221;Cola&#8221;"},"content":{"rendered":"","protected":false},"excerpt":{"rendered":"<p><em>Artemisia abrotanum<\/em><\/p>\n<p>Sidrunpuju on korv\u00f5ieliste sugukonda kuuluv taimeliik. MItmeaastane, meil suhteliselt k\u00fclmakindel ja pikaealine, kuni 2 m k\u00f5rguseks kasvav poolp\u00f5\u00f5sas. Looduslikult kasvab Kaukaasias, L\u00e4\u00e4ne-SIberis, Anatoolias ning Kesk-Euroopas.<\/p>\n<p><span style=\"font-weight: 400;\">Taim l\u00f5hnab puudutamisel cola ja sidruni j\u00e4rele. <\/span><span style=\"font-weight: 400;\">ilus pitsiline ja v\u00e4ga aromaatne lehes<\/span><span style=\"font-weight: 400;\">tik. Sobib teistele v\u00e4iksematele kuiva<\/span><span style=\"font-weight: 400;\">lembestele taimedele taustaks. Talve<\/span><span style=\"font-weight: 400;\">kindel ja v\u00e4hen\u00f5udlik. Kasvab h\u00e4sti kuivas liivases mullas, talub h\u00e4sti p\u00fcgamist. Kevadel tuleksi k\u00fclma saanud taimeosad v\u00e4lja l\u00f5igata. siis taastub taime \u00fchtlane p\u00f5\u00f5sasjas v\u00e4limus.<\/span><\/p>\n<p><span style=\"font-weight: 400;\">V\u00e4rskete lehtede mait<\/span><span style=\"font-weight: 400;\">se v\u00e4ga m\u00f5ru, kuivatatuna m\u00f5ru maitse maheneb.\u00a0<\/span><\/p>\n<p><span style=\"font-weight: 400;\">Sobib rasvastesse liharooga<\/span><span style=\"font-weight: 400;\">desse, eriti hane- ja sealihaga. Klassikaline maitsetaim \u00fcrdilik\u00f6\u00f6rides ja \u00fcrdijookides, alkohoolsetes jookides.<\/span><\/p>\n<p><span style=\"font-weight: 400;\">T\u00f5hus k\u00f5hurohi, kui on k\u00f5hulahtisus. Hea s\u00f6\u00f6giisu tekitaja, eriti peale pikemat haigust. Ettevaatlik tuleb olla pujude suhtes tundlikel inimestel, sest sidrunpuju eeterlik \u00f5li kui ka mahl v\u00f5ivad p\u00f5hjustada allergilist l\u00f6\u00f6vet, seep\u00e4rast on soovitav taimega tegeleda kinnastatud k\u00e4tega.<\/span><\/p>\n<p>&nbsp;<\/p>\n","protected":false},"featured_media":17895,"template":"","meta":{"_acf_changed":false,"_et_pb_use_builder":"","_et_pb_old_content":"","_et_gb_content_width":"","inline_featured_image":false},"product_brand":[],"product_cat":[186,200],"product_tag":[],"class_list":{"0":"post-17894","1":"product","2":"type-product","3":"status-publish","4":"has-post-thumbnail","6":"product_cat-maitse-ja-ravimtaimede-istikud","7":"product_cat-muud-maitsetaimed","9":"first","10":"instock","11":"taxable","12":"shipping-taxable","13":"purchasable","14":"product-type-simple"},"acf":[],"yoast_head":"<!-- This site is optimized with the Yoast SEO plugin v27.5 - https:\/\/yoast.com\/product\/yoast-seo-wordpress\/ -->\n<title>Sidrunpuju &quot;Cola&quot; - Tamme talu \u00fcrdiaed<\/title>\n<meta name=\"description\" content=\"Sidrunpuju on korv\u00f5ieliste sugukonda kuuluv taimeliik. MItmeaastane, meil suhteliselt k\u00fclmakindel ja pikaealine, kuni 2 m k\u00f5rguseks kasvav poolp\u00f5\u00f5sas.\" \/>\n<meta name=\"robots\" content=\"index, follow, max-snippet:-1, max-image-preview:large, max-video-preview:-1\" \/>\n<link rel=\"canonical\" href=\"https:\/\/tammetalu.eu\/toode\/sidrunpuju-cola\/\" \/>\n<meta property=\"og:locale\" content=\"fi_FI\" \/>\n<meta property=\"og:type\" content=\"article\" \/>\n<meta property=\"og:title\" content=\"Sidrunpuju &quot;Cola&quot; - Tamme talu \u00fcrdiaed\" \/>\n<meta property=\"og:description\" content=\"Sidrunpuju on korv\u00f5ieliste sugukonda kuuluv taimeliik. MItmeaastane, meil suhteliselt k\u00fclmakindel ja pikaealine, kuni 2 m k\u00f5rguseks kasvav poolp\u00f5\u00f5sas.\" \/>\n<meta property=\"og:url\" content=\"https:\/\/tammetalu.eu\/toode\/sidrunpuju-cola\/\" \/>\n<meta property=\"og:site_name\" content=\"Tamme talu \u00fcrdiaed\" \/>\n<meta property=\"article:publisher\" content=\"https:\/\/www.facebook.com\/TammeTaluUrdiaed\/?locale=et_EE\" \/>\n<meta property=\"article:modified_time\" content=\"2026-05-04T05:49:32+00:00\" \/>\n<meta property=\"og:image\" content=\"https:\/\/tammetalu.eu\/wp-content\/uploads\/2023\/04\/Sidrunpuju_Artemisia_abrotanum_cola_tamme_talu_urdiaed.jpg\" \/>\n\t<meta property=\"og:image:width\" content=\"1024\" \/>\n\t<meta property=\"og:image:height\" content=\"1365\" \/>\n\t<meta property=\"og:image:type\" content=\"image\/jpeg\" \/>\n<meta name=\"twitter:card\" content=\"summary_large_image\" \/>\n<meta name=\"twitter:label1\" content=\"Arvioitu lukuaika\" \/>\n\t<meta name=\"twitter:data1\" content=\"1 minuutti\" \/>\n<script type=\"application\/ld+json\" class=\"yoast-schema-graph\">{\"@context\":\"https:\\\/\\\/schema.org\",\"@graph\":[{\"@type\":\"WebPage\",\"@id\":\"https:\\\/\\\/tammetalu.eu\\\/toode\\\/sidrunpuju-cola\\\/\",\"url\":\"https:\\\/\\\/tammetalu.eu\\\/toode\\\/sidrunpuju-cola\\\/\",\"name\":\"Sidrunpuju \\\"Cola\\\" - Tamme talu \u00fcrdiaed\",\"isPartOf\":{\"@id\":\"https:\\\/\\\/tammetalu.eu\\\/#website\"},\"primaryImageOfPage\":{\"@id\":\"https:\\\/\\\/tammetalu.eu\\\/toode\\\/sidrunpuju-cola\\\/#primaryimage\"},\"image\":{\"@id\":\"https:\\\/\\\/tammetalu.eu\\\/toode\\\/sidrunpuju-cola\\\/#primaryimage\"},\"thumbnailUrl\":\"https:\\\/\\\/tammetalu.eu\\\/wp-content\\\/uploads\\\/2023\\\/04\\\/Sidrunpuju_Artemisia_abrotanum_cola_tamme_talu_urdiaed.jpg\",\"datePublished\":\"2023-04-12T13:19:15+00:00\",\"dateModified\":\"2026-05-04T05:49:32+00:00\",\"description\":\"Sidrunpuju on korv\u00f5ieliste sugukonda kuuluv taimeliik. MItmeaastane, meil suhteliselt k\u00fclmakindel ja pikaealine, kuni 2 m k\u00f5rguseks kasvav poolp\u00f5\u00f5sas.\",\"breadcrumb\":{\"@id\":\"https:\\\/\\\/tammetalu.eu\\\/toode\\\/sidrunpuju-cola\\\/#breadcrumb\"},\"inLanguage\":\"fi\",\"potentialAction\":[{\"@type\":\"ReadAction\",\"target\":[\"https:\\\/\\\/tammetalu.eu\\\/toode\\\/sidrunpuju-cola\\\/\"]}]},{\"@type\":\"ImageObject\",\"inLanguage\":\"fi\",\"@id\":\"https:\\\/\\\/tammetalu.eu\\\/toode\\\/sidrunpuju-cola\\\/#primaryimage\",\"url\":\"https:\\\/\\\/tammetalu.eu\\\/wp-content\\\/uploads\\\/2023\\\/04\\\/Sidrunpuju_Artemisia_abrotanum_cola_tamme_talu_urdiaed.jpg\",\"contentUrl\":\"https:\\\/\\\/tammetalu.eu\\\/wp-content\\\/uploads\\\/2023\\\/04\\\/Sidrunpuju_Artemisia_abrotanum_cola_tamme_talu_urdiaed.jpg\",\"width\":1024,\"height\":1365,\"caption\":\"Sidrunpuju_Artemisia_abrotanum_cola_tamme_talu_urdiaed\"},{\"@type\":\"BreadcrumbList\",\"@id\":\"https:\\\/\\\/tammetalu.eu\\\/toode\\\/sidrunpuju-cola\\\/#breadcrumb\",\"itemListElement\":[{\"@type\":\"ListItem\",\"position\":1,\"name\":\"Home\",\"item\":\"https:\\\/\\\/tammetalu.eu\\\/fi\\\/etusivu\\\/\"},{\"@type\":\"ListItem\",\"position\":2,\"name\":\"Kaikki tuotteet\",\"item\":\"https:\\\/\\\/tammetalu.eu\\\/fi\\\/kaikki-tuotteet\\\/\"},{\"@type\":\"ListItem\",\"position\":3,\"name\":\"Sidrunpuju &#8220;Cola&#8221;\"}]},{\"@type\":\"WebSite\",\"@id\":\"https:\\\/\\\/tammetalu.eu\\\/#website\",\"url\":\"https:\\\/\\\/tammetalu.eu\\\/\",\"name\":\"Tamme talu \u00fcrdiaed\",\"description\":\"K\u00e4sit\u00f6\u00f6na valmistatud tooted \u00fcrtidest, \u00fcrdiistikud, \u00fcrtide kollektsioonaed\",\"publisher\":{\"@id\":\"https:\\\/\\\/tammetalu.eu\\\/#organization\"},\"alternateName\":\"Tamme talu\",\"potentialAction\":[{\"@type\":\"SearchAction\",\"target\":{\"@type\":\"EntryPoint\",\"urlTemplate\":\"https:\\\/\\\/tammetalu.eu\\\/?s={search_term_string}\"},\"query-input\":{\"@type\":\"PropertyValueSpecification\",\"valueRequired\":true,\"valueName\":\"search_term_string\"}}],\"inLanguage\":\"fi\"},{\"@type\":\"Organization\",\"@id\":\"https:\\\/\\\/tammetalu.eu\\\/#organization\",\"name\":\"Tamme talu \u00fcrdiaed\",\"alternateName\":\"Tamme talu\",\"url\":\"https:\\\/\\\/tammetalu.eu\\\/\",\"logo\":{\"@type\":\"ImageObject\",\"inLanguage\":\"fi\",\"@id\":\"https:\\\/\\\/tammetalu.eu\\\/#\\\/schema\\\/logo\\\/image\\\/\",\"url\":\"https:\\\/\\\/tammetalu.eu\\\/wp-content\\\/uploads\\\/2025\\\/01\\\/Tamme_talu_urdiaed.png\",\"contentUrl\":\"https:\\\/\\\/tammetalu.eu\\\/wp-content\\\/uploads\\\/2025\\\/01\\\/Tamme_talu_urdiaed.png\",\"width\":560,\"height\":560,\"caption\":\"Tamme talu \u00fcrdiaed\"},\"image\":{\"@id\":\"https:\\\/\\\/tammetalu.eu\\\/#\\\/schema\\\/logo\\\/image\\\/\"},\"sameAs\":[\"https:\\\/\\\/www.facebook.com\\\/TammeTaluUrdiaed\\\/?locale=et_EE\",\"https:\\\/\\\/www.instagram.com\\\/tammetaluurdiaed\\\/\"]}]}<\/script>\n<!-- \/ Yoast SEO plugin. -->","yoast_head_json":{"title":"Sidrunpuju \"Cola\" - Tamme talu \u00fcrdiaed","description":"Sidrunpuju on korv\u00f5ieliste sugukonda kuuluv taimeliik. MItmeaastane, meil suhteliselt k\u00fclmakindel ja pikaealine, kuni 2 m k\u00f5rguseks kasvav poolp\u00f5\u00f5sas.","robots":{"index":"index","follow":"follow","max-snippet":"max-snippet:-1","max-image-preview":"max-image-preview:large","max-video-preview":"max-video-preview:-1"},"canonical":"https:\/\/tammetalu.eu\/toode\/sidrunpuju-cola\/","og_locale":"fi_FI","og_type":"article","og_title":"Sidrunpuju \"Cola\" - Tamme talu \u00fcrdiaed","og_description":"Sidrunpuju on korv\u00f5ieliste sugukonda kuuluv taimeliik. MItmeaastane, meil suhteliselt k\u00fclmakindel ja pikaealine, kuni 2 m k\u00f5rguseks kasvav poolp\u00f5\u00f5sas.","og_url":"https:\/\/tammetalu.eu\/toode\/sidrunpuju-cola\/","og_site_name":"Tamme talu \u00fcrdiaed","article_publisher":"https:\/\/www.facebook.com\/TammeTaluUrdiaed\/?locale=et_EE","article_modified_time":"2026-05-04T05:49:32+00:00","og_image":[{"width":1024,"height":1365,"url":"https:\/\/tammetalu.eu\/wp-content\/uploads\/2023\/04\/Sidrunpuju_Artemisia_abrotanum_cola_tamme_talu_urdiaed.jpg","type":"image\/jpeg"}],"twitter_card":"summary_large_image","twitter_misc":{"Arvioitu lukuaika":"1 minuutti"},"schema":{"@context":"https:\/\/schema.org","@graph":[{"@type":"WebPage","@id":"https:\/\/tammetalu.eu\/toode\/sidrunpuju-cola\/","url":"https:\/\/tammetalu.eu\/toode\/sidrunpuju-cola\/","name":"Sidrunpuju \"Cola\" - Tamme talu \u00fcrdiaed","isPartOf":{"@id":"https:\/\/tammetalu.eu\/#website"},"primaryImageOfPage":{"@id":"https:\/\/tammetalu.eu\/toode\/sidrunpuju-cola\/#primaryimage"},"image":{"@id":"https:\/\/tammetalu.eu\/toode\/sidrunpuju-cola\/#primaryimage"},"thumbnailUrl":"https:\/\/tammetalu.eu\/wp-content\/uploads\/2023\/04\/Sidrunpuju_Artemisia_abrotanum_cola_tamme_talu_urdiaed.jpg","datePublished":"2023-04-12T13:19:15+00:00","dateModified":"2026-05-04T05:49:32+00:00","description":"Sidrunpuju on korv\u00f5ieliste sugukonda kuuluv taimeliik. MItmeaastane, meil suhteliselt k\u00fclmakindel ja pikaealine, kuni 2 m k\u00f5rguseks kasvav poolp\u00f5\u00f5sas.","breadcrumb":{"@id":"https:\/\/tammetalu.eu\/toode\/sidrunpuju-cola\/#breadcrumb"},"inLanguage":"fi","potentialAction":[{"@type":"ReadAction","target":["https:\/\/tammetalu.eu\/toode\/sidrunpuju-cola\/"]}]},{"@type":"ImageObject","inLanguage":"fi","@id":"https:\/\/tammetalu.eu\/toode\/sidrunpuju-cola\/#primaryimage","url":"https:\/\/tammetalu.eu\/wp-content\/uploads\/2023\/04\/Sidrunpuju_Artemisia_abrotanum_cola_tamme_talu_urdiaed.jpg","contentUrl":"https:\/\/tammetalu.eu\/wp-content\/uploads\/2023\/04\/Sidrunpuju_Artemisia_abrotanum_cola_tamme_talu_urdiaed.jpg","width":1024,"height":1365,"caption":"Sidrunpuju_Artemisia_abrotanum_cola_tamme_talu_urdiaed"},{"@type":"BreadcrumbList","@id":"https:\/\/tammetalu.eu\/toode\/sidrunpuju-cola\/#breadcrumb","itemListElement":[{"@type":"ListItem","position":1,"name":"Home","item":"https:\/\/tammetalu.eu\/fi\/etusivu\/"},{"@type":"ListItem","position":2,"name":"Kaikki tuotteet","item":"https:\/\/tammetalu.eu\/fi\/kaikki-tuotteet\/"},{"@type":"ListItem","position":3,"name":"Sidrunpuju &#8220;Cola&#8221;"}]},{"@type":"WebSite","@id":"https:\/\/tammetalu.eu\/#website","url":"https:\/\/tammetalu.eu\/","name":"Tamme talu \u00fcrdiaed","description":"K\u00e4sit\u00f6\u00f6na valmistatud tooted \u00fcrtidest, \u00fcrdiistikud, \u00fcrtide kollektsioonaed","publisher":{"@id":"https:\/\/tammetalu.eu\/#organization"},"alternateName":"Tamme talu","potentialAction":[{"@type":"SearchAction","target":{"@type":"EntryPoint","urlTemplate":"https:\/\/tammetalu.eu\/?s={search_term_string}"},"query-input":{"@type":"PropertyValueSpecification","valueRequired":true,"valueName":"search_term_string"}}],"inLanguage":"fi"},{"@type":"Organization","@id":"https:\/\/tammetalu.eu\/#organization","name":"Tamme talu \u00fcrdiaed","alternateName":"Tamme talu","url":"https:\/\/tammetalu.eu\/","logo":{"@type":"ImageObject","inLanguage":"fi","@id":"https:\/\/tammetalu.eu\/#\/schema\/logo\/image\/","url":"https:\/\/tammetalu.eu\/wp-content\/uploads\/2025\/01\/Tamme_talu_urdiaed.png","contentUrl":"https:\/\/tammetalu.eu\/wp-content\/uploads\/2025\/01\/Tamme_talu_urdiaed.png","width":560,"height":560,"caption":"Tamme talu \u00fcrdiaed"},"image":{"@id":"https:\/\/tammetalu.eu\/#\/schema\/logo\/image\/"},"sameAs":["https:\/\/www.facebook.com\/TammeTaluUrdiaed\/?locale=et_EE","https:\/\/www.instagram.com\/tammetaluurdiaed\/"]}]}},"_links":{"self":[{"href":"https:\/\/tammetalu.eu\/fi\/wp-json\/wp\/v2\/product\/17894","targetHints":{"allow":["GET"]}}],"collection":[{"href":"https:\/\/tammetalu.eu\/fi\/wp-json\/wp\/v2\/product"}],"about":[{"href":"https:\/\/tammetalu.eu\/fi\/wp-json\/wp\/v2\/types\/product"}],"wp:featuredmedia":[{"embeddable":true,"href":"https:\/\/tammetalu.eu\/fi\/wp-json\/wp\/v2\/media\/17895"}],"wp:attachment":[{"href":"https:\/\/tammetalu.eu\/fi\/wp-json\/wp\/v2\/media?parent=17894"}],"wp:term":[{"taxonomy":"product_brand","embeddable":true,"href":"https:\/\/tammetalu.eu\/fi\/wp-json\/wp\/v2\/product_brand?post=17894"},{"taxonomy":"product_cat","embeddable":true,"href":"https:\/\/tammetalu.eu\/fi\/wp-json\/wp\/v2\/product_cat?post=17894"},{"taxonomy":"product_tag","embeddable":true,"href":"https:\/\/tammetalu.eu\/fi\/wp-json\/wp\/v2\/product_tag?post=17894"}],"curies":[{"name":"wp","href":"https:\/\/api.w.org\/{rel}","templated":true}]}}