{"id":17914,"date":"2023-04-12T16:31:17","date_gmt":"2023-04-12T13:31:17","guid":{"rendered":"https:\/\/tammetalu.eu\/?post_type=product&#038;p=17914"},"modified":"2026-04-19T10:45:02","modified_gmt":"2026-04-19T07:45:02","slug":"sudajalehine-apteenia-variegata","status":"publish","type":"product","link":"https:\/\/tammetalu.eu\/fi\/toode\/sudajalehine-apteenia-variegata\/","title":{"rendered":"S\u00fcdajalehine apteenia &#8221;Variegata&#8221;"},"content":{"rendered":"","protected":false},"excerpt":{"rendered":"<p><em>Aptenia cordifolia<\/em><\/p>\n<p>S\u00fcdajalehine apteenia on igihaljas ja kiirekasvuline sukulent L\u00f5una-Aafrikast, mis on levinud meil Eestis peaasjalikult suvelillena. Kuid v\u00e4hem teatakse, et apteenia on ka ravim- ja toidutaim. Lisaks saab seda armast suvelille talvel edasi kasvatada tavalise toataimena. Siis vajab taim valgust ja m\u00f5\u00f5dukat kastmist. Ja ikka pigem v\u00e4hem vett, sest just liigkastmine v\u00f5ib muidu v\u00e4ga sitke taime hukutada.<\/p>\n<p>S\u00fcdajalehine apteenia on &#8221;laisa&#8221; v\u00f5i kiire eluviisiga inimese taim, sest talub\u00a0 hooletusse j\u00e4tmist v\u00e4ga leplikult. Kuna apteenia on suhteliselt kiirekasvuline, tuleb teda aeg- ajalt uuendada v\u00f5rse tippudest tehtud pistikutega. Vajadust taime v\u00e4rskendamiseks n\u00e4itab seegi, kui v\u00f5rsete alumistes osades lehed kuivavad ja v\u00f5rsed inetult paljaks j\u00e4\u00e4vad. V\u00f5rsetippude k\u00e4rpimine aitab kaasa ka apteenia paremale harunemisele ja seel\u00e4bi lopsakamale kasvule.<\/p>\n<p>S\u00fcdajalehist apteeniat kasutatakse Aafrika rahvameditsiinis p\u00f5letikuvastase toime t\u00f5ttu, deodorandina, imikute terviseh\u00e4dade puhul. Taime p\u00f5letatud varsi ja lehti asetatakse valutavatele liigestele.<\/p>\n<p>Mahlased suvised s\u00fcdajalehise apteenia lehed on heaks lisandiks suvistele roogadele nii v\u00e4rskelt kui k\u00fcpsetatult. Ja muidugi smuutidesse v\u00f5ib m\u00f5ned kr\u00f5mpsud lehed sisse suristada. Tasub proovimist!<\/p>\n","protected":false},"featured_media":17915,"template":"","meta":{"_acf_changed":false,"_et_pb_use_builder":"","_et_pb_old_content":"","_et_gb_content_width":"","inline_featured_image":false},"product_brand":[],"product_cat":[186,203,200],"product_tag":[],"class_list":{"0":"post-17914","1":"product","2":"type-product","3":"status-publish","4":"has-post-thumbnail","6":"product_cat-maitse-ja-ravimtaimede-istikud","7":"product_cat-ponevad-koogiviljad","8":"product_cat-muud-maitsetaimed","10":"first","11":"instock","12":"sale","13":"taxable","14":"shipping-taxable","15":"purchasable","16":"product-type-simple"},"acf":[],"yoast_head":"<!-- This site is optimized with the Yoast SEO plugin v26.4 - https:\/\/yoast.com\/wordpress\/plugins\/seo\/ -->\n<title>S\u00fcdajalehine apteenia &quot;Variegata&quot; - Tamme talu \u00fcrdiaed<\/title>\n<meta name=\"robots\" content=\"index, follow, max-snippet:-1, max-image-preview:large, max-video-preview:-1\" \/>\n<link rel=\"canonical\" href=\"https:\/\/tammetalu.eu\/toode\/sudajalehine-apteenia-variegata\/\" \/>\n<meta property=\"og:locale\" content=\"fi_FI\" \/>\n<meta property=\"og:type\" content=\"article\" \/>\n<meta property=\"og:title\" content=\"S\u00fcdajalehine apteenia &quot;Variegata&quot; - Tamme talu \u00fcrdiaed\" \/>\n<meta property=\"og:description\" content=\"Aptenia cordifoliaS\u00fcdajalehine apteenia on igihaljas ja kiirekasvuline sukulent L\u00f5una-Aafrikast, mis on levinud meil Eestis peaasjalikult suvelillena. Kuid v\u00e4hem teatakse, et apteenia on ka ravim- ja toidutaim. Lisaks saab seda armast suvelille talvel edasi kasvatada tavalise toataimena. Siis vajab taim valgust ja m\u00f5\u00f5dukat kastmist. Ja ikka pigem v\u00e4hem vett, sest just liigkastmine v\u00f5ib muidu v\u00e4ga sitke taime hukutada.S\u00fcdajalehine apteenia on &quot;laisa&quot; v\u00f5i kiire eluviisiga inimese taim, sest talub\u00a0 hooletusse j\u00e4tmist v\u00e4ga leplikult. Kuna apteenia on suhteliselt kiirekasvuline, tuleb teda aeg- ajalt uuendada v\u00f5rse tippudest tehtud pistikutega. Vajadust taime v\u00e4rskendamiseks n\u00e4itab seegi, kui v\u00f5rsete alumistes osades lehed kuivavad ja v\u00f5rsed inetult paljaks j\u00e4\u00e4vad. V\u00f5rsetippude k\u00e4rpimine aitab kaasa ka apteenia paremale harunemisele ja seel\u00e4bi lopsakamale kasvule.S\u00fcdajalehist apteeniat kasutatakse Aafrika rahvameditsiinis p\u00f5letikuvastase toime t\u00f5ttu, deodorandina, imikute terviseh\u00e4dade puhul. Taime p\u00f5letatud varsi ja lehti asetatakse valutavatele liigestele.Mahlased suvised s\u00fcdajalehise apteenia lehed on heaks lisandiks suvistele roogadele nii v\u00e4rskelt kui k\u00fcpsetatult. Ja muidugi smuutidesse v\u00f5ib m\u00f5ned kr\u00f5mpsud lehed sisse suristada. Tasub proovimist!\" \/>\n<meta property=\"og:url\" content=\"https:\/\/tammetalu.eu\/toode\/sudajalehine-apteenia-variegata\/\" \/>\n<meta property=\"og:site_name\" content=\"Tamme talu \u00fcrdiaed\" \/>\n<meta property=\"article:publisher\" content=\"https:\/\/www.facebook.com\/TammeTaluUrdiaed\/?locale=et_EE\" \/>\n<meta property=\"article:modified_time\" content=\"2026-04-19T07:45:02+00:00\" \/>\n<meta property=\"og:image\" content=\"https:\/\/tammetalu.eu\/wp-content\/uploads\/2023\/04\/Aptenia-cordifolia-tamme-talu-urdiaed.jpg\" \/>\n\t<meta property=\"og:image:width\" content=\"750\" \/>\n\t<meta property=\"og:image:height\" content=\"563\" \/>\n\t<meta property=\"og:image:type\" content=\"image\/jpeg\" \/>\n<meta name=\"twitter:card\" content=\"summary_large_image\" \/>\n<meta name=\"twitter:label1\" content=\"Arvioitu lukuaika\" \/>\n\t<meta name=\"twitter:data1\" content=\"1 minuutti\" \/>\n<script type=\"application\/ld+json\" class=\"yoast-schema-graph\">{\"@context\":\"https:\/\/schema.org\",\"@graph\":[{\"@type\":\"WebPage\",\"@id\":\"https:\/\/tammetalu.eu\/toode\/sudajalehine-apteenia-variegata\/\",\"url\":\"https:\/\/tammetalu.eu\/toode\/sudajalehine-apteenia-variegata\/\",\"name\":\"S\u00fcdajalehine apteenia \\\"Variegata\\\" - Tamme talu \u00fcrdiaed\",\"isPartOf\":{\"@id\":\"https:\/\/tammetalu.eu\/#website\"},\"primaryImageOfPage\":{\"@id\":\"https:\/\/tammetalu.eu\/toode\/sudajalehine-apteenia-variegata\/#primaryimage\"},\"image\":{\"@id\":\"https:\/\/tammetalu.eu\/toode\/sudajalehine-apteenia-variegata\/#primaryimage\"},\"thumbnailUrl\":\"https:\/\/tammetalu.eu\/wp-content\/uploads\/2023\/04\/Aptenia-cordifolia-tamme-talu-urdiaed.jpg\",\"datePublished\":\"2023-04-12T13:31:17+00:00\",\"dateModified\":\"2026-04-19T07:45:02+00:00\",\"breadcrumb\":{\"@id\":\"https:\/\/tammetalu.eu\/toode\/sudajalehine-apteenia-variegata\/#breadcrumb\"},\"inLanguage\":\"fi\",\"potentialAction\":[{\"@type\":\"ReadAction\",\"target\":[\"https:\/\/tammetalu.eu\/toode\/sudajalehine-apteenia-variegata\/\"]}]},{\"@type\":\"ImageObject\",\"inLanguage\":\"fi\",\"@id\":\"https:\/\/tammetalu.eu\/toode\/sudajalehine-apteenia-variegata\/#primaryimage\",\"url\":\"https:\/\/tammetalu.eu\/wp-content\/uploads\/2023\/04\/Aptenia-cordifolia-tamme-talu-urdiaed.jpg\",\"contentUrl\":\"https:\/\/tammetalu.eu\/wp-content\/uploads\/2023\/04\/Aptenia-cordifolia-tamme-talu-urdiaed.jpg\",\"width\":750,\"height\":563,\"caption\":\"Aptenia-cordifolia-tamme-talu-urdiaed\"},{\"@type\":\"BreadcrumbList\",\"@id\":\"https:\/\/tammetalu.eu\/toode\/sudajalehine-apteenia-variegata\/#breadcrumb\",\"itemListElement\":[{\"@type\":\"ListItem\",\"position\":1,\"name\":\"Home\",\"item\":\"https:\/\/tammetalu.eu\/fi\/etusivu\/\"},{\"@type\":\"ListItem\",\"position\":2,\"name\":\"Kaikki tuotteet\",\"item\":\"https:\/\/tammetalu.eu\/fi\/kaikki-tuotteet\/\"},{\"@type\":\"ListItem\",\"position\":3,\"name\":\"S\u00fcdajalehine apteenia &#8220;Variegata&#8221;\"}]},{\"@type\":\"WebSite\",\"@id\":\"https:\/\/tammetalu.eu\/#website\",\"url\":\"https:\/\/tammetalu.eu\/\",\"name\":\"Tamme talu \u00fcrdiaed\",\"description\":\"K\u00e4sit\u00f6\u00f6na valmistatud tooted \u00fcrtidest, \u00fcrdiistikud, \u00fcrtide kollektsioonaed\",\"publisher\":{\"@id\":\"https:\/\/tammetalu.eu\/#organization\"},\"alternateName\":\"Tamme talu\",\"potentialAction\":[{\"@type\":\"SearchAction\",\"target\":{\"@type\":\"EntryPoint\",\"urlTemplate\":\"https:\/\/tammetalu.eu\/?s={search_term_string}\"},\"query-input\":{\"@type\":\"PropertyValueSpecification\",\"valueRequired\":true,\"valueName\":\"search_term_string\"}}],\"inLanguage\":\"fi\"},{\"@type\":\"Organization\",\"@id\":\"https:\/\/tammetalu.eu\/#organization\",\"name\":\"Tamme talu \u00fcrdiaed\",\"alternateName\":\"Tamme talu\",\"url\":\"https:\/\/tammetalu.eu\/\",\"logo\":{\"@type\":\"ImageObject\",\"inLanguage\":\"fi\",\"@id\":\"https:\/\/tammetalu.eu\/#\/schema\/logo\/image\/\",\"url\":\"https:\/\/tammetalu.eu\/wp-content\/uploads\/2025\/01\/Tamme_talu_urdiaed.png\",\"contentUrl\":\"https:\/\/tammetalu.eu\/wp-content\/uploads\/2025\/01\/Tamme_talu_urdiaed.png\",\"width\":560,\"height\":560,\"caption\":\"Tamme talu \u00fcrdiaed\"},\"image\":{\"@id\":\"https:\/\/tammetalu.eu\/#\/schema\/logo\/image\/\"},\"sameAs\":[\"https:\/\/www.facebook.com\/TammeTaluUrdiaed\/?locale=et_EE\",\"https:\/\/www.instagram.com\/tammetaluurdiaed\/\"]}]}<\/script>\n<!-- \/ Yoast SEO plugin. -->","yoast_head_json":{"title":"S\u00fcdajalehine apteenia \"Variegata\" - Tamme talu \u00fcrdiaed","robots":{"index":"index","follow":"follow","max-snippet":"max-snippet:-1","max-image-preview":"max-image-preview:large","max-video-preview":"max-video-preview:-1"},"canonical":"https:\/\/tammetalu.eu\/toode\/sudajalehine-apteenia-variegata\/","og_locale":"fi_FI","og_type":"article","og_title":"S\u00fcdajalehine apteenia \"Variegata\" - Tamme talu \u00fcrdiaed","og_description":"Aptenia cordifoliaS\u00fcdajalehine apteenia on igihaljas ja kiirekasvuline sukulent L\u00f5una-Aafrikast, mis on levinud meil Eestis peaasjalikult suvelillena. Kuid v\u00e4hem teatakse, et apteenia on ka ravim- ja toidutaim. Lisaks saab seda armast suvelille talvel edasi kasvatada tavalise toataimena. Siis vajab taim valgust ja m\u00f5\u00f5dukat kastmist. Ja ikka pigem v\u00e4hem vett, sest just liigkastmine v\u00f5ib muidu v\u00e4ga sitke taime hukutada.S\u00fcdajalehine apteenia on \"laisa\" v\u00f5i kiire eluviisiga inimese taim, sest talub\u00a0 hooletusse j\u00e4tmist v\u00e4ga leplikult. Kuna apteenia on suhteliselt kiirekasvuline, tuleb teda aeg- ajalt uuendada v\u00f5rse tippudest tehtud pistikutega. Vajadust taime v\u00e4rskendamiseks n\u00e4itab seegi, kui v\u00f5rsete alumistes osades lehed kuivavad ja v\u00f5rsed inetult paljaks j\u00e4\u00e4vad. V\u00f5rsetippude k\u00e4rpimine aitab kaasa ka apteenia paremale harunemisele ja seel\u00e4bi lopsakamale kasvule.S\u00fcdajalehist apteeniat kasutatakse Aafrika rahvameditsiinis p\u00f5letikuvastase toime t\u00f5ttu, deodorandina, imikute terviseh\u00e4dade puhul. Taime p\u00f5letatud varsi ja lehti asetatakse valutavatele liigestele.Mahlased suvised s\u00fcdajalehise apteenia lehed on heaks lisandiks suvistele roogadele nii v\u00e4rskelt kui k\u00fcpsetatult. Ja muidugi smuutidesse v\u00f5ib m\u00f5ned kr\u00f5mpsud lehed sisse suristada. Tasub proovimist!","og_url":"https:\/\/tammetalu.eu\/toode\/sudajalehine-apteenia-variegata\/","og_site_name":"Tamme talu \u00fcrdiaed","article_publisher":"https:\/\/www.facebook.com\/TammeTaluUrdiaed\/?locale=et_EE","article_modified_time":"2026-04-19T07:45:02+00:00","og_image":[{"width":750,"height":563,"url":"https:\/\/tammetalu.eu\/wp-content\/uploads\/2023\/04\/Aptenia-cordifolia-tamme-talu-urdiaed.jpg","type":"image\/jpeg"}],"twitter_card":"summary_large_image","twitter_misc":{"Arvioitu lukuaika":"1 minuutti"},"schema":{"@context":"https:\/\/schema.org","@graph":[{"@type":"WebPage","@id":"https:\/\/tammetalu.eu\/toode\/sudajalehine-apteenia-variegata\/","url":"https:\/\/tammetalu.eu\/toode\/sudajalehine-apteenia-variegata\/","name":"S\u00fcdajalehine apteenia \"Variegata\" - Tamme talu \u00fcrdiaed","isPartOf":{"@id":"https:\/\/tammetalu.eu\/#website"},"primaryImageOfPage":{"@id":"https:\/\/tammetalu.eu\/toode\/sudajalehine-apteenia-variegata\/#primaryimage"},"image":{"@id":"https:\/\/tammetalu.eu\/toode\/sudajalehine-apteenia-variegata\/#primaryimage"},"thumbnailUrl":"https:\/\/tammetalu.eu\/wp-content\/uploads\/2023\/04\/Aptenia-cordifolia-tamme-talu-urdiaed.jpg","datePublished":"2023-04-12T13:31:17+00:00","dateModified":"2026-04-19T07:45:02+00:00","breadcrumb":{"@id":"https:\/\/tammetalu.eu\/toode\/sudajalehine-apteenia-variegata\/#breadcrumb"},"inLanguage":"fi","potentialAction":[{"@type":"ReadAction","target":["https:\/\/tammetalu.eu\/toode\/sudajalehine-apteenia-variegata\/"]}]},{"@type":"ImageObject","inLanguage":"fi","@id":"https:\/\/tammetalu.eu\/toode\/sudajalehine-apteenia-variegata\/#primaryimage","url":"https:\/\/tammetalu.eu\/wp-content\/uploads\/2023\/04\/Aptenia-cordifolia-tamme-talu-urdiaed.jpg","contentUrl":"https:\/\/tammetalu.eu\/wp-content\/uploads\/2023\/04\/Aptenia-cordifolia-tamme-talu-urdiaed.jpg","width":750,"height":563,"caption":"Aptenia-cordifolia-tamme-talu-urdiaed"},{"@type":"BreadcrumbList","@id":"https:\/\/tammetalu.eu\/toode\/sudajalehine-apteenia-variegata\/#breadcrumb","itemListElement":[{"@type":"ListItem","position":1,"name":"Home","item":"https:\/\/tammetalu.eu\/fi\/etusivu\/"},{"@type":"ListItem","position":2,"name":"Kaikki tuotteet","item":"https:\/\/tammetalu.eu\/fi\/kaikki-tuotteet\/"},{"@type":"ListItem","position":3,"name":"S\u00fcdajalehine apteenia &#8220;Variegata&#8221;"}]},{"@type":"WebSite","@id":"https:\/\/tammetalu.eu\/#website","url":"https:\/\/tammetalu.eu\/","name":"Tamme talu \u00fcrdiaed","description":"K\u00e4sit\u00f6\u00f6na valmistatud tooted \u00fcrtidest, \u00fcrdiistikud, \u00fcrtide kollektsioonaed","publisher":{"@id":"https:\/\/tammetalu.eu\/#organization"},"alternateName":"Tamme talu","potentialAction":[{"@type":"SearchAction","target":{"@type":"EntryPoint","urlTemplate":"https:\/\/tammetalu.eu\/?s={search_term_string}"},"query-input":{"@type":"PropertyValueSpecification","valueRequired":true,"valueName":"search_term_string"}}],"inLanguage":"fi"},{"@type":"Organization","@id":"https:\/\/tammetalu.eu\/#organization","name":"Tamme talu \u00fcrdiaed","alternateName":"Tamme talu","url":"https:\/\/tammetalu.eu\/","logo":{"@type":"ImageObject","inLanguage":"fi","@id":"https:\/\/tammetalu.eu\/#\/schema\/logo\/image\/","url":"https:\/\/tammetalu.eu\/wp-content\/uploads\/2025\/01\/Tamme_talu_urdiaed.png","contentUrl":"https:\/\/tammetalu.eu\/wp-content\/uploads\/2025\/01\/Tamme_talu_urdiaed.png","width":560,"height":560,"caption":"Tamme talu \u00fcrdiaed"},"image":{"@id":"https:\/\/tammetalu.eu\/#\/schema\/logo\/image\/"},"sameAs":["https:\/\/www.facebook.com\/TammeTaluUrdiaed\/?locale=et_EE","https:\/\/www.instagram.com\/tammetaluurdiaed\/"]}]}},"_links":{"self":[{"href":"https:\/\/tammetalu.eu\/fi\/wp-json\/wp\/v2\/product\/17914","targetHints":{"allow":["GET"]}}],"collection":[{"href":"https:\/\/tammetalu.eu\/fi\/wp-json\/wp\/v2\/product"}],"about":[{"href":"https:\/\/tammetalu.eu\/fi\/wp-json\/wp\/v2\/types\/product"}],"wp:featuredmedia":[{"embeddable":true,"href":"https:\/\/tammetalu.eu\/fi\/wp-json\/wp\/v2\/media\/17915"}],"wp:attachment":[{"href":"https:\/\/tammetalu.eu\/fi\/wp-json\/wp\/v2\/media?parent=17914"}],"wp:term":[{"taxonomy":"product_brand","embeddable":true,"href":"https:\/\/tammetalu.eu\/fi\/wp-json\/wp\/v2\/product_brand?post=17914"},{"taxonomy":"product_cat","embeddable":true,"href":"https:\/\/tammetalu.eu\/fi\/wp-json\/wp\/v2\/product_cat?post=17914"},{"taxonomy":"product_tag","embeddable":true,"href":"https:\/\/tammetalu.eu\/fi\/wp-json\/wp\/v2\/product_tag?post=17914"}],"curies":[{"name":"wp","href":"https:\/\/api.w.org\/{rel}","templated":true}]}}