{"id":17943,"date":"2023-04-12T16:48:07","date_gmt":"2023-04-12T13:48:07","guid":{"rendered":"https:\/\/tammetalu.eu\/?post_type=product&#038;p=17943"},"modified":"2026-05-04T08:49:32","modified_gmt":"2026-05-04T05:49:32","slug":"tahkjas-liatris","status":"publish","type":"product","link":"https:\/\/tammetalu.eu\/fi\/toode\/tahkjas-liatris\/","title":{"rendered":"T\u00e4hkjas liatris Liatris spicata"},"content":{"rendered":"","protected":false},"excerpt":{"rendered":"<p><em>Liatris spicata<\/em><\/p>\n<p>T\u00e4hkjas liatris on p\u00fcstise kasvu, lillakaspunase \u00f5isikute ja lineaalsete lehtedega puhmikuline. Varred on tihedalt lehistunud. \u00d5ied avanevad \u00f5isiku tipust ja l\u00f5petab \u00f5isiku alumises osas. \u00d5itsemise aeg juuli kuni august. Kasvatamiseks sobivad parasniisked neutraalsed, vett h\u00e4sti l\u00e4bilaskvad mullad ja p\u00e4ikeseline kuni poolvarjuline kasvukoht. Sobib vabakujulise r\u00fchmana kiviktaimlasse, p\u00fcsilillepeenrasse ja konteinerisse. Hea l\u00f5ikelill ja meetaim.<\/p>\n<p>T\u00e4hkja liatriselLehti ja juuri kasutatakse rahvameditsiinis erinevate terviseh\u00e4dade leevendamiseks.<\/p>\n","protected":false},"featured_media":17944,"template":"","meta":{"_acf_changed":false,"_et_pb_use_builder":"","_et_pb_old_content":"","_et_gb_content_width":"","inline_featured_image":false},"product_brand":[],"product_cat":[186,200],"product_tag":[],"class_list":{"0":"post-17943","1":"product","2":"type-product","3":"status-publish","4":"has-post-thumbnail","6":"product_cat-maitse-ja-ravimtaimede-istikud","7":"product_cat-muud-maitsetaimed","9":"first","10":"outofstock","11":"taxable","12":"shipping-taxable","13":"purchasable","14":"product-type-simple"},"acf":[],"yoast_head":"<!-- This site is optimized with the Yoast SEO plugin v27.5 - https:\/\/yoast.com\/product\/yoast-seo-wordpress\/ -->\n<title>T\u00e4hkjas liatris Liatris spicata - Tamme talu \u00fcrdiaed<\/title>\n<meta name=\"robots\" content=\"index, follow, max-snippet:-1, max-image-preview:large, max-video-preview:-1\" \/>\n<link rel=\"canonical\" href=\"https:\/\/tammetalu.eu\/toode\/tahkjas-liatris\/\" \/>\n<meta property=\"og:locale\" content=\"fi_FI\" \/>\n<meta property=\"og:type\" content=\"article\" \/>\n<meta property=\"og:title\" content=\"T\u00e4hkjas liatris Liatris spicata - Tamme talu \u00fcrdiaed\" \/>\n<meta property=\"og:description\" content=\"Liatris spicata  T\u00e4hkjas liatris on p\u00fcstise kasvu, lillakaspunase \u00f5isikute ja lineaalsete lehtedega puhmikuline. Varred on tihedalt lehistunud. \u00d5ied avanevad \u00f5isiku tipust ja l\u00f5petab \u00f5isiku alumises osas. \u00d5itsemise aeg juuli kuni august. Kasvatamiseks sobivad parasniisked neutraalsed, vett h\u00e4sti l\u00e4bilaskvad mullad ja p\u00e4ikeseline kuni poolvarjuline kasvukoht. Sobib vabakujulise r\u00fchmana kiviktaimlasse, p\u00fcsilillepeenrasse ja konteinerisse. Hea l\u00f5ikelill ja meetaim.  T\u00e4hkja liatriselLehti ja juuri kasutatakse rahvameditsiinis erinevate terviseh\u00e4dade leevendamiseks.\" \/>\n<meta property=\"og:url\" content=\"https:\/\/tammetalu.eu\/toode\/tahkjas-liatris\/\" \/>\n<meta property=\"og:site_name\" content=\"Tamme talu \u00fcrdiaed\" \/>\n<meta property=\"article:publisher\" content=\"https:\/\/www.facebook.com\/TammeTaluUrdiaed\/?locale=et_EE\" \/>\n<meta property=\"article:modified_time\" content=\"2026-05-04T05:49:32+00:00\" \/>\n<meta property=\"og:image\" content=\"https:\/\/tammetalu.eu\/wp-content\/uploads\/2023\/04\/Tahkjas_liatris_Liatris_spicata_tamme_talu_urdiaed.jpg\" \/>\n\t<meta property=\"og:image:width\" content=\"1024\" \/>\n\t<meta property=\"og:image:height\" content=\"1024\" \/>\n\t<meta property=\"og:image:type\" content=\"image\/jpeg\" \/>\n<meta name=\"twitter:card\" content=\"summary_large_image\" \/>\n<meta name=\"twitter:label1\" content=\"Arvioitu lukuaika\" \/>\n\t<meta name=\"twitter:data1\" content=\"1 minuutti\" \/>\n<script type=\"application\/ld+json\" class=\"yoast-schema-graph\">{\"@context\":\"https:\\\/\\\/schema.org\",\"@graph\":[{\"@type\":\"WebPage\",\"@id\":\"https:\\\/\\\/tammetalu.eu\\\/toode\\\/tahkjas-liatris\\\/\",\"url\":\"https:\\\/\\\/tammetalu.eu\\\/toode\\\/tahkjas-liatris\\\/\",\"name\":\"T\u00e4hkjas liatris Liatris spicata - Tamme talu \u00fcrdiaed\",\"isPartOf\":{\"@id\":\"https:\\\/\\\/tammetalu.eu\\\/#website\"},\"primaryImageOfPage\":{\"@id\":\"https:\\\/\\\/tammetalu.eu\\\/toode\\\/tahkjas-liatris\\\/#primaryimage\"},\"image\":{\"@id\":\"https:\\\/\\\/tammetalu.eu\\\/toode\\\/tahkjas-liatris\\\/#primaryimage\"},\"thumbnailUrl\":\"https:\\\/\\\/tammetalu.eu\\\/wp-content\\\/uploads\\\/2023\\\/04\\\/Tahkjas_liatris_Liatris_spicata_tamme_talu_urdiaed.jpg\",\"datePublished\":\"2023-04-12T13:48:07+00:00\",\"dateModified\":\"2026-05-04T05:49:32+00:00\",\"breadcrumb\":{\"@id\":\"https:\\\/\\\/tammetalu.eu\\\/toode\\\/tahkjas-liatris\\\/#breadcrumb\"},\"inLanguage\":\"fi\",\"potentialAction\":[{\"@type\":\"ReadAction\",\"target\":[\"https:\\\/\\\/tammetalu.eu\\\/toode\\\/tahkjas-liatris\\\/\"]}]},{\"@type\":\"ImageObject\",\"inLanguage\":\"fi\",\"@id\":\"https:\\\/\\\/tammetalu.eu\\\/toode\\\/tahkjas-liatris\\\/#primaryimage\",\"url\":\"https:\\\/\\\/tammetalu.eu\\\/wp-content\\\/uploads\\\/2023\\\/04\\\/Tahkjas_liatris_Liatris_spicata_tamme_talu_urdiaed.jpg\",\"contentUrl\":\"https:\\\/\\\/tammetalu.eu\\\/wp-content\\\/uploads\\\/2023\\\/04\\\/Tahkjas_liatris_Liatris_spicata_tamme_talu_urdiaed.jpg\",\"width\":1024,\"height\":1024,\"caption\":\"Tahkjas_liatris_Liatris_spicata_tamme_talu_urdiaed\"},{\"@type\":\"BreadcrumbList\",\"@id\":\"https:\\\/\\\/tammetalu.eu\\\/toode\\\/tahkjas-liatris\\\/#breadcrumb\",\"itemListElement\":[{\"@type\":\"ListItem\",\"position\":1,\"name\":\"Home\",\"item\":\"https:\\\/\\\/tammetalu.eu\\\/fi\\\/etusivu\\\/\"},{\"@type\":\"ListItem\",\"position\":2,\"name\":\"Kaikki tuotteet\",\"item\":\"https:\\\/\\\/tammetalu.eu\\\/fi\\\/kaikki-tuotteet\\\/\"},{\"@type\":\"ListItem\",\"position\":3,\"name\":\"T\u00e4hkjas liatris Liatris spicata\"}]},{\"@type\":\"WebSite\",\"@id\":\"https:\\\/\\\/tammetalu.eu\\\/#website\",\"url\":\"https:\\\/\\\/tammetalu.eu\\\/\",\"name\":\"Tamme talu \u00fcrdiaed\",\"description\":\"K\u00e4sit\u00f6\u00f6na valmistatud tooted \u00fcrtidest, \u00fcrdiistikud, \u00fcrtide kollektsioonaed\",\"publisher\":{\"@id\":\"https:\\\/\\\/tammetalu.eu\\\/#organization\"},\"alternateName\":\"Tamme talu\",\"potentialAction\":[{\"@type\":\"SearchAction\",\"target\":{\"@type\":\"EntryPoint\",\"urlTemplate\":\"https:\\\/\\\/tammetalu.eu\\\/?s={search_term_string}\"},\"query-input\":{\"@type\":\"PropertyValueSpecification\",\"valueRequired\":true,\"valueName\":\"search_term_string\"}}],\"inLanguage\":\"fi\"},{\"@type\":\"Organization\",\"@id\":\"https:\\\/\\\/tammetalu.eu\\\/#organization\",\"name\":\"Tamme talu \u00fcrdiaed\",\"alternateName\":\"Tamme talu\",\"url\":\"https:\\\/\\\/tammetalu.eu\\\/\",\"logo\":{\"@type\":\"ImageObject\",\"inLanguage\":\"fi\",\"@id\":\"https:\\\/\\\/tammetalu.eu\\\/#\\\/schema\\\/logo\\\/image\\\/\",\"url\":\"https:\\\/\\\/tammetalu.eu\\\/wp-content\\\/uploads\\\/2025\\\/01\\\/Tamme_talu_urdiaed.png\",\"contentUrl\":\"https:\\\/\\\/tammetalu.eu\\\/wp-content\\\/uploads\\\/2025\\\/01\\\/Tamme_talu_urdiaed.png\",\"width\":560,\"height\":560,\"caption\":\"Tamme talu \u00fcrdiaed\"},\"image\":{\"@id\":\"https:\\\/\\\/tammetalu.eu\\\/#\\\/schema\\\/logo\\\/image\\\/\"},\"sameAs\":[\"https:\\\/\\\/www.facebook.com\\\/TammeTaluUrdiaed\\\/?locale=et_EE\",\"https:\\\/\\\/www.instagram.com\\\/tammetaluurdiaed\\\/\"]}]}<\/script>\n<!-- \/ Yoast SEO plugin. -->","yoast_head_json":{"title":"T\u00e4hkjas liatris Liatris spicata - Tamme talu \u00fcrdiaed","robots":{"index":"index","follow":"follow","max-snippet":"max-snippet:-1","max-image-preview":"max-image-preview:large","max-video-preview":"max-video-preview:-1"},"canonical":"https:\/\/tammetalu.eu\/toode\/tahkjas-liatris\/","og_locale":"fi_FI","og_type":"article","og_title":"T\u00e4hkjas liatris Liatris spicata - Tamme talu \u00fcrdiaed","og_description":"Liatris spicata  T\u00e4hkjas liatris on p\u00fcstise kasvu, lillakaspunase \u00f5isikute ja lineaalsete lehtedega puhmikuline. Varred on tihedalt lehistunud. \u00d5ied avanevad \u00f5isiku tipust ja l\u00f5petab \u00f5isiku alumises osas. \u00d5itsemise aeg juuli kuni august. Kasvatamiseks sobivad parasniisked neutraalsed, vett h\u00e4sti l\u00e4bilaskvad mullad ja p\u00e4ikeseline kuni poolvarjuline kasvukoht. Sobib vabakujulise r\u00fchmana kiviktaimlasse, p\u00fcsilillepeenrasse ja konteinerisse. Hea l\u00f5ikelill ja meetaim.  T\u00e4hkja liatriselLehti ja juuri kasutatakse rahvameditsiinis erinevate terviseh\u00e4dade leevendamiseks.","og_url":"https:\/\/tammetalu.eu\/toode\/tahkjas-liatris\/","og_site_name":"Tamme talu \u00fcrdiaed","article_publisher":"https:\/\/www.facebook.com\/TammeTaluUrdiaed\/?locale=et_EE","article_modified_time":"2026-05-04T05:49:32+00:00","og_image":[{"width":1024,"height":1024,"url":"https:\/\/tammetalu.eu\/wp-content\/uploads\/2023\/04\/Tahkjas_liatris_Liatris_spicata_tamme_talu_urdiaed.jpg","type":"image\/jpeg"}],"twitter_card":"summary_large_image","twitter_misc":{"Arvioitu lukuaika":"1 minuutti"},"schema":{"@context":"https:\/\/schema.org","@graph":[{"@type":"WebPage","@id":"https:\/\/tammetalu.eu\/toode\/tahkjas-liatris\/","url":"https:\/\/tammetalu.eu\/toode\/tahkjas-liatris\/","name":"T\u00e4hkjas liatris Liatris spicata - Tamme talu \u00fcrdiaed","isPartOf":{"@id":"https:\/\/tammetalu.eu\/#website"},"primaryImageOfPage":{"@id":"https:\/\/tammetalu.eu\/toode\/tahkjas-liatris\/#primaryimage"},"image":{"@id":"https:\/\/tammetalu.eu\/toode\/tahkjas-liatris\/#primaryimage"},"thumbnailUrl":"https:\/\/tammetalu.eu\/wp-content\/uploads\/2023\/04\/Tahkjas_liatris_Liatris_spicata_tamme_talu_urdiaed.jpg","datePublished":"2023-04-12T13:48:07+00:00","dateModified":"2026-05-04T05:49:32+00:00","breadcrumb":{"@id":"https:\/\/tammetalu.eu\/toode\/tahkjas-liatris\/#breadcrumb"},"inLanguage":"fi","potentialAction":[{"@type":"ReadAction","target":["https:\/\/tammetalu.eu\/toode\/tahkjas-liatris\/"]}]},{"@type":"ImageObject","inLanguage":"fi","@id":"https:\/\/tammetalu.eu\/toode\/tahkjas-liatris\/#primaryimage","url":"https:\/\/tammetalu.eu\/wp-content\/uploads\/2023\/04\/Tahkjas_liatris_Liatris_spicata_tamme_talu_urdiaed.jpg","contentUrl":"https:\/\/tammetalu.eu\/wp-content\/uploads\/2023\/04\/Tahkjas_liatris_Liatris_spicata_tamme_talu_urdiaed.jpg","width":1024,"height":1024,"caption":"Tahkjas_liatris_Liatris_spicata_tamme_talu_urdiaed"},{"@type":"BreadcrumbList","@id":"https:\/\/tammetalu.eu\/toode\/tahkjas-liatris\/#breadcrumb","itemListElement":[{"@type":"ListItem","position":1,"name":"Home","item":"https:\/\/tammetalu.eu\/fi\/etusivu\/"},{"@type":"ListItem","position":2,"name":"Kaikki tuotteet","item":"https:\/\/tammetalu.eu\/fi\/kaikki-tuotteet\/"},{"@type":"ListItem","position":3,"name":"T\u00e4hkjas liatris Liatris spicata"}]},{"@type":"WebSite","@id":"https:\/\/tammetalu.eu\/#website","url":"https:\/\/tammetalu.eu\/","name":"Tamme talu \u00fcrdiaed","description":"K\u00e4sit\u00f6\u00f6na valmistatud tooted \u00fcrtidest, \u00fcrdiistikud, \u00fcrtide kollektsioonaed","publisher":{"@id":"https:\/\/tammetalu.eu\/#organization"},"alternateName":"Tamme talu","potentialAction":[{"@type":"SearchAction","target":{"@type":"EntryPoint","urlTemplate":"https:\/\/tammetalu.eu\/?s={search_term_string}"},"query-input":{"@type":"PropertyValueSpecification","valueRequired":true,"valueName":"search_term_string"}}],"inLanguage":"fi"},{"@type":"Organization","@id":"https:\/\/tammetalu.eu\/#organization","name":"Tamme talu \u00fcrdiaed","alternateName":"Tamme talu","url":"https:\/\/tammetalu.eu\/","logo":{"@type":"ImageObject","inLanguage":"fi","@id":"https:\/\/tammetalu.eu\/#\/schema\/logo\/image\/","url":"https:\/\/tammetalu.eu\/wp-content\/uploads\/2025\/01\/Tamme_talu_urdiaed.png","contentUrl":"https:\/\/tammetalu.eu\/wp-content\/uploads\/2025\/01\/Tamme_talu_urdiaed.png","width":560,"height":560,"caption":"Tamme talu \u00fcrdiaed"},"image":{"@id":"https:\/\/tammetalu.eu\/#\/schema\/logo\/image\/"},"sameAs":["https:\/\/www.facebook.com\/TammeTaluUrdiaed\/?locale=et_EE","https:\/\/www.instagram.com\/tammetaluurdiaed\/"]}]}},"_links":{"self":[{"href":"https:\/\/tammetalu.eu\/fi\/wp-json\/wp\/v2\/product\/17943","targetHints":{"allow":["GET"]}}],"collection":[{"href":"https:\/\/tammetalu.eu\/fi\/wp-json\/wp\/v2\/product"}],"about":[{"href":"https:\/\/tammetalu.eu\/fi\/wp-json\/wp\/v2\/types\/product"}],"wp:featuredmedia":[{"embeddable":true,"href":"https:\/\/tammetalu.eu\/fi\/wp-json\/wp\/v2\/media\/17944"}],"wp:attachment":[{"href":"https:\/\/tammetalu.eu\/fi\/wp-json\/wp\/v2\/media?parent=17943"}],"wp:term":[{"taxonomy":"product_brand","embeddable":true,"href":"https:\/\/tammetalu.eu\/fi\/wp-json\/wp\/v2\/product_brand?post=17943"},{"taxonomy":"product_cat","embeddable":true,"href":"https:\/\/tammetalu.eu\/fi\/wp-json\/wp\/v2\/product_cat?post=17943"},{"taxonomy":"product_tag","embeddable":true,"href":"https:\/\/tammetalu.eu\/fi\/wp-json\/wp\/v2\/product_tag?post=17943"}],"curies":[{"name":"wp","href":"https:\/\/api.w.org\/{rel}","templated":true}]}}