{"id":17973,"date":"2023-04-12T17:06:05","date_gmt":"2023-04-12T14:06:05","guid":{"rendered":"https:\/\/tammetalu.eu\/?post_type=product&#038;p=17973"},"modified":"2026-05-07T10:54:26","modified_gmt":"2026-05-07T07:54:26","slug":"viielehine-eluvaat-2","status":"publish","type":"product","link":"https:\/\/tammetalu.eu\/fi\/toode\/viielehine-eluvaat-2\/","title":{"rendered":"Viielehine eluv\u00e4\u00e4t Gynostemma pentaphyllum"},"content":{"rendered":"","protected":false},"excerpt":{"rendered":"<p><em>Gynostemma pentaphyllum<\/em><\/p>\n<p>Hiina traditsioonilises meditsiinis v\u00e4ga hinnatud ravim- ja teetaim, mida tuntakse nimega Jiaogulan. Viielehine eluv\u00e4\u00e4t on olemuselt ilusa rohelise lehestikuga v\u00e4ga leplik kuid k\u00fclmahell taim, mida saab soovi korral kasvatada tavalise toataimena. Sobib kasvatamiseks amplis ja potitaimena. Taimel on kuni 8 meetrised v\u00f5rsed, mida saab soovi korral s\u00e4ttida tugedele ronima. \u00dcks v\u00e4heseid ravimtaimi,\u00a0 mis lepib varjulise v\u00f5i poolvarjulise kohaga. T\u00e4isp\u00e4ikeses t\u00f5mbuvad taime lehed kokku, see on m\u00e4rguanne, et eluv\u00e4\u00e4t tuleks paigutada varjulisemasse kohta. Mullaks sobib tavaline parasniiske muld. Suvel saab eluv\u00e4\u00e4ti kasvatada \u00f5ues, kuid enne \u00f6\u00f6k\u00fclmade m\u00f6\u00f6dumist taime v\u00e4lja viia ei saa.<\/p>\n<p>Tervistavaks ja j\u00f5udu andvaks teeks v\u00f5ib noppida taimelt v\u00e4rskeid rohelisi lehti, soovi korral v\u00f5ib neid ka kuivatada. Taime raviomadused on tuntud juba sajandeid ja kasutatakse teda erinevate terviseh\u00e4dade leevendajana.<\/p>\n<p>Viielehise eluv\u00e4\u00e4di lehed ja varred on s\u00f6\u00f6davad, neid v\u00f5ib keeta, hautada v\u00f5i tarvitada toorelt.<\/p>\n<p>&nbsp;<\/p>\n","protected":false},"featured_media":17974,"template":"","meta":{"_acf_changed":false,"_et_pb_use_builder":"","_et_pb_old_content":"","_et_gb_content_width":"","inline_featured_image":false},"product_brand":[],"product_cat":[186,200],"product_tag":[],"class_list":{"0":"post-17973","1":"product","2":"type-product","3":"status-publish","4":"has-post-thumbnail","6":"product_cat-maitse-ja-ravimtaimede-istikud","7":"product_cat-muud-maitsetaimed","9":"first","10":"instock","11":"taxable","12":"shipping-taxable","13":"purchasable","14":"product-type-simple"},"acf":[],"yoast_head":"<!-- This site is optimized with the Yoast SEO plugin v27.5 - https:\/\/yoast.com\/product\/yoast-seo-wordpress\/ -->\n<title>Viielehine eluv\u00e4\u00e4t Gynostemma pentaphyllum - Tamme talu \u00fcrdiaed<\/title>\n<meta name=\"robots\" content=\"index, follow, max-snippet:-1, max-image-preview:large, max-video-preview:-1\" \/>\n<link rel=\"canonical\" href=\"https:\/\/tammetalu.eu\/toode\/viielehine-eluvaat-2\/\" \/>\n<meta property=\"og:locale\" content=\"fi_FI\" \/>\n<meta property=\"og:type\" content=\"article\" \/>\n<meta property=\"og:title\" content=\"Viielehine eluv\u00e4\u00e4t Gynostemma pentaphyllum - Tamme talu \u00fcrdiaed\" \/>\n<meta property=\"og:description\" content=\"Gynostemma pentaphyllum  Hiina traditsioonilises meditsiinis v\u00e4ga hinnatud ravim- ja teetaim, mida tuntakse nimega Jiaogulan. Viielehine eluv\u00e4\u00e4t on olemuselt ilusa rohelise lehestikuga v\u00e4ga leplik kuid k\u00fclmahell taim, mida saab soovi korral kasvatada tavalise toataimena. Sobib kasvatamiseks amplis ja potitaimena. Taimel on kuni 8 meetrised v\u00f5rsed, mida saab soovi korral s\u00e4ttida tugedele ronima. \u00dcks v\u00e4heseid ravimtaimi,\u00a0 mis lepib varjulise v\u00f5i poolvarjulise kohaga. T\u00e4isp\u00e4ikeses t\u00f5mbuvad taime lehed kokku, see on m\u00e4rguanne, et eluv\u00e4\u00e4t tuleks paigutada varjulisemasse kohta. Mullaks sobib tavaline parasniiske muld. Suvel saab eluv\u00e4\u00e4ti kasvatada \u00f5ues, kuid enne \u00f6\u00f6k\u00fclmade m\u00f6\u00f6dumist taime v\u00e4lja viia ei saa.  Tervistavaks ja j\u00f5udu andvaks teeks v\u00f5ib noppida taimelt v\u00e4rskeid rohelisi lehti, soovi korral v\u00f5ib neid ka kuivatada. Taime raviomadused on tuntud juba sajandeid ja kasutatakse teda erinevate terviseh\u00e4dade leevendajana.  Viielehise eluv\u00e4\u00e4di lehed ja varred on s\u00f6\u00f6davad, neid v\u00f5ib keeta, hautada v\u00f5i tarvitada toorelt.  &nbsp;\" \/>\n<meta property=\"og:url\" content=\"https:\/\/tammetalu.eu\/toode\/viielehine-eluvaat-2\/\" \/>\n<meta property=\"og:site_name\" content=\"Tamme talu \u00fcrdiaed\" \/>\n<meta property=\"article:publisher\" content=\"https:\/\/www.facebook.com\/TammeTaluUrdiaed\/?locale=et_EE\" \/>\n<meta property=\"article:modified_time\" content=\"2026-05-07T07:54:26+00:00\" \/>\n<meta property=\"og:image\" content=\"https:\/\/tammetalu.eu\/wp-content\/uploads\/2023\/04\/Viielehine_eluvaat_Gynostemma_pentaphyllum_tamme_talu_urdiaed.jpg\" \/>\n\t<meta property=\"og:image:width\" content=\"470\" \/>\n\t<meta property=\"og:image:height\" content=\"470\" \/>\n\t<meta property=\"og:image:type\" content=\"image\/jpeg\" \/>\n<meta name=\"twitter:card\" content=\"summary_large_image\" \/>\n<meta name=\"twitter:label1\" content=\"Arvioitu lukuaika\" \/>\n\t<meta name=\"twitter:data1\" content=\"1 minuutti\" \/>\n<script type=\"application\/ld+json\" class=\"yoast-schema-graph\">{\"@context\":\"https:\\\/\\\/schema.org\",\"@graph\":[{\"@type\":\"WebPage\",\"@id\":\"https:\\\/\\\/tammetalu.eu\\\/toode\\\/viielehine-eluvaat-2\\\/\",\"url\":\"https:\\\/\\\/tammetalu.eu\\\/toode\\\/viielehine-eluvaat-2\\\/\",\"name\":\"Viielehine eluv\u00e4\u00e4t Gynostemma pentaphyllum - Tamme talu \u00fcrdiaed\",\"isPartOf\":{\"@id\":\"https:\\\/\\\/tammetalu.eu\\\/#website\"},\"primaryImageOfPage\":{\"@id\":\"https:\\\/\\\/tammetalu.eu\\\/toode\\\/viielehine-eluvaat-2\\\/#primaryimage\"},\"image\":{\"@id\":\"https:\\\/\\\/tammetalu.eu\\\/toode\\\/viielehine-eluvaat-2\\\/#primaryimage\"},\"thumbnailUrl\":\"https:\\\/\\\/tammetalu.eu\\\/wp-content\\\/uploads\\\/2023\\\/04\\\/Viielehine_eluvaat_Gynostemma_pentaphyllum_tamme_talu_urdiaed.jpg\",\"datePublished\":\"2023-04-12T14:06:05+00:00\",\"dateModified\":\"2026-05-07T07:54:26+00:00\",\"breadcrumb\":{\"@id\":\"https:\\\/\\\/tammetalu.eu\\\/toode\\\/viielehine-eluvaat-2\\\/#breadcrumb\"},\"inLanguage\":\"fi\",\"potentialAction\":[{\"@type\":\"ReadAction\",\"target\":[\"https:\\\/\\\/tammetalu.eu\\\/toode\\\/viielehine-eluvaat-2\\\/\"]}]},{\"@type\":\"ImageObject\",\"inLanguage\":\"fi\",\"@id\":\"https:\\\/\\\/tammetalu.eu\\\/toode\\\/viielehine-eluvaat-2\\\/#primaryimage\",\"url\":\"https:\\\/\\\/tammetalu.eu\\\/wp-content\\\/uploads\\\/2023\\\/04\\\/Viielehine_eluvaat_Gynostemma_pentaphyllum_tamme_talu_urdiaed.jpg\",\"contentUrl\":\"https:\\\/\\\/tammetalu.eu\\\/wp-content\\\/uploads\\\/2023\\\/04\\\/Viielehine_eluvaat_Gynostemma_pentaphyllum_tamme_talu_urdiaed.jpg\",\"width\":470,\"height\":470,\"caption\":\"Viielehine_eluvaat_Gynostemma_pentaphyllum_tamme_talu_urdiaed\"},{\"@type\":\"BreadcrumbList\",\"@id\":\"https:\\\/\\\/tammetalu.eu\\\/toode\\\/viielehine-eluvaat-2\\\/#breadcrumb\",\"itemListElement\":[{\"@type\":\"ListItem\",\"position\":1,\"name\":\"Home\",\"item\":\"https:\\\/\\\/tammetalu.eu\\\/fi\\\/etusivu\\\/\"},{\"@type\":\"ListItem\",\"position\":2,\"name\":\"Kaikki tuotteet\",\"item\":\"https:\\\/\\\/tammetalu.eu\\\/fi\\\/kaikki-tuotteet\\\/\"},{\"@type\":\"ListItem\",\"position\":3,\"name\":\"Viielehine eluv\u00e4\u00e4t Gynostemma pentaphyllum\"}]},{\"@type\":\"WebSite\",\"@id\":\"https:\\\/\\\/tammetalu.eu\\\/#website\",\"url\":\"https:\\\/\\\/tammetalu.eu\\\/\",\"name\":\"Tamme talu \u00fcrdiaed\",\"description\":\"K\u00e4sit\u00f6\u00f6na valmistatud tooted \u00fcrtidest, \u00fcrdiistikud, \u00fcrtide kollektsioonaed\",\"publisher\":{\"@id\":\"https:\\\/\\\/tammetalu.eu\\\/#organization\"},\"alternateName\":\"Tamme talu\",\"potentialAction\":[{\"@type\":\"SearchAction\",\"target\":{\"@type\":\"EntryPoint\",\"urlTemplate\":\"https:\\\/\\\/tammetalu.eu\\\/?s={search_term_string}\"},\"query-input\":{\"@type\":\"PropertyValueSpecification\",\"valueRequired\":true,\"valueName\":\"search_term_string\"}}],\"inLanguage\":\"fi\"},{\"@type\":\"Organization\",\"@id\":\"https:\\\/\\\/tammetalu.eu\\\/#organization\",\"name\":\"Tamme talu \u00fcrdiaed\",\"alternateName\":\"Tamme talu\",\"url\":\"https:\\\/\\\/tammetalu.eu\\\/\",\"logo\":{\"@type\":\"ImageObject\",\"inLanguage\":\"fi\",\"@id\":\"https:\\\/\\\/tammetalu.eu\\\/#\\\/schema\\\/logo\\\/image\\\/\",\"url\":\"https:\\\/\\\/tammetalu.eu\\\/wp-content\\\/uploads\\\/2025\\\/01\\\/Tamme_talu_urdiaed.png\",\"contentUrl\":\"https:\\\/\\\/tammetalu.eu\\\/wp-content\\\/uploads\\\/2025\\\/01\\\/Tamme_talu_urdiaed.png\",\"width\":560,\"height\":560,\"caption\":\"Tamme talu \u00fcrdiaed\"},\"image\":{\"@id\":\"https:\\\/\\\/tammetalu.eu\\\/#\\\/schema\\\/logo\\\/image\\\/\"},\"sameAs\":[\"https:\\\/\\\/www.facebook.com\\\/TammeTaluUrdiaed\\\/?locale=et_EE\",\"https:\\\/\\\/www.instagram.com\\\/tammetaluurdiaed\\\/\"]}]}<\/script>\n<!-- \/ Yoast SEO plugin. -->","yoast_head_json":{"title":"Viielehine eluv\u00e4\u00e4t Gynostemma pentaphyllum - Tamme talu \u00fcrdiaed","robots":{"index":"index","follow":"follow","max-snippet":"max-snippet:-1","max-image-preview":"max-image-preview:large","max-video-preview":"max-video-preview:-1"},"canonical":"https:\/\/tammetalu.eu\/toode\/viielehine-eluvaat-2\/","og_locale":"fi_FI","og_type":"article","og_title":"Viielehine eluv\u00e4\u00e4t Gynostemma pentaphyllum - Tamme talu \u00fcrdiaed","og_description":"Gynostemma pentaphyllum  Hiina traditsioonilises meditsiinis v\u00e4ga hinnatud ravim- ja teetaim, mida tuntakse nimega Jiaogulan. Viielehine eluv\u00e4\u00e4t on olemuselt ilusa rohelise lehestikuga v\u00e4ga leplik kuid k\u00fclmahell taim, mida saab soovi korral kasvatada tavalise toataimena. Sobib kasvatamiseks amplis ja potitaimena. Taimel on kuni 8 meetrised v\u00f5rsed, mida saab soovi korral s\u00e4ttida tugedele ronima. \u00dcks v\u00e4heseid ravimtaimi,\u00a0 mis lepib varjulise v\u00f5i poolvarjulise kohaga. T\u00e4isp\u00e4ikeses t\u00f5mbuvad taime lehed kokku, see on m\u00e4rguanne, et eluv\u00e4\u00e4t tuleks paigutada varjulisemasse kohta. Mullaks sobib tavaline parasniiske muld. Suvel saab eluv\u00e4\u00e4ti kasvatada \u00f5ues, kuid enne \u00f6\u00f6k\u00fclmade m\u00f6\u00f6dumist taime v\u00e4lja viia ei saa.  Tervistavaks ja j\u00f5udu andvaks teeks v\u00f5ib noppida taimelt v\u00e4rskeid rohelisi lehti, soovi korral v\u00f5ib neid ka kuivatada. Taime raviomadused on tuntud juba sajandeid ja kasutatakse teda erinevate terviseh\u00e4dade leevendajana.  Viielehise eluv\u00e4\u00e4di lehed ja varred on s\u00f6\u00f6davad, neid v\u00f5ib keeta, hautada v\u00f5i tarvitada toorelt.  &nbsp;","og_url":"https:\/\/tammetalu.eu\/toode\/viielehine-eluvaat-2\/","og_site_name":"Tamme talu \u00fcrdiaed","article_publisher":"https:\/\/www.facebook.com\/TammeTaluUrdiaed\/?locale=et_EE","article_modified_time":"2026-05-07T07:54:26+00:00","og_image":[{"width":470,"height":470,"url":"https:\/\/tammetalu.eu\/wp-content\/uploads\/2023\/04\/Viielehine_eluvaat_Gynostemma_pentaphyllum_tamme_talu_urdiaed.jpg","type":"image\/jpeg"}],"twitter_card":"summary_large_image","twitter_misc":{"Arvioitu lukuaika":"1 minuutti"},"schema":{"@context":"https:\/\/schema.org","@graph":[{"@type":"WebPage","@id":"https:\/\/tammetalu.eu\/toode\/viielehine-eluvaat-2\/","url":"https:\/\/tammetalu.eu\/toode\/viielehine-eluvaat-2\/","name":"Viielehine eluv\u00e4\u00e4t Gynostemma pentaphyllum - Tamme talu \u00fcrdiaed","isPartOf":{"@id":"https:\/\/tammetalu.eu\/#website"},"primaryImageOfPage":{"@id":"https:\/\/tammetalu.eu\/toode\/viielehine-eluvaat-2\/#primaryimage"},"image":{"@id":"https:\/\/tammetalu.eu\/toode\/viielehine-eluvaat-2\/#primaryimage"},"thumbnailUrl":"https:\/\/tammetalu.eu\/wp-content\/uploads\/2023\/04\/Viielehine_eluvaat_Gynostemma_pentaphyllum_tamme_talu_urdiaed.jpg","datePublished":"2023-04-12T14:06:05+00:00","dateModified":"2026-05-07T07:54:26+00:00","breadcrumb":{"@id":"https:\/\/tammetalu.eu\/toode\/viielehine-eluvaat-2\/#breadcrumb"},"inLanguage":"fi","potentialAction":[{"@type":"ReadAction","target":["https:\/\/tammetalu.eu\/toode\/viielehine-eluvaat-2\/"]}]},{"@type":"ImageObject","inLanguage":"fi","@id":"https:\/\/tammetalu.eu\/toode\/viielehine-eluvaat-2\/#primaryimage","url":"https:\/\/tammetalu.eu\/wp-content\/uploads\/2023\/04\/Viielehine_eluvaat_Gynostemma_pentaphyllum_tamme_talu_urdiaed.jpg","contentUrl":"https:\/\/tammetalu.eu\/wp-content\/uploads\/2023\/04\/Viielehine_eluvaat_Gynostemma_pentaphyllum_tamme_talu_urdiaed.jpg","width":470,"height":470,"caption":"Viielehine_eluvaat_Gynostemma_pentaphyllum_tamme_talu_urdiaed"},{"@type":"BreadcrumbList","@id":"https:\/\/tammetalu.eu\/toode\/viielehine-eluvaat-2\/#breadcrumb","itemListElement":[{"@type":"ListItem","position":1,"name":"Home","item":"https:\/\/tammetalu.eu\/fi\/etusivu\/"},{"@type":"ListItem","position":2,"name":"Kaikki tuotteet","item":"https:\/\/tammetalu.eu\/fi\/kaikki-tuotteet\/"},{"@type":"ListItem","position":3,"name":"Viielehine eluv\u00e4\u00e4t Gynostemma pentaphyllum"}]},{"@type":"WebSite","@id":"https:\/\/tammetalu.eu\/#website","url":"https:\/\/tammetalu.eu\/","name":"Tamme talu \u00fcrdiaed","description":"K\u00e4sit\u00f6\u00f6na valmistatud tooted \u00fcrtidest, \u00fcrdiistikud, \u00fcrtide kollektsioonaed","publisher":{"@id":"https:\/\/tammetalu.eu\/#organization"},"alternateName":"Tamme talu","potentialAction":[{"@type":"SearchAction","target":{"@type":"EntryPoint","urlTemplate":"https:\/\/tammetalu.eu\/?s={search_term_string}"},"query-input":{"@type":"PropertyValueSpecification","valueRequired":true,"valueName":"search_term_string"}}],"inLanguage":"fi"},{"@type":"Organization","@id":"https:\/\/tammetalu.eu\/#organization","name":"Tamme talu \u00fcrdiaed","alternateName":"Tamme talu","url":"https:\/\/tammetalu.eu\/","logo":{"@type":"ImageObject","inLanguage":"fi","@id":"https:\/\/tammetalu.eu\/#\/schema\/logo\/image\/","url":"https:\/\/tammetalu.eu\/wp-content\/uploads\/2025\/01\/Tamme_talu_urdiaed.png","contentUrl":"https:\/\/tammetalu.eu\/wp-content\/uploads\/2025\/01\/Tamme_talu_urdiaed.png","width":560,"height":560,"caption":"Tamme talu \u00fcrdiaed"},"image":{"@id":"https:\/\/tammetalu.eu\/#\/schema\/logo\/image\/"},"sameAs":["https:\/\/www.facebook.com\/TammeTaluUrdiaed\/?locale=et_EE","https:\/\/www.instagram.com\/tammetaluurdiaed\/"]}]}},"_links":{"self":[{"href":"https:\/\/tammetalu.eu\/fi\/wp-json\/wp\/v2\/product\/17973","targetHints":{"allow":["GET"]}}],"collection":[{"href":"https:\/\/tammetalu.eu\/fi\/wp-json\/wp\/v2\/product"}],"about":[{"href":"https:\/\/tammetalu.eu\/fi\/wp-json\/wp\/v2\/types\/product"}],"wp:featuredmedia":[{"embeddable":true,"href":"https:\/\/tammetalu.eu\/fi\/wp-json\/wp\/v2\/media\/17974"}],"wp:attachment":[{"href":"https:\/\/tammetalu.eu\/fi\/wp-json\/wp\/v2\/media?parent=17973"}],"wp:term":[{"taxonomy":"product_brand","embeddable":true,"href":"https:\/\/tammetalu.eu\/fi\/wp-json\/wp\/v2\/product_brand?post=17973"},{"taxonomy":"product_cat","embeddable":true,"href":"https:\/\/tammetalu.eu\/fi\/wp-json\/wp\/v2\/product_cat?post=17973"},{"taxonomy":"product_tag","embeddable":true,"href":"https:\/\/tammetalu.eu\/fi\/wp-json\/wp\/v2\/product_tag?post=17973"}],"curies":[{"name":"wp","href":"https:\/\/api.w.org\/{rel}","templated":true}]}}