{"id":17993,"date":"2023-04-12T17:22:51","date_gmt":"2023-04-12T14:22:51","guid":{"rendered":"https:\/\/tammetalu.eu\/?post_type=product&#038;p=17993"},"modified":"2026-04-25T15:07:39","modified_gmt":"2026-04-25T12:07:39","slug":"onne-janesekapsas-2","status":"publish","type":"product","link":"https:\/\/tammetalu.eu\/fi\/toode\/onne-janesekapsas-2\/","title":{"rendered":"\u00d5nne-j\u00e4nesekapsas"},"content":{"rendered":"","protected":false},"excerpt":{"rendered":"<p><em>Oxalis tetraphylla<\/em><\/p>\n<p>\u00d5nne-j\u00e4nesekapsas on l\u00f5heroosade \u00f5itega armas taimeke. Oma nime on ta\u00a0 saanud oma neljatisi ristikheinalehti meenutavate lehtede j\u00e4rgi. Taim on p\u00e4rit Mehhikost, kus ta looduslikult esineb.<\/p>\n<p>\u00d5nne-j\u00e4nesekapsas kasvab h\u00e4sti nii t\u00e4isp\u00e4ikeses kui poolvarjus ja pigem happelisemas aiamullas. Kastmise suhtes on \u00fcsna leplik. Mina olen aastaid kasvatanud \u00f5nne-j\u00e4nesekapsast potitaimena, sest siis tuleb v\u00e4heldase taime muljetavaldav v\u00e4limus eriti esile. Lisaks on potis kasvavat j\u00e4nesekapsast lihtne ka talvekorterisse seada, sest see k\u00fclma\u00f5rn j\u00e4nesekapsas ei talvitu meil peenras. S\u00fcgisel, juba enne esimesi \u00f6\u00f6k\u00fclmi, l\u00f5petan ma taime kastmise.<\/p>\n<p>Kui esimesed \u00f6\u00f6k\u00fclmad taime lehed \u00e4ra v\u00f5tavad, t\u00f5stan ma taime koos potiga tuppa pimedasse kuiva kohta ja unustan kuni kevadeni. Siis on paras aeg taime ka paljundada, nimelt puhastan sibulad kuivast mullast ja jagan sibulad mitmesse potti laiali. Paras sibulate vahe on 3-5 cm. Parim muld on h\u00e4sti vett l\u00e4bi laskev ja veidi happeline.<\/p>\n<p>Parimaks istutusn\u00f5uks on \u00f5nne-j\u00e4nesekapsale pigem laiem ja mitte eriti s\u00fcgav anum. Potid t\u00f5stan valguse k\u00e4tte m\u00e4rtsis ja alustan tagasihoidliku kastmisega. \u00d5ige pea n\u00e4itab taim kasvu algust. Kui on soov \u00f5nne-j\u00e4nesekapsast \u00fcheaastase peenralillena kasvatada, siis sibulate maha tippimise aeg on mais, kui ilmad juba v\u00e4he soojemad on.<\/p>\n<p>Sibulate paras istutuss\u00fcgavus on kahe- kuni kolmekordne sibula k\u00f5rgus. Peenrast on taime v\u00e4ikeseid sibulakesi s\u00fcgisel \u00fcsna t\u00fc\u00fctu v\u00e4lja noppida. Kui osa neist juhtub t\u00e4helepanematuse t\u00f5ttu peenrasse j\u00e4\u00e4ma, siis pole vaja muret tunda, sest sibulakesed k\u00fclmuvad talvel \u00e4ra ja \u00f5nne-j\u00e4nesekapsas ei muutu seet\u00f5ttu t\u00fclikaks umbrohuks.<\/p>\n<p>Taime lehed ja \u00f5ied on m\u00f5nusalt hapud ja sisaldavad C-vitamiini.<\/p>\n<p>J\u00e4nesekapsaste kasvatamise ja kasutamise kohta loe l\u00e4hemalt <span style=\"color: #008000\"><a style=\"color: #008000\" href=\"https:\/\/tammetalu.eu\/janesekapsad-blogipostitus\/\">Tamme talu \u00fcrdiaia blogist.<\/a><\/span><\/p>\n","protected":false},"featured_media":17994,"template":"","meta":{"_acf_changed":false,"_et_pb_use_builder":"","_et_pb_old_content":"","_et_gb_content_width":"","inline_featured_image":false},"product_brand":[],"product_cat":[186,206],"product_tag":[],"class_list":{"0":"post-17993","1":"product","2":"type-product","3":"status-publish","4":"has-post-thumbnail","6":"product_cat-maitse-ja-ravimtaimede-istikud","7":"product_cat-janesekapsad","9":"first","10":"instock","11":"sale","12":"taxable","13":"shipping-taxable","14":"purchasable","15":"product-type-simple"},"acf":[],"yoast_head":"<!-- This site is optimized with the Yoast SEO plugin v26.4 - https:\/\/yoast.com\/wordpress\/plugins\/seo\/ -->\n<title>\u00d5nne-j\u00e4nesekapsas - Tamme talu \u00fcrdiaed<\/title>\n<meta name=\"robots\" content=\"index, follow, max-snippet:-1, max-image-preview:large, max-video-preview:-1\" \/>\n<link rel=\"canonical\" href=\"https:\/\/tammetalu.eu\/toode\/onne-janesekapsas-2\/\" \/>\n<meta property=\"og:locale\" content=\"fi_FI\" \/>\n<meta property=\"og:type\" content=\"article\" \/>\n<meta property=\"og:title\" content=\"\u00d5nne-j\u00e4nesekapsas - Tamme talu \u00fcrdiaed\" \/>\n<meta property=\"og:description\" content=\"Oxalis tetraphylla\u00d5nne-j\u00e4nesekapsas on l\u00f5heroosade \u00f5itega armas taimeke. Oma nime on ta\u00a0 saanud oma neljatisi ristikheinalehti meenutavate lehtede j\u00e4rgi. Taim on p\u00e4rit Mehhikost, kus ta looduslikult esineb.\u00d5nne-j\u00e4nesekapsas kasvab h\u00e4sti nii t\u00e4isp\u00e4ikeses kui poolvarjus ja pigem happelisemas aiamullas. Kastmise suhtes on \u00fcsna leplik. Mina olen aastaid kasvatanud \u00f5nne-j\u00e4nesekapsast potitaimena, sest siis tuleb v\u00e4heldase taime muljetavaldav v\u00e4limus eriti esile. Lisaks on potis kasvavat j\u00e4nesekapsast lihtne ka talvekorterisse seada, sest see k\u00fclma\u00f5rn j\u00e4nesekapsas ei talvitu meil peenras. S\u00fcgisel, juba enne esimesi \u00f6\u00f6k\u00fclmi, l\u00f5petan ma taime kastmise.Kui esimesed \u00f6\u00f6k\u00fclmad taime lehed \u00e4ra v\u00f5tavad, t\u00f5stan ma taime koos potiga tuppa pimedasse kuiva kohta ja unustan kuni kevadeni. Siis on paras aeg taime ka paljundada, nimelt puhastan sibulad kuivast mullast ja jagan sibulad mitmesse potti laiali. Paras sibulate vahe on 3-5 cm. Parim muld on h\u00e4sti vett l\u00e4bi laskev ja veidi happeline.Parimaks istutusn\u00f5uks on \u00f5nne-j\u00e4nesekapsale pigem laiem ja mitte eriti s\u00fcgav anum. Potid t\u00f5stan valguse k\u00e4tte m\u00e4rtsis ja alustan tagasihoidliku kastmisega. \u00d5ige pea n\u00e4itab taim kasvu algust. Kui on soov \u00f5nne-j\u00e4nesekapsast \u00fcheaastase peenralillena kasvatada, siis sibulate maha tippimise aeg on mais, kui ilmad juba v\u00e4he soojemad on.Sibulate paras istutuss\u00fcgavus on kahe- kuni kolmekordne sibula k\u00f5rgus. Peenrast on taime v\u00e4ikeseid sibulakesi s\u00fcgisel \u00fcsna t\u00fc\u00fctu v\u00e4lja noppida. Kui osa neist juhtub t\u00e4helepanematuse t\u00f5ttu peenrasse j\u00e4\u00e4ma, siis pole vaja muret tunda, sest sibulakesed k\u00fclmuvad talvel \u00e4ra ja \u00f5nne-j\u00e4nesekapsas ei muutu seet\u00f5ttu t\u00fclikaks umbrohuks.Taime lehed ja \u00f5ied on m\u00f5nusalt hapud ja sisaldavad C-vitamiini.J\u00e4nesekapsaste kasvatamise ja kasutamise kohta loe l\u00e4hemalt Tamme talu \u00fcrdiaia blogist.\" \/>\n<meta property=\"og:url\" content=\"https:\/\/tammetalu.eu\/toode\/onne-janesekapsas-2\/\" \/>\n<meta property=\"og:site_name\" content=\"Tamme talu \u00fcrdiaed\" \/>\n<meta property=\"article:publisher\" content=\"https:\/\/www.facebook.com\/TammeTaluUrdiaed\/?locale=et_EE\" \/>\n<meta property=\"article:modified_time\" content=\"2026-04-25T12:07:39+00:00\" \/>\n<meta property=\"og:image\" content=\"https:\/\/tammetalu.eu\/wp-content\/uploads\/2023\/04\/Onne_janesekapsas_oxalis_tetraphylla_tamme_talu_urdiaed.jpg\" \/>\n\t<meta property=\"og:image:width\" content=\"1024\" \/>\n\t<meta property=\"og:image:height\" content=\"1024\" \/>\n\t<meta property=\"og:image:type\" content=\"image\/jpeg\" \/>\n<meta name=\"twitter:card\" content=\"summary_large_image\" \/>\n<script type=\"application\/ld+json\" class=\"yoast-schema-graph\">{\"@context\":\"https:\/\/schema.org\",\"@graph\":[{\"@type\":\"WebPage\",\"@id\":\"https:\/\/tammetalu.eu\/toode\/onne-janesekapsas-2\/\",\"url\":\"https:\/\/tammetalu.eu\/toode\/onne-janesekapsas-2\/\",\"name\":\"\u00d5nne-j\u00e4nesekapsas - Tamme talu \u00fcrdiaed\",\"isPartOf\":{\"@id\":\"https:\/\/tammetalu.eu\/#website\"},\"primaryImageOfPage\":{\"@id\":\"https:\/\/tammetalu.eu\/toode\/onne-janesekapsas-2\/#primaryimage\"},\"image\":{\"@id\":\"https:\/\/tammetalu.eu\/toode\/onne-janesekapsas-2\/#primaryimage\"},\"thumbnailUrl\":\"https:\/\/tammetalu.eu\/wp-content\/uploads\/2023\/04\/Onne_janesekapsas_oxalis_tetraphylla_tamme_talu_urdiaed.jpg\",\"datePublished\":\"2023-04-12T14:22:51+00:00\",\"dateModified\":\"2026-04-25T12:07:39+00:00\",\"breadcrumb\":{\"@id\":\"https:\/\/tammetalu.eu\/toode\/onne-janesekapsas-2\/#breadcrumb\"},\"inLanguage\":\"fi\",\"potentialAction\":[{\"@type\":\"ReadAction\",\"target\":[\"https:\/\/tammetalu.eu\/toode\/onne-janesekapsas-2\/\"]}]},{\"@type\":\"ImageObject\",\"inLanguage\":\"fi\",\"@id\":\"https:\/\/tammetalu.eu\/toode\/onne-janesekapsas-2\/#primaryimage\",\"url\":\"https:\/\/tammetalu.eu\/wp-content\/uploads\/2023\/04\/Onne_janesekapsas_oxalis_tetraphylla_tamme_talu_urdiaed.jpg\",\"contentUrl\":\"https:\/\/tammetalu.eu\/wp-content\/uploads\/2023\/04\/Onne_janesekapsas_oxalis_tetraphylla_tamme_talu_urdiaed.jpg\",\"width\":1024,\"height\":1024,\"caption\":\"Onne_janesekapsas_oxalis_tetraphylla_tamme_talu_urdiaed\"},{\"@type\":\"BreadcrumbList\",\"@id\":\"https:\/\/tammetalu.eu\/toode\/onne-janesekapsas-2\/#breadcrumb\",\"itemListElement\":[{\"@type\":\"ListItem\",\"position\":1,\"name\":\"Home\",\"item\":\"https:\/\/tammetalu.eu\/fi\/etusivu\/\"},{\"@type\":\"ListItem\",\"position\":2,\"name\":\"Kaikki tuotteet\",\"item\":\"https:\/\/tammetalu.eu\/fi\/kaikki-tuotteet\/\"},{\"@type\":\"ListItem\",\"position\":3,\"name\":\"\u00d5nne-j\u00e4nesekapsas\"}]},{\"@type\":\"WebSite\",\"@id\":\"https:\/\/tammetalu.eu\/#website\",\"url\":\"https:\/\/tammetalu.eu\/\",\"name\":\"Tamme talu \u00fcrdiaed\",\"description\":\"K\u00e4sit\u00f6\u00f6na valmistatud tooted \u00fcrtidest, \u00fcrdiistikud, \u00fcrtide kollektsioonaed\",\"publisher\":{\"@id\":\"https:\/\/tammetalu.eu\/#organization\"},\"alternateName\":\"Tamme talu\",\"potentialAction\":[{\"@type\":\"SearchAction\",\"target\":{\"@type\":\"EntryPoint\",\"urlTemplate\":\"https:\/\/tammetalu.eu\/?s={search_term_string}\"},\"query-input\":{\"@type\":\"PropertyValueSpecification\",\"valueRequired\":true,\"valueName\":\"search_term_string\"}}],\"inLanguage\":\"fi\"},{\"@type\":\"Organization\",\"@id\":\"https:\/\/tammetalu.eu\/#organization\",\"name\":\"Tamme talu \u00fcrdiaed\",\"alternateName\":\"Tamme talu\",\"url\":\"https:\/\/tammetalu.eu\/\",\"logo\":{\"@type\":\"ImageObject\",\"inLanguage\":\"fi\",\"@id\":\"https:\/\/tammetalu.eu\/#\/schema\/logo\/image\/\",\"url\":\"https:\/\/tammetalu.eu\/wp-content\/uploads\/2025\/01\/Tamme_talu_urdiaed.png\",\"contentUrl\":\"https:\/\/tammetalu.eu\/wp-content\/uploads\/2025\/01\/Tamme_talu_urdiaed.png\",\"width\":560,\"height\":560,\"caption\":\"Tamme talu \u00fcrdiaed\"},\"image\":{\"@id\":\"https:\/\/tammetalu.eu\/#\/schema\/logo\/image\/\"},\"sameAs\":[\"https:\/\/www.facebook.com\/TammeTaluUrdiaed\/?locale=et_EE\",\"https:\/\/www.instagram.com\/tammetaluurdiaed\/\"]}]}<\/script>\n<!-- \/ Yoast SEO plugin. -->","yoast_head_json":{"title":"\u00d5nne-j\u00e4nesekapsas - Tamme talu \u00fcrdiaed","robots":{"index":"index","follow":"follow","max-snippet":"max-snippet:-1","max-image-preview":"max-image-preview:large","max-video-preview":"max-video-preview:-1"},"canonical":"https:\/\/tammetalu.eu\/toode\/onne-janesekapsas-2\/","og_locale":"fi_FI","og_type":"article","og_title":"\u00d5nne-j\u00e4nesekapsas - Tamme talu \u00fcrdiaed","og_description":"Oxalis tetraphylla\u00d5nne-j\u00e4nesekapsas on l\u00f5heroosade \u00f5itega armas taimeke. Oma nime on ta\u00a0 saanud oma neljatisi ristikheinalehti meenutavate lehtede j\u00e4rgi. Taim on p\u00e4rit Mehhikost, kus ta looduslikult esineb.\u00d5nne-j\u00e4nesekapsas kasvab h\u00e4sti nii t\u00e4isp\u00e4ikeses kui poolvarjus ja pigem happelisemas aiamullas. Kastmise suhtes on \u00fcsna leplik. Mina olen aastaid kasvatanud \u00f5nne-j\u00e4nesekapsast potitaimena, sest siis tuleb v\u00e4heldase taime muljetavaldav v\u00e4limus eriti esile. Lisaks on potis kasvavat j\u00e4nesekapsast lihtne ka talvekorterisse seada, sest see k\u00fclma\u00f5rn j\u00e4nesekapsas ei talvitu meil peenras. S\u00fcgisel, juba enne esimesi \u00f6\u00f6k\u00fclmi, l\u00f5petan ma taime kastmise.Kui esimesed \u00f6\u00f6k\u00fclmad taime lehed \u00e4ra v\u00f5tavad, t\u00f5stan ma taime koos potiga tuppa pimedasse kuiva kohta ja unustan kuni kevadeni. Siis on paras aeg taime ka paljundada, nimelt puhastan sibulad kuivast mullast ja jagan sibulad mitmesse potti laiali. Paras sibulate vahe on 3-5 cm. Parim muld on h\u00e4sti vett l\u00e4bi laskev ja veidi happeline.Parimaks istutusn\u00f5uks on \u00f5nne-j\u00e4nesekapsale pigem laiem ja mitte eriti s\u00fcgav anum. Potid t\u00f5stan valguse k\u00e4tte m\u00e4rtsis ja alustan tagasihoidliku kastmisega. \u00d5ige pea n\u00e4itab taim kasvu algust. Kui on soov \u00f5nne-j\u00e4nesekapsast \u00fcheaastase peenralillena kasvatada, siis sibulate maha tippimise aeg on mais, kui ilmad juba v\u00e4he soojemad on.Sibulate paras istutuss\u00fcgavus on kahe- kuni kolmekordne sibula k\u00f5rgus. Peenrast on taime v\u00e4ikeseid sibulakesi s\u00fcgisel \u00fcsna t\u00fc\u00fctu v\u00e4lja noppida. Kui osa neist juhtub t\u00e4helepanematuse t\u00f5ttu peenrasse j\u00e4\u00e4ma, siis pole vaja muret tunda, sest sibulakesed k\u00fclmuvad talvel \u00e4ra ja \u00f5nne-j\u00e4nesekapsas ei muutu seet\u00f5ttu t\u00fclikaks umbrohuks.Taime lehed ja \u00f5ied on m\u00f5nusalt hapud ja sisaldavad C-vitamiini.J\u00e4nesekapsaste kasvatamise ja kasutamise kohta loe l\u00e4hemalt Tamme talu \u00fcrdiaia blogist.","og_url":"https:\/\/tammetalu.eu\/toode\/onne-janesekapsas-2\/","og_site_name":"Tamme talu \u00fcrdiaed","article_publisher":"https:\/\/www.facebook.com\/TammeTaluUrdiaed\/?locale=et_EE","article_modified_time":"2026-04-25T12:07:39+00:00","og_image":[{"width":1024,"height":1024,"url":"https:\/\/tammetalu.eu\/wp-content\/uploads\/2023\/04\/Onne_janesekapsas_oxalis_tetraphylla_tamme_talu_urdiaed.jpg","type":"image\/jpeg"}],"twitter_card":"summary_large_image","schema":{"@context":"https:\/\/schema.org","@graph":[{"@type":"WebPage","@id":"https:\/\/tammetalu.eu\/toode\/onne-janesekapsas-2\/","url":"https:\/\/tammetalu.eu\/toode\/onne-janesekapsas-2\/","name":"\u00d5nne-j\u00e4nesekapsas - Tamme talu \u00fcrdiaed","isPartOf":{"@id":"https:\/\/tammetalu.eu\/#website"},"primaryImageOfPage":{"@id":"https:\/\/tammetalu.eu\/toode\/onne-janesekapsas-2\/#primaryimage"},"image":{"@id":"https:\/\/tammetalu.eu\/toode\/onne-janesekapsas-2\/#primaryimage"},"thumbnailUrl":"https:\/\/tammetalu.eu\/wp-content\/uploads\/2023\/04\/Onne_janesekapsas_oxalis_tetraphylla_tamme_talu_urdiaed.jpg","datePublished":"2023-04-12T14:22:51+00:00","dateModified":"2026-04-25T12:07:39+00:00","breadcrumb":{"@id":"https:\/\/tammetalu.eu\/toode\/onne-janesekapsas-2\/#breadcrumb"},"inLanguage":"fi","potentialAction":[{"@type":"ReadAction","target":["https:\/\/tammetalu.eu\/toode\/onne-janesekapsas-2\/"]}]},{"@type":"ImageObject","inLanguage":"fi","@id":"https:\/\/tammetalu.eu\/toode\/onne-janesekapsas-2\/#primaryimage","url":"https:\/\/tammetalu.eu\/wp-content\/uploads\/2023\/04\/Onne_janesekapsas_oxalis_tetraphylla_tamme_talu_urdiaed.jpg","contentUrl":"https:\/\/tammetalu.eu\/wp-content\/uploads\/2023\/04\/Onne_janesekapsas_oxalis_tetraphylla_tamme_talu_urdiaed.jpg","width":1024,"height":1024,"caption":"Onne_janesekapsas_oxalis_tetraphylla_tamme_talu_urdiaed"},{"@type":"BreadcrumbList","@id":"https:\/\/tammetalu.eu\/toode\/onne-janesekapsas-2\/#breadcrumb","itemListElement":[{"@type":"ListItem","position":1,"name":"Home","item":"https:\/\/tammetalu.eu\/fi\/etusivu\/"},{"@type":"ListItem","position":2,"name":"Kaikki tuotteet","item":"https:\/\/tammetalu.eu\/fi\/kaikki-tuotteet\/"},{"@type":"ListItem","position":3,"name":"\u00d5nne-j\u00e4nesekapsas"}]},{"@type":"WebSite","@id":"https:\/\/tammetalu.eu\/#website","url":"https:\/\/tammetalu.eu\/","name":"Tamme talu \u00fcrdiaed","description":"K\u00e4sit\u00f6\u00f6na valmistatud tooted \u00fcrtidest, \u00fcrdiistikud, \u00fcrtide kollektsioonaed","publisher":{"@id":"https:\/\/tammetalu.eu\/#organization"},"alternateName":"Tamme talu","potentialAction":[{"@type":"SearchAction","target":{"@type":"EntryPoint","urlTemplate":"https:\/\/tammetalu.eu\/?s={search_term_string}"},"query-input":{"@type":"PropertyValueSpecification","valueRequired":true,"valueName":"search_term_string"}}],"inLanguage":"fi"},{"@type":"Organization","@id":"https:\/\/tammetalu.eu\/#organization","name":"Tamme talu \u00fcrdiaed","alternateName":"Tamme talu","url":"https:\/\/tammetalu.eu\/","logo":{"@type":"ImageObject","inLanguage":"fi","@id":"https:\/\/tammetalu.eu\/#\/schema\/logo\/image\/","url":"https:\/\/tammetalu.eu\/wp-content\/uploads\/2025\/01\/Tamme_talu_urdiaed.png","contentUrl":"https:\/\/tammetalu.eu\/wp-content\/uploads\/2025\/01\/Tamme_talu_urdiaed.png","width":560,"height":560,"caption":"Tamme talu \u00fcrdiaed"},"image":{"@id":"https:\/\/tammetalu.eu\/#\/schema\/logo\/image\/"},"sameAs":["https:\/\/www.facebook.com\/TammeTaluUrdiaed\/?locale=et_EE","https:\/\/www.instagram.com\/tammetaluurdiaed\/"]}]}},"_links":{"self":[{"href":"https:\/\/tammetalu.eu\/fi\/wp-json\/wp\/v2\/product\/17993","targetHints":{"allow":["GET"]}}],"collection":[{"href":"https:\/\/tammetalu.eu\/fi\/wp-json\/wp\/v2\/product"}],"about":[{"href":"https:\/\/tammetalu.eu\/fi\/wp-json\/wp\/v2\/types\/product"}],"wp:featuredmedia":[{"embeddable":true,"href":"https:\/\/tammetalu.eu\/fi\/wp-json\/wp\/v2\/media\/17994"}],"wp:attachment":[{"href":"https:\/\/tammetalu.eu\/fi\/wp-json\/wp\/v2\/media?parent=17993"}],"wp:term":[{"taxonomy":"product_brand","embeddable":true,"href":"https:\/\/tammetalu.eu\/fi\/wp-json\/wp\/v2\/product_brand?post=17993"},{"taxonomy":"product_cat","embeddable":true,"href":"https:\/\/tammetalu.eu\/fi\/wp-json\/wp\/v2\/product_cat?post=17993"},{"taxonomy":"product_tag","embeddable":true,"href":"https:\/\/tammetalu.eu\/fi\/wp-json\/wp\/v2\/product_tag?post=17993"}],"curies":[{"name":"wp","href":"https:\/\/api.w.org\/{rel}","templated":true}]}}