{"id":18189,"date":"2023-04-26T23:05:00","date_gmt":"2023-04-26T20:05:00","guid":{"rendered":"https:\/\/tammetalu.eu\/?post_type=product&#038;p=18189"},"modified":"2026-04-08T17:29:04","modified_gmt":"2026-04-08T14:29:04","slug":"hubriidlauk-sugar-melt","status":"publish","type":"product","link":"https:\/\/tammetalu.eu\/fi\/toode\/hubriidlauk-sugar-melt\/","title":{"rendered":"H\u00fcbriidlauk &#8221;Sugar Melt&#8221;"},"content":{"rendered":"","protected":false},"excerpt":{"rendered":"<p><em>Allium x hybrida &#8221;<\/em>Sugar Melt<em>&#8221;<\/em><\/p>\n<p>Alates juuni keskpaigast kuni augustini \u00f5itseb rikkalikult heleroosade kerakujuliste \u00f5iepallidega. \u00d5ied on l\u00f5hnavad ja meelitavad aeda tolmeldajaid. Lehed rihmjad, n\u00f5rgalt sibulal\u00f5hnalised. Kogu taim on s\u00f6\u00f6dav. Ilusa kujuga puhmas sobib kasvama nii p\u00fcsilillepeenrasse kui suuremasse r\u00f5dupotti. Rauklaugu ja longus laugu h\u00fcbriid.<\/p>\n<p>K\u00f5rgus 25-40 cm<\/p>\n<p>\u00d5itsemisaeg juuli-august<\/p>\n<p>Kasvukoht p\u00e4ikeseline kuni poolvari<\/p>\n<p>Mullastik parasniiske tavaline aiamuld<\/p>\n<p>Taimede vahekaugus 25-30 cm<\/p>\n<p>Talvekindlus on v\u00e4ga hea<\/p>\n<p>&nbsp;<\/p>\n","protected":false},"featured_media":17626,"template":"","meta":{"_acf_changed":false,"_et_pb_use_builder":"","_et_pb_old_content":"","_et_gb_content_width":"","inline_featured_image":false},"product_brand":[],"product_cat":[186,201,203],"product_tag":[],"class_list":{"0":"post-18189","1":"product","2":"type-product","3":"status-publish","4":"has-post-thumbnail","6":"product_cat-maitse-ja-ravimtaimede-istikud","7":"product_cat-laugud","8":"product_cat-ponevad-koogiviljad","10":"first","11":"instock","12":"sale","13":"taxable","14":"shipping-taxable","15":"purchasable","16":"product-type-simple"},"acf":[],"yoast_head":"<!-- This site is optimized with the Yoast SEO plugin v26.4 - https:\/\/yoast.com\/wordpress\/plugins\/seo\/ -->\n<title>H\u00fcbriidlauk &quot;Sugar Melt&quot; - Tamme talu \u00fcrdiaed<\/title>\n<meta name=\"robots\" content=\"index, follow, max-snippet:-1, max-image-preview:large, max-video-preview:-1\" \/>\n<link rel=\"canonical\" href=\"https:\/\/tammetalu.eu\/toode\/hubriidlauk-sugar-melt\/\" \/>\n<meta property=\"og:locale\" content=\"fi_FI\" \/>\n<meta property=\"og:type\" content=\"article\" \/>\n<meta property=\"og:title\" content=\"H\u00fcbriidlauk &quot;Sugar Melt&quot; - Tamme talu \u00fcrdiaed\" \/>\n<meta property=\"og:description\" content=\"Allium x hybrida &quot;Sugar Melt&quot;  Alates juuni keskpaigast kuni augustini \u00f5itseb rikkalikult heleroosade kerakujuliste \u00f5iepallidega. \u00d5ied on l\u00f5hnavad ja meelitavad aeda tolmeldajaid. Lehed rihmjad, n\u00f5rgalt sibulal\u00f5hnalised. Kogu taim on s\u00f6\u00f6dav. Ilusa kujuga puhmas sobib kasvama nii p\u00fcsilillepeenrasse kui suuremasse r\u00f5dupotti. Rauklaugu ja longus laugu h\u00fcbriid.  K\u00f5rgus 25-40 cm  \u00d5itsemisaeg juuli-august  Kasvukoht p\u00e4ikeseline kuni poolvari  Mullastik parasniiske tavaline aiamuld  Taimede vahekaugus 25-30 cm  Talvekindlus on v\u00e4ga hea  &nbsp;\" \/>\n<meta property=\"og:url\" content=\"https:\/\/tammetalu.eu\/toode\/hubriidlauk-sugar-melt\/\" \/>\n<meta property=\"og:site_name\" content=\"Tamme talu \u00fcrdiaed\" \/>\n<meta property=\"article:publisher\" content=\"https:\/\/www.facebook.com\/TammeTaluUrdiaed\/?locale=et_EE\" \/>\n<meta property=\"article:modified_time\" content=\"2026-04-08T14:29:04+00:00\" \/>\n<meta property=\"og:image\" content=\"https:\/\/tammetalu.eu\/wp-content\/uploads\/2023\/04\/Allium_lusitanicum_tamme_talu_urdiaed.jpg\" \/>\n\t<meta property=\"og:image:width\" content=\"1033\" \/>\n\t<meta property=\"og:image:height\" content=\"735\" \/>\n\t<meta property=\"og:image:type\" content=\"image\/jpeg\" \/>\n<meta name=\"twitter:card\" content=\"summary_large_image\" \/>\n<meta name=\"twitter:label1\" content=\"Arvioitu lukuaika\" \/>\n\t<meta name=\"twitter:data1\" content=\"1 minuutti\" \/>\n<script type=\"application\/ld+json\" class=\"yoast-schema-graph\">{\"@context\":\"https:\/\/schema.org\",\"@graph\":[{\"@type\":\"WebPage\",\"@id\":\"https:\/\/tammetalu.eu\/toode\/hubriidlauk-sugar-melt\/\",\"url\":\"https:\/\/tammetalu.eu\/toode\/hubriidlauk-sugar-melt\/\",\"name\":\"H\u00fcbriidlauk \\\"Sugar Melt\\\" - Tamme talu \u00fcrdiaed\",\"isPartOf\":{\"@id\":\"https:\/\/tammetalu.eu\/#website\"},\"primaryImageOfPage\":{\"@id\":\"https:\/\/tammetalu.eu\/toode\/hubriidlauk-sugar-melt\/#primaryimage\"},\"image\":{\"@id\":\"https:\/\/tammetalu.eu\/toode\/hubriidlauk-sugar-melt\/#primaryimage\"},\"thumbnailUrl\":\"https:\/\/tammetalu.eu\/wp-content\/uploads\/2023\/04\/Allium_lusitanicum_tamme_talu_urdiaed.jpg\",\"datePublished\":\"2023-04-26T20:05:00+00:00\",\"dateModified\":\"2026-04-08T14:29:04+00:00\",\"breadcrumb\":{\"@id\":\"https:\/\/tammetalu.eu\/toode\/hubriidlauk-sugar-melt\/#breadcrumb\"},\"inLanguage\":\"fi\",\"potentialAction\":[{\"@type\":\"ReadAction\",\"target\":[\"https:\/\/tammetalu.eu\/toode\/hubriidlauk-sugar-melt\/\"]}]},{\"@type\":\"ImageObject\",\"inLanguage\":\"fi\",\"@id\":\"https:\/\/tammetalu.eu\/toode\/hubriidlauk-sugar-melt\/#primaryimage\",\"url\":\"https:\/\/tammetalu.eu\/wp-content\/uploads\/2023\/04\/Allium_lusitanicum_tamme_talu_urdiaed.jpg\",\"contentUrl\":\"https:\/\/tammetalu.eu\/wp-content\/uploads\/2023\/04\/Allium_lusitanicum_tamme_talu_urdiaed.jpg\",\"width\":1033,\"height\":735,\"caption\":\"Allium_lusitanicum_tamme_talu_urdiaed\"},{\"@type\":\"BreadcrumbList\",\"@id\":\"https:\/\/tammetalu.eu\/toode\/hubriidlauk-sugar-melt\/#breadcrumb\",\"itemListElement\":[{\"@type\":\"ListItem\",\"position\":1,\"name\":\"Home\",\"item\":\"https:\/\/tammetalu.eu\/fi\/etusivu\/\"},{\"@type\":\"ListItem\",\"position\":2,\"name\":\"Kaikki tuotteet\",\"item\":\"https:\/\/tammetalu.eu\/fi\/kaikki-tuotteet\/\"},{\"@type\":\"ListItem\",\"position\":3,\"name\":\"H\u00fcbriidlauk &#8220;Sugar Melt&#8221;\"}]},{\"@type\":\"WebSite\",\"@id\":\"https:\/\/tammetalu.eu\/#website\",\"url\":\"https:\/\/tammetalu.eu\/\",\"name\":\"Tamme talu \u00fcrdiaed\",\"description\":\"K\u00e4sit\u00f6\u00f6na valmistatud tooted \u00fcrtidest, \u00fcrdiistikud, \u00fcrtide kollektsioonaed\",\"publisher\":{\"@id\":\"https:\/\/tammetalu.eu\/#organization\"},\"alternateName\":\"Tamme talu\",\"potentialAction\":[{\"@type\":\"SearchAction\",\"target\":{\"@type\":\"EntryPoint\",\"urlTemplate\":\"https:\/\/tammetalu.eu\/?s={search_term_string}\"},\"query-input\":{\"@type\":\"PropertyValueSpecification\",\"valueRequired\":true,\"valueName\":\"search_term_string\"}}],\"inLanguage\":\"fi\"},{\"@type\":\"Organization\",\"@id\":\"https:\/\/tammetalu.eu\/#organization\",\"name\":\"Tamme talu \u00fcrdiaed\",\"alternateName\":\"Tamme talu\",\"url\":\"https:\/\/tammetalu.eu\/\",\"logo\":{\"@type\":\"ImageObject\",\"inLanguage\":\"fi\",\"@id\":\"https:\/\/tammetalu.eu\/#\/schema\/logo\/image\/\",\"url\":\"https:\/\/tammetalu.eu\/wp-content\/uploads\/2025\/01\/Tamme_talu_urdiaed.png\",\"contentUrl\":\"https:\/\/tammetalu.eu\/wp-content\/uploads\/2025\/01\/Tamme_talu_urdiaed.png\",\"width\":560,\"height\":560,\"caption\":\"Tamme talu \u00fcrdiaed\"},\"image\":{\"@id\":\"https:\/\/tammetalu.eu\/#\/schema\/logo\/image\/\"},\"sameAs\":[\"https:\/\/www.facebook.com\/TammeTaluUrdiaed\/?locale=et_EE\",\"https:\/\/www.instagram.com\/tammetaluurdiaed\/\"]}]}<\/script>\n<!-- \/ Yoast SEO plugin. -->","yoast_head_json":{"title":"H\u00fcbriidlauk \"Sugar Melt\" - Tamme talu \u00fcrdiaed","robots":{"index":"index","follow":"follow","max-snippet":"max-snippet:-1","max-image-preview":"max-image-preview:large","max-video-preview":"max-video-preview:-1"},"canonical":"https:\/\/tammetalu.eu\/toode\/hubriidlauk-sugar-melt\/","og_locale":"fi_FI","og_type":"article","og_title":"H\u00fcbriidlauk \"Sugar Melt\" - Tamme talu \u00fcrdiaed","og_description":"Allium x hybrida \"Sugar Melt\"  Alates juuni keskpaigast kuni augustini \u00f5itseb rikkalikult heleroosade kerakujuliste \u00f5iepallidega. \u00d5ied on l\u00f5hnavad ja meelitavad aeda tolmeldajaid. Lehed rihmjad, n\u00f5rgalt sibulal\u00f5hnalised. Kogu taim on s\u00f6\u00f6dav. Ilusa kujuga puhmas sobib kasvama nii p\u00fcsilillepeenrasse kui suuremasse r\u00f5dupotti. Rauklaugu ja longus laugu h\u00fcbriid.  K\u00f5rgus 25-40 cm  \u00d5itsemisaeg juuli-august  Kasvukoht p\u00e4ikeseline kuni poolvari  Mullastik parasniiske tavaline aiamuld  Taimede vahekaugus 25-30 cm  Talvekindlus on v\u00e4ga hea  &nbsp;","og_url":"https:\/\/tammetalu.eu\/toode\/hubriidlauk-sugar-melt\/","og_site_name":"Tamme talu \u00fcrdiaed","article_publisher":"https:\/\/www.facebook.com\/TammeTaluUrdiaed\/?locale=et_EE","article_modified_time":"2026-04-08T14:29:04+00:00","og_image":[{"width":1033,"height":735,"url":"https:\/\/tammetalu.eu\/wp-content\/uploads\/2023\/04\/Allium_lusitanicum_tamme_talu_urdiaed.jpg","type":"image\/jpeg"}],"twitter_card":"summary_large_image","twitter_misc":{"Arvioitu lukuaika":"1 minuutti"},"schema":{"@context":"https:\/\/schema.org","@graph":[{"@type":"WebPage","@id":"https:\/\/tammetalu.eu\/toode\/hubriidlauk-sugar-melt\/","url":"https:\/\/tammetalu.eu\/toode\/hubriidlauk-sugar-melt\/","name":"H\u00fcbriidlauk \"Sugar Melt\" - Tamme talu \u00fcrdiaed","isPartOf":{"@id":"https:\/\/tammetalu.eu\/#website"},"primaryImageOfPage":{"@id":"https:\/\/tammetalu.eu\/toode\/hubriidlauk-sugar-melt\/#primaryimage"},"image":{"@id":"https:\/\/tammetalu.eu\/toode\/hubriidlauk-sugar-melt\/#primaryimage"},"thumbnailUrl":"https:\/\/tammetalu.eu\/wp-content\/uploads\/2023\/04\/Allium_lusitanicum_tamme_talu_urdiaed.jpg","datePublished":"2023-04-26T20:05:00+00:00","dateModified":"2026-04-08T14:29:04+00:00","breadcrumb":{"@id":"https:\/\/tammetalu.eu\/toode\/hubriidlauk-sugar-melt\/#breadcrumb"},"inLanguage":"fi","potentialAction":[{"@type":"ReadAction","target":["https:\/\/tammetalu.eu\/toode\/hubriidlauk-sugar-melt\/"]}]},{"@type":"ImageObject","inLanguage":"fi","@id":"https:\/\/tammetalu.eu\/toode\/hubriidlauk-sugar-melt\/#primaryimage","url":"https:\/\/tammetalu.eu\/wp-content\/uploads\/2023\/04\/Allium_lusitanicum_tamme_talu_urdiaed.jpg","contentUrl":"https:\/\/tammetalu.eu\/wp-content\/uploads\/2023\/04\/Allium_lusitanicum_tamme_talu_urdiaed.jpg","width":1033,"height":735,"caption":"Allium_lusitanicum_tamme_talu_urdiaed"},{"@type":"BreadcrumbList","@id":"https:\/\/tammetalu.eu\/toode\/hubriidlauk-sugar-melt\/#breadcrumb","itemListElement":[{"@type":"ListItem","position":1,"name":"Home","item":"https:\/\/tammetalu.eu\/fi\/etusivu\/"},{"@type":"ListItem","position":2,"name":"Kaikki tuotteet","item":"https:\/\/tammetalu.eu\/fi\/kaikki-tuotteet\/"},{"@type":"ListItem","position":3,"name":"H\u00fcbriidlauk &#8220;Sugar Melt&#8221;"}]},{"@type":"WebSite","@id":"https:\/\/tammetalu.eu\/#website","url":"https:\/\/tammetalu.eu\/","name":"Tamme talu \u00fcrdiaed","description":"K\u00e4sit\u00f6\u00f6na valmistatud tooted \u00fcrtidest, \u00fcrdiistikud, \u00fcrtide kollektsioonaed","publisher":{"@id":"https:\/\/tammetalu.eu\/#organization"},"alternateName":"Tamme talu","potentialAction":[{"@type":"SearchAction","target":{"@type":"EntryPoint","urlTemplate":"https:\/\/tammetalu.eu\/?s={search_term_string}"},"query-input":{"@type":"PropertyValueSpecification","valueRequired":true,"valueName":"search_term_string"}}],"inLanguage":"fi"},{"@type":"Organization","@id":"https:\/\/tammetalu.eu\/#organization","name":"Tamme talu \u00fcrdiaed","alternateName":"Tamme talu","url":"https:\/\/tammetalu.eu\/","logo":{"@type":"ImageObject","inLanguage":"fi","@id":"https:\/\/tammetalu.eu\/#\/schema\/logo\/image\/","url":"https:\/\/tammetalu.eu\/wp-content\/uploads\/2025\/01\/Tamme_talu_urdiaed.png","contentUrl":"https:\/\/tammetalu.eu\/wp-content\/uploads\/2025\/01\/Tamme_talu_urdiaed.png","width":560,"height":560,"caption":"Tamme talu \u00fcrdiaed"},"image":{"@id":"https:\/\/tammetalu.eu\/#\/schema\/logo\/image\/"},"sameAs":["https:\/\/www.facebook.com\/TammeTaluUrdiaed\/?locale=et_EE","https:\/\/www.instagram.com\/tammetaluurdiaed\/"]}]}},"_links":{"self":[{"href":"https:\/\/tammetalu.eu\/fi\/wp-json\/wp\/v2\/product\/18189","targetHints":{"allow":["GET"]}}],"collection":[{"href":"https:\/\/tammetalu.eu\/fi\/wp-json\/wp\/v2\/product"}],"about":[{"href":"https:\/\/tammetalu.eu\/fi\/wp-json\/wp\/v2\/types\/product"}],"wp:featuredmedia":[{"embeddable":true,"href":"https:\/\/tammetalu.eu\/fi\/wp-json\/wp\/v2\/media\/17626"}],"wp:attachment":[{"href":"https:\/\/tammetalu.eu\/fi\/wp-json\/wp\/v2\/media?parent=18189"}],"wp:term":[{"taxonomy":"product_brand","embeddable":true,"href":"https:\/\/tammetalu.eu\/fi\/wp-json\/wp\/v2\/product_brand?post=18189"},{"taxonomy":"product_cat","embeddable":true,"href":"https:\/\/tammetalu.eu\/fi\/wp-json\/wp\/v2\/product_cat?post=18189"},{"taxonomy":"product_tag","embeddable":true,"href":"https:\/\/tammetalu.eu\/fi\/wp-json\/wp\/v2\/product_tag?post=18189"}],"curies":[{"name":"wp","href":"https:\/\/api.w.org\/{rel}","templated":true}]}}