{"id":18297,"date":"2023-05-04T21:39:53","date_gmt":"2023-05-04T18:39:53","guid":{"rendered":"https:\/\/tammetalu.eu\/?post_type=product&#038;p=18297"},"modified":"2026-05-04T08:49:32","modified_gmt":"2026-05-04T05:49:32","slug":"hatune-munt-mojito","status":"publish","type":"product","link":"https:\/\/tammetalu.eu\/fi\/toode\/hatune-munt-mojito\/","title":{"rendered":"Hatune m\u00fcnt Mentha x villosa &#8221;Mojito&#8221;"},"content":{"rendered":"<p>&nbsp;<\/p>\n<p>&nbsp;<\/p>\n<p>&nbsp;<\/p>\n","protected":false},"excerpt":{"rendered":"<p>Hatune m\u00fcnt <em>Mentha \u00d7villosa<\/em> \u201cMojito\u201d<\/p>\n<p>LAT:\u00a0 <em>Mentha \u00d7villosa <\/em>\u201cMojito\u201d<\/p>\n<p>ENG: Mojito Mint<\/p>\n<p>RU:\u00a0 M\u044f\u0442\u0430 \u043c\u043e\u0445\u0438\u0442\u043e<\/p>\n<p>FI: Mojito-minttu<\/p>\n<p>Lopsaka kasvuga hatune m\u00fcnt \u201cMojito\u201d on maitselt s\u00e4rtsakas ja aromaatne taim, mis \u00fchendab piparm\u00fcndi v\u00e4rskuse koos n\u00fcansirikaste tsitruselistega. Lisaks sordinimele &#8221;Mojito&#8221; m\u00fc\u00fcakse sama m\u00fcnti ka \u201cHemingway\u201d ja \u201cNemorosa\u201d nimega.<\/p>\n<p>Lopsaka kasvuga \u201cMojito\u201d on veidi punakad tugevad varred ja rohelised lehed. V\u00e4ikesed \u00f5ied on koondunud tihedatesse t\u00e4hkjatesse \u00f5isikutesse. Levib juurev\u00f5sudega. On v\u00e4ga talvekindel. Oma kauni lehestiku ja kena kasvukuju t\u00f5ttu on see m\u00fcnt sobiv kasvatamiseks potitaimena r\u00f5dudel ja terrassidel. Taim vajab \u00fcle paari kolme aasta\u00a0 uuendamist ja seda on kerge teha noorte juurev\u00f5sudega, mis istutatakse uude kohta v\u00f5i anumasse umbrohupuhtasse mulda. Potis kasvatamisel on soovitatav\u00a0 taimi igal kevadel jagada. Sort ei nakatu piparm\u00fcndi roostesse.<\/p>\n<p>Lehtedel on karge ja v\u00e4ga meeldiv m\u00fcndiaroom, millest saab valmistada t\u00e4iusliku maitsega klassikalise m\u00fcnditee. V\u00e4rskeid ja kuivatatud lehti kasutatakse erinevate roogade, jookide, kastmete ja k\u00fcpsetiste maitsestamiseks ning garneerimiseks. Eriti h\u00e4sti sobib kasutada erinevates kokteilides ja jahedates suvejookides.<\/p>\n<p>Kasutatakse rahvameditsiinis rahustava ja seedimist soodustava vahendina, kuid tema toime on oluliselt leebem kui piparm\u00fcndil.<\/p>\n<p>K\u00f5rgus: kuni 0,60 m<\/p>\n<p>\u00d5itsemise aeg: VI-VIII<\/p>\n<p>Talvekindlus: Talvekindel<\/p>\n<p>Poti suurus : 9-12<\/p>\n","protected":false},"featured_media":15955,"template":"","meta":{"_acf_changed":false,"_et_pb_use_builder":"","_et_pb_old_content":"","_et_gb_content_width":"","inline_featured_image":false},"product_brand":[],"product_cat":[186,192],"product_tag":[],"class_list":{"0":"post-18297","1":"product","2":"type-product","3":"status-publish","4":"has-post-thumbnail","6":"product_cat-maitse-ja-ravimtaimede-istikud","7":"product_cat-mundid","9":"first","10":"outofstock","11":"taxable","12":"shipping-taxable","13":"purchasable","14":"product-type-simple"},"acf":[],"yoast_head":"<!-- This site is optimized with the Yoast SEO plugin v27.5 - https:\/\/yoast.com\/product\/yoast-seo-wordpress\/ -->\n<title>Hatune m\u00fcnt Mentha x villosa &quot;Mojito&quot; - Tamme talu \u00fcrdiaed<\/title>\n<meta name=\"robots\" content=\"index, follow, max-snippet:-1, max-image-preview:large, max-video-preview:-1\" \/>\n<link rel=\"canonical\" href=\"https:\/\/tammetalu.eu\/toode\/hatune-munt-mojito\/\" \/>\n<meta property=\"og:locale\" content=\"fi_FI\" \/>\n<meta property=\"og:type\" content=\"article\" \/>\n<meta property=\"og:title\" content=\"Hatune m\u00fcnt Mentha x villosa &quot;Mojito&quot; - Tamme talu \u00fcrdiaed\" \/>\n<meta property=\"og:description\" content=\"Hatune m\u00fcnt Mentha \u00d7villosa \u201cMojito\u201d  LAT:\u00a0 Mentha \u00d7villosa \u201cMojito\u201d  ENG: Mojito Mint  RU:\u00a0 M\u044f\u0442\u0430 \u043c\u043e\u0445\u0438\u0442\u043e  FI: Mojito-minttu  Lopsaka kasvuga hatune m\u00fcnt \u201cMojito\u201d on maitselt s\u00e4rtsakas ja aromaatne taim, mis \u00fchendab piparm\u00fcndi v\u00e4rskuse koos n\u00fcansirikaste tsitruselistega. Lisaks sordinimele &quot;Mojito&quot; m\u00fc\u00fcakse sama m\u00fcnti ka \u201cHemingway\u201d ja \u201cNemorosa\u201d nimega.  Lopsaka kasvuga \u201cMojito\u201d on veidi punakad tugevad varred ja rohelised lehed. V\u00e4ikesed \u00f5ied on koondunud tihedatesse t\u00e4hkjatesse \u00f5isikutesse. Levib juurev\u00f5sudega. On v\u00e4ga talvekindel. Oma kauni lehestiku ja kena kasvukuju t\u00f5ttu on see m\u00fcnt sobiv kasvatamiseks potitaimena r\u00f5dudel ja terrassidel. Taim vajab \u00fcle paari kolme aasta\u00a0 uuendamist ja seda on kerge teha noorte juurev\u00f5sudega, mis istutatakse uude kohta v\u00f5i anumasse umbrohupuhtasse mulda. Potis kasvatamisel on soovitatav\u00a0 taimi igal kevadel jagada. Sort ei nakatu piparm\u00fcndi roostesse.  Lehtedel on karge ja v\u00e4ga meeldiv m\u00fcndiaroom, millest saab valmistada t\u00e4iusliku maitsega klassikalise m\u00fcnditee. V\u00e4rskeid ja kuivatatud lehti kasutatakse erinevate roogade, jookide, kastmete ja k\u00fcpsetiste maitsestamiseks ning garneerimiseks. Eriti h\u00e4sti sobib kasutada erinevates kokteilides ja jahedates suvejookides.  Kasutatakse rahvameditsiinis rahustava ja seedimist soodustava vahendina, kuid tema toime on oluliselt leebem kui piparm\u00fcndil.  K\u00f5rgus: kuni 0,60 m  \u00d5itsemise aeg: VI-VIII  Talvekindlus: Talvekindel  Poti suurus : 9-12\" \/>\n<meta property=\"og:url\" content=\"https:\/\/tammetalu.eu\/toode\/hatune-munt-mojito\/\" \/>\n<meta property=\"og:site_name\" content=\"Tamme talu \u00fcrdiaed\" \/>\n<meta property=\"article:publisher\" content=\"https:\/\/www.facebook.com\/TammeTaluUrdiaed\/?locale=et_EE\" \/>\n<meta property=\"article:modified_time\" content=\"2026-05-04T05:49:32+00:00\" \/>\n<meta property=\"og:image\" content=\"https:\/\/tammetalu.eu\/wp-content\/uploads\/2022\/08\/Piparmunt-multimentha-tamme-talu-urdiaed-5.jpg\" \/>\n\t<meta property=\"og:image:width\" content=\"400\" \/>\n\t<meta property=\"og:image:height\" content=\"320\" \/>\n\t<meta property=\"og:image:type\" content=\"image\/jpeg\" \/>\n<meta name=\"twitter:card\" content=\"summary_large_image\" \/>\n<meta name=\"twitter:label1\" content=\"Arvioitu lukuaika\" \/>\n\t<meta name=\"twitter:data1\" content=\"1 minuutti\" \/>\n<script type=\"application\/ld+json\" class=\"yoast-schema-graph\">{\"@context\":\"https:\\\/\\\/schema.org\",\"@graph\":[{\"@type\":\"WebPage\",\"@id\":\"https:\\\/\\\/tammetalu.eu\\\/toode\\\/hatune-munt-mojito\\\/\",\"url\":\"https:\\\/\\\/tammetalu.eu\\\/toode\\\/hatune-munt-mojito\\\/\",\"name\":\"Hatune m\u00fcnt Mentha x villosa \\\"Mojito\\\" - Tamme talu \u00fcrdiaed\",\"isPartOf\":{\"@id\":\"https:\\\/\\\/tammetalu.eu\\\/#website\"},\"primaryImageOfPage\":{\"@id\":\"https:\\\/\\\/tammetalu.eu\\\/toode\\\/hatune-munt-mojito\\\/#primaryimage\"},\"image\":{\"@id\":\"https:\\\/\\\/tammetalu.eu\\\/toode\\\/hatune-munt-mojito\\\/#primaryimage\"},\"thumbnailUrl\":\"https:\\\/\\\/tammetalu.eu\\\/wp-content\\\/uploads\\\/2022\\\/08\\\/Piparmunt-multimentha-tamme-talu-urdiaed-5.jpg\",\"datePublished\":\"2023-05-04T18:39:53+00:00\",\"dateModified\":\"2026-05-04T05:49:32+00:00\",\"breadcrumb\":{\"@id\":\"https:\\\/\\\/tammetalu.eu\\\/toode\\\/hatune-munt-mojito\\\/#breadcrumb\"},\"inLanguage\":\"fi\",\"potentialAction\":[{\"@type\":\"ReadAction\",\"target\":[\"https:\\\/\\\/tammetalu.eu\\\/toode\\\/hatune-munt-mojito\\\/\"]}]},{\"@type\":\"ImageObject\",\"inLanguage\":\"fi\",\"@id\":\"https:\\\/\\\/tammetalu.eu\\\/toode\\\/hatune-munt-mojito\\\/#primaryimage\",\"url\":\"https:\\\/\\\/tammetalu.eu\\\/wp-content\\\/uploads\\\/2022\\\/08\\\/Piparmunt-multimentha-tamme-talu-urdiaed-5.jpg\",\"contentUrl\":\"https:\\\/\\\/tammetalu.eu\\\/wp-content\\\/uploads\\\/2022\\\/08\\\/Piparmunt-multimentha-tamme-talu-urdiaed-5.jpg\",\"width\":400,\"height\":320},{\"@type\":\"BreadcrumbList\",\"@id\":\"https:\\\/\\\/tammetalu.eu\\\/toode\\\/hatune-munt-mojito\\\/#breadcrumb\",\"itemListElement\":[{\"@type\":\"ListItem\",\"position\":1,\"name\":\"Home\",\"item\":\"https:\\\/\\\/tammetalu.eu\\\/fi\\\/etusivu\\\/\"},{\"@type\":\"ListItem\",\"position\":2,\"name\":\"Kaikki tuotteet\",\"item\":\"https:\\\/\\\/tammetalu.eu\\\/fi\\\/kaikki-tuotteet\\\/\"},{\"@type\":\"ListItem\",\"position\":3,\"name\":\"Hatune m\u00fcnt Mentha x villosa &#8220;Mojito&#8221;\"}]},{\"@type\":\"WebSite\",\"@id\":\"https:\\\/\\\/tammetalu.eu\\\/#website\",\"url\":\"https:\\\/\\\/tammetalu.eu\\\/\",\"name\":\"Tamme talu \u00fcrdiaed\",\"description\":\"K\u00e4sit\u00f6\u00f6na valmistatud tooted \u00fcrtidest, \u00fcrdiistikud, \u00fcrtide kollektsioonaed\",\"publisher\":{\"@id\":\"https:\\\/\\\/tammetalu.eu\\\/#organization\"},\"alternateName\":\"Tamme talu\",\"potentialAction\":[{\"@type\":\"SearchAction\",\"target\":{\"@type\":\"EntryPoint\",\"urlTemplate\":\"https:\\\/\\\/tammetalu.eu\\\/?s={search_term_string}\"},\"query-input\":{\"@type\":\"PropertyValueSpecification\",\"valueRequired\":true,\"valueName\":\"search_term_string\"}}],\"inLanguage\":\"fi\"},{\"@type\":\"Organization\",\"@id\":\"https:\\\/\\\/tammetalu.eu\\\/#organization\",\"name\":\"Tamme talu \u00fcrdiaed\",\"alternateName\":\"Tamme talu\",\"url\":\"https:\\\/\\\/tammetalu.eu\\\/\",\"logo\":{\"@type\":\"ImageObject\",\"inLanguage\":\"fi\",\"@id\":\"https:\\\/\\\/tammetalu.eu\\\/#\\\/schema\\\/logo\\\/image\\\/\",\"url\":\"https:\\\/\\\/tammetalu.eu\\\/wp-content\\\/uploads\\\/2025\\\/01\\\/Tamme_talu_urdiaed.png\",\"contentUrl\":\"https:\\\/\\\/tammetalu.eu\\\/wp-content\\\/uploads\\\/2025\\\/01\\\/Tamme_talu_urdiaed.png\",\"width\":560,\"height\":560,\"caption\":\"Tamme talu \u00fcrdiaed\"},\"image\":{\"@id\":\"https:\\\/\\\/tammetalu.eu\\\/#\\\/schema\\\/logo\\\/image\\\/\"},\"sameAs\":[\"https:\\\/\\\/www.facebook.com\\\/TammeTaluUrdiaed\\\/?locale=et_EE\",\"https:\\\/\\\/www.instagram.com\\\/tammetaluurdiaed\\\/\"]}]}<\/script>\n<!-- \/ Yoast SEO plugin. -->","yoast_head_json":{"title":"Hatune m\u00fcnt Mentha x villosa \"Mojito\" - Tamme talu \u00fcrdiaed","robots":{"index":"index","follow":"follow","max-snippet":"max-snippet:-1","max-image-preview":"max-image-preview:large","max-video-preview":"max-video-preview:-1"},"canonical":"https:\/\/tammetalu.eu\/toode\/hatune-munt-mojito\/","og_locale":"fi_FI","og_type":"article","og_title":"Hatune m\u00fcnt Mentha x villosa \"Mojito\" - Tamme talu \u00fcrdiaed","og_description":"Hatune m\u00fcnt Mentha \u00d7villosa \u201cMojito\u201d  LAT:\u00a0 Mentha \u00d7villosa \u201cMojito\u201d  ENG: Mojito Mint  RU:\u00a0 M\u044f\u0442\u0430 \u043c\u043e\u0445\u0438\u0442\u043e  FI: Mojito-minttu  Lopsaka kasvuga hatune m\u00fcnt \u201cMojito\u201d on maitselt s\u00e4rtsakas ja aromaatne taim, mis \u00fchendab piparm\u00fcndi v\u00e4rskuse koos n\u00fcansirikaste tsitruselistega. Lisaks sordinimele \"Mojito\" m\u00fc\u00fcakse sama m\u00fcnti ka \u201cHemingway\u201d ja \u201cNemorosa\u201d nimega.  Lopsaka kasvuga \u201cMojito\u201d on veidi punakad tugevad varred ja rohelised lehed. V\u00e4ikesed \u00f5ied on koondunud tihedatesse t\u00e4hkjatesse \u00f5isikutesse. Levib juurev\u00f5sudega. On v\u00e4ga talvekindel. Oma kauni lehestiku ja kena kasvukuju t\u00f5ttu on see m\u00fcnt sobiv kasvatamiseks potitaimena r\u00f5dudel ja terrassidel. Taim vajab \u00fcle paari kolme aasta\u00a0 uuendamist ja seda on kerge teha noorte juurev\u00f5sudega, mis istutatakse uude kohta v\u00f5i anumasse umbrohupuhtasse mulda. Potis kasvatamisel on soovitatav\u00a0 taimi igal kevadel jagada. Sort ei nakatu piparm\u00fcndi roostesse.  Lehtedel on karge ja v\u00e4ga meeldiv m\u00fcndiaroom, millest saab valmistada t\u00e4iusliku maitsega klassikalise m\u00fcnditee. V\u00e4rskeid ja kuivatatud lehti kasutatakse erinevate roogade, jookide, kastmete ja k\u00fcpsetiste maitsestamiseks ning garneerimiseks. Eriti h\u00e4sti sobib kasutada erinevates kokteilides ja jahedates suvejookides.  Kasutatakse rahvameditsiinis rahustava ja seedimist soodustava vahendina, kuid tema toime on oluliselt leebem kui piparm\u00fcndil.  K\u00f5rgus: kuni 0,60 m  \u00d5itsemise aeg: VI-VIII  Talvekindlus: Talvekindel  Poti suurus : 9-12","og_url":"https:\/\/tammetalu.eu\/toode\/hatune-munt-mojito\/","og_site_name":"Tamme talu \u00fcrdiaed","article_publisher":"https:\/\/www.facebook.com\/TammeTaluUrdiaed\/?locale=et_EE","article_modified_time":"2026-05-04T05:49:32+00:00","og_image":[{"width":400,"height":320,"url":"https:\/\/tammetalu.eu\/wp-content\/uploads\/2022\/08\/Piparmunt-multimentha-tamme-talu-urdiaed-5.jpg","type":"image\/jpeg"}],"twitter_card":"summary_large_image","twitter_misc":{"Arvioitu lukuaika":"1 minuutti"},"schema":{"@context":"https:\/\/schema.org","@graph":[{"@type":"WebPage","@id":"https:\/\/tammetalu.eu\/toode\/hatune-munt-mojito\/","url":"https:\/\/tammetalu.eu\/toode\/hatune-munt-mojito\/","name":"Hatune m\u00fcnt Mentha x villosa \"Mojito\" - Tamme talu \u00fcrdiaed","isPartOf":{"@id":"https:\/\/tammetalu.eu\/#website"},"primaryImageOfPage":{"@id":"https:\/\/tammetalu.eu\/toode\/hatune-munt-mojito\/#primaryimage"},"image":{"@id":"https:\/\/tammetalu.eu\/toode\/hatune-munt-mojito\/#primaryimage"},"thumbnailUrl":"https:\/\/tammetalu.eu\/wp-content\/uploads\/2022\/08\/Piparmunt-multimentha-tamme-talu-urdiaed-5.jpg","datePublished":"2023-05-04T18:39:53+00:00","dateModified":"2026-05-04T05:49:32+00:00","breadcrumb":{"@id":"https:\/\/tammetalu.eu\/toode\/hatune-munt-mojito\/#breadcrumb"},"inLanguage":"fi","potentialAction":[{"@type":"ReadAction","target":["https:\/\/tammetalu.eu\/toode\/hatune-munt-mojito\/"]}]},{"@type":"ImageObject","inLanguage":"fi","@id":"https:\/\/tammetalu.eu\/toode\/hatune-munt-mojito\/#primaryimage","url":"https:\/\/tammetalu.eu\/wp-content\/uploads\/2022\/08\/Piparmunt-multimentha-tamme-talu-urdiaed-5.jpg","contentUrl":"https:\/\/tammetalu.eu\/wp-content\/uploads\/2022\/08\/Piparmunt-multimentha-tamme-talu-urdiaed-5.jpg","width":400,"height":320},{"@type":"BreadcrumbList","@id":"https:\/\/tammetalu.eu\/toode\/hatune-munt-mojito\/#breadcrumb","itemListElement":[{"@type":"ListItem","position":1,"name":"Home","item":"https:\/\/tammetalu.eu\/fi\/etusivu\/"},{"@type":"ListItem","position":2,"name":"Kaikki tuotteet","item":"https:\/\/tammetalu.eu\/fi\/kaikki-tuotteet\/"},{"@type":"ListItem","position":3,"name":"Hatune m\u00fcnt Mentha x villosa &#8220;Mojito&#8221;"}]},{"@type":"WebSite","@id":"https:\/\/tammetalu.eu\/#website","url":"https:\/\/tammetalu.eu\/","name":"Tamme talu \u00fcrdiaed","description":"K\u00e4sit\u00f6\u00f6na valmistatud tooted \u00fcrtidest, \u00fcrdiistikud, \u00fcrtide kollektsioonaed","publisher":{"@id":"https:\/\/tammetalu.eu\/#organization"},"alternateName":"Tamme talu","potentialAction":[{"@type":"SearchAction","target":{"@type":"EntryPoint","urlTemplate":"https:\/\/tammetalu.eu\/?s={search_term_string}"},"query-input":{"@type":"PropertyValueSpecification","valueRequired":true,"valueName":"search_term_string"}}],"inLanguage":"fi"},{"@type":"Organization","@id":"https:\/\/tammetalu.eu\/#organization","name":"Tamme talu \u00fcrdiaed","alternateName":"Tamme talu","url":"https:\/\/tammetalu.eu\/","logo":{"@type":"ImageObject","inLanguage":"fi","@id":"https:\/\/tammetalu.eu\/#\/schema\/logo\/image\/","url":"https:\/\/tammetalu.eu\/wp-content\/uploads\/2025\/01\/Tamme_talu_urdiaed.png","contentUrl":"https:\/\/tammetalu.eu\/wp-content\/uploads\/2025\/01\/Tamme_talu_urdiaed.png","width":560,"height":560,"caption":"Tamme talu \u00fcrdiaed"},"image":{"@id":"https:\/\/tammetalu.eu\/#\/schema\/logo\/image\/"},"sameAs":["https:\/\/www.facebook.com\/TammeTaluUrdiaed\/?locale=et_EE","https:\/\/www.instagram.com\/tammetaluurdiaed\/"]}]}},"_links":{"self":[{"href":"https:\/\/tammetalu.eu\/fi\/wp-json\/wp\/v2\/product\/18297","targetHints":{"allow":["GET"]}}],"collection":[{"href":"https:\/\/tammetalu.eu\/fi\/wp-json\/wp\/v2\/product"}],"about":[{"href":"https:\/\/tammetalu.eu\/fi\/wp-json\/wp\/v2\/types\/product"}],"wp:featuredmedia":[{"embeddable":true,"href":"https:\/\/tammetalu.eu\/fi\/wp-json\/wp\/v2\/media\/15955"}],"wp:attachment":[{"href":"https:\/\/tammetalu.eu\/fi\/wp-json\/wp\/v2\/media?parent=18297"}],"wp:term":[{"taxonomy":"product_brand","embeddable":true,"href":"https:\/\/tammetalu.eu\/fi\/wp-json\/wp\/v2\/product_brand?post=18297"},{"taxonomy":"product_cat","embeddable":true,"href":"https:\/\/tammetalu.eu\/fi\/wp-json\/wp\/v2\/product_cat?post=18297"},{"taxonomy":"product_tag","embeddable":true,"href":"https:\/\/tammetalu.eu\/fi\/wp-json\/wp\/v2\/product_tag?post=18297"}],"curies":[{"name":"wp","href":"https:\/\/api.w.org\/{rel}","templated":true}]}}