{"id":19029,"date":"2023-10-20T15:53:54","date_gmt":"2023-10-20T12:53:54","guid":{"rendered":"https:\/\/tammetalu.eu\/?post_type=product&#038;p=19029"},"modified":"2025-01-08T11:20:49","modified_gmt":"2025-01-08T09:20:49","slug":"mahe-vaarika-mustsostratee-piparmundiga-puramiid","status":"publish","type":"product","link":"https:\/\/tammetalu.eu\/fi\/toode\/mahe-vaarika-mustsostratee-piparmundiga-puramiid\/","title":{"rendered":"Mahe Vaarika-musts\u00f5stratee piparm\u00fcndiga p\u00fcramiid"},"content":{"rendered":"<p>Piparm\u00fcnt toetab seedetrakti head talitlust ja aitab k\u00f5rvaldada seedevaevusi. Samuti toetab organismi loomulikku kaitsev\u00f5imet, immuuns\u00fcsteemi ning\u00a0hingamisteede tervist.<\/p>\n<p>Musts\u00f5star aitab s\u00e4ilitada naha tervist ning toetada hingamisteede tervist ja normaalset s\u00f6\u00f6giisu.<\/p>\n","protected":false},"excerpt":{"rendered":"<p>229,17 \u20ac\/kg<br \/>\n12 p\u00fcramiidkotti (12 x 2g)<\/p>\n<p><span style=\"font-weight: 400;\">K\u00fclmkuivatatud vaarikad ja musts\u00f5strad annavad joogile v\u00e4rsketele marjadele omase maitse, aroomi ja v\u00e4rvi ning piparm\u00fcnt lisab teele magusa m\u00fcndise alatooni. Jahutatud tee koos sidruniviilu ja j\u00e4\u00e4kuubikutega sobib\u00a0 joomiseks soojal suvep\u00e4eval. Soovi korral v\u00f5ib juba joomiseks parajaks jahtunud teele lisada veidi mett v\u00f5i suhkrut.<\/span><\/p>\n<p>Koostisosad: <span data-sheets-value=\"{&quot;1&quot;:2,&quot;2&quot;:&quot;k\u00fclmkuivatatud vaarikad*, k\u00fclmkuivatatud musts\u00f5strad*, piparm\u00fcnt (30%)*&quot;}\" data-sheets-userformat=\"{&quot;2&quot;:14845,&quot;3&quot;:{&quot;1&quot;:0,&quot;3&quot;:1},&quot;5&quot;:{&quot;1&quot;:[{&quot;1&quot;:2,&quot;2&quot;:0,&quot;5&quot;:{&quot;1&quot;:2,&quot;2&quot;:0}},{&quot;1&quot;:0,&quot;2&quot;:0,&quot;3&quot;:3},{&quot;1&quot;:1,&quot;2&quot;:0,&quot;4&quot;:1}]},&quot;6&quot;:{&quot;1&quot;:[{&quot;1&quot;:2,&quot;2&quot;:0,&quot;5&quot;:{&quot;1&quot;:2,&quot;2&quot;:0}},{&quot;1&quot;:0,&quot;2&quot;:0,&quot;3&quot;:3},{&quot;1&quot;:1,&quot;2&quot;:0,&quot;4&quot;:1}]},&quot;7&quot;:{&quot;1&quot;:[{&quot;1&quot;:2,&quot;2&quot;:0,&quot;5&quot;:{&quot;1&quot;:2,&quot;2&quot;:0}},{&quot;1&quot;:0,&quot;2&quot;:0,&quot;3&quot;:3},{&quot;1&quot;:1,&quot;2&quot;:0,&quot;4&quot;:1}]},&quot;8&quot;:{&quot;1&quot;:[{&quot;1&quot;:2,&quot;2&quot;:0,&quot;5&quot;:{&quot;1&quot;:2,&quot;2&quot;:0}},{&quot;1&quot;:0,&quot;2&quot;:0,&quot;3&quot;:3},{&quot;1&quot;:1,&quot;2&quot;:0,&quot;4&quot;:1}]},&quot;9&quot;:0,&quot;10&quot;:1,&quot;11&quot;:4,&quot;14&quot;:{&quot;1&quot;:3,&quot;3&quot;:1},&quot;15&quot;:&quot;Calibri&quot;,&quot;16&quot;:12}\">k\u00fclmkuivatatud vaarikad*, k\u00fclmkuivatatud musts\u00f5strad*, piparm\u00fcnt (30%)*.<\/span><br \/>\n*Kontrollitud mahep\u00f5llumajandusest.<\/p>\n<p>&nbsp;<\/p>\n","protected":false},"featured_media":19041,"template":"","meta":{"_acf_changed":false,"_et_pb_use_builder":"","_et_pb_old_content":"","_et_gb_content_width":"","inline_featured_image":false},"product_brand":[],"product_cat":[189,183],"product_tag":[],"class_list":{"0":"post-19029","1":"product","2":"type-product","3":"status-publish","4":"has-post-thumbnail","6":"product_cat-teed","7":"product_cat-marjateed-urtidega","9":"first","10":"instock","11":"featured","12":"taxable","13":"shipping-taxable","14":"purchasable","15":"product-type-simple"},"acf":[],"yoast_head":"<!-- This site is optimized with the Yoast SEO plugin v26.4 - https:\/\/yoast.com\/wordpress\/plugins\/seo\/ -->\n<title>Mahe Vaarika-musts\u00f5stratee piparm\u00fcndiga p\u00fcramiid - Tamme talu \u00fcrdiaed<\/title>\n<meta name=\"description\" content=\"Mahedalt kasvatatud taimedest ja k\u00fclmkuivatatud marjadest tee, mille maitse on suvine, v\u00e4rske ja marjane. Telli Tamme talu e-poest.\" \/>\n<meta name=\"robots\" content=\"index, follow, max-snippet:-1, max-image-preview:large, max-video-preview:-1\" \/>\n<link rel=\"canonical\" href=\"https:\/\/tammetalu.eu\/toode\/mahe-vaarika-mustsostratee-piparmundiga-puramiid\/\" \/>\n<meta property=\"og:locale\" content=\"fi_FI\" \/>\n<meta property=\"og:type\" content=\"article\" \/>\n<meta property=\"og:title\" content=\"Mahe Vaarika-musts\u00f5stratee piparm\u00fcndiga p\u00fcramiid - Tamme talu \u00fcrdiaed\" \/>\n<meta property=\"og:description\" content=\"Mahedalt kasvatatud taimedest ja k\u00fclmkuivatatud marjadest tee, mille maitse on suvine, v\u00e4rske ja marjane. Telli Tamme talu e-poest.\" \/>\n<meta property=\"og:url\" content=\"https:\/\/tammetalu.eu\/toode\/mahe-vaarika-mustsostratee-piparmundiga-puramiid\/\" \/>\n<meta property=\"og:site_name\" content=\"Tamme talu \u00fcrdiaed\" \/>\n<meta property=\"article:publisher\" content=\"https:\/\/www.facebook.com\/TammeTaluUrdiaed\/?locale=et_EE\" \/>\n<meta property=\"article:modified_time\" content=\"2025-01-08T09:20:49+00:00\" \/>\n<meta property=\"og:image\" content=\"https:\/\/tammetalu.eu\/wp-content\/uploads\/2023\/10\/Mahe-Vaarika-mustsostratee-piparmundiga-Tamme-talu-urdiaed.jpg\" \/>\n\t<meta property=\"og:image:width\" content=\"960\" \/>\n\t<meta property=\"og:image:height\" content=\"960\" \/>\n\t<meta property=\"og:image:type\" content=\"image\/jpeg\" \/>\n<meta name=\"twitter:card\" content=\"summary_large_image\" \/>\n<meta name=\"twitter:label1\" content=\"Arvioitu lukuaika\" \/>\n\t<meta name=\"twitter:data1\" content=\"1 minuutti\" \/>\n<script type=\"application\/ld+json\" class=\"yoast-schema-graph\">{\"@context\":\"https:\/\/schema.org\",\"@graph\":[{\"@type\":\"WebPage\",\"@id\":\"https:\/\/tammetalu.eu\/toode\/mahe-vaarika-mustsostratee-piparmundiga-puramiid\/\",\"url\":\"https:\/\/tammetalu.eu\/toode\/mahe-vaarika-mustsostratee-piparmundiga-puramiid\/\",\"name\":\"Mahe Vaarika-musts\u00f5stratee piparm\u00fcndiga p\u00fcramiid - Tamme talu \u00fcrdiaed\",\"isPartOf\":{\"@id\":\"https:\/\/tammetalu.eu\/#website\"},\"primaryImageOfPage\":{\"@id\":\"https:\/\/tammetalu.eu\/toode\/mahe-vaarika-mustsostratee-piparmundiga-puramiid\/#primaryimage\"},\"image\":{\"@id\":\"https:\/\/tammetalu.eu\/toode\/mahe-vaarika-mustsostratee-piparmundiga-puramiid\/#primaryimage\"},\"thumbnailUrl\":\"https:\/\/tammetalu.eu\/wp-content\/uploads\/2023\/10\/Mahe-Vaarika-mustsostratee-piparmundiga-Tamme-talu-urdiaed.jpg\",\"datePublished\":\"2023-10-20T12:53:54+00:00\",\"dateModified\":\"2025-01-08T09:20:49+00:00\",\"description\":\"Mahedalt kasvatatud taimedest ja k\u00fclmkuivatatud marjadest tee, mille maitse on suvine, v\u00e4rske ja marjane. Telli Tamme talu e-poest.\",\"breadcrumb\":{\"@id\":\"https:\/\/tammetalu.eu\/toode\/mahe-vaarika-mustsostratee-piparmundiga-puramiid\/#breadcrumb\"},\"inLanguage\":\"fi\",\"potentialAction\":[{\"@type\":\"ReadAction\",\"target\":[\"https:\/\/tammetalu.eu\/toode\/mahe-vaarika-mustsostratee-piparmundiga-puramiid\/\"]}]},{\"@type\":\"ImageObject\",\"inLanguage\":\"fi\",\"@id\":\"https:\/\/tammetalu.eu\/toode\/mahe-vaarika-mustsostratee-piparmundiga-puramiid\/#primaryimage\",\"url\":\"https:\/\/tammetalu.eu\/wp-content\/uploads\/2023\/10\/Mahe-Vaarika-mustsostratee-piparmundiga-Tamme-talu-urdiaed.jpg\",\"contentUrl\":\"https:\/\/tammetalu.eu\/wp-content\/uploads\/2023\/10\/Mahe-Vaarika-mustsostratee-piparmundiga-Tamme-talu-urdiaed.jpg\",\"width\":960,\"height\":960,\"caption\":\"Mahe-Vaarika-mustsostratee-piparmundiga-Tamme-talu-urdiaed\"},{\"@type\":\"BreadcrumbList\",\"@id\":\"https:\/\/tammetalu.eu\/toode\/mahe-vaarika-mustsostratee-piparmundiga-puramiid\/#breadcrumb\",\"itemListElement\":[{\"@type\":\"ListItem\",\"position\":1,\"name\":\"Home\",\"item\":\"https:\/\/tammetalu.eu\/fi\/etusivu\/\"},{\"@type\":\"ListItem\",\"position\":2,\"name\":\"Kaikki tuotteet\",\"item\":\"https:\/\/tammetalu.eu\/fi\/kaikki-tuotteet\/\"},{\"@type\":\"ListItem\",\"position\":3,\"name\":\"Mahe Vaarika-musts\u00f5stratee piparm\u00fcndiga p\u00fcramiid\"}]},{\"@type\":\"WebSite\",\"@id\":\"https:\/\/tammetalu.eu\/#website\",\"url\":\"https:\/\/tammetalu.eu\/\",\"name\":\"Tamme talu \u00fcrdiaed\",\"description\":\"K\u00e4sit\u00f6\u00f6na valmistatud tooted \u00fcrtidest, \u00fcrdiistikud, \u00fcrtide kollektsioonaed\",\"publisher\":{\"@id\":\"https:\/\/tammetalu.eu\/#organization\"},\"alternateName\":\"Tamme talu\",\"potentialAction\":[{\"@type\":\"SearchAction\",\"target\":{\"@type\":\"EntryPoint\",\"urlTemplate\":\"https:\/\/tammetalu.eu\/?s={search_term_string}\"},\"query-input\":{\"@type\":\"PropertyValueSpecification\",\"valueRequired\":true,\"valueName\":\"search_term_string\"}}],\"inLanguage\":\"fi\"},{\"@type\":\"Organization\",\"@id\":\"https:\/\/tammetalu.eu\/#organization\",\"name\":\"Tamme talu \u00fcrdiaed\",\"alternateName\":\"Tamme talu\",\"url\":\"https:\/\/tammetalu.eu\/\",\"logo\":{\"@type\":\"ImageObject\",\"inLanguage\":\"fi\",\"@id\":\"https:\/\/tammetalu.eu\/#\/schema\/logo\/image\/\",\"url\":\"https:\/\/tammetalu.eu\/wp-content\/uploads\/2025\/01\/Tamme_talu_urdiaed.png\",\"contentUrl\":\"https:\/\/tammetalu.eu\/wp-content\/uploads\/2025\/01\/Tamme_talu_urdiaed.png\",\"width\":560,\"height\":560,\"caption\":\"Tamme talu \u00fcrdiaed\"},\"image\":{\"@id\":\"https:\/\/tammetalu.eu\/#\/schema\/logo\/image\/\"},\"sameAs\":[\"https:\/\/www.facebook.com\/TammeTaluUrdiaed\/?locale=et_EE\",\"https:\/\/www.instagram.com\/tammetaluurdiaed\/\"]}]}<\/script>\n<!-- \/ Yoast SEO plugin. -->","yoast_head_json":{"title":"Mahe Vaarika-musts\u00f5stratee piparm\u00fcndiga p\u00fcramiid - Tamme talu \u00fcrdiaed","description":"Mahedalt kasvatatud taimedest ja k\u00fclmkuivatatud marjadest tee, mille maitse on suvine, v\u00e4rske ja marjane. Telli Tamme talu e-poest.","robots":{"index":"index","follow":"follow","max-snippet":"max-snippet:-1","max-image-preview":"max-image-preview:large","max-video-preview":"max-video-preview:-1"},"canonical":"https:\/\/tammetalu.eu\/toode\/mahe-vaarika-mustsostratee-piparmundiga-puramiid\/","og_locale":"fi_FI","og_type":"article","og_title":"Mahe Vaarika-musts\u00f5stratee piparm\u00fcndiga p\u00fcramiid - Tamme talu \u00fcrdiaed","og_description":"Mahedalt kasvatatud taimedest ja k\u00fclmkuivatatud marjadest tee, mille maitse on suvine, v\u00e4rske ja marjane. Telli Tamme talu e-poest.","og_url":"https:\/\/tammetalu.eu\/toode\/mahe-vaarika-mustsostratee-piparmundiga-puramiid\/","og_site_name":"Tamme talu \u00fcrdiaed","article_publisher":"https:\/\/www.facebook.com\/TammeTaluUrdiaed\/?locale=et_EE","article_modified_time":"2025-01-08T09:20:49+00:00","og_image":[{"width":960,"height":960,"url":"https:\/\/tammetalu.eu\/wp-content\/uploads\/2023\/10\/Mahe-Vaarika-mustsostratee-piparmundiga-Tamme-talu-urdiaed.jpg","type":"image\/jpeg"}],"twitter_card":"summary_large_image","twitter_misc":{"Arvioitu lukuaika":"1 minuutti"},"schema":{"@context":"https:\/\/schema.org","@graph":[{"@type":"WebPage","@id":"https:\/\/tammetalu.eu\/toode\/mahe-vaarika-mustsostratee-piparmundiga-puramiid\/","url":"https:\/\/tammetalu.eu\/toode\/mahe-vaarika-mustsostratee-piparmundiga-puramiid\/","name":"Mahe Vaarika-musts\u00f5stratee piparm\u00fcndiga p\u00fcramiid - Tamme talu \u00fcrdiaed","isPartOf":{"@id":"https:\/\/tammetalu.eu\/#website"},"primaryImageOfPage":{"@id":"https:\/\/tammetalu.eu\/toode\/mahe-vaarika-mustsostratee-piparmundiga-puramiid\/#primaryimage"},"image":{"@id":"https:\/\/tammetalu.eu\/toode\/mahe-vaarika-mustsostratee-piparmundiga-puramiid\/#primaryimage"},"thumbnailUrl":"https:\/\/tammetalu.eu\/wp-content\/uploads\/2023\/10\/Mahe-Vaarika-mustsostratee-piparmundiga-Tamme-talu-urdiaed.jpg","datePublished":"2023-10-20T12:53:54+00:00","dateModified":"2025-01-08T09:20:49+00:00","description":"Mahedalt kasvatatud taimedest ja k\u00fclmkuivatatud marjadest tee, mille maitse on suvine, v\u00e4rske ja marjane. Telli Tamme talu e-poest.","breadcrumb":{"@id":"https:\/\/tammetalu.eu\/toode\/mahe-vaarika-mustsostratee-piparmundiga-puramiid\/#breadcrumb"},"inLanguage":"fi","potentialAction":[{"@type":"ReadAction","target":["https:\/\/tammetalu.eu\/toode\/mahe-vaarika-mustsostratee-piparmundiga-puramiid\/"]}]},{"@type":"ImageObject","inLanguage":"fi","@id":"https:\/\/tammetalu.eu\/toode\/mahe-vaarika-mustsostratee-piparmundiga-puramiid\/#primaryimage","url":"https:\/\/tammetalu.eu\/wp-content\/uploads\/2023\/10\/Mahe-Vaarika-mustsostratee-piparmundiga-Tamme-talu-urdiaed.jpg","contentUrl":"https:\/\/tammetalu.eu\/wp-content\/uploads\/2023\/10\/Mahe-Vaarika-mustsostratee-piparmundiga-Tamme-talu-urdiaed.jpg","width":960,"height":960,"caption":"Mahe-Vaarika-mustsostratee-piparmundiga-Tamme-talu-urdiaed"},{"@type":"BreadcrumbList","@id":"https:\/\/tammetalu.eu\/toode\/mahe-vaarika-mustsostratee-piparmundiga-puramiid\/#breadcrumb","itemListElement":[{"@type":"ListItem","position":1,"name":"Home","item":"https:\/\/tammetalu.eu\/fi\/etusivu\/"},{"@type":"ListItem","position":2,"name":"Kaikki tuotteet","item":"https:\/\/tammetalu.eu\/fi\/kaikki-tuotteet\/"},{"@type":"ListItem","position":3,"name":"Mahe Vaarika-musts\u00f5stratee piparm\u00fcndiga p\u00fcramiid"}]},{"@type":"WebSite","@id":"https:\/\/tammetalu.eu\/#website","url":"https:\/\/tammetalu.eu\/","name":"Tamme talu \u00fcrdiaed","description":"K\u00e4sit\u00f6\u00f6na valmistatud tooted \u00fcrtidest, \u00fcrdiistikud, \u00fcrtide kollektsioonaed","publisher":{"@id":"https:\/\/tammetalu.eu\/#organization"},"alternateName":"Tamme talu","potentialAction":[{"@type":"SearchAction","target":{"@type":"EntryPoint","urlTemplate":"https:\/\/tammetalu.eu\/?s={search_term_string}"},"query-input":{"@type":"PropertyValueSpecification","valueRequired":true,"valueName":"search_term_string"}}],"inLanguage":"fi"},{"@type":"Organization","@id":"https:\/\/tammetalu.eu\/#organization","name":"Tamme talu \u00fcrdiaed","alternateName":"Tamme talu","url":"https:\/\/tammetalu.eu\/","logo":{"@type":"ImageObject","inLanguage":"fi","@id":"https:\/\/tammetalu.eu\/#\/schema\/logo\/image\/","url":"https:\/\/tammetalu.eu\/wp-content\/uploads\/2025\/01\/Tamme_talu_urdiaed.png","contentUrl":"https:\/\/tammetalu.eu\/wp-content\/uploads\/2025\/01\/Tamme_talu_urdiaed.png","width":560,"height":560,"caption":"Tamme talu \u00fcrdiaed"},"image":{"@id":"https:\/\/tammetalu.eu\/#\/schema\/logo\/image\/"},"sameAs":["https:\/\/www.facebook.com\/TammeTaluUrdiaed\/?locale=et_EE","https:\/\/www.instagram.com\/tammetaluurdiaed\/"]}]}},"_links":{"self":[{"href":"https:\/\/tammetalu.eu\/fi\/wp-json\/wp\/v2\/product\/19029","targetHints":{"allow":["GET"]}}],"collection":[{"href":"https:\/\/tammetalu.eu\/fi\/wp-json\/wp\/v2\/product"}],"about":[{"href":"https:\/\/tammetalu.eu\/fi\/wp-json\/wp\/v2\/types\/product"}],"wp:featuredmedia":[{"embeddable":true,"href":"https:\/\/tammetalu.eu\/fi\/wp-json\/wp\/v2\/media\/19041"}],"wp:attachment":[{"href":"https:\/\/tammetalu.eu\/fi\/wp-json\/wp\/v2\/media?parent=19029"}],"wp:term":[{"taxonomy":"product_brand","embeddable":true,"href":"https:\/\/tammetalu.eu\/fi\/wp-json\/wp\/v2\/product_brand?post=19029"},{"taxonomy":"product_cat","embeddable":true,"href":"https:\/\/tammetalu.eu\/fi\/wp-json\/wp\/v2\/product_cat?post=19029"},{"taxonomy":"product_tag","embeddable":true,"href":"https:\/\/tammetalu.eu\/fi\/wp-json\/wp\/v2\/product_tag?post=19029"}],"curies":[{"name":"wp","href":"https:\/\/api.w.org\/{rel}","templated":true}]}}