{"id":20039,"date":"2024-03-05T13:56:24","date_gmt":"2024-03-05T11:56:24","guid":{"rendered":"https:\/\/tammetalu.eu\/?post_type=product&#038;p=20039"},"modified":"2026-02-02T15:14:41","modified_gmt":"2026-02-02T13:14:41","slug":"paevaliilia-everydaylily-punch-yellow","status":"publish","type":"product","link":"https:\/\/tammetalu.eu\/fi\/toode\/paevaliilia-everydaylily-punch-yellow\/","title":{"rendered":"P\u00e4evaliilia &#8221;EveryDaylily Punch Yellow&#8221;"},"content":{"rendered":"","protected":false},"excerpt":{"rendered":"<p><em>Hemerocallis x hybrida<\/em><\/p>\n<p>H\u00fcbriidp\u00e4evaliilia sort &#8221;EveryDaylily Punch Yellow&#8221; on v\u00e4ga pika \u00f5itsemisajaga ja madalakasvuline (k\u00f5rgus kuni 35 cm) ning sobib seet\u00f5ttu kasvatamiseks nii konteineris, potis kui peenras. \u00d5ied kollased, p\u00e4rlmutrise helgiga, lehed meenutavad oma kujult veidi k\u00f5rreliste puhmikuid. Kasvamiseks vajavad p\u00e4evaliiliad tavalist parasniisket aiamulda ja t\u00e4isp\u00e4ikeselist v\u00f5i poolvarjulist kasvukohta. V\u00e4ga v\u00e4hen\u00f5udlik ja talvekindel p\u00fcsik. Taime saab kergesti paljundada puhmiku jagamise teel.<\/p>\n<p>P\u00e4evaliilia \u00f5ied, \u00f5iepungad ja noored varakevadised v\u00f5rsed on s\u00f6\u00f6davad ja sobivad tarvitada toiduks nii toorelt kui t\u00f6\u00f6delduna. \u00d5ied ja \u00f5iepungad on mahedalt magusa maitsega. Lisaks sobib p\u00e4evaliilia\u00a0 \u00f5itega kaunistada erinevaid kondiitritooteid ja magustoite v\u00f5i s\u00e4ttida neid\u00a0 toitude garneerimisel kaunistuseks.<\/p>\n","protected":false},"featured_media":20088,"template":"","meta":{"_acf_changed":false,"_et_pb_use_builder":"","_et_pb_old_content":"","_et_gb_content_width":"","inline_featured_image":false},"product_brand":[],"product_cat":[215,186],"product_tag":[],"class_list":{"0":"post-20039","1":"product","2":"type-product","3":"status-publish","4":"has-post-thumbnail","6":"product_cat-paevaliiliad","7":"product_cat-maitse-ja-ravimtaimede-istikud","9":"first","10":"outofstock","11":"sale","12":"taxable","13":"shipping-taxable","14":"purchasable","15":"product-type-simple"},"acf":[],"yoast_head":"<!-- This site is optimized with the Yoast SEO plugin v26.4 - https:\/\/yoast.com\/wordpress\/plugins\/seo\/ -->\n<title>P\u00e4evaliilia &quot;EveryDaylily Punch Yellow&quot; - Tamme talu \u00fcrdiaed<\/title>\n<meta name=\"robots\" content=\"index, follow, max-snippet:-1, max-image-preview:large, max-video-preview:-1\" \/>\n<link rel=\"canonical\" href=\"https:\/\/tammetalu.eu\/toode\/paevaliilia-everydaylily-punch-yellow\/\" \/>\n<meta property=\"og:locale\" content=\"fi_FI\" \/>\n<meta property=\"og:type\" content=\"article\" \/>\n<meta property=\"og:title\" content=\"P\u00e4evaliilia &quot;EveryDaylily Punch Yellow&quot; - Tamme talu \u00fcrdiaed\" \/>\n<meta property=\"og:description\" content=\"Hemerocallis x hybrida  H\u00fcbriidp\u00e4evaliilia sort &quot;EveryDaylily Punch Yellow&quot; on v\u00e4ga pika \u00f5itsemisajaga ja madalakasvuline (k\u00f5rgus kuni 35 cm) ning sobib seet\u00f5ttu kasvatamiseks nii konteineris, potis kui peenras. \u00d5ied kollased, p\u00e4rlmutrise helgiga, lehed meenutavad oma kujult veidi k\u00f5rreliste puhmikuid. Kasvamiseks vajavad p\u00e4evaliiliad tavalist parasniisket aiamulda ja t\u00e4isp\u00e4ikeselist v\u00f5i poolvarjulist kasvukohta. V\u00e4ga v\u00e4hen\u00f5udlik ja talvekindel p\u00fcsik. Taime saab kergesti paljundada puhmiku jagamise teel.  P\u00e4evaliilia \u00f5ied, \u00f5iepungad ja noored varakevadised v\u00f5rsed on s\u00f6\u00f6davad ja sobivad tarvitada toiduks nii toorelt kui t\u00f6\u00f6delduna. \u00d5ied ja \u00f5iepungad on mahedalt magusa maitsega. Lisaks sobib p\u00e4evaliilia\u00a0 \u00f5itega kaunistada erinevaid kondiitritooteid ja magustoite v\u00f5i s\u00e4ttida neid\u00a0 toitude garneerimisel kaunistuseks.\" \/>\n<meta property=\"og:url\" content=\"https:\/\/tammetalu.eu\/toode\/paevaliilia-everydaylily-punch-yellow\/\" \/>\n<meta property=\"og:site_name\" content=\"Tamme talu \u00fcrdiaed\" \/>\n<meta property=\"article:publisher\" content=\"https:\/\/www.facebook.com\/TammeTaluUrdiaed\/?locale=et_EE\" \/>\n<meta property=\"article:modified_time\" content=\"2026-02-02T13:14:41+00:00\" \/>\n<meta property=\"og:image\" content=\"https:\/\/tammetalu.eu\/wp-content\/uploads\/2024\/03\/Hemerocallis-everydaylily-punch-yellow-tamme-talu-urdiaed-rotated.jpg\" \/>\n\t<meta property=\"og:image:width\" content=\"480\" \/>\n\t<meta property=\"og:image:height\" content=\"640\" \/>\n\t<meta property=\"og:image:type\" content=\"image\/jpeg\" \/>\n<meta name=\"twitter:card\" content=\"summary_large_image\" \/>\n<meta name=\"twitter:label1\" content=\"Arvioitu lukuaika\" \/>\n\t<meta name=\"twitter:data1\" content=\"1 minuutti\" \/>\n<script type=\"application\/ld+json\" class=\"yoast-schema-graph\">{\"@context\":\"https:\/\/schema.org\",\"@graph\":[{\"@type\":\"WebPage\",\"@id\":\"https:\/\/tammetalu.eu\/toode\/paevaliilia-everydaylily-punch-yellow\/\",\"url\":\"https:\/\/tammetalu.eu\/toode\/paevaliilia-everydaylily-punch-yellow\/\",\"name\":\"P\u00e4evaliilia \\\"EveryDaylily Punch Yellow\\\" - Tamme talu \u00fcrdiaed\",\"isPartOf\":{\"@id\":\"https:\/\/tammetalu.eu\/#website\"},\"primaryImageOfPage\":{\"@id\":\"https:\/\/tammetalu.eu\/toode\/paevaliilia-everydaylily-punch-yellow\/#primaryimage\"},\"image\":{\"@id\":\"https:\/\/tammetalu.eu\/toode\/paevaliilia-everydaylily-punch-yellow\/#primaryimage\"},\"thumbnailUrl\":\"https:\/\/tammetalu.eu\/wp-content\/uploads\/2024\/03\/Hemerocallis-everydaylily-punch-yellow-tamme-talu-urdiaed-rotated.jpg\",\"datePublished\":\"2024-03-05T11:56:24+00:00\",\"dateModified\":\"2026-02-02T13:14:41+00:00\",\"breadcrumb\":{\"@id\":\"https:\/\/tammetalu.eu\/toode\/paevaliilia-everydaylily-punch-yellow\/#breadcrumb\"},\"inLanguage\":\"fi\",\"potentialAction\":[{\"@type\":\"ReadAction\",\"target\":[\"https:\/\/tammetalu.eu\/toode\/paevaliilia-everydaylily-punch-yellow\/\"]}]},{\"@type\":\"ImageObject\",\"inLanguage\":\"fi\",\"@id\":\"https:\/\/tammetalu.eu\/toode\/paevaliilia-everydaylily-punch-yellow\/#primaryimage\",\"url\":\"https:\/\/tammetalu.eu\/wp-content\/uploads\/2024\/03\/Hemerocallis-everydaylily-punch-yellow-tamme-talu-urdiaed-rotated.jpg\",\"contentUrl\":\"https:\/\/tammetalu.eu\/wp-content\/uploads\/2024\/03\/Hemerocallis-everydaylily-punch-yellow-tamme-talu-urdiaed-rotated.jpg\",\"width\":480,\"height\":640,\"caption\":\"Hemerocallis-everydaylily-punch-yellow-tamme-talu-urdiaed-rotated\"},{\"@type\":\"BreadcrumbList\",\"@id\":\"https:\/\/tammetalu.eu\/toode\/paevaliilia-everydaylily-punch-yellow\/#breadcrumb\",\"itemListElement\":[{\"@type\":\"ListItem\",\"position\":1,\"name\":\"Home\",\"item\":\"https:\/\/tammetalu.eu\/fi\/etusivu\/\"},{\"@type\":\"ListItem\",\"position\":2,\"name\":\"Kaikki tuotteet\",\"item\":\"https:\/\/tammetalu.eu\/fi\/kaikki-tuotteet\/\"},{\"@type\":\"ListItem\",\"position\":3,\"name\":\"P\u00e4evaliilia &#8220;EveryDaylily Punch Yellow&#8221;\"}]},{\"@type\":\"WebSite\",\"@id\":\"https:\/\/tammetalu.eu\/#website\",\"url\":\"https:\/\/tammetalu.eu\/\",\"name\":\"Tamme talu \u00fcrdiaed\",\"description\":\"K\u00e4sit\u00f6\u00f6na valmistatud tooted \u00fcrtidest, \u00fcrdiistikud, \u00fcrtide kollektsioonaed\",\"publisher\":{\"@id\":\"https:\/\/tammetalu.eu\/#organization\"},\"alternateName\":\"Tamme talu\",\"potentialAction\":[{\"@type\":\"SearchAction\",\"target\":{\"@type\":\"EntryPoint\",\"urlTemplate\":\"https:\/\/tammetalu.eu\/?s={search_term_string}\"},\"query-input\":{\"@type\":\"PropertyValueSpecification\",\"valueRequired\":true,\"valueName\":\"search_term_string\"}}],\"inLanguage\":\"fi\"},{\"@type\":\"Organization\",\"@id\":\"https:\/\/tammetalu.eu\/#organization\",\"name\":\"Tamme talu \u00fcrdiaed\",\"alternateName\":\"Tamme talu\",\"url\":\"https:\/\/tammetalu.eu\/\",\"logo\":{\"@type\":\"ImageObject\",\"inLanguage\":\"fi\",\"@id\":\"https:\/\/tammetalu.eu\/#\/schema\/logo\/image\/\",\"url\":\"https:\/\/tammetalu.eu\/wp-content\/uploads\/2025\/01\/Tamme_talu_urdiaed.png\",\"contentUrl\":\"https:\/\/tammetalu.eu\/wp-content\/uploads\/2025\/01\/Tamme_talu_urdiaed.png\",\"width\":560,\"height\":560,\"caption\":\"Tamme talu \u00fcrdiaed\"},\"image\":{\"@id\":\"https:\/\/tammetalu.eu\/#\/schema\/logo\/image\/\"},\"sameAs\":[\"https:\/\/www.facebook.com\/TammeTaluUrdiaed\/?locale=et_EE\",\"https:\/\/www.instagram.com\/tammetaluurdiaed\/\"]}]}<\/script>\n<!-- \/ Yoast SEO plugin. -->","yoast_head_json":{"title":"P\u00e4evaliilia \"EveryDaylily Punch Yellow\" - Tamme talu \u00fcrdiaed","robots":{"index":"index","follow":"follow","max-snippet":"max-snippet:-1","max-image-preview":"max-image-preview:large","max-video-preview":"max-video-preview:-1"},"canonical":"https:\/\/tammetalu.eu\/toode\/paevaliilia-everydaylily-punch-yellow\/","og_locale":"fi_FI","og_type":"article","og_title":"P\u00e4evaliilia \"EveryDaylily Punch Yellow\" - Tamme talu \u00fcrdiaed","og_description":"Hemerocallis x hybrida  H\u00fcbriidp\u00e4evaliilia sort \"EveryDaylily Punch Yellow\" on v\u00e4ga pika \u00f5itsemisajaga ja madalakasvuline (k\u00f5rgus kuni 35 cm) ning sobib seet\u00f5ttu kasvatamiseks nii konteineris, potis kui peenras. \u00d5ied kollased, p\u00e4rlmutrise helgiga, lehed meenutavad oma kujult veidi k\u00f5rreliste puhmikuid. Kasvamiseks vajavad p\u00e4evaliiliad tavalist parasniisket aiamulda ja t\u00e4isp\u00e4ikeselist v\u00f5i poolvarjulist kasvukohta. V\u00e4ga v\u00e4hen\u00f5udlik ja talvekindel p\u00fcsik. Taime saab kergesti paljundada puhmiku jagamise teel.  P\u00e4evaliilia \u00f5ied, \u00f5iepungad ja noored varakevadised v\u00f5rsed on s\u00f6\u00f6davad ja sobivad tarvitada toiduks nii toorelt kui t\u00f6\u00f6delduna. \u00d5ied ja \u00f5iepungad on mahedalt magusa maitsega. Lisaks sobib p\u00e4evaliilia\u00a0 \u00f5itega kaunistada erinevaid kondiitritooteid ja magustoite v\u00f5i s\u00e4ttida neid\u00a0 toitude garneerimisel kaunistuseks.","og_url":"https:\/\/tammetalu.eu\/toode\/paevaliilia-everydaylily-punch-yellow\/","og_site_name":"Tamme talu \u00fcrdiaed","article_publisher":"https:\/\/www.facebook.com\/TammeTaluUrdiaed\/?locale=et_EE","article_modified_time":"2026-02-02T13:14:41+00:00","og_image":[{"width":480,"height":640,"url":"https:\/\/tammetalu.eu\/wp-content\/uploads\/2024\/03\/Hemerocallis-everydaylily-punch-yellow-tamme-talu-urdiaed-rotated.jpg","type":"image\/jpeg"}],"twitter_card":"summary_large_image","twitter_misc":{"Arvioitu lukuaika":"1 minuutti"},"schema":{"@context":"https:\/\/schema.org","@graph":[{"@type":"WebPage","@id":"https:\/\/tammetalu.eu\/toode\/paevaliilia-everydaylily-punch-yellow\/","url":"https:\/\/tammetalu.eu\/toode\/paevaliilia-everydaylily-punch-yellow\/","name":"P\u00e4evaliilia \"EveryDaylily Punch Yellow\" - Tamme talu \u00fcrdiaed","isPartOf":{"@id":"https:\/\/tammetalu.eu\/#website"},"primaryImageOfPage":{"@id":"https:\/\/tammetalu.eu\/toode\/paevaliilia-everydaylily-punch-yellow\/#primaryimage"},"image":{"@id":"https:\/\/tammetalu.eu\/toode\/paevaliilia-everydaylily-punch-yellow\/#primaryimage"},"thumbnailUrl":"https:\/\/tammetalu.eu\/wp-content\/uploads\/2024\/03\/Hemerocallis-everydaylily-punch-yellow-tamme-talu-urdiaed-rotated.jpg","datePublished":"2024-03-05T11:56:24+00:00","dateModified":"2026-02-02T13:14:41+00:00","breadcrumb":{"@id":"https:\/\/tammetalu.eu\/toode\/paevaliilia-everydaylily-punch-yellow\/#breadcrumb"},"inLanguage":"fi","potentialAction":[{"@type":"ReadAction","target":["https:\/\/tammetalu.eu\/toode\/paevaliilia-everydaylily-punch-yellow\/"]}]},{"@type":"ImageObject","inLanguage":"fi","@id":"https:\/\/tammetalu.eu\/toode\/paevaliilia-everydaylily-punch-yellow\/#primaryimage","url":"https:\/\/tammetalu.eu\/wp-content\/uploads\/2024\/03\/Hemerocallis-everydaylily-punch-yellow-tamme-talu-urdiaed-rotated.jpg","contentUrl":"https:\/\/tammetalu.eu\/wp-content\/uploads\/2024\/03\/Hemerocallis-everydaylily-punch-yellow-tamme-talu-urdiaed-rotated.jpg","width":480,"height":640,"caption":"Hemerocallis-everydaylily-punch-yellow-tamme-talu-urdiaed-rotated"},{"@type":"BreadcrumbList","@id":"https:\/\/tammetalu.eu\/toode\/paevaliilia-everydaylily-punch-yellow\/#breadcrumb","itemListElement":[{"@type":"ListItem","position":1,"name":"Home","item":"https:\/\/tammetalu.eu\/fi\/etusivu\/"},{"@type":"ListItem","position":2,"name":"Kaikki tuotteet","item":"https:\/\/tammetalu.eu\/fi\/kaikki-tuotteet\/"},{"@type":"ListItem","position":3,"name":"P\u00e4evaliilia &#8220;EveryDaylily Punch Yellow&#8221;"}]},{"@type":"WebSite","@id":"https:\/\/tammetalu.eu\/#website","url":"https:\/\/tammetalu.eu\/","name":"Tamme talu \u00fcrdiaed","description":"K\u00e4sit\u00f6\u00f6na valmistatud tooted \u00fcrtidest, \u00fcrdiistikud, \u00fcrtide kollektsioonaed","publisher":{"@id":"https:\/\/tammetalu.eu\/#organization"},"alternateName":"Tamme talu","potentialAction":[{"@type":"SearchAction","target":{"@type":"EntryPoint","urlTemplate":"https:\/\/tammetalu.eu\/?s={search_term_string}"},"query-input":{"@type":"PropertyValueSpecification","valueRequired":true,"valueName":"search_term_string"}}],"inLanguage":"fi"},{"@type":"Organization","@id":"https:\/\/tammetalu.eu\/#organization","name":"Tamme talu \u00fcrdiaed","alternateName":"Tamme talu","url":"https:\/\/tammetalu.eu\/","logo":{"@type":"ImageObject","inLanguage":"fi","@id":"https:\/\/tammetalu.eu\/#\/schema\/logo\/image\/","url":"https:\/\/tammetalu.eu\/wp-content\/uploads\/2025\/01\/Tamme_talu_urdiaed.png","contentUrl":"https:\/\/tammetalu.eu\/wp-content\/uploads\/2025\/01\/Tamme_talu_urdiaed.png","width":560,"height":560,"caption":"Tamme talu \u00fcrdiaed"},"image":{"@id":"https:\/\/tammetalu.eu\/#\/schema\/logo\/image\/"},"sameAs":["https:\/\/www.facebook.com\/TammeTaluUrdiaed\/?locale=et_EE","https:\/\/www.instagram.com\/tammetaluurdiaed\/"]}]}},"_links":{"self":[{"href":"https:\/\/tammetalu.eu\/fi\/wp-json\/wp\/v2\/product\/20039","targetHints":{"allow":["GET"]}}],"collection":[{"href":"https:\/\/tammetalu.eu\/fi\/wp-json\/wp\/v2\/product"}],"about":[{"href":"https:\/\/tammetalu.eu\/fi\/wp-json\/wp\/v2\/types\/product"}],"wp:featuredmedia":[{"embeddable":true,"href":"https:\/\/tammetalu.eu\/fi\/wp-json\/wp\/v2\/media\/20088"}],"wp:attachment":[{"href":"https:\/\/tammetalu.eu\/fi\/wp-json\/wp\/v2\/media?parent=20039"}],"wp:term":[{"taxonomy":"product_brand","embeddable":true,"href":"https:\/\/tammetalu.eu\/fi\/wp-json\/wp\/v2\/product_brand?post=20039"},{"taxonomy":"product_cat","embeddable":true,"href":"https:\/\/tammetalu.eu\/fi\/wp-json\/wp\/v2\/product_cat?post=20039"},{"taxonomy":"product_tag","embeddable":true,"href":"https:\/\/tammetalu.eu\/fi\/wp-json\/wp\/v2\/product_tag?post=20039"}],"curies":[{"name":"wp","href":"https:\/\/api.w.org\/{rel}","templated":true}]}}