{"id":20053,"date":"2024-03-05T15:19:47","date_gmt":"2024-03-05T13:19:47","guid":{"rendered":"https:\/\/tammetalu.eu\/?post_type=product&#038;p=20053"},"modified":"2026-05-06T08:42:10","modified_gmt":"2026-05-06T05:42:10","slug":"harilik-perovskia-crazy-blue","status":"publish","type":"product","link":"https:\/\/tammetalu.eu\/fi\/toode\/harilik-perovskia-crazy-blue\/","title":{"rendered":"Harilik perovskia Salvia yangii &#8221;Crazy Blue&#8221;"},"content":{"rendered":"","protected":false},"excerpt":{"rendered":"<p><em>\u00a0Salvia yangii s\u00fcn. Perovskia atriplicifolia<\/em><\/p>\n<p>H\u00f5bedaste hallide aromaatsete lehtede ja siniste \u00f5isikutega 40-45 cm k\u00f5rgune p\u00fcsik kuiva v\u00f5i pararasniiske mullaga peenrasse.<\/p>\n<p>Armastab tuulevaikset kohta ja t\u00e4isp\u00e4ikest, kuid lepib ka poolvarjuga. Perovskia on ilus ka enne \u00f5itsemist, kuna \u00f5iepungad on sinakad ja j\u00e4tavad kaugemalt vaadates mulje, nagu taim \u00f5itseks.<\/p>\n<p>Perovskiat kutsutakse ka vene salveiks. \u00d5ied la lehed sobivad salatitesse ja toitude ning jookide kaunistamiseks.<\/p>\n","protected":false},"featured_media":16276,"template":"","meta":{"_acf_changed":false,"_et_pb_use_builder":"","_et_pb_old_content":"","_et_gb_content_width":"","inline_featured_image":false},"product_brand":[],"product_cat":[186,200],"product_tag":[],"class_list":{"0":"post-20053","1":"product","2":"type-product","3":"status-publish","4":"has-post-thumbnail","6":"product_cat-maitse-ja-ravimtaimede-istikud","7":"product_cat-muud-maitsetaimed","9":"first","10":"instock","11":"taxable","12":"shipping-taxable","13":"purchasable","14":"product-type-simple"},"acf":[],"yoast_head":"<!-- This site is optimized with the Yoast SEO plugin v27.5 - https:\/\/yoast.com\/product\/yoast-seo-wordpress\/ -->\n<title>Harilik perovskia Salvia yangii &quot;Crazy Blue&quot; - Tamme talu \u00fcrdiaed<\/title>\n<meta name=\"robots\" content=\"index, follow, max-snippet:-1, max-image-preview:large, max-video-preview:-1\" \/>\n<link rel=\"canonical\" href=\"https:\/\/tammetalu.eu\/toode\/harilik-perovskia-crazy-blue\/\" \/>\n<meta property=\"og:locale\" content=\"fi_FI\" \/>\n<meta property=\"og:type\" content=\"article\" \/>\n<meta property=\"og:title\" content=\"Harilik perovskia Salvia yangii &quot;Crazy Blue&quot; - Tamme talu \u00fcrdiaed\" \/>\n<meta property=\"og:description\" content=\"\u00a0Salvia yangii s\u00fcn. Perovskia atriplicifolia  H\u00f5bedaste hallide aromaatsete lehtede ja siniste \u00f5isikutega 40-45 cm k\u00f5rgune p\u00fcsik kuiva v\u00f5i pararasniiske mullaga peenrasse.  Armastab tuulevaikset kohta ja t\u00e4isp\u00e4ikest, kuid lepib ka poolvarjuga. Perovskia on ilus ka enne \u00f5itsemist, kuna \u00f5iepungad on sinakad ja j\u00e4tavad kaugemalt vaadates mulje, nagu taim \u00f5itseks.  Perovskiat kutsutakse ka vene salveiks. \u00d5ied la lehed sobivad salatitesse ja toitude ning jookide kaunistamiseks.\" \/>\n<meta property=\"og:url\" content=\"https:\/\/tammetalu.eu\/toode\/harilik-perovskia-crazy-blue\/\" \/>\n<meta property=\"og:site_name\" content=\"Tamme talu \u00fcrdiaed\" \/>\n<meta property=\"article:publisher\" content=\"https:\/\/www.facebook.com\/TammeTaluUrdiaed\/?locale=et_EE\" \/>\n<meta property=\"article:modified_time\" content=\"2026-05-06T05:42:10+00:00\" \/>\n<meta property=\"og:image\" content=\"https:\/\/tammetalu.eu\/wp-content\/uploads\/2022\/08\/Harilik-perovskia-tamme-talu-urdiaed-5.jpg\" \/>\n\t<meta property=\"og:image:width\" content=\"600\" \/>\n\t<meta property=\"og:image:height\" content=\"600\" \/>\n\t<meta property=\"og:image:type\" content=\"image\/jpeg\" \/>\n<meta name=\"twitter:card\" content=\"summary_large_image\" \/>\n<meta name=\"twitter:label1\" content=\"Arvioitu lukuaika\" \/>\n\t<meta name=\"twitter:data1\" content=\"1 minuutti\" \/>\n<script type=\"application\/ld+json\" class=\"yoast-schema-graph\">{\"@context\":\"https:\\\/\\\/schema.org\",\"@graph\":[{\"@type\":\"WebPage\",\"@id\":\"https:\\\/\\\/tammetalu.eu\\\/toode\\\/harilik-perovskia-crazy-blue\\\/\",\"url\":\"https:\\\/\\\/tammetalu.eu\\\/toode\\\/harilik-perovskia-crazy-blue\\\/\",\"name\":\"Harilik perovskia Salvia yangii \\\"Crazy Blue\\\" - Tamme talu \u00fcrdiaed\",\"isPartOf\":{\"@id\":\"https:\\\/\\\/tammetalu.eu\\\/#website\"},\"primaryImageOfPage\":{\"@id\":\"https:\\\/\\\/tammetalu.eu\\\/toode\\\/harilik-perovskia-crazy-blue\\\/#primaryimage\"},\"image\":{\"@id\":\"https:\\\/\\\/tammetalu.eu\\\/toode\\\/harilik-perovskia-crazy-blue\\\/#primaryimage\"},\"thumbnailUrl\":\"https:\\\/\\\/tammetalu.eu\\\/wp-content\\\/uploads\\\/2022\\\/08\\\/Harilik-perovskia-tamme-talu-urdiaed-5.jpg\",\"datePublished\":\"2024-03-05T13:19:47+00:00\",\"dateModified\":\"2026-05-06T05:42:10+00:00\",\"breadcrumb\":{\"@id\":\"https:\\\/\\\/tammetalu.eu\\\/toode\\\/harilik-perovskia-crazy-blue\\\/#breadcrumb\"},\"inLanguage\":\"fi\",\"potentialAction\":[{\"@type\":\"ReadAction\",\"target\":[\"https:\\\/\\\/tammetalu.eu\\\/toode\\\/harilik-perovskia-crazy-blue\\\/\"]}]},{\"@type\":\"ImageObject\",\"inLanguage\":\"fi\",\"@id\":\"https:\\\/\\\/tammetalu.eu\\\/toode\\\/harilik-perovskia-crazy-blue\\\/#primaryimage\",\"url\":\"https:\\\/\\\/tammetalu.eu\\\/wp-content\\\/uploads\\\/2022\\\/08\\\/Harilik-perovskia-tamme-talu-urdiaed-5.jpg\",\"contentUrl\":\"https:\\\/\\\/tammetalu.eu\\\/wp-content\\\/uploads\\\/2022\\\/08\\\/Harilik-perovskia-tamme-talu-urdiaed-5.jpg\",\"width\":600,\"height\":600},{\"@type\":\"BreadcrumbList\",\"@id\":\"https:\\\/\\\/tammetalu.eu\\\/toode\\\/harilik-perovskia-crazy-blue\\\/#breadcrumb\",\"itemListElement\":[{\"@type\":\"ListItem\",\"position\":1,\"name\":\"Home\",\"item\":\"https:\\\/\\\/tammetalu.eu\\\/fi\\\/etusivu\\\/\"},{\"@type\":\"ListItem\",\"position\":2,\"name\":\"Kaikki tuotteet\",\"item\":\"https:\\\/\\\/tammetalu.eu\\\/fi\\\/kaikki-tuotteet\\\/\"},{\"@type\":\"ListItem\",\"position\":3,\"name\":\"Harilik perovskia Salvia yangii &#8220;Crazy Blue&#8221;\"}]},{\"@type\":\"WebSite\",\"@id\":\"https:\\\/\\\/tammetalu.eu\\\/#website\",\"url\":\"https:\\\/\\\/tammetalu.eu\\\/\",\"name\":\"Tamme talu \u00fcrdiaed\",\"description\":\"K\u00e4sit\u00f6\u00f6na valmistatud tooted \u00fcrtidest, \u00fcrdiistikud, \u00fcrtide kollektsioonaed\",\"publisher\":{\"@id\":\"https:\\\/\\\/tammetalu.eu\\\/#organization\"},\"alternateName\":\"Tamme talu\",\"potentialAction\":[{\"@type\":\"SearchAction\",\"target\":{\"@type\":\"EntryPoint\",\"urlTemplate\":\"https:\\\/\\\/tammetalu.eu\\\/?s={search_term_string}\"},\"query-input\":{\"@type\":\"PropertyValueSpecification\",\"valueRequired\":true,\"valueName\":\"search_term_string\"}}],\"inLanguage\":\"fi\"},{\"@type\":\"Organization\",\"@id\":\"https:\\\/\\\/tammetalu.eu\\\/#organization\",\"name\":\"Tamme talu \u00fcrdiaed\",\"alternateName\":\"Tamme talu\",\"url\":\"https:\\\/\\\/tammetalu.eu\\\/\",\"logo\":{\"@type\":\"ImageObject\",\"inLanguage\":\"fi\",\"@id\":\"https:\\\/\\\/tammetalu.eu\\\/#\\\/schema\\\/logo\\\/image\\\/\",\"url\":\"https:\\\/\\\/tammetalu.eu\\\/wp-content\\\/uploads\\\/2025\\\/01\\\/Tamme_talu_urdiaed.png\",\"contentUrl\":\"https:\\\/\\\/tammetalu.eu\\\/wp-content\\\/uploads\\\/2025\\\/01\\\/Tamme_talu_urdiaed.png\",\"width\":560,\"height\":560,\"caption\":\"Tamme talu \u00fcrdiaed\"},\"image\":{\"@id\":\"https:\\\/\\\/tammetalu.eu\\\/#\\\/schema\\\/logo\\\/image\\\/\"},\"sameAs\":[\"https:\\\/\\\/www.facebook.com\\\/TammeTaluUrdiaed\\\/?locale=et_EE\",\"https:\\\/\\\/www.instagram.com\\\/tammetaluurdiaed\\\/\"]}]}<\/script>\n<!-- \/ Yoast SEO plugin. -->","yoast_head_json":{"title":"Harilik perovskia Salvia yangii \"Crazy Blue\" - Tamme talu \u00fcrdiaed","robots":{"index":"index","follow":"follow","max-snippet":"max-snippet:-1","max-image-preview":"max-image-preview:large","max-video-preview":"max-video-preview:-1"},"canonical":"https:\/\/tammetalu.eu\/toode\/harilik-perovskia-crazy-blue\/","og_locale":"fi_FI","og_type":"article","og_title":"Harilik perovskia Salvia yangii \"Crazy Blue\" - Tamme talu \u00fcrdiaed","og_description":"\u00a0Salvia yangii s\u00fcn. Perovskia atriplicifolia  H\u00f5bedaste hallide aromaatsete lehtede ja siniste \u00f5isikutega 40-45 cm k\u00f5rgune p\u00fcsik kuiva v\u00f5i pararasniiske mullaga peenrasse.  Armastab tuulevaikset kohta ja t\u00e4isp\u00e4ikest, kuid lepib ka poolvarjuga. Perovskia on ilus ka enne \u00f5itsemist, kuna \u00f5iepungad on sinakad ja j\u00e4tavad kaugemalt vaadates mulje, nagu taim \u00f5itseks.  Perovskiat kutsutakse ka vene salveiks. \u00d5ied la lehed sobivad salatitesse ja toitude ning jookide kaunistamiseks.","og_url":"https:\/\/tammetalu.eu\/toode\/harilik-perovskia-crazy-blue\/","og_site_name":"Tamme talu \u00fcrdiaed","article_publisher":"https:\/\/www.facebook.com\/TammeTaluUrdiaed\/?locale=et_EE","article_modified_time":"2026-05-06T05:42:10+00:00","og_image":[{"width":600,"height":600,"url":"https:\/\/tammetalu.eu\/wp-content\/uploads\/2022\/08\/Harilik-perovskia-tamme-talu-urdiaed-5.jpg","type":"image\/jpeg"}],"twitter_card":"summary_large_image","twitter_misc":{"Arvioitu lukuaika":"1 minuutti"},"schema":{"@context":"https:\/\/schema.org","@graph":[{"@type":"WebPage","@id":"https:\/\/tammetalu.eu\/toode\/harilik-perovskia-crazy-blue\/","url":"https:\/\/tammetalu.eu\/toode\/harilik-perovskia-crazy-blue\/","name":"Harilik perovskia Salvia yangii \"Crazy Blue\" - Tamme talu \u00fcrdiaed","isPartOf":{"@id":"https:\/\/tammetalu.eu\/#website"},"primaryImageOfPage":{"@id":"https:\/\/tammetalu.eu\/toode\/harilik-perovskia-crazy-blue\/#primaryimage"},"image":{"@id":"https:\/\/tammetalu.eu\/toode\/harilik-perovskia-crazy-blue\/#primaryimage"},"thumbnailUrl":"https:\/\/tammetalu.eu\/wp-content\/uploads\/2022\/08\/Harilik-perovskia-tamme-talu-urdiaed-5.jpg","datePublished":"2024-03-05T13:19:47+00:00","dateModified":"2026-05-06T05:42:10+00:00","breadcrumb":{"@id":"https:\/\/tammetalu.eu\/toode\/harilik-perovskia-crazy-blue\/#breadcrumb"},"inLanguage":"fi","potentialAction":[{"@type":"ReadAction","target":["https:\/\/tammetalu.eu\/toode\/harilik-perovskia-crazy-blue\/"]}]},{"@type":"ImageObject","inLanguage":"fi","@id":"https:\/\/tammetalu.eu\/toode\/harilik-perovskia-crazy-blue\/#primaryimage","url":"https:\/\/tammetalu.eu\/wp-content\/uploads\/2022\/08\/Harilik-perovskia-tamme-talu-urdiaed-5.jpg","contentUrl":"https:\/\/tammetalu.eu\/wp-content\/uploads\/2022\/08\/Harilik-perovskia-tamme-talu-urdiaed-5.jpg","width":600,"height":600},{"@type":"BreadcrumbList","@id":"https:\/\/tammetalu.eu\/toode\/harilik-perovskia-crazy-blue\/#breadcrumb","itemListElement":[{"@type":"ListItem","position":1,"name":"Home","item":"https:\/\/tammetalu.eu\/fi\/etusivu\/"},{"@type":"ListItem","position":2,"name":"Kaikki tuotteet","item":"https:\/\/tammetalu.eu\/fi\/kaikki-tuotteet\/"},{"@type":"ListItem","position":3,"name":"Harilik perovskia Salvia yangii &#8220;Crazy Blue&#8221;"}]},{"@type":"WebSite","@id":"https:\/\/tammetalu.eu\/#website","url":"https:\/\/tammetalu.eu\/","name":"Tamme talu \u00fcrdiaed","description":"K\u00e4sit\u00f6\u00f6na valmistatud tooted \u00fcrtidest, \u00fcrdiistikud, \u00fcrtide kollektsioonaed","publisher":{"@id":"https:\/\/tammetalu.eu\/#organization"},"alternateName":"Tamme talu","potentialAction":[{"@type":"SearchAction","target":{"@type":"EntryPoint","urlTemplate":"https:\/\/tammetalu.eu\/?s={search_term_string}"},"query-input":{"@type":"PropertyValueSpecification","valueRequired":true,"valueName":"search_term_string"}}],"inLanguage":"fi"},{"@type":"Organization","@id":"https:\/\/tammetalu.eu\/#organization","name":"Tamme talu \u00fcrdiaed","alternateName":"Tamme talu","url":"https:\/\/tammetalu.eu\/","logo":{"@type":"ImageObject","inLanguage":"fi","@id":"https:\/\/tammetalu.eu\/#\/schema\/logo\/image\/","url":"https:\/\/tammetalu.eu\/wp-content\/uploads\/2025\/01\/Tamme_talu_urdiaed.png","contentUrl":"https:\/\/tammetalu.eu\/wp-content\/uploads\/2025\/01\/Tamme_talu_urdiaed.png","width":560,"height":560,"caption":"Tamme talu \u00fcrdiaed"},"image":{"@id":"https:\/\/tammetalu.eu\/#\/schema\/logo\/image\/"},"sameAs":["https:\/\/www.facebook.com\/TammeTaluUrdiaed\/?locale=et_EE","https:\/\/www.instagram.com\/tammetaluurdiaed\/"]}]}},"_links":{"self":[{"href":"https:\/\/tammetalu.eu\/fi\/wp-json\/wp\/v2\/product\/20053","targetHints":{"allow":["GET"]}}],"collection":[{"href":"https:\/\/tammetalu.eu\/fi\/wp-json\/wp\/v2\/product"}],"about":[{"href":"https:\/\/tammetalu.eu\/fi\/wp-json\/wp\/v2\/types\/product"}],"wp:featuredmedia":[{"embeddable":true,"href":"https:\/\/tammetalu.eu\/fi\/wp-json\/wp\/v2\/media\/16276"}],"wp:attachment":[{"href":"https:\/\/tammetalu.eu\/fi\/wp-json\/wp\/v2\/media?parent=20053"}],"wp:term":[{"taxonomy":"product_brand","embeddable":true,"href":"https:\/\/tammetalu.eu\/fi\/wp-json\/wp\/v2\/product_brand?post=20053"},{"taxonomy":"product_cat","embeddable":true,"href":"https:\/\/tammetalu.eu\/fi\/wp-json\/wp\/v2\/product_cat?post=20053"},{"taxonomy":"product_tag","embeddable":true,"href":"https:\/\/tammetalu.eu\/fi\/wp-json\/wp\/v2\/product_tag?post=20053"}],"curies":[{"name":"wp","href":"https:\/\/api.w.org\/{rel}","templated":true}]}}