{"id":20159,"date":"2024-03-14T17:53:18","date_gmt":"2024-03-14T15:53:18","guid":{"rendered":"https:\/\/tammetalu.eu\/?post_type=product&#038;p=20159"},"modified":"2026-03-30T17:52:07","modified_gmt":"2026-03-30T14:52:07","slug":"aedmalve-elsie-heugh","status":"publish","type":"product","link":"https:\/\/tammetalu.eu\/fi\/toode\/aedmalve-elsie-heugh\/","title":{"rendered":"Malve Sidalcea spp. &#8221;Elsie Heugh&#8221;"},"content":{"rendered":"","protected":false},"excerpt":{"rendered":"<p><em>Malve spp.<\/em><\/p>\n<p><span style=\"font-weight: 400;\">\u00a0Pea 80 cm k\u00f5rguseks kasvav mitmeaastane\u00a0 heleroosade<\/span><span style=\"font-weight: 400;\">\u00a0v\u00e4ga dekoratiivsete \u00f5itega kergesti kasvatatav ilu- ja toidu<\/span><span style=\"font-weight: 400;\">taim. \u00d5isi ja mahedamaitselisi lehti v\u00f5ib tarvitada\u00a0 teeks ja toor<\/span><span style=\"font-weight: 400;\">salatitesse. Noori lehti saab hautada ja keeta. Noored rohelised lehed kuivatatult sobivad klorof\u00fcllijahu valmistamiseks ja mahedaks maitseaineks erinevatesse toitudesse.\u00a0<\/span><\/p>\n<p><span style=\"font-weight: 400;\">\u00a0Kasvamiseks vajab aedmalve valget v\u00f5i poolvarjulist <\/span><span style=\"font-weight: 400;\">kasvukohta tavalises aiamullas. V\u00e4ga v\u00e4he<\/span><span style=\"font-weight: 400;\">n\u00f5udlik ja rikkalikult kogu hooaja kuni k\u00fclmadeni \u00f5itsev taim. Sobib suuremate kogumikena loodusaedadesse. Isek\u00fclvi annab, kuid v\u00e4hesel m\u00e4\u00e4ral.<\/span><\/p>\n","protected":false},"featured_media":20566,"template":"","meta":{"_acf_changed":false,"_et_pb_use_builder":"","_et_pb_old_content":"","_et_gb_content_width":"","inline_featured_image":false},"product_brand":[],"product_cat":[186,200],"product_tag":[],"class_list":{"0":"post-20159","1":"product","2":"type-product","3":"status-publish","4":"has-post-thumbnail","6":"product_cat-maitse-ja-ravimtaimede-istikud","7":"product_cat-muud-maitsetaimed","9":"first","10":"instock","11":"sale","12":"taxable","13":"shipping-taxable","14":"purchasable","15":"product-type-simple"},"acf":[],"yoast_head":"<!-- This site is optimized with the Yoast SEO plugin v26.4 - https:\/\/yoast.com\/wordpress\/plugins\/seo\/ -->\n<title>Malve Sidalcea spp. &quot;Elsie Heugh&quot; - Tamme talu \u00fcrdiaed<\/title>\n<meta name=\"robots\" content=\"index, follow, max-snippet:-1, max-image-preview:large, max-video-preview:-1\" \/>\n<link rel=\"canonical\" href=\"https:\/\/tammetalu.eu\/toode\/aedmalve-elsie-heugh\/\" \/>\n<meta property=\"og:locale\" content=\"fi_FI\" \/>\n<meta property=\"og:type\" content=\"article\" \/>\n<meta property=\"og:title\" content=\"Malve Sidalcea spp. &quot;Elsie Heugh&quot; - Tamme talu \u00fcrdiaed\" \/>\n<meta property=\"og:description\" content=\"Malve spp.  \u00a0Pea 80 cm k\u00f5rguseks kasvav mitmeaastane\u00a0 heleroosade\u00a0v\u00e4ga dekoratiivsete \u00f5itega kergesti kasvatatav ilu- ja toidutaim. \u00d5isi ja mahedamaitselisi lehti v\u00f5ib tarvitada\u00a0 teeks ja toorsalatitesse. Noori lehti saab hautada ja keeta. Noored rohelised lehed kuivatatult sobivad klorof\u00fcllijahu valmistamiseks ja mahedaks maitseaineks erinevatesse toitudesse.\u00a0  \u00a0Kasvamiseks vajab aedmalve valget v\u00f5i poolvarjulist kasvukohta tavalises aiamullas. V\u00e4ga v\u00e4hen\u00f5udlik ja rikkalikult kogu hooaja kuni k\u00fclmadeni \u00f5itsev taim. Sobib suuremate kogumikena loodusaedadesse. Isek\u00fclvi annab, kuid v\u00e4hesel m\u00e4\u00e4ral.\" \/>\n<meta property=\"og:url\" content=\"https:\/\/tammetalu.eu\/toode\/aedmalve-elsie-heugh\/\" \/>\n<meta property=\"og:site_name\" content=\"Tamme talu \u00fcrdiaed\" \/>\n<meta property=\"article:publisher\" content=\"https:\/\/www.facebook.com\/TammeTaluUrdiaed\/?locale=et_EE\" \/>\n<meta property=\"article:modified_time\" content=\"2026-03-30T14:52:07+00:00\" \/>\n<meta property=\"og:image\" content=\"https:\/\/tammetalu.eu\/wp-content\/uploads\/2024\/03\/Aedmalve-Malve-spp.-elsie-heugh-tamme-talu-urdiaed.jpg\" \/>\n\t<meta property=\"og:image:width\" content=\"500\" \/>\n\t<meta property=\"og:image:height\" content=\"486\" \/>\n\t<meta property=\"og:image:type\" content=\"image\/jpeg\" \/>\n<meta name=\"twitter:card\" content=\"summary_large_image\" \/>\n<meta name=\"twitter:label1\" content=\"Arvioitu lukuaika\" \/>\n\t<meta name=\"twitter:data1\" content=\"1 minuutti\" \/>\n<script type=\"application\/ld+json\" class=\"yoast-schema-graph\">{\"@context\":\"https:\/\/schema.org\",\"@graph\":[{\"@type\":\"WebPage\",\"@id\":\"https:\/\/tammetalu.eu\/toode\/aedmalve-elsie-heugh\/\",\"url\":\"https:\/\/tammetalu.eu\/toode\/aedmalve-elsie-heugh\/\",\"name\":\"Malve Sidalcea spp. \\\"Elsie Heugh\\\" - Tamme talu \u00fcrdiaed\",\"isPartOf\":{\"@id\":\"https:\/\/tammetalu.eu\/#website\"},\"primaryImageOfPage\":{\"@id\":\"https:\/\/tammetalu.eu\/toode\/aedmalve-elsie-heugh\/#primaryimage\"},\"image\":{\"@id\":\"https:\/\/tammetalu.eu\/toode\/aedmalve-elsie-heugh\/#primaryimage\"},\"thumbnailUrl\":\"https:\/\/tammetalu.eu\/wp-content\/uploads\/2024\/03\/Aedmalve-Malve-spp.-elsie-heugh-tamme-talu-urdiaed.jpg\",\"datePublished\":\"2024-03-14T15:53:18+00:00\",\"dateModified\":\"2026-03-30T14:52:07+00:00\",\"breadcrumb\":{\"@id\":\"https:\/\/tammetalu.eu\/toode\/aedmalve-elsie-heugh\/#breadcrumb\"},\"inLanguage\":\"fi\",\"potentialAction\":[{\"@type\":\"ReadAction\",\"target\":[\"https:\/\/tammetalu.eu\/toode\/aedmalve-elsie-heugh\/\"]}]},{\"@type\":\"ImageObject\",\"inLanguage\":\"fi\",\"@id\":\"https:\/\/tammetalu.eu\/toode\/aedmalve-elsie-heugh\/#primaryimage\",\"url\":\"https:\/\/tammetalu.eu\/wp-content\/uploads\/2024\/03\/Aedmalve-Malve-spp.-elsie-heugh-tamme-talu-urdiaed.jpg\",\"contentUrl\":\"https:\/\/tammetalu.eu\/wp-content\/uploads\/2024\/03\/Aedmalve-Malve-spp.-elsie-heugh-tamme-talu-urdiaed.jpg\",\"width\":500,\"height\":486,\"caption\":\"Aedmalve-Malve-spp.-elsie-heugh-tamme-talu-urdiaed\"},{\"@type\":\"BreadcrumbList\",\"@id\":\"https:\/\/tammetalu.eu\/toode\/aedmalve-elsie-heugh\/#breadcrumb\",\"itemListElement\":[{\"@type\":\"ListItem\",\"position\":1,\"name\":\"Home\",\"item\":\"https:\/\/tammetalu.eu\/fi\/etusivu\/\"},{\"@type\":\"ListItem\",\"position\":2,\"name\":\"Kaikki tuotteet\",\"item\":\"https:\/\/tammetalu.eu\/fi\/kaikki-tuotteet\/\"},{\"@type\":\"ListItem\",\"position\":3,\"name\":\"Malve Sidalcea spp. &#8220;Elsie Heugh&#8221;\"}]},{\"@type\":\"WebSite\",\"@id\":\"https:\/\/tammetalu.eu\/#website\",\"url\":\"https:\/\/tammetalu.eu\/\",\"name\":\"Tamme talu \u00fcrdiaed\",\"description\":\"K\u00e4sit\u00f6\u00f6na valmistatud tooted \u00fcrtidest, \u00fcrdiistikud, \u00fcrtide kollektsioonaed\",\"publisher\":{\"@id\":\"https:\/\/tammetalu.eu\/#organization\"},\"alternateName\":\"Tamme talu\",\"potentialAction\":[{\"@type\":\"SearchAction\",\"target\":{\"@type\":\"EntryPoint\",\"urlTemplate\":\"https:\/\/tammetalu.eu\/?s={search_term_string}\"},\"query-input\":{\"@type\":\"PropertyValueSpecification\",\"valueRequired\":true,\"valueName\":\"search_term_string\"}}],\"inLanguage\":\"fi\"},{\"@type\":\"Organization\",\"@id\":\"https:\/\/tammetalu.eu\/#organization\",\"name\":\"Tamme talu \u00fcrdiaed\",\"alternateName\":\"Tamme talu\",\"url\":\"https:\/\/tammetalu.eu\/\",\"logo\":{\"@type\":\"ImageObject\",\"inLanguage\":\"fi\",\"@id\":\"https:\/\/tammetalu.eu\/#\/schema\/logo\/image\/\",\"url\":\"https:\/\/tammetalu.eu\/wp-content\/uploads\/2025\/01\/Tamme_talu_urdiaed.png\",\"contentUrl\":\"https:\/\/tammetalu.eu\/wp-content\/uploads\/2025\/01\/Tamme_talu_urdiaed.png\",\"width\":560,\"height\":560,\"caption\":\"Tamme talu \u00fcrdiaed\"},\"image\":{\"@id\":\"https:\/\/tammetalu.eu\/#\/schema\/logo\/image\/\"},\"sameAs\":[\"https:\/\/www.facebook.com\/TammeTaluUrdiaed\/?locale=et_EE\",\"https:\/\/www.instagram.com\/tammetaluurdiaed\/\"]}]}<\/script>\n<!-- \/ Yoast SEO plugin. -->","yoast_head_json":{"title":"Malve Sidalcea spp. \"Elsie Heugh\" - Tamme talu \u00fcrdiaed","robots":{"index":"index","follow":"follow","max-snippet":"max-snippet:-1","max-image-preview":"max-image-preview:large","max-video-preview":"max-video-preview:-1"},"canonical":"https:\/\/tammetalu.eu\/toode\/aedmalve-elsie-heugh\/","og_locale":"fi_FI","og_type":"article","og_title":"Malve Sidalcea spp. \"Elsie Heugh\" - Tamme talu \u00fcrdiaed","og_description":"Malve spp.  \u00a0Pea 80 cm k\u00f5rguseks kasvav mitmeaastane\u00a0 heleroosade\u00a0v\u00e4ga dekoratiivsete \u00f5itega kergesti kasvatatav ilu- ja toidutaim. \u00d5isi ja mahedamaitselisi lehti v\u00f5ib tarvitada\u00a0 teeks ja toorsalatitesse. Noori lehti saab hautada ja keeta. Noored rohelised lehed kuivatatult sobivad klorof\u00fcllijahu valmistamiseks ja mahedaks maitseaineks erinevatesse toitudesse.\u00a0  \u00a0Kasvamiseks vajab aedmalve valget v\u00f5i poolvarjulist kasvukohta tavalises aiamullas. V\u00e4ga v\u00e4hen\u00f5udlik ja rikkalikult kogu hooaja kuni k\u00fclmadeni \u00f5itsev taim. Sobib suuremate kogumikena loodusaedadesse. Isek\u00fclvi annab, kuid v\u00e4hesel m\u00e4\u00e4ral.","og_url":"https:\/\/tammetalu.eu\/toode\/aedmalve-elsie-heugh\/","og_site_name":"Tamme talu \u00fcrdiaed","article_publisher":"https:\/\/www.facebook.com\/TammeTaluUrdiaed\/?locale=et_EE","article_modified_time":"2026-03-30T14:52:07+00:00","og_image":[{"width":500,"height":486,"url":"https:\/\/tammetalu.eu\/wp-content\/uploads\/2024\/03\/Aedmalve-Malve-spp.-elsie-heugh-tamme-talu-urdiaed.jpg","type":"image\/jpeg"}],"twitter_card":"summary_large_image","twitter_misc":{"Arvioitu lukuaika":"1 minuutti"},"schema":{"@context":"https:\/\/schema.org","@graph":[{"@type":"WebPage","@id":"https:\/\/tammetalu.eu\/toode\/aedmalve-elsie-heugh\/","url":"https:\/\/tammetalu.eu\/toode\/aedmalve-elsie-heugh\/","name":"Malve Sidalcea spp. \"Elsie Heugh\" - Tamme talu \u00fcrdiaed","isPartOf":{"@id":"https:\/\/tammetalu.eu\/#website"},"primaryImageOfPage":{"@id":"https:\/\/tammetalu.eu\/toode\/aedmalve-elsie-heugh\/#primaryimage"},"image":{"@id":"https:\/\/tammetalu.eu\/toode\/aedmalve-elsie-heugh\/#primaryimage"},"thumbnailUrl":"https:\/\/tammetalu.eu\/wp-content\/uploads\/2024\/03\/Aedmalve-Malve-spp.-elsie-heugh-tamme-talu-urdiaed.jpg","datePublished":"2024-03-14T15:53:18+00:00","dateModified":"2026-03-30T14:52:07+00:00","breadcrumb":{"@id":"https:\/\/tammetalu.eu\/toode\/aedmalve-elsie-heugh\/#breadcrumb"},"inLanguage":"fi","potentialAction":[{"@type":"ReadAction","target":["https:\/\/tammetalu.eu\/toode\/aedmalve-elsie-heugh\/"]}]},{"@type":"ImageObject","inLanguage":"fi","@id":"https:\/\/tammetalu.eu\/toode\/aedmalve-elsie-heugh\/#primaryimage","url":"https:\/\/tammetalu.eu\/wp-content\/uploads\/2024\/03\/Aedmalve-Malve-spp.-elsie-heugh-tamme-talu-urdiaed.jpg","contentUrl":"https:\/\/tammetalu.eu\/wp-content\/uploads\/2024\/03\/Aedmalve-Malve-spp.-elsie-heugh-tamme-talu-urdiaed.jpg","width":500,"height":486,"caption":"Aedmalve-Malve-spp.-elsie-heugh-tamme-talu-urdiaed"},{"@type":"BreadcrumbList","@id":"https:\/\/tammetalu.eu\/toode\/aedmalve-elsie-heugh\/#breadcrumb","itemListElement":[{"@type":"ListItem","position":1,"name":"Home","item":"https:\/\/tammetalu.eu\/fi\/etusivu\/"},{"@type":"ListItem","position":2,"name":"Kaikki tuotteet","item":"https:\/\/tammetalu.eu\/fi\/kaikki-tuotteet\/"},{"@type":"ListItem","position":3,"name":"Malve Sidalcea spp. &#8220;Elsie Heugh&#8221;"}]},{"@type":"WebSite","@id":"https:\/\/tammetalu.eu\/#website","url":"https:\/\/tammetalu.eu\/","name":"Tamme talu \u00fcrdiaed","description":"K\u00e4sit\u00f6\u00f6na valmistatud tooted \u00fcrtidest, \u00fcrdiistikud, \u00fcrtide kollektsioonaed","publisher":{"@id":"https:\/\/tammetalu.eu\/#organization"},"alternateName":"Tamme talu","potentialAction":[{"@type":"SearchAction","target":{"@type":"EntryPoint","urlTemplate":"https:\/\/tammetalu.eu\/?s={search_term_string}"},"query-input":{"@type":"PropertyValueSpecification","valueRequired":true,"valueName":"search_term_string"}}],"inLanguage":"fi"},{"@type":"Organization","@id":"https:\/\/tammetalu.eu\/#organization","name":"Tamme talu \u00fcrdiaed","alternateName":"Tamme talu","url":"https:\/\/tammetalu.eu\/","logo":{"@type":"ImageObject","inLanguage":"fi","@id":"https:\/\/tammetalu.eu\/#\/schema\/logo\/image\/","url":"https:\/\/tammetalu.eu\/wp-content\/uploads\/2025\/01\/Tamme_talu_urdiaed.png","contentUrl":"https:\/\/tammetalu.eu\/wp-content\/uploads\/2025\/01\/Tamme_talu_urdiaed.png","width":560,"height":560,"caption":"Tamme talu \u00fcrdiaed"},"image":{"@id":"https:\/\/tammetalu.eu\/#\/schema\/logo\/image\/"},"sameAs":["https:\/\/www.facebook.com\/TammeTaluUrdiaed\/?locale=et_EE","https:\/\/www.instagram.com\/tammetaluurdiaed\/"]}]}},"_links":{"self":[{"href":"https:\/\/tammetalu.eu\/fi\/wp-json\/wp\/v2\/product\/20159","targetHints":{"allow":["GET"]}}],"collection":[{"href":"https:\/\/tammetalu.eu\/fi\/wp-json\/wp\/v2\/product"}],"about":[{"href":"https:\/\/tammetalu.eu\/fi\/wp-json\/wp\/v2\/types\/product"}],"wp:featuredmedia":[{"embeddable":true,"href":"https:\/\/tammetalu.eu\/fi\/wp-json\/wp\/v2\/media\/20566"}],"wp:attachment":[{"href":"https:\/\/tammetalu.eu\/fi\/wp-json\/wp\/v2\/media?parent=20159"}],"wp:term":[{"taxonomy":"product_brand","embeddable":true,"href":"https:\/\/tammetalu.eu\/fi\/wp-json\/wp\/v2\/product_brand?post=20159"},{"taxonomy":"product_cat","embeddable":true,"href":"https:\/\/tammetalu.eu\/fi\/wp-json\/wp\/v2\/product_cat?post=20159"},{"taxonomy":"product_tag","embeddable":true,"href":"https:\/\/tammetalu.eu\/fi\/wp-json\/wp\/v2\/product_tag?post=20159"}],"curies":[{"name":"wp","href":"https:\/\/api.w.org\/{rel}","templated":true}]}}