{"id":20184,"date":"2024-03-15T16:13:09","date_gmt":"2024-03-15T14:13:09","guid":{"rendered":"https:\/\/tammetalu.eu\/?post_type=product&#038;p=20184"},"modified":"2026-02-02T15:14:40","modified_gmt":"2026-02-02T13:14:40","slug":"aniisi-hiidiisop-blue-fortune","status":"publish","type":"product","link":"https:\/\/tammetalu.eu\/fi\/toode\/aniisi-hiidiisop-blue-fortune\/","title":{"rendered":"Aniisi-hiidiisop &#8221;Blue Fortune&#8221;"},"content":{"rendered":"","protected":false},"excerpt":{"rendered":"<p><em>Agastache foeniculum<\/em><\/p>\n<p>Aniisi-hiidiisopi sort &#8221;Blue Fortune&#8221; on kolmnurksete sakiliste lehtede ja sinakaslillade \u00f5isikutega suhteliselt talvekindel p\u00fcsik, mis sobib kasvatamiseks kuivemapoolses p\u00e4ikeselises kuni poolvarjulises kasvukohas. Taime k\u00f5rgus v\u00f5ib k\u00fc\u00fcndida kuni \u00fche meetrini. Talvel v\u00f5ib pidev liigne niiskus taime h\u00e4vitada, aga kuna hiidiisopid annab piisavalt isek\u00fclvi, siis\u00a0 h\u00e4vinud taimedele\u00a0 on j\u00e4relkasv tagatud. Taim on v\u00e4ga pika \u00f5itsemisega, mis kestab juulist kuni augusti l\u00f5puni. Kui peale suuremat \u00f5itsemist taim tagasi l\u00f5igata, siis j\u00f5uab uuesti \u00f5isikud moodustada. Aias on mesilaste ja liblikate lemmik, hea meetaim. V\u00e4ga vastupidav tuulisel kasvukohal. Sobib kasvatamiseks loodusaedades suuremate kogumikena.<\/p>\n<p>K\u00f6\u00f6gis saab aniisi-hiidiisopi veidi magusamaitseliste lehtedega maitsestada salateid, marjadest- ja puuviljadest valmistatud roogasid ja hoidiseid, kana- ja sealiha ning aedviljadest valmistatud roogasid.<\/p>\n<p>Rahvameditsiinis kasutatakse aniisi-hiidiisopist valmistatud teed und soodustava ja k\u00fclmetushaigustest tingitud vaevusi p\u00e4rssiva vahendina.<\/p>\n<p>&nbsp;<\/p>\n","protected":false},"featured_media":15951,"template":"","meta":{"_acf_changed":false,"_et_pb_use_builder":"","_et_pb_old_content":"","_et_gb_content_width":"","inline_featured_image":false},"product_brand":[],"product_cat":[186,205],"product_tag":[],"class_list":{"0":"post-20184","1":"product","2":"type-product","3":"status-publish","4":"has-post-thumbnail","6":"product_cat-maitse-ja-ravimtaimede-istikud","7":"product_cat-iisopid","9":"first","10":"outofstock","11":"sale","12":"taxable","13":"shipping-taxable","14":"purchasable","15":"product-type-simple"},"acf":[],"yoast_head":"<!-- This site is optimized with the Yoast SEO plugin v26.4 - https:\/\/yoast.com\/wordpress\/plugins\/seo\/ -->\n<title>Aniisi-hiidiisop &quot;Blue Fortune&quot; - Tamme talu \u00fcrdiaed<\/title>\n<meta name=\"robots\" content=\"index, follow, max-snippet:-1, max-image-preview:large, max-video-preview:-1\" \/>\n<link rel=\"canonical\" href=\"https:\/\/tammetalu.eu\/toode\/aniisi-hiidiisop-blue-fortune\/\" \/>\n<meta property=\"og:locale\" content=\"fi_FI\" \/>\n<meta property=\"og:type\" content=\"article\" \/>\n<meta property=\"og:title\" content=\"Aniisi-hiidiisop &quot;Blue Fortune&quot; - Tamme talu \u00fcrdiaed\" \/>\n<meta property=\"og:description\" content=\"Agastache foeniculum  Aniisi-hiidiisopi sort &quot;Blue Fortune&quot; on kolmnurksete sakiliste lehtede ja sinakaslillade \u00f5isikutega suhteliselt talvekindel p\u00fcsik, mis sobib kasvatamiseks kuivemapoolses p\u00e4ikeselises kuni poolvarjulises kasvukohas. Taime k\u00f5rgus v\u00f5ib k\u00fc\u00fcndida kuni \u00fche meetrini. Talvel v\u00f5ib pidev liigne niiskus taime h\u00e4vitada, aga kuna hiidiisopid annab piisavalt isek\u00fclvi, siis\u00a0 h\u00e4vinud taimedele\u00a0 on j\u00e4relkasv tagatud. Taim on v\u00e4ga pika \u00f5itsemisega, mis kestab juulist kuni augusti l\u00f5puni. Kui peale suuremat \u00f5itsemist taim tagasi l\u00f5igata, siis j\u00f5uab uuesti \u00f5isikud moodustada. Aias on mesilaste ja liblikate lemmik, hea meetaim. V\u00e4ga vastupidav tuulisel kasvukohal. Sobib kasvatamiseks loodusaedades suuremate kogumikena.  K\u00f6\u00f6gis saab aniisi-hiidiisopi veidi magusamaitseliste lehtedega maitsestada salateid, marjadest- ja puuviljadest valmistatud roogasid ja hoidiseid, kana- ja sealiha ning aedviljadest valmistatud roogasid.  Rahvameditsiinis kasutatakse aniisi-hiidiisopist valmistatud teed und soodustava ja k\u00fclmetushaigustest tingitud vaevusi p\u00e4rssiva vahendina.  &nbsp;\" \/>\n<meta property=\"og:url\" content=\"https:\/\/tammetalu.eu\/toode\/aniisi-hiidiisop-blue-fortune\/\" \/>\n<meta property=\"og:site_name\" content=\"Tamme talu \u00fcrdiaed\" \/>\n<meta property=\"article:publisher\" content=\"https:\/\/www.facebook.com\/TammeTaluUrdiaed\/?locale=et_EE\" \/>\n<meta property=\"article:modified_time\" content=\"2026-02-02T13:14:40+00:00\" \/>\n<meta property=\"og:image\" content=\"https:\/\/tammetalu.eu\/wp-content\/uploads\/2022\/08\/Kurd-hiidiisop-tamme-talu-urdiaed-5.jpg\" \/>\n\t<meta property=\"og:image:width\" content=\"800\" \/>\n\t<meta property=\"og:image:height\" content=\"532\" \/>\n\t<meta property=\"og:image:type\" content=\"image\/jpeg\" \/>\n<meta name=\"twitter:card\" content=\"summary_large_image\" \/>\n<meta name=\"twitter:label1\" content=\"Arvioitu lukuaika\" \/>\n\t<meta name=\"twitter:data1\" content=\"1 minuutti\" \/>\n<script type=\"application\/ld+json\" class=\"yoast-schema-graph\">{\"@context\":\"https:\/\/schema.org\",\"@graph\":[{\"@type\":\"WebPage\",\"@id\":\"https:\/\/tammetalu.eu\/toode\/aniisi-hiidiisop-blue-fortune\/\",\"url\":\"https:\/\/tammetalu.eu\/toode\/aniisi-hiidiisop-blue-fortune\/\",\"name\":\"Aniisi-hiidiisop \\\"Blue Fortune\\\" - Tamme talu \u00fcrdiaed\",\"isPartOf\":{\"@id\":\"https:\/\/tammetalu.eu\/#website\"},\"primaryImageOfPage\":{\"@id\":\"https:\/\/tammetalu.eu\/toode\/aniisi-hiidiisop-blue-fortune\/#primaryimage\"},\"image\":{\"@id\":\"https:\/\/tammetalu.eu\/toode\/aniisi-hiidiisop-blue-fortune\/#primaryimage\"},\"thumbnailUrl\":\"https:\/\/tammetalu.eu\/wp-content\/uploads\/2022\/08\/Kurd-hiidiisop-tamme-talu-urdiaed-5.jpg\",\"datePublished\":\"2024-03-15T14:13:09+00:00\",\"dateModified\":\"2026-02-02T13:14:40+00:00\",\"breadcrumb\":{\"@id\":\"https:\/\/tammetalu.eu\/toode\/aniisi-hiidiisop-blue-fortune\/#breadcrumb\"},\"inLanguage\":\"fi\",\"potentialAction\":[{\"@type\":\"ReadAction\",\"target\":[\"https:\/\/tammetalu.eu\/toode\/aniisi-hiidiisop-blue-fortune\/\"]}]},{\"@type\":\"ImageObject\",\"inLanguage\":\"fi\",\"@id\":\"https:\/\/tammetalu.eu\/toode\/aniisi-hiidiisop-blue-fortune\/#primaryimage\",\"url\":\"https:\/\/tammetalu.eu\/wp-content\/uploads\/2022\/08\/Kurd-hiidiisop-tamme-talu-urdiaed-5.jpg\",\"contentUrl\":\"https:\/\/tammetalu.eu\/wp-content\/uploads\/2022\/08\/Kurd-hiidiisop-tamme-talu-urdiaed-5.jpg\",\"width\":800,\"height\":532},{\"@type\":\"BreadcrumbList\",\"@id\":\"https:\/\/tammetalu.eu\/toode\/aniisi-hiidiisop-blue-fortune\/#breadcrumb\",\"itemListElement\":[{\"@type\":\"ListItem\",\"position\":1,\"name\":\"Home\",\"item\":\"https:\/\/tammetalu.eu\/fi\/etusivu\/\"},{\"@type\":\"ListItem\",\"position\":2,\"name\":\"Kaikki tuotteet\",\"item\":\"https:\/\/tammetalu.eu\/fi\/kaikki-tuotteet\/\"},{\"@type\":\"ListItem\",\"position\":3,\"name\":\"Aniisi-hiidiisop &#8220;Blue Fortune&#8221;\"}]},{\"@type\":\"WebSite\",\"@id\":\"https:\/\/tammetalu.eu\/#website\",\"url\":\"https:\/\/tammetalu.eu\/\",\"name\":\"Tamme talu \u00fcrdiaed\",\"description\":\"K\u00e4sit\u00f6\u00f6na valmistatud tooted \u00fcrtidest, \u00fcrdiistikud, \u00fcrtide kollektsioonaed\",\"publisher\":{\"@id\":\"https:\/\/tammetalu.eu\/#organization\"},\"alternateName\":\"Tamme talu\",\"potentialAction\":[{\"@type\":\"SearchAction\",\"target\":{\"@type\":\"EntryPoint\",\"urlTemplate\":\"https:\/\/tammetalu.eu\/?s={search_term_string}\"},\"query-input\":{\"@type\":\"PropertyValueSpecification\",\"valueRequired\":true,\"valueName\":\"search_term_string\"}}],\"inLanguage\":\"fi\"},{\"@type\":\"Organization\",\"@id\":\"https:\/\/tammetalu.eu\/#organization\",\"name\":\"Tamme talu \u00fcrdiaed\",\"alternateName\":\"Tamme talu\",\"url\":\"https:\/\/tammetalu.eu\/\",\"logo\":{\"@type\":\"ImageObject\",\"inLanguage\":\"fi\",\"@id\":\"https:\/\/tammetalu.eu\/#\/schema\/logo\/image\/\",\"url\":\"https:\/\/tammetalu.eu\/wp-content\/uploads\/2025\/01\/Tamme_talu_urdiaed.png\",\"contentUrl\":\"https:\/\/tammetalu.eu\/wp-content\/uploads\/2025\/01\/Tamme_talu_urdiaed.png\",\"width\":560,\"height\":560,\"caption\":\"Tamme talu \u00fcrdiaed\"},\"image\":{\"@id\":\"https:\/\/tammetalu.eu\/#\/schema\/logo\/image\/\"},\"sameAs\":[\"https:\/\/www.facebook.com\/TammeTaluUrdiaed\/?locale=et_EE\",\"https:\/\/www.instagram.com\/tammetaluurdiaed\/\"]}]}<\/script>\n<!-- \/ Yoast SEO plugin. -->","yoast_head_json":{"title":"Aniisi-hiidiisop \"Blue Fortune\" - Tamme talu \u00fcrdiaed","robots":{"index":"index","follow":"follow","max-snippet":"max-snippet:-1","max-image-preview":"max-image-preview:large","max-video-preview":"max-video-preview:-1"},"canonical":"https:\/\/tammetalu.eu\/toode\/aniisi-hiidiisop-blue-fortune\/","og_locale":"fi_FI","og_type":"article","og_title":"Aniisi-hiidiisop \"Blue Fortune\" - Tamme talu \u00fcrdiaed","og_description":"Agastache foeniculum  Aniisi-hiidiisopi sort \"Blue Fortune\" on kolmnurksete sakiliste lehtede ja sinakaslillade \u00f5isikutega suhteliselt talvekindel p\u00fcsik, mis sobib kasvatamiseks kuivemapoolses p\u00e4ikeselises kuni poolvarjulises kasvukohas. Taime k\u00f5rgus v\u00f5ib k\u00fc\u00fcndida kuni \u00fche meetrini. Talvel v\u00f5ib pidev liigne niiskus taime h\u00e4vitada, aga kuna hiidiisopid annab piisavalt isek\u00fclvi, siis\u00a0 h\u00e4vinud taimedele\u00a0 on j\u00e4relkasv tagatud. Taim on v\u00e4ga pika \u00f5itsemisega, mis kestab juulist kuni augusti l\u00f5puni. Kui peale suuremat \u00f5itsemist taim tagasi l\u00f5igata, siis j\u00f5uab uuesti \u00f5isikud moodustada. Aias on mesilaste ja liblikate lemmik, hea meetaim. V\u00e4ga vastupidav tuulisel kasvukohal. Sobib kasvatamiseks loodusaedades suuremate kogumikena.  K\u00f6\u00f6gis saab aniisi-hiidiisopi veidi magusamaitseliste lehtedega maitsestada salateid, marjadest- ja puuviljadest valmistatud roogasid ja hoidiseid, kana- ja sealiha ning aedviljadest valmistatud roogasid.  Rahvameditsiinis kasutatakse aniisi-hiidiisopist valmistatud teed und soodustava ja k\u00fclmetushaigustest tingitud vaevusi p\u00e4rssiva vahendina.  &nbsp;","og_url":"https:\/\/tammetalu.eu\/toode\/aniisi-hiidiisop-blue-fortune\/","og_site_name":"Tamme talu \u00fcrdiaed","article_publisher":"https:\/\/www.facebook.com\/TammeTaluUrdiaed\/?locale=et_EE","article_modified_time":"2026-02-02T13:14:40+00:00","og_image":[{"width":800,"height":532,"url":"https:\/\/tammetalu.eu\/wp-content\/uploads\/2022\/08\/Kurd-hiidiisop-tamme-talu-urdiaed-5.jpg","type":"image\/jpeg"}],"twitter_card":"summary_large_image","twitter_misc":{"Arvioitu lukuaika":"1 minuutti"},"schema":{"@context":"https:\/\/schema.org","@graph":[{"@type":"WebPage","@id":"https:\/\/tammetalu.eu\/toode\/aniisi-hiidiisop-blue-fortune\/","url":"https:\/\/tammetalu.eu\/toode\/aniisi-hiidiisop-blue-fortune\/","name":"Aniisi-hiidiisop \"Blue Fortune\" - Tamme talu \u00fcrdiaed","isPartOf":{"@id":"https:\/\/tammetalu.eu\/#website"},"primaryImageOfPage":{"@id":"https:\/\/tammetalu.eu\/toode\/aniisi-hiidiisop-blue-fortune\/#primaryimage"},"image":{"@id":"https:\/\/tammetalu.eu\/toode\/aniisi-hiidiisop-blue-fortune\/#primaryimage"},"thumbnailUrl":"https:\/\/tammetalu.eu\/wp-content\/uploads\/2022\/08\/Kurd-hiidiisop-tamme-talu-urdiaed-5.jpg","datePublished":"2024-03-15T14:13:09+00:00","dateModified":"2026-02-02T13:14:40+00:00","breadcrumb":{"@id":"https:\/\/tammetalu.eu\/toode\/aniisi-hiidiisop-blue-fortune\/#breadcrumb"},"inLanguage":"fi","potentialAction":[{"@type":"ReadAction","target":["https:\/\/tammetalu.eu\/toode\/aniisi-hiidiisop-blue-fortune\/"]}]},{"@type":"ImageObject","inLanguage":"fi","@id":"https:\/\/tammetalu.eu\/toode\/aniisi-hiidiisop-blue-fortune\/#primaryimage","url":"https:\/\/tammetalu.eu\/wp-content\/uploads\/2022\/08\/Kurd-hiidiisop-tamme-talu-urdiaed-5.jpg","contentUrl":"https:\/\/tammetalu.eu\/wp-content\/uploads\/2022\/08\/Kurd-hiidiisop-tamme-talu-urdiaed-5.jpg","width":800,"height":532},{"@type":"BreadcrumbList","@id":"https:\/\/tammetalu.eu\/toode\/aniisi-hiidiisop-blue-fortune\/#breadcrumb","itemListElement":[{"@type":"ListItem","position":1,"name":"Home","item":"https:\/\/tammetalu.eu\/fi\/etusivu\/"},{"@type":"ListItem","position":2,"name":"Kaikki tuotteet","item":"https:\/\/tammetalu.eu\/fi\/kaikki-tuotteet\/"},{"@type":"ListItem","position":3,"name":"Aniisi-hiidiisop &#8220;Blue Fortune&#8221;"}]},{"@type":"WebSite","@id":"https:\/\/tammetalu.eu\/#website","url":"https:\/\/tammetalu.eu\/","name":"Tamme talu \u00fcrdiaed","description":"K\u00e4sit\u00f6\u00f6na valmistatud tooted \u00fcrtidest, \u00fcrdiistikud, \u00fcrtide kollektsioonaed","publisher":{"@id":"https:\/\/tammetalu.eu\/#organization"},"alternateName":"Tamme talu","potentialAction":[{"@type":"SearchAction","target":{"@type":"EntryPoint","urlTemplate":"https:\/\/tammetalu.eu\/?s={search_term_string}"},"query-input":{"@type":"PropertyValueSpecification","valueRequired":true,"valueName":"search_term_string"}}],"inLanguage":"fi"},{"@type":"Organization","@id":"https:\/\/tammetalu.eu\/#organization","name":"Tamme talu \u00fcrdiaed","alternateName":"Tamme talu","url":"https:\/\/tammetalu.eu\/","logo":{"@type":"ImageObject","inLanguage":"fi","@id":"https:\/\/tammetalu.eu\/#\/schema\/logo\/image\/","url":"https:\/\/tammetalu.eu\/wp-content\/uploads\/2025\/01\/Tamme_talu_urdiaed.png","contentUrl":"https:\/\/tammetalu.eu\/wp-content\/uploads\/2025\/01\/Tamme_talu_urdiaed.png","width":560,"height":560,"caption":"Tamme talu \u00fcrdiaed"},"image":{"@id":"https:\/\/tammetalu.eu\/#\/schema\/logo\/image\/"},"sameAs":["https:\/\/www.facebook.com\/TammeTaluUrdiaed\/?locale=et_EE","https:\/\/www.instagram.com\/tammetaluurdiaed\/"]}]}},"_links":{"self":[{"href":"https:\/\/tammetalu.eu\/fi\/wp-json\/wp\/v2\/product\/20184","targetHints":{"allow":["GET"]}}],"collection":[{"href":"https:\/\/tammetalu.eu\/fi\/wp-json\/wp\/v2\/product"}],"about":[{"href":"https:\/\/tammetalu.eu\/fi\/wp-json\/wp\/v2\/types\/product"}],"wp:featuredmedia":[{"embeddable":true,"href":"https:\/\/tammetalu.eu\/fi\/wp-json\/wp\/v2\/media\/15951"}],"wp:attachment":[{"href":"https:\/\/tammetalu.eu\/fi\/wp-json\/wp\/v2\/media?parent=20184"}],"wp:term":[{"taxonomy":"product_brand","embeddable":true,"href":"https:\/\/tammetalu.eu\/fi\/wp-json\/wp\/v2\/product_brand?post=20184"},{"taxonomy":"product_cat","embeddable":true,"href":"https:\/\/tammetalu.eu\/fi\/wp-json\/wp\/v2\/product_cat?post=20184"},{"taxonomy":"product_tag","embeddable":true,"href":"https:\/\/tammetalu.eu\/fi\/wp-json\/wp\/v2\/product_tag?post=20184"}],"curies":[{"name":"wp","href":"https:\/\/api.w.org\/{rel}","templated":true}]}}