{"id":20197,"date":"2024-03-15T18:33:11","date_gmt":"2024-03-15T16:33:11","guid":{"rendered":"https:\/\/tammetalu.eu\/?post_type=product&#038;p=20197"},"modified":"2026-05-04T18:26:26","modified_gmt":"2026-05-04T15:26:26","slug":"kuumaasikas-yellow-wonder","status":"publish","type":"product","link":"https:\/\/tammetalu.eu\/fi\/toode\/kuumaasikas-yellow-wonder\/","title":{"rendered":"Kuumaasikas &#8221;Yellow Wonder&#8221; Fragaria vesca var. semperflorens"},"content":{"rendered":"","protected":false},"excerpt":{"rendered":"<p><em>Fragaria vesca var. semperflorens<\/em><\/p>\n<p>Ilma v\u00f5sunditeta kuumaasika sort &#8221;Yellow Wonder&#8221; annab rohkelt suhteliselt suuri kreemikaskollaseid vilju alates jaanip\u00e4evast kuni esimeste s\u00fcgisk\u00fclmadeni. V\u00e4ga maitsvad ja magusad marjad maitsevad nagu k\u00f5ige paremad\u00a0 metsmaasikad. Kuumaasikas ongi oma olemuselt metsmaasika teisend ja omab k\u00f5iki neid samu omadusi, mis on metsmaasikal. Marjad on sama maitsega, \u00fcrdist (lehed, marjad, \u00f5ied) saab teha v\u00e4ga maitsvat teed, millel on raviomadused, kasvukuju ja v\u00e4limus on sarnane. Ja talvekindlad on kuumaasika taimed ka. Kui kuumaasika taimede eest h\u00e4sti hoolitseda, pakuvad nad kogu hooaja jooksul hulga metsmaasika maitselisi marju ja on ka pikaealised.<\/p>\n<p>&nbsp;<\/p>\n","protected":false},"featured_media":20515,"template":"","meta":{"_acf_changed":false,"_et_pb_use_builder":"","_et_pb_old_content":"","_et_gb_content_width":"","inline_featured_image":false},"product_brand":[],"product_cat":[186,200,203,247],"product_tag":[],"class_list":{"0":"post-20197","1":"product","2":"type-product","3":"status-publish","4":"has-post-thumbnail","6":"product_cat-maitse-ja-ravimtaimede-istikud","7":"product_cat-muud-maitsetaimed","8":"product_cat-ponevad-koogiviljad","9":"product_cat-rohenappude-lemmikud","11":"first","12":"instock","13":"taxable","14":"shipping-taxable","15":"purchasable","16":"product-type-simple"},"acf":[],"yoast_head":"<!-- This site is optimized with the Yoast SEO plugin v27.5 - https:\/\/yoast.com\/product\/yoast-seo-wordpress\/ -->\n<title>Kuumaasikas &quot;Yellow Wonder&quot; Fragaria vesca var. semperflorens - Tamme talu \u00fcrdiaed<\/title>\n<meta name=\"robots\" content=\"index, follow, max-snippet:-1, max-image-preview:large, max-video-preview:-1\" \/>\n<link rel=\"canonical\" href=\"https:\/\/tammetalu.eu\/toode\/kuumaasikas-yellow-wonder\/\" \/>\n<meta property=\"og:locale\" content=\"fi_FI\" \/>\n<meta property=\"og:type\" content=\"article\" \/>\n<meta property=\"og:title\" content=\"Kuumaasikas &quot;Yellow Wonder&quot; Fragaria vesca var. semperflorens - Tamme talu \u00fcrdiaed\" \/>\n<meta property=\"og:description\" content=\"Fragaria vesca var. semperflorens  Ilma v\u00f5sunditeta kuumaasika sort &quot;Yellow Wonder&quot; annab rohkelt suhteliselt suuri kreemikaskollaseid vilju alates jaanip\u00e4evast kuni esimeste s\u00fcgisk\u00fclmadeni. V\u00e4ga maitsvad ja magusad marjad maitsevad nagu k\u00f5ige paremad\u00a0 metsmaasikad. Kuumaasikas ongi oma olemuselt metsmaasika teisend ja omab k\u00f5iki neid samu omadusi, mis on metsmaasikal. Marjad on sama maitsega, \u00fcrdist (lehed, marjad, \u00f5ied) saab teha v\u00e4ga maitsvat teed, millel on raviomadused, kasvukuju ja v\u00e4limus on sarnane. Ja talvekindlad on kuumaasika taimed ka. Kui kuumaasika taimede eest h\u00e4sti hoolitseda, pakuvad nad kogu hooaja jooksul hulga metsmaasika maitselisi marju ja on ka pikaealised.  &nbsp;\" \/>\n<meta property=\"og:url\" content=\"https:\/\/tammetalu.eu\/toode\/kuumaasikas-yellow-wonder\/\" \/>\n<meta property=\"og:site_name\" content=\"Tamme talu \u00fcrdiaed\" \/>\n<meta property=\"article:publisher\" content=\"https:\/\/www.facebook.com\/TammeTaluUrdiaed\/?locale=et_EE\" \/>\n<meta property=\"article:modified_time\" content=\"2026-05-04T15:26:26+00:00\" \/>\n<meta property=\"og:image\" content=\"https:\/\/tammetalu.eu\/wp-content\/uploads\/2024\/03\/kuumaasikas-Fragaria-vesca-var.-semperflorens-yellow-wonder-tamme-talu-urdiaed.jpg\" \/>\n\t<meta property=\"og:image:width\" content=\"1000\" \/>\n\t<meta property=\"og:image:height\" content=\"1000\" \/>\n\t<meta property=\"og:image:type\" content=\"image\/jpeg\" \/>\n<meta name=\"twitter:card\" content=\"summary_large_image\" \/>\n<meta name=\"twitter:label1\" content=\"Arvioitu lukuaika\" \/>\n\t<meta name=\"twitter:data1\" content=\"1 minuutti\" \/>\n<script type=\"application\/ld+json\" class=\"yoast-schema-graph\">{\"@context\":\"https:\\\/\\\/schema.org\",\"@graph\":[{\"@type\":\"WebPage\",\"@id\":\"https:\\\/\\\/tammetalu.eu\\\/toode\\\/kuumaasikas-yellow-wonder\\\/\",\"url\":\"https:\\\/\\\/tammetalu.eu\\\/toode\\\/kuumaasikas-yellow-wonder\\\/\",\"name\":\"Kuumaasikas \\\"Yellow Wonder\\\" Fragaria vesca var. semperflorens - Tamme talu \u00fcrdiaed\",\"isPartOf\":{\"@id\":\"https:\\\/\\\/tammetalu.eu\\\/#website\"},\"primaryImageOfPage\":{\"@id\":\"https:\\\/\\\/tammetalu.eu\\\/toode\\\/kuumaasikas-yellow-wonder\\\/#primaryimage\"},\"image\":{\"@id\":\"https:\\\/\\\/tammetalu.eu\\\/toode\\\/kuumaasikas-yellow-wonder\\\/#primaryimage\"},\"thumbnailUrl\":\"https:\\\/\\\/tammetalu.eu\\\/wp-content\\\/uploads\\\/2024\\\/03\\\/kuumaasikas-Fragaria-vesca-var.-semperflorens-yellow-wonder-tamme-talu-urdiaed.jpg\",\"datePublished\":\"2024-03-15T16:33:11+00:00\",\"dateModified\":\"2026-05-04T15:26:26+00:00\",\"breadcrumb\":{\"@id\":\"https:\\\/\\\/tammetalu.eu\\\/toode\\\/kuumaasikas-yellow-wonder\\\/#breadcrumb\"},\"inLanguage\":\"fi\",\"potentialAction\":[{\"@type\":\"ReadAction\",\"target\":[\"https:\\\/\\\/tammetalu.eu\\\/toode\\\/kuumaasikas-yellow-wonder\\\/\"]}]},{\"@type\":\"ImageObject\",\"inLanguage\":\"fi\",\"@id\":\"https:\\\/\\\/tammetalu.eu\\\/toode\\\/kuumaasikas-yellow-wonder\\\/#primaryimage\",\"url\":\"https:\\\/\\\/tammetalu.eu\\\/wp-content\\\/uploads\\\/2024\\\/03\\\/kuumaasikas-Fragaria-vesca-var.-semperflorens-yellow-wonder-tamme-talu-urdiaed.jpg\",\"contentUrl\":\"https:\\\/\\\/tammetalu.eu\\\/wp-content\\\/uploads\\\/2024\\\/03\\\/kuumaasikas-Fragaria-vesca-var.-semperflorens-yellow-wonder-tamme-talu-urdiaed.jpg\",\"width\":1000,\"height\":1000,\"caption\":\"kuumaasikas-Fragaria-vesca-var.-semperflorens-yellow-wonder-tamme-talu-urdiaed\"},{\"@type\":\"BreadcrumbList\",\"@id\":\"https:\\\/\\\/tammetalu.eu\\\/toode\\\/kuumaasikas-yellow-wonder\\\/#breadcrumb\",\"itemListElement\":[{\"@type\":\"ListItem\",\"position\":1,\"name\":\"Home\",\"item\":\"https:\\\/\\\/tammetalu.eu\\\/fi\\\/etusivu\\\/\"},{\"@type\":\"ListItem\",\"position\":2,\"name\":\"Kaikki tuotteet\",\"item\":\"https:\\\/\\\/tammetalu.eu\\\/fi\\\/kaikki-tuotteet\\\/\"},{\"@type\":\"ListItem\",\"position\":3,\"name\":\"Kuumaasikas &#8220;Yellow Wonder&#8221; Fragaria vesca var. semperflorens\"}]},{\"@type\":\"WebSite\",\"@id\":\"https:\\\/\\\/tammetalu.eu\\\/#website\",\"url\":\"https:\\\/\\\/tammetalu.eu\\\/\",\"name\":\"Tamme talu \u00fcrdiaed\",\"description\":\"K\u00e4sit\u00f6\u00f6na valmistatud tooted \u00fcrtidest, \u00fcrdiistikud, \u00fcrtide kollektsioonaed\",\"publisher\":{\"@id\":\"https:\\\/\\\/tammetalu.eu\\\/#organization\"},\"alternateName\":\"Tamme talu\",\"potentialAction\":[{\"@type\":\"SearchAction\",\"target\":{\"@type\":\"EntryPoint\",\"urlTemplate\":\"https:\\\/\\\/tammetalu.eu\\\/?s={search_term_string}\"},\"query-input\":{\"@type\":\"PropertyValueSpecification\",\"valueRequired\":true,\"valueName\":\"search_term_string\"}}],\"inLanguage\":\"fi\"},{\"@type\":\"Organization\",\"@id\":\"https:\\\/\\\/tammetalu.eu\\\/#organization\",\"name\":\"Tamme talu \u00fcrdiaed\",\"alternateName\":\"Tamme talu\",\"url\":\"https:\\\/\\\/tammetalu.eu\\\/\",\"logo\":{\"@type\":\"ImageObject\",\"inLanguage\":\"fi\",\"@id\":\"https:\\\/\\\/tammetalu.eu\\\/#\\\/schema\\\/logo\\\/image\\\/\",\"url\":\"https:\\\/\\\/tammetalu.eu\\\/wp-content\\\/uploads\\\/2025\\\/01\\\/Tamme_talu_urdiaed.png\",\"contentUrl\":\"https:\\\/\\\/tammetalu.eu\\\/wp-content\\\/uploads\\\/2025\\\/01\\\/Tamme_talu_urdiaed.png\",\"width\":560,\"height\":560,\"caption\":\"Tamme talu \u00fcrdiaed\"},\"image\":{\"@id\":\"https:\\\/\\\/tammetalu.eu\\\/#\\\/schema\\\/logo\\\/image\\\/\"},\"sameAs\":[\"https:\\\/\\\/www.facebook.com\\\/TammeTaluUrdiaed\\\/?locale=et_EE\",\"https:\\\/\\\/www.instagram.com\\\/tammetaluurdiaed\\\/\"]}]}<\/script>\n<!-- \/ Yoast SEO plugin. -->","yoast_head_json":{"title":"Kuumaasikas \"Yellow Wonder\" Fragaria vesca var. semperflorens - Tamme talu \u00fcrdiaed","robots":{"index":"index","follow":"follow","max-snippet":"max-snippet:-1","max-image-preview":"max-image-preview:large","max-video-preview":"max-video-preview:-1"},"canonical":"https:\/\/tammetalu.eu\/toode\/kuumaasikas-yellow-wonder\/","og_locale":"fi_FI","og_type":"article","og_title":"Kuumaasikas \"Yellow Wonder\" Fragaria vesca var. semperflorens - Tamme talu \u00fcrdiaed","og_description":"Fragaria vesca var. semperflorens  Ilma v\u00f5sunditeta kuumaasika sort \"Yellow Wonder\" annab rohkelt suhteliselt suuri kreemikaskollaseid vilju alates jaanip\u00e4evast kuni esimeste s\u00fcgisk\u00fclmadeni. V\u00e4ga maitsvad ja magusad marjad maitsevad nagu k\u00f5ige paremad\u00a0 metsmaasikad. Kuumaasikas ongi oma olemuselt metsmaasika teisend ja omab k\u00f5iki neid samu omadusi, mis on metsmaasikal. Marjad on sama maitsega, \u00fcrdist (lehed, marjad, \u00f5ied) saab teha v\u00e4ga maitsvat teed, millel on raviomadused, kasvukuju ja v\u00e4limus on sarnane. Ja talvekindlad on kuumaasika taimed ka. Kui kuumaasika taimede eest h\u00e4sti hoolitseda, pakuvad nad kogu hooaja jooksul hulga metsmaasika maitselisi marju ja on ka pikaealised.  &nbsp;","og_url":"https:\/\/tammetalu.eu\/toode\/kuumaasikas-yellow-wonder\/","og_site_name":"Tamme talu \u00fcrdiaed","article_publisher":"https:\/\/www.facebook.com\/TammeTaluUrdiaed\/?locale=et_EE","article_modified_time":"2026-05-04T15:26:26+00:00","og_image":[{"width":1000,"height":1000,"url":"https:\/\/tammetalu.eu\/wp-content\/uploads\/2024\/03\/kuumaasikas-Fragaria-vesca-var.-semperflorens-yellow-wonder-tamme-talu-urdiaed.jpg","type":"image\/jpeg"}],"twitter_card":"summary_large_image","twitter_misc":{"Arvioitu lukuaika":"1 minuutti"},"schema":{"@context":"https:\/\/schema.org","@graph":[{"@type":"WebPage","@id":"https:\/\/tammetalu.eu\/toode\/kuumaasikas-yellow-wonder\/","url":"https:\/\/tammetalu.eu\/toode\/kuumaasikas-yellow-wonder\/","name":"Kuumaasikas \"Yellow Wonder\" Fragaria vesca var. semperflorens - Tamme talu \u00fcrdiaed","isPartOf":{"@id":"https:\/\/tammetalu.eu\/#website"},"primaryImageOfPage":{"@id":"https:\/\/tammetalu.eu\/toode\/kuumaasikas-yellow-wonder\/#primaryimage"},"image":{"@id":"https:\/\/tammetalu.eu\/toode\/kuumaasikas-yellow-wonder\/#primaryimage"},"thumbnailUrl":"https:\/\/tammetalu.eu\/wp-content\/uploads\/2024\/03\/kuumaasikas-Fragaria-vesca-var.-semperflorens-yellow-wonder-tamme-talu-urdiaed.jpg","datePublished":"2024-03-15T16:33:11+00:00","dateModified":"2026-05-04T15:26:26+00:00","breadcrumb":{"@id":"https:\/\/tammetalu.eu\/toode\/kuumaasikas-yellow-wonder\/#breadcrumb"},"inLanguage":"fi","potentialAction":[{"@type":"ReadAction","target":["https:\/\/tammetalu.eu\/toode\/kuumaasikas-yellow-wonder\/"]}]},{"@type":"ImageObject","inLanguage":"fi","@id":"https:\/\/tammetalu.eu\/toode\/kuumaasikas-yellow-wonder\/#primaryimage","url":"https:\/\/tammetalu.eu\/wp-content\/uploads\/2024\/03\/kuumaasikas-Fragaria-vesca-var.-semperflorens-yellow-wonder-tamme-talu-urdiaed.jpg","contentUrl":"https:\/\/tammetalu.eu\/wp-content\/uploads\/2024\/03\/kuumaasikas-Fragaria-vesca-var.-semperflorens-yellow-wonder-tamme-talu-urdiaed.jpg","width":1000,"height":1000,"caption":"kuumaasikas-Fragaria-vesca-var.-semperflorens-yellow-wonder-tamme-talu-urdiaed"},{"@type":"BreadcrumbList","@id":"https:\/\/tammetalu.eu\/toode\/kuumaasikas-yellow-wonder\/#breadcrumb","itemListElement":[{"@type":"ListItem","position":1,"name":"Home","item":"https:\/\/tammetalu.eu\/fi\/etusivu\/"},{"@type":"ListItem","position":2,"name":"Kaikki tuotteet","item":"https:\/\/tammetalu.eu\/fi\/kaikki-tuotteet\/"},{"@type":"ListItem","position":3,"name":"Kuumaasikas &#8220;Yellow Wonder&#8221; Fragaria vesca var. semperflorens"}]},{"@type":"WebSite","@id":"https:\/\/tammetalu.eu\/#website","url":"https:\/\/tammetalu.eu\/","name":"Tamme talu \u00fcrdiaed","description":"K\u00e4sit\u00f6\u00f6na valmistatud tooted \u00fcrtidest, \u00fcrdiistikud, \u00fcrtide kollektsioonaed","publisher":{"@id":"https:\/\/tammetalu.eu\/#organization"},"alternateName":"Tamme talu","potentialAction":[{"@type":"SearchAction","target":{"@type":"EntryPoint","urlTemplate":"https:\/\/tammetalu.eu\/?s={search_term_string}"},"query-input":{"@type":"PropertyValueSpecification","valueRequired":true,"valueName":"search_term_string"}}],"inLanguage":"fi"},{"@type":"Organization","@id":"https:\/\/tammetalu.eu\/#organization","name":"Tamme talu \u00fcrdiaed","alternateName":"Tamme talu","url":"https:\/\/tammetalu.eu\/","logo":{"@type":"ImageObject","inLanguage":"fi","@id":"https:\/\/tammetalu.eu\/#\/schema\/logo\/image\/","url":"https:\/\/tammetalu.eu\/wp-content\/uploads\/2025\/01\/Tamme_talu_urdiaed.png","contentUrl":"https:\/\/tammetalu.eu\/wp-content\/uploads\/2025\/01\/Tamme_talu_urdiaed.png","width":560,"height":560,"caption":"Tamme talu \u00fcrdiaed"},"image":{"@id":"https:\/\/tammetalu.eu\/#\/schema\/logo\/image\/"},"sameAs":["https:\/\/www.facebook.com\/TammeTaluUrdiaed\/?locale=et_EE","https:\/\/www.instagram.com\/tammetaluurdiaed\/"]}]}},"_links":{"self":[{"href":"https:\/\/tammetalu.eu\/fi\/wp-json\/wp\/v2\/product\/20197","targetHints":{"allow":["GET"]}}],"collection":[{"href":"https:\/\/tammetalu.eu\/fi\/wp-json\/wp\/v2\/product"}],"about":[{"href":"https:\/\/tammetalu.eu\/fi\/wp-json\/wp\/v2\/types\/product"}],"wp:featuredmedia":[{"embeddable":true,"href":"https:\/\/tammetalu.eu\/fi\/wp-json\/wp\/v2\/media\/20515"}],"wp:attachment":[{"href":"https:\/\/tammetalu.eu\/fi\/wp-json\/wp\/v2\/media?parent=20197"}],"wp:term":[{"taxonomy":"product_brand","embeddable":true,"href":"https:\/\/tammetalu.eu\/fi\/wp-json\/wp\/v2\/product_brand?post=20197"},{"taxonomy":"product_cat","embeddable":true,"href":"https:\/\/tammetalu.eu\/fi\/wp-json\/wp\/v2\/product_cat?post=20197"},{"taxonomy":"product_tag","embeddable":true,"href":"https:\/\/tammetalu.eu\/fi\/wp-json\/wp\/v2\/product_tag?post=20197"}],"curies":[{"name":"wp","href":"https:\/\/api.w.org\/{rel}","templated":true}]}}