{"id":21118,"date":"2024-05-23T16:06:14","date_gmt":"2024-05-23T13:06:14","guid":{"rendered":"https:\/\/tammetalu.eu\/?post_type=product&#038;p=21118"},"modified":"2026-04-22T08:02:12","modified_gmt":"2026-04-22T05:02:12","slug":"harilik-rosmariin-salvia-rosmarinus-abraxmaxx","status":"publish","type":"product","link":"https:\/\/tammetalu.eu\/fi\/toode\/harilik-rosmariin-salvia-rosmarinus-abraxmaxx\/","title":{"rendered":"Harilik rosmariin Salvia rosmarinus &#8221;AbraxMaxx&#8221;"},"content":{"rendered":"<p>Rosmariiniga maitsestatakse lamba- , veise, ulukiliha, metslinnuliha, kala, kartuli ja kaalikaroogasid. Rahvameditsiinis kasutatakse rosmariini toniseeriva vahendina j\u00f5uetuse ja s\u00fcdameneurooside korral, samuti sapiajatina.<\/p>\n","protected":false},"excerpt":{"rendered":"<p><em>Salvia rosmarinus<\/em><\/p>\n<p>Nahkjate peenikeste hallikasoheliste lehtede ja erksate helesiniste \u00f5itega igihaljas maitse-, l\u00f5hna -ja ravimtaim. Meeldiva vaiguse l\u00f5hnaga maitse- ja ravimtaim. Eelistab liivasegust vett l\u00e4bilaskvat mulda ja p\u00e4ikeselist v\u00f5i poolvarjulist kasvukohta. Soovitav on rosmariini kasvatada potis, mille l\u00e4bim\u00f5\u00f5t esimesel aastal peaks olema 20-25 cm. Enne pidevate s\u00fcgisvihmade saabumist tuleb rosmariin varju alla t\u00f5sta, sest liigne niiskus m\u00f5jub taimele hukutavalt. Soojemal talvel v\u00f5ib taime v\u00f5imaluse korral t\u00f5sta kuiva kasvuhoonesse talvituma. K\u00f5ige paremini saab rosmariini \u00fcletalve hoida jahedas valges siseruumis. Pigem teeb taimele h\u00e4da liigne soojus ja \u00fclekastmine kui p\u00fcsivad k\u00fclmakraadid (kuni -5).<\/p>\n<p><strong>Loe l\u00e4hemalt rosmariini kasvatamise kohta<\/strong>\u00a0<span style=\"color: #008000;\"><strong><a style=\"color: #008000;\" href=\"https:\/\/tammetalu.eu\/rosmariini-kasvatamine\/\">siit<\/a><\/strong><\/span><\/p>\n","protected":false},"featured_media":21119,"template":"","meta":{"_acf_changed":false,"_et_pb_use_builder":"","_et_pb_old_content":"","_et_gb_content_width":"","inline_featured_image":false},"product_brand":[],"product_cat":[247,186,207],"product_tag":[],"class_list":{"0":"post-21118","1":"product","2":"type-product","3":"status-publish","4":"has-post-thumbnail","6":"product_cat-rohenappude-lemmikud","7":"product_cat-maitse-ja-ravimtaimede-istikud","8":"product_cat-rosmariinid","10":"first","11":"instock","12":"sale","13":"taxable","14":"shipping-taxable","15":"purchasable","16":"product-type-simple"},"acf":[],"yoast_head":"<!-- This site is optimized with the Yoast SEO plugin v26.4 - https:\/\/yoast.com\/wordpress\/plugins\/seo\/ -->\n<title>Harilik rosmariin Salvia rosmarinus &quot;AbraxMaxx&quot; - Tamme talu \u00fcrdiaed<\/title>\n<meta name=\"description\" content=\"Harilik rosmariin (Salvia rosmarinus) on nahkjate peenikeste hallikasoheliste lehtede ja erksate helesiniste \u00f5itega igihaljas maitse-, l\u00f5hna -ja ravimtaim. Meeldiva vaiguse l\u00f5hnaga maitse- ja ravimtaim. Eelistab liivasegust vett l\u00e4bilaskvat mulda ja p\u00e4ikeselist v\u00f5i poolvarjulist kasvukohta. Soovitav on rosmariini kasvatada potis, mille l\u00e4bim\u00f5\u00f5t esimesel aastal peaks olema 20-25 cm.\" \/>\n<meta name=\"robots\" content=\"index, follow, max-snippet:-1, max-image-preview:large, max-video-preview:-1\" \/>\n<link rel=\"canonical\" href=\"https:\/\/tammetalu.eu\/toode\/harilik-rosmariin-salvia-rosmarinus-abraxmaxx\/\" \/>\n<meta property=\"og:locale\" content=\"fi_FI\" \/>\n<meta property=\"og:type\" content=\"article\" \/>\n<meta property=\"og:title\" content=\"Harilik rosmariin Salvia rosmarinus &quot;AbraxMaxx&quot; - Tamme talu \u00fcrdiaed\" \/>\n<meta property=\"og:description\" content=\"Harilik rosmariin (Salvia rosmarinus) on nahkjate peenikeste hallikasoheliste lehtede ja erksate helesiniste \u00f5itega igihaljas maitse-, l\u00f5hna -ja ravimtaim. Meeldiva vaiguse l\u00f5hnaga maitse- ja ravimtaim. Eelistab liivasegust vett l\u00e4bilaskvat mulda ja p\u00e4ikeselist v\u00f5i poolvarjulist kasvukohta. Soovitav on rosmariini kasvatada potis, mille l\u00e4bim\u00f5\u00f5t esimesel aastal peaks olema 20-25 cm.\" \/>\n<meta property=\"og:url\" content=\"https:\/\/tammetalu.eu\/toode\/harilik-rosmariin-salvia-rosmarinus-abraxmaxx\/\" \/>\n<meta property=\"og:site_name\" content=\"Tamme talu \u00fcrdiaed\" \/>\n<meta property=\"article:publisher\" content=\"https:\/\/www.facebook.com\/TammeTaluUrdiaed\/?locale=et_EE\" \/>\n<meta property=\"article:modified_time\" content=\"2026-04-22T05:02:12+00:00\" \/>\n<meta property=\"og:image\" content=\"https:\/\/tammetalu.eu\/wp-content\/uploads\/2024\/05\/Harilik-rosmariin-abarxmaxx-salvia-rosmarinus-tamme-talu-urdiaed.jpg\" \/>\n\t<meta property=\"og:image:width\" content=\"375\" \/>\n\t<meta property=\"og:image:height\" content=\"375\" \/>\n\t<meta property=\"og:image:type\" content=\"image\/jpeg\" \/>\n<meta name=\"twitter:card\" content=\"summary_large_image\" \/>\n<meta name=\"twitter:label1\" content=\"Arvioitu lukuaika\" \/>\n\t<meta name=\"twitter:data1\" content=\"1 minuutti\" \/>\n<script type=\"application\/ld+json\" class=\"yoast-schema-graph\">{\"@context\":\"https:\/\/schema.org\",\"@graph\":[{\"@type\":\"WebPage\",\"@id\":\"https:\/\/tammetalu.eu\/toode\/harilik-rosmariin-salvia-rosmarinus-abraxmaxx\/\",\"url\":\"https:\/\/tammetalu.eu\/toode\/harilik-rosmariin-salvia-rosmarinus-abraxmaxx\/\",\"name\":\"Harilik rosmariin Salvia rosmarinus \\\"AbraxMaxx\\\" - Tamme talu \u00fcrdiaed\",\"isPartOf\":{\"@id\":\"https:\/\/tammetalu.eu\/#website\"},\"primaryImageOfPage\":{\"@id\":\"https:\/\/tammetalu.eu\/toode\/harilik-rosmariin-salvia-rosmarinus-abraxmaxx\/#primaryimage\"},\"image\":{\"@id\":\"https:\/\/tammetalu.eu\/toode\/harilik-rosmariin-salvia-rosmarinus-abraxmaxx\/#primaryimage\"},\"thumbnailUrl\":\"https:\/\/tammetalu.eu\/wp-content\/uploads\/2024\/05\/Harilik-rosmariin-abarxmaxx-salvia-rosmarinus-tamme-talu-urdiaed.jpg\",\"datePublished\":\"2024-05-23T13:06:14+00:00\",\"dateModified\":\"2026-04-22T05:02:12+00:00\",\"description\":\"Harilik rosmariin (Salvia rosmarinus) on nahkjate peenikeste hallikasoheliste lehtede ja erksate helesiniste \u00f5itega igihaljas maitse-, l\u00f5hna -ja ravimtaim. Meeldiva vaiguse l\u00f5hnaga maitse- ja ravimtaim. Eelistab liivasegust vett l\u00e4bilaskvat mulda ja p\u00e4ikeselist v\u00f5i poolvarjulist kasvukohta. Soovitav on rosmariini kasvatada potis, mille l\u00e4bim\u00f5\u00f5t esimesel aastal peaks olema 20-25 cm.\",\"breadcrumb\":{\"@id\":\"https:\/\/tammetalu.eu\/toode\/harilik-rosmariin-salvia-rosmarinus-abraxmaxx\/#breadcrumb\"},\"inLanguage\":\"fi\",\"potentialAction\":[{\"@type\":\"ReadAction\",\"target\":[\"https:\/\/tammetalu.eu\/toode\/harilik-rosmariin-salvia-rosmarinus-abraxmaxx\/\"]}]},{\"@type\":\"ImageObject\",\"inLanguage\":\"fi\",\"@id\":\"https:\/\/tammetalu.eu\/toode\/harilik-rosmariin-salvia-rosmarinus-abraxmaxx\/#primaryimage\",\"url\":\"https:\/\/tammetalu.eu\/wp-content\/uploads\/2024\/05\/Harilik-rosmariin-abarxmaxx-salvia-rosmarinus-tamme-talu-urdiaed.jpg\",\"contentUrl\":\"https:\/\/tammetalu.eu\/wp-content\/uploads\/2024\/05\/Harilik-rosmariin-abarxmaxx-salvia-rosmarinus-tamme-talu-urdiaed.jpg\",\"width\":375,\"height\":375,\"caption\":\"Harilik-rosmariin-abarxmaxx-salvia-rosmarinus-tamme-talu-urdiaed\"},{\"@type\":\"BreadcrumbList\",\"@id\":\"https:\/\/tammetalu.eu\/toode\/harilik-rosmariin-salvia-rosmarinus-abraxmaxx\/#breadcrumb\",\"itemListElement\":[{\"@type\":\"ListItem\",\"position\":1,\"name\":\"Home\",\"item\":\"https:\/\/tammetalu.eu\/fi\/etusivu\/\"},{\"@type\":\"ListItem\",\"position\":2,\"name\":\"Kaikki tuotteet\",\"item\":\"https:\/\/tammetalu.eu\/fi\/kaikki-tuotteet\/\"},{\"@type\":\"ListItem\",\"position\":3,\"name\":\"Harilik rosmariin Salvia rosmarinus &#8220;AbraxMaxx&#8221;\"}]},{\"@type\":\"WebSite\",\"@id\":\"https:\/\/tammetalu.eu\/#website\",\"url\":\"https:\/\/tammetalu.eu\/\",\"name\":\"Tamme talu \u00fcrdiaed\",\"description\":\"K\u00e4sit\u00f6\u00f6na valmistatud tooted \u00fcrtidest, \u00fcrdiistikud, \u00fcrtide kollektsioonaed\",\"publisher\":{\"@id\":\"https:\/\/tammetalu.eu\/#organization\"},\"alternateName\":\"Tamme talu\",\"potentialAction\":[{\"@type\":\"SearchAction\",\"target\":{\"@type\":\"EntryPoint\",\"urlTemplate\":\"https:\/\/tammetalu.eu\/?s={search_term_string}\"},\"query-input\":{\"@type\":\"PropertyValueSpecification\",\"valueRequired\":true,\"valueName\":\"search_term_string\"}}],\"inLanguage\":\"fi\"},{\"@type\":\"Organization\",\"@id\":\"https:\/\/tammetalu.eu\/#organization\",\"name\":\"Tamme talu \u00fcrdiaed\",\"alternateName\":\"Tamme talu\",\"url\":\"https:\/\/tammetalu.eu\/\",\"logo\":{\"@type\":\"ImageObject\",\"inLanguage\":\"fi\",\"@id\":\"https:\/\/tammetalu.eu\/#\/schema\/logo\/image\/\",\"url\":\"https:\/\/tammetalu.eu\/wp-content\/uploads\/2025\/01\/Tamme_talu_urdiaed.png\",\"contentUrl\":\"https:\/\/tammetalu.eu\/wp-content\/uploads\/2025\/01\/Tamme_talu_urdiaed.png\",\"width\":560,\"height\":560,\"caption\":\"Tamme talu \u00fcrdiaed\"},\"image\":{\"@id\":\"https:\/\/tammetalu.eu\/#\/schema\/logo\/image\/\"},\"sameAs\":[\"https:\/\/www.facebook.com\/TammeTaluUrdiaed\/?locale=et_EE\",\"https:\/\/www.instagram.com\/tammetaluurdiaed\/\"]}]}<\/script>\n<!-- \/ Yoast SEO plugin. -->","yoast_head_json":{"title":"Harilik rosmariin Salvia rosmarinus \"AbraxMaxx\" - Tamme talu \u00fcrdiaed","description":"Harilik rosmariin (Salvia rosmarinus) on nahkjate peenikeste hallikasoheliste lehtede ja erksate helesiniste \u00f5itega igihaljas maitse-, l\u00f5hna -ja ravimtaim. Meeldiva vaiguse l\u00f5hnaga maitse- ja ravimtaim. Eelistab liivasegust vett l\u00e4bilaskvat mulda ja p\u00e4ikeselist v\u00f5i poolvarjulist kasvukohta. Soovitav on rosmariini kasvatada potis, mille l\u00e4bim\u00f5\u00f5t esimesel aastal peaks olema 20-25 cm.","robots":{"index":"index","follow":"follow","max-snippet":"max-snippet:-1","max-image-preview":"max-image-preview:large","max-video-preview":"max-video-preview:-1"},"canonical":"https:\/\/tammetalu.eu\/toode\/harilik-rosmariin-salvia-rosmarinus-abraxmaxx\/","og_locale":"fi_FI","og_type":"article","og_title":"Harilik rosmariin Salvia rosmarinus \"AbraxMaxx\" - Tamme talu \u00fcrdiaed","og_description":"Harilik rosmariin (Salvia rosmarinus) on nahkjate peenikeste hallikasoheliste lehtede ja erksate helesiniste \u00f5itega igihaljas maitse-, l\u00f5hna -ja ravimtaim. Meeldiva vaiguse l\u00f5hnaga maitse- ja ravimtaim. Eelistab liivasegust vett l\u00e4bilaskvat mulda ja p\u00e4ikeselist v\u00f5i poolvarjulist kasvukohta. Soovitav on rosmariini kasvatada potis, mille l\u00e4bim\u00f5\u00f5t esimesel aastal peaks olema 20-25 cm.","og_url":"https:\/\/tammetalu.eu\/toode\/harilik-rosmariin-salvia-rosmarinus-abraxmaxx\/","og_site_name":"Tamme talu \u00fcrdiaed","article_publisher":"https:\/\/www.facebook.com\/TammeTaluUrdiaed\/?locale=et_EE","article_modified_time":"2026-04-22T05:02:12+00:00","og_image":[{"width":375,"height":375,"url":"https:\/\/tammetalu.eu\/wp-content\/uploads\/2024\/05\/Harilik-rosmariin-abarxmaxx-salvia-rosmarinus-tamme-talu-urdiaed.jpg","type":"image\/jpeg"}],"twitter_card":"summary_large_image","twitter_misc":{"Arvioitu lukuaika":"1 minuutti"},"schema":{"@context":"https:\/\/schema.org","@graph":[{"@type":"WebPage","@id":"https:\/\/tammetalu.eu\/toode\/harilik-rosmariin-salvia-rosmarinus-abraxmaxx\/","url":"https:\/\/tammetalu.eu\/toode\/harilik-rosmariin-salvia-rosmarinus-abraxmaxx\/","name":"Harilik rosmariin Salvia rosmarinus \"AbraxMaxx\" - Tamme talu \u00fcrdiaed","isPartOf":{"@id":"https:\/\/tammetalu.eu\/#website"},"primaryImageOfPage":{"@id":"https:\/\/tammetalu.eu\/toode\/harilik-rosmariin-salvia-rosmarinus-abraxmaxx\/#primaryimage"},"image":{"@id":"https:\/\/tammetalu.eu\/toode\/harilik-rosmariin-salvia-rosmarinus-abraxmaxx\/#primaryimage"},"thumbnailUrl":"https:\/\/tammetalu.eu\/wp-content\/uploads\/2024\/05\/Harilik-rosmariin-abarxmaxx-salvia-rosmarinus-tamme-talu-urdiaed.jpg","datePublished":"2024-05-23T13:06:14+00:00","dateModified":"2026-04-22T05:02:12+00:00","description":"Harilik rosmariin (Salvia rosmarinus) on nahkjate peenikeste hallikasoheliste lehtede ja erksate helesiniste \u00f5itega igihaljas maitse-, l\u00f5hna -ja ravimtaim. Meeldiva vaiguse l\u00f5hnaga maitse- ja ravimtaim. Eelistab liivasegust vett l\u00e4bilaskvat mulda ja p\u00e4ikeselist v\u00f5i poolvarjulist kasvukohta. Soovitav on rosmariini kasvatada potis, mille l\u00e4bim\u00f5\u00f5t esimesel aastal peaks olema 20-25 cm.","breadcrumb":{"@id":"https:\/\/tammetalu.eu\/toode\/harilik-rosmariin-salvia-rosmarinus-abraxmaxx\/#breadcrumb"},"inLanguage":"fi","potentialAction":[{"@type":"ReadAction","target":["https:\/\/tammetalu.eu\/toode\/harilik-rosmariin-salvia-rosmarinus-abraxmaxx\/"]}]},{"@type":"ImageObject","inLanguage":"fi","@id":"https:\/\/tammetalu.eu\/toode\/harilik-rosmariin-salvia-rosmarinus-abraxmaxx\/#primaryimage","url":"https:\/\/tammetalu.eu\/wp-content\/uploads\/2024\/05\/Harilik-rosmariin-abarxmaxx-salvia-rosmarinus-tamme-talu-urdiaed.jpg","contentUrl":"https:\/\/tammetalu.eu\/wp-content\/uploads\/2024\/05\/Harilik-rosmariin-abarxmaxx-salvia-rosmarinus-tamme-talu-urdiaed.jpg","width":375,"height":375,"caption":"Harilik-rosmariin-abarxmaxx-salvia-rosmarinus-tamme-talu-urdiaed"},{"@type":"BreadcrumbList","@id":"https:\/\/tammetalu.eu\/toode\/harilik-rosmariin-salvia-rosmarinus-abraxmaxx\/#breadcrumb","itemListElement":[{"@type":"ListItem","position":1,"name":"Home","item":"https:\/\/tammetalu.eu\/fi\/etusivu\/"},{"@type":"ListItem","position":2,"name":"Kaikki tuotteet","item":"https:\/\/tammetalu.eu\/fi\/kaikki-tuotteet\/"},{"@type":"ListItem","position":3,"name":"Harilik rosmariin Salvia rosmarinus &#8220;AbraxMaxx&#8221;"}]},{"@type":"WebSite","@id":"https:\/\/tammetalu.eu\/#website","url":"https:\/\/tammetalu.eu\/","name":"Tamme talu \u00fcrdiaed","description":"K\u00e4sit\u00f6\u00f6na valmistatud tooted \u00fcrtidest, \u00fcrdiistikud, \u00fcrtide kollektsioonaed","publisher":{"@id":"https:\/\/tammetalu.eu\/#organization"},"alternateName":"Tamme talu","potentialAction":[{"@type":"SearchAction","target":{"@type":"EntryPoint","urlTemplate":"https:\/\/tammetalu.eu\/?s={search_term_string}"},"query-input":{"@type":"PropertyValueSpecification","valueRequired":true,"valueName":"search_term_string"}}],"inLanguage":"fi"},{"@type":"Organization","@id":"https:\/\/tammetalu.eu\/#organization","name":"Tamme talu \u00fcrdiaed","alternateName":"Tamme talu","url":"https:\/\/tammetalu.eu\/","logo":{"@type":"ImageObject","inLanguage":"fi","@id":"https:\/\/tammetalu.eu\/#\/schema\/logo\/image\/","url":"https:\/\/tammetalu.eu\/wp-content\/uploads\/2025\/01\/Tamme_talu_urdiaed.png","contentUrl":"https:\/\/tammetalu.eu\/wp-content\/uploads\/2025\/01\/Tamme_talu_urdiaed.png","width":560,"height":560,"caption":"Tamme talu \u00fcrdiaed"},"image":{"@id":"https:\/\/tammetalu.eu\/#\/schema\/logo\/image\/"},"sameAs":["https:\/\/www.facebook.com\/TammeTaluUrdiaed\/?locale=et_EE","https:\/\/www.instagram.com\/tammetaluurdiaed\/"]}]}},"_links":{"self":[{"href":"https:\/\/tammetalu.eu\/fi\/wp-json\/wp\/v2\/product\/21118","targetHints":{"allow":["GET"]}}],"collection":[{"href":"https:\/\/tammetalu.eu\/fi\/wp-json\/wp\/v2\/product"}],"about":[{"href":"https:\/\/tammetalu.eu\/fi\/wp-json\/wp\/v2\/types\/product"}],"wp:featuredmedia":[{"embeddable":true,"href":"https:\/\/tammetalu.eu\/fi\/wp-json\/wp\/v2\/media\/21119"}],"wp:attachment":[{"href":"https:\/\/tammetalu.eu\/fi\/wp-json\/wp\/v2\/media?parent=21118"}],"wp:term":[{"taxonomy":"product_brand","embeddable":true,"href":"https:\/\/tammetalu.eu\/fi\/wp-json\/wp\/v2\/product_brand?post=21118"},{"taxonomy":"product_cat","embeddable":true,"href":"https:\/\/tammetalu.eu\/fi\/wp-json\/wp\/v2\/product_cat?post=21118"},{"taxonomy":"product_tag","embeddable":true,"href":"https:\/\/tammetalu.eu\/fi\/wp-json\/wp\/v2\/product_tag?post=21118"}],"curies":[{"name":"wp","href":"https:\/\/api.w.org\/{rel}","templated":true}]}}