{"id":21180,"date":"2024-05-28T12:05:41","date_gmt":"2024-05-28T09:05:41","guid":{"rendered":"https:\/\/tammetalu.eu\/?post_type=product&#038;p=21180"},"modified":"2026-02-02T15:14:35","modified_gmt":"2026-02-02T13:14:35","slug":"ahtalehine-kaokuld-tikka","status":"publish","type":"product","link":"https:\/\/tammetalu.eu\/fi\/toode\/ahtalehine-kaokuld-tikka\/","title":{"rendered":"Ahtalehine k\u00e4okuld Helichrysum italicum &#8221;Tikka&#8221;"},"content":{"rendered":"","protected":false},"excerpt":{"rendered":"<p><em>Helichrysum italicum<\/em><\/p>\n<p>Karri j\u00e4rele l\u00f5hnava h\u00f5behalli igihalja lehestikuga kuivan\u00f5udlik maitse- ja ravimtaim nii potti kui kuivema mullaga peenrasse. Talvekindlus ei ole kahjuks alati tagatud, kuid kuivas\u00a0 v\u00e4ikeste miinuskraadidega ruumis saab k\u00e4okulda suurep\u00e4raselt \u00fcle talve hoida. Tavaliselt teisel kasvuaastal avanevad kollased n\u00f6\u00f6bisarnased \u00f5ied.<\/p>\n<p>K\u00f6\u00f6gis sobib k\u00e4okulla m\u00f5rkjas maitse liha- ja k\u00f6\u00f6giviljatoitudesse, kokteilidesse ja garneerimiseks.<\/p>\n<p>Rahvameditsiinis kasutatakse ahtalehist k\u00e4okulda sapi- ja maksahaiguste korral, ka on taimel antibakteriaalne toime.<\/p>\n","protected":false},"featured_media":21182,"template":"","meta":{"_acf_changed":false,"_et_pb_use_builder":"","_et_pb_old_content":"","_et_gb_content_width":"","inline_featured_image":false},"product_brand":[],"product_cat":[186,200],"product_tag":[],"class_list":{"0":"post-21180","1":"product","2":"type-product","3":"status-publish","4":"has-post-thumbnail","6":"product_cat-maitse-ja-ravimtaimede-istikud","7":"product_cat-muud-maitsetaimed","9":"first","10":"outofstock","11":"sale","12":"taxable","13":"shipping-taxable","14":"purchasable","15":"product-type-simple"},"acf":[],"yoast_head":"<!-- This site is optimized with the Yoast SEO plugin v26.4 - https:\/\/yoast.com\/wordpress\/plugins\/seo\/ -->\n<title>Ahtalehine k\u00e4okuld Helichrysum italicum &quot;Tikka&quot; - Tamme talu \u00fcrdiaed<\/title>\n<meta name=\"robots\" content=\"index, follow, max-snippet:-1, max-image-preview:large, max-video-preview:-1\" \/>\n<link rel=\"canonical\" href=\"https:\/\/tammetalu.eu\/toode\/ahtalehine-kaokuld-tikka\/\" \/>\n<meta property=\"og:locale\" content=\"fi_FI\" \/>\n<meta property=\"og:type\" content=\"article\" \/>\n<meta property=\"og:title\" content=\"Ahtalehine k\u00e4okuld Helichrysum italicum &quot;Tikka&quot; - Tamme talu \u00fcrdiaed\" \/>\n<meta property=\"og:description\" content=\"Helichrysum italicum  Karri j\u00e4rele l\u00f5hnava h\u00f5behalli igihalja lehestikuga kuivan\u00f5udlik maitse- ja ravimtaim nii potti kui kuivema mullaga peenrasse. Talvekindlus ei ole kahjuks alati tagatud, kuid kuivas\u00a0 v\u00e4ikeste miinuskraadidega ruumis saab k\u00e4okulda suurep\u00e4raselt \u00fcle talve hoida. Tavaliselt teisel kasvuaastal avanevad kollased n\u00f6\u00f6bisarnased \u00f5ied.  K\u00f6\u00f6gis sobib k\u00e4okulla m\u00f5rkjas maitse liha- ja k\u00f6\u00f6giviljatoitudesse, kokteilidesse ja garneerimiseks.  Rahvameditsiinis kasutatakse ahtalehist k\u00e4okulda sapi- ja maksahaiguste korral, ka on taimel antibakteriaalne toime.\" \/>\n<meta property=\"og:url\" content=\"https:\/\/tammetalu.eu\/toode\/ahtalehine-kaokuld-tikka\/\" \/>\n<meta property=\"og:site_name\" content=\"Tamme talu \u00fcrdiaed\" \/>\n<meta property=\"article:publisher\" content=\"https:\/\/www.facebook.com\/TammeTaluUrdiaed\/?locale=et_EE\" \/>\n<meta property=\"article:modified_time\" content=\"2026-02-02T13:14:35+00:00\" \/>\n<meta property=\"og:image\" content=\"https:\/\/tammetalu.eu\/wp-content\/uploads\/2024\/05\/Ahtalehine-kaokuld-tikka-helichrysum-italicum-tamme-talu-urdiaed.jpg\" \/>\n\t<meta property=\"og:image:width\" content=\"680\" \/>\n\t<meta property=\"og:image:height\" content=\"665\" \/>\n\t<meta property=\"og:image:type\" content=\"image\/jpeg\" \/>\n<meta name=\"twitter:card\" content=\"summary_large_image\" \/>\n<meta name=\"twitter:label1\" content=\"Arvioitu lukuaika\" \/>\n\t<meta name=\"twitter:data1\" content=\"1 minuutti\" \/>\n<script type=\"application\/ld+json\" class=\"yoast-schema-graph\">{\"@context\":\"https:\/\/schema.org\",\"@graph\":[{\"@type\":\"WebPage\",\"@id\":\"https:\/\/tammetalu.eu\/toode\/ahtalehine-kaokuld-tikka\/\",\"url\":\"https:\/\/tammetalu.eu\/toode\/ahtalehine-kaokuld-tikka\/\",\"name\":\"Ahtalehine k\u00e4okuld Helichrysum italicum \\\"Tikka\\\" - Tamme talu \u00fcrdiaed\",\"isPartOf\":{\"@id\":\"https:\/\/tammetalu.eu\/#website\"},\"primaryImageOfPage\":{\"@id\":\"https:\/\/tammetalu.eu\/toode\/ahtalehine-kaokuld-tikka\/#primaryimage\"},\"image\":{\"@id\":\"https:\/\/tammetalu.eu\/toode\/ahtalehine-kaokuld-tikka\/#primaryimage\"},\"thumbnailUrl\":\"https:\/\/tammetalu.eu\/wp-content\/uploads\/2024\/05\/Ahtalehine-kaokuld-tikka-helichrysum-italicum-tamme-talu-urdiaed.jpg\",\"datePublished\":\"2024-05-28T09:05:41+00:00\",\"dateModified\":\"2026-02-02T13:14:35+00:00\",\"breadcrumb\":{\"@id\":\"https:\/\/tammetalu.eu\/toode\/ahtalehine-kaokuld-tikka\/#breadcrumb\"},\"inLanguage\":\"fi\",\"potentialAction\":[{\"@type\":\"ReadAction\",\"target\":[\"https:\/\/tammetalu.eu\/toode\/ahtalehine-kaokuld-tikka\/\"]}]},{\"@type\":\"ImageObject\",\"inLanguage\":\"fi\",\"@id\":\"https:\/\/tammetalu.eu\/toode\/ahtalehine-kaokuld-tikka\/#primaryimage\",\"url\":\"https:\/\/tammetalu.eu\/wp-content\/uploads\/2024\/05\/Ahtalehine-kaokuld-tikka-helichrysum-italicum-tamme-talu-urdiaed.jpg\",\"contentUrl\":\"https:\/\/tammetalu.eu\/wp-content\/uploads\/2024\/05\/Ahtalehine-kaokuld-tikka-helichrysum-italicum-tamme-talu-urdiaed.jpg\",\"width\":680,\"height\":665,\"caption\":\"Ahtalehine-kaokuld-tikka-helichrysum-italicum-tamme-talu-urdiaed\"},{\"@type\":\"BreadcrumbList\",\"@id\":\"https:\/\/tammetalu.eu\/toode\/ahtalehine-kaokuld-tikka\/#breadcrumb\",\"itemListElement\":[{\"@type\":\"ListItem\",\"position\":1,\"name\":\"Home\",\"item\":\"https:\/\/tammetalu.eu\/fi\/etusivu\/\"},{\"@type\":\"ListItem\",\"position\":2,\"name\":\"Kaikki tuotteet\",\"item\":\"https:\/\/tammetalu.eu\/fi\/kaikki-tuotteet\/\"},{\"@type\":\"ListItem\",\"position\":3,\"name\":\"Ahtalehine k\u00e4okuld Helichrysum italicum &#8220;Tikka&#8221;\"}]},{\"@type\":\"WebSite\",\"@id\":\"https:\/\/tammetalu.eu\/#website\",\"url\":\"https:\/\/tammetalu.eu\/\",\"name\":\"Tamme talu \u00fcrdiaed\",\"description\":\"K\u00e4sit\u00f6\u00f6na valmistatud tooted \u00fcrtidest, \u00fcrdiistikud, \u00fcrtide kollektsioonaed\",\"publisher\":{\"@id\":\"https:\/\/tammetalu.eu\/#organization\"},\"alternateName\":\"Tamme talu\",\"potentialAction\":[{\"@type\":\"SearchAction\",\"target\":{\"@type\":\"EntryPoint\",\"urlTemplate\":\"https:\/\/tammetalu.eu\/?s={search_term_string}\"},\"query-input\":{\"@type\":\"PropertyValueSpecification\",\"valueRequired\":true,\"valueName\":\"search_term_string\"}}],\"inLanguage\":\"fi\"},{\"@type\":\"Organization\",\"@id\":\"https:\/\/tammetalu.eu\/#organization\",\"name\":\"Tamme talu \u00fcrdiaed\",\"alternateName\":\"Tamme talu\",\"url\":\"https:\/\/tammetalu.eu\/\",\"logo\":{\"@type\":\"ImageObject\",\"inLanguage\":\"fi\",\"@id\":\"https:\/\/tammetalu.eu\/#\/schema\/logo\/image\/\",\"url\":\"https:\/\/tammetalu.eu\/wp-content\/uploads\/2025\/01\/Tamme_talu_urdiaed.png\",\"contentUrl\":\"https:\/\/tammetalu.eu\/wp-content\/uploads\/2025\/01\/Tamme_talu_urdiaed.png\",\"width\":560,\"height\":560,\"caption\":\"Tamme talu \u00fcrdiaed\"},\"image\":{\"@id\":\"https:\/\/tammetalu.eu\/#\/schema\/logo\/image\/\"},\"sameAs\":[\"https:\/\/www.facebook.com\/TammeTaluUrdiaed\/?locale=et_EE\",\"https:\/\/www.instagram.com\/tammetaluurdiaed\/\"]}]}<\/script>\n<!-- \/ Yoast SEO plugin. -->","yoast_head_json":{"title":"Ahtalehine k\u00e4okuld Helichrysum italicum \"Tikka\" - Tamme talu \u00fcrdiaed","robots":{"index":"index","follow":"follow","max-snippet":"max-snippet:-1","max-image-preview":"max-image-preview:large","max-video-preview":"max-video-preview:-1"},"canonical":"https:\/\/tammetalu.eu\/toode\/ahtalehine-kaokuld-tikka\/","og_locale":"fi_FI","og_type":"article","og_title":"Ahtalehine k\u00e4okuld Helichrysum italicum \"Tikka\" - Tamme talu \u00fcrdiaed","og_description":"Helichrysum italicum  Karri j\u00e4rele l\u00f5hnava h\u00f5behalli igihalja lehestikuga kuivan\u00f5udlik maitse- ja ravimtaim nii potti kui kuivema mullaga peenrasse. Talvekindlus ei ole kahjuks alati tagatud, kuid kuivas\u00a0 v\u00e4ikeste miinuskraadidega ruumis saab k\u00e4okulda suurep\u00e4raselt \u00fcle talve hoida. Tavaliselt teisel kasvuaastal avanevad kollased n\u00f6\u00f6bisarnased \u00f5ied.  K\u00f6\u00f6gis sobib k\u00e4okulla m\u00f5rkjas maitse liha- ja k\u00f6\u00f6giviljatoitudesse, kokteilidesse ja garneerimiseks.  Rahvameditsiinis kasutatakse ahtalehist k\u00e4okulda sapi- ja maksahaiguste korral, ka on taimel antibakteriaalne toime.","og_url":"https:\/\/tammetalu.eu\/toode\/ahtalehine-kaokuld-tikka\/","og_site_name":"Tamme talu \u00fcrdiaed","article_publisher":"https:\/\/www.facebook.com\/TammeTaluUrdiaed\/?locale=et_EE","article_modified_time":"2026-02-02T13:14:35+00:00","og_image":[{"width":680,"height":665,"url":"https:\/\/tammetalu.eu\/wp-content\/uploads\/2024\/05\/Ahtalehine-kaokuld-tikka-helichrysum-italicum-tamme-talu-urdiaed.jpg","type":"image\/jpeg"}],"twitter_card":"summary_large_image","twitter_misc":{"Arvioitu lukuaika":"1 minuutti"},"schema":{"@context":"https:\/\/schema.org","@graph":[{"@type":"WebPage","@id":"https:\/\/tammetalu.eu\/toode\/ahtalehine-kaokuld-tikka\/","url":"https:\/\/tammetalu.eu\/toode\/ahtalehine-kaokuld-tikka\/","name":"Ahtalehine k\u00e4okuld Helichrysum italicum \"Tikka\" - Tamme talu \u00fcrdiaed","isPartOf":{"@id":"https:\/\/tammetalu.eu\/#website"},"primaryImageOfPage":{"@id":"https:\/\/tammetalu.eu\/toode\/ahtalehine-kaokuld-tikka\/#primaryimage"},"image":{"@id":"https:\/\/tammetalu.eu\/toode\/ahtalehine-kaokuld-tikka\/#primaryimage"},"thumbnailUrl":"https:\/\/tammetalu.eu\/wp-content\/uploads\/2024\/05\/Ahtalehine-kaokuld-tikka-helichrysum-italicum-tamme-talu-urdiaed.jpg","datePublished":"2024-05-28T09:05:41+00:00","dateModified":"2026-02-02T13:14:35+00:00","breadcrumb":{"@id":"https:\/\/tammetalu.eu\/toode\/ahtalehine-kaokuld-tikka\/#breadcrumb"},"inLanguage":"fi","potentialAction":[{"@type":"ReadAction","target":["https:\/\/tammetalu.eu\/toode\/ahtalehine-kaokuld-tikka\/"]}]},{"@type":"ImageObject","inLanguage":"fi","@id":"https:\/\/tammetalu.eu\/toode\/ahtalehine-kaokuld-tikka\/#primaryimage","url":"https:\/\/tammetalu.eu\/wp-content\/uploads\/2024\/05\/Ahtalehine-kaokuld-tikka-helichrysum-italicum-tamme-talu-urdiaed.jpg","contentUrl":"https:\/\/tammetalu.eu\/wp-content\/uploads\/2024\/05\/Ahtalehine-kaokuld-tikka-helichrysum-italicum-tamme-talu-urdiaed.jpg","width":680,"height":665,"caption":"Ahtalehine-kaokuld-tikka-helichrysum-italicum-tamme-talu-urdiaed"},{"@type":"BreadcrumbList","@id":"https:\/\/tammetalu.eu\/toode\/ahtalehine-kaokuld-tikka\/#breadcrumb","itemListElement":[{"@type":"ListItem","position":1,"name":"Home","item":"https:\/\/tammetalu.eu\/fi\/etusivu\/"},{"@type":"ListItem","position":2,"name":"Kaikki tuotteet","item":"https:\/\/tammetalu.eu\/fi\/kaikki-tuotteet\/"},{"@type":"ListItem","position":3,"name":"Ahtalehine k\u00e4okuld Helichrysum italicum &#8220;Tikka&#8221;"}]},{"@type":"WebSite","@id":"https:\/\/tammetalu.eu\/#website","url":"https:\/\/tammetalu.eu\/","name":"Tamme talu \u00fcrdiaed","description":"K\u00e4sit\u00f6\u00f6na valmistatud tooted \u00fcrtidest, \u00fcrdiistikud, \u00fcrtide kollektsioonaed","publisher":{"@id":"https:\/\/tammetalu.eu\/#organization"},"alternateName":"Tamme talu","potentialAction":[{"@type":"SearchAction","target":{"@type":"EntryPoint","urlTemplate":"https:\/\/tammetalu.eu\/?s={search_term_string}"},"query-input":{"@type":"PropertyValueSpecification","valueRequired":true,"valueName":"search_term_string"}}],"inLanguage":"fi"},{"@type":"Organization","@id":"https:\/\/tammetalu.eu\/#organization","name":"Tamme talu \u00fcrdiaed","alternateName":"Tamme talu","url":"https:\/\/tammetalu.eu\/","logo":{"@type":"ImageObject","inLanguage":"fi","@id":"https:\/\/tammetalu.eu\/#\/schema\/logo\/image\/","url":"https:\/\/tammetalu.eu\/wp-content\/uploads\/2025\/01\/Tamme_talu_urdiaed.png","contentUrl":"https:\/\/tammetalu.eu\/wp-content\/uploads\/2025\/01\/Tamme_talu_urdiaed.png","width":560,"height":560,"caption":"Tamme talu \u00fcrdiaed"},"image":{"@id":"https:\/\/tammetalu.eu\/#\/schema\/logo\/image\/"},"sameAs":["https:\/\/www.facebook.com\/TammeTaluUrdiaed\/?locale=et_EE","https:\/\/www.instagram.com\/tammetaluurdiaed\/"]}]}},"_links":{"self":[{"href":"https:\/\/tammetalu.eu\/fi\/wp-json\/wp\/v2\/product\/21180","targetHints":{"allow":["GET"]}}],"collection":[{"href":"https:\/\/tammetalu.eu\/fi\/wp-json\/wp\/v2\/product"}],"about":[{"href":"https:\/\/tammetalu.eu\/fi\/wp-json\/wp\/v2\/types\/product"}],"wp:featuredmedia":[{"embeddable":true,"href":"https:\/\/tammetalu.eu\/fi\/wp-json\/wp\/v2\/media\/21182"}],"wp:attachment":[{"href":"https:\/\/tammetalu.eu\/fi\/wp-json\/wp\/v2\/media?parent=21180"}],"wp:term":[{"taxonomy":"product_brand","embeddable":true,"href":"https:\/\/tammetalu.eu\/fi\/wp-json\/wp\/v2\/product_brand?post=21180"},{"taxonomy":"product_cat","embeddable":true,"href":"https:\/\/tammetalu.eu\/fi\/wp-json\/wp\/v2\/product_cat?post=21180"},{"taxonomy":"product_tag","embeddable":true,"href":"https:\/\/tammetalu.eu\/fi\/wp-json\/wp\/v2\/product_tag?post=21180"}],"curies":[{"name":"wp","href":"https:\/\/api.w.org\/{rel}","templated":true}]}}