{"id":21581,"date":"2024-07-08T12:38:43","date_gmt":"2024-07-08T09:38:43","guid":{"rendered":"https:\/\/tammetalu.eu\/?post_type=product&#038;p=21581"},"modified":"2024-08-01T12:28:47","modified_gmt":"2024-08-01T09:28:47","slug":"taitepakend-urdisool-salatile-250g","status":"publish","type":"product","link":"https:\/\/tammetalu.eu\/fi\/toode\/taitepakend-urdisool-salatile-250g\/","title":{"rendered":"T\u00e4itepakend \u00dcrdisool salatile 250g"},"content":{"rendered":"","protected":false},"excerpt":{"rendered":"<p>34,64 \u20ac\/kg<\/p>\n<p>\u00dcrdisool salatile on n\u00fc\u00fcd saadaval ka t\u00e4itepakendis. Kui <span style=\"color: #008000;\"><a style=\"color: #008000;\" href=\"https:\/\/tammetalu.eu\/toode\/urdisool-salatile-85g\/\">esimene purk<\/a><\/span> on otsa l\u00f5ppenud, soovitame tellida t\u00e4itepakendi, et purki taast\u00e4ita. Selliselt kulub v\u00e4hem pakendit ja hoiad loodust. Lisaks on soodsam hind.<\/p>\n<p>\u00dcrdisool salatile sobib salatite (eriti toorsalatite), kastmete, suppide, aedvilja- ja liharoogade maitsestamiseks. V\u00e4ga lihtne kasutada. Toorsalatile lisa maitseaine 10 minutit enne serveerimist \u2013 nii j\u00f5uab salat \u00e4ra maitsestuda. Ahjuk\u00f6\u00f6givilju valmistades raputa maitseaine ja omale meelep\u00e4rane \u00f5li ennem ahju panemist tooretele k\u00f6\u00f6giviljadele ning sega.<\/p>\n<p>Koostisosad: meresool (48%), t\u00fc\u00fcmian, k\u00fc\u00fcslauk, porrulauk, petersell.<\/p>\n<p>&nbsp;<\/p>\n","protected":false},"featured_media":21582,"template":"","meta":{"_acf_changed":false,"_et_pb_use_builder":"","_et_pb_old_content":"","_et_gb_content_width":"","inline_featured_image":false},"product_brand":[],"product_cat":[177],"product_tag":[],"class_list":{"0":"post-21581","1":"product","2":"type-product","3":"status-publish","4":"has-post-thumbnail","6":"product_cat-urdisoolad","8":"first","9":"instock","10":"taxable","11":"shipping-taxable","12":"purchasable","13":"product-type-simple"},"acf":[],"yoast_head":"<!-- This site is optimized with the Yoast SEO plugin v26.4 - https:\/\/yoast.com\/wordpress\/plugins\/seo\/ -->\n<title>T\u00e4itepakend \u00dcrdisool salatile 250g - Tamme talu \u00fcrdiaed<\/title>\n<meta name=\"description\" content=\"\u00dcrdisool salatile on n\u00fc\u00fcd saadaval ka t\u00e4itepakendis. Hoia keskkonda ja v\u00e4henda pakendikulu. Telli mugavalt Tamme talu e-poest!\" \/>\n<meta name=\"robots\" content=\"index, follow, max-snippet:-1, max-image-preview:large, max-video-preview:-1\" \/>\n<link rel=\"canonical\" href=\"https:\/\/tammetalu.eu\/toode\/taitepakend-urdisool-salatile-250g\/\" \/>\n<meta property=\"og:locale\" content=\"fi_FI\" \/>\n<meta property=\"og:type\" content=\"article\" \/>\n<meta property=\"og:title\" content=\"T\u00e4itepakend \u00dcrdisool salatile 250g - Tamme talu \u00fcrdiaed\" \/>\n<meta property=\"og:description\" content=\"\u00dcrdisool salatile on n\u00fc\u00fcd saadaval ka t\u00e4itepakendis. Hoia keskkonda ja v\u00e4henda pakendikulu. Telli mugavalt Tamme talu e-poest!\" \/>\n<meta property=\"og:url\" content=\"https:\/\/tammetalu.eu\/toode\/taitepakend-urdisool-salatile-250g\/\" \/>\n<meta property=\"og:site_name\" content=\"Tamme talu \u00fcrdiaed\" \/>\n<meta property=\"article:publisher\" content=\"https:\/\/www.facebook.com\/TammeTaluUrdiaed\/?locale=et_EE\" \/>\n<meta property=\"article:modified_time\" content=\"2024-08-01T09:28:47+00:00\" \/>\n<meta property=\"og:image\" content=\"https:\/\/tammetalu.eu\/wp-content\/uploads\/2024\/07\/Urdisool_salatile_taitepakend_Tamme_talu_urdiaed.jpeg\" \/>\n\t<meta property=\"og:image:width\" content=\"1024\" \/>\n\t<meta property=\"og:image:height\" content=\"1365\" \/>\n\t<meta property=\"og:image:type\" content=\"image\/jpeg\" \/>\n<meta name=\"twitter:card\" content=\"summary_large_image\" \/>\n<meta name=\"twitter:label1\" content=\"Arvioitu lukuaika\" \/>\n\t<meta name=\"twitter:data1\" content=\"1 minuutti\" \/>\n<script type=\"application\/ld+json\" class=\"yoast-schema-graph\">{\"@context\":\"https:\/\/schema.org\",\"@graph\":[{\"@type\":\"WebPage\",\"@id\":\"https:\/\/tammetalu.eu\/toode\/taitepakend-urdisool-salatile-250g\/\",\"url\":\"https:\/\/tammetalu.eu\/toode\/taitepakend-urdisool-salatile-250g\/\",\"name\":\"T\u00e4itepakend \u00dcrdisool salatile 250g - Tamme talu \u00fcrdiaed\",\"isPartOf\":{\"@id\":\"https:\/\/tammetalu.eu\/#website\"},\"primaryImageOfPage\":{\"@id\":\"https:\/\/tammetalu.eu\/toode\/taitepakend-urdisool-salatile-250g\/#primaryimage\"},\"image\":{\"@id\":\"https:\/\/tammetalu.eu\/toode\/taitepakend-urdisool-salatile-250g\/#primaryimage\"},\"thumbnailUrl\":\"https:\/\/tammetalu.eu\/wp-content\/uploads\/2024\/07\/Urdisool_salatile_taitepakend_Tamme_talu_urdiaed.jpeg\",\"datePublished\":\"2024-07-08T09:38:43+00:00\",\"dateModified\":\"2024-08-01T09:28:47+00:00\",\"description\":\"\u00dcrdisool salatile on n\u00fc\u00fcd saadaval ka t\u00e4itepakendis. Hoia keskkonda ja v\u00e4henda pakendikulu. Telli mugavalt Tamme talu e-poest!\",\"breadcrumb\":{\"@id\":\"https:\/\/tammetalu.eu\/toode\/taitepakend-urdisool-salatile-250g\/#breadcrumb\"},\"inLanguage\":\"fi\",\"potentialAction\":[{\"@type\":\"ReadAction\",\"target\":[\"https:\/\/tammetalu.eu\/toode\/taitepakend-urdisool-salatile-250g\/\"]}]},{\"@type\":\"ImageObject\",\"inLanguage\":\"fi\",\"@id\":\"https:\/\/tammetalu.eu\/toode\/taitepakend-urdisool-salatile-250g\/#primaryimage\",\"url\":\"https:\/\/tammetalu.eu\/wp-content\/uploads\/2024\/07\/Urdisool_salatile_taitepakend_Tamme_talu_urdiaed.jpeg\",\"contentUrl\":\"https:\/\/tammetalu.eu\/wp-content\/uploads\/2024\/07\/Urdisool_salatile_taitepakend_Tamme_talu_urdiaed.jpeg\",\"width\":1024,\"height\":1365,\"caption\":\"Urdisool_salatile_taitepakend_Tamme_talu_urdiaed\"},{\"@type\":\"BreadcrumbList\",\"@id\":\"https:\/\/tammetalu.eu\/toode\/taitepakend-urdisool-salatile-250g\/#breadcrumb\",\"itemListElement\":[{\"@type\":\"ListItem\",\"position\":1,\"name\":\"Home\",\"item\":\"https:\/\/tammetalu.eu\/fi\/etusivu\/\"},{\"@type\":\"ListItem\",\"position\":2,\"name\":\"Kaikki tuotteet\",\"item\":\"https:\/\/tammetalu.eu\/fi\/kaikki-tuotteet\/\"},{\"@type\":\"ListItem\",\"position\":3,\"name\":\"T\u00e4itepakend \u00dcrdisool salatile 250g\"}]},{\"@type\":\"WebSite\",\"@id\":\"https:\/\/tammetalu.eu\/#website\",\"url\":\"https:\/\/tammetalu.eu\/\",\"name\":\"Tamme talu \u00fcrdiaed\",\"description\":\"K\u00e4sit\u00f6\u00f6na valmistatud tooted \u00fcrtidest, \u00fcrdiistikud, \u00fcrtide kollektsioonaed\",\"publisher\":{\"@id\":\"https:\/\/tammetalu.eu\/#organization\"},\"alternateName\":\"Tamme talu\",\"potentialAction\":[{\"@type\":\"SearchAction\",\"target\":{\"@type\":\"EntryPoint\",\"urlTemplate\":\"https:\/\/tammetalu.eu\/?s={search_term_string}\"},\"query-input\":{\"@type\":\"PropertyValueSpecification\",\"valueRequired\":true,\"valueName\":\"search_term_string\"}}],\"inLanguage\":\"fi\"},{\"@type\":\"Organization\",\"@id\":\"https:\/\/tammetalu.eu\/#organization\",\"name\":\"Tamme talu \u00fcrdiaed\",\"alternateName\":\"Tamme talu\",\"url\":\"https:\/\/tammetalu.eu\/\",\"logo\":{\"@type\":\"ImageObject\",\"inLanguage\":\"fi\",\"@id\":\"https:\/\/tammetalu.eu\/#\/schema\/logo\/image\/\",\"url\":\"https:\/\/tammetalu.eu\/wp-content\/uploads\/2025\/01\/Tamme_talu_urdiaed.png\",\"contentUrl\":\"https:\/\/tammetalu.eu\/wp-content\/uploads\/2025\/01\/Tamme_talu_urdiaed.png\",\"width\":560,\"height\":560,\"caption\":\"Tamme talu \u00fcrdiaed\"},\"image\":{\"@id\":\"https:\/\/tammetalu.eu\/#\/schema\/logo\/image\/\"},\"sameAs\":[\"https:\/\/www.facebook.com\/TammeTaluUrdiaed\/?locale=et_EE\",\"https:\/\/www.instagram.com\/tammetaluurdiaed\/\"]}]}<\/script>\n<!-- \/ Yoast SEO plugin. -->","yoast_head_json":{"title":"T\u00e4itepakend \u00dcrdisool salatile 250g - Tamme talu \u00fcrdiaed","description":"\u00dcrdisool salatile on n\u00fc\u00fcd saadaval ka t\u00e4itepakendis. Hoia keskkonda ja v\u00e4henda pakendikulu. Telli mugavalt Tamme talu e-poest!","robots":{"index":"index","follow":"follow","max-snippet":"max-snippet:-1","max-image-preview":"max-image-preview:large","max-video-preview":"max-video-preview:-1"},"canonical":"https:\/\/tammetalu.eu\/toode\/taitepakend-urdisool-salatile-250g\/","og_locale":"fi_FI","og_type":"article","og_title":"T\u00e4itepakend \u00dcrdisool salatile 250g - Tamme talu \u00fcrdiaed","og_description":"\u00dcrdisool salatile on n\u00fc\u00fcd saadaval ka t\u00e4itepakendis. Hoia keskkonda ja v\u00e4henda pakendikulu. Telli mugavalt Tamme talu e-poest!","og_url":"https:\/\/tammetalu.eu\/toode\/taitepakend-urdisool-salatile-250g\/","og_site_name":"Tamme talu \u00fcrdiaed","article_publisher":"https:\/\/www.facebook.com\/TammeTaluUrdiaed\/?locale=et_EE","article_modified_time":"2024-08-01T09:28:47+00:00","og_image":[{"width":1024,"height":1365,"url":"https:\/\/tammetalu.eu\/wp-content\/uploads\/2024\/07\/Urdisool_salatile_taitepakend_Tamme_talu_urdiaed.jpeg","type":"image\/jpeg"}],"twitter_card":"summary_large_image","twitter_misc":{"Arvioitu lukuaika":"1 minuutti"},"schema":{"@context":"https:\/\/schema.org","@graph":[{"@type":"WebPage","@id":"https:\/\/tammetalu.eu\/toode\/taitepakend-urdisool-salatile-250g\/","url":"https:\/\/tammetalu.eu\/toode\/taitepakend-urdisool-salatile-250g\/","name":"T\u00e4itepakend \u00dcrdisool salatile 250g - Tamme talu \u00fcrdiaed","isPartOf":{"@id":"https:\/\/tammetalu.eu\/#website"},"primaryImageOfPage":{"@id":"https:\/\/tammetalu.eu\/toode\/taitepakend-urdisool-salatile-250g\/#primaryimage"},"image":{"@id":"https:\/\/tammetalu.eu\/toode\/taitepakend-urdisool-salatile-250g\/#primaryimage"},"thumbnailUrl":"https:\/\/tammetalu.eu\/wp-content\/uploads\/2024\/07\/Urdisool_salatile_taitepakend_Tamme_talu_urdiaed.jpeg","datePublished":"2024-07-08T09:38:43+00:00","dateModified":"2024-08-01T09:28:47+00:00","description":"\u00dcrdisool salatile on n\u00fc\u00fcd saadaval ka t\u00e4itepakendis. Hoia keskkonda ja v\u00e4henda pakendikulu. Telli mugavalt Tamme talu e-poest!","breadcrumb":{"@id":"https:\/\/tammetalu.eu\/toode\/taitepakend-urdisool-salatile-250g\/#breadcrumb"},"inLanguage":"fi","potentialAction":[{"@type":"ReadAction","target":["https:\/\/tammetalu.eu\/toode\/taitepakend-urdisool-salatile-250g\/"]}]},{"@type":"ImageObject","inLanguage":"fi","@id":"https:\/\/tammetalu.eu\/toode\/taitepakend-urdisool-salatile-250g\/#primaryimage","url":"https:\/\/tammetalu.eu\/wp-content\/uploads\/2024\/07\/Urdisool_salatile_taitepakend_Tamme_talu_urdiaed.jpeg","contentUrl":"https:\/\/tammetalu.eu\/wp-content\/uploads\/2024\/07\/Urdisool_salatile_taitepakend_Tamme_talu_urdiaed.jpeg","width":1024,"height":1365,"caption":"Urdisool_salatile_taitepakend_Tamme_talu_urdiaed"},{"@type":"BreadcrumbList","@id":"https:\/\/tammetalu.eu\/toode\/taitepakend-urdisool-salatile-250g\/#breadcrumb","itemListElement":[{"@type":"ListItem","position":1,"name":"Home","item":"https:\/\/tammetalu.eu\/fi\/etusivu\/"},{"@type":"ListItem","position":2,"name":"Kaikki tuotteet","item":"https:\/\/tammetalu.eu\/fi\/kaikki-tuotteet\/"},{"@type":"ListItem","position":3,"name":"T\u00e4itepakend \u00dcrdisool salatile 250g"}]},{"@type":"WebSite","@id":"https:\/\/tammetalu.eu\/#website","url":"https:\/\/tammetalu.eu\/","name":"Tamme talu \u00fcrdiaed","description":"K\u00e4sit\u00f6\u00f6na valmistatud tooted \u00fcrtidest, \u00fcrdiistikud, \u00fcrtide kollektsioonaed","publisher":{"@id":"https:\/\/tammetalu.eu\/#organization"},"alternateName":"Tamme talu","potentialAction":[{"@type":"SearchAction","target":{"@type":"EntryPoint","urlTemplate":"https:\/\/tammetalu.eu\/?s={search_term_string}"},"query-input":{"@type":"PropertyValueSpecification","valueRequired":true,"valueName":"search_term_string"}}],"inLanguage":"fi"},{"@type":"Organization","@id":"https:\/\/tammetalu.eu\/#organization","name":"Tamme talu \u00fcrdiaed","alternateName":"Tamme talu","url":"https:\/\/tammetalu.eu\/","logo":{"@type":"ImageObject","inLanguage":"fi","@id":"https:\/\/tammetalu.eu\/#\/schema\/logo\/image\/","url":"https:\/\/tammetalu.eu\/wp-content\/uploads\/2025\/01\/Tamme_talu_urdiaed.png","contentUrl":"https:\/\/tammetalu.eu\/wp-content\/uploads\/2025\/01\/Tamme_talu_urdiaed.png","width":560,"height":560,"caption":"Tamme talu \u00fcrdiaed"},"image":{"@id":"https:\/\/tammetalu.eu\/#\/schema\/logo\/image\/"},"sameAs":["https:\/\/www.facebook.com\/TammeTaluUrdiaed\/?locale=et_EE","https:\/\/www.instagram.com\/tammetaluurdiaed\/"]}]}},"_links":{"self":[{"href":"https:\/\/tammetalu.eu\/fi\/wp-json\/wp\/v2\/product\/21581","targetHints":{"allow":["GET"]}}],"collection":[{"href":"https:\/\/tammetalu.eu\/fi\/wp-json\/wp\/v2\/product"}],"about":[{"href":"https:\/\/tammetalu.eu\/fi\/wp-json\/wp\/v2\/types\/product"}],"wp:featuredmedia":[{"embeddable":true,"href":"https:\/\/tammetalu.eu\/fi\/wp-json\/wp\/v2\/media\/21582"}],"wp:attachment":[{"href":"https:\/\/tammetalu.eu\/fi\/wp-json\/wp\/v2\/media?parent=21581"}],"wp:term":[{"taxonomy":"product_brand","embeddable":true,"href":"https:\/\/tammetalu.eu\/fi\/wp-json\/wp\/v2\/product_brand?post=21581"},{"taxonomy":"product_cat","embeddable":true,"href":"https:\/\/tammetalu.eu\/fi\/wp-json\/wp\/v2\/product_cat?post=21581"},{"taxonomy":"product_tag","embeddable":true,"href":"https:\/\/tammetalu.eu\/fi\/wp-json\/wp\/v2\/product_tag?post=21581"}],"curies":[{"name":"wp","href":"https:\/\/api.w.org\/{rel}","templated":true}]}}