{"id":22263,"date":"2024-11-25T15:27:12","date_gmt":"2024-11-25T13:27:12","guid":{"rendered":"https:\/\/tammetalu.eu\/?post_type=product&#038;p=22263"},"modified":"2026-01-21T12:04:31","modified_gmt":"2026-01-21T10:04:31","slug":"kinkekomplekt-teenautlejale","status":"publish","type":"product","link":"https:\/\/tammetalu.eu\/fi\/toode\/kinkekomplekt-teenautlejale\/","title":{"rendered":"Kinkekomplekt &#8221;Teenautlejale&#8221;"},"content":{"rendered":"<p><a href=\"https:\/\/tammetalu.eu\/toode\/mahe-minu-lemmiktee-puramiid\/\"><span style=\"color: #0c8e38;\">Minu<\/span> <span style=\"color: #0c8e38;\">lemmiktees<\/span><\/a> on k\u00fclmkuivatatud musts\u00f5star ja \u00f5un, mis annavad teele v\u00e4rsketele viljadele omase maitse ja aroomi. Piparm\u00fcnt lisab magusa m\u00fcndise alatooni ning t\u00fc\u00fcmian annab maitsebuketile s\u00fcgavust. Tee on aromaatne ja maitserikas ning r\u00f5\u00f5mustab keha ja hinge mitmel moel. Koostisosadeks on k\u00fclmkuivatatud musts\u00f5star*, k\u00fclmkuivatatud \u00f5unat\u00fckid*, t\u00fc\u00fcmian*, piparm\u00fcnt*.<\/p>\n<p><a href=\"https:\/\/tammetalu.eu\/toode\/mahe-hea-tuju-tee-teepakid\/\"><span style=\"color: #0c8e38;\">Hea tuju tees<\/span><\/a> on \u00fchendatud p\u00fcha basiiliku v\u00fcrtsikus, peiulille magusus ja kuivatatud \u00f5una hapusus. Ja kui imeliselt see v\u00f5rratu jook veel l\u00f5hnab! Hea Tuju tee on kergelt ergutava toimega, sellep\u00e4rast sobib seda k\u00f5ige paremini juua hommikul ja p\u00e4evasel ajal. Koostisosadeks on <span data-sheets-value=\"{&quot;1&quot;:2,&quot;2&quot;:&quot;p\u00fcha basiilik ehk tulsi*, k\u00fclmkuivatatud \u00f5unat\u00fckid*&quot;}\" data-sheets-userformat=\"{&quot;2&quot;:14845,&quot;3&quot;:{&quot;1&quot;:0,&quot;3&quot;:1},&quot;5&quot;:{&quot;1&quot;:[{&quot;1&quot;:2,&quot;2&quot;:0,&quot;5&quot;:{&quot;1&quot;:2,&quot;2&quot;:0}},{&quot;1&quot;:0,&quot;2&quot;:0,&quot;3&quot;:3},{&quot;1&quot;:1,&quot;2&quot;:0,&quot;4&quot;:1}]},&quot;6&quot;:{&quot;1&quot;:[{&quot;1&quot;:2,&quot;2&quot;:0,&quot;5&quot;:{&quot;1&quot;:2,&quot;2&quot;:0}},{&quot;1&quot;:0,&quot;2&quot;:0,&quot;3&quot;:3},{&quot;1&quot;:1,&quot;2&quot;:0,&quot;4&quot;:1}]},&quot;7&quot;:{&quot;1&quot;:[{&quot;1&quot;:2,&quot;2&quot;:0,&quot;5&quot;:{&quot;1&quot;:2,&quot;2&quot;:0}},{&quot;1&quot;:0,&quot;2&quot;:0,&quot;3&quot;:3},{&quot;1&quot;:1,&quot;2&quot;:0,&quot;4&quot;:1}]},&quot;8&quot;:{&quot;1&quot;:[{&quot;1&quot;:2,&quot;2&quot;:0,&quot;5&quot;:{&quot;1&quot;:2,&quot;2&quot;:0}},{&quot;1&quot;:0,&quot;2&quot;:0,&quot;3&quot;:3},{&quot;1&quot;:1,&quot;2&quot;:0,&quot;4&quot;:1}]},&quot;9&quot;:0,&quot;10&quot;:1,&quot;11&quot;:4,&quot;14&quot;:{&quot;1&quot;:3,&quot;3&quot;:1},&quot;15&quot;:&quot;Calibri&quot;,&quot;16&quot;:12}\">p\u00fcha basiilik ehk tulsi*, mehhiko estragon* ja k\u00fclmkuivatatud \u00f5unat\u00fckid*<\/span><\/p>\n<p><a href=\"https:\/\/tammetalu.eu\/toode\/mahe-vaarika-mustsostratee-piparmundiga-puramiid\/\"><span style=\"color: #0c8e38;\">Vaarika-musts\u00f5stratee piparm\u00fcndiga<\/span><\/a> sisaldab k\u00fclmkuivatatud vaarikaid ja musts\u00f5straid, mis annavad joogile v\u00e4rsketele marjadele omase maitse, aroomi ja v\u00e4rvi ning piparm\u00fcnt lisab teele magusa m\u00fcndise alatooni. Jahutatud tee koos sidruniviilu ja j\u00e4\u00e4kuubikutega sobib\u00a0 joomiseks soojal suvep\u00e4eval. Koostisosadeks on <span data-sheets-value=\"{&quot;1&quot;:2,&quot;2&quot;:&quot;k\u00fclmkuivatatud vaarikad*, k\u00fclmkuivatatud musts\u00f5strad*, piparm\u00fcnt (30%)*&quot;}\" data-sheets-userformat=\"{&quot;2&quot;:14845,&quot;3&quot;:{&quot;1&quot;:0,&quot;3&quot;:1},&quot;5&quot;:{&quot;1&quot;:[{&quot;1&quot;:2,&quot;2&quot;:0,&quot;5&quot;:{&quot;1&quot;:2,&quot;2&quot;:0}},{&quot;1&quot;:0,&quot;2&quot;:0,&quot;3&quot;:3},{&quot;1&quot;:1,&quot;2&quot;:0,&quot;4&quot;:1}]},&quot;6&quot;:{&quot;1&quot;:[{&quot;1&quot;:2,&quot;2&quot;:0,&quot;5&quot;:{&quot;1&quot;:2,&quot;2&quot;:0}},{&quot;1&quot;:0,&quot;2&quot;:0,&quot;3&quot;:3},{&quot;1&quot;:1,&quot;2&quot;:0,&quot;4&quot;:1}]},&quot;7&quot;:{&quot;1&quot;:[{&quot;1&quot;:2,&quot;2&quot;:0,&quot;5&quot;:{&quot;1&quot;:2,&quot;2&quot;:0}},{&quot;1&quot;:0,&quot;2&quot;:0,&quot;3&quot;:3},{&quot;1&quot;:1,&quot;2&quot;:0,&quot;4&quot;:1}]},&quot;8&quot;:{&quot;1&quot;:[{&quot;1&quot;:2,&quot;2&quot;:0,&quot;5&quot;:{&quot;1&quot;:2,&quot;2&quot;:0}},{&quot;1&quot;:0,&quot;2&quot;:0,&quot;3&quot;:3},{&quot;1&quot;:1,&quot;2&quot;:0,&quot;4&quot;:1}]},&quot;9&quot;:0,&quot;10&quot;:1,&quot;11&quot;:4,&quot;14&quot;:{&quot;1&quot;:3,&quot;3&quot;:1},&quot;15&quot;:&quot;Calibri&quot;,&quot;16&quot;:12}\">k\u00fclmkuivatatud vaarikad*, k\u00fclmkuivatatud musts\u00f5strad*, piparm\u00fcnt (30%)*.<\/span><\/p>\n<p>*K\u00f5ik teede koostisosad on mahedalt kasvatatud \u00fcrtidest ja k\u00fclmkuivatatud marjadest, ilma kunstlike lisaaineteta.<\/p>\n","protected":false},"excerpt":{"rendered":"<p>Kinkekomplekt &#8221;Teenautlejale&#8221; on ideaalne kingitus t\u00f5elisele teegurmaanile, sest sisaldab maitseelamusi pakkuvaid p\u00fcramiidkotikestes taime- ja marjateesid. Tee valmistamine on nii lihtne ja kiire!<\/p>\n<p>Kenasse kinkekarpi on pakitud <a href=\"https:\/\/tammetalu.eu\/toode\/mahe-hea-tuju-tee-teepakid\/\"><span style=\"color: #0c8e38;\">MAHE Hea tuju tee p\u00fcramiid<\/span><\/a><span style=\"color: #0c8e38;\">,<\/span> <a href=\"https:\/\/tammetalu.eu\/toode\/mahe-vaarika-mustsostratee-piparmundiga-puramiid\/\"><span style=\"color: #0c8e38;\">MAHE Vaarika-musts\u00f5stratee piparm\u00fcndiga p\u00fcramiid<\/span><\/a> ja <a href=\"https:\/\/tammetalu.eu\/toode\/mahe-minu-lemmiktee-puramiid\/\"><span style=\"color: #0c8e38;\">MAHE Minu lemmiktee p\u00fcramiid<\/span><\/a><span style=\"color: #0c8e38;\">.<\/span> Karbil on l\u00e4bipaistev kaas, mille \u00fcmber on seotud punane siidipael ja k\u00fcljes kaunilt kujundatud kaardike koos armsa s\u00f5numiga. Kinkija saab kaardile lisada kingisaaja nime.<\/p>\n<p>Kinkekarpide koostamisel peame oluliseks keskkonnas\u00e4\u00e4stlikku ning &#8221;v\u00e4hem pr\u00fcgi&#8221; m\u00f5tteviisi. Seep\u00e4rast kasutame karbi sisuna <span style=\"color: #339966;\"><a style=\"color: #339966;\" href=\"https:\/\/raiku.co\/\">RAIKU<\/a><\/span> 100% naturaalset, komposteeruvat ja keskkonnas\u00f5bralikku pakkematerjali, mis on toodetud puidust. V\u00e4ljan\u00e4gemiselt ilus, stiilne ja luksuslik.<\/p>\n<p>Ideaalne kingitus j\u00f5uludeks, s\u00fcnnip\u00e4evadeks v\u00f5i muudeks t\u00e4htp\u00e4evadeks. Sisult praktiline ja preemium kvaliteediga.<\/p>\n","protected":false},"featured_media":26088,"template":"","meta":{"_acf_changed":false,"_et_pb_use_builder":"","_et_pb_old_content":"","_et_gb_content_width":"","inline_featured_image":false},"product_brand":[],"product_cat":[225,189,185],"product_tag":[],"class_list":{"0":"post-22263","1":"product","2":"type-product","3":"status-publish","4":"has-post-thumbnail","6":"product_cat-kingiideed","7":"product_cat-teed","8":"product_cat-kinkekomplektid","10":"first","11":"instock","12":"taxable","13":"shipping-taxable","14":"purchasable","15":"product-type-simple"},"acf":[],"yoast_head":"<!-- This site is optimized with the Yoast SEO plugin v26.4 - https:\/\/yoast.com\/wordpress\/plugins\/seo\/ -->\n<title>Kinkekomplekt &quot;Teenautlejale&quot; - Tamme talu \u00fcrdiaed<\/title>\n<meta name=\"description\" content=\"Ideaalne kingitus t\u00f5elisele teegurmaanile, sest sisaldab preemium kvaliteediga taime- ja marjateesid. Armastusega loodud kingitused Tamme talust!\" \/>\n<meta name=\"robots\" content=\"index, follow, max-snippet:-1, max-image-preview:large, max-video-preview:-1\" \/>\n<link rel=\"canonical\" href=\"https:\/\/tammetalu.eu\/toode\/kinkekomplekt-teenautlejale\/\" \/>\n<meta property=\"og:locale\" content=\"fi_FI\" \/>\n<meta property=\"og:type\" content=\"article\" \/>\n<meta property=\"og:title\" content=\"Kinkekomplekt &quot;Teenautlejale&quot; - Tamme talu \u00fcrdiaed\" \/>\n<meta property=\"og:description\" content=\"Ideaalne kingitus t\u00f5elisele teegurmaanile, sest sisaldab preemium kvaliteediga taime- ja marjateesid. Armastusega loodud kingitused Tamme talust!\" \/>\n<meta property=\"og:url\" content=\"https:\/\/tammetalu.eu\/toode\/kinkekomplekt-teenautlejale\/\" \/>\n<meta property=\"og:site_name\" content=\"Tamme talu \u00fcrdiaed\" \/>\n<meta property=\"article:publisher\" content=\"https:\/\/www.facebook.com\/TammeTaluUrdiaed\/?locale=et_EE\" \/>\n<meta property=\"article:modified_time\" content=\"2026-01-21T10:04:31+00:00\" \/>\n<meta property=\"og:image\" content=\"https:\/\/tammetalu.eu\/wp-content\/uploads\/2024\/11\/tamme-talu-urdiaed-tee-komplekt.jpg\" \/>\n\t<meta property=\"og:image:width\" content=\"1365\" \/>\n\t<meta property=\"og:image:height\" content=\"2048\" \/>\n\t<meta property=\"og:image:type\" content=\"image\/jpeg\" \/>\n<meta name=\"twitter:card\" content=\"summary_large_image\" \/>\n<meta name=\"twitter:label1\" content=\"Arvioitu lukuaika\" \/>\n\t<meta name=\"twitter:data1\" content=\"2 minuuttia\" \/>\n<script type=\"application\/ld+json\" class=\"yoast-schema-graph\">{\"@context\":\"https:\/\/schema.org\",\"@graph\":[{\"@type\":\"WebPage\",\"@id\":\"https:\/\/tammetalu.eu\/toode\/kinkekomplekt-teenautlejale\/\",\"url\":\"https:\/\/tammetalu.eu\/toode\/kinkekomplekt-teenautlejale\/\",\"name\":\"Kinkekomplekt \\\"Teenautlejale\\\" - Tamme talu \u00fcrdiaed\",\"isPartOf\":{\"@id\":\"https:\/\/tammetalu.eu\/#website\"},\"primaryImageOfPage\":{\"@id\":\"https:\/\/tammetalu.eu\/toode\/kinkekomplekt-teenautlejale\/#primaryimage\"},\"image\":{\"@id\":\"https:\/\/tammetalu.eu\/toode\/kinkekomplekt-teenautlejale\/#primaryimage\"},\"thumbnailUrl\":\"https:\/\/tammetalu.eu\/wp-content\/uploads\/2024\/11\/tamme-talu-urdiaed-tee-komplekt.jpg\",\"datePublished\":\"2024-11-25T13:27:12+00:00\",\"dateModified\":\"2026-01-21T10:04:31+00:00\",\"description\":\"Ideaalne kingitus t\u00f5elisele teegurmaanile, sest sisaldab preemium kvaliteediga taime- ja marjateesid. Armastusega loodud kingitused Tamme talust!\",\"breadcrumb\":{\"@id\":\"https:\/\/tammetalu.eu\/toode\/kinkekomplekt-teenautlejale\/#breadcrumb\"},\"inLanguage\":\"fi\",\"potentialAction\":[{\"@type\":\"ReadAction\",\"target\":[\"https:\/\/tammetalu.eu\/toode\/kinkekomplekt-teenautlejale\/\"]}]},{\"@type\":\"ImageObject\",\"inLanguage\":\"fi\",\"@id\":\"https:\/\/tammetalu.eu\/toode\/kinkekomplekt-teenautlejale\/#primaryimage\",\"url\":\"https:\/\/tammetalu.eu\/wp-content\/uploads\/2024\/11\/tamme-talu-urdiaed-tee-komplekt.jpg\",\"contentUrl\":\"https:\/\/tammetalu.eu\/wp-content\/uploads\/2024\/11\/tamme-talu-urdiaed-tee-komplekt.jpg\",\"width\":1365,\"height\":2048,\"caption\":\"tamme talu \u00fcrdiaed, kinkekomplekt, \u00e4rikingitus, taimetee, marjatee, tee kinkekarp\"},{\"@type\":\"BreadcrumbList\",\"@id\":\"https:\/\/tammetalu.eu\/toode\/kinkekomplekt-teenautlejale\/#breadcrumb\",\"itemListElement\":[{\"@type\":\"ListItem\",\"position\":1,\"name\":\"Home\",\"item\":\"https:\/\/tammetalu.eu\/fi\/etusivu\/\"},{\"@type\":\"ListItem\",\"position\":2,\"name\":\"Kaikki tuotteet\",\"item\":\"https:\/\/tammetalu.eu\/fi\/kaikki-tuotteet\/\"},{\"@type\":\"ListItem\",\"position\":3,\"name\":\"Kinkekomplekt &#8220;Teenautlejale&#8221;\"}]},{\"@type\":\"WebSite\",\"@id\":\"https:\/\/tammetalu.eu\/#website\",\"url\":\"https:\/\/tammetalu.eu\/\",\"name\":\"Tamme talu \u00fcrdiaed\",\"description\":\"K\u00e4sit\u00f6\u00f6na valmistatud tooted \u00fcrtidest, \u00fcrdiistikud, \u00fcrtide kollektsioonaed\",\"publisher\":{\"@id\":\"https:\/\/tammetalu.eu\/#organization\"},\"alternateName\":\"Tamme talu\",\"potentialAction\":[{\"@type\":\"SearchAction\",\"target\":{\"@type\":\"EntryPoint\",\"urlTemplate\":\"https:\/\/tammetalu.eu\/?s={search_term_string}\"},\"query-input\":{\"@type\":\"PropertyValueSpecification\",\"valueRequired\":true,\"valueName\":\"search_term_string\"}}],\"inLanguage\":\"fi\"},{\"@type\":\"Organization\",\"@id\":\"https:\/\/tammetalu.eu\/#organization\",\"name\":\"Tamme talu \u00fcrdiaed\",\"alternateName\":\"Tamme talu\",\"url\":\"https:\/\/tammetalu.eu\/\",\"logo\":{\"@type\":\"ImageObject\",\"inLanguage\":\"fi\",\"@id\":\"https:\/\/tammetalu.eu\/#\/schema\/logo\/image\/\",\"url\":\"https:\/\/tammetalu.eu\/wp-content\/uploads\/2025\/01\/Tamme_talu_urdiaed.png\",\"contentUrl\":\"https:\/\/tammetalu.eu\/wp-content\/uploads\/2025\/01\/Tamme_talu_urdiaed.png\",\"width\":560,\"height\":560,\"caption\":\"Tamme talu \u00fcrdiaed\"},\"image\":{\"@id\":\"https:\/\/tammetalu.eu\/#\/schema\/logo\/image\/\"},\"sameAs\":[\"https:\/\/www.facebook.com\/TammeTaluUrdiaed\/?locale=et_EE\",\"https:\/\/www.instagram.com\/tammetaluurdiaed\/\"]}]}<\/script>\n<!-- \/ Yoast SEO plugin. -->","yoast_head_json":{"title":"Kinkekomplekt \"Teenautlejale\" - Tamme talu \u00fcrdiaed","description":"Ideaalne kingitus t\u00f5elisele teegurmaanile, sest sisaldab preemium kvaliteediga taime- ja marjateesid. Armastusega loodud kingitused Tamme talust!","robots":{"index":"index","follow":"follow","max-snippet":"max-snippet:-1","max-image-preview":"max-image-preview:large","max-video-preview":"max-video-preview:-1"},"canonical":"https:\/\/tammetalu.eu\/toode\/kinkekomplekt-teenautlejale\/","og_locale":"fi_FI","og_type":"article","og_title":"Kinkekomplekt \"Teenautlejale\" - Tamme talu \u00fcrdiaed","og_description":"Ideaalne kingitus t\u00f5elisele teegurmaanile, sest sisaldab preemium kvaliteediga taime- ja marjateesid. Armastusega loodud kingitused Tamme talust!","og_url":"https:\/\/tammetalu.eu\/toode\/kinkekomplekt-teenautlejale\/","og_site_name":"Tamme talu \u00fcrdiaed","article_publisher":"https:\/\/www.facebook.com\/TammeTaluUrdiaed\/?locale=et_EE","article_modified_time":"2026-01-21T10:04:31+00:00","og_image":[{"width":1365,"height":2048,"url":"https:\/\/tammetalu.eu\/wp-content\/uploads\/2024\/11\/tamme-talu-urdiaed-tee-komplekt.jpg","type":"image\/jpeg"}],"twitter_card":"summary_large_image","twitter_misc":{"Arvioitu lukuaika":"2 minuuttia"},"schema":{"@context":"https:\/\/schema.org","@graph":[{"@type":"WebPage","@id":"https:\/\/tammetalu.eu\/toode\/kinkekomplekt-teenautlejale\/","url":"https:\/\/tammetalu.eu\/toode\/kinkekomplekt-teenautlejale\/","name":"Kinkekomplekt \"Teenautlejale\" - Tamme talu \u00fcrdiaed","isPartOf":{"@id":"https:\/\/tammetalu.eu\/#website"},"primaryImageOfPage":{"@id":"https:\/\/tammetalu.eu\/toode\/kinkekomplekt-teenautlejale\/#primaryimage"},"image":{"@id":"https:\/\/tammetalu.eu\/toode\/kinkekomplekt-teenautlejale\/#primaryimage"},"thumbnailUrl":"https:\/\/tammetalu.eu\/wp-content\/uploads\/2024\/11\/tamme-talu-urdiaed-tee-komplekt.jpg","datePublished":"2024-11-25T13:27:12+00:00","dateModified":"2026-01-21T10:04:31+00:00","description":"Ideaalne kingitus t\u00f5elisele teegurmaanile, sest sisaldab preemium kvaliteediga taime- ja marjateesid. Armastusega loodud kingitused Tamme talust!","breadcrumb":{"@id":"https:\/\/tammetalu.eu\/toode\/kinkekomplekt-teenautlejale\/#breadcrumb"},"inLanguage":"fi","potentialAction":[{"@type":"ReadAction","target":["https:\/\/tammetalu.eu\/toode\/kinkekomplekt-teenautlejale\/"]}]},{"@type":"ImageObject","inLanguage":"fi","@id":"https:\/\/tammetalu.eu\/toode\/kinkekomplekt-teenautlejale\/#primaryimage","url":"https:\/\/tammetalu.eu\/wp-content\/uploads\/2024\/11\/tamme-talu-urdiaed-tee-komplekt.jpg","contentUrl":"https:\/\/tammetalu.eu\/wp-content\/uploads\/2024\/11\/tamme-talu-urdiaed-tee-komplekt.jpg","width":1365,"height":2048,"caption":"tamme talu \u00fcrdiaed, kinkekomplekt, \u00e4rikingitus, taimetee, marjatee, tee kinkekarp"},{"@type":"BreadcrumbList","@id":"https:\/\/tammetalu.eu\/toode\/kinkekomplekt-teenautlejale\/#breadcrumb","itemListElement":[{"@type":"ListItem","position":1,"name":"Home","item":"https:\/\/tammetalu.eu\/fi\/etusivu\/"},{"@type":"ListItem","position":2,"name":"Kaikki tuotteet","item":"https:\/\/tammetalu.eu\/fi\/kaikki-tuotteet\/"},{"@type":"ListItem","position":3,"name":"Kinkekomplekt &#8220;Teenautlejale&#8221;"}]},{"@type":"WebSite","@id":"https:\/\/tammetalu.eu\/#website","url":"https:\/\/tammetalu.eu\/","name":"Tamme talu \u00fcrdiaed","description":"K\u00e4sit\u00f6\u00f6na valmistatud tooted \u00fcrtidest, \u00fcrdiistikud, \u00fcrtide kollektsioonaed","publisher":{"@id":"https:\/\/tammetalu.eu\/#organization"},"alternateName":"Tamme talu","potentialAction":[{"@type":"SearchAction","target":{"@type":"EntryPoint","urlTemplate":"https:\/\/tammetalu.eu\/?s={search_term_string}"},"query-input":{"@type":"PropertyValueSpecification","valueRequired":true,"valueName":"search_term_string"}}],"inLanguage":"fi"},{"@type":"Organization","@id":"https:\/\/tammetalu.eu\/#organization","name":"Tamme talu \u00fcrdiaed","alternateName":"Tamme talu","url":"https:\/\/tammetalu.eu\/","logo":{"@type":"ImageObject","inLanguage":"fi","@id":"https:\/\/tammetalu.eu\/#\/schema\/logo\/image\/","url":"https:\/\/tammetalu.eu\/wp-content\/uploads\/2025\/01\/Tamme_talu_urdiaed.png","contentUrl":"https:\/\/tammetalu.eu\/wp-content\/uploads\/2025\/01\/Tamme_talu_urdiaed.png","width":560,"height":560,"caption":"Tamme talu \u00fcrdiaed"},"image":{"@id":"https:\/\/tammetalu.eu\/#\/schema\/logo\/image\/"},"sameAs":["https:\/\/www.facebook.com\/TammeTaluUrdiaed\/?locale=et_EE","https:\/\/www.instagram.com\/tammetaluurdiaed\/"]}]}},"_links":{"self":[{"href":"https:\/\/tammetalu.eu\/fi\/wp-json\/wp\/v2\/product\/22263","targetHints":{"allow":["GET"]}}],"collection":[{"href":"https:\/\/tammetalu.eu\/fi\/wp-json\/wp\/v2\/product"}],"about":[{"href":"https:\/\/tammetalu.eu\/fi\/wp-json\/wp\/v2\/types\/product"}],"wp:featuredmedia":[{"embeddable":true,"href":"https:\/\/tammetalu.eu\/fi\/wp-json\/wp\/v2\/media\/26088"}],"wp:attachment":[{"href":"https:\/\/tammetalu.eu\/fi\/wp-json\/wp\/v2\/media?parent=22263"}],"wp:term":[{"taxonomy":"product_brand","embeddable":true,"href":"https:\/\/tammetalu.eu\/fi\/wp-json\/wp\/v2\/product_brand?post=22263"},{"taxonomy":"product_cat","embeddable":true,"href":"https:\/\/tammetalu.eu\/fi\/wp-json\/wp\/v2\/product_cat?post=22263"},{"taxonomy":"product_tag","embeddable":true,"href":"https:\/\/tammetalu.eu\/fi\/wp-json\/wp\/v2\/product_tag?post=22263"}],"curies":[{"name":"wp","href":"https:\/\/api.w.org\/{rel}","templated":true}]}}