{"id":23031,"date":"2025-02-04T15:45:20","date_gmt":"2025-02-04T13:45:20","guid":{"rendered":"https:\/\/tammetalu.eu\/?post_type=product&#038;p=23031"},"modified":"2026-05-04T08:49:23","modified_gmt":"2026-05-04T05:49:23","slug":"korea-kikkaputk-angelica-gigas","status":"publish","type":"product","link":"https:\/\/tammetalu.eu\/fi\/toode\/korea-kikkaputk-angelica-gigas\/","title":{"rendered":"Korea kikkaputk Angelica gigas"},"content":{"rendered":"","protected":false},"excerpt":{"rendered":"<p>Korea kikkaputk <em>Angelica gigas Nakai<\/em><\/p>\n<p>LAT: \u00a0<em>Angelica gigas Nakai<\/em><\/p>\n<p>ENG: \u00a0Korean angelica<\/p>\n<p>RU: \u0414\u0443\u0434\u043d\u0438\u043a \u0433\u0438\u0433\u0430\u043d\u0442\u0441\u043a\u0438\u0439<\/p>\n<p>FI: \u00a0J\u00e4ttikarhunputki<\/p>\n<p>Korea kikkaputk on v\u00e4ga kena v\u00e4limusega kahe- kuni mitmeaastane p\u00fcsik, millel on purpurpunased \u00f5isikud ja varred. \u00d5itsemise ajal t\u00f5eline mesilaste ja kimalaste lemmik. Sobib \u00fcksikuks pilgup\u00fc\u00fcdjaks peenrasse. Kasvuks vajab p\u00e4ikeselist kuni poolvarjulist kasvukohta ning kuivemat kuni parasniisket mulda. Suured taimed \u00fcmberistutamist ei kannata. Annab isek\u00fclvi. Korea kikkaputk \u00f5itseb oma elu jooksul vaid \u00fche korra.<\/p>\n<p>Toiduks tarvitatakse korea kikkaputke noori varsi ning lehti. Neid v\u00f5ib hakkida salatisse, kuumutada v\u00f5i muul meelep\u00e4rasel viisil tarvitada.<\/p>\n<p>Korea kikkaputk \u00a0on peamine ravimtaim, mida kasutatakse Aasia riikides, nagu Korea ja Hiina. Traditsiooniliselt on selle kuivatatud juurt kasutatud aneemia, valu, infektsioonide ja liigesereuma raviks Koreas, enamasti vees keetmise teel ravimvormide valmistamiseks. Korea kikkaputke kasutatakse g\u00fcnekoloogiliste haiguste ja aneemia raviks ning traditsioonilises meditsiinis ka p\u00f5letiku- ja valuvaigistina.<\/p>\n<p>K\u00f5rgus: kuni 1,7 m<\/p>\n<p>\u00d5itsemise aeg: VI-VII<\/p>\n<p>Talvekindlus: Talvekindel<\/p>\n<p>Poti suurus: 11-12<\/p>\n","protected":false},"featured_media":23032,"template":"","meta":{"_acf_changed":false,"_et_pb_use_builder":"","_et_pb_old_content":"","_et_gb_content_width":"","inline_featured_image":false},"product_brand":[],"product_cat":[186,200],"product_tag":[],"class_list":{"0":"post-23031","1":"product","2":"type-product","3":"status-publish","4":"has-post-thumbnail","6":"product_cat-maitse-ja-ravimtaimede-istikud","7":"product_cat-muud-maitsetaimed","9":"first","10":"instock","11":"taxable","12":"shipping-taxable","13":"purchasable","14":"product-type-simple"},"acf":[],"yoast_head":"<!-- This site is optimized with the Yoast SEO plugin v27.5 - https:\/\/yoast.com\/product\/yoast-seo-wordpress\/ -->\n<title>Korea kikkaputk Angelica gigas - Tamme talu \u00fcrdiaed<\/title>\n<meta name=\"robots\" content=\"index, follow, max-snippet:-1, max-image-preview:large, max-video-preview:-1\" \/>\n<link rel=\"canonical\" href=\"https:\/\/tammetalu.eu\/toode\/korea-kikkaputk-angelica-gigas\/\" \/>\n<meta property=\"og:locale\" content=\"fi_FI\" \/>\n<meta property=\"og:type\" content=\"article\" \/>\n<meta property=\"og:title\" content=\"Korea kikkaputk Angelica gigas - Tamme talu \u00fcrdiaed\" \/>\n<meta property=\"og:description\" content=\"Korea kikkaputk Angelica gigas Nakai  LAT: \u00a0Angelica gigas Nakai  ENG: \u00a0Korean angelica  RU: \u0414\u0443\u0434\u043d\u0438\u043a \u0433\u0438\u0433\u0430\u043d\u0442\u0441\u043a\u0438\u0439  FI: \u00a0J\u00e4ttikarhunputki  Korea kikkaputk on v\u00e4ga kena v\u00e4limusega kahe- kuni mitmeaastane p\u00fcsik, millel on purpurpunased \u00f5isikud ja varred. \u00d5itsemise ajal t\u00f5eline mesilaste ja kimalaste lemmik. Sobib \u00fcksikuks pilgup\u00fc\u00fcdjaks peenrasse. Kasvuks vajab p\u00e4ikeselist kuni poolvarjulist kasvukohta ning kuivemat kuni parasniisket mulda. Suured taimed \u00fcmberistutamist ei kannata. Annab isek\u00fclvi. Korea kikkaputk \u00f5itseb oma elu jooksul vaid \u00fche korra.  Toiduks tarvitatakse korea kikkaputke noori varsi ning lehti. Neid v\u00f5ib hakkida salatisse, kuumutada v\u00f5i muul meelep\u00e4rasel viisil tarvitada.  Korea kikkaputk \u00a0on peamine ravimtaim, mida kasutatakse Aasia riikides, nagu Korea ja Hiina. Traditsiooniliselt on selle kuivatatud juurt kasutatud aneemia, valu, infektsioonide ja liigesereuma raviks Koreas, enamasti vees keetmise teel ravimvormide valmistamiseks. Korea kikkaputke kasutatakse g\u00fcnekoloogiliste haiguste ja aneemia raviks ning traditsioonilises meditsiinis ka p\u00f5letiku- ja valuvaigistina.  K\u00f5rgus: kuni 1,7 m  \u00d5itsemise aeg: VI-VII  Talvekindlus: Talvekindel  Poti suurus: 11-12\" \/>\n<meta property=\"og:url\" content=\"https:\/\/tammetalu.eu\/toode\/korea-kikkaputk-angelica-gigas\/\" \/>\n<meta property=\"og:site_name\" content=\"Tamme talu \u00fcrdiaed\" \/>\n<meta property=\"article:publisher\" content=\"https:\/\/www.facebook.com\/TammeTaluUrdiaed\/?locale=et_EE\" \/>\n<meta property=\"article:modified_time\" content=\"2026-05-04T05:49:23+00:00\" \/>\n<meta property=\"og:image\" content=\"https:\/\/tammetalu.eu\/wp-content\/uploads\/2025\/01\/Korea_kikkaputk_angelica_gigas_tamme_talu_urdiaed1.jpg\" \/>\n\t<meta property=\"og:image:width\" content=\"800\" \/>\n\t<meta property=\"og:image:height\" content=\"800\" \/>\n\t<meta property=\"og:image:type\" content=\"image\/jpeg\" \/>\n<meta name=\"twitter:card\" content=\"summary_large_image\" \/>\n<meta name=\"twitter:label1\" content=\"Arvioitu lukuaika\" \/>\n\t<meta name=\"twitter:data1\" content=\"1 minuutti\" \/>\n<script type=\"application\/ld+json\" class=\"yoast-schema-graph\">{\"@context\":\"https:\\\/\\\/schema.org\",\"@graph\":[{\"@type\":\"WebPage\",\"@id\":\"https:\\\/\\\/tammetalu.eu\\\/toode\\\/korea-kikkaputk-angelica-gigas\\\/\",\"url\":\"https:\\\/\\\/tammetalu.eu\\\/toode\\\/korea-kikkaputk-angelica-gigas\\\/\",\"name\":\"Korea kikkaputk Angelica gigas - Tamme talu \u00fcrdiaed\",\"isPartOf\":{\"@id\":\"https:\\\/\\\/tammetalu.eu\\\/#website\"},\"primaryImageOfPage\":{\"@id\":\"https:\\\/\\\/tammetalu.eu\\\/toode\\\/korea-kikkaputk-angelica-gigas\\\/#primaryimage\"},\"image\":{\"@id\":\"https:\\\/\\\/tammetalu.eu\\\/toode\\\/korea-kikkaputk-angelica-gigas\\\/#primaryimage\"},\"thumbnailUrl\":\"https:\\\/\\\/tammetalu.eu\\\/wp-content\\\/uploads\\\/2025\\\/01\\\/Korea_kikkaputk_angelica_gigas_tamme_talu_urdiaed1.jpg\",\"datePublished\":\"2025-02-04T13:45:20+00:00\",\"dateModified\":\"2026-05-04T05:49:23+00:00\",\"breadcrumb\":{\"@id\":\"https:\\\/\\\/tammetalu.eu\\\/toode\\\/korea-kikkaputk-angelica-gigas\\\/#breadcrumb\"},\"inLanguage\":\"fi\",\"potentialAction\":[{\"@type\":\"ReadAction\",\"target\":[\"https:\\\/\\\/tammetalu.eu\\\/toode\\\/korea-kikkaputk-angelica-gigas\\\/\"]}]},{\"@type\":\"ImageObject\",\"inLanguage\":\"fi\",\"@id\":\"https:\\\/\\\/tammetalu.eu\\\/toode\\\/korea-kikkaputk-angelica-gigas\\\/#primaryimage\",\"url\":\"https:\\\/\\\/tammetalu.eu\\\/wp-content\\\/uploads\\\/2025\\\/01\\\/Korea_kikkaputk_angelica_gigas_tamme_talu_urdiaed1.jpg\",\"contentUrl\":\"https:\\\/\\\/tammetalu.eu\\\/wp-content\\\/uploads\\\/2025\\\/01\\\/Korea_kikkaputk_angelica_gigas_tamme_talu_urdiaed1.jpg\",\"width\":800,\"height\":800,\"caption\":\"2023932500\"},{\"@type\":\"BreadcrumbList\",\"@id\":\"https:\\\/\\\/tammetalu.eu\\\/toode\\\/korea-kikkaputk-angelica-gigas\\\/#breadcrumb\",\"itemListElement\":[{\"@type\":\"ListItem\",\"position\":1,\"name\":\"Home\",\"item\":\"https:\\\/\\\/tammetalu.eu\\\/fi\\\/etusivu\\\/\"},{\"@type\":\"ListItem\",\"position\":2,\"name\":\"Kaikki tuotteet\",\"item\":\"https:\\\/\\\/tammetalu.eu\\\/fi\\\/kaikki-tuotteet\\\/\"},{\"@type\":\"ListItem\",\"position\":3,\"name\":\"Korea kikkaputk Angelica gigas\"}]},{\"@type\":\"WebSite\",\"@id\":\"https:\\\/\\\/tammetalu.eu\\\/#website\",\"url\":\"https:\\\/\\\/tammetalu.eu\\\/\",\"name\":\"Tamme talu \u00fcrdiaed\",\"description\":\"K\u00e4sit\u00f6\u00f6na valmistatud tooted \u00fcrtidest, \u00fcrdiistikud, \u00fcrtide kollektsioonaed\",\"publisher\":{\"@id\":\"https:\\\/\\\/tammetalu.eu\\\/#organization\"},\"alternateName\":\"Tamme talu\",\"potentialAction\":[{\"@type\":\"SearchAction\",\"target\":{\"@type\":\"EntryPoint\",\"urlTemplate\":\"https:\\\/\\\/tammetalu.eu\\\/?s={search_term_string}\"},\"query-input\":{\"@type\":\"PropertyValueSpecification\",\"valueRequired\":true,\"valueName\":\"search_term_string\"}}],\"inLanguage\":\"fi\"},{\"@type\":\"Organization\",\"@id\":\"https:\\\/\\\/tammetalu.eu\\\/#organization\",\"name\":\"Tamme talu \u00fcrdiaed\",\"alternateName\":\"Tamme talu\",\"url\":\"https:\\\/\\\/tammetalu.eu\\\/\",\"logo\":{\"@type\":\"ImageObject\",\"inLanguage\":\"fi\",\"@id\":\"https:\\\/\\\/tammetalu.eu\\\/#\\\/schema\\\/logo\\\/image\\\/\",\"url\":\"https:\\\/\\\/tammetalu.eu\\\/wp-content\\\/uploads\\\/2025\\\/01\\\/Tamme_talu_urdiaed.png\",\"contentUrl\":\"https:\\\/\\\/tammetalu.eu\\\/wp-content\\\/uploads\\\/2025\\\/01\\\/Tamme_talu_urdiaed.png\",\"width\":560,\"height\":560,\"caption\":\"Tamme talu \u00fcrdiaed\"},\"image\":{\"@id\":\"https:\\\/\\\/tammetalu.eu\\\/#\\\/schema\\\/logo\\\/image\\\/\"},\"sameAs\":[\"https:\\\/\\\/www.facebook.com\\\/TammeTaluUrdiaed\\\/?locale=et_EE\",\"https:\\\/\\\/www.instagram.com\\\/tammetaluurdiaed\\\/\"]}]}<\/script>\n<!-- \/ Yoast SEO plugin. -->","yoast_head_json":{"title":"Korea kikkaputk Angelica gigas - Tamme talu \u00fcrdiaed","robots":{"index":"index","follow":"follow","max-snippet":"max-snippet:-1","max-image-preview":"max-image-preview:large","max-video-preview":"max-video-preview:-1"},"canonical":"https:\/\/tammetalu.eu\/toode\/korea-kikkaputk-angelica-gigas\/","og_locale":"fi_FI","og_type":"article","og_title":"Korea kikkaputk Angelica gigas - Tamme talu \u00fcrdiaed","og_description":"Korea kikkaputk Angelica gigas Nakai  LAT: \u00a0Angelica gigas Nakai  ENG: \u00a0Korean angelica  RU: \u0414\u0443\u0434\u043d\u0438\u043a \u0433\u0438\u0433\u0430\u043d\u0442\u0441\u043a\u0438\u0439  FI: \u00a0J\u00e4ttikarhunputki  Korea kikkaputk on v\u00e4ga kena v\u00e4limusega kahe- kuni mitmeaastane p\u00fcsik, millel on purpurpunased \u00f5isikud ja varred. \u00d5itsemise ajal t\u00f5eline mesilaste ja kimalaste lemmik. Sobib \u00fcksikuks pilgup\u00fc\u00fcdjaks peenrasse. Kasvuks vajab p\u00e4ikeselist kuni poolvarjulist kasvukohta ning kuivemat kuni parasniisket mulda. Suured taimed \u00fcmberistutamist ei kannata. Annab isek\u00fclvi. Korea kikkaputk \u00f5itseb oma elu jooksul vaid \u00fche korra.  Toiduks tarvitatakse korea kikkaputke noori varsi ning lehti. Neid v\u00f5ib hakkida salatisse, kuumutada v\u00f5i muul meelep\u00e4rasel viisil tarvitada.  Korea kikkaputk \u00a0on peamine ravimtaim, mida kasutatakse Aasia riikides, nagu Korea ja Hiina. Traditsiooniliselt on selle kuivatatud juurt kasutatud aneemia, valu, infektsioonide ja liigesereuma raviks Koreas, enamasti vees keetmise teel ravimvormide valmistamiseks. Korea kikkaputke kasutatakse g\u00fcnekoloogiliste haiguste ja aneemia raviks ning traditsioonilises meditsiinis ka p\u00f5letiku- ja valuvaigistina.  K\u00f5rgus: kuni 1,7 m  \u00d5itsemise aeg: VI-VII  Talvekindlus: Talvekindel  Poti suurus: 11-12","og_url":"https:\/\/tammetalu.eu\/toode\/korea-kikkaputk-angelica-gigas\/","og_site_name":"Tamme talu \u00fcrdiaed","article_publisher":"https:\/\/www.facebook.com\/TammeTaluUrdiaed\/?locale=et_EE","article_modified_time":"2026-05-04T05:49:23+00:00","og_image":[{"width":800,"height":800,"url":"https:\/\/tammetalu.eu\/wp-content\/uploads\/2025\/01\/Korea_kikkaputk_angelica_gigas_tamme_talu_urdiaed1.jpg","type":"image\/jpeg"}],"twitter_card":"summary_large_image","twitter_misc":{"Arvioitu lukuaika":"1 minuutti"},"schema":{"@context":"https:\/\/schema.org","@graph":[{"@type":"WebPage","@id":"https:\/\/tammetalu.eu\/toode\/korea-kikkaputk-angelica-gigas\/","url":"https:\/\/tammetalu.eu\/toode\/korea-kikkaputk-angelica-gigas\/","name":"Korea kikkaputk Angelica gigas - Tamme talu \u00fcrdiaed","isPartOf":{"@id":"https:\/\/tammetalu.eu\/#website"},"primaryImageOfPage":{"@id":"https:\/\/tammetalu.eu\/toode\/korea-kikkaputk-angelica-gigas\/#primaryimage"},"image":{"@id":"https:\/\/tammetalu.eu\/toode\/korea-kikkaputk-angelica-gigas\/#primaryimage"},"thumbnailUrl":"https:\/\/tammetalu.eu\/wp-content\/uploads\/2025\/01\/Korea_kikkaputk_angelica_gigas_tamme_talu_urdiaed1.jpg","datePublished":"2025-02-04T13:45:20+00:00","dateModified":"2026-05-04T05:49:23+00:00","breadcrumb":{"@id":"https:\/\/tammetalu.eu\/toode\/korea-kikkaputk-angelica-gigas\/#breadcrumb"},"inLanguage":"fi","potentialAction":[{"@type":"ReadAction","target":["https:\/\/tammetalu.eu\/toode\/korea-kikkaputk-angelica-gigas\/"]}]},{"@type":"ImageObject","inLanguage":"fi","@id":"https:\/\/tammetalu.eu\/toode\/korea-kikkaputk-angelica-gigas\/#primaryimage","url":"https:\/\/tammetalu.eu\/wp-content\/uploads\/2025\/01\/Korea_kikkaputk_angelica_gigas_tamme_talu_urdiaed1.jpg","contentUrl":"https:\/\/tammetalu.eu\/wp-content\/uploads\/2025\/01\/Korea_kikkaputk_angelica_gigas_tamme_talu_urdiaed1.jpg","width":800,"height":800,"caption":"2023932500"},{"@type":"BreadcrumbList","@id":"https:\/\/tammetalu.eu\/toode\/korea-kikkaputk-angelica-gigas\/#breadcrumb","itemListElement":[{"@type":"ListItem","position":1,"name":"Home","item":"https:\/\/tammetalu.eu\/fi\/etusivu\/"},{"@type":"ListItem","position":2,"name":"Kaikki tuotteet","item":"https:\/\/tammetalu.eu\/fi\/kaikki-tuotteet\/"},{"@type":"ListItem","position":3,"name":"Korea kikkaputk Angelica gigas"}]},{"@type":"WebSite","@id":"https:\/\/tammetalu.eu\/#website","url":"https:\/\/tammetalu.eu\/","name":"Tamme talu \u00fcrdiaed","description":"K\u00e4sit\u00f6\u00f6na valmistatud tooted \u00fcrtidest, \u00fcrdiistikud, \u00fcrtide kollektsioonaed","publisher":{"@id":"https:\/\/tammetalu.eu\/#organization"},"alternateName":"Tamme talu","potentialAction":[{"@type":"SearchAction","target":{"@type":"EntryPoint","urlTemplate":"https:\/\/tammetalu.eu\/?s={search_term_string}"},"query-input":{"@type":"PropertyValueSpecification","valueRequired":true,"valueName":"search_term_string"}}],"inLanguage":"fi"},{"@type":"Organization","@id":"https:\/\/tammetalu.eu\/#organization","name":"Tamme talu \u00fcrdiaed","alternateName":"Tamme talu","url":"https:\/\/tammetalu.eu\/","logo":{"@type":"ImageObject","inLanguage":"fi","@id":"https:\/\/tammetalu.eu\/#\/schema\/logo\/image\/","url":"https:\/\/tammetalu.eu\/wp-content\/uploads\/2025\/01\/Tamme_talu_urdiaed.png","contentUrl":"https:\/\/tammetalu.eu\/wp-content\/uploads\/2025\/01\/Tamme_talu_urdiaed.png","width":560,"height":560,"caption":"Tamme talu \u00fcrdiaed"},"image":{"@id":"https:\/\/tammetalu.eu\/#\/schema\/logo\/image\/"},"sameAs":["https:\/\/www.facebook.com\/TammeTaluUrdiaed\/?locale=et_EE","https:\/\/www.instagram.com\/tammetaluurdiaed\/"]}]}},"_links":{"self":[{"href":"https:\/\/tammetalu.eu\/fi\/wp-json\/wp\/v2\/product\/23031","targetHints":{"allow":["GET"]}}],"collection":[{"href":"https:\/\/tammetalu.eu\/fi\/wp-json\/wp\/v2\/product"}],"about":[{"href":"https:\/\/tammetalu.eu\/fi\/wp-json\/wp\/v2\/types\/product"}],"wp:featuredmedia":[{"embeddable":true,"href":"https:\/\/tammetalu.eu\/fi\/wp-json\/wp\/v2\/media\/23032"}],"wp:attachment":[{"href":"https:\/\/tammetalu.eu\/fi\/wp-json\/wp\/v2\/media?parent=23031"}],"wp:term":[{"taxonomy":"product_brand","embeddable":true,"href":"https:\/\/tammetalu.eu\/fi\/wp-json\/wp\/v2\/product_brand?post=23031"},{"taxonomy":"product_cat","embeddable":true,"href":"https:\/\/tammetalu.eu\/fi\/wp-json\/wp\/v2\/product_cat?post=23031"},{"taxonomy":"product_tag","embeddable":true,"href":"https:\/\/tammetalu.eu\/fi\/wp-json\/wp\/v2\/product_tag?post=23031"}],"curies":[{"name":"wp","href":"https:\/\/api.w.org\/{rel}","templated":true}]}}