{"id":23066,"date":"2025-01-29T13:31:19","date_gmt":"2025-01-29T11:31:19","guid":{"rendered":"https:\/\/tammetalu.eu\/?post_type=product&#038;p=23066"},"modified":"2026-03-19T09:48:07","modified_gmt":"2026-03-19T07:48:07","slug":"matas-paevaliilia-hemerocallis-dumortieri","status":"publish","type":"product","link":"https:\/\/tammetalu.eu\/fi\/toode\/matas-paevaliilia-hemerocallis-dumortieri\/","title":{"rendered":"M\u00e4tas-p\u00e4evaliilia Hemerocallis dumortieri"},"content":{"rendered":"","protected":false},"excerpt":{"rendered":"<p>M\u00e4tas-p\u00e4evaliilia Hemerocallis dumortieri<\/p>\n<p>LAT: <em>Hemerocallis dumortieri <\/em><\/p>\n<p>ENG: Copper lily, Dumortier&#8217;s daylily<\/p>\n<p>RU: \u041a\u0440\u0430\u0441\u043e\u0434\u043d\u0435\u0432 \u0414\u044e\u043c\u043e\u0440\u0442\u044c\u0435, \u041b\u0438\u043b\u0435\u0439\u043d\u0438\u043a \u0441\u0430\u0434\u043e\u0432\u044b\u0439<\/p>\n<p>FI: M\u00e4t\u00e4sp\u00e4iv\u00e4nlilja<\/p>\n<p>P\u00e4ikesekollaste \u00f5ite ja rihmjate roheliste lehtedega p\u00e4evaliilia looduslik liik on p\u00e4rit Koreast ja Hiinast ning on sisse toodud Jaapanisse.<\/p>\n<p>Alates mai l\u00f5pust kuni juunini puhkeb punaka tooniga \u00f5ievarre otsas 2-4 \u00f5it. Kasvab h\u00e4sti nii p\u00e4ikese k\u00e4es kui poolvarjus kuivemas kuni parasniiskes toitainete rikkas mullas.<\/p>\n<p>Taim ei ole Eesti aedades eriti levinud, kuid v\u00e4\u00e4rib kasvatamist igas aias nii oma kena v\u00e4limuse kui v\u00e4hen\u00f5udlikkuse poolest.<\/p>\n<p>Taime noori kevadisi mahlaseid v\u00f5rseid ( pikkusega kuni 7 cm) ja \u00f5iepungi kasutatakse hautatult, keedetult, k\u00fcpsetatult. \u00d5isi ja \u00f5iepungi tarvitatakse toiduks nii toorelt kui keedetult, neid v\u00f5ib lisada salatitesse v\u00f5i garneerida nendega roogasid. \u00d5ied ja veel avanemata pungad on maitselt meeldivalt mahlased ja magusad, ilma k\u00f5rval- v\u00f5i j\u00e4relmaitseta. \u00d5iepungi saab kuivatada v\u00f5i marineerida, hapendada ja nendest valmistatud jahu kasutatakse suppide paksendamiseks.<\/p>\n<p>Taim leiab kasutamist oma p\u00e4ritolumaa rahvameditsiinis peamiselt kollat\u00f5ve, k\u00f5hukinnisuse ja kopsup\u00f5letiku raviks.<\/p>\n<p>K\u00f5rgus: kuni 0,40 m<\/p>\n<p>Laius: kuni 0,40 m<\/p>\n<p>\u00d5itsemise aeg: V-VI<\/p>\n<p>Talvekindlus: V\u00e4ga hea<\/p>\n<p>Poti suurus: 9-12<\/p>\n","protected":false},"featured_media":23067,"template":"","meta":{"_acf_changed":false,"_et_pb_use_builder":"","_et_pb_old_content":"","_et_gb_content_width":"","inline_featured_image":false},"product_brand":[],"product_cat":[215,186],"product_tag":[],"class_list":{"0":"post-23066","1":"product","2":"type-product","3":"status-publish","4":"has-post-thumbnail","6":"product_cat-paevaliiliad","7":"product_cat-maitse-ja-ravimtaimede-istikud","9":"first","10":"instock","11":"sale","12":"taxable","13":"shipping-taxable","14":"purchasable","15":"product-type-simple"},"acf":[],"yoast_head":"<!-- This site is optimized with the Yoast SEO plugin v26.4 - https:\/\/yoast.com\/wordpress\/plugins\/seo\/ -->\n<title>M\u00e4tas-p\u00e4evaliilia Hemerocallis dumortieri - Tamme talu \u00fcrdiaed<\/title>\n<meta name=\"robots\" content=\"index, follow, max-snippet:-1, max-image-preview:large, max-video-preview:-1\" \/>\n<link rel=\"canonical\" href=\"https:\/\/tammetalu.eu\/toode\/matas-paevaliilia-hemerocallis-dumortieri\/\" \/>\n<meta property=\"og:locale\" content=\"fi_FI\" \/>\n<meta property=\"og:type\" content=\"article\" \/>\n<meta property=\"og:title\" content=\"M\u00e4tas-p\u00e4evaliilia Hemerocallis dumortieri - Tamme talu \u00fcrdiaed\" \/>\n<meta property=\"og:description\" content=\"M\u00e4tas-p\u00e4evaliilia Hemerocallis dumortieri  LAT: Hemerocallis dumortieri   ENG: Copper lily, Dumortier&#039;s daylily  RU: \u041a\u0440\u0430\u0441\u043e\u0434\u043d\u0435\u0432 \u0414\u044e\u043c\u043e\u0440\u0442\u044c\u0435, \u041b\u0438\u043b\u0435\u0439\u043d\u0438\u043a \u0441\u0430\u0434\u043e\u0432\u044b\u0439  FI: M\u00e4t\u00e4sp\u00e4iv\u00e4nlilja  P\u00e4ikesekollaste \u00f5ite ja rihmjate roheliste lehtedega p\u00e4evaliilia looduslik liik on p\u00e4rit Koreast ja Hiinast ning on sisse toodud Jaapanisse.  Alates mai l\u00f5pust kuni juunini puhkeb punaka tooniga \u00f5ievarre otsas 2-4 \u00f5it. Kasvab h\u00e4sti nii p\u00e4ikese k\u00e4es kui poolvarjus kuivemas kuni parasniiskes toitainete rikkas mullas.  Taim ei ole Eesti aedades eriti levinud, kuid v\u00e4\u00e4rib kasvatamist igas aias nii oma kena v\u00e4limuse kui v\u00e4hen\u00f5udlikkuse poolest.  Taime noori kevadisi mahlaseid v\u00f5rseid ( pikkusega kuni 7 cm) ja \u00f5iepungi kasutatakse hautatult, keedetult, k\u00fcpsetatult. \u00d5isi ja \u00f5iepungi tarvitatakse toiduks nii toorelt kui keedetult, neid v\u00f5ib lisada salatitesse v\u00f5i garneerida nendega roogasid. \u00d5ied ja veel avanemata pungad on maitselt meeldivalt mahlased ja magusad, ilma k\u00f5rval- v\u00f5i j\u00e4relmaitseta. \u00d5iepungi saab kuivatada v\u00f5i marineerida, hapendada ja nendest valmistatud jahu kasutatakse suppide paksendamiseks.  Taim leiab kasutamist oma p\u00e4ritolumaa rahvameditsiinis peamiselt kollat\u00f5ve, k\u00f5hukinnisuse ja kopsup\u00f5letiku raviks.  K\u00f5rgus: kuni 0,40 m  Laius: kuni 0,40 m  \u00d5itsemise aeg: V-VI  Talvekindlus: V\u00e4ga hea  Poti suurus: 9-12\" \/>\n<meta property=\"og:url\" content=\"https:\/\/tammetalu.eu\/toode\/matas-paevaliilia-hemerocallis-dumortieri\/\" \/>\n<meta property=\"og:site_name\" content=\"Tamme talu \u00fcrdiaed\" \/>\n<meta property=\"article:publisher\" content=\"https:\/\/www.facebook.com\/TammeTaluUrdiaed\/?locale=et_EE\" \/>\n<meta property=\"article:modified_time\" content=\"2026-03-19T07:48:07+00:00\" \/>\n<meta property=\"og:image\" content=\"https:\/\/tammetalu.eu\/wp-content\/uploads\/2025\/01\/Matas_paevaliilia_Hemerocallis_dumortieri_Tamme_talu_urdiaed.jpg\" \/>\n\t<meta property=\"og:image:width\" content=\"600\" \/>\n\t<meta property=\"og:image:height\" content=\"399\" \/>\n\t<meta property=\"og:image:type\" content=\"image\/jpeg\" \/>\n<meta name=\"twitter:card\" content=\"summary_large_image\" \/>\n<meta name=\"twitter:label1\" content=\"Arvioitu lukuaika\" \/>\n\t<meta name=\"twitter:data1\" content=\"1 minuutti\" \/>\n<script type=\"application\/ld+json\" class=\"yoast-schema-graph\">{\"@context\":\"https:\/\/schema.org\",\"@graph\":[{\"@type\":\"WebPage\",\"@id\":\"https:\/\/tammetalu.eu\/toode\/matas-paevaliilia-hemerocallis-dumortieri\/\",\"url\":\"https:\/\/tammetalu.eu\/toode\/matas-paevaliilia-hemerocallis-dumortieri\/\",\"name\":\"M\u00e4tas-p\u00e4evaliilia Hemerocallis dumortieri - Tamme talu \u00fcrdiaed\",\"isPartOf\":{\"@id\":\"https:\/\/tammetalu.eu\/#website\"},\"primaryImageOfPage\":{\"@id\":\"https:\/\/tammetalu.eu\/toode\/matas-paevaliilia-hemerocallis-dumortieri\/#primaryimage\"},\"image\":{\"@id\":\"https:\/\/tammetalu.eu\/toode\/matas-paevaliilia-hemerocallis-dumortieri\/#primaryimage\"},\"thumbnailUrl\":\"https:\/\/tammetalu.eu\/wp-content\/uploads\/2025\/01\/Matas_paevaliilia_Hemerocallis_dumortieri_Tamme_talu_urdiaed.jpg\",\"datePublished\":\"2025-01-29T11:31:19+00:00\",\"dateModified\":\"2026-03-19T07:48:07+00:00\",\"breadcrumb\":{\"@id\":\"https:\/\/tammetalu.eu\/toode\/matas-paevaliilia-hemerocallis-dumortieri\/#breadcrumb\"},\"inLanguage\":\"fi\",\"potentialAction\":[{\"@type\":\"ReadAction\",\"target\":[\"https:\/\/tammetalu.eu\/toode\/matas-paevaliilia-hemerocallis-dumortieri\/\"]}]},{\"@type\":\"ImageObject\",\"inLanguage\":\"fi\",\"@id\":\"https:\/\/tammetalu.eu\/toode\/matas-paevaliilia-hemerocallis-dumortieri\/#primaryimage\",\"url\":\"https:\/\/tammetalu.eu\/wp-content\/uploads\/2025\/01\/Matas_paevaliilia_Hemerocallis_dumortieri_Tamme_talu_urdiaed.jpg\",\"contentUrl\":\"https:\/\/tammetalu.eu\/wp-content\/uploads\/2025\/01\/Matas_paevaliilia_Hemerocallis_dumortieri_Tamme_talu_urdiaed.jpg\",\"width\":600,\"height\":399,\"caption\":\"Matas_paevaliilia_Hemerocallis_dumortieri_Tamme_talu_urdiaed\"},{\"@type\":\"BreadcrumbList\",\"@id\":\"https:\/\/tammetalu.eu\/toode\/matas-paevaliilia-hemerocallis-dumortieri\/#breadcrumb\",\"itemListElement\":[{\"@type\":\"ListItem\",\"position\":1,\"name\":\"Home\",\"item\":\"https:\/\/tammetalu.eu\/fi\/etusivu\/\"},{\"@type\":\"ListItem\",\"position\":2,\"name\":\"Kaikki tuotteet\",\"item\":\"https:\/\/tammetalu.eu\/fi\/kaikki-tuotteet\/\"},{\"@type\":\"ListItem\",\"position\":3,\"name\":\"M\u00e4tas-p\u00e4evaliilia Hemerocallis dumortieri\"}]},{\"@type\":\"WebSite\",\"@id\":\"https:\/\/tammetalu.eu\/#website\",\"url\":\"https:\/\/tammetalu.eu\/\",\"name\":\"Tamme talu \u00fcrdiaed\",\"description\":\"K\u00e4sit\u00f6\u00f6na valmistatud tooted \u00fcrtidest, \u00fcrdiistikud, \u00fcrtide kollektsioonaed\",\"publisher\":{\"@id\":\"https:\/\/tammetalu.eu\/#organization\"},\"alternateName\":\"Tamme talu\",\"potentialAction\":[{\"@type\":\"SearchAction\",\"target\":{\"@type\":\"EntryPoint\",\"urlTemplate\":\"https:\/\/tammetalu.eu\/?s={search_term_string}\"},\"query-input\":{\"@type\":\"PropertyValueSpecification\",\"valueRequired\":true,\"valueName\":\"search_term_string\"}}],\"inLanguage\":\"fi\"},{\"@type\":\"Organization\",\"@id\":\"https:\/\/tammetalu.eu\/#organization\",\"name\":\"Tamme talu \u00fcrdiaed\",\"alternateName\":\"Tamme talu\",\"url\":\"https:\/\/tammetalu.eu\/\",\"logo\":{\"@type\":\"ImageObject\",\"inLanguage\":\"fi\",\"@id\":\"https:\/\/tammetalu.eu\/#\/schema\/logo\/image\/\",\"url\":\"https:\/\/tammetalu.eu\/wp-content\/uploads\/2025\/01\/Tamme_talu_urdiaed.png\",\"contentUrl\":\"https:\/\/tammetalu.eu\/wp-content\/uploads\/2025\/01\/Tamme_talu_urdiaed.png\",\"width\":560,\"height\":560,\"caption\":\"Tamme talu \u00fcrdiaed\"},\"image\":{\"@id\":\"https:\/\/tammetalu.eu\/#\/schema\/logo\/image\/\"},\"sameAs\":[\"https:\/\/www.facebook.com\/TammeTaluUrdiaed\/?locale=et_EE\",\"https:\/\/www.instagram.com\/tammetaluurdiaed\/\"]}]}<\/script>\n<!-- \/ Yoast SEO plugin. -->","yoast_head_json":{"title":"M\u00e4tas-p\u00e4evaliilia Hemerocallis dumortieri - Tamme talu \u00fcrdiaed","robots":{"index":"index","follow":"follow","max-snippet":"max-snippet:-1","max-image-preview":"max-image-preview:large","max-video-preview":"max-video-preview:-1"},"canonical":"https:\/\/tammetalu.eu\/toode\/matas-paevaliilia-hemerocallis-dumortieri\/","og_locale":"fi_FI","og_type":"article","og_title":"M\u00e4tas-p\u00e4evaliilia Hemerocallis dumortieri - Tamme talu \u00fcrdiaed","og_description":"M\u00e4tas-p\u00e4evaliilia Hemerocallis dumortieri  LAT: Hemerocallis dumortieri   ENG: Copper lily, Dumortier's daylily  RU: \u041a\u0440\u0430\u0441\u043e\u0434\u043d\u0435\u0432 \u0414\u044e\u043c\u043e\u0440\u0442\u044c\u0435, \u041b\u0438\u043b\u0435\u0439\u043d\u0438\u043a \u0441\u0430\u0434\u043e\u0432\u044b\u0439  FI: M\u00e4t\u00e4sp\u00e4iv\u00e4nlilja  P\u00e4ikesekollaste \u00f5ite ja rihmjate roheliste lehtedega p\u00e4evaliilia looduslik liik on p\u00e4rit Koreast ja Hiinast ning on sisse toodud Jaapanisse.  Alates mai l\u00f5pust kuni juunini puhkeb punaka tooniga \u00f5ievarre otsas 2-4 \u00f5it. Kasvab h\u00e4sti nii p\u00e4ikese k\u00e4es kui poolvarjus kuivemas kuni parasniiskes toitainete rikkas mullas.  Taim ei ole Eesti aedades eriti levinud, kuid v\u00e4\u00e4rib kasvatamist igas aias nii oma kena v\u00e4limuse kui v\u00e4hen\u00f5udlikkuse poolest.  Taime noori kevadisi mahlaseid v\u00f5rseid ( pikkusega kuni 7 cm) ja \u00f5iepungi kasutatakse hautatult, keedetult, k\u00fcpsetatult. \u00d5isi ja \u00f5iepungi tarvitatakse toiduks nii toorelt kui keedetult, neid v\u00f5ib lisada salatitesse v\u00f5i garneerida nendega roogasid. \u00d5ied ja veel avanemata pungad on maitselt meeldivalt mahlased ja magusad, ilma k\u00f5rval- v\u00f5i j\u00e4relmaitseta. \u00d5iepungi saab kuivatada v\u00f5i marineerida, hapendada ja nendest valmistatud jahu kasutatakse suppide paksendamiseks.  Taim leiab kasutamist oma p\u00e4ritolumaa rahvameditsiinis peamiselt kollat\u00f5ve, k\u00f5hukinnisuse ja kopsup\u00f5letiku raviks.  K\u00f5rgus: kuni 0,40 m  Laius: kuni 0,40 m  \u00d5itsemise aeg: V-VI  Talvekindlus: V\u00e4ga hea  Poti suurus: 9-12","og_url":"https:\/\/tammetalu.eu\/toode\/matas-paevaliilia-hemerocallis-dumortieri\/","og_site_name":"Tamme talu \u00fcrdiaed","article_publisher":"https:\/\/www.facebook.com\/TammeTaluUrdiaed\/?locale=et_EE","article_modified_time":"2026-03-19T07:48:07+00:00","og_image":[{"width":600,"height":399,"url":"https:\/\/tammetalu.eu\/wp-content\/uploads\/2025\/01\/Matas_paevaliilia_Hemerocallis_dumortieri_Tamme_talu_urdiaed.jpg","type":"image\/jpeg"}],"twitter_card":"summary_large_image","twitter_misc":{"Arvioitu lukuaika":"1 minuutti"},"schema":{"@context":"https:\/\/schema.org","@graph":[{"@type":"WebPage","@id":"https:\/\/tammetalu.eu\/toode\/matas-paevaliilia-hemerocallis-dumortieri\/","url":"https:\/\/tammetalu.eu\/toode\/matas-paevaliilia-hemerocallis-dumortieri\/","name":"M\u00e4tas-p\u00e4evaliilia Hemerocallis dumortieri - Tamme talu \u00fcrdiaed","isPartOf":{"@id":"https:\/\/tammetalu.eu\/#website"},"primaryImageOfPage":{"@id":"https:\/\/tammetalu.eu\/toode\/matas-paevaliilia-hemerocallis-dumortieri\/#primaryimage"},"image":{"@id":"https:\/\/tammetalu.eu\/toode\/matas-paevaliilia-hemerocallis-dumortieri\/#primaryimage"},"thumbnailUrl":"https:\/\/tammetalu.eu\/wp-content\/uploads\/2025\/01\/Matas_paevaliilia_Hemerocallis_dumortieri_Tamme_talu_urdiaed.jpg","datePublished":"2025-01-29T11:31:19+00:00","dateModified":"2026-03-19T07:48:07+00:00","breadcrumb":{"@id":"https:\/\/tammetalu.eu\/toode\/matas-paevaliilia-hemerocallis-dumortieri\/#breadcrumb"},"inLanguage":"fi","potentialAction":[{"@type":"ReadAction","target":["https:\/\/tammetalu.eu\/toode\/matas-paevaliilia-hemerocallis-dumortieri\/"]}]},{"@type":"ImageObject","inLanguage":"fi","@id":"https:\/\/tammetalu.eu\/toode\/matas-paevaliilia-hemerocallis-dumortieri\/#primaryimage","url":"https:\/\/tammetalu.eu\/wp-content\/uploads\/2025\/01\/Matas_paevaliilia_Hemerocallis_dumortieri_Tamme_talu_urdiaed.jpg","contentUrl":"https:\/\/tammetalu.eu\/wp-content\/uploads\/2025\/01\/Matas_paevaliilia_Hemerocallis_dumortieri_Tamme_talu_urdiaed.jpg","width":600,"height":399,"caption":"Matas_paevaliilia_Hemerocallis_dumortieri_Tamme_talu_urdiaed"},{"@type":"BreadcrumbList","@id":"https:\/\/tammetalu.eu\/toode\/matas-paevaliilia-hemerocallis-dumortieri\/#breadcrumb","itemListElement":[{"@type":"ListItem","position":1,"name":"Home","item":"https:\/\/tammetalu.eu\/fi\/etusivu\/"},{"@type":"ListItem","position":2,"name":"Kaikki tuotteet","item":"https:\/\/tammetalu.eu\/fi\/kaikki-tuotteet\/"},{"@type":"ListItem","position":3,"name":"M\u00e4tas-p\u00e4evaliilia Hemerocallis dumortieri"}]},{"@type":"WebSite","@id":"https:\/\/tammetalu.eu\/#website","url":"https:\/\/tammetalu.eu\/","name":"Tamme talu \u00fcrdiaed","description":"K\u00e4sit\u00f6\u00f6na valmistatud tooted \u00fcrtidest, \u00fcrdiistikud, \u00fcrtide kollektsioonaed","publisher":{"@id":"https:\/\/tammetalu.eu\/#organization"},"alternateName":"Tamme talu","potentialAction":[{"@type":"SearchAction","target":{"@type":"EntryPoint","urlTemplate":"https:\/\/tammetalu.eu\/?s={search_term_string}"},"query-input":{"@type":"PropertyValueSpecification","valueRequired":true,"valueName":"search_term_string"}}],"inLanguage":"fi"},{"@type":"Organization","@id":"https:\/\/tammetalu.eu\/#organization","name":"Tamme talu \u00fcrdiaed","alternateName":"Tamme talu","url":"https:\/\/tammetalu.eu\/","logo":{"@type":"ImageObject","inLanguage":"fi","@id":"https:\/\/tammetalu.eu\/#\/schema\/logo\/image\/","url":"https:\/\/tammetalu.eu\/wp-content\/uploads\/2025\/01\/Tamme_talu_urdiaed.png","contentUrl":"https:\/\/tammetalu.eu\/wp-content\/uploads\/2025\/01\/Tamme_talu_urdiaed.png","width":560,"height":560,"caption":"Tamme talu \u00fcrdiaed"},"image":{"@id":"https:\/\/tammetalu.eu\/#\/schema\/logo\/image\/"},"sameAs":["https:\/\/www.facebook.com\/TammeTaluUrdiaed\/?locale=et_EE","https:\/\/www.instagram.com\/tammetaluurdiaed\/"]}]}},"_links":{"self":[{"href":"https:\/\/tammetalu.eu\/fi\/wp-json\/wp\/v2\/product\/23066","targetHints":{"allow":["GET"]}}],"collection":[{"href":"https:\/\/tammetalu.eu\/fi\/wp-json\/wp\/v2\/product"}],"about":[{"href":"https:\/\/tammetalu.eu\/fi\/wp-json\/wp\/v2\/types\/product"}],"wp:featuredmedia":[{"embeddable":true,"href":"https:\/\/tammetalu.eu\/fi\/wp-json\/wp\/v2\/media\/23067"}],"wp:attachment":[{"href":"https:\/\/tammetalu.eu\/fi\/wp-json\/wp\/v2\/media?parent=23066"}],"wp:term":[{"taxonomy":"product_brand","embeddable":true,"href":"https:\/\/tammetalu.eu\/fi\/wp-json\/wp\/v2\/product_brand?post=23066"},{"taxonomy":"product_cat","embeddable":true,"href":"https:\/\/tammetalu.eu\/fi\/wp-json\/wp\/v2\/product_cat?post=23066"},{"taxonomy":"product_tag","embeddable":true,"href":"https:\/\/tammetalu.eu\/fi\/wp-json\/wp\/v2\/product_tag?post=23066"}],"curies":[{"name":"wp","href":"https:\/\/api.w.org\/{rel}","templated":true}]}}