{"id":23315,"date":"2025-02-06T16:53:48","date_gmt":"2025-02-06T14:53:48","guid":{"rendered":"https:\/\/tammetalu.eu\/?post_type=product&#038;p=23315"},"modified":"2026-04-08T20:09:33","modified_gmt":"2026-04-08T17:09:33","slug":"hosta-avocado","status":"publish","type":"product","link":"https:\/\/tammetalu.eu\/fi\/toode\/hosta-avocado\/","title":{"rendered":"Teelehine hosta Hosta plantaginea &#8221;Avocado&#8221;"},"content":{"rendered":"","protected":false},"excerpt":{"rendered":"<p>Teelehine hosta <em>Hosta plantaginea \u00a0<\/em>\u201eAvocado\u201c<\/p>\n<p>LAT: \u00a0<em>Hosta plantaginea<\/em>\u00a0 \u201eAvocado\u201c<\/p>\n<p>ENG: \u00a0Hosta \u201eAvocado\u201c<\/p>\n<p>RU: \u00a0\u0425\u043e\u0441\u0442\u0430 \u201eAvocado\u201c<\/p>\n<p>FI: \u00a0Kirjokuunlilja \u201eAvocado\u201c<\/p>\n<p>Hosta sordil \u201eAvocado\u201c on veidi s\u00fcdamekujulisd smaragdrohelised lehed, mille keskel on rohurohelised\u00a0 laigud. Sort on kiirekasvuline. Kasvamiseks sobib poolvarjuline v\u00f5i varjuline ja parasniiske kuni niiske toitainete rikka mullaga kasvukoht. V\u00e4etamist tuleks teha v\u00e4ga tagasihoidlikult, kuna v\u00e4etise liig m\u00f5jutab lehtede v\u00e4rvi. Sorti \u201eAVocado\u201c \u00a0on lisaks varjupeenrale hea kasvatada ka suuremas potis, sest siis t\u00f5useb taime ilu ja omap\u00e4rane v\u00e4limus eriti esile. Sordi \u00f5ied on helelillad.<\/p>\n<p>Toiduks kasutatakse hostade veel lahti rullumata v\u00f5rseid ja noori lehti. Vanemad lehed omandavad juba kibeda maitse ja sitkuse. Lehtede kogumiseks on parim teha seda hommikul, kui taime lehed on k\u00f5ige mahlakamad. Lehti ja v\u00f5rseid saab hautada, lisada k\u00f6\u00f6giviljade praadimisel v\u00f5i kasutada v\u00f5ileiva vahel nagu mis iganes teisi lehtrohelisi salatitaimi.<\/p>\n<p>Hostad on Aasia traditsioonilises rahvameditsiinis leidnud laialdast kasutust nii \u00fcksikrohuna kui ka retseptides oma peamiselt p\u00f5letikuvastase ja valuvaigistava toime t\u00f5ttu.<\/p>\n<p>K\u00f5rgus: kuni 0,70 m<\/p>\n<p>\u00d5itsemise aeg: VI-VII<\/p>\n<p>Talvekindlus: Talvekindel<\/p>\n","protected":false},"featured_media":23317,"template":"","meta":{"_acf_changed":false,"_et_pb_use_builder":"","_et_pb_old_content":"","_et_gb_content_width":"","inline_featured_image":false},"product_brand":[],"product_cat":[237,186],"product_tag":[],"class_list":{"0":"post-23315","1":"product","2":"type-product","3":"status-publish","4":"has-post-thumbnail","6":"product_cat-aasia-toidutaimed","7":"product_cat-maitse-ja-ravimtaimede-istikud","9":"first","10":"instock","11":"sale","12":"taxable","13":"shipping-taxable","14":"purchasable","15":"product-type-simple"},"acf":[],"yoast_head":"<!-- This site is optimized with the Yoast SEO plugin v26.4 - https:\/\/yoast.com\/wordpress\/plugins\/seo\/ -->\n<title>Teelehine hosta Hosta plantaginea &quot;Avocado&quot; - Tamme talu \u00fcrdiaed<\/title>\n<meta name=\"robots\" content=\"index, follow, max-snippet:-1, max-image-preview:large, max-video-preview:-1\" \/>\n<link rel=\"canonical\" href=\"https:\/\/tammetalu.eu\/toode\/hosta-avocado\/\" \/>\n<meta property=\"og:locale\" content=\"fi_FI\" \/>\n<meta property=\"og:type\" content=\"article\" \/>\n<meta property=\"og:title\" content=\"Teelehine hosta Hosta plantaginea &quot;Avocado&quot; - Tamme talu \u00fcrdiaed\" \/>\n<meta property=\"og:description\" content=\"Teelehine hosta Hosta plantaginea \u00a0\u201eAvocado\u201c  LAT: \u00a0Hosta plantaginea\u00a0 \u201eAvocado\u201c  ENG: \u00a0Hosta \u201eAvocado\u201c  RU: \u00a0\u0425\u043e\u0441\u0442\u0430 \u201eAvocado\u201c  FI: \u00a0Kirjokuunlilja \u201eAvocado\u201c  Hosta sordil \u201eAvocado\u201c on veidi s\u00fcdamekujulisd smaragdrohelised lehed, mille keskel on rohurohelised\u00a0 laigud. Sort on kiirekasvuline. Kasvamiseks sobib poolvarjuline v\u00f5i varjuline ja parasniiske kuni niiske toitainete rikka mullaga kasvukoht. V\u00e4etamist tuleks teha v\u00e4ga tagasihoidlikult, kuna v\u00e4etise liig m\u00f5jutab lehtede v\u00e4rvi. Sorti \u201eAVocado\u201c \u00a0on lisaks varjupeenrale hea kasvatada ka suuremas potis, sest siis t\u00f5useb taime ilu ja omap\u00e4rane v\u00e4limus eriti esile. Sordi \u00f5ied on helelillad.  Toiduks kasutatakse hostade veel lahti rullumata v\u00f5rseid ja noori lehti. Vanemad lehed omandavad juba kibeda maitse ja sitkuse. Lehtede kogumiseks on parim teha seda hommikul, kui taime lehed on k\u00f5ige mahlakamad. Lehti ja v\u00f5rseid saab hautada, lisada k\u00f6\u00f6giviljade praadimisel v\u00f5i kasutada v\u00f5ileiva vahel nagu mis iganes teisi lehtrohelisi salatitaimi.  Hostad on Aasia traditsioonilises rahvameditsiinis leidnud laialdast kasutust nii \u00fcksikrohuna kui ka retseptides oma peamiselt p\u00f5letikuvastase ja valuvaigistava toime t\u00f5ttu.  K\u00f5rgus: kuni 0,70 m  \u00d5itsemise aeg: VI-VII  Talvekindlus: Talvekindel\" \/>\n<meta property=\"og:url\" content=\"https:\/\/tammetalu.eu\/toode\/hosta-avocado\/\" \/>\n<meta property=\"og:site_name\" content=\"Tamme talu \u00fcrdiaed\" \/>\n<meta property=\"article:publisher\" content=\"https:\/\/www.facebook.com\/TammeTaluUrdiaed\/?locale=et_EE\" \/>\n<meta property=\"article:modified_time\" content=\"2026-04-08T17:09:33+00:00\" \/>\n<meta property=\"og:image\" content=\"https:\/\/tammetalu.eu\/wp-content\/uploads\/2025\/01\/Hosta-hybr.-Avocado_tamme_talu_urdiaed.jpg\" \/>\n\t<meta property=\"og:image:width\" content=\"787\" \/>\n\t<meta property=\"og:image:height\" content=\"603\" \/>\n\t<meta property=\"og:image:type\" content=\"image\/jpeg\" \/>\n<meta name=\"twitter:card\" content=\"summary_large_image\" \/>\n<meta name=\"twitter:label1\" content=\"Arvioitu lukuaika\" \/>\n\t<meta name=\"twitter:data1\" content=\"1 minuutti\" \/>\n<script type=\"application\/ld+json\" class=\"yoast-schema-graph\">{\"@context\":\"https:\/\/schema.org\",\"@graph\":[{\"@type\":\"WebPage\",\"@id\":\"https:\/\/tammetalu.eu\/toode\/hosta-avocado\/\",\"url\":\"https:\/\/tammetalu.eu\/toode\/hosta-avocado\/\",\"name\":\"Teelehine hosta Hosta plantaginea \\\"Avocado\\\" - Tamme talu \u00fcrdiaed\",\"isPartOf\":{\"@id\":\"https:\/\/tammetalu.eu\/#website\"},\"primaryImageOfPage\":{\"@id\":\"https:\/\/tammetalu.eu\/toode\/hosta-avocado\/#primaryimage\"},\"image\":{\"@id\":\"https:\/\/tammetalu.eu\/toode\/hosta-avocado\/#primaryimage\"},\"thumbnailUrl\":\"https:\/\/tammetalu.eu\/wp-content\/uploads\/2025\/01\/Hosta-hybr.-Avocado_tamme_talu_urdiaed.jpg\",\"datePublished\":\"2025-02-06T14:53:48+00:00\",\"dateModified\":\"2026-04-08T17:09:33+00:00\",\"breadcrumb\":{\"@id\":\"https:\/\/tammetalu.eu\/toode\/hosta-avocado\/#breadcrumb\"},\"inLanguage\":\"fi\",\"potentialAction\":[{\"@type\":\"ReadAction\",\"target\":[\"https:\/\/tammetalu.eu\/toode\/hosta-avocado\/\"]}]},{\"@type\":\"ImageObject\",\"inLanguage\":\"fi\",\"@id\":\"https:\/\/tammetalu.eu\/toode\/hosta-avocado\/#primaryimage\",\"url\":\"https:\/\/tammetalu.eu\/wp-content\/uploads\/2025\/01\/Hosta-hybr.-Avocado_tamme_talu_urdiaed.jpg\",\"contentUrl\":\"https:\/\/tammetalu.eu\/wp-content\/uploads\/2025\/01\/Hosta-hybr.-Avocado_tamme_talu_urdiaed.jpg\",\"width\":787,\"height\":603,\"caption\":\"Hosta-hybr.-Avocado_tamme_talu_urdiaed\"},{\"@type\":\"BreadcrumbList\",\"@id\":\"https:\/\/tammetalu.eu\/toode\/hosta-avocado\/#breadcrumb\",\"itemListElement\":[{\"@type\":\"ListItem\",\"position\":1,\"name\":\"Home\",\"item\":\"https:\/\/tammetalu.eu\/fi\/etusivu\/\"},{\"@type\":\"ListItem\",\"position\":2,\"name\":\"Kaikki tuotteet\",\"item\":\"https:\/\/tammetalu.eu\/fi\/kaikki-tuotteet\/\"},{\"@type\":\"ListItem\",\"position\":3,\"name\":\"Teelehine hosta Hosta plantaginea &#8220;Avocado&#8221;\"}]},{\"@type\":\"WebSite\",\"@id\":\"https:\/\/tammetalu.eu\/#website\",\"url\":\"https:\/\/tammetalu.eu\/\",\"name\":\"Tamme talu \u00fcrdiaed\",\"description\":\"K\u00e4sit\u00f6\u00f6na valmistatud tooted \u00fcrtidest, \u00fcrdiistikud, \u00fcrtide kollektsioonaed\",\"publisher\":{\"@id\":\"https:\/\/tammetalu.eu\/#organization\"},\"alternateName\":\"Tamme talu\",\"potentialAction\":[{\"@type\":\"SearchAction\",\"target\":{\"@type\":\"EntryPoint\",\"urlTemplate\":\"https:\/\/tammetalu.eu\/?s={search_term_string}\"},\"query-input\":{\"@type\":\"PropertyValueSpecification\",\"valueRequired\":true,\"valueName\":\"search_term_string\"}}],\"inLanguage\":\"fi\"},{\"@type\":\"Organization\",\"@id\":\"https:\/\/tammetalu.eu\/#organization\",\"name\":\"Tamme talu \u00fcrdiaed\",\"alternateName\":\"Tamme talu\",\"url\":\"https:\/\/tammetalu.eu\/\",\"logo\":{\"@type\":\"ImageObject\",\"inLanguage\":\"fi\",\"@id\":\"https:\/\/tammetalu.eu\/#\/schema\/logo\/image\/\",\"url\":\"https:\/\/tammetalu.eu\/wp-content\/uploads\/2025\/01\/Tamme_talu_urdiaed.png\",\"contentUrl\":\"https:\/\/tammetalu.eu\/wp-content\/uploads\/2025\/01\/Tamme_talu_urdiaed.png\",\"width\":560,\"height\":560,\"caption\":\"Tamme talu \u00fcrdiaed\"},\"image\":{\"@id\":\"https:\/\/tammetalu.eu\/#\/schema\/logo\/image\/\"},\"sameAs\":[\"https:\/\/www.facebook.com\/TammeTaluUrdiaed\/?locale=et_EE\",\"https:\/\/www.instagram.com\/tammetaluurdiaed\/\"]}]}<\/script>\n<!-- \/ Yoast SEO plugin. -->","yoast_head_json":{"title":"Teelehine hosta Hosta plantaginea \"Avocado\" - Tamme talu \u00fcrdiaed","robots":{"index":"index","follow":"follow","max-snippet":"max-snippet:-1","max-image-preview":"max-image-preview:large","max-video-preview":"max-video-preview:-1"},"canonical":"https:\/\/tammetalu.eu\/toode\/hosta-avocado\/","og_locale":"fi_FI","og_type":"article","og_title":"Teelehine hosta Hosta plantaginea \"Avocado\" - Tamme talu \u00fcrdiaed","og_description":"Teelehine hosta Hosta plantaginea \u00a0\u201eAvocado\u201c  LAT: \u00a0Hosta plantaginea\u00a0 \u201eAvocado\u201c  ENG: \u00a0Hosta \u201eAvocado\u201c  RU: \u00a0\u0425\u043e\u0441\u0442\u0430 \u201eAvocado\u201c  FI: \u00a0Kirjokuunlilja \u201eAvocado\u201c  Hosta sordil \u201eAvocado\u201c on veidi s\u00fcdamekujulisd smaragdrohelised lehed, mille keskel on rohurohelised\u00a0 laigud. Sort on kiirekasvuline. Kasvamiseks sobib poolvarjuline v\u00f5i varjuline ja parasniiske kuni niiske toitainete rikka mullaga kasvukoht. V\u00e4etamist tuleks teha v\u00e4ga tagasihoidlikult, kuna v\u00e4etise liig m\u00f5jutab lehtede v\u00e4rvi. Sorti \u201eAVocado\u201c \u00a0on lisaks varjupeenrale hea kasvatada ka suuremas potis, sest siis t\u00f5useb taime ilu ja omap\u00e4rane v\u00e4limus eriti esile. Sordi \u00f5ied on helelillad.  Toiduks kasutatakse hostade veel lahti rullumata v\u00f5rseid ja noori lehti. Vanemad lehed omandavad juba kibeda maitse ja sitkuse. Lehtede kogumiseks on parim teha seda hommikul, kui taime lehed on k\u00f5ige mahlakamad. Lehti ja v\u00f5rseid saab hautada, lisada k\u00f6\u00f6giviljade praadimisel v\u00f5i kasutada v\u00f5ileiva vahel nagu mis iganes teisi lehtrohelisi salatitaimi.  Hostad on Aasia traditsioonilises rahvameditsiinis leidnud laialdast kasutust nii \u00fcksikrohuna kui ka retseptides oma peamiselt p\u00f5letikuvastase ja valuvaigistava toime t\u00f5ttu.  K\u00f5rgus: kuni 0,70 m  \u00d5itsemise aeg: VI-VII  Talvekindlus: Talvekindel","og_url":"https:\/\/tammetalu.eu\/toode\/hosta-avocado\/","og_site_name":"Tamme talu \u00fcrdiaed","article_publisher":"https:\/\/www.facebook.com\/TammeTaluUrdiaed\/?locale=et_EE","article_modified_time":"2026-04-08T17:09:33+00:00","og_image":[{"width":787,"height":603,"url":"https:\/\/tammetalu.eu\/wp-content\/uploads\/2025\/01\/Hosta-hybr.-Avocado_tamme_talu_urdiaed.jpg","type":"image\/jpeg"}],"twitter_card":"summary_large_image","twitter_misc":{"Arvioitu lukuaika":"1 minuutti"},"schema":{"@context":"https:\/\/schema.org","@graph":[{"@type":"WebPage","@id":"https:\/\/tammetalu.eu\/toode\/hosta-avocado\/","url":"https:\/\/tammetalu.eu\/toode\/hosta-avocado\/","name":"Teelehine hosta Hosta plantaginea \"Avocado\" - Tamme talu \u00fcrdiaed","isPartOf":{"@id":"https:\/\/tammetalu.eu\/#website"},"primaryImageOfPage":{"@id":"https:\/\/tammetalu.eu\/toode\/hosta-avocado\/#primaryimage"},"image":{"@id":"https:\/\/tammetalu.eu\/toode\/hosta-avocado\/#primaryimage"},"thumbnailUrl":"https:\/\/tammetalu.eu\/wp-content\/uploads\/2025\/01\/Hosta-hybr.-Avocado_tamme_talu_urdiaed.jpg","datePublished":"2025-02-06T14:53:48+00:00","dateModified":"2026-04-08T17:09:33+00:00","breadcrumb":{"@id":"https:\/\/tammetalu.eu\/toode\/hosta-avocado\/#breadcrumb"},"inLanguage":"fi","potentialAction":[{"@type":"ReadAction","target":["https:\/\/tammetalu.eu\/toode\/hosta-avocado\/"]}]},{"@type":"ImageObject","inLanguage":"fi","@id":"https:\/\/tammetalu.eu\/toode\/hosta-avocado\/#primaryimage","url":"https:\/\/tammetalu.eu\/wp-content\/uploads\/2025\/01\/Hosta-hybr.-Avocado_tamme_talu_urdiaed.jpg","contentUrl":"https:\/\/tammetalu.eu\/wp-content\/uploads\/2025\/01\/Hosta-hybr.-Avocado_tamme_talu_urdiaed.jpg","width":787,"height":603,"caption":"Hosta-hybr.-Avocado_tamme_talu_urdiaed"},{"@type":"BreadcrumbList","@id":"https:\/\/tammetalu.eu\/toode\/hosta-avocado\/#breadcrumb","itemListElement":[{"@type":"ListItem","position":1,"name":"Home","item":"https:\/\/tammetalu.eu\/fi\/etusivu\/"},{"@type":"ListItem","position":2,"name":"Kaikki tuotteet","item":"https:\/\/tammetalu.eu\/fi\/kaikki-tuotteet\/"},{"@type":"ListItem","position":3,"name":"Teelehine hosta Hosta plantaginea &#8220;Avocado&#8221;"}]},{"@type":"WebSite","@id":"https:\/\/tammetalu.eu\/#website","url":"https:\/\/tammetalu.eu\/","name":"Tamme talu \u00fcrdiaed","description":"K\u00e4sit\u00f6\u00f6na valmistatud tooted \u00fcrtidest, \u00fcrdiistikud, \u00fcrtide kollektsioonaed","publisher":{"@id":"https:\/\/tammetalu.eu\/#organization"},"alternateName":"Tamme talu","potentialAction":[{"@type":"SearchAction","target":{"@type":"EntryPoint","urlTemplate":"https:\/\/tammetalu.eu\/?s={search_term_string}"},"query-input":{"@type":"PropertyValueSpecification","valueRequired":true,"valueName":"search_term_string"}}],"inLanguage":"fi"},{"@type":"Organization","@id":"https:\/\/tammetalu.eu\/#organization","name":"Tamme talu \u00fcrdiaed","alternateName":"Tamme talu","url":"https:\/\/tammetalu.eu\/","logo":{"@type":"ImageObject","inLanguage":"fi","@id":"https:\/\/tammetalu.eu\/#\/schema\/logo\/image\/","url":"https:\/\/tammetalu.eu\/wp-content\/uploads\/2025\/01\/Tamme_talu_urdiaed.png","contentUrl":"https:\/\/tammetalu.eu\/wp-content\/uploads\/2025\/01\/Tamme_talu_urdiaed.png","width":560,"height":560,"caption":"Tamme talu \u00fcrdiaed"},"image":{"@id":"https:\/\/tammetalu.eu\/#\/schema\/logo\/image\/"},"sameAs":["https:\/\/www.facebook.com\/TammeTaluUrdiaed\/?locale=et_EE","https:\/\/www.instagram.com\/tammetaluurdiaed\/"]}]}},"_links":{"self":[{"href":"https:\/\/tammetalu.eu\/fi\/wp-json\/wp\/v2\/product\/23315","targetHints":{"allow":["GET"]}}],"collection":[{"href":"https:\/\/tammetalu.eu\/fi\/wp-json\/wp\/v2\/product"}],"about":[{"href":"https:\/\/tammetalu.eu\/fi\/wp-json\/wp\/v2\/types\/product"}],"wp:featuredmedia":[{"embeddable":true,"href":"https:\/\/tammetalu.eu\/fi\/wp-json\/wp\/v2\/media\/23317"}],"wp:attachment":[{"href":"https:\/\/tammetalu.eu\/fi\/wp-json\/wp\/v2\/media?parent=23315"}],"wp:term":[{"taxonomy":"product_brand","embeddable":true,"href":"https:\/\/tammetalu.eu\/fi\/wp-json\/wp\/v2\/product_brand?post=23315"},{"taxonomy":"product_cat","embeddable":true,"href":"https:\/\/tammetalu.eu\/fi\/wp-json\/wp\/v2\/product_cat?post=23315"},{"taxonomy":"product_tag","embeddable":true,"href":"https:\/\/tammetalu.eu\/fi\/wp-json\/wp\/v2\/product_tag?post=23315"}],"curies":[{"name":"wp","href":"https:\/\/api.w.org\/{rel}","templated":true}]}}