{"id":23328,"date":"2025-02-06T16:53:48","date_gmt":"2025-02-06T14:53:48","guid":{"rendered":"https:\/\/tammetalu.eu\/?post_type=product&#038;p=23328"},"modified":"2026-05-04T08:49:19","modified_gmt":"2026-05-04T05:49:19","slug":"hosta-funny-mouse","status":"publish","type":"product","link":"https:\/\/tammetalu.eu\/fi\/toode\/hosta-funny-mouse\/","title":{"rendered":"Hosta &#8221;Funny Mouse&#8221;"},"content":{"rendered":"","protected":false},"excerpt":{"rendered":"<p>Hosta <em>Hosta <\/em>\u201eFunny Mouse\u201c<\/p>\n<p>LAT: \u00a0<em>Hosta <\/em>\u201eFunny Mouse\u201c<\/p>\n<p>ENG: \u00a0Hosta \u201eFunny Mouse\u201c<\/p>\n<p>RU: \u00a0\u0425\u043e\u0441\u0442\u0430 \u201eFunny Mouse\u201c<\/p>\n<p>FI: \u00a0Kirjokuunlilja \u201eFunny Mouse\u201c<\/p>\n<p>Hosta k\u00e4\u00e4bussordil \u201eFunny Mouse\u201c on kollakasvalgete \u00e4\u00e4rtega rohelised lehed ja helelillad \u00f5ied. Sort on kiirekasvuline. Kasvamiseks sobib poolvarjuline v\u00f5i varjuline ja parasniiske kuni niiske toitainete rikka mullaga kasvukoht. V\u00e4etamist tuleks teha v\u00e4ga tagasihoidlikult, kuna v\u00e4etise liig m\u00f5jutab lehtede v\u00e4rvi. Sorti \u201eFunny Mouse\u201c \u00a0on lisaks varjupeenrale hea kasvatada ka potis, sest siis t\u00f5useb taime ilu ja omap\u00e4rane v\u00e4limus eriti esile.<\/p>\n<p>Toiduks kasutatakse hostade veel lahti rullumata v\u00f5rseid ja noori lehti. Vanemad lehed omandavad juba kibeda maitse ja sitkuse. Lehtede kogumiseks on parim teha seda hommikul, kui taime lehed on k\u00f5ige mahlakamad. Lehti ja v\u00f5rseid saab hautada, lisada k\u00f6\u00f6giviljade praadimisel v\u00f5i kasutada v\u00f5ileiva vahel nagu mis iganes teisi lehtrohelisi salatitaimi.<\/p>\n<p>Hostad on Aasia traditsioonilises rahvameditsiinis leidnud laialdast kasutust nii \u00fcksikrohuna kui ka retseptides oma peamiselt p\u00f5letikuvastase ja valuvaigistava toime t\u00f5ttu.<\/p>\n<p>K\u00f5rgus: kuni 0,15 m<\/p>\n<p>\u00d5itsemise aeg: VI-VII<\/p>\n<p>Talvekindlus: Talvekindel<\/p>\n<p>&nbsp;<\/p>\n","protected":false},"featured_media":23329,"template":"","meta":{"_acf_changed":false,"_et_pb_use_builder":"","_et_pb_old_content":"","_et_gb_content_width":"","inline_featured_image":false},"product_brand":[],"product_cat":[237,186],"product_tag":[],"class_list":{"0":"post-23328","1":"product","2":"type-product","3":"status-publish","4":"has-post-thumbnail","6":"product_cat-aasia-toidutaimed","7":"product_cat-maitse-ja-ravimtaimede-istikud","9":"first","10":"instock","11":"taxable","12":"shipping-taxable","13":"purchasable","14":"product-type-simple"},"acf":[],"yoast_head":"<!-- This site is optimized with the Yoast SEO plugin v27.5 - https:\/\/yoast.com\/product\/yoast-seo-wordpress\/ -->\n<title>Hosta &quot;Funny Mouse&quot; - Tamme talu \u00fcrdiaed<\/title>\n<meta name=\"robots\" content=\"index, follow, max-snippet:-1, max-image-preview:large, max-video-preview:-1\" \/>\n<link rel=\"canonical\" href=\"https:\/\/tammetalu.eu\/toode\/hosta-funny-mouse\/\" \/>\n<meta property=\"og:locale\" content=\"fi_FI\" \/>\n<meta property=\"og:type\" content=\"article\" \/>\n<meta property=\"og:title\" content=\"Hosta &quot;Funny Mouse&quot; - Tamme talu \u00fcrdiaed\" \/>\n<meta property=\"og:description\" content=\"Hosta Hosta \u201eFunny Mouse\u201c  LAT: \u00a0Hosta \u201eFunny Mouse\u201c  ENG: \u00a0Hosta \u201eFunny Mouse\u201c  RU: \u00a0\u0425\u043e\u0441\u0442\u0430 \u201eFunny Mouse\u201c  FI: \u00a0Kirjokuunlilja \u201eFunny Mouse\u201c  Hosta k\u00e4\u00e4bussordil \u201eFunny Mouse\u201c on kollakasvalgete \u00e4\u00e4rtega rohelised lehed ja helelillad \u00f5ied. Sort on kiirekasvuline. Kasvamiseks sobib poolvarjuline v\u00f5i varjuline ja parasniiske kuni niiske toitainete rikka mullaga kasvukoht. V\u00e4etamist tuleks teha v\u00e4ga tagasihoidlikult, kuna v\u00e4etise liig m\u00f5jutab lehtede v\u00e4rvi. Sorti \u201eFunny Mouse\u201c \u00a0on lisaks varjupeenrale hea kasvatada ka potis, sest siis t\u00f5useb taime ilu ja omap\u00e4rane v\u00e4limus eriti esile.  Toiduks kasutatakse hostade veel lahti rullumata v\u00f5rseid ja noori lehti. Vanemad lehed omandavad juba kibeda maitse ja sitkuse. Lehtede kogumiseks on parim teha seda hommikul, kui taime lehed on k\u00f5ige mahlakamad. Lehti ja v\u00f5rseid saab hautada, lisada k\u00f6\u00f6giviljade praadimisel v\u00f5i kasutada v\u00f5ileiva vahel nagu mis iganes teisi lehtrohelisi salatitaimi.  Hostad on Aasia traditsioonilises rahvameditsiinis leidnud laialdast kasutust nii \u00fcksikrohuna kui ka retseptides oma peamiselt p\u00f5letikuvastase ja valuvaigistava toime t\u00f5ttu.  K\u00f5rgus: kuni 0,15 m  \u00d5itsemise aeg: VI-VII  Talvekindlus: Talvekindel  &nbsp;\" \/>\n<meta property=\"og:url\" content=\"https:\/\/tammetalu.eu\/toode\/hosta-funny-mouse\/\" \/>\n<meta property=\"og:site_name\" content=\"Tamme talu \u00fcrdiaed\" \/>\n<meta property=\"article:publisher\" content=\"https:\/\/www.facebook.com\/TammeTaluUrdiaed\/?locale=et_EE\" \/>\n<meta property=\"article:modified_time\" content=\"2026-05-04T05:49:19+00:00\" \/>\n<meta property=\"og:image\" content=\"https:\/\/tammetalu.eu\/wp-content\/uploads\/2025\/01\/Hosta-hybr.-Funny-Mouse_tamme_talu_urdiaed.jpg\" \/>\n\t<meta property=\"og:image:width\" content=\"500\" \/>\n\t<meta property=\"og:image:height\" content=\"500\" \/>\n\t<meta property=\"og:image:type\" content=\"image\/jpeg\" \/>\n<meta name=\"twitter:card\" content=\"summary_large_image\" \/>\n<meta name=\"twitter:label1\" content=\"Arvioitu lukuaika\" \/>\n\t<meta name=\"twitter:data1\" content=\"1 minuutti\" \/>\n<script type=\"application\/ld+json\" class=\"yoast-schema-graph\">{\"@context\":\"https:\\\/\\\/schema.org\",\"@graph\":[{\"@type\":\"WebPage\",\"@id\":\"https:\\\/\\\/tammetalu.eu\\\/toode\\\/hosta-funny-mouse\\\/\",\"url\":\"https:\\\/\\\/tammetalu.eu\\\/toode\\\/hosta-funny-mouse\\\/\",\"name\":\"Hosta \\\"Funny Mouse\\\" - Tamme talu \u00fcrdiaed\",\"isPartOf\":{\"@id\":\"https:\\\/\\\/tammetalu.eu\\\/#website\"},\"primaryImageOfPage\":{\"@id\":\"https:\\\/\\\/tammetalu.eu\\\/toode\\\/hosta-funny-mouse\\\/#primaryimage\"},\"image\":{\"@id\":\"https:\\\/\\\/tammetalu.eu\\\/toode\\\/hosta-funny-mouse\\\/#primaryimage\"},\"thumbnailUrl\":\"https:\\\/\\\/tammetalu.eu\\\/wp-content\\\/uploads\\\/2025\\\/01\\\/Hosta-hybr.-Funny-Mouse_tamme_talu_urdiaed.jpg\",\"datePublished\":\"2025-02-06T14:53:48+00:00\",\"dateModified\":\"2026-05-04T05:49:19+00:00\",\"breadcrumb\":{\"@id\":\"https:\\\/\\\/tammetalu.eu\\\/toode\\\/hosta-funny-mouse\\\/#breadcrumb\"},\"inLanguage\":\"fi\",\"potentialAction\":[{\"@type\":\"ReadAction\",\"target\":[\"https:\\\/\\\/tammetalu.eu\\\/toode\\\/hosta-funny-mouse\\\/\"]}]},{\"@type\":\"ImageObject\",\"inLanguage\":\"fi\",\"@id\":\"https:\\\/\\\/tammetalu.eu\\\/toode\\\/hosta-funny-mouse\\\/#primaryimage\",\"url\":\"https:\\\/\\\/tammetalu.eu\\\/wp-content\\\/uploads\\\/2025\\\/01\\\/Hosta-hybr.-Funny-Mouse_tamme_talu_urdiaed.jpg\",\"contentUrl\":\"https:\\\/\\\/tammetalu.eu\\\/wp-content\\\/uploads\\\/2025\\\/01\\\/Hosta-hybr.-Funny-Mouse_tamme_talu_urdiaed.jpg\",\"width\":500,\"height\":500,\"caption\":\"Hosta 'Funny Mouse'\"},{\"@type\":\"BreadcrumbList\",\"@id\":\"https:\\\/\\\/tammetalu.eu\\\/toode\\\/hosta-funny-mouse\\\/#breadcrumb\",\"itemListElement\":[{\"@type\":\"ListItem\",\"position\":1,\"name\":\"Home\",\"item\":\"https:\\\/\\\/tammetalu.eu\\\/fi\\\/etusivu\\\/\"},{\"@type\":\"ListItem\",\"position\":2,\"name\":\"Kaikki tuotteet\",\"item\":\"https:\\\/\\\/tammetalu.eu\\\/fi\\\/kaikki-tuotteet\\\/\"},{\"@type\":\"ListItem\",\"position\":3,\"name\":\"Hosta &#8220;Funny Mouse&#8221;\"}]},{\"@type\":\"WebSite\",\"@id\":\"https:\\\/\\\/tammetalu.eu\\\/#website\",\"url\":\"https:\\\/\\\/tammetalu.eu\\\/\",\"name\":\"Tamme talu \u00fcrdiaed\",\"description\":\"K\u00e4sit\u00f6\u00f6na valmistatud tooted \u00fcrtidest, \u00fcrdiistikud, \u00fcrtide kollektsioonaed\",\"publisher\":{\"@id\":\"https:\\\/\\\/tammetalu.eu\\\/#organization\"},\"alternateName\":\"Tamme talu\",\"potentialAction\":[{\"@type\":\"SearchAction\",\"target\":{\"@type\":\"EntryPoint\",\"urlTemplate\":\"https:\\\/\\\/tammetalu.eu\\\/?s={search_term_string}\"},\"query-input\":{\"@type\":\"PropertyValueSpecification\",\"valueRequired\":true,\"valueName\":\"search_term_string\"}}],\"inLanguage\":\"fi\"},{\"@type\":\"Organization\",\"@id\":\"https:\\\/\\\/tammetalu.eu\\\/#organization\",\"name\":\"Tamme talu \u00fcrdiaed\",\"alternateName\":\"Tamme talu\",\"url\":\"https:\\\/\\\/tammetalu.eu\\\/\",\"logo\":{\"@type\":\"ImageObject\",\"inLanguage\":\"fi\",\"@id\":\"https:\\\/\\\/tammetalu.eu\\\/#\\\/schema\\\/logo\\\/image\\\/\",\"url\":\"https:\\\/\\\/tammetalu.eu\\\/wp-content\\\/uploads\\\/2025\\\/01\\\/Tamme_talu_urdiaed.png\",\"contentUrl\":\"https:\\\/\\\/tammetalu.eu\\\/wp-content\\\/uploads\\\/2025\\\/01\\\/Tamme_talu_urdiaed.png\",\"width\":560,\"height\":560,\"caption\":\"Tamme talu \u00fcrdiaed\"},\"image\":{\"@id\":\"https:\\\/\\\/tammetalu.eu\\\/#\\\/schema\\\/logo\\\/image\\\/\"},\"sameAs\":[\"https:\\\/\\\/www.facebook.com\\\/TammeTaluUrdiaed\\\/?locale=et_EE\",\"https:\\\/\\\/www.instagram.com\\\/tammetaluurdiaed\\\/\"]}]}<\/script>\n<!-- \/ Yoast SEO plugin. -->","yoast_head_json":{"title":"Hosta \"Funny Mouse\" - Tamme talu \u00fcrdiaed","robots":{"index":"index","follow":"follow","max-snippet":"max-snippet:-1","max-image-preview":"max-image-preview:large","max-video-preview":"max-video-preview:-1"},"canonical":"https:\/\/tammetalu.eu\/toode\/hosta-funny-mouse\/","og_locale":"fi_FI","og_type":"article","og_title":"Hosta \"Funny Mouse\" - Tamme talu \u00fcrdiaed","og_description":"Hosta Hosta \u201eFunny Mouse\u201c  LAT: \u00a0Hosta \u201eFunny Mouse\u201c  ENG: \u00a0Hosta \u201eFunny Mouse\u201c  RU: \u00a0\u0425\u043e\u0441\u0442\u0430 \u201eFunny Mouse\u201c  FI: \u00a0Kirjokuunlilja \u201eFunny Mouse\u201c  Hosta k\u00e4\u00e4bussordil \u201eFunny Mouse\u201c on kollakasvalgete \u00e4\u00e4rtega rohelised lehed ja helelillad \u00f5ied. Sort on kiirekasvuline. Kasvamiseks sobib poolvarjuline v\u00f5i varjuline ja parasniiske kuni niiske toitainete rikka mullaga kasvukoht. V\u00e4etamist tuleks teha v\u00e4ga tagasihoidlikult, kuna v\u00e4etise liig m\u00f5jutab lehtede v\u00e4rvi. Sorti \u201eFunny Mouse\u201c \u00a0on lisaks varjupeenrale hea kasvatada ka potis, sest siis t\u00f5useb taime ilu ja omap\u00e4rane v\u00e4limus eriti esile.  Toiduks kasutatakse hostade veel lahti rullumata v\u00f5rseid ja noori lehti. Vanemad lehed omandavad juba kibeda maitse ja sitkuse. Lehtede kogumiseks on parim teha seda hommikul, kui taime lehed on k\u00f5ige mahlakamad. Lehti ja v\u00f5rseid saab hautada, lisada k\u00f6\u00f6giviljade praadimisel v\u00f5i kasutada v\u00f5ileiva vahel nagu mis iganes teisi lehtrohelisi salatitaimi.  Hostad on Aasia traditsioonilises rahvameditsiinis leidnud laialdast kasutust nii \u00fcksikrohuna kui ka retseptides oma peamiselt p\u00f5letikuvastase ja valuvaigistava toime t\u00f5ttu.  K\u00f5rgus: kuni 0,15 m  \u00d5itsemise aeg: VI-VII  Talvekindlus: Talvekindel  &nbsp;","og_url":"https:\/\/tammetalu.eu\/toode\/hosta-funny-mouse\/","og_site_name":"Tamme talu \u00fcrdiaed","article_publisher":"https:\/\/www.facebook.com\/TammeTaluUrdiaed\/?locale=et_EE","article_modified_time":"2026-05-04T05:49:19+00:00","og_image":[{"width":500,"height":500,"url":"https:\/\/tammetalu.eu\/wp-content\/uploads\/2025\/01\/Hosta-hybr.-Funny-Mouse_tamme_talu_urdiaed.jpg","type":"image\/jpeg"}],"twitter_card":"summary_large_image","twitter_misc":{"Arvioitu lukuaika":"1 minuutti"},"schema":{"@context":"https:\/\/schema.org","@graph":[{"@type":"WebPage","@id":"https:\/\/tammetalu.eu\/toode\/hosta-funny-mouse\/","url":"https:\/\/tammetalu.eu\/toode\/hosta-funny-mouse\/","name":"Hosta \"Funny Mouse\" - Tamme talu \u00fcrdiaed","isPartOf":{"@id":"https:\/\/tammetalu.eu\/#website"},"primaryImageOfPage":{"@id":"https:\/\/tammetalu.eu\/toode\/hosta-funny-mouse\/#primaryimage"},"image":{"@id":"https:\/\/tammetalu.eu\/toode\/hosta-funny-mouse\/#primaryimage"},"thumbnailUrl":"https:\/\/tammetalu.eu\/wp-content\/uploads\/2025\/01\/Hosta-hybr.-Funny-Mouse_tamme_talu_urdiaed.jpg","datePublished":"2025-02-06T14:53:48+00:00","dateModified":"2026-05-04T05:49:19+00:00","breadcrumb":{"@id":"https:\/\/tammetalu.eu\/toode\/hosta-funny-mouse\/#breadcrumb"},"inLanguage":"fi","potentialAction":[{"@type":"ReadAction","target":["https:\/\/tammetalu.eu\/toode\/hosta-funny-mouse\/"]}]},{"@type":"ImageObject","inLanguage":"fi","@id":"https:\/\/tammetalu.eu\/toode\/hosta-funny-mouse\/#primaryimage","url":"https:\/\/tammetalu.eu\/wp-content\/uploads\/2025\/01\/Hosta-hybr.-Funny-Mouse_tamme_talu_urdiaed.jpg","contentUrl":"https:\/\/tammetalu.eu\/wp-content\/uploads\/2025\/01\/Hosta-hybr.-Funny-Mouse_tamme_talu_urdiaed.jpg","width":500,"height":500,"caption":"Hosta 'Funny Mouse'"},{"@type":"BreadcrumbList","@id":"https:\/\/tammetalu.eu\/toode\/hosta-funny-mouse\/#breadcrumb","itemListElement":[{"@type":"ListItem","position":1,"name":"Home","item":"https:\/\/tammetalu.eu\/fi\/etusivu\/"},{"@type":"ListItem","position":2,"name":"Kaikki tuotteet","item":"https:\/\/tammetalu.eu\/fi\/kaikki-tuotteet\/"},{"@type":"ListItem","position":3,"name":"Hosta &#8220;Funny Mouse&#8221;"}]},{"@type":"WebSite","@id":"https:\/\/tammetalu.eu\/#website","url":"https:\/\/tammetalu.eu\/","name":"Tamme talu \u00fcrdiaed","description":"K\u00e4sit\u00f6\u00f6na valmistatud tooted \u00fcrtidest, \u00fcrdiistikud, \u00fcrtide kollektsioonaed","publisher":{"@id":"https:\/\/tammetalu.eu\/#organization"},"alternateName":"Tamme talu","potentialAction":[{"@type":"SearchAction","target":{"@type":"EntryPoint","urlTemplate":"https:\/\/tammetalu.eu\/?s={search_term_string}"},"query-input":{"@type":"PropertyValueSpecification","valueRequired":true,"valueName":"search_term_string"}}],"inLanguage":"fi"},{"@type":"Organization","@id":"https:\/\/tammetalu.eu\/#organization","name":"Tamme talu \u00fcrdiaed","alternateName":"Tamme talu","url":"https:\/\/tammetalu.eu\/","logo":{"@type":"ImageObject","inLanguage":"fi","@id":"https:\/\/tammetalu.eu\/#\/schema\/logo\/image\/","url":"https:\/\/tammetalu.eu\/wp-content\/uploads\/2025\/01\/Tamme_talu_urdiaed.png","contentUrl":"https:\/\/tammetalu.eu\/wp-content\/uploads\/2025\/01\/Tamme_talu_urdiaed.png","width":560,"height":560,"caption":"Tamme talu \u00fcrdiaed"},"image":{"@id":"https:\/\/tammetalu.eu\/#\/schema\/logo\/image\/"},"sameAs":["https:\/\/www.facebook.com\/TammeTaluUrdiaed\/?locale=et_EE","https:\/\/www.instagram.com\/tammetaluurdiaed\/"]}]}},"_links":{"self":[{"href":"https:\/\/tammetalu.eu\/fi\/wp-json\/wp\/v2\/product\/23328","targetHints":{"allow":["GET"]}}],"collection":[{"href":"https:\/\/tammetalu.eu\/fi\/wp-json\/wp\/v2\/product"}],"about":[{"href":"https:\/\/tammetalu.eu\/fi\/wp-json\/wp\/v2\/types\/product"}],"wp:featuredmedia":[{"embeddable":true,"href":"https:\/\/tammetalu.eu\/fi\/wp-json\/wp\/v2\/media\/23329"}],"wp:attachment":[{"href":"https:\/\/tammetalu.eu\/fi\/wp-json\/wp\/v2\/media?parent=23328"}],"wp:term":[{"taxonomy":"product_brand","embeddable":true,"href":"https:\/\/tammetalu.eu\/fi\/wp-json\/wp\/v2\/product_brand?post=23328"},{"taxonomy":"product_cat","embeddable":true,"href":"https:\/\/tammetalu.eu\/fi\/wp-json\/wp\/v2\/product_cat?post=23328"},{"taxonomy":"product_tag","embeddable":true,"href":"https:\/\/tammetalu.eu\/fi\/wp-json\/wp\/v2\/product_tag?post=23328"}],"curies":[{"name":"wp","href":"https:\/\/api.w.org\/{rel}","templated":true}]}}