{"id":23451,"date":"2025-02-01T16:10:05","date_gmt":"2025-02-01T14:10:05","guid":{"rendered":"https:\/\/tammetalu.eu\/?post_type=product&#038;p=23451"},"modified":"2026-04-05T20:55:45","modified_gmt":"2026-04-05T17:55:45","slug":"kulasalvei-salvia-xjamensisbelle-de-loire","status":"publish","type":"product","link":"https:\/\/tammetalu.eu\/fi\/toode\/kulasalvei-salvia-xjamensisbelle-de-loire\/","title":{"rendered":"K\u00fclasalvei Salvia xjamensis&#8221;Belle De Loire&#8221;"},"content":{"rendered":"","protected":false},"excerpt":{"rendered":"<p>K\u00fclasalvei <em>Salvia \u00d7jamensis<\/em> &#8221;Belle De Loire&#8221;<\/p>\n<p>LAT: \u00a0<em>Salvia xjamensis &#8221;<\/em>Belle De Loire&#8221;<\/p>\n<p>ENG: \u00a0Blackcurrant Sage, Baby sage &#8221;Belle De Loire&#8221;<\/p>\n<p>RU: \u00a0\u0428\u0430\u043b\u0444\u0435\u0439 &#8221;Belle De Loire&#8221;<\/p>\n<p>FI: \u00a0Palettisalvia &#8221;Belle De Loire&#8221;<\/p>\n<p>K\u00fclasalvei sort &#8217;Belle De Loire&#8217; paistab silma oma v\u00e4limusega. Taim alustab \u00f5itsemist suvel kollaste ja oran\u017eide \u00f5itega, mis l\u00e4hevad s\u00fcgisel kreemika- ja l\u00f5hev\u00e4rviliseks. Taime nektaririkkad \u00f5ied meelitavad ligi mesilasi ja liblikaid, tagades mitte ainult kaunid \u00f5ied, vaid ka veetlevad tolmeldajad teie aeda. Lisaks on taimel v\u00e4ga aromaatselt v\u00fcrtsikad musts\u00f5stra l\u00f5hnalised lehed. \u00a0Taim on t\u00f5eline p\u00e4ikeses\u00f5ber, mida rohkem p\u00e4ikest, seda rikkalikumalt \u00f5itseb kogu hooaja.\u00a0 Kahjuks ei ole see salvei meie kliimatsoonis peenral kasvades k\u00fclmakindel, kuid oma v\u00e4hen\u00f5udlikkuse t\u00f5ttu sobib suurep\u00e4raselt potitaimena kasvatamiseks nii terrassi- kui r\u00f5dutaimena, kuna siis p\u00e4\u00e4seb taime ilu ja \u00fcllatav l\u00f5hn eriti esile.<\/p>\n<p>K\u00fclasalveid vajavad j\u00f5udsaks kasvuks kuivapoolset kuni parasniisket h\u00e4sti vett l\u00e4bi laskvat aiamulda ja t\u00e4isp\u00e4ikest, kuid lepivad ka poolvarjulise kasvukohaga.<\/p>\n<p>Olen oma pottides kasvavaid taimi v\u00e4ga edukalt \u00fcle talve hoidnud kuivas kasvuhoones.\u00a0 S\u00fcgisel v\u00f5ib katsetada taime edasi kasvatada jahedas siseruumis. Kevadel enne kasvu alustamist soovitan taimed noorendada tugeva tagasil\u00f5ikamisega, see soodustab \u00fchtlasi taimede tihedamat kasvu.<\/p>\n<p>Lehed ja \u00f5ied sobivad teeks ja toitude kaunistamiseks ning maitsestamiseks.<\/p>\n<p>K\u00fclasalveil ei ole kirjanduse andmetel m\u00e4rkimisv\u00e4\u00e4rseid raviomadusi, kuid kirjanduse endmetel kasutatakse siiski rahvameditsiinis, eriti infusioonide v\u00f5i keedustena, seede- ja suuprobleemide raviks \u00a0v\u00f5i verer\u00f5hu alandamiseks ja keskn\u00e4rvis\u00fcsteemi \u00e4revush\u00e4irete vastu v\u00f5itlemiseks ja unetuse korral.<\/p>\n<p>K\u00f5rgus: kuni 0,7 m<\/p>\n<p>\u00d5itsemise aeg: VI-X<\/p>\n<p>Talvekindlus: ei ole talvekindel<\/p>\n<p>Poti suurus: 10-12<\/p>\n","protected":false},"featured_media":23452,"template":"","meta":{"_acf_changed":false,"_et_pb_use_builder":"","_et_pb_old_content":"","_et_gb_content_width":"","inline_featured_image":false},"product_brand":[],"product_cat":[186,196],"product_tag":[],"class_list":{"0":"post-23451","1":"product","2":"type-product","3":"status-publish","4":"has-post-thumbnail","6":"product_cat-maitse-ja-ravimtaimede-istikud","7":"product_cat-salveid","9":"first","10":"instock","11":"sale","12":"taxable","13":"shipping-taxable","14":"purchasable","15":"product-type-simple"},"acf":[],"yoast_head":"<!-- This site is optimized with the Yoast SEO plugin v26.4 - https:\/\/yoast.com\/wordpress\/plugins\/seo\/ -->\n<title>K\u00fclasalvei Salvia xjamensis&quot;Belle De Loire&quot; - Tamme talu \u00fcrdiaed<\/title>\n<meta name=\"robots\" content=\"index, follow, max-snippet:-1, max-image-preview:large, max-video-preview:-1\" \/>\n<link rel=\"canonical\" href=\"https:\/\/tammetalu.eu\/toode\/kulasalvei-salvia-xjamensisbelle-de-loire\/\" \/>\n<meta property=\"og:locale\" content=\"fi_FI\" \/>\n<meta property=\"og:type\" content=\"article\" \/>\n<meta property=\"og:title\" content=\"K\u00fclasalvei Salvia xjamensis&quot;Belle De Loire&quot; - Tamme talu \u00fcrdiaed\" \/>\n<meta property=\"og:description\" content=\"K\u00fclasalvei Salvia \u00d7jamensis &quot;Belle De Loire&quot;  LAT: \u00a0Salvia xjamensis &quot;Belle De Loire&quot;  ENG: \u00a0Blackcurrant Sage, Baby sage &quot;Belle De Loire&quot;  RU: \u00a0\u0428\u0430\u043b\u0444\u0435\u0439 &quot;Belle De Loire&quot;  FI: \u00a0Palettisalvia &quot;Belle De Loire&quot;  K\u00fclasalvei sort &#039;Belle De Loire&#039; paistab silma oma v\u00e4limusega. Taim alustab \u00f5itsemist suvel kollaste ja oran\u017eide \u00f5itega, mis l\u00e4hevad s\u00fcgisel kreemika- ja l\u00f5hev\u00e4rviliseks. Taime nektaririkkad \u00f5ied meelitavad ligi mesilasi ja liblikaid, tagades mitte ainult kaunid \u00f5ied, vaid ka veetlevad tolmeldajad teie aeda. Lisaks on taimel v\u00e4ga aromaatselt v\u00fcrtsikad musts\u00f5stra l\u00f5hnalised lehed. \u00a0Taim on t\u00f5eline p\u00e4ikeses\u00f5ber, mida rohkem p\u00e4ikest, seda rikkalikumalt \u00f5itseb kogu hooaja.\u00a0 Kahjuks ei ole see salvei meie kliimatsoonis peenral kasvades k\u00fclmakindel, kuid oma v\u00e4hen\u00f5udlikkuse t\u00f5ttu sobib suurep\u00e4raselt potitaimena kasvatamiseks nii terrassi- kui r\u00f5dutaimena, kuna siis p\u00e4\u00e4seb taime ilu ja \u00fcllatav l\u00f5hn eriti esile.  K\u00fclasalveid vajavad j\u00f5udsaks kasvuks kuivapoolset kuni parasniisket h\u00e4sti vett l\u00e4bi laskvat aiamulda ja t\u00e4isp\u00e4ikest, kuid lepivad ka poolvarjulise kasvukohaga.  Olen oma pottides kasvavaid taimi v\u00e4ga edukalt \u00fcle talve hoidnud kuivas kasvuhoones.\u00a0 S\u00fcgisel v\u00f5ib katsetada taime edasi kasvatada jahedas siseruumis. Kevadel enne kasvu alustamist soovitan taimed noorendada tugeva tagasil\u00f5ikamisega, see soodustab \u00fchtlasi taimede tihedamat kasvu.  Lehed ja \u00f5ied sobivad teeks ja toitude kaunistamiseks ning maitsestamiseks.  K\u00fclasalveil ei ole kirjanduse andmetel m\u00e4rkimisv\u00e4\u00e4rseid raviomadusi, kuid kirjanduse endmetel kasutatakse siiski rahvameditsiinis, eriti infusioonide v\u00f5i keedustena, seede- ja suuprobleemide raviks \u00a0v\u00f5i verer\u00f5hu alandamiseks ja keskn\u00e4rvis\u00fcsteemi \u00e4revush\u00e4irete vastu v\u00f5itlemiseks ja unetuse korral.  K\u00f5rgus: kuni 0,7 m  \u00d5itsemise aeg: VI-X  Talvekindlus: ei ole talvekindel  Poti suurus: 10-12\" \/>\n<meta property=\"og:url\" content=\"https:\/\/tammetalu.eu\/toode\/kulasalvei-salvia-xjamensisbelle-de-loire\/\" \/>\n<meta property=\"og:site_name\" content=\"Tamme talu \u00fcrdiaed\" \/>\n<meta property=\"article:publisher\" content=\"https:\/\/www.facebook.com\/TammeTaluUrdiaed\/?locale=et_EE\" \/>\n<meta property=\"article:modified_time\" content=\"2026-04-05T17:55:45+00:00\" \/>\n<meta property=\"og:image\" content=\"https:\/\/tammetalu.eu\/wp-content\/uploads\/2025\/01\/Vaikeselehine_salvei_Salvia_microphylla_Belle_De_Loire_tamme_talu_urdiaed.webp\" \/>\n\t<meta property=\"og:image:width\" content=\"1080\" \/>\n\t<meta property=\"og:image:height\" content=\"916\" \/>\n\t<meta property=\"og:image:type\" content=\"image\/webp\" \/>\n<meta name=\"twitter:card\" content=\"summary_large_image\" \/>\n<meta name=\"twitter:label1\" content=\"Arvioitu lukuaika\" \/>\n\t<meta name=\"twitter:data1\" content=\"1 minuutti\" \/>\n<script type=\"application\/ld+json\" class=\"yoast-schema-graph\">{\"@context\":\"https:\/\/schema.org\",\"@graph\":[{\"@type\":\"WebPage\",\"@id\":\"https:\/\/tammetalu.eu\/toode\/kulasalvei-salvia-xjamensisbelle-de-loire\/\",\"url\":\"https:\/\/tammetalu.eu\/toode\/kulasalvei-salvia-xjamensisbelle-de-loire\/\",\"name\":\"K\u00fclasalvei Salvia xjamensis\\\"Belle De Loire\\\" - Tamme talu \u00fcrdiaed\",\"isPartOf\":{\"@id\":\"https:\/\/tammetalu.eu\/#website\"},\"primaryImageOfPage\":{\"@id\":\"https:\/\/tammetalu.eu\/toode\/kulasalvei-salvia-xjamensisbelle-de-loire\/#primaryimage\"},\"image\":{\"@id\":\"https:\/\/tammetalu.eu\/toode\/kulasalvei-salvia-xjamensisbelle-de-loire\/#primaryimage\"},\"thumbnailUrl\":\"https:\/\/tammetalu.eu\/wp-content\/uploads\/2025\/01\/Vaikeselehine_salvei_Salvia_microphylla_Belle_De_Loire_tamme_talu_urdiaed.webp\",\"datePublished\":\"2025-02-01T14:10:05+00:00\",\"dateModified\":\"2026-04-05T17:55:45+00:00\",\"breadcrumb\":{\"@id\":\"https:\/\/tammetalu.eu\/toode\/kulasalvei-salvia-xjamensisbelle-de-loire\/#breadcrumb\"},\"inLanguage\":\"fi\",\"potentialAction\":[{\"@type\":\"ReadAction\",\"target\":[\"https:\/\/tammetalu.eu\/toode\/kulasalvei-salvia-xjamensisbelle-de-loire\/\"]}]},{\"@type\":\"ImageObject\",\"inLanguage\":\"fi\",\"@id\":\"https:\/\/tammetalu.eu\/toode\/kulasalvei-salvia-xjamensisbelle-de-loire\/#primaryimage\",\"url\":\"https:\/\/tammetalu.eu\/wp-content\/uploads\/2025\/01\/Vaikeselehine_salvei_Salvia_microphylla_Belle_De_Loire_tamme_talu_urdiaed.webp\",\"contentUrl\":\"https:\/\/tammetalu.eu\/wp-content\/uploads\/2025\/01\/Vaikeselehine_salvei_Salvia_microphylla_Belle_De_Loire_tamme_talu_urdiaed.webp\",\"width\":1080,\"height\":916,\"caption\":\"Vaikeselehine_salvei_Salvia_microphylla_Belle_De_Loire_tamme_talu_urdiaed\"},{\"@type\":\"BreadcrumbList\",\"@id\":\"https:\/\/tammetalu.eu\/toode\/kulasalvei-salvia-xjamensisbelle-de-loire\/#breadcrumb\",\"itemListElement\":[{\"@type\":\"ListItem\",\"position\":1,\"name\":\"Home\",\"item\":\"https:\/\/tammetalu.eu\/fi\/etusivu\/\"},{\"@type\":\"ListItem\",\"position\":2,\"name\":\"Kaikki tuotteet\",\"item\":\"https:\/\/tammetalu.eu\/fi\/kaikki-tuotteet\/\"},{\"@type\":\"ListItem\",\"position\":3,\"name\":\"K\u00fclasalvei Salvia xjamensis&#8221;Belle De Loire&#8221;\"}]},{\"@type\":\"WebSite\",\"@id\":\"https:\/\/tammetalu.eu\/#website\",\"url\":\"https:\/\/tammetalu.eu\/\",\"name\":\"Tamme talu \u00fcrdiaed\",\"description\":\"K\u00e4sit\u00f6\u00f6na valmistatud tooted \u00fcrtidest, \u00fcrdiistikud, \u00fcrtide kollektsioonaed\",\"publisher\":{\"@id\":\"https:\/\/tammetalu.eu\/#organization\"},\"alternateName\":\"Tamme talu\",\"potentialAction\":[{\"@type\":\"SearchAction\",\"target\":{\"@type\":\"EntryPoint\",\"urlTemplate\":\"https:\/\/tammetalu.eu\/?s={search_term_string}\"},\"query-input\":{\"@type\":\"PropertyValueSpecification\",\"valueRequired\":true,\"valueName\":\"search_term_string\"}}],\"inLanguage\":\"fi\"},{\"@type\":\"Organization\",\"@id\":\"https:\/\/tammetalu.eu\/#organization\",\"name\":\"Tamme talu \u00fcrdiaed\",\"alternateName\":\"Tamme talu\",\"url\":\"https:\/\/tammetalu.eu\/\",\"logo\":{\"@type\":\"ImageObject\",\"inLanguage\":\"fi\",\"@id\":\"https:\/\/tammetalu.eu\/#\/schema\/logo\/image\/\",\"url\":\"https:\/\/tammetalu.eu\/wp-content\/uploads\/2025\/01\/Tamme_talu_urdiaed.png\",\"contentUrl\":\"https:\/\/tammetalu.eu\/wp-content\/uploads\/2025\/01\/Tamme_talu_urdiaed.png\",\"width\":560,\"height\":560,\"caption\":\"Tamme talu \u00fcrdiaed\"},\"image\":{\"@id\":\"https:\/\/tammetalu.eu\/#\/schema\/logo\/image\/\"},\"sameAs\":[\"https:\/\/www.facebook.com\/TammeTaluUrdiaed\/?locale=et_EE\",\"https:\/\/www.instagram.com\/tammetaluurdiaed\/\"]}]}<\/script>\n<!-- \/ Yoast SEO plugin. -->","yoast_head_json":{"title":"K\u00fclasalvei Salvia xjamensis\"Belle De Loire\" - Tamme talu \u00fcrdiaed","robots":{"index":"index","follow":"follow","max-snippet":"max-snippet:-1","max-image-preview":"max-image-preview:large","max-video-preview":"max-video-preview:-1"},"canonical":"https:\/\/tammetalu.eu\/toode\/kulasalvei-salvia-xjamensisbelle-de-loire\/","og_locale":"fi_FI","og_type":"article","og_title":"K\u00fclasalvei Salvia xjamensis\"Belle De Loire\" - Tamme talu \u00fcrdiaed","og_description":"K\u00fclasalvei Salvia \u00d7jamensis \"Belle De Loire\"  LAT: \u00a0Salvia xjamensis \"Belle De Loire\"  ENG: \u00a0Blackcurrant Sage, Baby sage \"Belle De Loire\"  RU: \u00a0\u0428\u0430\u043b\u0444\u0435\u0439 \"Belle De Loire\"  FI: \u00a0Palettisalvia \"Belle De Loire\"  K\u00fclasalvei sort 'Belle De Loire' paistab silma oma v\u00e4limusega. Taim alustab \u00f5itsemist suvel kollaste ja oran\u017eide \u00f5itega, mis l\u00e4hevad s\u00fcgisel kreemika- ja l\u00f5hev\u00e4rviliseks. Taime nektaririkkad \u00f5ied meelitavad ligi mesilasi ja liblikaid, tagades mitte ainult kaunid \u00f5ied, vaid ka veetlevad tolmeldajad teie aeda. Lisaks on taimel v\u00e4ga aromaatselt v\u00fcrtsikad musts\u00f5stra l\u00f5hnalised lehed. \u00a0Taim on t\u00f5eline p\u00e4ikeses\u00f5ber, mida rohkem p\u00e4ikest, seda rikkalikumalt \u00f5itseb kogu hooaja.\u00a0 Kahjuks ei ole see salvei meie kliimatsoonis peenral kasvades k\u00fclmakindel, kuid oma v\u00e4hen\u00f5udlikkuse t\u00f5ttu sobib suurep\u00e4raselt potitaimena kasvatamiseks nii terrassi- kui r\u00f5dutaimena, kuna siis p\u00e4\u00e4seb taime ilu ja \u00fcllatav l\u00f5hn eriti esile.  K\u00fclasalveid vajavad j\u00f5udsaks kasvuks kuivapoolset kuni parasniisket h\u00e4sti vett l\u00e4bi laskvat aiamulda ja t\u00e4isp\u00e4ikest, kuid lepivad ka poolvarjulise kasvukohaga.  Olen oma pottides kasvavaid taimi v\u00e4ga edukalt \u00fcle talve hoidnud kuivas kasvuhoones.\u00a0 S\u00fcgisel v\u00f5ib katsetada taime edasi kasvatada jahedas siseruumis. Kevadel enne kasvu alustamist soovitan taimed noorendada tugeva tagasil\u00f5ikamisega, see soodustab \u00fchtlasi taimede tihedamat kasvu.  Lehed ja \u00f5ied sobivad teeks ja toitude kaunistamiseks ning maitsestamiseks.  K\u00fclasalveil ei ole kirjanduse andmetel m\u00e4rkimisv\u00e4\u00e4rseid raviomadusi, kuid kirjanduse endmetel kasutatakse siiski rahvameditsiinis, eriti infusioonide v\u00f5i keedustena, seede- ja suuprobleemide raviks \u00a0v\u00f5i verer\u00f5hu alandamiseks ja keskn\u00e4rvis\u00fcsteemi \u00e4revush\u00e4irete vastu v\u00f5itlemiseks ja unetuse korral.  K\u00f5rgus: kuni 0,7 m  \u00d5itsemise aeg: VI-X  Talvekindlus: ei ole talvekindel  Poti suurus: 10-12","og_url":"https:\/\/tammetalu.eu\/toode\/kulasalvei-salvia-xjamensisbelle-de-loire\/","og_site_name":"Tamme talu \u00fcrdiaed","article_publisher":"https:\/\/www.facebook.com\/TammeTaluUrdiaed\/?locale=et_EE","article_modified_time":"2026-04-05T17:55:45+00:00","og_image":[{"width":1080,"height":916,"url":"https:\/\/tammetalu.eu\/wp-content\/uploads\/2025\/01\/Vaikeselehine_salvei_Salvia_microphylla_Belle_De_Loire_tamme_talu_urdiaed.webp","type":"image\/webp"}],"twitter_card":"summary_large_image","twitter_misc":{"Arvioitu lukuaika":"1 minuutti"},"schema":{"@context":"https:\/\/schema.org","@graph":[{"@type":"WebPage","@id":"https:\/\/tammetalu.eu\/toode\/kulasalvei-salvia-xjamensisbelle-de-loire\/","url":"https:\/\/tammetalu.eu\/toode\/kulasalvei-salvia-xjamensisbelle-de-loire\/","name":"K\u00fclasalvei Salvia xjamensis\"Belle De Loire\" - Tamme talu \u00fcrdiaed","isPartOf":{"@id":"https:\/\/tammetalu.eu\/#website"},"primaryImageOfPage":{"@id":"https:\/\/tammetalu.eu\/toode\/kulasalvei-salvia-xjamensisbelle-de-loire\/#primaryimage"},"image":{"@id":"https:\/\/tammetalu.eu\/toode\/kulasalvei-salvia-xjamensisbelle-de-loire\/#primaryimage"},"thumbnailUrl":"https:\/\/tammetalu.eu\/wp-content\/uploads\/2025\/01\/Vaikeselehine_salvei_Salvia_microphylla_Belle_De_Loire_tamme_talu_urdiaed.webp","datePublished":"2025-02-01T14:10:05+00:00","dateModified":"2026-04-05T17:55:45+00:00","breadcrumb":{"@id":"https:\/\/tammetalu.eu\/toode\/kulasalvei-salvia-xjamensisbelle-de-loire\/#breadcrumb"},"inLanguage":"fi","potentialAction":[{"@type":"ReadAction","target":["https:\/\/tammetalu.eu\/toode\/kulasalvei-salvia-xjamensisbelle-de-loire\/"]}]},{"@type":"ImageObject","inLanguage":"fi","@id":"https:\/\/tammetalu.eu\/toode\/kulasalvei-salvia-xjamensisbelle-de-loire\/#primaryimage","url":"https:\/\/tammetalu.eu\/wp-content\/uploads\/2025\/01\/Vaikeselehine_salvei_Salvia_microphylla_Belle_De_Loire_tamme_talu_urdiaed.webp","contentUrl":"https:\/\/tammetalu.eu\/wp-content\/uploads\/2025\/01\/Vaikeselehine_salvei_Salvia_microphylla_Belle_De_Loire_tamme_talu_urdiaed.webp","width":1080,"height":916,"caption":"Vaikeselehine_salvei_Salvia_microphylla_Belle_De_Loire_tamme_talu_urdiaed"},{"@type":"BreadcrumbList","@id":"https:\/\/tammetalu.eu\/toode\/kulasalvei-salvia-xjamensisbelle-de-loire\/#breadcrumb","itemListElement":[{"@type":"ListItem","position":1,"name":"Home","item":"https:\/\/tammetalu.eu\/fi\/etusivu\/"},{"@type":"ListItem","position":2,"name":"Kaikki tuotteet","item":"https:\/\/tammetalu.eu\/fi\/kaikki-tuotteet\/"},{"@type":"ListItem","position":3,"name":"K\u00fclasalvei Salvia xjamensis&#8221;Belle De Loire&#8221;"}]},{"@type":"WebSite","@id":"https:\/\/tammetalu.eu\/#website","url":"https:\/\/tammetalu.eu\/","name":"Tamme talu \u00fcrdiaed","description":"K\u00e4sit\u00f6\u00f6na valmistatud tooted \u00fcrtidest, \u00fcrdiistikud, \u00fcrtide kollektsioonaed","publisher":{"@id":"https:\/\/tammetalu.eu\/#organization"},"alternateName":"Tamme talu","potentialAction":[{"@type":"SearchAction","target":{"@type":"EntryPoint","urlTemplate":"https:\/\/tammetalu.eu\/?s={search_term_string}"},"query-input":{"@type":"PropertyValueSpecification","valueRequired":true,"valueName":"search_term_string"}}],"inLanguage":"fi"},{"@type":"Organization","@id":"https:\/\/tammetalu.eu\/#organization","name":"Tamme talu \u00fcrdiaed","alternateName":"Tamme talu","url":"https:\/\/tammetalu.eu\/","logo":{"@type":"ImageObject","inLanguage":"fi","@id":"https:\/\/tammetalu.eu\/#\/schema\/logo\/image\/","url":"https:\/\/tammetalu.eu\/wp-content\/uploads\/2025\/01\/Tamme_talu_urdiaed.png","contentUrl":"https:\/\/tammetalu.eu\/wp-content\/uploads\/2025\/01\/Tamme_talu_urdiaed.png","width":560,"height":560,"caption":"Tamme talu \u00fcrdiaed"},"image":{"@id":"https:\/\/tammetalu.eu\/#\/schema\/logo\/image\/"},"sameAs":["https:\/\/www.facebook.com\/TammeTaluUrdiaed\/?locale=et_EE","https:\/\/www.instagram.com\/tammetaluurdiaed\/"]}]}},"_links":{"self":[{"href":"https:\/\/tammetalu.eu\/fi\/wp-json\/wp\/v2\/product\/23451","targetHints":{"allow":["GET"]}}],"collection":[{"href":"https:\/\/tammetalu.eu\/fi\/wp-json\/wp\/v2\/product"}],"about":[{"href":"https:\/\/tammetalu.eu\/fi\/wp-json\/wp\/v2\/types\/product"}],"wp:featuredmedia":[{"embeddable":true,"href":"https:\/\/tammetalu.eu\/fi\/wp-json\/wp\/v2\/media\/23452"}],"wp:attachment":[{"href":"https:\/\/tammetalu.eu\/fi\/wp-json\/wp\/v2\/media?parent=23451"}],"wp:term":[{"taxonomy":"product_brand","embeddable":true,"href":"https:\/\/tammetalu.eu\/fi\/wp-json\/wp\/v2\/product_brand?post=23451"},{"taxonomy":"product_cat","embeddable":true,"href":"https:\/\/tammetalu.eu\/fi\/wp-json\/wp\/v2\/product_cat?post=23451"},{"taxonomy":"product_tag","embeddable":true,"href":"https:\/\/tammetalu.eu\/fi\/wp-json\/wp\/v2\/product_tag?post=23451"}],"curies":[{"name":"wp","href":"https:\/\/api.w.org\/{rel}","templated":true}]}}