{"id":23457,"date":"2025-02-05T14:41:19","date_gmt":"2025-02-05T12:41:19","guid":{"rendered":"https:\/\/tammetalu.eu\/?post_type=product&#038;p=23457"},"modified":"2026-05-08T12:21:38","modified_gmt":"2026-05-08T09:21:38","slug":"faassenii-naistenoges-nepeta-faassenii-grog-lemon","status":"publish","type":"product","link":"https:\/\/tammetalu.eu\/fi\/toode\/faassenii-naistenoges-nepeta-faassenii-grog-lemon\/","title":{"rendered":"Faasseni naisten\u00f5ges (Nepeta faassenii) &#8221;Grog Lemon&#8221;"},"content":{"rendered":"","protected":false},"excerpt":{"rendered":"<p><em>Nepeta racemosa <\/em><\/p>\n<p>Faassenii naisten\u00f5ges &#8221;Grog Lemon&#8221; on talvekindel p\u00fcsik. Ilusad sinakaslillad \u00f5isikud ja rohekash\u00f5bedane lehestik ja veidi lamanduvad v\u00f5rsed.<\/p>\n<p>V\u00e4ga hea l\u00f5hnataim, eritab puudutamisel meeldivat sidrunil\u00f5hna. Kui peale \u00f5itsemist tagasi l\u00f5igata, j\u00f5uab veel uuesti \u00f5itsema minna. V\u00e4ga h\u00e4sti sobib l\u00f5hnavaks \u00e4\u00e4ristaimeks kuivemasse peenrasse v\u00f5i r\u00f5dukasti.<\/p>\n<p>V\u00f5ib kasutada tee valmistamiseks ja toidu kaunistamiseks, proovige ka lehekesi ja \u00f5isi salatis.\u00a0 Suurep\u00e4rane l\u00f5hnataim. Ka kassid r\u00f5\u00f5mustavad, sest naisten\u00f5gesed on nende lemmikud aias.\u00a0 Lihtne kasvatada nii kuivas kui parasniiskes mullas.<\/p>\n","protected":false},"featured_media":23458,"template":"","meta":{"_acf_changed":false,"_et_pb_use_builder":"","_et_pb_old_content":"","_et_gb_content_width":"","inline_featured_image":false},"product_brand":[],"product_cat":[186,214],"product_tag":[],"class_list":{"0":"post-23457","1":"product","2":"type-product","3":"status-publish","4":"has-post-thumbnail","6":"product_cat-maitse-ja-ravimtaimede-istikud","7":"product_cat-naistenogesed","9":"first","10":"instock","11":"taxable","12":"shipping-taxable","13":"purchasable","14":"product-type-simple"},"acf":[],"yoast_head":"<!-- This site is optimized with the Yoast SEO plugin v27.5 - https:\/\/yoast.com\/product\/yoast-seo-wordpress\/ -->\n<title>Faasseni naisten\u00f5ges (Nepeta faassenii) &quot;Grog Lemon&quot; - Tamme talu \u00fcrdiaed<\/title>\n<meta name=\"robots\" content=\"index, follow, max-snippet:-1, max-image-preview:large, max-video-preview:-1\" \/>\n<link rel=\"canonical\" href=\"https:\/\/tammetalu.eu\/toode\/faassenii-naistenoges-nepeta-faassenii-grog-lemon\/\" \/>\n<meta property=\"og:locale\" content=\"fi_FI\" \/>\n<meta property=\"og:type\" content=\"article\" \/>\n<meta property=\"og:title\" content=\"Faasseni naisten\u00f5ges (Nepeta faassenii) &quot;Grog Lemon&quot; - Tamme talu \u00fcrdiaed\" \/>\n<meta property=\"og:description\" content=\"Nepeta racemosa   Faassenii naisten\u00f5ges &quot;Grog Lemon&quot; on talvekindel p\u00fcsik. Ilusad sinakaslillad \u00f5isikud ja rohekash\u00f5bedane lehestik ja veidi lamanduvad v\u00f5rsed.  V\u00e4ga hea l\u00f5hnataim, eritab puudutamisel meeldivat sidrunil\u00f5hna. Kui peale \u00f5itsemist tagasi l\u00f5igata, j\u00f5uab veel uuesti \u00f5itsema minna. V\u00e4ga h\u00e4sti sobib l\u00f5hnavaks \u00e4\u00e4ristaimeks kuivemasse peenrasse v\u00f5i r\u00f5dukasti.  V\u00f5ib kasutada tee valmistamiseks ja toidu kaunistamiseks, proovige ka lehekesi ja \u00f5isi salatis.\u00a0 Suurep\u00e4rane l\u00f5hnataim. Ka kassid r\u00f5\u00f5mustavad, sest naisten\u00f5gesed on nende lemmikud aias.\u00a0 Lihtne kasvatada nii kuivas kui parasniiskes mullas.\" \/>\n<meta property=\"og:url\" content=\"https:\/\/tammetalu.eu\/toode\/faassenii-naistenoges-nepeta-faassenii-grog-lemon\/\" \/>\n<meta property=\"og:site_name\" content=\"Tamme talu \u00fcrdiaed\" \/>\n<meta property=\"article:publisher\" content=\"https:\/\/www.facebook.com\/TammeTaluUrdiaed\/?locale=et_EE\" \/>\n<meta property=\"article:modified_time\" content=\"2026-05-08T09:21:38+00:00\" \/>\n<meta property=\"og:image\" content=\"https:\/\/tammetalu.eu\/wp-content\/uploads\/2025\/01\/Faassenii_naistenoges_Nepeta_faassenii_Grog_Lemon_tamme_talu_urdiaed.webp\" \/>\n\t<meta property=\"og:image:width\" content=\"718\" \/>\n\t<meta property=\"og:image:height\" content=\"750\" \/>\n\t<meta property=\"og:image:type\" content=\"image\/webp\" \/>\n<meta name=\"twitter:card\" content=\"summary_large_image\" \/>\n<meta name=\"twitter:label1\" content=\"Arvioitu lukuaika\" \/>\n\t<meta name=\"twitter:data1\" content=\"1 minuutti\" \/>\n<script type=\"application\/ld+json\" class=\"yoast-schema-graph\">{\"@context\":\"https:\\\/\\\/schema.org\",\"@graph\":[{\"@type\":\"WebPage\",\"@id\":\"https:\\\/\\\/tammetalu.eu\\\/toode\\\/faassenii-naistenoges-nepeta-faassenii-grog-lemon\\\/\",\"url\":\"https:\\\/\\\/tammetalu.eu\\\/toode\\\/faassenii-naistenoges-nepeta-faassenii-grog-lemon\\\/\",\"name\":\"Faasseni naisten\u00f5ges (Nepeta faassenii) \\\"Grog Lemon\\\" - Tamme talu \u00fcrdiaed\",\"isPartOf\":{\"@id\":\"https:\\\/\\\/tammetalu.eu\\\/#website\"},\"primaryImageOfPage\":{\"@id\":\"https:\\\/\\\/tammetalu.eu\\\/toode\\\/faassenii-naistenoges-nepeta-faassenii-grog-lemon\\\/#primaryimage\"},\"image\":{\"@id\":\"https:\\\/\\\/tammetalu.eu\\\/toode\\\/faassenii-naistenoges-nepeta-faassenii-grog-lemon\\\/#primaryimage\"},\"thumbnailUrl\":\"https:\\\/\\\/tammetalu.eu\\\/wp-content\\\/uploads\\\/2025\\\/01\\\/Faassenii_naistenoges_Nepeta_faassenii_Grog_Lemon_tamme_talu_urdiaed.webp\",\"datePublished\":\"2025-02-05T12:41:19+00:00\",\"dateModified\":\"2026-05-08T09:21:38+00:00\",\"breadcrumb\":{\"@id\":\"https:\\\/\\\/tammetalu.eu\\\/toode\\\/faassenii-naistenoges-nepeta-faassenii-grog-lemon\\\/#breadcrumb\"},\"inLanguage\":\"fi\",\"potentialAction\":[{\"@type\":\"ReadAction\",\"target\":[\"https:\\\/\\\/tammetalu.eu\\\/toode\\\/faassenii-naistenoges-nepeta-faassenii-grog-lemon\\\/\"]}]},{\"@type\":\"ImageObject\",\"inLanguage\":\"fi\",\"@id\":\"https:\\\/\\\/tammetalu.eu\\\/toode\\\/faassenii-naistenoges-nepeta-faassenii-grog-lemon\\\/#primaryimage\",\"url\":\"https:\\\/\\\/tammetalu.eu\\\/wp-content\\\/uploads\\\/2025\\\/01\\\/Faassenii_naistenoges_Nepeta_faassenii_Grog_Lemon_tamme_talu_urdiaed.webp\",\"contentUrl\":\"https:\\\/\\\/tammetalu.eu\\\/wp-content\\\/uploads\\\/2025\\\/01\\\/Faassenii_naistenoges_Nepeta_faassenii_Grog_Lemon_tamme_talu_urdiaed.webp\",\"width\":718,\"height\":750,\"caption\":\"Faassenii_naistenoges_Nepeta_faassenii_Grog_Lemon_tamme_talu_urdiaed\"},{\"@type\":\"BreadcrumbList\",\"@id\":\"https:\\\/\\\/tammetalu.eu\\\/toode\\\/faassenii-naistenoges-nepeta-faassenii-grog-lemon\\\/#breadcrumb\",\"itemListElement\":[{\"@type\":\"ListItem\",\"position\":1,\"name\":\"Home\",\"item\":\"https:\\\/\\\/tammetalu.eu\\\/fi\\\/etusivu\\\/\"},{\"@type\":\"ListItem\",\"position\":2,\"name\":\"Kaikki tuotteet\",\"item\":\"https:\\\/\\\/tammetalu.eu\\\/fi\\\/kaikki-tuotteet\\\/\"},{\"@type\":\"ListItem\",\"position\":3,\"name\":\"Faasseni naisten\u00f5ges (Nepeta faassenii) &#8220;Grog Lemon&#8221;\"}]},{\"@type\":\"WebSite\",\"@id\":\"https:\\\/\\\/tammetalu.eu\\\/#website\",\"url\":\"https:\\\/\\\/tammetalu.eu\\\/\",\"name\":\"Tamme talu \u00fcrdiaed\",\"description\":\"K\u00e4sit\u00f6\u00f6na valmistatud tooted \u00fcrtidest, \u00fcrdiistikud, \u00fcrtide kollektsioonaed\",\"publisher\":{\"@id\":\"https:\\\/\\\/tammetalu.eu\\\/#organization\"},\"alternateName\":\"Tamme talu\",\"potentialAction\":[{\"@type\":\"SearchAction\",\"target\":{\"@type\":\"EntryPoint\",\"urlTemplate\":\"https:\\\/\\\/tammetalu.eu\\\/?s={search_term_string}\"},\"query-input\":{\"@type\":\"PropertyValueSpecification\",\"valueRequired\":true,\"valueName\":\"search_term_string\"}}],\"inLanguage\":\"fi\"},{\"@type\":\"Organization\",\"@id\":\"https:\\\/\\\/tammetalu.eu\\\/#organization\",\"name\":\"Tamme talu \u00fcrdiaed\",\"alternateName\":\"Tamme talu\",\"url\":\"https:\\\/\\\/tammetalu.eu\\\/\",\"logo\":{\"@type\":\"ImageObject\",\"inLanguage\":\"fi\",\"@id\":\"https:\\\/\\\/tammetalu.eu\\\/#\\\/schema\\\/logo\\\/image\\\/\",\"url\":\"https:\\\/\\\/tammetalu.eu\\\/wp-content\\\/uploads\\\/2025\\\/01\\\/Tamme_talu_urdiaed.png\",\"contentUrl\":\"https:\\\/\\\/tammetalu.eu\\\/wp-content\\\/uploads\\\/2025\\\/01\\\/Tamme_talu_urdiaed.png\",\"width\":560,\"height\":560,\"caption\":\"Tamme talu \u00fcrdiaed\"},\"image\":{\"@id\":\"https:\\\/\\\/tammetalu.eu\\\/#\\\/schema\\\/logo\\\/image\\\/\"},\"sameAs\":[\"https:\\\/\\\/www.facebook.com\\\/TammeTaluUrdiaed\\\/?locale=et_EE\",\"https:\\\/\\\/www.instagram.com\\\/tammetaluurdiaed\\\/\"]}]}<\/script>\n<!-- \/ Yoast SEO plugin. -->","yoast_head_json":{"title":"Faasseni naisten\u00f5ges (Nepeta faassenii) \"Grog Lemon\" - Tamme talu \u00fcrdiaed","robots":{"index":"index","follow":"follow","max-snippet":"max-snippet:-1","max-image-preview":"max-image-preview:large","max-video-preview":"max-video-preview:-1"},"canonical":"https:\/\/tammetalu.eu\/toode\/faassenii-naistenoges-nepeta-faassenii-grog-lemon\/","og_locale":"fi_FI","og_type":"article","og_title":"Faasseni naisten\u00f5ges (Nepeta faassenii) \"Grog Lemon\" - Tamme talu \u00fcrdiaed","og_description":"Nepeta racemosa   Faassenii naisten\u00f5ges \"Grog Lemon\" on talvekindel p\u00fcsik. Ilusad sinakaslillad \u00f5isikud ja rohekash\u00f5bedane lehestik ja veidi lamanduvad v\u00f5rsed.  V\u00e4ga hea l\u00f5hnataim, eritab puudutamisel meeldivat sidrunil\u00f5hna. Kui peale \u00f5itsemist tagasi l\u00f5igata, j\u00f5uab veel uuesti \u00f5itsema minna. V\u00e4ga h\u00e4sti sobib l\u00f5hnavaks \u00e4\u00e4ristaimeks kuivemasse peenrasse v\u00f5i r\u00f5dukasti.  V\u00f5ib kasutada tee valmistamiseks ja toidu kaunistamiseks, proovige ka lehekesi ja \u00f5isi salatis.\u00a0 Suurep\u00e4rane l\u00f5hnataim. Ka kassid r\u00f5\u00f5mustavad, sest naisten\u00f5gesed on nende lemmikud aias.\u00a0 Lihtne kasvatada nii kuivas kui parasniiskes mullas.","og_url":"https:\/\/tammetalu.eu\/toode\/faassenii-naistenoges-nepeta-faassenii-grog-lemon\/","og_site_name":"Tamme talu \u00fcrdiaed","article_publisher":"https:\/\/www.facebook.com\/TammeTaluUrdiaed\/?locale=et_EE","article_modified_time":"2026-05-08T09:21:38+00:00","og_image":[{"width":718,"height":750,"url":"https:\/\/tammetalu.eu\/wp-content\/uploads\/2025\/01\/Faassenii_naistenoges_Nepeta_faassenii_Grog_Lemon_tamme_talu_urdiaed.webp","type":"image\/webp"}],"twitter_card":"summary_large_image","twitter_misc":{"Arvioitu lukuaika":"1 minuutti"},"schema":{"@context":"https:\/\/schema.org","@graph":[{"@type":"WebPage","@id":"https:\/\/tammetalu.eu\/toode\/faassenii-naistenoges-nepeta-faassenii-grog-lemon\/","url":"https:\/\/tammetalu.eu\/toode\/faassenii-naistenoges-nepeta-faassenii-grog-lemon\/","name":"Faasseni naisten\u00f5ges (Nepeta faassenii) \"Grog Lemon\" - Tamme talu \u00fcrdiaed","isPartOf":{"@id":"https:\/\/tammetalu.eu\/#website"},"primaryImageOfPage":{"@id":"https:\/\/tammetalu.eu\/toode\/faassenii-naistenoges-nepeta-faassenii-grog-lemon\/#primaryimage"},"image":{"@id":"https:\/\/tammetalu.eu\/toode\/faassenii-naistenoges-nepeta-faassenii-grog-lemon\/#primaryimage"},"thumbnailUrl":"https:\/\/tammetalu.eu\/wp-content\/uploads\/2025\/01\/Faassenii_naistenoges_Nepeta_faassenii_Grog_Lemon_tamme_talu_urdiaed.webp","datePublished":"2025-02-05T12:41:19+00:00","dateModified":"2026-05-08T09:21:38+00:00","breadcrumb":{"@id":"https:\/\/tammetalu.eu\/toode\/faassenii-naistenoges-nepeta-faassenii-grog-lemon\/#breadcrumb"},"inLanguage":"fi","potentialAction":[{"@type":"ReadAction","target":["https:\/\/tammetalu.eu\/toode\/faassenii-naistenoges-nepeta-faassenii-grog-lemon\/"]}]},{"@type":"ImageObject","inLanguage":"fi","@id":"https:\/\/tammetalu.eu\/toode\/faassenii-naistenoges-nepeta-faassenii-grog-lemon\/#primaryimage","url":"https:\/\/tammetalu.eu\/wp-content\/uploads\/2025\/01\/Faassenii_naistenoges_Nepeta_faassenii_Grog_Lemon_tamme_talu_urdiaed.webp","contentUrl":"https:\/\/tammetalu.eu\/wp-content\/uploads\/2025\/01\/Faassenii_naistenoges_Nepeta_faassenii_Grog_Lemon_tamme_talu_urdiaed.webp","width":718,"height":750,"caption":"Faassenii_naistenoges_Nepeta_faassenii_Grog_Lemon_tamme_talu_urdiaed"},{"@type":"BreadcrumbList","@id":"https:\/\/tammetalu.eu\/toode\/faassenii-naistenoges-nepeta-faassenii-grog-lemon\/#breadcrumb","itemListElement":[{"@type":"ListItem","position":1,"name":"Home","item":"https:\/\/tammetalu.eu\/fi\/etusivu\/"},{"@type":"ListItem","position":2,"name":"Kaikki tuotteet","item":"https:\/\/tammetalu.eu\/fi\/kaikki-tuotteet\/"},{"@type":"ListItem","position":3,"name":"Faasseni naisten\u00f5ges (Nepeta faassenii) &#8220;Grog Lemon&#8221;"}]},{"@type":"WebSite","@id":"https:\/\/tammetalu.eu\/#website","url":"https:\/\/tammetalu.eu\/","name":"Tamme talu \u00fcrdiaed","description":"K\u00e4sit\u00f6\u00f6na valmistatud tooted \u00fcrtidest, \u00fcrdiistikud, \u00fcrtide kollektsioonaed","publisher":{"@id":"https:\/\/tammetalu.eu\/#organization"},"alternateName":"Tamme talu","potentialAction":[{"@type":"SearchAction","target":{"@type":"EntryPoint","urlTemplate":"https:\/\/tammetalu.eu\/?s={search_term_string}"},"query-input":{"@type":"PropertyValueSpecification","valueRequired":true,"valueName":"search_term_string"}}],"inLanguage":"fi"},{"@type":"Organization","@id":"https:\/\/tammetalu.eu\/#organization","name":"Tamme talu \u00fcrdiaed","alternateName":"Tamme talu","url":"https:\/\/tammetalu.eu\/","logo":{"@type":"ImageObject","inLanguage":"fi","@id":"https:\/\/tammetalu.eu\/#\/schema\/logo\/image\/","url":"https:\/\/tammetalu.eu\/wp-content\/uploads\/2025\/01\/Tamme_talu_urdiaed.png","contentUrl":"https:\/\/tammetalu.eu\/wp-content\/uploads\/2025\/01\/Tamme_talu_urdiaed.png","width":560,"height":560,"caption":"Tamme talu \u00fcrdiaed"},"image":{"@id":"https:\/\/tammetalu.eu\/#\/schema\/logo\/image\/"},"sameAs":["https:\/\/www.facebook.com\/TammeTaluUrdiaed\/?locale=et_EE","https:\/\/www.instagram.com\/tammetaluurdiaed\/"]}]}},"_links":{"self":[{"href":"https:\/\/tammetalu.eu\/fi\/wp-json\/wp\/v2\/product\/23457","targetHints":{"allow":["GET"]}}],"collection":[{"href":"https:\/\/tammetalu.eu\/fi\/wp-json\/wp\/v2\/product"}],"about":[{"href":"https:\/\/tammetalu.eu\/fi\/wp-json\/wp\/v2\/types\/product"}],"wp:featuredmedia":[{"embeddable":true,"href":"https:\/\/tammetalu.eu\/fi\/wp-json\/wp\/v2\/media\/23458"}],"wp:attachment":[{"href":"https:\/\/tammetalu.eu\/fi\/wp-json\/wp\/v2\/media?parent=23457"}],"wp:term":[{"taxonomy":"product_brand","embeddable":true,"href":"https:\/\/tammetalu.eu\/fi\/wp-json\/wp\/v2\/product_brand?post=23457"},{"taxonomy":"product_cat","embeddable":true,"href":"https:\/\/tammetalu.eu\/fi\/wp-json\/wp\/v2\/product_cat?post=23457"},{"taxonomy":"product_tag","embeddable":true,"href":"https:\/\/tammetalu.eu\/fi\/wp-json\/wp\/v2\/product_tag?post=23457"}],"curies":[{"name":"wp","href":"https:\/\/api.w.org\/{rel}","templated":true}]}}