{"id":23492,"date":"2025-02-05T15:56:32","date_gmt":"2025-02-05T13:56:32","guid":{"rendered":"https:\/\/tammetalu.eu\/?post_type=product&#038;p=23492"},"modified":"2026-05-04T08:49:19","modified_gmt":"2026-05-04T05:49:19","slug":"harilik-mungapipar-vitex-agnus-castus","status":"publish","type":"product","link":"https:\/\/tammetalu.eu\/fi\/toode\/harilik-mungapipar-vitex-agnus-castus\/","title":{"rendered":"Harilik mungapipar Vitex agnus-castus"},"content":{"rendered":"","protected":false},"excerpt":{"rendered":"<p>LAT: \u00a0<em>Vitex agnus-castus<\/em><\/p>\n<p>ENG: \u00a0Monk`s pepper<\/p>\n<p>RU: \u041f\u0440\u0443\u0442\u043d\u044f\u0301\u043a \u043e\u0431\u044b\u043a\u043d\u043e\u0432\u0435\u0301\u043d\u043d\u044b\u0439<\/p>\n<p>FI: \u00a0Siveydenpuu<\/p>\n<p>Harilikku mungapipart nimetatakse voorusepuuks, karskusepuuks ja kasinusepuuks. Taim on p\u00e4rit Vahemeremaade regioonist, kus ta kasvab 1-6 m heitlehise v\u00e4ikese puu v\u00f5i p\u00f5\u00f5sana. Taimel on s\u00f5rmjad liitlehed ja hallika koorega v\u00f5rsed. Sinised kuni lillad v\u00e4ikesed \u00f5ied on koondunud tipmistesse \u00f5isikutesse.<\/p>\n<p>Kasvamiseks vajab h\u00e4sti kuivendatud pinnast ja p\u00e4ikeselist kuni poolvarjulist kasvukohta. Harilikku mungapipart saab kasvatada potis kasvava p\u00fcsikuna, kui taim talveks jahedasse siseruumi talvituma viia.<\/p>\n<p>Mungapipral on meessuguhormoonide teket v\u00e4hendav toime. Sellest l\u00e4htuvalt on taim oma nimegi saanud, kuna mungad kasutasid mungapipra viljade toimet seksiisu v\u00e4hendamiseks.<\/p>\n<p>Mungapipra kuivatatud vilju kasutatakse ravimite valmistamiseks, millel on premenstruatsiooni (PMS) leevendav toime. Hariliku mungapipra preparaate kasutatakse \u00f6strogeeni ning progesterooni tasakaalu normaliseerimiseks menstruatsiooni ajal.<\/p>\n<p>Mungapipra kasutamine on vastun\u00e4idustatud rasedatele ja imetavatele emadele ning lastele.<\/p>\n<p>K\u00f5rgus: kuni 6 m<\/p>\n<p>\u00d5itsemise aeg: VI-VIII<\/p>\n<p>Talvekindlus: Ei ole talvekindel<\/p>\n<p>Poti suurus: 9<\/p>\n","protected":false},"featured_media":23493,"template":"","meta":{"_acf_changed":false,"_et_pb_use_builder":"","_et_pb_old_content":"","_et_gb_content_width":"","inline_featured_image":false},"product_brand":[],"product_cat":[186,200],"product_tag":[],"class_list":{"0":"post-23492","1":"product","2":"type-product","3":"status-publish","4":"has-post-thumbnail","6":"product_cat-maitse-ja-ravimtaimede-istikud","7":"product_cat-muud-maitsetaimed","9":"first","10":"instock","11":"taxable","12":"shipping-taxable","13":"purchasable","14":"product-type-simple"},"acf":[],"yoast_head":"<!-- This site is optimized with the Yoast SEO plugin v27.5 - https:\/\/yoast.com\/product\/yoast-seo-wordpress\/ -->\n<title>Harilik mungapipar Vitex agnus-castus - Tamme talu \u00fcrdiaed<\/title>\n<meta name=\"robots\" content=\"index, follow, max-snippet:-1, max-image-preview:large, max-video-preview:-1\" \/>\n<link rel=\"canonical\" href=\"https:\/\/tammetalu.eu\/toode\/harilik-mungapipar-vitex-agnus-castus\/\" \/>\n<meta property=\"og:locale\" content=\"fi_FI\" \/>\n<meta property=\"og:type\" content=\"article\" \/>\n<meta property=\"og:title\" content=\"Harilik mungapipar Vitex agnus-castus - Tamme talu \u00fcrdiaed\" \/>\n<meta property=\"og:description\" content=\"LAT: \u00a0Vitex agnus-castus  ENG: \u00a0Monk`s pepper  RU: \u041f\u0440\u0443\u0442\u043d\u044f\u0301\u043a \u043e\u0431\u044b\u043a\u043d\u043e\u0432\u0435\u0301\u043d\u043d\u044b\u0439  FI: \u00a0Siveydenpuu  Harilikku mungapipart nimetatakse voorusepuuks, karskusepuuks ja kasinusepuuks. Taim on p\u00e4rit Vahemeremaade regioonist, kus ta kasvab 1-6 m heitlehise v\u00e4ikese puu v\u00f5i p\u00f5\u00f5sana. Taimel on s\u00f5rmjad liitlehed ja hallika koorega v\u00f5rsed. Sinised kuni lillad v\u00e4ikesed \u00f5ied on koondunud tipmistesse \u00f5isikutesse.  Kasvamiseks vajab h\u00e4sti kuivendatud pinnast ja p\u00e4ikeselist kuni poolvarjulist kasvukohta. Harilikku mungapipart saab kasvatada potis kasvava p\u00fcsikuna, kui taim talveks jahedasse siseruumi talvituma viia.  Mungapipral on meessuguhormoonide teket v\u00e4hendav toime. Sellest l\u00e4htuvalt on taim oma nimegi saanud, kuna mungad kasutasid mungapipra viljade toimet seksiisu v\u00e4hendamiseks.  Mungapipra kuivatatud vilju kasutatakse ravimite valmistamiseks, millel on premenstruatsiooni (PMS) leevendav toime. Hariliku mungapipra preparaate kasutatakse \u00f6strogeeni ning progesterooni tasakaalu normaliseerimiseks menstruatsiooni ajal.  Mungapipra kasutamine on vastun\u00e4idustatud rasedatele ja imetavatele emadele ning lastele.  K\u00f5rgus: kuni 6 m  \u00d5itsemise aeg: VI-VIII  Talvekindlus: Ei ole talvekindel  Poti suurus: 9\" \/>\n<meta property=\"og:url\" content=\"https:\/\/tammetalu.eu\/toode\/harilik-mungapipar-vitex-agnus-castus\/\" \/>\n<meta property=\"og:site_name\" content=\"Tamme talu \u00fcrdiaed\" \/>\n<meta property=\"article:publisher\" content=\"https:\/\/www.facebook.com\/TammeTaluUrdiaed\/?locale=et_EE\" \/>\n<meta property=\"article:modified_time\" content=\"2026-05-04T05:49:19+00:00\" \/>\n<meta property=\"og:image\" content=\"https:\/\/tammetalu.eu\/wp-content\/uploads\/2025\/01\/Harilik_mungapipar_Vitex-agnus-castus_tamme_talu_urdiaed.jpg\" \/>\n\t<meta property=\"og:image:width\" content=\"1000\" \/>\n\t<meta property=\"og:image:height\" content=\"1000\" \/>\n\t<meta property=\"og:image:type\" content=\"image\/jpeg\" \/>\n<meta name=\"twitter:card\" content=\"summary_large_image\" \/>\n<meta name=\"twitter:label1\" content=\"Arvioitu lukuaika\" \/>\n\t<meta name=\"twitter:data1\" content=\"1 minuutti\" \/>\n<script type=\"application\/ld+json\" class=\"yoast-schema-graph\">{\"@context\":\"https:\\\/\\\/schema.org\",\"@graph\":[{\"@type\":\"WebPage\",\"@id\":\"https:\\\/\\\/tammetalu.eu\\\/toode\\\/harilik-mungapipar-vitex-agnus-castus\\\/\",\"url\":\"https:\\\/\\\/tammetalu.eu\\\/toode\\\/harilik-mungapipar-vitex-agnus-castus\\\/\",\"name\":\"Harilik mungapipar Vitex agnus-castus - Tamme talu \u00fcrdiaed\",\"isPartOf\":{\"@id\":\"https:\\\/\\\/tammetalu.eu\\\/#website\"},\"primaryImageOfPage\":{\"@id\":\"https:\\\/\\\/tammetalu.eu\\\/toode\\\/harilik-mungapipar-vitex-agnus-castus\\\/#primaryimage\"},\"image\":{\"@id\":\"https:\\\/\\\/tammetalu.eu\\\/toode\\\/harilik-mungapipar-vitex-agnus-castus\\\/#primaryimage\"},\"thumbnailUrl\":\"https:\\\/\\\/tammetalu.eu\\\/wp-content\\\/uploads\\\/2025\\\/01\\\/Harilik_mungapipar_Vitex-agnus-castus_tamme_talu_urdiaed.jpg\",\"datePublished\":\"2025-02-05T13:56:32+00:00\",\"dateModified\":\"2026-05-04T05:49:19+00:00\",\"breadcrumb\":{\"@id\":\"https:\\\/\\\/tammetalu.eu\\\/toode\\\/harilik-mungapipar-vitex-agnus-castus\\\/#breadcrumb\"},\"inLanguage\":\"fi\",\"potentialAction\":[{\"@type\":\"ReadAction\",\"target\":[\"https:\\\/\\\/tammetalu.eu\\\/toode\\\/harilik-mungapipar-vitex-agnus-castus\\\/\"]}]},{\"@type\":\"ImageObject\",\"inLanguage\":\"fi\",\"@id\":\"https:\\\/\\\/tammetalu.eu\\\/toode\\\/harilik-mungapipar-vitex-agnus-castus\\\/#primaryimage\",\"url\":\"https:\\\/\\\/tammetalu.eu\\\/wp-content\\\/uploads\\\/2025\\\/01\\\/Harilik_mungapipar_Vitex-agnus-castus_tamme_talu_urdiaed.jpg\",\"contentUrl\":\"https:\\\/\\\/tammetalu.eu\\\/wp-content\\\/uploads\\\/2025\\\/01\\\/Harilik_mungapipar_Vitex-agnus-castus_tamme_talu_urdiaed.jpg\",\"width\":1000,\"height\":1000,\"caption\":\"Harilik_mungapipar_Vitex-agnus-castus_tamme_talu_urdiaed\"},{\"@type\":\"BreadcrumbList\",\"@id\":\"https:\\\/\\\/tammetalu.eu\\\/toode\\\/harilik-mungapipar-vitex-agnus-castus\\\/#breadcrumb\",\"itemListElement\":[{\"@type\":\"ListItem\",\"position\":1,\"name\":\"Home\",\"item\":\"https:\\\/\\\/tammetalu.eu\\\/fi\\\/etusivu\\\/\"},{\"@type\":\"ListItem\",\"position\":2,\"name\":\"Kaikki tuotteet\",\"item\":\"https:\\\/\\\/tammetalu.eu\\\/fi\\\/kaikki-tuotteet\\\/\"},{\"@type\":\"ListItem\",\"position\":3,\"name\":\"Harilik mungapipar Vitex agnus-castus\"}]},{\"@type\":\"WebSite\",\"@id\":\"https:\\\/\\\/tammetalu.eu\\\/#website\",\"url\":\"https:\\\/\\\/tammetalu.eu\\\/\",\"name\":\"Tamme talu \u00fcrdiaed\",\"description\":\"K\u00e4sit\u00f6\u00f6na valmistatud tooted \u00fcrtidest, \u00fcrdiistikud, \u00fcrtide kollektsioonaed\",\"publisher\":{\"@id\":\"https:\\\/\\\/tammetalu.eu\\\/#organization\"},\"alternateName\":\"Tamme talu\",\"potentialAction\":[{\"@type\":\"SearchAction\",\"target\":{\"@type\":\"EntryPoint\",\"urlTemplate\":\"https:\\\/\\\/tammetalu.eu\\\/?s={search_term_string}\"},\"query-input\":{\"@type\":\"PropertyValueSpecification\",\"valueRequired\":true,\"valueName\":\"search_term_string\"}}],\"inLanguage\":\"fi\"},{\"@type\":\"Organization\",\"@id\":\"https:\\\/\\\/tammetalu.eu\\\/#organization\",\"name\":\"Tamme talu \u00fcrdiaed\",\"alternateName\":\"Tamme talu\",\"url\":\"https:\\\/\\\/tammetalu.eu\\\/\",\"logo\":{\"@type\":\"ImageObject\",\"inLanguage\":\"fi\",\"@id\":\"https:\\\/\\\/tammetalu.eu\\\/#\\\/schema\\\/logo\\\/image\\\/\",\"url\":\"https:\\\/\\\/tammetalu.eu\\\/wp-content\\\/uploads\\\/2025\\\/01\\\/Tamme_talu_urdiaed.png\",\"contentUrl\":\"https:\\\/\\\/tammetalu.eu\\\/wp-content\\\/uploads\\\/2025\\\/01\\\/Tamme_talu_urdiaed.png\",\"width\":560,\"height\":560,\"caption\":\"Tamme talu \u00fcrdiaed\"},\"image\":{\"@id\":\"https:\\\/\\\/tammetalu.eu\\\/#\\\/schema\\\/logo\\\/image\\\/\"},\"sameAs\":[\"https:\\\/\\\/www.facebook.com\\\/TammeTaluUrdiaed\\\/?locale=et_EE\",\"https:\\\/\\\/www.instagram.com\\\/tammetaluurdiaed\\\/\"]}]}<\/script>\n<!-- \/ Yoast SEO plugin. -->","yoast_head_json":{"title":"Harilik mungapipar Vitex agnus-castus - Tamme talu \u00fcrdiaed","robots":{"index":"index","follow":"follow","max-snippet":"max-snippet:-1","max-image-preview":"max-image-preview:large","max-video-preview":"max-video-preview:-1"},"canonical":"https:\/\/tammetalu.eu\/toode\/harilik-mungapipar-vitex-agnus-castus\/","og_locale":"fi_FI","og_type":"article","og_title":"Harilik mungapipar Vitex agnus-castus - Tamme talu \u00fcrdiaed","og_description":"LAT: \u00a0Vitex agnus-castus  ENG: \u00a0Monk`s pepper  RU: \u041f\u0440\u0443\u0442\u043d\u044f\u0301\u043a \u043e\u0431\u044b\u043a\u043d\u043e\u0432\u0435\u0301\u043d\u043d\u044b\u0439  FI: \u00a0Siveydenpuu  Harilikku mungapipart nimetatakse voorusepuuks, karskusepuuks ja kasinusepuuks. Taim on p\u00e4rit Vahemeremaade regioonist, kus ta kasvab 1-6 m heitlehise v\u00e4ikese puu v\u00f5i p\u00f5\u00f5sana. Taimel on s\u00f5rmjad liitlehed ja hallika koorega v\u00f5rsed. Sinised kuni lillad v\u00e4ikesed \u00f5ied on koondunud tipmistesse \u00f5isikutesse.  Kasvamiseks vajab h\u00e4sti kuivendatud pinnast ja p\u00e4ikeselist kuni poolvarjulist kasvukohta. Harilikku mungapipart saab kasvatada potis kasvava p\u00fcsikuna, kui taim talveks jahedasse siseruumi talvituma viia.  Mungapipral on meessuguhormoonide teket v\u00e4hendav toime. Sellest l\u00e4htuvalt on taim oma nimegi saanud, kuna mungad kasutasid mungapipra viljade toimet seksiisu v\u00e4hendamiseks.  Mungapipra kuivatatud vilju kasutatakse ravimite valmistamiseks, millel on premenstruatsiooni (PMS) leevendav toime. Hariliku mungapipra preparaate kasutatakse \u00f6strogeeni ning progesterooni tasakaalu normaliseerimiseks menstruatsiooni ajal.  Mungapipra kasutamine on vastun\u00e4idustatud rasedatele ja imetavatele emadele ning lastele.  K\u00f5rgus: kuni 6 m  \u00d5itsemise aeg: VI-VIII  Talvekindlus: Ei ole talvekindel  Poti suurus: 9","og_url":"https:\/\/tammetalu.eu\/toode\/harilik-mungapipar-vitex-agnus-castus\/","og_site_name":"Tamme talu \u00fcrdiaed","article_publisher":"https:\/\/www.facebook.com\/TammeTaluUrdiaed\/?locale=et_EE","article_modified_time":"2026-05-04T05:49:19+00:00","og_image":[{"width":1000,"height":1000,"url":"https:\/\/tammetalu.eu\/wp-content\/uploads\/2025\/01\/Harilik_mungapipar_Vitex-agnus-castus_tamme_talu_urdiaed.jpg","type":"image\/jpeg"}],"twitter_card":"summary_large_image","twitter_misc":{"Arvioitu lukuaika":"1 minuutti"},"schema":{"@context":"https:\/\/schema.org","@graph":[{"@type":"WebPage","@id":"https:\/\/tammetalu.eu\/toode\/harilik-mungapipar-vitex-agnus-castus\/","url":"https:\/\/tammetalu.eu\/toode\/harilik-mungapipar-vitex-agnus-castus\/","name":"Harilik mungapipar Vitex agnus-castus - Tamme talu \u00fcrdiaed","isPartOf":{"@id":"https:\/\/tammetalu.eu\/#website"},"primaryImageOfPage":{"@id":"https:\/\/tammetalu.eu\/toode\/harilik-mungapipar-vitex-agnus-castus\/#primaryimage"},"image":{"@id":"https:\/\/tammetalu.eu\/toode\/harilik-mungapipar-vitex-agnus-castus\/#primaryimage"},"thumbnailUrl":"https:\/\/tammetalu.eu\/wp-content\/uploads\/2025\/01\/Harilik_mungapipar_Vitex-agnus-castus_tamme_talu_urdiaed.jpg","datePublished":"2025-02-05T13:56:32+00:00","dateModified":"2026-05-04T05:49:19+00:00","breadcrumb":{"@id":"https:\/\/tammetalu.eu\/toode\/harilik-mungapipar-vitex-agnus-castus\/#breadcrumb"},"inLanguage":"fi","potentialAction":[{"@type":"ReadAction","target":["https:\/\/tammetalu.eu\/toode\/harilik-mungapipar-vitex-agnus-castus\/"]}]},{"@type":"ImageObject","inLanguage":"fi","@id":"https:\/\/tammetalu.eu\/toode\/harilik-mungapipar-vitex-agnus-castus\/#primaryimage","url":"https:\/\/tammetalu.eu\/wp-content\/uploads\/2025\/01\/Harilik_mungapipar_Vitex-agnus-castus_tamme_talu_urdiaed.jpg","contentUrl":"https:\/\/tammetalu.eu\/wp-content\/uploads\/2025\/01\/Harilik_mungapipar_Vitex-agnus-castus_tamme_talu_urdiaed.jpg","width":1000,"height":1000,"caption":"Harilik_mungapipar_Vitex-agnus-castus_tamme_talu_urdiaed"},{"@type":"BreadcrumbList","@id":"https:\/\/tammetalu.eu\/toode\/harilik-mungapipar-vitex-agnus-castus\/#breadcrumb","itemListElement":[{"@type":"ListItem","position":1,"name":"Home","item":"https:\/\/tammetalu.eu\/fi\/etusivu\/"},{"@type":"ListItem","position":2,"name":"Kaikki tuotteet","item":"https:\/\/tammetalu.eu\/fi\/kaikki-tuotteet\/"},{"@type":"ListItem","position":3,"name":"Harilik mungapipar Vitex agnus-castus"}]},{"@type":"WebSite","@id":"https:\/\/tammetalu.eu\/#website","url":"https:\/\/tammetalu.eu\/","name":"Tamme talu \u00fcrdiaed","description":"K\u00e4sit\u00f6\u00f6na valmistatud tooted \u00fcrtidest, \u00fcrdiistikud, \u00fcrtide kollektsioonaed","publisher":{"@id":"https:\/\/tammetalu.eu\/#organization"},"alternateName":"Tamme talu","potentialAction":[{"@type":"SearchAction","target":{"@type":"EntryPoint","urlTemplate":"https:\/\/tammetalu.eu\/?s={search_term_string}"},"query-input":{"@type":"PropertyValueSpecification","valueRequired":true,"valueName":"search_term_string"}}],"inLanguage":"fi"},{"@type":"Organization","@id":"https:\/\/tammetalu.eu\/#organization","name":"Tamme talu \u00fcrdiaed","alternateName":"Tamme talu","url":"https:\/\/tammetalu.eu\/","logo":{"@type":"ImageObject","inLanguage":"fi","@id":"https:\/\/tammetalu.eu\/#\/schema\/logo\/image\/","url":"https:\/\/tammetalu.eu\/wp-content\/uploads\/2025\/01\/Tamme_talu_urdiaed.png","contentUrl":"https:\/\/tammetalu.eu\/wp-content\/uploads\/2025\/01\/Tamme_talu_urdiaed.png","width":560,"height":560,"caption":"Tamme talu \u00fcrdiaed"},"image":{"@id":"https:\/\/tammetalu.eu\/#\/schema\/logo\/image\/"},"sameAs":["https:\/\/www.facebook.com\/TammeTaluUrdiaed\/?locale=et_EE","https:\/\/www.instagram.com\/tammetaluurdiaed\/"]}]}},"_links":{"self":[{"href":"https:\/\/tammetalu.eu\/fi\/wp-json\/wp\/v2\/product\/23492","targetHints":{"allow":["GET"]}}],"collection":[{"href":"https:\/\/tammetalu.eu\/fi\/wp-json\/wp\/v2\/product"}],"about":[{"href":"https:\/\/tammetalu.eu\/fi\/wp-json\/wp\/v2\/types\/product"}],"wp:featuredmedia":[{"embeddable":true,"href":"https:\/\/tammetalu.eu\/fi\/wp-json\/wp\/v2\/media\/23493"}],"wp:attachment":[{"href":"https:\/\/tammetalu.eu\/fi\/wp-json\/wp\/v2\/media?parent=23492"}],"wp:term":[{"taxonomy":"product_brand","embeddable":true,"href":"https:\/\/tammetalu.eu\/fi\/wp-json\/wp\/v2\/product_brand?post=23492"},{"taxonomy":"product_cat","embeddable":true,"href":"https:\/\/tammetalu.eu\/fi\/wp-json\/wp\/v2\/product_cat?post=23492"},{"taxonomy":"product_tag","embeddable":true,"href":"https:\/\/tammetalu.eu\/fi\/wp-json\/wp\/v2\/product_tag?post=23492"}],"curies":[{"name":"wp","href":"https:\/\/api.w.org\/{rel}","templated":true}]}}