{"id":23955,"date":"2025-02-07T13:25:48","date_gmt":"2025-02-07T11:25:48","guid":{"rendered":"https:\/\/tammetalu.eu\/?post_type=product&#038;p=23955"},"modified":"2026-02-02T15:14:23","modified_gmt":"2026-02-02T13:14:23","slug":"rohemunt-mentha-spicata-hillary-s-sweet-lemon","status":"publish","type":"product","link":"https:\/\/tammetalu.eu\/fi\/toode\/rohemunt-mentha-spicata-hillary-s-sweet-lemon\/","title":{"rendered":"Rohem\u00fcnt Mentha spicata &#8221;Hillary`s Sweet Lemon&#8221;"},"content":{"rendered":"","protected":false},"excerpt":{"rendered":"<p><span style=\"font-weight: 400;\">Rohem\u00fcnt <\/span><i><span style=\"font-weight: 400;\">Mentha spicata &#8221;Hillary \u0301s Sweet Lemon&#8221;<\/span><\/i><\/p>\n<p><span style=\"font-weight: 400;\">LAT:\u00a0 <\/span><i><span style=\"font-weight: 400;\">Mentha spicata &#8221;Hillary \u0301s Sweet Lemon&#8221;<\/span><\/i><\/p>\n<p><span style=\"font-weight: 400;\">ENG:\u00a0 Spearmint &#8221;Hillary \u0301s Sweet Lemon&#8221;<\/span><\/p>\n<p><span style=\"font-weight: 400;\">RU:\u00a0 M\u044f\u0442\u0430 \u043a\u043e\u043b\u043e\u0441\u0438\u0441\u0442\u0430\u044f &#8221;Hillary \u0301s Sweet Lemon&#8221;<\/span><\/p>\n<p><span style=\"font-weight: 400;\">FI: Viherminttu &#8221;Hillary \u0301s Sweet Lemon&#8221;<\/span><\/p>\n<p><span style=\"font-weight: 400;\">&#8221;Hillary \u0301s Sweet Lemon&#8221;\u00a0 Ilusad sinakashalli tooniga v\u00e4heldased lehed ja valged v\u00e4ikesed \u00f5ied, mis on koondunud tihedatesse t\u00e4hkjatesse \u00f5isikutesse. Levib risoomidega. Sobib poolvarjuline v\u00f5i p\u00e4ikeseline parasniiske mullaga kasvukoht. On v\u00e4ga talvekindel. Oma kauni lehestiku ja tiheda kasvukuju t\u00f5ttu on sort sobiv kasvatamiseks suuremas potis r\u00f5dul v\u00f5i terrassil. Taim vajab \u00fcle paari kolme aasta\u00a0 uuendamist ja seda on kerge teha noorte risoomidega, mis istutatakse uude kohta v\u00f5i anumasse umbrohupuhtasse mulda. Potis kasvatamisel on soovitatav\u00a0 taimi igal kevadel jagada.<\/span><\/p>\n<p><span style=\"font-weight: 400;\">Lehtedel on karge ja v\u00e4ga meeldiv sidrunise alatooniga m\u00fcndiaroom, millest saab valmistada t\u00e4iusliku maitsega klassikalise m\u00fcnditee. V\u00e4rskeid ja kuivatatud lehti kasutatakse roogade, jookide, kastmete ja k\u00fcpsetiste maitsestamiseks ning garneerimiseks. Eriti h\u00e4sti sobib kasutada erinevates kokteilides ja jahedates suvejookides.\u00a0<\/span><\/p>\n<p><span style=\"font-weight: 400;\">M\u00fcnt sobi oma maitselt kasutamiseks nii soolastes kui magusates roogades ja tee valmistamiseks nii \u00fcksiktaimena kui teiste sobivate teetaimedega koos.<\/span><\/p>\n<p><span style=\"font-weight: 400;\">Rohem\u00fcndil on seedimist soodustav ja k\u00f5hupuhitusi leevendav toime. Rohem\u00fcnti soovitatakse v\u00e4ikelastele oma n\u00f5rgema toime t\u00f5ttu kasutamiseks piparm\u00fcndi asemel.<\/span><\/p>\n<p><span style=\"font-weight: 400;\">K\u00f5rgus: kuni 0,8 m<\/span><\/p>\n<p><span style=\"font-weight: 400;\">\u00d5itsemise aeg: VI-VIII<\/span><\/p>\n<p><span style=\"font-weight: 400;\">Talvekindlus: Talvekindel<\/span><\/p>\n<p>&nbsp;<\/p>\n","protected":false},"featured_media":23956,"template":"","meta":{"_acf_changed":false,"_et_pb_use_builder":"","_et_pb_old_content":"","_et_gb_content_width":"","inline_featured_image":false},"product_brand":[],"product_cat":[186,192],"product_tag":[],"class_list":{"0":"post-23955","1":"product","2":"type-product","3":"status-publish","4":"has-post-thumbnail","6":"product_cat-maitse-ja-ravimtaimede-istikud","7":"product_cat-mundid","9":"first","10":"outofstock","11":"sale","12":"taxable","13":"shipping-taxable","14":"purchasable","15":"product-type-simple"},"acf":[],"yoast_head":"<!-- This site is optimized with the Yoast SEO plugin v26.4 - https:\/\/yoast.com\/wordpress\/plugins\/seo\/ -->\n<title>Rohem\u00fcnt Mentha spicata &quot;Hillary`s Sweet Lemon&quot; - Tamme talu \u00fcrdiaed<\/title>\n<meta name=\"description\" content=\"Lehtedel on karge ja v\u00e4ga meeldiv m\u00fcndiaroom, millest saab valmistada t\u00e4iusliku maitsega klassikalise m\u00fcnditee. V\u00e4rskeid ja kuivatatud lehti kasutatakse erinevate roogade, jookide, kastmete ja k\u00fcpsetiste maitsestamiseks ning garneerimiseks.\" \/>\n<meta name=\"robots\" content=\"index, follow, max-snippet:-1, max-image-preview:large, max-video-preview:-1\" \/>\n<link rel=\"canonical\" href=\"https:\/\/tammetalu.eu\/toode\/rohemunt-mentha-spicata-hillary-s-sweet-lemon\/\" \/>\n<meta property=\"og:locale\" content=\"fi_FI\" \/>\n<meta property=\"og:type\" content=\"article\" \/>\n<meta property=\"og:title\" content=\"Rohem\u00fcnt Mentha spicata &quot;Hillary`s Sweet Lemon&quot; - Tamme talu \u00fcrdiaed\" \/>\n<meta property=\"og:description\" content=\"Lehtedel on karge ja v\u00e4ga meeldiv m\u00fcndiaroom, millest saab valmistada t\u00e4iusliku maitsega klassikalise m\u00fcnditee. V\u00e4rskeid ja kuivatatud lehti kasutatakse erinevate roogade, jookide, kastmete ja k\u00fcpsetiste maitsestamiseks ning garneerimiseks.\" \/>\n<meta property=\"og:url\" content=\"https:\/\/tammetalu.eu\/toode\/rohemunt-mentha-spicata-hillary-s-sweet-lemon\/\" \/>\n<meta property=\"og:site_name\" content=\"Tamme talu \u00fcrdiaed\" \/>\n<meta property=\"article:publisher\" content=\"https:\/\/www.facebook.com\/TammeTaluUrdiaed\/?locale=et_EE\" \/>\n<meta property=\"article:modified_time\" content=\"2026-02-02T13:14:23+00:00\" \/>\n<meta property=\"og:image\" content=\"https:\/\/tammetalu.eu\/wp-content\/uploads\/2025\/02\/Rohemunt_Mentha_spicata_Hillary-\u0301s_Sweet_Lemon_Tamme_talu_urdiaed.jpg\" \/>\n\t<meta property=\"og:image:width\" content=\"1000\" \/>\n\t<meta property=\"og:image:height\" content=\"1000\" \/>\n\t<meta property=\"og:image:type\" content=\"image\/jpeg\" \/>\n<meta name=\"twitter:card\" content=\"summary_large_image\" \/>\n<meta name=\"twitter:label1\" content=\"Arvioitu lukuaika\" \/>\n\t<meta name=\"twitter:data1\" content=\"1 minuutti\" \/>\n<script type=\"application\/ld+json\" class=\"yoast-schema-graph\">{\"@context\":\"https:\/\/schema.org\",\"@graph\":[{\"@type\":\"WebPage\",\"@id\":\"https:\/\/tammetalu.eu\/toode\/rohemunt-mentha-spicata-hillary-s-sweet-lemon\/\",\"url\":\"https:\/\/tammetalu.eu\/toode\/rohemunt-mentha-spicata-hillary-s-sweet-lemon\/\",\"name\":\"Rohem\u00fcnt Mentha spicata \\\"Hillary`s Sweet Lemon\\\" - Tamme talu \u00fcrdiaed\",\"isPartOf\":{\"@id\":\"https:\/\/tammetalu.eu\/#website\"},\"primaryImageOfPage\":{\"@id\":\"https:\/\/tammetalu.eu\/toode\/rohemunt-mentha-spicata-hillary-s-sweet-lemon\/#primaryimage\"},\"image\":{\"@id\":\"https:\/\/tammetalu.eu\/toode\/rohemunt-mentha-spicata-hillary-s-sweet-lemon\/#primaryimage\"},\"thumbnailUrl\":\"https:\/\/tammetalu.eu\/wp-content\/uploads\/2025\/02\/Rohemunt_Mentha_spicata_Hillary-\u0301s_Sweet_Lemon_Tamme_talu_urdiaed.jpg\",\"datePublished\":\"2025-02-07T11:25:48+00:00\",\"dateModified\":\"2026-02-02T13:14:23+00:00\",\"description\":\"Lehtedel on karge ja v\u00e4ga meeldiv m\u00fcndiaroom, millest saab valmistada t\u00e4iusliku maitsega klassikalise m\u00fcnditee. V\u00e4rskeid ja kuivatatud lehti kasutatakse erinevate roogade, jookide, kastmete ja k\u00fcpsetiste maitsestamiseks ning garneerimiseks.\",\"breadcrumb\":{\"@id\":\"https:\/\/tammetalu.eu\/toode\/rohemunt-mentha-spicata-hillary-s-sweet-lemon\/#breadcrumb\"},\"inLanguage\":\"fi\",\"potentialAction\":[{\"@type\":\"ReadAction\",\"target\":[\"https:\/\/tammetalu.eu\/toode\/rohemunt-mentha-spicata-hillary-s-sweet-lemon\/\"]}]},{\"@type\":\"ImageObject\",\"inLanguage\":\"fi\",\"@id\":\"https:\/\/tammetalu.eu\/toode\/rohemunt-mentha-spicata-hillary-s-sweet-lemon\/#primaryimage\",\"url\":\"https:\/\/tammetalu.eu\/wp-content\/uploads\/2025\/02\/Rohemunt_Mentha_spicata_Hillary-\u0301s_Sweet_Lemon_Tamme_talu_urdiaed.jpg\",\"contentUrl\":\"https:\/\/tammetalu.eu\/wp-content\/uploads\/2025\/02\/Rohemunt_Mentha_spicata_Hillary-\u0301s_Sweet_Lemon_Tamme_talu_urdiaed.jpg\",\"width\":1000,\"height\":1000,\"caption\":\"Rohemunt_Mentha_spicata_Hillary-\u0301s_Sweet_Lemon_Tamme_talu_urdiaed\"},{\"@type\":\"BreadcrumbList\",\"@id\":\"https:\/\/tammetalu.eu\/toode\/rohemunt-mentha-spicata-hillary-s-sweet-lemon\/#breadcrumb\",\"itemListElement\":[{\"@type\":\"ListItem\",\"position\":1,\"name\":\"Home\",\"item\":\"https:\/\/tammetalu.eu\/fi\/etusivu\/\"},{\"@type\":\"ListItem\",\"position\":2,\"name\":\"Kaikki tuotteet\",\"item\":\"https:\/\/tammetalu.eu\/fi\/kaikki-tuotteet\/\"},{\"@type\":\"ListItem\",\"position\":3,\"name\":\"Rohem\u00fcnt Mentha spicata &#8220;Hillary`s Sweet Lemon&#8221;\"}]},{\"@type\":\"WebSite\",\"@id\":\"https:\/\/tammetalu.eu\/#website\",\"url\":\"https:\/\/tammetalu.eu\/\",\"name\":\"Tamme talu \u00fcrdiaed\",\"description\":\"K\u00e4sit\u00f6\u00f6na valmistatud tooted \u00fcrtidest, \u00fcrdiistikud, \u00fcrtide kollektsioonaed\",\"publisher\":{\"@id\":\"https:\/\/tammetalu.eu\/#organization\"},\"alternateName\":\"Tamme talu\",\"potentialAction\":[{\"@type\":\"SearchAction\",\"target\":{\"@type\":\"EntryPoint\",\"urlTemplate\":\"https:\/\/tammetalu.eu\/?s={search_term_string}\"},\"query-input\":{\"@type\":\"PropertyValueSpecification\",\"valueRequired\":true,\"valueName\":\"search_term_string\"}}],\"inLanguage\":\"fi\"},{\"@type\":\"Organization\",\"@id\":\"https:\/\/tammetalu.eu\/#organization\",\"name\":\"Tamme talu \u00fcrdiaed\",\"alternateName\":\"Tamme talu\",\"url\":\"https:\/\/tammetalu.eu\/\",\"logo\":{\"@type\":\"ImageObject\",\"inLanguage\":\"fi\",\"@id\":\"https:\/\/tammetalu.eu\/#\/schema\/logo\/image\/\",\"url\":\"https:\/\/tammetalu.eu\/wp-content\/uploads\/2025\/01\/Tamme_talu_urdiaed.png\",\"contentUrl\":\"https:\/\/tammetalu.eu\/wp-content\/uploads\/2025\/01\/Tamme_talu_urdiaed.png\",\"width\":560,\"height\":560,\"caption\":\"Tamme talu \u00fcrdiaed\"},\"image\":{\"@id\":\"https:\/\/tammetalu.eu\/#\/schema\/logo\/image\/\"},\"sameAs\":[\"https:\/\/www.facebook.com\/TammeTaluUrdiaed\/?locale=et_EE\",\"https:\/\/www.instagram.com\/tammetaluurdiaed\/\"]}]}<\/script>\n<!-- \/ Yoast SEO plugin. -->","yoast_head_json":{"title":"Rohem\u00fcnt Mentha spicata \"Hillary`s Sweet Lemon\" - Tamme talu \u00fcrdiaed","description":"Lehtedel on karge ja v\u00e4ga meeldiv m\u00fcndiaroom, millest saab valmistada t\u00e4iusliku maitsega klassikalise m\u00fcnditee. V\u00e4rskeid ja kuivatatud lehti kasutatakse erinevate roogade, jookide, kastmete ja k\u00fcpsetiste maitsestamiseks ning garneerimiseks.","robots":{"index":"index","follow":"follow","max-snippet":"max-snippet:-1","max-image-preview":"max-image-preview:large","max-video-preview":"max-video-preview:-1"},"canonical":"https:\/\/tammetalu.eu\/toode\/rohemunt-mentha-spicata-hillary-s-sweet-lemon\/","og_locale":"fi_FI","og_type":"article","og_title":"Rohem\u00fcnt Mentha spicata \"Hillary`s Sweet Lemon\" - Tamme talu \u00fcrdiaed","og_description":"Lehtedel on karge ja v\u00e4ga meeldiv m\u00fcndiaroom, millest saab valmistada t\u00e4iusliku maitsega klassikalise m\u00fcnditee. V\u00e4rskeid ja kuivatatud lehti kasutatakse erinevate roogade, jookide, kastmete ja k\u00fcpsetiste maitsestamiseks ning garneerimiseks.","og_url":"https:\/\/tammetalu.eu\/toode\/rohemunt-mentha-spicata-hillary-s-sweet-lemon\/","og_site_name":"Tamme talu \u00fcrdiaed","article_publisher":"https:\/\/www.facebook.com\/TammeTaluUrdiaed\/?locale=et_EE","article_modified_time":"2026-02-02T13:14:23+00:00","og_image":[{"width":1000,"height":1000,"url":"https:\/\/tammetalu.eu\/wp-content\/uploads\/2025\/02\/Rohemunt_Mentha_spicata_Hillary-\u0301s_Sweet_Lemon_Tamme_talu_urdiaed.jpg","type":"image\/jpeg"}],"twitter_card":"summary_large_image","twitter_misc":{"Arvioitu lukuaika":"1 minuutti"},"schema":{"@context":"https:\/\/schema.org","@graph":[{"@type":"WebPage","@id":"https:\/\/tammetalu.eu\/toode\/rohemunt-mentha-spicata-hillary-s-sweet-lemon\/","url":"https:\/\/tammetalu.eu\/toode\/rohemunt-mentha-spicata-hillary-s-sweet-lemon\/","name":"Rohem\u00fcnt Mentha spicata \"Hillary`s Sweet Lemon\" - Tamme talu \u00fcrdiaed","isPartOf":{"@id":"https:\/\/tammetalu.eu\/#website"},"primaryImageOfPage":{"@id":"https:\/\/tammetalu.eu\/toode\/rohemunt-mentha-spicata-hillary-s-sweet-lemon\/#primaryimage"},"image":{"@id":"https:\/\/tammetalu.eu\/toode\/rohemunt-mentha-spicata-hillary-s-sweet-lemon\/#primaryimage"},"thumbnailUrl":"https:\/\/tammetalu.eu\/wp-content\/uploads\/2025\/02\/Rohemunt_Mentha_spicata_Hillary-\u0301s_Sweet_Lemon_Tamme_talu_urdiaed.jpg","datePublished":"2025-02-07T11:25:48+00:00","dateModified":"2026-02-02T13:14:23+00:00","description":"Lehtedel on karge ja v\u00e4ga meeldiv m\u00fcndiaroom, millest saab valmistada t\u00e4iusliku maitsega klassikalise m\u00fcnditee. V\u00e4rskeid ja kuivatatud lehti kasutatakse erinevate roogade, jookide, kastmete ja k\u00fcpsetiste maitsestamiseks ning garneerimiseks.","breadcrumb":{"@id":"https:\/\/tammetalu.eu\/toode\/rohemunt-mentha-spicata-hillary-s-sweet-lemon\/#breadcrumb"},"inLanguage":"fi","potentialAction":[{"@type":"ReadAction","target":["https:\/\/tammetalu.eu\/toode\/rohemunt-mentha-spicata-hillary-s-sweet-lemon\/"]}]},{"@type":"ImageObject","inLanguage":"fi","@id":"https:\/\/tammetalu.eu\/toode\/rohemunt-mentha-spicata-hillary-s-sweet-lemon\/#primaryimage","url":"https:\/\/tammetalu.eu\/wp-content\/uploads\/2025\/02\/Rohemunt_Mentha_spicata_Hillary-\u0301s_Sweet_Lemon_Tamme_talu_urdiaed.jpg","contentUrl":"https:\/\/tammetalu.eu\/wp-content\/uploads\/2025\/02\/Rohemunt_Mentha_spicata_Hillary-\u0301s_Sweet_Lemon_Tamme_talu_urdiaed.jpg","width":1000,"height":1000,"caption":"Rohemunt_Mentha_spicata_Hillary-\u0301s_Sweet_Lemon_Tamme_talu_urdiaed"},{"@type":"BreadcrumbList","@id":"https:\/\/tammetalu.eu\/toode\/rohemunt-mentha-spicata-hillary-s-sweet-lemon\/#breadcrumb","itemListElement":[{"@type":"ListItem","position":1,"name":"Home","item":"https:\/\/tammetalu.eu\/fi\/etusivu\/"},{"@type":"ListItem","position":2,"name":"Kaikki tuotteet","item":"https:\/\/tammetalu.eu\/fi\/kaikki-tuotteet\/"},{"@type":"ListItem","position":3,"name":"Rohem\u00fcnt Mentha spicata &#8220;Hillary`s Sweet Lemon&#8221;"}]},{"@type":"WebSite","@id":"https:\/\/tammetalu.eu\/#website","url":"https:\/\/tammetalu.eu\/","name":"Tamme talu \u00fcrdiaed","description":"K\u00e4sit\u00f6\u00f6na valmistatud tooted \u00fcrtidest, \u00fcrdiistikud, \u00fcrtide kollektsioonaed","publisher":{"@id":"https:\/\/tammetalu.eu\/#organization"},"alternateName":"Tamme talu","potentialAction":[{"@type":"SearchAction","target":{"@type":"EntryPoint","urlTemplate":"https:\/\/tammetalu.eu\/?s={search_term_string}"},"query-input":{"@type":"PropertyValueSpecification","valueRequired":true,"valueName":"search_term_string"}}],"inLanguage":"fi"},{"@type":"Organization","@id":"https:\/\/tammetalu.eu\/#organization","name":"Tamme talu \u00fcrdiaed","alternateName":"Tamme talu","url":"https:\/\/tammetalu.eu\/","logo":{"@type":"ImageObject","inLanguage":"fi","@id":"https:\/\/tammetalu.eu\/#\/schema\/logo\/image\/","url":"https:\/\/tammetalu.eu\/wp-content\/uploads\/2025\/01\/Tamme_talu_urdiaed.png","contentUrl":"https:\/\/tammetalu.eu\/wp-content\/uploads\/2025\/01\/Tamme_talu_urdiaed.png","width":560,"height":560,"caption":"Tamme talu \u00fcrdiaed"},"image":{"@id":"https:\/\/tammetalu.eu\/#\/schema\/logo\/image\/"},"sameAs":["https:\/\/www.facebook.com\/TammeTaluUrdiaed\/?locale=et_EE","https:\/\/www.instagram.com\/tammetaluurdiaed\/"]}]}},"_links":{"self":[{"href":"https:\/\/tammetalu.eu\/fi\/wp-json\/wp\/v2\/product\/23955","targetHints":{"allow":["GET"]}}],"collection":[{"href":"https:\/\/tammetalu.eu\/fi\/wp-json\/wp\/v2\/product"}],"about":[{"href":"https:\/\/tammetalu.eu\/fi\/wp-json\/wp\/v2\/types\/product"}],"wp:featuredmedia":[{"embeddable":true,"href":"https:\/\/tammetalu.eu\/fi\/wp-json\/wp\/v2\/media\/23956"}],"wp:attachment":[{"href":"https:\/\/tammetalu.eu\/fi\/wp-json\/wp\/v2\/media?parent=23955"}],"wp:term":[{"taxonomy":"product_brand","embeddable":true,"href":"https:\/\/tammetalu.eu\/fi\/wp-json\/wp\/v2\/product_brand?post=23955"},{"taxonomy":"product_cat","embeddable":true,"href":"https:\/\/tammetalu.eu\/fi\/wp-json\/wp\/v2\/product_cat?post=23955"},{"taxonomy":"product_tag","embeddable":true,"href":"https:\/\/tammetalu.eu\/fi\/wp-json\/wp\/v2\/product_tag?post=23955"}],"curies":[{"name":"wp","href":"https:\/\/api.w.org\/{rel}","templated":true}]}}