{"id":23973,"date":"2025-02-07T16:47:46","date_gmt":"2025-02-07T14:47:46","guid":{"rendered":"https:\/\/tammetalu.eu\/?post_type=product&#038;p=23973"},"modified":"2026-02-02T15:14:23","modified_gmt":"2026-02-02T13:14:23","slug":"aedruut-ruta-graveolens","status":"publish","type":"product","link":"https:\/\/tammetalu.eu\/fi\/toode\/aedruut-ruta-graveolens\/","title":{"rendered":"Aedruut Ruta graveolens"},"content":{"rendered":"","protected":false},"excerpt":{"rendered":"<p>Aedruut Ruta graveolens<\/p>\n<p>LAT: \u00a0<em>Ruta graveolens<\/em><\/p>\n<p>ENG: \u00a0Common rue<\/p>\n<p>RU: \u00a0\u0420\u0443\u0442\u0430 \u0434\u0443\u0448\u0438\u0441\u0442\u0430\u044f<\/p>\n<p>FI: \u00a0Tuoksuruuta<\/p>\n<p>Aedruut on sinakashallide sulgjate liitlehtede ja kollaste omap\u00e4raste \u00f5itega maitse- ja ravimtaim, mis sobib kasvama igas kuiva kuni parasniiske mullaga peenras nii t\u00e4isp\u00e4ikeses kui poolvarjus. Aedruut on v\u00e4hen\u00f5udlik ja pikaealine, lisaks ka Leedu rahvustaim. Igal kevadel enne kasvu alustamist on soovitav taime k\u00e4rpida, et tagada hilisem kena kasvukuju.<\/p>\n<p>Aedruut on taim, mille hooldamisel v\u00f5i lehtede kogumisel peaks kasutama kaitsekindaid, eriti siis, kui on p\u00e4ikeseline ja kuum ilm, sest aedruudi mahl v\u00f5ib tekitada eriti koosm\u00f5jus kuuma p\u00e4ikesekiirgusega nahale v\u00e4ga visalt paranevaid ville.<\/p>\n<p>Aedruuti kasutatakse k\u00f6\u00f6gis muna, juustu, liha ja riisitoitude maitsestamiseks. Aedruudi eeterlik \u00f5li on oluline komponent alkoholit\u00f6\u00f6stuses, sellega maitsestatakse lik\u00f6\u00f6re ja br\u00e4ndisid, klassikaliste \u00fcrdinapside koostises on v\u00e4ga oluline maitset andev komponent.<\/p>\n<p>Aedruudi toime on rahustav ja und soodustav. Lisaks emaka toonust t\u00f5stev, spasme l\u00f5\u00f5gastav, kergelt valu vaigistav s\u00f6\u00f6giisu suurendav ja seedetegevust ergutav. Suurtes kogustes v\u00f5ib taim olla m\u00fcrgine, seet\u00f5ttu \u00fcle paari n\u00e4dala j\u00e4rjest aedruuti tarvitada pole soovitav. Taime kasutatakse sooleparasiitide t\u00f5rjeks. Kasutatakse ka ruumides parasiitide t\u00f5rjeks. Lastele aedruudi manustamine ravimtaimena ei ole soovitav.<\/p>\n<p>K\u00f5rgus: kuni 0,6 m<\/p>\n<p>\u00d5itsemise aeg: VI-VIII<\/p>\n<p>Talvekindlus: Talvekindel<\/p>\n<p>&nbsp;<\/p>\n","protected":false},"featured_media":23974,"template":"","meta":{"_acf_changed":false,"_et_pb_use_builder":"","_et_pb_old_content":"","_et_gb_content_width":"","inline_featured_image":false},"product_brand":[],"product_cat":[186,200],"product_tag":[],"class_list":{"0":"post-23973","1":"product","2":"type-product","3":"status-publish","4":"has-post-thumbnail","6":"product_cat-maitse-ja-ravimtaimede-istikud","7":"product_cat-muud-maitsetaimed","9":"first","10":"outofstock","11":"sale","12":"taxable","13":"shipping-taxable","14":"purchasable","15":"product-type-simple"},"acf":[],"yoast_head":"<!-- This site is optimized with the Yoast SEO plugin v26.4 - https:\/\/yoast.com\/wordpress\/plugins\/seo\/ -->\n<title>Aedruut Ruta graveolens - Tamme talu \u00fcrdiaed<\/title>\n<meta name=\"robots\" content=\"index, follow, max-snippet:-1, max-image-preview:large, max-video-preview:-1\" \/>\n<link rel=\"canonical\" href=\"https:\/\/tammetalu.eu\/toode\/aedruut-ruta-graveolens\/\" \/>\n<meta property=\"og:locale\" content=\"fi_FI\" \/>\n<meta property=\"og:type\" content=\"article\" \/>\n<meta property=\"og:title\" content=\"Aedruut Ruta graveolens - Tamme talu \u00fcrdiaed\" \/>\n<meta property=\"og:description\" content=\"Aedruut Ruta graveolens  LAT: \u00a0Ruta graveolens  ENG: \u00a0Common rue  RU: \u00a0\u0420\u0443\u0442\u0430 \u0434\u0443\u0448\u0438\u0441\u0442\u0430\u044f  FI: \u00a0Tuoksuruuta  Aedruut on sinakashallide sulgjate liitlehtede ja kollaste omap\u00e4raste \u00f5itega maitse- ja ravimtaim, mis sobib kasvama igas kuiva kuni parasniiske mullaga peenras nii t\u00e4isp\u00e4ikeses kui poolvarjus. Aedruut on v\u00e4hen\u00f5udlik ja pikaealine, lisaks ka Leedu rahvustaim. Igal kevadel enne kasvu alustamist on soovitav taime k\u00e4rpida, et tagada hilisem kena kasvukuju.  Aedruut on taim, mille hooldamisel v\u00f5i lehtede kogumisel peaks kasutama kaitsekindaid, eriti siis, kui on p\u00e4ikeseline ja kuum ilm, sest aedruudi mahl v\u00f5ib tekitada eriti koosm\u00f5jus kuuma p\u00e4ikesekiirgusega nahale v\u00e4ga visalt paranevaid ville.  Aedruuti kasutatakse k\u00f6\u00f6gis muna, juustu, liha ja riisitoitude maitsestamiseks. Aedruudi eeterlik \u00f5li on oluline komponent alkoholit\u00f6\u00f6stuses, sellega maitsestatakse lik\u00f6\u00f6re ja br\u00e4ndisid, klassikaliste \u00fcrdinapside koostises on v\u00e4ga oluline maitset andev komponent.  Aedruudi toime on rahustav ja und soodustav. Lisaks emaka toonust t\u00f5stev, spasme l\u00f5\u00f5gastav, kergelt valu vaigistav s\u00f6\u00f6giisu suurendav ja seedetegevust ergutav. Suurtes kogustes v\u00f5ib taim olla m\u00fcrgine, seet\u00f5ttu \u00fcle paari n\u00e4dala j\u00e4rjest aedruuti tarvitada pole soovitav. Taime kasutatakse sooleparasiitide t\u00f5rjeks. Kasutatakse ka ruumides parasiitide t\u00f5rjeks. Lastele aedruudi manustamine ravimtaimena ei ole soovitav.  K\u00f5rgus: kuni 0,6 m  \u00d5itsemise aeg: VI-VIII  Talvekindlus: Talvekindel  &nbsp;\" \/>\n<meta property=\"og:url\" content=\"https:\/\/tammetalu.eu\/toode\/aedruut-ruta-graveolens\/\" \/>\n<meta property=\"og:site_name\" content=\"Tamme talu \u00fcrdiaed\" \/>\n<meta property=\"article:publisher\" content=\"https:\/\/www.facebook.com\/TammeTaluUrdiaed\/?locale=et_EE\" \/>\n<meta property=\"article:modified_time\" content=\"2026-02-02T13:14:23+00:00\" \/>\n<meta property=\"og:image\" content=\"https:\/\/tammetalu.eu\/wp-content\/uploads\/2025\/02\/Aedruut_Ruta_graveolens_Tamme_talu_urdiaed.jpg\" \/>\n\t<meta property=\"og:image:width\" content=\"1024\" \/>\n\t<meta property=\"og:image:height\" content=\"1237\" \/>\n\t<meta property=\"og:image:type\" content=\"image\/jpeg\" \/>\n<meta name=\"twitter:card\" content=\"summary_large_image\" \/>\n<meta name=\"twitter:label1\" content=\"Arvioitu lukuaika\" \/>\n\t<meta name=\"twitter:data1\" content=\"1 minuutti\" \/>\n<script type=\"application\/ld+json\" class=\"yoast-schema-graph\">{\"@context\":\"https:\/\/schema.org\",\"@graph\":[{\"@type\":\"WebPage\",\"@id\":\"https:\/\/tammetalu.eu\/toode\/aedruut-ruta-graveolens\/\",\"url\":\"https:\/\/tammetalu.eu\/toode\/aedruut-ruta-graveolens\/\",\"name\":\"Aedruut Ruta graveolens - Tamme talu \u00fcrdiaed\",\"isPartOf\":{\"@id\":\"https:\/\/tammetalu.eu\/#website\"},\"primaryImageOfPage\":{\"@id\":\"https:\/\/tammetalu.eu\/toode\/aedruut-ruta-graveolens\/#primaryimage\"},\"image\":{\"@id\":\"https:\/\/tammetalu.eu\/toode\/aedruut-ruta-graveolens\/#primaryimage\"},\"thumbnailUrl\":\"https:\/\/tammetalu.eu\/wp-content\/uploads\/2025\/02\/Aedruut_Ruta_graveolens_Tamme_talu_urdiaed.jpg\",\"datePublished\":\"2025-02-07T14:47:46+00:00\",\"dateModified\":\"2026-02-02T13:14:23+00:00\",\"breadcrumb\":{\"@id\":\"https:\/\/tammetalu.eu\/toode\/aedruut-ruta-graveolens\/#breadcrumb\"},\"inLanguage\":\"fi\",\"potentialAction\":[{\"@type\":\"ReadAction\",\"target\":[\"https:\/\/tammetalu.eu\/toode\/aedruut-ruta-graveolens\/\"]}]},{\"@type\":\"ImageObject\",\"inLanguage\":\"fi\",\"@id\":\"https:\/\/tammetalu.eu\/toode\/aedruut-ruta-graveolens\/#primaryimage\",\"url\":\"https:\/\/tammetalu.eu\/wp-content\/uploads\/2025\/02\/Aedruut_Ruta_graveolens_Tamme_talu_urdiaed.jpg\",\"contentUrl\":\"https:\/\/tammetalu.eu\/wp-content\/uploads\/2025\/02\/Aedruut_Ruta_graveolens_Tamme_talu_urdiaed.jpg\",\"width\":1024,\"height\":1237,\"caption\":\"Aedruut_Ruta_graveolens_Tamme_talu_urdiaed\"},{\"@type\":\"BreadcrumbList\",\"@id\":\"https:\/\/tammetalu.eu\/toode\/aedruut-ruta-graveolens\/#breadcrumb\",\"itemListElement\":[{\"@type\":\"ListItem\",\"position\":1,\"name\":\"Home\",\"item\":\"https:\/\/tammetalu.eu\/fi\/etusivu\/\"},{\"@type\":\"ListItem\",\"position\":2,\"name\":\"Kaikki tuotteet\",\"item\":\"https:\/\/tammetalu.eu\/fi\/kaikki-tuotteet\/\"},{\"@type\":\"ListItem\",\"position\":3,\"name\":\"Aedruut Ruta graveolens\"}]},{\"@type\":\"WebSite\",\"@id\":\"https:\/\/tammetalu.eu\/#website\",\"url\":\"https:\/\/tammetalu.eu\/\",\"name\":\"Tamme talu \u00fcrdiaed\",\"description\":\"K\u00e4sit\u00f6\u00f6na valmistatud tooted \u00fcrtidest, \u00fcrdiistikud, \u00fcrtide kollektsioonaed\",\"publisher\":{\"@id\":\"https:\/\/tammetalu.eu\/#organization\"},\"alternateName\":\"Tamme talu\",\"potentialAction\":[{\"@type\":\"SearchAction\",\"target\":{\"@type\":\"EntryPoint\",\"urlTemplate\":\"https:\/\/tammetalu.eu\/?s={search_term_string}\"},\"query-input\":{\"@type\":\"PropertyValueSpecification\",\"valueRequired\":true,\"valueName\":\"search_term_string\"}}],\"inLanguage\":\"fi\"},{\"@type\":\"Organization\",\"@id\":\"https:\/\/tammetalu.eu\/#organization\",\"name\":\"Tamme talu \u00fcrdiaed\",\"alternateName\":\"Tamme talu\",\"url\":\"https:\/\/tammetalu.eu\/\",\"logo\":{\"@type\":\"ImageObject\",\"inLanguage\":\"fi\",\"@id\":\"https:\/\/tammetalu.eu\/#\/schema\/logo\/image\/\",\"url\":\"https:\/\/tammetalu.eu\/wp-content\/uploads\/2025\/01\/Tamme_talu_urdiaed.png\",\"contentUrl\":\"https:\/\/tammetalu.eu\/wp-content\/uploads\/2025\/01\/Tamme_talu_urdiaed.png\",\"width\":560,\"height\":560,\"caption\":\"Tamme talu \u00fcrdiaed\"},\"image\":{\"@id\":\"https:\/\/tammetalu.eu\/#\/schema\/logo\/image\/\"},\"sameAs\":[\"https:\/\/www.facebook.com\/TammeTaluUrdiaed\/?locale=et_EE\",\"https:\/\/www.instagram.com\/tammetaluurdiaed\/\"]}]}<\/script>\n<!-- \/ Yoast SEO plugin. -->","yoast_head_json":{"title":"Aedruut Ruta graveolens - Tamme talu \u00fcrdiaed","robots":{"index":"index","follow":"follow","max-snippet":"max-snippet:-1","max-image-preview":"max-image-preview:large","max-video-preview":"max-video-preview:-1"},"canonical":"https:\/\/tammetalu.eu\/toode\/aedruut-ruta-graveolens\/","og_locale":"fi_FI","og_type":"article","og_title":"Aedruut Ruta graveolens - Tamme talu \u00fcrdiaed","og_description":"Aedruut Ruta graveolens  LAT: \u00a0Ruta graveolens  ENG: \u00a0Common rue  RU: \u00a0\u0420\u0443\u0442\u0430 \u0434\u0443\u0448\u0438\u0441\u0442\u0430\u044f  FI: \u00a0Tuoksuruuta  Aedruut on sinakashallide sulgjate liitlehtede ja kollaste omap\u00e4raste \u00f5itega maitse- ja ravimtaim, mis sobib kasvama igas kuiva kuni parasniiske mullaga peenras nii t\u00e4isp\u00e4ikeses kui poolvarjus. Aedruut on v\u00e4hen\u00f5udlik ja pikaealine, lisaks ka Leedu rahvustaim. Igal kevadel enne kasvu alustamist on soovitav taime k\u00e4rpida, et tagada hilisem kena kasvukuju.  Aedruut on taim, mille hooldamisel v\u00f5i lehtede kogumisel peaks kasutama kaitsekindaid, eriti siis, kui on p\u00e4ikeseline ja kuum ilm, sest aedruudi mahl v\u00f5ib tekitada eriti koosm\u00f5jus kuuma p\u00e4ikesekiirgusega nahale v\u00e4ga visalt paranevaid ville.  Aedruuti kasutatakse k\u00f6\u00f6gis muna, juustu, liha ja riisitoitude maitsestamiseks. Aedruudi eeterlik \u00f5li on oluline komponent alkoholit\u00f6\u00f6stuses, sellega maitsestatakse lik\u00f6\u00f6re ja br\u00e4ndisid, klassikaliste \u00fcrdinapside koostises on v\u00e4ga oluline maitset andev komponent.  Aedruudi toime on rahustav ja und soodustav. Lisaks emaka toonust t\u00f5stev, spasme l\u00f5\u00f5gastav, kergelt valu vaigistav s\u00f6\u00f6giisu suurendav ja seedetegevust ergutav. Suurtes kogustes v\u00f5ib taim olla m\u00fcrgine, seet\u00f5ttu \u00fcle paari n\u00e4dala j\u00e4rjest aedruuti tarvitada pole soovitav. Taime kasutatakse sooleparasiitide t\u00f5rjeks. Kasutatakse ka ruumides parasiitide t\u00f5rjeks. Lastele aedruudi manustamine ravimtaimena ei ole soovitav.  K\u00f5rgus: kuni 0,6 m  \u00d5itsemise aeg: VI-VIII  Talvekindlus: Talvekindel  &nbsp;","og_url":"https:\/\/tammetalu.eu\/toode\/aedruut-ruta-graveolens\/","og_site_name":"Tamme talu \u00fcrdiaed","article_publisher":"https:\/\/www.facebook.com\/TammeTaluUrdiaed\/?locale=et_EE","article_modified_time":"2026-02-02T13:14:23+00:00","og_image":[{"width":1024,"height":1237,"url":"https:\/\/tammetalu.eu\/wp-content\/uploads\/2025\/02\/Aedruut_Ruta_graveolens_Tamme_talu_urdiaed.jpg","type":"image\/jpeg"}],"twitter_card":"summary_large_image","twitter_misc":{"Arvioitu lukuaika":"1 minuutti"},"schema":{"@context":"https:\/\/schema.org","@graph":[{"@type":"WebPage","@id":"https:\/\/tammetalu.eu\/toode\/aedruut-ruta-graveolens\/","url":"https:\/\/tammetalu.eu\/toode\/aedruut-ruta-graveolens\/","name":"Aedruut Ruta graveolens - Tamme talu \u00fcrdiaed","isPartOf":{"@id":"https:\/\/tammetalu.eu\/#website"},"primaryImageOfPage":{"@id":"https:\/\/tammetalu.eu\/toode\/aedruut-ruta-graveolens\/#primaryimage"},"image":{"@id":"https:\/\/tammetalu.eu\/toode\/aedruut-ruta-graveolens\/#primaryimage"},"thumbnailUrl":"https:\/\/tammetalu.eu\/wp-content\/uploads\/2025\/02\/Aedruut_Ruta_graveolens_Tamme_talu_urdiaed.jpg","datePublished":"2025-02-07T14:47:46+00:00","dateModified":"2026-02-02T13:14:23+00:00","breadcrumb":{"@id":"https:\/\/tammetalu.eu\/toode\/aedruut-ruta-graveolens\/#breadcrumb"},"inLanguage":"fi","potentialAction":[{"@type":"ReadAction","target":["https:\/\/tammetalu.eu\/toode\/aedruut-ruta-graveolens\/"]}]},{"@type":"ImageObject","inLanguage":"fi","@id":"https:\/\/tammetalu.eu\/toode\/aedruut-ruta-graveolens\/#primaryimage","url":"https:\/\/tammetalu.eu\/wp-content\/uploads\/2025\/02\/Aedruut_Ruta_graveolens_Tamme_talu_urdiaed.jpg","contentUrl":"https:\/\/tammetalu.eu\/wp-content\/uploads\/2025\/02\/Aedruut_Ruta_graveolens_Tamme_talu_urdiaed.jpg","width":1024,"height":1237,"caption":"Aedruut_Ruta_graveolens_Tamme_talu_urdiaed"},{"@type":"BreadcrumbList","@id":"https:\/\/tammetalu.eu\/toode\/aedruut-ruta-graveolens\/#breadcrumb","itemListElement":[{"@type":"ListItem","position":1,"name":"Home","item":"https:\/\/tammetalu.eu\/fi\/etusivu\/"},{"@type":"ListItem","position":2,"name":"Kaikki tuotteet","item":"https:\/\/tammetalu.eu\/fi\/kaikki-tuotteet\/"},{"@type":"ListItem","position":3,"name":"Aedruut Ruta graveolens"}]},{"@type":"WebSite","@id":"https:\/\/tammetalu.eu\/#website","url":"https:\/\/tammetalu.eu\/","name":"Tamme talu \u00fcrdiaed","description":"K\u00e4sit\u00f6\u00f6na valmistatud tooted \u00fcrtidest, \u00fcrdiistikud, \u00fcrtide kollektsioonaed","publisher":{"@id":"https:\/\/tammetalu.eu\/#organization"},"alternateName":"Tamme talu","potentialAction":[{"@type":"SearchAction","target":{"@type":"EntryPoint","urlTemplate":"https:\/\/tammetalu.eu\/?s={search_term_string}"},"query-input":{"@type":"PropertyValueSpecification","valueRequired":true,"valueName":"search_term_string"}}],"inLanguage":"fi"},{"@type":"Organization","@id":"https:\/\/tammetalu.eu\/#organization","name":"Tamme talu \u00fcrdiaed","alternateName":"Tamme talu","url":"https:\/\/tammetalu.eu\/","logo":{"@type":"ImageObject","inLanguage":"fi","@id":"https:\/\/tammetalu.eu\/#\/schema\/logo\/image\/","url":"https:\/\/tammetalu.eu\/wp-content\/uploads\/2025\/01\/Tamme_talu_urdiaed.png","contentUrl":"https:\/\/tammetalu.eu\/wp-content\/uploads\/2025\/01\/Tamme_talu_urdiaed.png","width":560,"height":560,"caption":"Tamme talu \u00fcrdiaed"},"image":{"@id":"https:\/\/tammetalu.eu\/#\/schema\/logo\/image\/"},"sameAs":["https:\/\/www.facebook.com\/TammeTaluUrdiaed\/?locale=et_EE","https:\/\/www.instagram.com\/tammetaluurdiaed\/"]}]}},"_links":{"self":[{"href":"https:\/\/tammetalu.eu\/fi\/wp-json\/wp\/v2\/product\/23973","targetHints":{"allow":["GET"]}}],"collection":[{"href":"https:\/\/tammetalu.eu\/fi\/wp-json\/wp\/v2\/product"}],"about":[{"href":"https:\/\/tammetalu.eu\/fi\/wp-json\/wp\/v2\/types\/product"}],"wp:featuredmedia":[{"embeddable":true,"href":"https:\/\/tammetalu.eu\/fi\/wp-json\/wp\/v2\/media\/23974"}],"wp:attachment":[{"href":"https:\/\/tammetalu.eu\/fi\/wp-json\/wp\/v2\/media?parent=23973"}],"wp:term":[{"taxonomy":"product_brand","embeddable":true,"href":"https:\/\/tammetalu.eu\/fi\/wp-json\/wp\/v2\/product_brand?post=23973"},{"taxonomy":"product_cat","embeddable":true,"href":"https:\/\/tammetalu.eu\/fi\/wp-json\/wp\/v2\/product_cat?post=23973"},{"taxonomy":"product_tag","embeddable":true,"href":"https:\/\/tammetalu.eu\/fi\/wp-json\/wp\/v2\/product_tag?post=23973"}],"curies":[{"name":"wp","href":"https:\/\/api.w.org\/{rel}","templated":true}]}}