{"id":23979,"date":"2025-02-07T18:50:01","date_gmt":"2025-02-07T16:50:01","guid":{"rendered":"https:\/\/tammetalu.eu\/?post_type=product&#038;p=23979"},"modified":"2026-02-02T15:14:23","modified_gmt":"2026-02-02T13:14:23","slug":"randmertensia-mertensia-maritima","status":"publish","type":"product","link":"https:\/\/tammetalu.eu\/fi\/toode\/randmertensia-mertensia-maritima\/","title":{"rendered":"Randmertensia Mertensia maritima"},"content":{"rendered":"","protected":false},"excerpt":{"rendered":"<p>Randmertensia <em>Mertensia maritima<\/em><\/p>\n<p>LAT: \u00a0Mertensia maritima<\/p>\n<p>ENG: Oyster plant<\/p>\n<p>RU: \u00a0\u041c\u0435\u0440\u0442\u0435\u043d\u0437\u0438\u044f \u043f\u0440\u0438\u043c\u043e\u0440\u0441\u043a\u0430\u044f<\/p>\n<p>FI: \u00a0Halikka<\/p>\n<p>Randmertensia \u00a0on kurgirohu perekonda kuuluv \u00f5istaime liik, mida P\u00f5hja-Ameerikas tuntakse \u00fcldnimetustega austrileht, Briti saartel austritaim ja merisinililled. V\u00e4liselt meenutavad taime h\u00f5besinised mahlased lehed austrikarpe. \u00d5ied on taimel helesinised kellukakujulised, \u00f5iepungad on roosad.<\/p>\n<p>Randmertensia vajab aiataimena kasvatamisel huumusrohket lubjarikast liiva- kruusasegust mulda. Kasvab nii t\u00e4isp\u00e4ikeses kui varjus ja on t\u00e4iesti talvekindel. Austrileht sobib kiviktaimlasse, potti, amplisse v\u00f5i segaistutusega konteinerisse, kust taime v\u00f5rsed laiutades saavad kasvada. Sobivates oludes v\u00f5ib taimest saada ilus pinnakatja.<\/p>\n<p>Randmertensia kr\u00f5mpsuvad lehed on s\u00f6\u00f6davad nii toorelt kui ka keedetult, nagu ka taime \u00f5ied ja juur. Nimetus &#8221;austritaim&#8221; tuleneb taime lehtede v\u00e4rskeid austreid meenutavast maitsest. Lehed on k\u00f5ige maitsvamad enne taime \u00f5itsemist. Juured meenutavad maitselt sparglit v\u00f5i austrit. Vanemad juurekd tuleks enne tarvitamist hautada v\u00f5i keeta, noored juured sobivad riivituna salatiks. Randmertensia sobib kalaroogadele huvitavaks \u00a0lisandiks. Randmertensia lehti saab kasutada soolase maitse andmiseks. Sobivad suurep\u00e4raselt \u201esurf and turf\u201c roogadesse (Surf and turf on eel- v\u00f5i pearoog, mis sisaldab nii punast liha kui mereande).<\/p>\n<p>K\u00f5rgus: kuni 0,5 m<\/p>\n<p>\u00d5itsemise aeg: VI-VIII<\/p>\n<p>Talvekindlus: Talvekindel<\/p>\n<p>&nbsp;<\/p>\n","protected":false},"featured_media":23980,"template":"","meta":{"_acf_changed":false,"_et_pb_use_builder":"","_et_pb_old_content":"","_et_gb_content_width":"","inline_featured_image":false},"product_brand":[],"product_cat":[186,200],"product_tag":[],"class_list":{"0":"post-23979","1":"product","2":"type-product","3":"status-publish","4":"has-post-thumbnail","6":"product_cat-maitse-ja-ravimtaimede-istikud","7":"product_cat-muud-maitsetaimed","9":"first","10":"outofstock","11":"sale","12":"taxable","13":"shipping-taxable","14":"purchasable","15":"product-type-simple"},"acf":[],"yoast_head":"<!-- This site is optimized with the Yoast SEO plugin v26.4 - https:\/\/yoast.com\/wordpress\/plugins\/seo\/ -->\n<title>Randmertensia Mertensia maritima - Tamme talu \u00fcrdiaed<\/title>\n<meta name=\"robots\" content=\"index, follow, max-snippet:-1, max-image-preview:large, max-video-preview:-1\" \/>\n<link rel=\"canonical\" href=\"https:\/\/tammetalu.eu\/toode\/randmertensia-mertensia-maritima\/\" \/>\n<meta property=\"og:locale\" content=\"fi_FI\" \/>\n<meta property=\"og:type\" content=\"article\" \/>\n<meta property=\"og:title\" content=\"Randmertensia Mertensia maritima - Tamme talu \u00fcrdiaed\" \/>\n<meta property=\"og:description\" content=\"Randmertensia Mertensia maritima  LAT: \u00a0Mertensia maritima  ENG: Oyster plant  RU: \u00a0\u041c\u0435\u0440\u0442\u0435\u043d\u0437\u0438\u044f \u043f\u0440\u0438\u043c\u043e\u0440\u0441\u043a\u0430\u044f  FI: \u00a0Halikka  Randmertensia \u00a0on kurgirohu perekonda kuuluv \u00f5istaime liik, mida P\u00f5hja-Ameerikas tuntakse \u00fcldnimetustega austrileht, Briti saartel austritaim ja merisinililled. V\u00e4liselt meenutavad taime h\u00f5besinised mahlased lehed austrikarpe. \u00d5ied on taimel helesinised kellukakujulised, \u00f5iepungad on roosad.  Randmertensia vajab aiataimena kasvatamisel huumusrohket lubjarikast liiva- kruusasegust mulda. Kasvab nii t\u00e4isp\u00e4ikeses kui varjus ja on t\u00e4iesti talvekindel. Austrileht sobib kiviktaimlasse, potti, amplisse v\u00f5i segaistutusega konteinerisse, kust taime v\u00f5rsed laiutades saavad kasvada. Sobivates oludes v\u00f5ib taimest saada ilus pinnakatja.  Randmertensia kr\u00f5mpsuvad lehed on s\u00f6\u00f6davad nii toorelt kui ka keedetult, nagu ka taime \u00f5ied ja juur. Nimetus &quot;austritaim&quot; tuleneb taime lehtede v\u00e4rskeid austreid meenutavast maitsest. Lehed on k\u00f5ige maitsvamad enne taime \u00f5itsemist. Juured meenutavad maitselt sparglit v\u00f5i austrit. Vanemad juurekd tuleks enne tarvitamist hautada v\u00f5i keeta, noored juured sobivad riivituna salatiks. Randmertensia sobib kalaroogadele huvitavaks \u00a0lisandiks. Randmertensia lehti saab kasutada soolase maitse andmiseks. Sobivad suurep\u00e4raselt \u201esurf and turf\u201c roogadesse (Surf and turf on eel- v\u00f5i pearoog, mis sisaldab nii punast liha kui mereande).  K\u00f5rgus: kuni 0,5 m  \u00d5itsemise aeg: VI-VIII  Talvekindlus: Talvekindel  &nbsp;\" \/>\n<meta property=\"og:url\" content=\"https:\/\/tammetalu.eu\/toode\/randmertensia-mertensia-maritima\/\" \/>\n<meta property=\"og:site_name\" content=\"Tamme talu \u00fcrdiaed\" \/>\n<meta property=\"article:publisher\" content=\"https:\/\/www.facebook.com\/TammeTaluUrdiaed\/?locale=et_EE\" \/>\n<meta property=\"article:modified_time\" content=\"2026-02-02T13:14:23+00:00\" \/>\n<meta property=\"og:image\" content=\"https:\/\/tammetalu.eu\/wp-content\/uploads\/2025\/02\/Randmertensia_Mertensia_maritima_Silver_Ocean_Tamme_talu_urdiaed1.webp\" \/>\n\t<meta property=\"og:image:width\" content=\"850\" \/>\n\t<meta property=\"og:image:height\" content=\"850\" \/>\n\t<meta property=\"og:image:type\" content=\"image\/webp\" \/>\n<meta name=\"twitter:card\" content=\"summary_large_image\" \/>\n<meta name=\"twitter:label1\" content=\"Arvioitu lukuaika\" \/>\n\t<meta name=\"twitter:data1\" content=\"1 minuutti\" \/>\n<script type=\"application\/ld+json\" class=\"yoast-schema-graph\">{\"@context\":\"https:\/\/schema.org\",\"@graph\":[{\"@type\":\"WebPage\",\"@id\":\"https:\/\/tammetalu.eu\/toode\/randmertensia-mertensia-maritima\/\",\"url\":\"https:\/\/tammetalu.eu\/toode\/randmertensia-mertensia-maritima\/\",\"name\":\"Randmertensia Mertensia maritima - Tamme talu \u00fcrdiaed\",\"isPartOf\":{\"@id\":\"https:\/\/tammetalu.eu\/#website\"},\"primaryImageOfPage\":{\"@id\":\"https:\/\/tammetalu.eu\/toode\/randmertensia-mertensia-maritima\/#primaryimage\"},\"image\":{\"@id\":\"https:\/\/tammetalu.eu\/toode\/randmertensia-mertensia-maritima\/#primaryimage\"},\"thumbnailUrl\":\"https:\/\/tammetalu.eu\/wp-content\/uploads\/2025\/02\/Randmertensia_Mertensia_maritima_Silver_Ocean_Tamme_talu_urdiaed1.webp\",\"datePublished\":\"2025-02-07T16:50:01+00:00\",\"dateModified\":\"2026-02-02T13:14:23+00:00\",\"breadcrumb\":{\"@id\":\"https:\/\/tammetalu.eu\/toode\/randmertensia-mertensia-maritima\/#breadcrumb\"},\"inLanguage\":\"fi\",\"potentialAction\":[{\"@type\":\"ReadAction\",\"target\":[\"https:\/\/tammetalu.eu\/toode\/randmertensia-mertensia-maritima\/\"]}]},{\"@type\":\"ImageObject\",\"inLanguage\":\"fi\",\"@id\":\"https:\/\/tammetalu.eu\/toode\/randmertensia-mertensia-maritima\/#primaryimage\",\"url\":\"https:\/\/tammetalu.eu\/wp-content\/uploads\/2025\/02\/Randmertensia_Mertensia_maritima_Silver_Ocean_Tamme_talu_urdiaed1.webp\",\"contentUrl\":\"https:\/\/tammetalu.eu\/wp-content\/uploads\/2025\/02\/Randmertensia_Mertensia_maritima_Silver_Ocean_Tamme_talu_urdiaed1.webp\",\"width\":850,\"height\":850,\"caption\":\"Randmertensia_Mertensia_maritima_Silver_Ocean_Tamme_talu_urdiaed\"},{\"@type\":\"BreadcrumbList\",\"@id\":\"https:\/\/tammetalu.eu\/toode\/randmertensia-mertensia-maritima\/#breadcrumb\",\"itemListElement\":[{\"@type\":\"ListItem\",\"position\":1,\"name\":\"Home\",\"item\":\"https:\/\/tammetalu.eu\/fi\/etusivu\/\"},{\"@type\":\"ListItem\",\"position\":2,\"name\":\"Kaikki tuotteet\",\"item\":\"https:\/\/tammetalu.eu\/fi\/kaikki-tuotteet\/\"},{\"@type\":\"ListItem\",\"position\":3,\"name\":\"Randmertensia Mertensia maritima\"}]},{\"@type\":\"WebSite\",\"@id\":\"https:\/\/tammetalu.eu\/#website\",\"url\":\"https:\/\/tammetalu.eu\/\",\"name\":\"Tamme talu \u00fcrdiaed\",\"description\":\"K\u00e4sit\u00f6\u00f6na valmistatud tooted \u00fcrtidest, \u00fcrdiistikud, \u00fcrtide kollektsioonaed\",\"publisher\":{\"@id\":\"https:\/\/tammetalu.eu\/#organization\"},\"alternateName\":\"Tamme talu\",\"potentialAction\":[{\"@type\":\"SearchAction\",\"target\":{\"@type\":\"EntryPoint\",\"urlTemplate\":\"https:\/\/tammetalu.eu\/?s={search_term_string}\"},\"query-input\":{\"@type\":\"PropertyValueSpecification\",\"valueRequired\":true,\"valueName\":\"search_term_string\"}}],\"inLanguage\":\"fi\"},{\"@type\":\"Organization\",\"@id\":\"https:\/\/tammetalu.eu\/#organization\",\"name\":\"Tamme talu \u00fcrdiaed\",\"alternateName\":\"Tamme talu\",\"url\":\"https:\/\/tammetalu.eu\/\",\"logo\":{\"@type\":\"ImageObject\",\"inLanguage\":\"fi\",\"@id\":\"https:\/\/tammetalu.eu\/#\/schema\/logo\/image\/\",\"url\":\"https:\/\/tammetalu.eu\/wp-content\/uploads\/2025\/01\/Tamme_talu_urdiaed.png\",\"contentUrl\":\"https:\/\/tammetalu.eu\/wp-content\/uploads\/2025\/01\/Tamme_talu_urdiaed.png\",\"width\":560,\"height\":560,\"caption\":\"Tamme talu \u00fcrdiaed\"},\"image\":{\"@id\":\"https:\/\/tammetalu.eu\/#\/schema\/logo\/image\/\"},\"sameAs\":[\"https:\/\/www.facebook.com\/TammeTaluUrdiaed\/?locale=et_EE\",\"https:\/\/www.instagram.com\/tammetaluurdiaed\/\"]}]}<\/script>\n<!-- \/ Yoast SEO plugin. -->","yoast_head_json":{"title":"Randmertensia Mertensia maritima - Tamme talu \u00fcrdiaed","robots":{"index":"index","follow":"follow","max-snippet":"max-snippet:-1","max-image-preview":"max-image-preview:large","max-video-preview":"max-video-preview:-1"},"canonical":"https:\/\/tammetalu.eu\/toode\/randmertensia-mertensia-maritima\/","og_locale":"fi_FI","og_type":"article","og_title":"Randmertensia Mertensia maritima - Tamme talu \u00fcrdiaed","og_description":"Randmertensia Mertensia maritima  LAT: \u00a0Mertensia maritima  ENG: Oyster plant  RU: \u00a0\u041c\u0435\u0440\u0442\u0435\u043d\u0437\u0438\u044f \u043f\u0440\u0438\u043c\u043e\u0440\u0441\u043a\u0430\u044f  FI: \u00a0Halikka  Randmertensia \u00a0on kurgirohu perekonda kuuluv \u00f5istaime liik, mida P\u00f5hja-Ameerikas tuntakse \u00fcldnimetustega austrileht, Briti saartel austritaim ja merisinililled. V\u00e4liselt meenutavad taime h\u00f5besinised mahlased lehed austrikarpe. \u00d5ied on taimel helesinised kellukakujulised, \u00f5iepungad on roosad.  Randmertensia vajab aiataimena kasvatamisel huumusrohket lubjarikast liiva- kruusasegust mulda. Kasvab nii t\u00e4isp\u00e4ikeses kui varjus ja on t\u00e4iesti talvekindel. Austrileht sobib kiviktaimlasse, potti, amplisse v\u00f5i segaistutusega konteinerisse, kust taime v\u00f5rsed laiutades saavad kasvada. Sobivates oludes v\u00f5ib taimest saada ilus pinnakatja.  Randmertensia kr\u00f5mpsuvad lehed on s\u00f6\u00f6davad nii toorelt kui ka keedetult, nagu ka taime \u00f5ied ja juur. Nimetus \"austritaim\" tuleneb taime lehtede v\u00e4rskeid austreid meenutavast maitsest. Lehed on k\u00f5ige maitsvamad enne taime \u00f5itsemist. Juured meenutavad maitselt sparglit v\u00f5i austrit. Vanemad juurekd tuleks enne tarvitamist hautada v\u00f5i keeta, noored juured sobivad riivituna salatiks. Randmertensia sobib kalaroogadele huvitavaks \u00a0lisandiks. Randmertensia lehti saab kasutada soolase maitse andmiseks. Sobivad suurep\u00e4raselt \u201esurf and turf\u201c roogadesse (Surf and turf on eel- v\u00f5i pearoog, mis sisaldab nii punast liha kui mereande).  K\u00f5rgus: kuni 0,5 m  \u00d5itsemise aeg: VI-VIII  Talvekindlus: Talvekindel  &nbsp;","og_url":"https:\/\/tammetalu.eu\/toode\/randmertensia-mertensia-maritima\/","og_site_name":"Tamme talu \u00fcrdiaed","article_publisher":"https:\/\/www.facebook.com\/TammeTaluUrdiaed\/?locale=et_EE","article_modified_time":"2026-02-02T13:14:23+00:00","og_image":[{"width":850,"height":850,"url":"https:\/\/tammetalu.eu\/wp-content\/uploads\/2025\/02\/Randmertensia_Mertensia_maritima_Silver_Ocean_Tamme_talu_urdiaed1.webp","type":"image\/webp"}],"twitter_card":"summary_large_image","twitter_misc":{"Arvioitu lukuaika":"1 minuutti"},"schema":{"@context":"https:\/\/schema.org","@graph":[{"@type":"WebPage","@id":"https:\/\/tammetalu.eu\/toode\/randmertensia-mertensia-maritima\/","url":"https:\/\/tammetalu.eu\/toode\/randmertensia-mertensia-maritima\/","name":"Randmertensia Mertensia maritima - Tamme talu \u00fcrdiaed","isPartOf":{"@id":"https:\/\/tammetalu.eu\/#website"},"primaryImageOfPage":{"@id":"https:\/\/tammetalu.eu\/toode\/randmertensia-mertensia-maritima\/#primaryimage"},"image":{"@id":"https:\/\/tammetalu.eu\/toode\/randmertensia-mertensia-maritima\/#primaryimage"},"thumbnailUrl":"https:\/\/tammetalu.eu\/wp-content\/uploads\/2025\/02\/Randmertensia_Mertensia_maritima_Silver_Ocean_Tamme_talu_urdiaed1.webp","datePublished":"2025-02-07T16:50:01+00:00","dateModified":"2026-02-02T13:14:23+00:00","breadcrumb":{"@id":"https:\/\/tammetalu.eu\/toode\/randmertensia-mertensia-maritima\/#breadcrumb"},"inLanguage":"fi","potentialAction":[{"@type":"ReadAction","target":["https:\/\/tammetalu.eu\/toode\/randmertensia-mertensia-maritima\/"]}]},{"@type":"ImageObject","inLanguage":"fi","@id":"https:\/\/tammetalu.eu\/toode\/randmertensia-mertensia-maritima\/#primaryimage","url":"https:\/\/tammetalu.eu\/wp-content\/uploads\/2025\/02\/Randmertensia_Mertensia_maritima_Silver_Ocean_Tamme_talu_urdiaed1.webp","contentUrl":"https:\/\/tammetalu.eu\/wp-content\/uploads\/2025\/02\/Randmertensia_Mertensia_maritima_Silver_Ocean_Tamme_talu_urdiaed1.webp","width":850,"height":850,"caption":"Randmertensia_Mertensia_maritima_Silver_Ocean_Tamme_talu_urdiaed"},{"@type":"BreadcrumbList","@id":"https:\/\/tammetalu.eu\/toode\/randmertensia-mertensia-maritima\/#breadcrumb","itemListElement":[{"@type":"ListItem","position":1,"name":"Home","item":"https:\/\/tammetalu.eu\/fi\/etusivu\/"},{"@type":"ListItem","position":2,"name":"Kaikki tuotteet","item":"https:\/\/tammetalu.eu\/fi\/kaikki-tuotteet\/"},{"@type":"ListItem","position":3,"name":"Randmertensia Mertensia maritima"}]},{"@type":"WebSite","@id":"https:\/\/tammetalu.eu\/#website","url":"https:\/\/tammetalu.eu\/","name":"Tamme talu \u00fcrdiaed","description":"K\u00e4sit\u00f6\u00f6na valmistatud tooted \u00fcrtidest, \u00fcrdiistikud, \u00fcrtide kollektsioonaed","publisher":{"@id":"https:\/\/tammetalu.eu\/#organization"},"alternateName":"Tamme talu","potentialAction":[{"@type":"SearchAction","target":{"@type":"EntryPoint","urlTemplate":"https:\/\/tammetalu.eu\/?s={search_term_string}"},"query-input":{"@type":"PropertyValueSpecification","valueRequired":true,"valueName":"search_term_string"}}],"inLanguage":"fi"},{"@type":"Organization","@id":"https:\/\/tammetalu.eu\/#organization","name":"Tamme talu \u00fcrdiaed","alternateName":"Tamme talu","url":"https:\/\/tammetalu.eu\/","logo":{"@type":"ImageObject","inLanguage":"fi","@id":"https:\/\/tammetalu.eu\/#\/schema\/logo\/image\/","url":"https:\/\/tammetalu.eu\/wp-content\/uploads\/2025\/01\/Tamme_talu_urdiaed.png","contentUrl":"https:\/\/tammetalu.eu\/wp-content\/uploads\/2025\/01\/Tamme_talu_urdiaed.png","width":560,"height":560,"caption":"Tamme talu \u00fcrdiaed"},"image":{"@id":"https:\/\/tammetalu.eu\/#\/schema\/logo\/image\/"},"sameAs":["https:\/\/www.facebook.com\/TammeTaluUrdiaed\/?locale=et_EE","https:\/\/www.instagram.com\/tammetaluurdiaed\/"]}]}},"_links":{"self":[{"href":"https:\/\/tammetalu.eu\/fi\/wp-json\/wp\/v2\/product\/23979","targetHints":{"allow":["GET"]}}],"collection":[{"href":"https:\/\/tammetalu.eu\/fi\/wp-json\/wp\/v2\/product"}],"about":[{"href":"https:\/\/tammetalu.eu\/fi\/wp-json\/wp\/v2\/types\/product"}],"wp:featuredmedia":[{"embeddable":true,"href":"https:\/\/tammetalu.eu\/fi\/wp-json\/wp\/v2\/media\/23980"}],"wp:attachment":[{"href":"https:\/\/tammetalu.eu\/fi\/wp-json\/wp\/v2\/media?parent=23979"}],"wp:term":[{"taxonomy":"product_brand","embeddable":true,"href":"https:\/\/tammetalu.eu\/fi\/wp-json\/wp\/v2\/product_brand?post=23979"},{"taxonomy":"product_cat","embeddable":true,"href":"https:\/\/tammetalu.eu\/fi\/wp-json\/wp\/v2\/product_cat?post=23979"},{"taxonomy":"product_tag","embeddable":true,"href":"https:\/\/tammetalu.eu\/fi\/wp-json\/wp\/v2\/product_tag?post=23979"}],"curies":[{"name":"wp","href":"https:\/\/api.w.org\/{rel}","templated":true}]}}