{"id":24685,"date":"2025-04-09T22:32:44","date_gmt":"2025-04-09T19:32:44","guid":{"rendered":"https:\/\/tammetalu.eu\/?post_type=product&#038;p=24685"},"modified":"2026-03-29T17:46:40","modified_gmt":"2026-03-29T14:46:40","slug":"suureoieline-laikellukas-platycodon-grandiflorus-codo-white","status":"publish","type":"product","link":"https:\/\/tammetalu.eu\/fi\/toode\/suureoieline-laikellukas-platycodon-grandiflorus-codo-white\/","title":{"rendered":"Suure\u00f5ieline laikellukas Platycodon grandiflorus White"},"content":{"rendered":"","protected":false},"excerpt":{"rendered":"<p>Suure\u00f5ieline laikellukas <em>Platycodon grandiflorus<\/em> &#8221;Codo White&#8221;<\/p>\n<p>LAT:\u00a0 <em>Platycodon grandiflorus<\/em><\/p>\n<p>ENG: Balloon Flower<\/p>\n<p>RU:\u00a0 \u0428\u0438\u0440\u043e\u043a\u043e\u043a\u043e\u043b\u043e\u043a\u043e\u043b\u044c\u0447\u0438\u043a<\/p>\n<p>FI: Jalokello<\/p>\n<p>Suure\u00f5ielist laikellukat (Korea keeles doraji) kasvab looduslikult Jaapanis, Hiinas ja Ida-Siberis, sealhulgas Korea poolsaarel. Ca 45 cm \u00a0k\u00f5rgune ja 30 cm laiune meil talvekindel mitmeaastane rohttaim tumeroheliste lehtede ja hilissuvel puhkevate siniste \u00f5itega. Taime t\u00e4helepanuv\u00e4\u00e4rne tunnus on \u00f5ienupp, mis enne t\u00e4ielikku avanemist paisub \u00f5hupalli sarnaseks. Taime \u00f5ied p\u00fcsivad h\u00e4sti vaasis. Tihti kasvatatakse taime potilillena.<\/p>\n<p>Aias sobib suure\u00f5ielisele laikellukale p\u00e4ikeseline kuni poolvarjuline kuivema kuni parasniiske toitainete rikka mullaga kasvukoht. Taim ei talu seisvat niiskust. Lihakad juured ei talu h\u00e4sti \u00fcmberistutamist v\u00f5i jagamist.<\/p>\n<p>Taime j\u00e4medaid valgeid juuri kasutatakse laialdaselt Aasia maade k\u00f6\u00f6gis. Enne tarvitamist juuri h\u00f5\u00f5rutakse meresoolaga ja loputatakse mitu korda. Juurtest valmistatakse mitmesuguseid soolaseid ja magusaid roogasid, siirupeid, lik\u00f6\u00f6ri. See on ka \u00fcks bibimbapi (v\u00e4ga populaarne korea k\u00f6\u00f6gist p\u00e4rit roog, mis on valmistatud riisist, lihast ja k\u00f6\u00f6giviljast) k\u00f5ige sagedasemaid koostisosi.<\/p>\n<p>Juured sisaldavad kaltsiumi, kiudaineid, rauda, mitmeid mineraale, valke ja vitamiine.<\/p>\n<p>Hiina ja Korea traditsioonilises meditsiinis kasutatakse suure\u00f5ielise laikelluka juuri k\u00f6ha p\u00e4rssiva ja r\u00f6galahtistava vahendina tavaliste k\u00fclmetushaiguste, k\u00f6ha, kurguvalu, tonsilliidi ja rindkere \u00fclekoormamise korral.<\/p>\n<p>K\u00f5rgus: kuni 0,45 m<\/p>\n<p>\u00d5itsemise aeg: VII-VIII<\/p>\n<p>Talvekindlus: Talvekindel<\/p>\n<p>Poti suurus : 9-11<\/p>\n<p>&nbsp;<\/p>\n","protected":false},"featured_media":24731,"template":"","meta":{"_acf_changed":false,"_et_pb_use_builder":"","_et_pb_old_content":"","_et_gb_content_width":"","inline_featured_image":false},"product_brand":[],"product_cat":[237,186],"product_tag":[],"class_list":{"0":"post-24685","1":"product","2":"type-product","3":"status-publish","4":"has-post-thumbnail","6":"product_cat-aasia-toidutaimed","7":"product_cat-maitse-ja-ravimtaimede-istikud","9":"first","10":"instock","11":"sale","12":"taxable","13":"shipping-taxable","14":"purchasable","15":"product-type-simple"},"acf":[],"yoast_head":"<!-- This site is optimized with the Yoast SEO plugin v26.4 - https:\/\/yoast.com\/wordpress\/plugins\/seo\/ -->\n<title>Suure\u00f5ieline laikellukas Platycodon grandiflorus White - Tamme talu \u00fcrdiaed<\/title>\n<meta name=\"description\" content=\"Suure\u00f5ieline laikellukas (Korea keeles doraji) kasvab looduslikult Jaapanis, Hiinas ja Ida-Siberis, sealhulgas Korea poolsaarel. Ca 45 cm \u00a0k\u00f5rgune ja 30 cm laiune meil talvekindel mitmeaastane rohttaim tumeroheliste lehtede ja hilissuvel puhkevate siniste \u00f5itega.\" \/>\n<meta name=\"robots\" content=\"index, follow, max-snippet:-1, max-image-preview:large, max-video-preview:-1\" \/>\n<link rel=\"canonical\" href=\"https:\/\/tammetalu.eu\/toode\/suureoieline-laikellukas-platycodon-grandiflorus-codo-white\/\" \/>\n<meta property=\"og:locale\" content=\"fi_FI\" \/>\n<meta property=\"og:type\" content=\"article\" \/>\n<meta property=\"og:title\" content=\"Suure\u00f5ieline laikellukas Platycodon grandiflorus White - Tamme talu \u00fcrdiaed\" \/>\n<meta property=\"og:description\" content=\"Suure\u00f5ieline laikellukas (Korea keeles doraji) kasvab looduslikult Jaapanis, Hiinas ja Ida-Siberis, sealhulgas Korea poolsaarel. Ca 45 cm \u00a0k\u00f5rgune ja 30 cm laiune meil talvekindel mitmeaastane rohttaim tumeroheliste lehtede ja hilissuvel puhkevate siniste \u00f5itega.\" \/>\n<meta property=\"og:url\" content=\"https:\/\/tammetalu.eu\/toode\/suureoieline-laikellukas-platycodon-grandiflorus-codo-white\/\" \/>\n<meta property=\"og:site_name\" content=\"Tamme talu \u00fcrdiaed\" \/>\n<meta property=\"article:publisher\" content=\"https:\/\/www.facebook.com\/TammeTaluUrdiaed\/?locale=et_EE\" \/>\n<meta property=\"article:modified_time\" content=\"2026-03-29T14:46:40+00:00\" \/>\n<meta property=\"og:image\" content=\"https:\/\/tammetalu.eu\/wp-content\/uploads\/2025\/04\/Suureoieline_laikellukas_Platycodon_grandiflorus_codo_white_tamme_talu_urdiaed.webp\" \/>\n\t<meta property=\"og:image:width\" content=\"1024\" \/>\n\t<meta property=\"og:image:height\" content=\"683\" \/>\n\t<meta property=\"og:image:type\" content=\"image\/webp\" \/>\n<meta name=\"twitter:card\" content=\"summary_large_image\" \/>\n<meta name=\"twitter:label1\" content=\"Arvioitu lukuaika\" \/>\n\t<meta name=\"twitter:data1\" content=\"1 minuutti\" \/>\n<script type=\"application\/ld+json\" class=\"yoast-schema-graph\">{\"@context\":\"https:\/\/schema.org\",\"@graph\":[{\"@type\":\"WebPage\",\"@id\":\"https:\/\/tammetalu.eu\/toode\/suureoieline-laikellukas-platycodon-grandiflorus-codo-white\/\",\"url\":\"https:\/\/tammetalu.eu\/toode\/suureoieline-laikellukas-platycodon-grandiflorus-codo-white\/\",\"name\":\"Suure\u00f5ieline laikellukas Platycodon grandiflorus White - Tamme talu \u00fcrdiaed\",\"isPartOf\":{\"@id\":\"https:\/\/tammetalu.eu\/#website\"},\"primaryImageOfPage\":{\"@id\":\"https:\/\/tammetalu.eu\/toode\/suureoieline-laikellukas-platycodon-grandiflorus-codo-white\/#primaryimage\"},\"image\":{\"@id\":\"https:\/\/tammetalu.eu\/toode\/suureoieline-laikellukas-platycodon-grandiflorus-codo-white\/#primaryimage\"},\"thumbnailUrl\":\"https:\/\/tammetalu.eu\/wp-content\/uploads\/2025\/04\/Suureoieline_laikellukas_Platycodon_grandiflorus_codo_white_tamme_talu_urdiaed.webp\",\"datePublished\":\"2025-04-09T19:32:44+00:00\",\"dateModified\":\"2026-03-29T14:46:40+00:00\",\"description\":\"Suure\u00f5ieline laikellukas (Korea keeles doraji) kasvab looduslikult Jaapanis, Hiinas ja Ida-Siberis, sealhulgas Korea poolsaarel. Ca 45 cm \u00a0k\u00f5rgune ja 30 cm laiune meil talvekindel mitmeaastane rohttaim tumeroheliste lehtede ja hilissuvel puhkevate siniste \u00f5itega.\",\"breadcrumb\":{\"@id\":\"https:\/\/tammetalu.eu\/toode\/suureoieline-laikellukas-platycodon-grandiflorus-codo-white\/#breadcrumb\"},\"inLanguage\":\"fi\",\"potentialAction\":[{\"@type\":\"ReadAction\",\"target\":[\"https:\/\/tammetalu.eu\/toode\/suureoieline-laikellukas-platycodon-grandiflorus-codo-white\/\"]}]},{\"@type\":\"ImageObject\",\"inLanguage\":\"fi\",\"@id\":\"https:\/\/tammetalu.eu\/toode\/suureoieline-laikellukas-platycodon-grandiflorus-codo-white\/#primaryimage\",\"url\":\"https:\/\/tammetalu.eu\/wp-content\/uploads\/2025\/04\/Suureoieline_laikellukas_Platycodon_grandiflorus_codo_white_tamme_talu_urdiaed.webp\",\"contentUrl\":\"https:\/\/tammetalu.eu\/wp-content\/uploads\/2025\/04\/Suureoieline_laikellukas_Platycodon_grandiflorus_codo_white_tamme_talu_urdiaed.webp\",\"width\":1024,\"height\":683,\"caption\":\"suure\u00f5ieline laikellukas, istikud, tamme talu \u00fcrdiaed\"},{\"@type\":\"BreadcrumbList\",\"@id\":\"https:\/\/tammetalu.eu\/toode\/suureoieline-laikellukas-platycodon-grandiflorus-codo-white\/#breadcrumb\",\"itemListElement\":[{\"@type\":\"ListItem\",\"position\":1,\"name\":\"Home\",\"item\":\"https:\/\/tammetalu.eu\/fi\/etusivu\/\"},{\"@type\":\"ListItem\",\"position\":2,\"name\":\"Kaikki tuotteet\",\"item\":\"https:\/\/tammetalu.eu\/fi\/kaikki-tuotteet\/\"},{\"@type\":\"ListItem\",\"position\":3,\"name\":\"Suure\u00f5ieline laikellukas Platycodon grandiflorus White\"}]},{\"@type\":\"WebSite\",\"@id\":\"https:\/\/tammetalu.eu\/#website\",\"url\":\"https:\/\/tammetalu.eu\/\",\"name\":\"Tamme talu \u00fcrdiaed\",\"description\":\"K\u00e4sit\u00f6\u00f6na valmistatud tooted \u00fcrtidest, \u00fcrdiistikud, \u00fcrtide kollektsioonaed\",\"publisher\":{\"@id\":\"https:\/\/tammetalu.eu\/#organization\"},\"alternateName\":\"Tamme talu\",\"potentialAction\":[{\"@type\":\"SearchAction\",\"target\":{\"@type\":\"EntryPoint\",\"urlTemplate\":\"https:\/\/tammetalu.eu\/?s={search_term_string}\"},\"query-input\":{\"@type\":\"PropertyValueSpecification\",\"valueRequired\":true,\"valueName\":\"search_term_string\"}}],\"inLanguage\":\"fi\"},{\"@type\":\"Organization\",\"@id\":\"https:\/\/tammetalu.eu\/#organization\",\"name\":\"Tamme talu \u00fcrdiaed\",\"alternateName\":\"Tamme talu\",\"url\":\"https:\/\/tammetalu.eu\/\",\"logo\":{\"@type\":\"ImageObject\",\"inLanguage\":\"fi\",\"@id\":\"https:\/\/tammetalu.eu\/#\/schema\/logo\/image\/\",\"url\":\"https:\/\/tammetalu.eu\/wp-content\/uploads\/2025\/01\/Tamme_talu_urdiaed.png\",\"contentUrl\":\"https:\/\/tammetalu.eu\/wp-content\/uploads\/2025\/01\/Tamme_talu_urdiaed.png\",\"width\":560,\"height\":560,\"caption\":\"Tamme talu \u00fcrdiaed\"},\"image\":{\"@id\":\"https:\/\/tammetalu.eu\/#\/schema\/logo\/image\/\"},\"sameAs\":[\"https:\/\/www.facebook.com\/TammeTaluUrdiaed\/?locale=et_EE\",\"https:\/\/www.instagram.com\/tammetaluurdiaed\/\"]}]}<\/script>\n<!-- \/ Yoast SEO plugin. -->","yoast_head_json":{"title":"Suure\u00f5ieline laikellukas Platycodon grandiflorus White - Tamme talu \u00fcrdiaed","description":"Suure\u00f5ieline laikellukas (Korea keeles doraji) kasvab looduslikult Jaapanis, Hiinas ja Ida-Siberis, sealhulgas Korea poolsaarel. Ca 45 cm \u00a0k\u00f5rgune ja 30 cm laiune meil talvekindel mitmeaastane rohttaim tumeroheliste lehtede ja hilissuvel puhkevate siniste \u00f5itega.","robots":{"index":"index","follow":"follow","max-snippet":"max-snippet:-1","max-image-preview":"max-image-preview:large","max-video-preview":"max-video-preview:-1"},"canonical":"https:\/\/tammetalu.eu\/toode\/suureoieline-laikellukas-platycodon-grandiflorus-codo-white\/","og_locale":"fi_FI","og_type":"article","og_title":"Suure\u00f5ieline laikellukas Platycodon grandiflorus White - Tamme talu \u00fcrdiaed","og_description":"Suure\u00f5ieline laikellukas (Korea keeles doraji) kasvab looduslikult Jaapanis, Hiinas ja Ida-Siberis, sealhulgas Korea poolsaarel. Ca 45 cm \u00a0k\u00f5rgune ja 30 cm laiune meil talvekindel mitmeaastane rohttaim tumeroheliste lehtede ja hilissuvel puhkevate siniste \u00f5itega.","og_url":"https:\/\/tammetalu.eu\/toode\/suureoieline-laikellukas-platycodon-grandiflorus-codo-white\/","og_site_name":"Tamme talu \u00fcrdiaed","article_publisher":"https:\/\/www.facebook.com\/TammeTaluUrdiaed\/?locale=et_EE","article_modified_time":"2026-03-29T14:46:40+00:00","og_image":[{"width":1024,"height":683,"url":"https:\/\/tammetalu.eu\/wp-content\/uploads\/2025\/04\/Suureoieline_laikellukas_Platycodon_grandiflorus_codo_white_tamme_talu_urdiaed.webp","type":"image\/webp"}],"twitter_card":"summary_large_image","twitter_misc":{"Arvioitu lukuaika":"1 minuutti"},"schema":{"@context":"https:\/\/schema.org","@graph":[{"@type":"WebPage","@id":"https:\/\/tammetalu.eu\/toode\/suureoieline-laikellukas-platycodon-grandiflorus-codo-white\/","url":"https:\/\/tammetalu.eu\/toode\/suureoieline-laikellukas-platycodon-grandiflorus-codo-white\/","name":"Suure\u00f5ieline laikellukas Platycodon grandiflorus White - Tamme talu \u00fcrdiaed","isPartOf":{"@id":"https:\/\/tammetalu.eu\/#website"},"primaryImageOfPage":{"@id":"https:\/\/tammetalu.eu\/toode\/suureoieline-laikellukas-platycodon-grandiflorus-codo-white\/#primaryimage"},"image":{"@id":"https:\/\/tammetalu.eu\/toode\/suureoieline-laikellukas-platycodon-grandiflorus-codo-white\/#primaryimage"},"thumbnailUrl":"https:\/\/tammetalu.eu\/wp-content\/uploads\/2025\/04\/Suureoieline_laikellukas_Platycodon_grandiflorus_codo_white_tamme_talu_urdiaed.webp","datePublished":"2025-04-09T19:32:44+00:00","dateModified":"2026-03-29T14:46:40+00:00","description":"Suure\u00f5ieline laikellukas (Korea keeles doraji) kasvab looduslikult Jaapanis, Hiinas ja Ida-Siberis, sealhulgas Korea poolsaarel. Ca 45 cm \u00a0k\u00f5rgune ja 30 cm laiune meil talvekindel mitmeaastane rohttaim tumeroheliste lehtede ja hilissuvel puhkevate siniste \u00f5itega.","breadcrumb":{"@id":"https:\/\/tammetalu.eu\/toode\/suureoieline-laikellukas-platycodon-grandiflorus-codo-white\/#breadcrumb"},"inLanguage":"fi","potentialAction":[{"@type":"ReadAction","target":["https:\/\/tammetalu.eu\/toode\/suureoieline-laikellukas-platycodon-grandiflorus-codo-white\/"]}]},{"@type":"ImageObject","inLanguage":"fi","@id":"https:\/\/tammetalu.eu\/toode\/suureoieline-laikellukas-platycodon-grandiflorus-codo-white\/#primaryimage","url":"https:\/\/tammetalu.eu\/wp-content\/uploads\/2025\/04\/Suureoieline_laikellukas_Platycodon_grandiflorus_codo_white_tamme_talu_urdiaed.webp","contentUrl":"https:\/\/tammetalu.eu\/wp-content\/uploads\/2025\/04\/Suureoieline_laikellukas_Platycodon_grandiflorus_codo_white_tamme_talu_urdiaed.webp","width":1024,"height":683,"caption":"suure\u00f5ieline laikellukas, istikud, tamme talu \u00fcrdiaed"},{"@type":"BreadcrumbList","@id":"https:\/\/tammetalu.eu\/toode\/suureoieline-laikellukas-platycodon-grandiflorus-codo-white\/#breadcrumb","itemListElement":[{"@type":"ListItem","position":1,"name":"Home","item":"https:\/\/tammetalu.eu\/fi\/etusivu\/"},{"@type":"ListItem","position":2,"name":"Kaikki tuotteet","item":"https:\/\/tammetalu.eu\/fi\/kaikki-tuotteet\/"},{"@type":"ListItem","position":3,"name":"Suure\u00f5ieline laikellukas Platycodon grandiflorus White"}]},{"@type":"WebSite","@id":"https:\/\/tammetalu.eu\/#website","url":"https:\/\/tammetalu.eu\/","name":"Tamme talu \u00fcrdiaed","description":"K\u00e4sit\u00f6\u00f6na valmistatud tooted \u00fcrtidest, \u00fcrdiistikud, \u00fcrtide kollektsioonaed","publisher":{"@id":"https:\/\/tammetalu.eu\/#organization"},"alternateName":"Tamme talu","potentialAction":[{"@type":"SearchAction","target":{"@type":"EntryPoint","urlTemplate":"https:\/\/tammetalu.eu\/?s={search_term_string}"},"query-input":{"@type":"PropertyValueSpecification","valueRequired":true,"valueName":"search_term_string"}}],"inLanguage":"fi"},{"@type":"Organization","@id":"https:\/\/tammetalu.eu\/#organization","name":"Tamme talu \u00fcrdiaed","alternateName":"Tamme talu","url":"https:\/\/tammetalu.eu\/","logo":{"@type":"ImageObject","inLanguage":"fi","@id":"https:\/\/tammetalu.eu\/#\/schema\/logo\/image\/","url":"https:\/\/tammetalu.eu\/wp-content\/uploads\/2025\/01\/Tamme_talu_urdiaed.png","contentUrl":"https:\/\/tammetalu.eu\/wp-content\/uploads\/2025\/01\/Tamme_talu_urdiaed.png","width":560,"height":560,"caption":"Tamme talu \u00fcrdiaed"},"image":{"@id":"https:\/\/tammetalu.eu\/#\/schema\/logo\/image\/"},"sameAs":["https:\/\/www.facebook.com\/TammeTaluUrdiaed\/?locale=et_EE","https:\/\/www.instagram.com\/tammetaluurdiaed\/"]}]}},"_links":{"self":[{"href":"https:\/\/tammetalu.eu\/fi\/wp-json\/wp\/v2\/product\/24685","targetHints":{"allow":["GET"]}}],"collection":[{"href":"https:\/\/tammetalu.eu\/fi\/wp-json\/wp\/v2\/product"}],"about":[{"href":"https:\/\/tammetalu.eu\/fi\/wp-json\/wp\/v2\/types\/product"}],"wp:featuredmedia":[{"embeddable":true,"href":"https:\/\/tammetalu.eu\/fi\/wp-json\/wp\/v2\/media\/24731"}],"wp:attachment":[{"href":"https:\/\/tammetalu.eu\/fi\/wp-json\/wp\/v2\/media?parent=24685"}],"wp:term":[{"taxonomy":"product_brand","embeddable":true,"href":"https:\/\/tammetalu.eu\/fi\/wp-json\/wp\/v2\/product_brand?post=24685"},{"taxonomy":"product_cat","embeddable":true,"href":"https:\/\/tammetalu.eu\/fi\/wp-json\/wp\/v2\/product_cat?post=24685"},{"taxonomy":"product_tag","embeddable":true,"href":"https:\/\/tammetalu.eu\/fi\/wp-json\/wp\/v2\/product_tag?post=24685"}],"curies":[{"name":"wp","href":"https:\/\/api.w.org\/{rel}","templated":true}]}}