{"id":21965,"date":"2024-11-10T18:09:48","date_gmt":"2024-11-10T16:09:48","guid":{"rendered":"https:\/\/tammetalu.eu\/par-mums\/"},"modified":"2024-11-21T10:16:17","modified_gmt":"2024-11-21T08:16:17","slug":"par-mums","status":"publish","type":"page","link":"https:\/\/tammetalu.eu\/lv\/par-mums\/","title":{"rendered":"Par mums"},"content":{"rendered":"<p>[et_pb_section fb_built=&#8221;1&#8243; _builder_version=&#8221;4.18.0&#8243; _module_preset=&#8221;default&#8221; use_background_color_gradient=&#8221;on&#8221; background_color_gradient_stops=&#8221;rgba(0,0,0,0.36) 0%|rgba(0,0,0,0.11) 100%&#8221; background_color_gradient_overlays_image=&#8221;on&#8221; background_color_gradient_start=&#8221;rgba(0,0,0,0.36)&#8221; background_color_gradient_end=&#8221;rgba(0,0,0,0.11)&#8221; background_image=&#8221;https:\/\/tammetalu.eu\/wp-content\/uploads\/2022\/10\/tammetalu-aug2022-173-scaled.jpg&#8221; height=&#8221;157px&#8221; custom_margin=&#8221;||5px|||&#8221; custom_padding=&#8221;0px||5px|||&#8221; global_colors_info=&#8221;{}&#8221;][\/et_pb_section][et_pb_section fb_built=&#8221;1&#8243; _builder_version=&#8221;4.16&#8243; _module_preset=&#8221;default&#8221; custom_padding=&#8221;||0px|||&#8221; global_colors_info=&#8221;{}&#8221;][et_pb_row _builder_version=&#8221;4.16&#8243; _module_preset=&#8221;default&#8221; custom_padding=&#8221;36px||36px||true|&#8221; global_colors_info=&#8221;{}&#8221;][et_pb_column type=&#8221;4_4&#8243; _builder_version=&#8221;4.16&#8243; _module_preset=&#8221;default&#8221; global_colors_info=&#8221;{}&#8221;][\/et_pb_column][\/et_pb_row][et_pb_row column_structure=&#8221;2_5,3_5&#8243; _builder_version=&#8221;4.16&#8243; _module_preset=&#8221;default&#8221; custom_margin=&#8221;1px|auto|27px|auto|false|&#8221; global_colors_info=&#8221;{}&#8221;][et_pb_column type=&#8221;2_5&#8243; _builder_version=&#8221;4.16&#8243; _module_preset=&#8221;default&#8221; global_colors_info=&#8221;{}&#8221;][et_pb_image src=&#8221;https:\/\/tammetalu.eu\/wp-content\/uploads\/2022\/04\/tammetalu-2-100-scaled.jpg&#8221; title_text=&#8221;tammetalu-2-100&#8243; _builder_version=&#8221;4.16&#8243; _module_preset=&#8221;default&#8221; max_width=&#8221;82%&#8221; global_colors_info=&#8221;{}&#8221;][\/et_pb_image][\/et_pb_column][et_pb_column type=&#8221;3_5&#8243; _builder_version=&#8221;4.16&#8243; _module_preset=&#8221;default&#8221; global_colors_info=&#8221;{}&#8221;][et_pb_text _builder_version=&#8221;4.16&#8243; _module_preset=&#8221;default&#8221; header_font=&#8221;Forum||||||||&#8221; header_font_size=&#8221;41px&#8221; header_letter_spacing=&#8221;1px&#8221; global_colors_info=&#8221;{}&#8221;]<\/p>\n<h1>Par mums<\/h1>\n<p>[\/et_pb_text][et_pb_text _builder_version=&#8221;4.16&#8243; _module_preset=&#8221;default&#8221; text_font=&#8221;Poppins|300|||||||&#8221; text_text_color=&#8221;#000000&#8243; text_font_size=&#8221;16px&#8221; text_line_height=&#8221;1.8em&#8221; global_colors_info=&#8221;{}&#8221;]<\/p>\n<p>Tammes saimniec\u012bbas gar\u0161augu d\u0101rzs s\u0101k\u0101s ar niec\u012bgu bazilika st\u0101du, ko es izm\u0113\u0123in\u0101juma k\u0101rt\u0101 ieg\u0101d\u0101jos 2001. gad\u0101, m\u0101coties Repinas d\u0101rzkop\u012bbas skol\u0101. Es tikko biju p\u0101rc\u0113lusies uz dz\u012bvi laukos un neko daudz nezin\u0101ju par gar\u0161augu audz\u0113\u0161anu.<\/p>\n<p>Pirmaj\u0101 vasar\u0101 \u0161is viens bazilika st\u0101ds izbaud\u012bja visu manu uzman\u012bbu un r\u016bpes, bet n\u0101kamaj\u0101 gad\u0101 es jau izveidoju vair\u0101kas lielas gar\u0161augu dobes. Durvis uz nosl\u0113pumaino augu pasauli bija va\u013c\u0101, un atpaka\u013cce\u013ca nebija. Gar\u0161augu dobes vairoj\u0101s ar katru gadu, t\u0101pat k\u0101 jaunas, aizraujo\u0161as \u0161\u0137irnes.<\/p>\n<p>Diezgan dr\u012bz gar\u0161augiem pievienoj\u0101s karstie \u010dili, ar kuru audz\u0113\u0161anu eksperiment\u0113ju vair\u0101kus gadus, l\u012bdz atradu m\u016bsu apst\u0101k\u013ciem piem\u0113rot\u0101k\u0101s \u0161\u0137irnes.<br \/>S\u0101kum\u0101 m\u016bsu \u0123imenes galdu bag\u0101tin\u0101ja gar\u0161augi un \u010dili, bet tad s\u0101ku gatavot ar\u012b konservus, z\u0101\u013cu t\u0113jas un s\u0101li ar piedev\u0101m p\u0101rdo\u0161anai. Manu hobiju jau var\u0113ja saukt par \u0123imenes biznesu.<\/p>\n<p>\u0160obr\u012bd zemnieku saimniec\u012bbas Tamme gar\u0161augu d\u0101rz\u0101 aug vair\u0101k nek\u0101 500 smar\u017eu, \u0101rstniec\u012bbas un gar\u0161augu sugu un \u0161\u0137ir\u0146u, kuru br\u012bni\u0161\u0137\u012bg\u0101s kr\u0101sas, rosino\u0161ie arom\u0101ti un bag\u0101t\u012bg\u0101s gar\u0161as apbur d\u0101rza apmekl\u0113t\u0101jus, un gar\u0161\u012bgie produkti priec\u0113 saimniec\u012bbas Tamme viesus.<\/p>\n<p>[\/et_pb_text][\/et_pb_column][\/et_pb_row][et_pb_row _builder_version=&#8221;4.16&#8243; _module_preset=&#8221;default&#8221; custom_margin=&#8221;1px|auto|2px|auto|false|&#8221; global_colors_info=&#8221;{}&#8221;][et_pb_column type=&#8221;4_4&#8243; _builder_version=&#8221;4.16&#8243; _module_preset=&#8221;default&#8221; global_colors_info=&#8221;{}&#8221;][et_pb_text _builder_version=&#8221;4.16&#8243; _module_preset=&#8221;default&#8221; header_font=&#8221;Forum||||||||&#8221; header_font_size=&#8221;41px&#8221; header_letter_spacing=&#8221;1px&#8221; global_colors_info=&#8221;{}&#8221;]<\/p>\n<h1>Produkti ar nep\u0101rsp\u0113jamu gar\u0161u kombin\u0101ciju<\/h1>\n<p>[\/et_pb_text][et_pb_text _builder_version=&#8221;4.18.0&#8243; _module_preset=&#8221;default&#8221; text_font=&#8221;Poppins|300|||||||&#8221; text_text_color=&#8221;#000000&#8243; text_font_size=&#8221;16px&#8221; text_line_height=&#8221;1.8em&#8221; global_colors_info=&#8221;{}&#8221;]<\/p>\n<p>Gadu gait\u0101 esmu nosl\u012bp\u0113jusi Tamme talu saimniec\u012bbas gar\u0161augu d\u0101rza gard\u0113\u017eu iev\u0101r\u012bjumus, marin\u0113tos \u010dili, gar\u0161augu e\u013c\u013cas, s\u0101li ar piedev\u0101m, un z\u0101\u013cu un ogu t\u0113jas, kas ir aizraujo\u0161as un piln\u012bgi neatvair\u0101mas.<\/p>\n<p>Pietiek nosaukt tikai da\u017eas gar\u0161u kombin\u0101cijas, piem\u0113ram, zeme\u0146u iev\u0101r\u012bjumu ar baziliku, ave\u0146u iev\u0101r\u012bjumu ar piparm\u0113tr\u0101m, sidra \u017eeleju ar \u010dili vai s\u012bpolu asumi\u0146u, un t\u0101s jau liek siekal\u0101m saskriet mut\u0113, un rada v\u0113lmi to visu nogar\u0161ot. Mums ir v\u0113l tik daudz cita, ko varam pied\u0101v\u0101t!<\/p>\n<p>\u0160os un visus citus produktus no saimniec\u012bbas Tamme gar\u0161augu d\u0101rza varat ieg\u0101d\u0101ties saimniec\u012bb\u0101, e-veikal\u0101, un daudzos veikalos vis\u0101 Igaunij\u0101.<\/p>\n<p>M\u0113s savos produktos izmantojam \u0101rstnieciskos un gar\u0161augus, kas nav selekcion\u0113ti, bet ir dabisk\u0101s sugas, kuras lieliski var izaudz\u0113t Igaunijas klimatiskajos apst\u0101k\u013cos. Augi ir saglab\u0101ju\u0161i visas dabas sniegt\u0101s gar\u0161as \u012bpa\u0161\u012bbas t\u0101, k\u0101 daba tos ir rad\u012bjusi &#8211; me\u017eon\u012bgus, iztur\u012bgus un sp\u0113cino\u0161us.<\/p>\n<p>M\u0113s savu augu audz\u0113\u0161anai neizmantojam m\u0101ksl\u012bgo m\u0113slojumu vai pestic\u012bdus &#8211; ar lepnumu varu teikt, ka Tamme talu ir atz\u012bts biolo\u0123iskais ra\u017eot\u0101js. M\u016bsu iepakojums ir videi draudz\u012bgs un p\u0101rstr\u0101d\u0101jams.<\/p>\n<p>L\u012bdz\u0101s priv\u0101tperson\u0101m esam padom\u0101ju\u0161i ar\u012b par uz\u0146\u0113mumiem. Biznesa d\u0101van\u0101m pied\u0101v\u0101jam aizraujo\u0161us speci\u0101los komplektus un citus produktus, p\u0113c piepras\u012bjuma veidojam eti\u0137etes un iepakojumu ar J\u016bsu uz\u0146\u0113muma logo. Dro\u0161i jaut\u0101jiet pied\u0101v\u0101jumu!<\/p>\n<p>[\/et_pb_text][\/et_pb_column][\/et_pb_row][et_pb_row _builder_version=&#8221;4.16&#8243; _module_preset=&#8221;default&#8221; custom_margin=&#8221;1px|auto|110px|auto|false|&#8221; global_colors_info=&#8221;{}&#8221;][et_pb_column type=&#8221;4_4&#8243; _builder_version=&#8221;4.16&#8243; _module_preset=&#8221;default&#8221; global_colors_info=&#8221;{}&#8221;][et_pb_text _builder_version=&#8221;4.16&#8243; _module_preset=&#8221;default&#8221; header_font=&#8221;Forum||||||||&#8221; header_font_size=&#8221;41px&#8221; header_letter_spacing=&#8221;1px&#8221; global_colors_info=&#8221;{}&#8221;]<\/p>\n<h1>Burv\u012bgs gar\u0161augu d\u0101rzs ar veikalu un kafejn\u012bcu<\/h1>\n<p>[\/et_pb_text][et_pb_text _builder_version=&#8221;4.18.0&#8243; _module_preset=&#8221;default&#8221; text_font=&#8221;Poppins|300|||||||&#8221; text_text_color=&#8221;#000000&#8243; text_font_size=&#8221;16px&#8221; text_line_height=&#8221;1.8em&#8221; global_colors_info=&#8221;{}&#8221;]<\/p>\n<p>Tamme talu gar\u0161augu d\u0101rza valdzin\u0101jumu neturam pie sevis, bet labpr\u0101t dal\u0101mies ar\u012b ar saviem jaukajiem apmekl\u0113t\u0101jiem.<\/p>\n<p>Gaidu j\u016bs m\u016bsu bag\u0101taj\u0101 un kr\u0101sainaj\u0101 d\u0101rz\u0101, lai var\u0113tu j\u016bs iepaz\u012bstin\u0101t ar saviem jaukajiem podi\u0146os un dob\u0113s augo\u0161ajiem favor\u012btiem. P\u0113c ekskursijas gar\u0161augu d\u0101rza kafejn\u012bc\u0101 cien\u0101\u0161u ar gar\u0161\u012bgo Hea Tuju t\u0113ju un gar\u0161augu p\u012br\u0101dzi\u0146iem un aicin\u0101\u0161u iepirkties Tamme talu gar\u0161augu veikal\u0101. \u0160eit j\u016bs atrad\u012bsiet bag\u0101t\u012bgu dabisko t\u0113ju mais\u012bjumus, iev\u0101r\u012bjumus sieriem, gar\u0161vielu mais\u012bjumus, k\u0101 ar\u012b citus aizraujo\u0161us, m\u016bsu saimniec\u012bb\u0101 ra\u017eotus, augu produktus.<\/p>\n<p>Var gad\u012bties, ka pastaiga smar\u017e\u012bgaj\u0101 d\u0101rz\u0101 iedvesmos iepaz\u012bt gar\u0161augu pasauli un pa\u0161iem izaudz\u0113t \u0161os \u012bpa\u0161os augus. \u0160iem iztur\u012bgajiem, nosl\u0113pumu pilnajiem augiem katram ir savs raksturs un kapr\u012bzes, nemaz nerun\u0101jot par unik\u0101l\u0101m smar\u017e\u0101m un gar\u0161\u0101m, kuru atkl\u0101\u0161ana nekad nevar apnikt.<\/p>\n<p>Pie mums var ieg\u0101d\u0101ties paz\u012bstamu, k\u0101 ar\u012b eksotisku gar\u0161augu st\u0101dus. Ta\u010du br\u012bdinu \u2013 gar\u0161augu audz\u0113\u0161ana var rad\u012bt \u0101rk\u0101rt\u012bgi lielu atkar\u012bbu!<\/p>\n<p>Aizrau\u0161an\u0101s, kas s\u0101k\u0101s ar manu nejau\u0161o pirkumu, nemazin\u0101s, bet gan pieaug! Ar gar\u0161augu audz\u0113\u0161anu esmu infic\u0113jusi gan savu \u0123imeni, gan m\u016bsu vienm\u0113r dz\u012bvespriec\u012bg\u0101s darbinieces \u0112vi, Elvi un Katr\u012bnu. Kop\u0101 r\u016bp\u0113jamies par st\u0101diem un d\u0101rza viesiem un sagatavojam p\u0101rdo\u0161anai \u012bpa\u0161i gar\u0161\u012bgus Tammes saimniec\u012bbas gar\u0161augu d\u0101rza produktus.<\/p>\n<p>Tiekamies saimniec\u012bb\u0101 Tamme!<br \/>Helija Viedehofa, Zemnieku saimniec\u012bbas Tamme gar\u0161augu d\u0101rza saimniece<\/p>\n<p>[\/et_pb_text][\/et_pb_column][\/et_pb_row][\/et_pb_section]<\/p>\n","protected":false},"excerpt":{"rendered":"<p>Par mumsTammes saimniec\u012bbas gar\u0161augu d\u0101rzs s\u0101k\u0101s ar niec\u012bgu bazilika st\u0101du, ko es izm\u0113\u0123in\u0101juma k\u0101rt\u0101 ieg\u0101d\u0101jos 2001. gad\u0101, m\u0101coties Repinas d\u0101rzkop\u012bbas skol\u0101. Es tikko biju p\u0101rc\u0113lusies uz dz\u012bvi laukos un neko daudz nezin\u0101ju par gar\u0161augu audz\u0113\u0161anu. Pirmaj\u0101 vasar\u0101 \u0161is viens bazilika st\u0101ds izbaud\u012bja visu manu uzman\u012bbu un r\u016bpes, bet n\u0101kamaj\u0101 gad\u0101 es jau izveidoju vair\u0101kas lielas [&hellip;]<\/p>\n","protected":false},"author":6,"featured_media":0,"parent":0,"menu_order":0,"comment_status":"closed","ping_status":"closed","template":"","meta":{"_acf_changed":false,"_et_pb_use_builder":"on","_et_pb_old_content":"","_et_gb_content_width":"","inline_featured_image":false,"footnotes":""},"class_list":["post-21965","page","type-page","status-publish","hentry"],"acf":[],"yoast_head":"<!-- This site is optimized with the Yoast SEO plugin v27.5 - https:\/\/yoast.com\/product\/yoast-seo-wordpress\/ -->\n<title>Par mums - Tamme talu \u00fcrdiaed<\/title>\n<meta name=\"robots\" content=\"index, follow, max-snippet:-1, max-image-preview:large, max-video-preview:-1\" \/>\n<link rel=\"canonical\" href=\"https:\/\/tammetalu.eu\/lv\/par-mums\/\" \/>\n<meta property=\"og:locale\" content=\"lv_LV\" \/>\n<meta property=\"og:type\" content=\"article\" \/>\n<meta property=\"og:title\" content=\"Par mums - Tamme talu \u00fcrdiaed\" \/>\n<meta property=\"og:description\" content=\"Par mumsTammes saimniec\u012bbas gar\u0161augu d\u0101rzs s\u0101k\u0101s ar niec\u012bgu bazilika st\u0101du, ko es izm\u0113\u0123in\u0101juma k\u0101rt\u0101 ieg\u0101d\u0101jos 2001. gad\u0101, m\u0101coties Repinas d\u0101rzkop\u012bbas skol\u0101. Es tikko biju p\u0101rc\u0113lusies uz dz\u012bvi laukos un neko daudz nezin\u0101ju par gar\u0161augu audz\u0113\u0161anu. Pirmaj\u0101 vasar\u0101 \u0161is viens bazilika st\u0101ds izbaud\u012bja visu manu uzman\u012bbu un r\u016bpes, bet n\u0101kamaj\u0101 gad\u0101 es jau izveidoju vair\u0101kas lielas [&hellip;]\" \/>\n<meta property=\"og:url\" content=\"https:\/\/tammetalu.eu\/lv\/par-mums\/\" \/>\n<meta property=\"og:site_name\" content=\"Tamme talu \u00fcrdiaed\" \/>\n<meta property=\"article:publisher\" content=\"https:\/\/www.facebook.com\/TammeTaluUrdiaed\/?locale=et_EE\" \/>\n<meta property=\"article:modified_time\" content=\"2024-11-21T08:16:17+00:00\" \/>\n<meta name=\"twitter:card\" content=\"summary_large_image\" \/>\n<meta name=\"twitter:label1\" content=\"Est. reading time\" \/>\n\t<meta name=\"twitter:data1\" content=\"6 minutes\" \/>\n<script type=\"application\/ld+json\" class=\"yoast-schema-graph\">{\"@context\":\"https:\\\/\\\/schema.org\",\"@graph\":[{\"@type\":\"WebPage\",\"@id\":\"https:\\\/\\\/tammetalu.eu\\\/lv\\\/par-mums\\\/\",\"url\":\"https:\\\/\\\/tammetalu.eu\\\/lv\\\/par-mums\\\/\",\"name\":\"Par mums - Tamme talu \u00fcrdiaed\",\"isPartOf\":{\"@id\":\"https:\\\/\\\/tammetalu.eu\\\/#website\"},\"datePublished\":\"2024-11-10T16:09:48+00:00\",\"dateModified\":\"2024-11-21T08:16:17+00:00\",\"breadcrumb\":{\"@id\":\"https:\\\/\\\/tammetalu.eu\\\/lv\\\/par-mums\\\/#breadcrumb\"},\"inLanguage\":\"lv-LV\",\"potentialAction\":[{\"@type\":\"ReadAction\",\"target\":[\"https:\\\/\\\/tammetalu.eu\\\/lv\\\/par-mums\\\/\"]}]},{\"@type\":\"BreadcrumbList\",\"@id\":\"https:\\\/\\\/tammetalu.eu\\\/lv\\\/par-mums\\\/#breadcrumb\",\"itemListElement\":[{\"@type\":\"ListItem\",\"position\":1,\"name\":\"Home\",\"item\":\"https:\\\/\\\/tammetalu.eu\\\/lv\\\/galvena-lapa\\\/\"},{\"@type\":\"ListItem\",\"position\":2,\"name\":\"Par mums\"}]},{\"@type\":\"WebSite\",\"@id\":\"https:\\\/\\\/tammetalu.eu\\\/#website\",\"url\":\"https:\\\/\\\/tammetalu.eu\\\/\",\"name\":\"Tamme talu \u00fcrdiaed\",\"description\":\"K\u00e4sit\u00f6\u00f6na valmistatud tooted \u00fcrtidest, \u00fcrdiistikud, \u00fcrtide kollektsioonaed\",\"publisher\":{\"@id\":\"https:\\\/\\\/tammetalu.eu\\\/#organization\"},\"alternateName\":\"Tamme talu\",\"potentialAction\":[{\"@type\":\"SearchAction\",\"target\":{\"@type\":\"EntryPoint\",\"urlTemplate\":\"https:\\\/\\\/tammetalu.eu\\\/?s={search_term_string}\"},\"query-input\":{\"@type\":\"PropertyValueSpecification\",\"valueRequired\":true,\"valueName\":\"search_term_string\"}}],\"inLanguage\":\"lv-LV\"},{\"@type\":\"Organization\",\"@id\":\"https:\\\/\\\/tammetalu.eu\\\/#organization\",\"name\":\"Tamme talu \u00fcrdiaed\",\"alternateName\":\"Tamme talu\",\"url\":\"https:\\\/\\\/tammetalu.eu\\\/\",\"logo\":{\"@type\":\"ImageObject\",\"inLanguage\":\"lv-LV\",\"@id\":\"https:\\\/\\\/tammetalu.eu\\\/#\\\/schema\\\/logo\\\/image\\\/\",\"url\":\"https:\\\/\\\/tammetalu.eu\\\/wp-content\\\/uploads\\\/2025\\\/01\\\/Tamme_talu_urdiaed.png\",\"contentUrl\":\"https:\\\/\\\/tammetalu.eu\\\/wp-content\\\/uploads\\\/2025\\\/01\\\/Tamme_talu_urdiaed.png\",\"width\":560,\"height\":560,\"caption\":\"Tamme talu \u00fcrdiaed\"},\"image\":{\"@id\":\"https:\\\/\\\/tammetalu.eu\\\/#\\\/schema\\\/logo\\\/image\\\/\"},\"sameAs\":[\"https:\\\/\\\/www.facebook.com\\\/TammeTaluUrdiaed\\\/?locale=et_EE\",\"https:\\\/\\\/www.instagram.com\\\/tammetaluurdiaed\\\/\"]}]}<\/script>\n<!-- \/ Yoast SEO plugin. -->","yoast_head_json":{"title":"Par mums - Tamme talu \u00fcrdiaed","robots":{"index":"index","follow":"follow","max-snippet":"max-snippet:-1","max-image-preview":"max-image-preview:large","max-video-preview":"max-video-preview:-1"},"canonical":"https:\/\/tammetalu.eu\/lv\/par-mums\/","og_locale":"lv_LV","og_type":"article","og_title":"Par mums - Tamme talu \u00fcrdiaed","og_description":"Par mumsTammes saimniec\u012bbas gar\u0161augu d\u0101rzs s\u0101k\u0101s ar niec\u012bgu bazilika st\u0101du, ko es izm\u0113\u0123in\u0101juma k\u0101rt\u0101 ieg\u0101d\u0101jos 2001. gad\u0101, m\u0101coties Repinas d\u0101rzkop\u012bbas skol\u0101. Es tikko biju p\u0101rc\u0113lusies uz dz\u012bvi laukos un neko daudz nezin\u0101ju par gar\u0161augu audz\u0113\u0161anu. Pirmaj\u0101 vasar\u0101 \u0161is viens bazilika st\u0101ds izbaud\u012bja visu manu uzman\u012bbu un r\u016bpes, bet n\u0101kamaj\u0101 gad\u0101 es jau izveidoju vair\u0101kas lielas [&hellip;]","og_url":"https:\/\/tammetalu.eu\/lv\/par-mums\/","og_site_name":"Tamme talu \u00fcrdiaed","article_publisher":"https:\/\/www.facebook.com\/TammeTaluUrdiaed\/?locale=et_EE","article_modified_time":"2024-11-21T08:16:17+00:00","twitter_card":"summary_large_image","twitter_misc":{"Est. reading time":"6 minutes"},"schema":{"@context":"https:\/\/schema.org","@graph":[{"@type":"WebPage","@id":"https:\/\/tammetalu.eu\/lv\/par-mums\/","url":"https:\/\/tammetalu.eu\/lv\/par-mums\/","name":"Par mums - Tamme talu \u00fcrdiaed","isPartOf":{"@id":"https:\/\/tammetalu.eu\/#website"},"datePublished":"2024-11-10T16:09:48+00:00","dateModified":"2024-11-21T08:16:17+00:00","breadcrumb":{"@id":"https:\/\/tammetalu.eu\/lv\/par-mums\/#breadcrumb"},"inLanguage":"lv-LV","potentialAction":[{"@type":"ReadAction","target":["https:\/\/tammetalu.eu\/lv\/par-mums\/"]}]},{"@type":"BreadcrumbList","@id":"https:\/\/tammetalu.eu\/lv\/par-mums\/#breadcrumb","itemListElement":[{"@type":"ListItem","position":1,"name":"Home","item":"https:\/\/tammetalu.eu\/lv\/galvena-lapa\/"},{"@type":"ListItem","position":2,"name":"Par mums"}]},{"@type":"WebSite","@id":"https:\/\/tammetalu.eu\/#website","url":"https:\/\/tammetalu.eu\/","name":"Tamme talu \u00fcrdiaed","description":"K\u00e4sit\u00f6\u00f6na valmistatud tooted \u00fcrtidest, \u00fcrdiistikud, \u00fcrtide kollektsioonaed","publisher":{"@id":"https:\/\/tammetalu.eu\/#organization"},"alternateName":"Tamme talu","potentialAction":[{"@type":"SearchAction","target":{"@type":"EntryPoint","urlTemplate":"https:\/\/tammetalu.eu\/?s={search_term_string}"},"query-input":{"@type":"PropertyValueSpecification","valueRequired":true,"valueName":"search_term_string"}}],"inLanguage":"lv-LV"},{"@type":"Organization","@id":"https:\/\/tammetalu.eu\/#organization","name":"Tamme talu \u00fcrdiaed","alternateName":"Tamme talu","url":"https:\/\/tammetalu.eu\/","logo":{"@type":"ImageObject","inLanguage":"lv-LV","@id":"https:\/\/tammetalu.eu\/#\/schema\/logo\/image\/","url":"https:\/\/tammetalu.eu\/wp-content\/uploads\/2025\/01\/Tamme_talu_urdiaed.png","contentUrl":"https:\/\/tammetalu.eu\/wp-content\/uploads\/2025\/01\/Tamme_talu_urdiaed.png","width":560,"height":560,"caption":"Tamme talu \u00fcrdiaed"},"image":{"@id":"https:\/\/tammetalu.eu\/#\/schema\/logo\/image\/"},"sameAs":["https:\/\/www.facebook.com\/TammeTaluUrdiaed\/?locale=et_EE","https:\/\/www.instagram.com\/tammetaluurdiaed\/"]}]}},"_links":{"self":[{"href":"https:\/\/tammetalu.eu\/lv\/wp-json\/wp\/v2\/pages\/21965","targetHints":{"allow":["GET"]}}],"collection":[{"href":"https:\/\/tammetalu.eu\/lv\/wp-json\/wp\/v2\/pages"}],"about":[{"href":"https:\/\/tammetalu.eu\/lv\/wp-json\/wp\/v2\/types\/page"}],"author":[{"embeddable":true,"href":"https:\/\/tammetalu.eu\/lv\/wp-json\/wp\/v2\/users\/6"}],"replies":[{"embeddable":true,"href":"https:\/\/tammetalu.eu\/lv\/wp-json\/wp\/v2\/comments?post=21965"}],"version-history":[{"count":4,"href":"https:\/\/tammetalu.eu\/lv\/wp-json\/wp\/v2\/pages\/21965\/revisions"}],"predecessor-version":[{"id":22232,"href":"https:\/\/tammetalu.eu\/lv\/wp-json\/wp\/v2\/pages\/21965\/revisions\/22232"}],"wp:attachment":[{"href":"https:\/\/tammetalu.eu\/lv\/wp-json\/wp\/v2\/media?parent=21965"}],"curies":[{"name":"wp","href":"https:\/\/api.w.org\/{rel}","templated":true}]}}