{"id":22024,"date":"2024-11-11T18:37:07","date_gmt":"2024-11-11T16:37:07","guid":{"rendered":"https:\/\/tammetalu.eu\/sazinaties\/"},"modified":"2024-11-11T18:37:08","modified_gmt":"2024-11-11T16:37:08","slug":"sazinaties","status":"publish","type":"page","link":"https:\/\/tammetalu.eu\/lv\/sazinaties\/","title":{"rendered":"Sazin\u0101ties"},"content":{"rendered":"<p>[et_pb_section fb_built=&#8221;1&#8243; _builder_version=&#8221;4.16&#8243; _module_preset=&#8221;default&#8221; use_background_color_gradient=&#8221;on&#8221; background_color_gradient_stops=&#8221;rgba(0,0,0,0.15) 0%|rgba(0,0,0,0.27) 100%&#8221; background_color_gradient_overlays_image=&#8221;on&#8221; background_color_gradient_start=&#8221;rgba(0,0,0,0.15)&#8221; background_color_gradient_end=&#8221;rgba(0,0,0,0.27)&#8221; background_image=&#8221;https:\/\/tammetalu.eu\/wp-content\/uploads\/2022\/04\/DSC4613.jpg&#8221; height=&#8221;193px&#8221; global_colors_info=&#8221;{}&#8221;][\/et_pb_section][et_pb_section fb_built=&#8221;1&#8243; _builder_version=&#8221;4.16&#8243; _module_preset=&#8221;default&#8221; global_colors_info=&#8221;{}&#8221;][et_pb_row _builder_version=&#8221;4.16&#8243; _module_preset=&#8221;default&#8221; custom_margin=&#8221;61px|auto||auto||&#8221; global_colors_info=&#8221;{}&#8221;][et_pb_column type=&#8221;4_4&#8243; _builder_version=&#8221;4.16&#8243; _module_preset=&#8221;default&#8221; global_colors_info=&#8221;{}&#8221;][et_pb_text _builder_version=&#8221;4.16&#8243; _module_preset=&#8221;default&#8221; header_font=&#8221;Forum||||||||&#8221; header_3_font=&#8221;Forum||||||||&#8221; header_3_font_size=&#8221;41px&#8221; custom_padding=&#8221;||0px|||&#8221; global_colors_info=&#8221;{}&#8221;]<\/p>\n<h3>Sazinieties ar mums<\/h3>\n<p>&nbsp;<\/p>\n<p>[\/et_pb_text][\/et_pb_column][\/et_pb_row][et_pb_row column_structure=&#8221;1_2,1_2&#8243; _builder_version=&#8221;4.16&#8243; _module_preset=&#8221;default&#8221; custom_padding=&#8221;4px||||false|false&#8221; global_colors_info=&#8221;{}&#8221;][et_pb_column type=&#8221;1_2&#8243; _builder_version=&#8221;4.16&#8243; _module_preset=&#8221;default&#8221; global_colors_info=&#8221;{}&#8221;][et_pb_text _builder_version=&#8221;4.27.0&#8243; _module_preset=&#8221;default&#8221; text_font=&#8221;Poppins|300|||||||&#8221; text_text_color=&#8221;#000000&#8243; text_font_size=&#8221;18px&#8221; text_line_height=&#8221;2.1em&#8221; header_3_font=&#8221;Forum||||||||&#8221; header_3_font_size=&#8221;41px&#8221; global_colors_info=&#8221;{}&#8221;]<\/p>\n<h3>Tamme Talu Gar\u0161augu d\u0101rzs un ra\u017eo\u0161ana<\/h3>\n<p>Tamme, Maldas ciems, P\u0113rnavas pils\u0113ta, P\u0113rnavas apri\u0146\u0137is, 88314<\/p>\n<h3>Inform\u0101cija apmekl\u0113t\u0101jiem<\/h3>\n<p>Gaid\u0101m j\u016bs no maija l\u012bdz oktobrim, no pirmdienas l\u012bdz piektdienai, no 8:00 l\u012bdz 15:00.<br \/>Valsts sv\u0113tku dien\u0101s esam sl\u0113gti.<\/p>\n<p>Ja v\u0113laties ierasties pie mums \u0101rpus ierast\u0101 darba laika vai br\u012bvdien\u0101s, l\u016bdzu, iepriek\u0161 inform\u0113jiet m\u016bs, zvanot pa t\u0101lruni +372 5625 3075.<\/p>\n<h3>Sazin\u0101ties<\/h3>\n<p><strong>Heli Viedehof &#8211; <\/strong>Lauku saimniec\u012bbas apmekl\u0113juma pieteik\u0161ana, st\u0101du audz\u0113\u0161ana<br \/>+372 5625 3075<br \/><a href=\"mailto:tamme.aiandustalu@gmail.com\">tamme.aiandustalu@gmail.com<\/a><\/p>\n<p style=\"text-align: left;\"><strong>Elisabeth Viedehof &#8211; <\/strong>tirdzniec\u012bba, m\u0101rketings, e-veikals<br \/>+372 5669 7664<br \/><a href=\"mailto:Mailto%20herbs.elisabeth@gmail.com\">herbs.elisabeth@gmail.com<\/a><\/p>\n<h4>\u00a0<\/h4>\n<h4>Herbs O\u00dc nor\u0113\u0137inu konts<\/h4>\n<p>EE722200221069679578 Swedbank AS<\/p>\n<p>Sekojiet m\u016bsu aktivit\u0101t\u0113m soci\u0101lajos t\u012bklos!<\/p>\n<ul>\n<li><a href=\"https:\/\/www.facebook.com\/TammeTaluUrdiaed\/\" target=\"_blank\" rel=\"noopener\">Tamme talu Facebook<\/a><\/li>\n<li><a href=\"https:\/\/www.instagram.com\/tammetalu\/?hl=en\">Tamme talu Instagram<\/a><\/li>\n<\/ul>\n<p>[\/et_pb_text][\/et_pb_column][et_pb_column type=&#8221;1_2&#8243; _builder_version=&#8221;4.16&#8243; _module_preset=&#8221;default&#8221; global_colors_info=&#8221;{}&#8221;][et_pb_code _builder_version=&#8221;4.16&#8243; _module_preset=&#8221;default&#8221; global_colors_info=&#8221;{}&#8221;]<iframe src=\"https:\/\/www.google.com\/maps\/embed?pb=!1m14!1m8!1m3!1d8350.996835403534!2d24.3210209!3d58.4481976!3m2!1i1024!2i768!4f13.1!3m3!1m2!1s0x0%3A0x8786acfe8cfb62b7!2sTamme%20talu%20%C3%BCrdiaed!5e0!3m2!1sen!2see!4v1655706385141!5m2!1sen!2see\" width=\"600\" height=\"450\" style=\"border:0;\" allowfullscreen=\"\" loading=\"lazy\" referrerpolicy=\"no-referrer-when-downgrade\"><\/iframe>[\/et_pb_code][\/et_pb_column][\/et_pb_row][\/et_pb_section]<\/p>\n","protected":false},"excerpt":{"rendered":"<p>Sazinieties ar mums &nbsp;Tamme Talu Gar\u0161augu d\u0101rzs un ra\u017eo\u0161ana Tamme, Maldas ciems, P\u0113rnavas pils\u0113ta, P\u0113rnavas apri\u0146\u0137is, 88314 Inform\u0101cija apmekl\u0113t\u0101jiem Gaid\u0101m j\u016bs no maija l\u012bdz oktobrim, no pirmdienas l\u012bdz piektdienai, no 8:00 l\u012bdz 15:00.Valsts sv\u0113tku dien\u0101s esam sl\u0113gti. Ja v\u0113laties ierasties pie mums \u0101rpus ierast\u0101 darba laika vai br\u012bvdien\u0101s, l\u016bdzu, iepriek\u0161 inform\u0113jiet m\u016bs, zvanot pa t\u0101lruni [&hellip;]<\/p>\n","protected":false},"author":1,"featured_media":0,"parent":0,"menu_order":19,"comment_status":"closed","ping_status":"closed","template":"","meta":{"_acf_changed":false,"_et_pb_use_builder":"on","_et_pb_old_content":"","_et_gb_content_width":"","inline_featured_image":false,"footnotes":""},"class_list":["post-22024","page","type-page","status-publish","hentry"],"acf":[],"yoast_head":"<!-- This site is optimized with the Yoast SEO plugin v27.5 - https:\/\/yoast.com\/product\/yoast-seo-wordpress\/ -->\n<title>Sazin\u0101ties - Tamme talu \u00fcrdiaed<\/title>\n<meta name=\"robots\" content=\"index, follow, max-snippet:-1, max-image-preview:large, max-video-preview:-1\" \/>\n<link rel=\"canonical\" href=\"https:\/\/tammetalu.eu\/lv\/sazinaties\/\" \/>\n<meta property=\"og:locale\" content=\"lv_LV\" \/>\n<meta property=\"og:type\" content=\"article\" \/>\n<meta property=\"og:title\" content=\"Sazin\u0101ties - Tamme talu \u00fcrdiaed\" \/>\n<meta property=\"og:description\" content=\"Sazinieties ar mums &nbsp;Tamme Talu Gar\u0161augu d\u0101rzs un ra\u017eo\u0161ana Tamme, Maldas ciems, P\u0113rnavas pils\u0113ta, P\u0113rnavas apri\u0146\u0137is, 88314 Inform\u0101cija apmekl\u0113t\u0101jiem Gaid\u0101m j\u016bs no maija l\u012bdz oktobrim, no pirmdienas l\u012bdz piektdienai, no 8:00 l\u012bdz 15:00.Valsts sv\u0113tku dien\u0101s esam sl\u0113gti. Ja v\u0113laties ierasties pie mums \u0101rpus ierast\u0101 darba laika vai br\u012bvdien\u0101s, l\u016bdzu, iepriek\u0161 inform\u0113jiet m\u016bs, zvanot pa t\u0101lruni [&hellip;]\" \/>\n<meta property=\"og:url\" content=\"https:\/\/tammetalu.eu\/lv\/sazinaties\/\" \/>\n<meta property=\"og:site_name\" content=\"Tamme talu \u00fcrdiaed\" \/>\n<meta property=\"article:publisher\" content=\"https:\/\/www.facebook.com\/TammeTaluUrdiaed\/?locale=et_EE\" \/>\n<meta property=\"article:modified_time\" content=\"2024-11-11T16:37:08+00:00\" \/>\n<meta name=\"twitter:card\" content=\"summary_large_image\" \/>\n<meta name=\"twitter:label1\" content=\"Est. reading time\" \/>\n\t<meta name=\"twitter:data1\" content=\"2 minutes\" \/>\n<script type=\"application\/ld+json\" class=\"yoast-schema-graph\">{\"@context\":\"https:\\\/\\\/schema.org\",\"@graph\":[{\"@type\":\"WebPage\",\"@id\":\"https:\\\/\\\/tammetalu.eu\\\/lv\\\/sazinaties\\\/\",\"url\":\"https:\\\/\\\/tammetalu.eu\\\/lv\\\/sazinaties\\\/\",\"name\":\"Sazin\u0101ties - Tamme talu \u00fcrdiaed\",\"isPartOf\":{\"@id\":\"https:\\\/\\\/tammetalu.eu\\\/#website\"},\"datePublished\":\"2024-11-11T16:37:07+00:00\",\"dateModified\":\"2024-11-11T16:37:08+00:00\",\"breadcrumb\":{\"@id\":\"https:\\\/\\\/tammetalu.eu\\\/lv\\\/sazinaties\\\/#breadcrumb\"},\"inLanguage\":\"lv-LV\",\"potentialAction\":[{\"@type\":\"ReadAction\",\"target\":[\"https:\\\/\\\/tammetalu.eu\\\/lv\\\/sazinaties\\\/\"]}]},{\"@type\":\"BreadcrumbList\",\"@id\":\"https:\\\/\\\/tammetalu.eu\\\/lv\\\/sazinaties\\\/#breadcrumb\",\"itemListElement\":[{\"@type\":\"ListItem\",\"position\":1,\"name\":\"Home\",\"item\":\"https:\\\/\\\/tammetalu.eu\\\/lv\\\/galvena-lapa\\\/\"},{\"@type\":\"ListItem\",\"position\":2,\"name\":\"Sazin\u0101ties\"}]},{\"@type\":\"WebSite\",\"@id\":\"https:\\\/\\\/tammetalu.eu\\\/#website\",\"url\":\"https:\\\/\\\/tammetalu.eu\\\/\",\"name\":\"Tamme talu \u00fcrdiaed\",\"description\":\"K\u00e4sit\u00f6\u00f6na valmistatud tooted \u00fcrtidest, \u00fcrdiistikud, \u00fcrtide kollektsioonaed\",\"publisher\":{\"@id\":\"https:\\\/\\\/tammetalu.eu\\\/#organization\"},\"alternateName\":\"Tamme talu\",\"potentialAction\":[{\"@type\":\"SearchAction\",\"target\":{\"@type\":\"EntryPoint\",\"urlTemplate\":\"https:\\\/\\\/tammetalu.eu\\\/?s={search_term_string}\"},\"query-input\":{\"@type\":\"PropertyValueSpecification\",\"valueRequired\":true,\"valueName\":\"search_term_string\"}}],\"inLanguage\":\"lv-LV\"},{\"@type\":\"Organization\",\"@id\":\"https:\\\/\\\/tammetalu.eu\\\/#organization\",\"name\":\"Tamme talu \u00fcrdiaed\",\"alternateName\":\"Tamme talu\",\"url\":\"https:\\\/\\\/tammetalu.eu\\\/\",\"logo\":{\"@type\":\"ImageObject\",\"inLanguage\":\"lv-LV\",\"@id\":\"https:\\\/\\\/tammetalu.eu\\\/#\\\/schema\\\/logo\\\/image\\\/\",\"url\":\"https:\\\/\\\/tammetalu.eu\\\/wp-content\\\/uploads\\\/2025\\\/01\\\/Tamme_talu_urdiaed.png\",\"contentUrl\":\"https:\\\/\\\/tammetalu.eu\\\/wp-content\\\/uploads\\\/2025\\\/01\\\/Tamme_talu_urdiaed.png\",\"width\":560,\"height\":560,\"caption\":\"Tamme talu \u00fcrdiaed\"},\"image\":{\"@id\":\"https:\\\/\\\/tammetalu.eu\\\/#\\\/schema\\\/logo\\\/image\\\/\"},\"sameAs\":[\"https:\\\/\\\/www.facebook.com\\\/TammeTaluUrdiaed\\\/?locale=et_EE\",\"https:\\\/\\\/www.instagram.com\\\/tammetaluurdiaed\\\/\"]}]}<\/script>\n<!-- \/ Yoast SEO plugin. -->","yoast_head_json":{"title":"Sazin\u0101ties - Tamme talu \u00fcrdiaed","robots":{"index":"index","follow":"follow","max-snippet":"max-snippet:-1","max-image-preview":"max-image-preview:large","max-video-preview":"max-video-preview:-1"},"canonical":"https:\/\/tammetalu.eu\/lv\/sazinaties\/","og_locale":"lv_LV","og_type":"article","og_title":"Sazin\u0101ties - Tamme talu \u00fcrdiaed","og_description":"Sazinieties ar mums &nbsp;Tamme Talu Gar\u0161augu d\u0101rzs un ra\u017eo\u0161ana Tamme, Maldas ciems, P\u0113rnavas pils\u0113ta, P\u0113rnavas apri\u0146\u0137is, 88314 Inform\u0101cija apmekl\u0113t\u0101jiem Gaid\u0101m j\u016bs no maija l\u012bdz oktobrim, no pirmdienas l\u012bdz piektdienai, no 8:00 l\u012bdz 15:00.Valsts sv\u0113tku dien\u0101s esam sl\u0113gti. Ja v\u0113laties ierasties pie mums \u0101rpus ierast\u0101 darba laika vai br\u012bvdien\u0101s, l\u016bdzu, iepriek\u0161 inform\u0113jiet m\u016bs, zvanot pa t\u0101lruni [&hellip;]","og_url":"https:\/\/tammetalu.eu\/lv\/sazinaties\/","og_site_name":"Tamme talu \u00fcrdiaed","article_publisher":"https:\/\/www.facebook.com\/TammeTaluUrdiaed\/?locale=et_EE","article_modified_time":"2024-11-11T16:37:08+00:00","twitter_card":"summary_large_image","twitter_misc":{"Est. reading time":"2 minutes"},"schema":{"@context":"https:\/\/schema.org","@graph":[{"@type":"WebPage","@id":"https:\/\/tammetalu.eu\/lv\/sazinaties\/","url":"https:\/\/tammetalu.eu\/lv\/sazinaties\/","name":"Sazin\u0101ties - Tamme talu \u00fcrdiaed","isPartOf":{"@id":"https:\/\/tammetalu.eu\/#website"},"datePublished":"2024-11-11T16:37:07+00:00","dateModified":"2024-11-11T16:37:08+00:00","breadcrumb":{"@id":"https:\/\/tammetalu.eu\/lv\/sazinaties\/#breadcrumb"},"inLanguage":"lv-LV","potentialAction":[{"@type":"ReadAction","target":["https:\/\/tammetalu.eu\/lv\/sazinaties\/"]}]},{"@type":"BreadcrumbList","@id":"https:\/\/tammetalu.eu\/lv\/sazinaties\/#breadcrumb","itemListElement":[{"@type":"ListItem","position":1,"name":"Home","item":"https:\/\/tammetalu.eu\/lv\/galvena-lapa\/"},{"@type":"ListItem","position":2,"name":"Sazin\u0101ties"}]},{"@type":"WebSite","@id":"https:\/\/tammetalu.eu\/#website","url":"https:\/\/tammetalu.eu\/","name":"Tamme talu \u00fcrdiaed","description":"K\u00e4sit\u00f6\u00f6na valmistatud tooted \u00fcrtidest, \u00fcrdiistikud, \u00fcrtide kollektsioonaed","publisher":{"@id":"https:\/\/tammetalu.eu\/#organization"},"alternateName":"Tamme talu","potentialAction":[{"@type":"SearchAction","target":{"@type":"EntryPoint","urlTemplate":"https:\/\/tammetalu.eu\/?s={search_term_string}"},"query-input":{"@type":"PropertyValueSpecification","valueRequired":true,"valueName":"search_term_string"}}],"inLanguage":"lv-LV"},{"@type":"Organization","@id":"https:\/\/tammetalu.eu\/#organization","name":"Tamme talu \u00fcrdiaed","alternateName":"Tamme talu","url":"https:\/\/tammetalu.eu\/","logo":{"@type":"ImageObject","inLanguage":"lv-LV","@id":"https:\/\/tammetalu.eu\/#\/schema\/logo\/image\/","url":"https:\/\/tammetalu.eu\/wp-content\/uploads\/2025\/01\/Tamme_talu_urdiaed.png","contentUrl":"https:\/\/tammetalu.eu\/wp-content\/uploads\/2025\/01\/Tamme_talu_urdiaed.png","width":560,"height":560,"caption":"Tamme talu \u00fcrdiaed"},"image":{"@id":"https:\/\/tammetalu.eu\/#\/schema\/logo\/image\/"},"sameAs":["https:\/\/www.facebook.com\/TammeTaluUrdiaed\/?locale=et_EE","https:\/\/www.instagram.com\/tammetaluurdiaed\/"]}]}},"_links":{"self":[{"href":"https:\/\/tammetalu.eu\/lv\/wp-json\/wp\/v2\/pages\/22024","targetHints":{"allow":["GET"]}}],"collection":[{"href":"https:\/\/tammetalu.eu\/lv\/wp-json\/wp\/v2\/pages"}],"about":[{"href":"https:\/\/tammetalu.eu\/lv\/wp-json\/wp\/v2\/types\/page"}],"author":[{"embeddable":true,"href":"https:\/\/tammetalu.eu\/lv\/wp-json\/wp\/v2\/users\/1"}],"replies":[{"embeddable":true,"href":"https:\/\/tammetalu.eu\/lv\/wp-json\/wp\/v2\/comments?post=22024"}],"version-history":[{"count":2,"href":"https:\/\/tammetalu.eu\/lv\/wp-json\/wp\/v2\/pages\/22024\/revisions"}],"predecessor-version":[{"id":22027,"href":"https:\/\/tammetalu.eu\/lv\/wp-json\/wp\/v2\/pages\/22024\/revisions\/22027"}],"wp:attachment":[{"href":"https:\/\/tammetalu.eu\/lv\/wp-json\/wp\/v2\/media?parent=22024"}],"curies":[{"name":"wp","href":"https:\/\/api.w.org\/{rel}","templated":true}]}}