{"id":15321,"date":"2022-08-09T09:02:42","date_gmt":"2022-08-09T06:02:42","guid":{"rendered":"https:\/\/tammetalu.eu?post_type=product&#038;p=15321"},"modified":"2024-09-17T15:13:38","modified_gmt":"2024-09-17T12:13:38","slug":"vurtsine-koomnesool-85g","status":"publish","type":"product","link":"https:\/\/tammetalu.eu\/lv\/toode\/vurtsine-koomnesool-85g\/","title":{"rendered":"V\u00fcrtsine k\u00f6\u00f6mnesool 85g"},"content":{"rendered":"","protected":false},"excerpt":{"rendered":"<p>35,18 \u20ac\/kg<\/p>\n<p>V\u00fcrtsine k\u00f6\u00f6mnesool on kergelt v\u00fcrtsikas \u00fcrdisegu, mis sobib liha- ja aedviljaroogade maitsestamiseks. Eriliselt hea maitse annab toorkapsasalatile ning kapsahautisele.<\/p>\n<p>Retseptisoovitus: T\u00fckelda toores peet, porgand ja kartul. Aseta k\u00fcpsetuspaberiga kaetud ahjupannile. Raputa \u00fcle Tamme talu V\u00fcrtsise k\u00f6\u00f6mnesoola ja toidu\u00f5liga ning sega l\u00e4bi. Aseta peale foolium ning pane ahju 190 \u00b0C juurde k\u00fcpsema. Kui juurikad on juba pehmemaks l\u00e4inud, v\u00f5ta foolium \u00e4ra ning lase veel k\u00fcpseda kuni on veidi pruunistunud. V\u00f5ta ahjust ning s\u00f6\u00f6 ja naudi!<\/p>\n<p>Koostisosad: k\u00f6\u00f6mned, porrulauk, t\u0161illi, k\u00fc\u00fcslauk, meresool<\/p>\n","protected":false},"featured_media":15393,"template":"","meta":{"_acf_changed":false,"_et_pb_use_builder":"","_et_pb_old_content":"","_et_gb_content_width":"","inline_featured_image":false},"product_brand":[],"product_cat":[177],"product_tag":[67],"class_list":{"0":"post-15321","1":"product","2":"type-product","3":"status-publish","4":"has-post-thumbnail","6":"product_cat-urdisoolad","7":"product_tag-urdisoolad","9":"first","10":"instock","11":"taxable","12":"shipping-taxable","13":"purchasable","14":"product-type-simple"},"acf":[],"yoast_head":"<!-- This site is optimized with the Yoast SEO plugin v27.5 - https:\/\/yoast.com\/product\/yoast-seo-wordpress\/ -->\n<title>V\u00fcrtsine k\u00f6\u00f6mnesool - Tamme talu \u00fcrdisegude e-pood<\/title>\n<meta name=\"description\" content=\"V\u00fcrtsine k\u00f6\u00f6mnesool. Koostis: k\u00f6\u00f6mned, porrulauk, t\u0161illi, k\u00fc\u00fcslauk, meresool. Telli k\u00e4sitsi valmistatud \u00fcrdisegud Talle talu e-poest.\" \/>\n<meta name=\"robots\" content=\"index, follow, max-snippet:-1, max-image-preview:large, max-video-preview:-1\" \/>\n<link rel=\"canonical\" href=\"https:\/\/tammetalu.eu\/toode\/vurtsine-koomnesool-85g\/\" \/>\n<meta property=\"og:locale\" content=\"lv_LV\" \/>\n<meta property=\"og:type\" content=\"article\" \/>\n<meta property=\"og:title\" content=\"V\u00fcrtsine k\u00f6\u00f6mnesool - Tamme talu \u00fcrdisegude e-pood\" \/>\n<meta property=\"og:description\" content=\"V\u00fcrtsine k\u00f6\u00f6mnesool. Koostis: k\u00f6\u00f6mned, porrulauk, t\u0161illi, k\u00fc\u00fcslauk, meresool. Telli k\u00e4sitsi valmistatud \u00fcrdisegud Talle talu e-poest.\" \/>\n<meta property=\"og:url\" content=\"https:\/\/tammetalu.eu\/toode\/vurtsine-koomnesool-85g\/\" \/>\n<meta property=\"og:site_name\" content=\"Tamme talu \u00fcrdiaed\" \/>\n<meta property=\"article:publisher\" content=\"https:\/\/www.facebook.com\/TammeTaluUrdiaed\/?locale=et_EE\" \/>\n<meta property=\"article:modified_time\" content=\"2024-09-17T12:13:38+00:00\" \/>\n<meta property=\"og:image\" content=\"https:\/\/tammetalu.eu\/wp-content\/uploads\/2022\/08\/Vurtsine_koomnesool-6.jpg\" \/>\n\t<meta property=\"og:image:width\" content=\"960\" \/>\n\t<meta property=\"og:image:height\" content=\"960\" \/>\n\t<meta property=\"og:image:type\" content=\"image\/jpeg\" \/>\n<meta name=\"twitter:card\" content=\"summary_large_image\" \/>\n<script type=\"application\/ld+json\" class=\"yoast-schema-graph\">{\"@context\":\"https:\\\/\\\/schema.org\",\"@graph\":[{\"@type\":\"WebPage\",\"@id\":\"https:\\\/\\\/tammetalu.eu\\\/toode\\\/vurtsine-koomnesool-85g\\\/\",\"url\":\"https:\\\/\\\/tammetalu.eu\\\/toode\\\/vurtsine-koomnesool-85g\\\/\",\"name\":\"V\u00fcrtsine k\u00f6\u00f6mnesool - Tamme talu \u00fcrdisegude e-pood\",\"isPartOf\":{\"@id\":\"https:\\\/\\\/tammetalu.eu\\\/#website\"},\"primaryImageOfPage\":{\"@id\":\"https:\\\/\\\/tammetalu.eu\\\/toode\\\/vurtsine-koomnesool-85g\\\/#primaryimage\"},\"image\":{\"@id\":\"https:\\\/\\\/tammetalu.eu\\\/toode\\\/vurtsine-koomnesool-85g\\\/#primaryimage\"},\"thumbnailUrl\":\"https:\\\/\\\/tammetalu.eu\\\/wp-content\\\/uploads\\\/2022\\\/08\\\/Vurtsine_koomnesool-6.jpg\",\"datePublished\":\"2022-08-09T06:02:42+00:00\",\"dateModified\":\"2024-09-17T12:13:38+00:00\",\"description\":\"V\u00fcrtsine k\u00f6\u00f6mnesool. Koostis: k\u00f6\u00f6mned, porrulauk, t\u0161illi, k\u00fc\u00fcslauk, meresool. Telli k\u00e4sitsi valmistatud \u00fcrdisegud Talle talu e-poest.\",\"breadcrumb\":{\"@id\":\"https:\\\/\\\/tammetalu.eu\\\/toode\\\/vurtsine-koomnesool-85g\\\/#breadcrumb\"},\"inLanguage\":\"lv-LV\",\"potentialAction\":[{\"@type\":\"ReadAction\",\"target\":[\"https:\\\/\\\/tammetalu.eu\\\/toode\\\/vurtsine-koomnesool-85g\\\/\"]}]},{\"@type\":\"ImageObject\",\"inLanguage\":\"lv-LV\",\"@id\":\"https:\\\/\\\/tammetalu.eu\\\/toode\\\/vurtsine-koomnesool-85g\\\/#primaryimage\",\"url\":\"https:\\\/\\\/tammetalu.eu\\\/wp-content\\\/uploads\\\/2022\\\/08\\\/Vurtsine_koomnesool-6.jpg\",\"contentUrl\":\"https:\\\/\\\/tammetalu.eu\\\/wp-content\\\/uploads\\\/2022\\\/08\\\/Vurtsine_koomnesool-6.jpg\",\"width\":960,\"height\":960},{\"@type\":\"BreadcrumbList\",\"@id\":\"https:\\\/\\\/tammetalu.eu\\\/toode\\\/vurtsine-koomnesool-85g\\\/#breadcrumb\",\"itemListElement\":[{\"@type\":\"ListItem\",\"position\":1,\"name\":\"Home\",\"item\":\"https:\\\/\\\/tammetalu.eu\\\/lv\\\/galvena-lapa\\\/\"},{\"@type\":\"ListItem\",\"position\":2,\"name\":\"Shop\",\"item\":\"https:\\\/\\\/tammetalu.eu\\\/lv\\\/shop\\\/\"},{\"@type\":\"ListItem\",\"position\":3,\"name\":\"V\u00fcrtsine k\u00f6\u00f6mnesool 85g\"}]},{\"@type\":\"WebSite\",\"@id\":\"https:\\\/\\\/tammetalu.eu\\\/#website\",\"url\":\"https:\\\/\\\/tammetalu.eu\\\/\",\"name\":\"Tamme talu \u00fcrdiaed\",\"description\":\"K\u00e4sit\u00f6\u00f6na valmistatud tooted \u00fcrtidest, \u00fcrdiistikud, \u00fcrtide kollektsioonaed\",\"publisher\":{\"@id\":\"https:\\\/\\\/tammetalu.eu\\\/#organization\"},\"alternateName\":\"Tamme talu\",\"potentialAction\":[{\"@type\":\"SearchAction\",\"target\":{\"@type\":\"EntryPoint\",\"urlTemplate\":\"https:\\\/\\\/tammetalu.eu\\\/?s={search_term_string}\"},\"query-input\":{\"@type\":\"PropertyValueSpecification\",\"valueRequired\":true,\"valueName\":\"search_term_string\"}}],\"inLanguage\":\"lv-LV\"},{\"@type\":\"Organization\",\"@id\":\"https:\\\/\\\/tammetalu.eu\\\/#organization\",\"name\":\"Tamme talu \u00fcrdiaed\",\"alternateName\":\"Tamme talu\",\"url\":\"https:\\\/\\\/tammetalu.eu\\\/\",\"logo\":{\"@type\":\"ImageObject\",\"inLanguage\":\"lv-LV\",\"@id\":\"https:\\\/\\\/tammetalu.eu\\\/#\\\/schema\\\/logo\\\/image\\\/\",\"url\":\"https:\\\/\\\/tammetalu.eu\\\/wp-content\\\/uploads\\\/2025\\\/01\\\/Tamme_talu_urdiaed.png\",\"contentUrl\":\"https:\\\/\\\/tammetalu.eu\\\/wp-content\\\/uploads\\\/2025\\\/01\\\/Tamme_talu_urdiaed.png\",\"width\":560,\"height\":560,\"caption\":\"Tamme talu \u00fcrdiaed\"},\"image\":{\"@id\":\"https:\\\/\\\/tammetalu.eu\\\/#\\\/schema\\\/logo\\\/image\\\/\"},\"sameAs\":[\"https:\\\/\\\/www.facebook.com\\\/TammeTaluUrdiaed\\\/?locale=et_EE\",\"https:\\\/\\\/www.instagram.com\\\/tammetaluurdiaed\\\/\"]}]}<\/script>\n<!-- \/ Yoast SEO plugin. -->","yoast_head_json":{"title":"V\u00fcrtsine k\u00f6\u00f6mnesool - Tamme talu \u00fcrdisegude e-pood","description":"V\u00fcrtsine k\u00f6\u00f6mnesool. Koostis: k\u00f6\u00f6mned, porrulauk, t\u0161illi, k\u00fc\u00fcslauk, meresool. Telli k\u00e4sitsi valmistatud \u00fcrdisegud Talle talu e-poest.","robots":{"index":"index","follow":"follow","max-snippet":"max-snippet:-1","max-image-preview":"max-image-preview:large","max-video-preview":"max-video-preview:-1"},"canonical":"https:\/\/tammetalu.eu\/toode\/vurtsine-koomnesool-85g\/","og_locale":"lv_LV","og_type":"article","og_title":"V\u00fcrtsine k\u00f6\u00f6mnesool - Tamme talu \u00fcrdisegude e-pood","og_description":"V\u00fcrtsine k\u00f6\u00f6mnesool. Koostis: k\u00f6\u00f6mned, porrulauk, t\u0161illi, k\u00fc\u00fcslauk, meresool. Telli k\u00e4sitsi valmistatud \u00fcrdisegud Talle talu e-poest.","og_url":"https:\/\/tammetalu.eu\/toode\/vurtsine-koomnesool-85g\/","og_site_name":"Tamme talu \u00fcrdiaed","article_publisher":"https:\/\/www.facebook.com\/TammeTaluUrdiaed\/?locale=et_EE","article_modified_time":"2024-09-17T12:13:38+00:00","og_image":[{"width":960,"height":960,"url":"https:\/\/tammetalu.eu\/wp-content\/uploads\/2022\/08\/Vurtsine_koomnesool-6.jpg","type":"image\/jpeg"}],"twitter_card":"summary_large_image","schema":{"@context":"https:\/\/schema.org","@graph":[{"@type":"WebPage","@id":"https:\/\/tammetalu.eu\/toode\/vurtsine-koomnesool-85g\/","url":"https:\/\/tammetalu.eu\/toode\/vurtsine-koomnesool-85g\/","name":"V\u00fcrtsine k\u00f6\u00f6mnesool - Tamme talu \u00fcrdisegude e-pood","isPartOf":{"@id":"https:\/\/tammetalu.eu\/#website"},"primaryImageOfPage":{"@id":"https:\/\/tammetalu.eu\/toode\/vurtsine-koomnesool-85g\/#primaryimage"},"image":{"@id":"https:\/\/tammetalu.eu\/toode\/vurtsine-koomnesool-85g\/#primaryimage"},"thumbnailUrl":"https:\/\/tammetalu.eu\/wp-content\/uploads\/2022\/08\/Vurtsine_koomnesool-6.jpg","datePublished":"2022-08-09T06:02:42+00:00","dateModified":"2024-09-17T12:13:38+00:00","description":"V\u00fcrtsine k\u00f6\u00f6mnesool. Koostis: k\u00f6\u00f6mned, porrulauk, t\u0161illi, k\u00fc\u00fcslauk, meresool. Telli k\u00e4sitsi valmistatud \u00fcrdisegud Talle talu e-poest.","breadcrumb":{"@id":"https:\/\/tammetalu.eu\/toode\/vurtsine-koomnesool-85g\/#breadcrumb"},"inLanguage":"lv-LV","potentialAction":[{"@type":"ReadAction","target":["https:\/\/tammetalu.eu\/toode\/vurtsine-koomnesool-85g\/"]}]},{"@type":"ImageObject","inLanguage":"lv-LV","@id":"https:\/\/tammetalu.eu\/toode\/vurtsine-koomnesool-85g\/#primaryimage","url":"https:\/\/tammetalu.eu\/wp-content\/uploads\/2022\/08\/Vurtsine_koomnesool-6.jpg","contentUrl":"https:\/\/tammetalu.eu\/wp-content\/uploads\/2022\/08\/Vurtsine_koomnesool-6.jpg","width":960,"height":960},{"@type":"BreadcrumbList","@id":"https:\/\/tammetalu.eu\/toode\/vurtsine-koomnesool-85g\/#breadcrumb","itemListElement":[{"@type":"ListItem","position":1,"name":"Home","item":"https:\/\/tammetalu.eu\/lv\/galvena-lapa\/"},{"@type":"ListItem","position":2,"name":"Shop","item":"https:\/\/tammetalu.eu\/lv\/shop\/"},{"@type":"ListItem","position":3,"name":"V\u00fcrtsine k\u00f6\u00f6mnesool 85g"}]},{"@type":"WebSite","@id":"https:\/\/tammetalu.eu\/#website","url":"https:\/\/tammetalu.eu\/","name":"Tamme talu \u00fcrdiaed","description":"K\u00e4sit\u00f6\u00f6na valmistatud tooted \u00fcrtidest, \u00fcrdiistikud, \u00fcrtide kollektsioonaed","publisher":{"@id":"https:\/\/tammetalu.eu\/#organization"},"alternateName":"Tamme talu","potentialAction":[{"@type":"SearchAction","target":{"@type":"EntryPoint","urlTemplate":"https:\/\/tammetalu.eu\/?s={search_term_string}"},"query-input":{"@type":"PropertyValueSpecification","valueRequired":true,"valueName":"search_term_string"}}],"inLanguage":"lv-LV"},{"@type":"Organization","@id":"https:\/\/tammetalu.eu\/#organization","name":"Tamme talu \u00fcrdiaed","alternateName":"Tamme talu","url":"https:\/\/tammetalu.eu\/","logo":{"@type":"ImageObject","inLanguage":"lv-LV","@id":"https:\/\/tammetalu.eu\/#\/schema\/logo\/image\/","url":"https:\/\/tammetalu.eu\/wp-content\/uploads\/2025\/01\/Tamme_talu_urdiaed.png","contentUrl":"https:\/\/tammetalu.eu\/wp-content\/uploads\/2025\/01\/Tamme_talu_urdiaed.png","width":560,"height":560,"caption":"Tamme talu \u00fcrdiaed"},"image":{"@id":"https:\/\/tammetalu.eu\/#\/schema\/logo\/image\/"},"sameAs":["https:\/\/www.facebook.com\/TammeTaluUrdiaed\/?locale=et_EE","https:\/\/www.instagram.com\/tammetaluurdiaed\/"]}]}},"_links":{"self":[{"href":"https:\/\/tammetalu.eu\/lv\/wp-json\/wp\/v2\/product\/15321","targetHints":{"allow":["GET"]}}],"collection":[{"href":"https:\/\/tammetalu.eu\/lv\/wp-json\/wp\/v2\/product"}],"about":[{"href":"https:\/\/tammetalu.eu\/lv\/wp-json\/wp\/v2\/types\/product"}],"wp:featuredmedia":[{"embeddable":true,"href":"https:\/\/tammetalu.eu\/lv\/wp-json\/wp\/v2\/media\/15393"}],"wp:attachment":[{"href":"https:\/\/tammetalu.eu\/lv\/wp-json\/wp\/v2\/media?parent=15321"}],"wp:term":[{"taxonomy":"product_brand","embeddable":true,"href":"https:\/\/tammetalu.eu\/lv\/wp-json\/wp\/v2\/product_brand?post=15321"},{"taxonomy":"product_cat","embeddable":true,"href":"https:\/\/tammetalu.eu\/lv\/wp-json\/wp\/v2\/product_cat?post=15321"},{"taxonomy":"product_tag","embeddable":true,"href":"https:\/\/tammetalu.eu\/lv\/wp-json\/wp\/v2\/product_tag?post=15321"}],"curies":[{"name":"wp","href":"https:\/\/api.w.org\/{rel}","templated":true}]}}