{"id":15323,"date":"2022-08-09T09:02:43","date_gmt":"2022-08-09T06:02:43","guid":{"rendered":"https:\/\/tammetalu.eu?post_type=product&#038;p=15323"},"modified":"2025-01-21T16:13:11","modified_gmt":"2025-01-21T14:13:11","slug":"hea-supi-urdisool-80g","status":"publish","type":"product","link":"https:\/\/tammetalu.eu\/lv\/toode\/hea-supi-urdisool-80g\/","title":{"rendered":"Hea supi \u00fcrdisool 80g"},"content":{"rendered":"","protected":false},"excerpt":{"rendered":"<p>37,38 \u20ac\/kg<\/p>\n<p>Hea supi \u00fcrdisool sisaldab eestlase maitsele tuttavaid supi\u00fcrte. Meie oleme need kokku seganud ning k\u00f5ik \u00fchte purki pannud, et \u00fcrdid oleksid aasta l\u00e4bi v\u00f5tta ja sul oleks lihtne oma toitusid maitsestada. Kasuta suppide, puljongite, kastmete, pajaroogade ja salatite valmistamisel.<\/p>\n<p>Nipp: Lisa maitseaine toidu valmistamise l\u00f5pus, sest nii s\u00e4ilivad \u00fcrtide aroomid ja maitse intensiivsemalt.<\/p>\n<p>Koostisosad: meresool (48%), porrulauk, till, petersell.<\/p>\n<p>Kui\u00a0esimene purk\u00a0on otsa l\u00f5ppenud, soovitame tellida\u00a0<span style=\"color: #008000;\"><strong><a style=\"color: #008000;\" href=\"https:\/\/tammetalu.eu\/toode\/taitepakend-hea-supi-urdisool-250g\/\">t\u00e4itepakendi<\/a><\/strong><\/span>, et purki taast\u00e4ita. Selliselt kulub v\u00e4hem pakendit ja hoiad loodust. Lisaks on soodsam hind.<\/p>\n","protected":false},"featured_media":15416,"template":"","meta":{"_acf_changed":false,"_et_pb_use_builder":"","_et_pb_old_content":"","_et_gb_content_width":"","inline_featured_image":false},"product_brand":[],"product_cat":[177],"product_tag":[67],"class_list":{"0":"post-15323","1":"product","2":"type-product","3":"status-publish","4":"has-post-thumbnail","6":"product_cat-urdisoolad","7":"product_tag-urdisoolad","9":"first","10":"instock","11":"taxable","12":"shipping-taxable","13":"purchasable","14":"product-type-simple"},"acf":[],"yoast_head":"<!-- This site is optimized with the Yoast SEO plugin v27.5 - https:\/\/yoast.com\/product\/yoast-seo-wordpress\/ -->\n<title>Hea supi \u00fcrdisool - \u00dcrdisegud ja \u00fcrdisoolad Tamme talu \u00fcrdiaiast<\/title>\n<meta name=\"description\" content=\"Hea supi \u00fcrdisool sisaldab eestlasele omaseid supi maitsestamiseks kasutatavaid \u00fcrte. Tee toidu maitsestamine lihtsaks ja telli \u00fcrdisool Tamme talu e-poest.\" \/>\n<meta name=\"robots\" content=\"index, follow, max-snippet:-1, max-image-preview:large, max-video-preview:-1\" \/>\n<link rel=\"canonical\" href=\"https:\/\/tammetalu.eu\/toode\/hea-supi-urdisool-80g\/\" \/>\n<meta property=\"og:locale\" content=\"lv_LV\" \/>\n<meta property=\"og:type\" content=\"article\" \/>\n<meta property=\"og:title\" content=\"Hea supi \u00fcrdisool - \u00dcrdisegud ja \u00fcrdisoolad Tamme talu \u00fcrdiaiast\" \/>\n<meta property=\"og:description\" content=\"Hea supi \u00fcrdisool sisaldab eestlasele omaseid supi maitsestamiseks kasutatavaid \u00fcrte. Tee toidu maitsestamine lihtsaks ja telli \u00fcrdisool Tamme talu e-poest.\" \/>\n<meta property=\"og:url\" content=\"https:\/\/tammetalu.eu\/toode\/hea-supi-urdisool-80g\/\" \/>\n<meta property=\"og:site_name\" content=\"Tamme talu \u00fcrdiaed\" \/>\n<meta property=\"article:publisher\" content=\"https:\/\/www.facebook.com\/TammeTaluUrdiaed\/?locale=et_EE\" \/>\n<meta property=\"article:modified_time\" content=\"2025-01-21T14:13:11+00:00\" \/>\n<meta property=\"og:image\" content=\"https:\/\/tammetalu.eu\/wp-content\/uploads\/2022\/08\/Hea_supi_urdisool-6.jpg\" \/>\n\t<meta property=\"og:image:width\" content=\"960\" \/>\n\t<meta property=\"og:image:height\" content=\"960\" \/>\n\t<meta property=\"og:image:type\" content=\"image\/jpeg\" \/>\n<meta name=\"twitter:card\" content=\"summary_large_image\" \/>\n<meta name=\"twitter:label1\" content=\"Est. reading time\" \/>\n\t<meta name=\"twitter:data1\" content=\"1 minute\" \/>\n<script type=\"application\/ld+json\" class=\"yoast-schema-graph\">{\"@context\":\"https:\\\/\\\/schema.org\",\"@graph\":[{\"@type\":\"WebPage\",\"@id\":\"https:\\\/\\\/tammetalu.eu\\\/toode\\\/hea-supi-urdisool-80g\\\/\",\"url\":\"https:\\\/\\\/tammetalu.eu\\\/toode\\\/hea-supi-urdisool-80g\\\/\",\"name\":\"Hea supi \u00fcrdisool - \u00dcrdisegud ja \u00fcrdisoolad Tamme talu \u00fcrdiaiast\",\"isPartOf\":{\"@id\":\"https:\\\/\\\/tammetalu.eu\\\/#website\"},\"primaryImageOfPage\":{\"@id\":\"https:\\\/\\\/tammetalu.eu\\\/toode\\\/hea-supi-urdisool-80g\\\/#primaryimage\"},\"image\":{\"@id\":\"https:\\\/\\\/tammetalu.eu\\\/toode\\\/hea-supi-urdisool-80g\\\/#primaryimage\"},\"thumbnailUrl\":\"https:\\\/\\\/tammetalu.eu\\\/wp-content\\\/uploads\\\/2022\\\/08\\\/Hea_supi_urdisool-6.jpg\",\"datePublished\":\"2022-08-09T06:02:43+00:00\",\"dateModified\":\"2025-01-21T14:13:11+00:00\",\"description\":\"Hea supi \u00fcrdisool sisaldab eestlasele omaseid supi maitsestamiseks kasutatavaid \u00fcrte. Tee toidu maitsestamine lihtsaks ja telli \u00fcrdisool Tamme talu e-poest.\",\"breadcrumb\":{\"@id\":\"https:\\\/\\\/tammetalu.eu\\\/toode\\\/hea-supi-urdisool-80g\\\/#breadcrumb\"},\"inLanguage\":\"lv-LV\",\"potentialAction\":[{\"@type\":\"ReadAction\",\"target\":[\"https:\\\/\\\/tammetalu.eu\\\/toode\\\/hea-supi-urdisool-80g\\\/\"]}]},{\"@type\":\"ImageObject\",\"inLanguage\":\"lv-LV\",\"@id\":\"https:\\\/\\\/tammetalu.eu\\\/toode\\\/hea-supi-urdisool-80g\\\/#primaryimage\",\"url\":\"https:\\\/\\\/tammetalu.eu\\\/wp-content\\\/uploads\\\/2022\\\/08\\\/Hea_supi_urdisool-6.jpg\",\"contentUrl\":\"https:\\\/\\\/tammetalu.eu\\\/wp-content\\\/uploads\\\/2022\\\/08\\\/Hea_supi_urdisool-6.jpg\",\"width\":960,\"height\":960},{\"@type\":\"BreadcrumbList\",\"@id\":\"https:\\\/\\\/tammetalu.eu\\\/toode\\\/hea-supi-urdisool-80g\\\/#breadcrumb\",\"itemListElement\":[{\"@type\":\"ListItem\",\"position\":1,\"name\":\"Home\",\"item\":\"https:\\\/\\\/tammetalu.eu\\\/lv\\\/galvena-lapa\\\/\"},{\"@type\":\"ListItem\",\"position\":2,\"name\":\"Shop\",\"item\":\"https:\\\/\\\/tammetalu.eu\\\/lv\\\/shop\\\/\"},{\"@type\":\"ListItem\",\"position\":3,\"name\":\"Hea supi \u00fcrdisool 80g\"}]},{\"@type\":\"WebSite\",\"@id\":\"https:\\\/\\\/tammetalu.eu\\\/#website\",\"url\":\"https:\\\/\\\/tammetalu.eu\\\/\",\"name\":\"Tamme talu \u00fcrdiaed\",\"description\":\"K\u00e4sit\u00f6\u00f6na valmistatud tooted \u00fcrtidest, \u00fcrdiistikud, \u00fcrtide kollektsioonaed\",\"publisher\":{\"@id\":\"https:\\\/\\\/tammetalu.eu\\\/#organization\"},\"alternateName\":\"Tamme talu\",\"potentialAction\":[{\"@type\":\"SearchAction\",\"target\":{\"@type\":\"EntryPoint\",\"urlTemplate\":\"https:\\\/\\\/tammetalu.eu\\\/?s={search_term_string}\"},\"query-input\":{\"@type\":\"PropertyValueSpecification\",\"valueRequired\":true,\"valueName\":\"search_term_string\"}}],\"inLanguage\":\"lv-LV\"},{\"@type\":\"Organization\",\"@id\":\"https:\\\/\\\/tammetalu.eu\\\/#organization\",\"name\":\"Tamme talu \u00fcrdiaed\",\"alternateName\":\"Tamme talu\",\"url\":\"https:\\\/\\\/tammetalu.eu\\\/\",\"logo\":{\"@type\":\"ImageObject\",\"inLanguage\":\"lv-LV\",\"@id\":\"https:\\\/\\\/tammetalu.eu\\\/#\\\/schema\\\/logo\\\/image\\\/\",\"url\":\"https:\\\/\\\/tammetalu.eu\\\/wp-content\\\/uploads\\\/2025\\\/01\\\/Tamme_talu_urdiaed.png\",\"contentUrl\":\"https:\\\/\\\/tammetalu.eu\\\/wp-content\\\/uploads\\\/2025\\\/01\\\/Tamme_talu_urdiaed.png\",\"width\":560,\"height\":560,\"caption\":\"Tamme talu \u00fcrdiaed\"},\"image\":{\"@id\":\"https:\\\/\\\/tammetalu.eu\\\/#\\\/schema\\\/logo\\\/image\\\/\"},\"sameAs\":[\"https:\\\/\\\/www.facebook.com\\\/TammeTaluUrdiaed\\\/?locale=et_EE\",\"https:\\\/\\\/www.instagram.com\\\/tammetaluurdiaed\\\/\"]}]}<\/script>\n<!-- \/ Yoast SEO plugin. -->","yoast_head_json":{"title":"Hea supi \u00fcrdisool - \u00dcrdisegud ja \u00fcrdisoolad Tamme talu \u00fcrdiaiast","description":"Hea supi \u00fcrdisool sisaldab eestlasele omaseid supi maitsestamiseks kasutatavaid \u00fcrte. Tee toidu maitsestamine lihtsaks ja telli \u00fcrdisool Tamme talu e-poest.","robots":{"index":"index","follow":"follow","max-snippet":"max-snippet:-1","max-image-preview":"max-image-preview:large","max-video-preview":"max-video-preview:-1"},"canonical":"https:\/\/tammetalu.eu\/toode\/hea-supi-urdisool-80g\/","og_locale":"lv_LV","og_type":"article","og_title":"Hea supi \u00fcrdisool - \u00dcrdisegud ja \u00fcrdisoolad Tamme talu \u00fcrdiaiast","og_description":"Hea supi \u00fcrdisool sisaldab eestlasele omaseid supi maitsestamiseks kasutatavaid \u00fcrte. Tee toidu maitsestamine lihtsaks ja telli \u00fcrdisool Tamme talu e-poest.","og_url":"https:\/\/tammetalu.eu\/toode\/hea-supi-urdisool-80g\/","og_site_name":"Tamme talu \u00fcrdiaed","article_publisher":"https:\/\/www.facebook.com\/TammeTaluUrdiaed\/?locale=et_EE","article_modified_time":"2025-01-21T14:13:11+00:00","og_image":[{"width":960,"height":960,"url":"https:\/\/tammetalu.eu\/wp-content\/uploads\/2022\/08\/Hea_supi_urdisool-6.jpg","type":"image\/jpeg"}],"twitter_card":"summary_large_image","twitter_misc":{"Est. reading time":"1 minute"},"schema":{"@context":"https:\/\/schema.org","@graph":[{"@type":"WebPage","@id":"https:\/\/tammetalu.eu\/toode\/hea-supi-urdisool-80g\/","url":"https:\/\/tammetalu.eu\/toode\/hea-supi-urdisool-80g\/","name":"Hea supi \u00fcrdisool - \u00dcrdisegud ja \u00fcrdisoolad Tamme talu \u00fcrdiaiast","isPartOf":{"@id":"https:\/\/tammetalu.eu\/#website"},"primaryImageOfPage":{"@id":"https:\/\/tammetalu.eu\/toode\/hea-supi-urdisool-80g\/#primaryimage"},"image":{"@id":"https:\/\/tammetalu.eu\/toode\/hea-supi-urdisool-80g\/#primaryimage"},"thumbnailUrl":"https:\/\/tammetalu.eu\/wp-content\/uploads\/2022\/08\/Hea_supi_urdisool-6.jpg","datePublished":"2022-08-09T06:02:43+00:00","dateModified":"2025-01-21T14:13:11+00:00","description":"Hea supi \u00fcrdisool sisaldab eestlasele omaseid supi maitsestamiseks kasutatavaid \u00fcrte. Tee toidu maitsestamine lihtsaks ja telli \u00fcrdisool Tamme talu e-poest.","breadcrumb":{"@id":"https:\/\/tammetalu.eu\/toode\/hea-supi-urdisool-80g\/#breadcrumb"},"inLanguage":"lv-LV","potentialAction":[{"@type":"ReadAction","target":["https:\/\/tammetalu.eu\/toode\/hea-supi-urdisool-80g\/"]}]},{"@type":"ImageObject","inLanguage":"lv-LV","@id":"https:\/\/tammetalu.eu\/toode\/hea-supi-urdisool-80g\/#primaryimage","url":"https:\/\/tammetalu.eu\/wp-content\/uploads\/2022\/08\/Hea_supi_urdisool-6.jpg","contentUrl":"https:\/\/tammetalu.eu\/wp-content\/uploads\/2022\/08\/Hea_supi_urdisool-6.jpg","width":960,"height":960},{"@type":"BreadcrumbList","@id":"https:\/\/tammetalu.eu\/toode\/hea-supi-urdisool-80g\/#breadcrumb","itemListElement":[{"@type":"ListItem","position":1,"name":"Home","item":"https:\/\/tammetalu.eu\/lv\/galvena-lapa\/"},{"@type":"ListItem","position":2,"name":"Shop","item":"https:\/\/tammetalu.eu\/lv\/shop\/"},{"@type":"ListItem","position":3,"name":"Hea supi \u00fcrdisool 80g"}]},{"@type":"WebSite","@id":"https:\/\/tammetalu.eu\/#website","url":"https:\/\/tammetalu.eu\/","name":"Tamme talu \u00fcrdiaed","description":"K\u00e4sit\u00f6\u00f6na valmistatud tooted \u00fcrtidest, \u00fcrdiistikud, \u00fcrtide kollektsioonaed","publisher":{"@id":"https:\/\/tammetalu.eu\/#organization"},"alternateName":"Tamme talu","potentialAction":[{"@type":"SearchAction","target":{"@type":"EntryPoint","urlTemplate":"https:\/\/tammetalu.eu\/?s={search_term_string}"},"query-input":{"@type":"PropertyValueSpecification","valueRequired":true,"valueName":"search_term_string"}}],"inLanguage":"lv-LV"},{"@type":"Organization","@id":"https:\/\/tammetalu.eu\/#organization","name":"Tamme talu \u00fcrdiaed","alternateName":"Tamme talu","url":"https:\/\/tammetalu.eu\/","logo":{"@type":"ImageObject","inLanguage":"lv-LV","@id":"https:\/\/tammetalu.eu\/#\/schema\/logo\/image\/","url":"https:\/\/tammetalu.eu\/wp-content\/uploads\/2025\/01\/Tamme_talu_urdiaed.png","contentUrl":"https:\/\/tammetalu.eu\/wp-content\/uploads\/2025\/01\/Tamme_talu_urdiaed.png","width":560,"height":560,"caption":"Tamme talu \u00fcrdiaed"},"image":{"@id":"https:\/\/tammetalu.eu\/#\/schema\/logo\/image\/"},"sameAs":["https:\/\/www.facebook.com\/TammeTaluUrdiaed\/?locale=et_EE","https:\/\/www.instagram.com\/tammetaluurdiaed\/"]}]}},"_links":{"self":[{"href":"https:\/\/tammetalu.eu\/lv\/wp-json\/wp\/v2\/product\/15323","targetHints":{"allow":["GET"]}}],"collection":[{"href":"https:\/\/tammetalu.eu\/lv\/wp-json\/wp\/v2\/product"}],"about":[{"href":"https:\/\/tammetalu.eu\/lv\/wp-json\/wp\/v2\/types\/product"}],"wp:featuredmedia":[{"embeddable":true,"href":"https:\/\/tammetalu.eu\/lv\/wp-json\/wp\/v2\/media\/15416"}],"wp:attachment":[{"href":"https:\/\/tammetalu.eu\/lv\/wp-json\/wp\/v2\/media?parent=15323"}],"wp:term":[{"taxonomy":"product_brand","embeddable":true,"href":"https:\/\/tammetalu.eu\/lv\/wp-json\/wp\/v2\/product_brand?post=15323"},{"taxonomy":"product_cat","embeddable":true,"href":"https:\/\/tammetalu.eu\/lv\/wp-json\/wp\/v2\/product_cat?post=15323"},{"taxonomy":"product_tag","embeddable":true,"href":"https:\/\/tammetalu.eu\/lv\/wp-json\/wp\/v2\/product_tag?post=15323"}],"curies":[{"name":"wp","href":"https:\/\/api.w.org\/{rel}","templated":true}]}}