{"id":15397,"date":"2022-08-09T09:03:05","date_gmt":"2022-08-09T06:03:05","guid":{"rendered":"https:\/\/tammetalu.eu?post_type=product&#038;p=15397"},"modified":"2025-09-12T10:53:54","modified_gmt":"2025-09-12T07:53:54","slug":"mahe-meie-lapse-lemmikmoos-150g","status":"publish","type":"product","link":"https:\/\/tammetalu.eu\/lv\/toode\/mahe-meie-lapse-lemmikmoos-150g\/","title":{"rendered":"MAHE Meie lapse lemmikmoos 150g"},"content":{"rendered":"<table style=\"font-weight: 400;border-color: #ccc8c8;border-style: solid;height: 327px\" border=\"1\" width=\"378\">\n<tbody>\n<tr style=\"height: 95px\">\n<td style=\"height: 95px;width: 254.525px\">Toitumisalane teave 100g toote kohta<br \/>\nNutrition information per 100 g<\/td>\n<td style=\"height: 95px;width: 108.675px\"><\/td>\n<\/tr>\n<tr style=\"height: 29px\">\n<td style=\"height: 29px;width: 254.525px\">Energiasisaldus<br \/>\nEnergy<\/td>\n<td style=\"height: 29px;width: 108.675px\">690kJ\/165kcal<\/td>\n<\/tr>\n<tr style=\"height: 52px\">\n<td style=\"height: 52px;width: 254.525px\">Rasvad<br \/>\nFat<br \/>\n-millest k\u00fcllastunud rasvhapped 0g<br \/>\n-saturated fats 0g<\/td>\n<td style=\"height: 52px;width: 108.675px\">0,09g<\/td>\n<\/tr>\n<tr style=\"height: 62px\">\n<td style=\"height: 62px;width: 254.525px\">S\u00fcsivesikud<br \/>\nCarbohydrate<br \/>\n-millest suhkrud<br \/>\n-Sugars<\/td>\n<td style=\"height: 62px;width: 108.675px\">40g<\/p>\n<p>40g<\/td>\n<\/tr>\n<tr style=\"height: 14px\">\n<td style=\"height: 14px;width: 254.525px\">Valgud<br \/>\nProtein<\/td>\n<td style=\"height: 14px;width: 108.675px\">0,6g<\/td>\n<\/tr>\n<tr style=\"height: 75px\">\n<td style=\"height: 75px;width: 254.525px\">Soolad<br \/>\nSalt<\/td>\n<td style=\"height: 75px;width: 108.675px\">0,05g<\/td>\n<\/tr>\n<\/tbody>\n<\/table>\n","protected":false},"excerpt":{"rendered":"<p>Meie lapse lemmikmoos on valmistatud k\u00e4sitsi v\u00e4ikeste partiidena, Tamme talu unikaalse retsepti j\u00e4rgi. Moos on pungil mahlastest ja magusatest ning mahedalt kasvatatud marjadest. T\u00f5eline suve maitse! Tervislik maius, mis on naturaalne ning meeldib lastele kindlasti. Paku j\u00e4\u00e4tise, r\u00f6stsaia v\u00f5i pannkookide lisandiks.<\/p>\n<p>Moosiga maiustamise k\u00f5rvale sobib ideaalselt marjase maitsega <span style=\"color: #339966\"><a style=\"color: #339966\" href=\"https:\/\/tammetalu.eu\/toode\/meie-lapse-lemmiktee-25g\/\">Meie lapse lemmiktee.<\/a><\/span><\/p>\n<p>Koostisosad: maasikad*, vaarikad*, mustikad*, suhkur*, paksendaja (pektiin), happesuse regulaator (sidrunhape)<\/p>\n<p>*Kontrollitud mahep\u00f5llumajandusest<\/p>\n","protected":false},"featured_media":15487,"template":"","meta":{"_acf_changed":false,"_et_pb_use_builder":"","_et_pb_old_content":"","_et_gb_content_width":"","inline_featured_image":false},"product_brand":[],"product_cat":[190,179],"product_tag":[69,68],"class_list":{"0":"post-15397","1":"product","2":"type-product","3":"status-publish","4":"has-post-thumbnail","6":"product_cat-hoidised-ja-urdioli","7":"product_cat-juustumoosid","8":"product_tag-gurmeemoos","9":"product_tag-moosid","11":"first","12":"instock","13":"taxable","14":"shipping-taxable","15":"purchasable","16":"product-type-simple"},"acf":[],"yoast_head":"<!-- This site is optimized with the Yoast SEO plugin v27.5 - https:\/\/yoast.com\/product\/yoast-seo-wordpress\/ -->\n<title>Mahe Meie lapse lemmikmoos - tammetalu.eu<\/title>\n<meta name=\"description\" content=\"Mahe Meie lapse lemmikmoos on pungil mahlastest ja magusatest marjadest. Ideaalne maius, mis on naturaalne ning meeldib lastele kindlasti.\" \/>\n<meta name=\"robots\" content=\"index, follow, max-snippet:-1, max-image-preview:large, max-video-preview:-1\" \/>\n<link rel=\"canonical\" href=\"https:\/\/tammetalu.eu\/toode\/mahe-meie-lapse-lemmikmoos-150g\/\" \/>\n<meta property=\"og:locale\" content=\"lv_LV\" \/>\n<meta property=\"og:type\" content=\"article\" \/>\n<meta property=\"og:title\" content=\"Mahe Meie lapse lemmikmoos - tammetalu.eu\" \/>\n<meta property=\"og:description\" content=\"Mahe Meie lapse lemmikmoos on pungil mahlastest ja magusatest marjadest. Ideaalne maius, mis on naturaalne ning meeldib lastele kindlasti.\" \/>\n<meta property=\"og:url\" content=\"https:\/\/tammetalu.eu\/toode\/mahe-meie-lapse-lemmikmoos-150g\/\" \/>\n<meta property=\"og:site_name\" content=\"Tamme talu \u00fcrdiaed\" \/>\n<meta property=\"article:publisher\" content=\"https:\/\/www.facebook.com\/TammeTaluUrdiaed\/?locale=et_EE\" \/>\n<meta property=\"article:modified_time\" content=\"2025-09-12T07:53:54+00:00\" \/>\n<meta property=\"og:image\" content=\"https:\/\/tammetalu.eu\/wp-content\/uploads\/2022\/08\/Oko_Meie_lapse_lemmikmoos-6.jpg\" \/>\n\t<meta property=\"og:image:width\" content=\"960\" \/>\n\t<meta property=\"og:image:height\" content=\"960\" \/>\n\t<meta property=\"og:image:type\" content=\"image\/jpeg\" \/>\n<meta name=\"twitter:card\" content=\"summary_large_image\" \/>\n<meta name=\"twitter:label1\" content=\"Est. reading time\" \/>\n\t<meta name=\"twitter:data1\" content=\"1 minute\" \/>\n<script type=\"application\/ld+json\" class=\"yoast-schema-graph\">{\"@context\":\"https:\\\/\\\/schema.org\",\"@graph\":[{\"@type\":\"WebPage\",\"@id\":\"https:\\\/\\\/tammetalu.eu\\\/toode\\\/mahe-meie-lapse-lemmikmoos-150g\\\/\",\"url\":\"https:\\\/\\\/tammetalu.eu\\\/toode\\\/mahe-meie-lapse-lemmikmoos-150g\\\/\",\"name\":\"Mahe Meie lapse lemmikmoos - tammetalu.eu\",\"isPartOf\":{\"@id\":\"https:\\\/\\\/tammetalu.eu\\\/#website\"},\"primaryImageOfPage\":{\"@id\":\"https:\\\/\\\/tammetalu.eu\\\/toode\\\/mahe-meie-lapse-lemmikmoos-150g\\\/#primaryimage\"},\"image\":{\"@id\":\"https:\\\/\\\/tammetalu.eu\\\/toode\\\/mahe-meie-lapse-lemmikmoos-150g\\\/#primaryimage\"},\"thumbnailUrl\":\"https:\\\/\\\/tammetalu.eu\\\/wp-content\\\/uploads\\\/2022\\\/08\\\/Oko_Meie_lapse_lemmikmoos-6.jpg\",\"datePublished\":\"2022-08-09T06:03:05+00:00\",\"dateModified\":\"2025-09-12T07:53:54+00:00\",\"description\":\"Mahe Meie lapse lemmikmoos on pungil mahlastest ja magusatest marjadest. Ideaalne maius, mis on naturaalne ning meeldib lastele kindlasti.\",\"breadcrumb\":{\"@id\":\"https:\\\/\\\/tammetalu.eu\\\/toode\\\/mahe-meie-lapse-lemmikmoos-150g\\\/#breadcrumb\"},\"inLanguage\":\"lv-LV\",\"potentialAction\":[{\"@type\":\"ReadAction\",\"target\":[\"https:\\\/\\\/tammetalu.eu\\\/toode\\\/mahe-meie-lapse-lemmikmoos-150g\\\/\"]}]},{\"@type\":\"ImageObject\",\"inLanguage\":\"lv-LV\",\"@id\":\"https:\\\/\\\/tammetalu.eu\\\/toode\\\/mahe-meie-lapse-lemmikmoos-150g\\\/#primaryimage\",\"url\":\"https:\\\/\\\/tammetalu.eu\\\/wp-content\\\/uploads\\\/2022\\\/08\\\/Oko_Meie_lapse_lemmikmoos-6.jpg\",\"contentUrl\":\"https:\\\/\\\/tammetalu.eu\\\/wp-content\\\/uploads\\\/2022\\\/08\\\/Oko_Meie_lapse_lemmikmoos-6.jpg\",\"width\":960,\"height\":960},{\"@type\":\"BreadcrumbList\",\"@id\":\"https:\\\/\\\/tammetalu.eu\\\/toode\\\/mahe-meie-lapse-lemmikmoos-150g\\\/#breadcrumb\",\"itemListElement\":[{\"@type\":\"ListItem\",\"position\":1,\"name\":\"Home\",\"item\":\"https:\\\/\\\/tammetalu.eu\\\/lv\\\/galvena-lapa\\\/\"},{\"@type\":\"ListItem\",\"position\":2,\"name\":\"Shop\",\"item\":\"https:\\\/\\\/tammetalu.eu\\\/lv\\\/shop\\\/\"},{\"@type\":\"ListItem\",\"position\":3,\"name\":\"MAHE Meie lapse lemmikmoos 150g\"}]},{\"@type\":\"WebSite\",\"@id\":\"https:\\\/\\\/tammetalu.eu\\\/#website\",\"url\":\"https:\\\/\\\/tammetalu.eu\\\/\",\"name\":\"Tamme talu \u00fcrdiaed\",\"description\":\"K\u00e4sit\u00f6\u00f6na valmistatud tooted \u00fcrtidest, \u00fcrdiistikud, \u00fcrtide kollektsioonaed\",\"publisher\":{\"@id\":\"https:\\\/\\\/tammetalu.eu\\\/#organization\"},\"alternateName\":\"Tamme talu\",\"potentialAction\":[{\"@type\":\"SearchAction\",\"target\":{\"@type\":\"EntryPoint\",\"urlTemplate\":\"https:\\\/\\\/tammetalu.eu\\\/?s={search_term_string}\"},\"query-input\":{\"@type\":\"PropertyValueSpecification\",\"valueRequired\":true,\"valueName\":\"search_term_string\"}}],\"inLanguage\":\"lv-LV\"},{\"@type\":\"Organization\",\"@id\":\"https:\\\/\\\/tammetalu.eu\\\/#organization\",\"name\":\"Tamme talu \u00fcrdiaed\",\"alternateName\":\"Tamme talu\",\"url\":\"https:\\\/\\\/tammetalu.eu\\\/\",\"logo\":{\"@type\":\"ImageObject\",\"inLanguage\":\"lv-LV\",\"@id\":\"https:\\\/\\\/tammetalu.eu\\\/#\\\/schema\\\/logo\\\/image\\\/\",\"url\":\"https:\\\/\\\/tammetalu.eu\\\/wp-content\\\/uploads\\\/2025\\\/01\\\/Tamme_talu_urdiaed.png\",\"contentUrl\":\"https:\\\/\\\/tammetalu.eu\\\/wp-content\\\/uploads\\\/2025\\\/01\\\/Tamme_talu_urdiaed.png\",\"width\":560,\"height\":560,\"caption\":\"Tamme talu \u00fcrdiaed\"},\"image\":{\"@id\":\"https:\\\/\\\/tammetalu.eu\\\/#\\\/schema\\\/logo\\\/image\\\/\"},\"sameAs\":[\"https:\\\/\\\/www.facebook.com\\\/TammeTaluUrdiaed\\\/?locale=et_EE\",\"https:\\\/\\\/www.instagram.com\\\/tammetaluurdiaed\\\/\"]}]}<\/script>\n<!-- \/ Yoast SEO plugin. -->","yoast_head_json":{"title":"Mahe Meie lapse lemmikmoos - tammetalu.eu","description":"Mahe Meie lapse lemmikmoos on pungil mahlastest ja magusatest marjadest. Ideaalne maius, mis on naturaalne ning meeldib lastele kindlasti.","robots":{"index":"index","follow":"follow","max-snippet":"max-snippet:-1","max-image-preview":"max-image-preview:large","max-video-preview":"max-video-preview:-1"},"canonical":"https:\/\/tammetalu.eu\/toode\/mahe-meie-lapse-lemmikmoos-150g\/","og_locale":"lv_LV","og_type":"article","og_title":"Mahe Meie lapse lemmikmoos - tammetalu.eu","og_description":"Mahe Meie lapse lemmikmoos on pungil mahlastest ja magusatest marjadest. Ideaalne maius, mis on naturaalne ning meeldib lastele kindlasti.","og_url":"https:\/\/tammetalu.eu\/toode\/mahe-meie-lapse-lemmikmoos-150g\/","og_site_name":"Tamme talu \u00fcrdiaed","article_publisher":"https:\/\/www.facebook.com\/TammeTaluUrdiaed\/?locale=et_EE","article_modified_time":"2025-09-12T07:53:54+00:00","og_image":[{"width":960,"height":960,"url":"https:\/\/tammetalu.eu\/wp-content\/uploads\/2022\/08\/Oko_Meie_lapse_lemmikmoos-6.jpg","type":"image\/jpeg"}],"twitter_card":"summary_large_image","twitter_misc":{"Est. reading time":"1 minute"},"schema":{"@context":"https:\/\/schema.org","@graph":[{"@type":"WebPage","@id":"https:\/\/tammetalu.eu\/toode\/mahe-meie-lapse-lemmikmoos-150g\/","url":"https:\/\/tammetalu.eu\/toode\/mahe-meie-lapse-lemmikmoos-150g\/","name":"Mahe Meie lapse lemmikmoos - tammetalu.eu","isPartOf":{"@id":"https:\/\/tammetalu.eu\/#website"},"primaryImageOfPage":{"@id":"https:\/\/tammetalu.eu\/toode\/mahe-meie-lapse-lemmikmoos-150g\/#primaryimage"},"image":{"@id":"https:\/\/tammetalu.eu\/toode\/mahe-meie-lapse-lemmikmoos-150g\/#primaryimage"},"thumbnailUrl":"https:\/\/tammetalu.eu\/wp-content\/uploads\/2022\/08\/Oko_Meie_lapse_lemmikmoos-6.jpg","datePublished":"2022-08-09T06:03:05+00:00","dateModified":"2025-09-12T07:53:54+00:00","description":"Mahe Meie lapse lemmikmoos on pungil mahlastest ja magusatest marjadest. Ideaalne maius, mis on naturaalne ning meeldib lastele kindlasti.","breadcrumb":{"@id":"https:\/\/tammetalu.eu\/toode\/mahe-meie-lapse-lemmikmoos-150g\/#breadcrumb"},"inLanguage":"lv-LV","potentialAction":[{"@type":"ReadAction","target":["https:\/\/tammetalu.eu\/toode\/mahe-meie-lapse-lemmikmoos-150g\/"]}]},{"@type":"ImageObject","inLanguage":"lv-LV","@id":"https:\/\/tammetalu.eu\/toode\/mahe-meie-lapse-lemmikmoos-150g\/#primaryimage","url":"https:\/\/tammetalu.eu\/wp-content\/uploads\/2022\/08\/Oko_Meie_lapse_lemmikmoos-6.jpg","contentUrl":"https:\/\/tammetalu.eu\/wp-content\/uploads\/2022\/08\/Oko_Meie_lapse_lemmikmoos-6.jpg","width":960,"height":960},{"@type":"BreadcrumbList","@id":"https:\/\/tammetalu.eu\/toode\/mahe-meie-lapse-lemmikmoos-150g\/#breadcrumb","itemListElement":[{"@type":"ListItem","position":1,"name":"Home","item":"https:\/\/tammetalu.eu\/lv\/galvena-lapa\/"},{"@type":"ListItem","position":2,"name":"Shop","item":"https:\/\/tammetalu.eu\/lv\/shop\/"},{"@type":"ListItem","position":3,"name":"MAHE Meie lapse lemmikmoos 150g"}]},{"@type":"WebSite","@id":"https:\/\/tammetalu.eu\/#website","url":"https:\/\/tammetalu.eu\/","name":"Tamme talu \u00fcrdiaed","description":"K\u00e4sit\u00f6\u00f6na valmistatud tooted \u00fcrtidest, \u00fcrdiistikud, \u00fcrtide kollektsioonaed","publisher":{"@id":"https:\/\/tammetalu.eu\/#organization"},"alternateName":"Tamme talu","potentialAction":[{"@type":"SearchAction","target":{"@type":"EntryPoint","urlTemplate":"https:\/\/tammetalu.eu\/?s={search_term_string}"},"query-input":{"@type":"PropertyValueSpecification","valueRequired":true,"valueName":"search_term_string"}}],"inLanguage":"lv-LV"},{"@type":"Organization","@id":"https:\/\/tammetalu.eu\/#organization","name":"Tamme talu \u00fcrdiaed","alternateName":"Tamme talu","url":"https:\/\/tammetalu.eu\/","logo":{"@type":"ImageObject","inLanguage":"lv-LV","@id":"https:\/\/tammetalu.eu\/#\/schema\/logo\/image\/","url":"https:\/\/tammetalu.eu\/wp-content\/uploads\/2025\/01\/Tamme_talu_urdiaed.png","contentUrl":"https:\/\/tammetalu.eu\/wp-content\/uploads\/2025\/01\/Tamme_talu_urdiaed.png","width":560,"height":560,"caption":"Tamme talu \u00fcrdiaed"},"image":{"@id":"https:\/\/tammetalu.eu\/#\/schema\/logo\/image\/"},"sameAs":["https:\/\/www.facebook.com\/TammeTaluUrdiaed\/?locale=et_EE","https:\/\/www.instagram.com\/tammetaluurdiaed\/"]}]}},"_links":{"self":[{"href":"https:\/\/tammetalu.eu\/lv\/wp-json\/wp\/v2\/product\/15397","targetHints":{"allow":["GET"]}}],"collection":[{"href":"https:\/\/tammetalu.eu\/lv\/wp-json\/wp\/v2\/product"}],"about":[{"href":"https:\/\/tammetalu.eu\/lv\/wp-json\/wp\/v2\/types\/product"}],"wp:featuredmedia":[{"embeddable":true,"href":"https:\/\/tammetalu.eu\/lv\/wp-json\/wp\/v2\/media\/15487"}],"wp:attachment":[{"href":"https:\/\/tammetalu.eu\/lv\/wp-json\/wp\/v2\/media?parent=15397"}],"wp:term":[{"taxonomy":"product_brand","embeddable":true,"href":"https:\/\/tammetalu.eu\/lv\/wp-json\/wp\/v2\/product_brand?post=15397"},{"taxonomy":"product_cat","embeddable":true,"href":"https:\/\/tammetalu.eu\/lv\/wp-json\/wp\/v2\/product_cat?post=15397"},{"taxonomy":"product_tag","embeddable":true,"href":"https:\/\/tammetalu.eu\/lv\/wp-json\/wp\/v2\/product_tag?post=15397"}],"curies":[{"name":"wp","href":"https:\/\/api.w.org\/{rel}","templated":true}]}}