{"id":15409,"date":"2022-08-09T09:03:06","date_gmt":"2022-08-09T06:03:06","guid":{"rendered":"https:\/\/tammetalu.eu?post_type=product&#038;p=15409"},"modified":"2025-01-08T12:38:29","modified_gmt":"2025-01-08T10:38:29","slug":"mustsostratee-piparmundiga-25g","status":"publish","type":"product","link":"https:\/\/tammetalu.eu\/lv\/toode\/mustsostratee-piparmundiga-25g\/","title":{"rendered":"MAHE Musts\u00f5stratee piparm\u00fcndiga 25g"},"content":{"rendered":"","protected":false},"excerpt":{"rendered":"<p>159,60 \u20ac\/kg<\/p>\n<p>Marjatee<\/p>\n<p>M\u00f5nusalt hapukas tee, kus musts\u00f5star ja piparm\u00fcnt t\u00e4iustavad teineteist. Musts\u00f5strad annavad teele v\u00e4rsketele marjadele omase v\u00fcrtsika maitse, aroomi ja v\u00e4rvi ning piparm\u00fcnt lisab teele magusa m\u00fcndise alatooni. Musts\u00f5strad ja musts\u00f5stralehed on tuntud rahvameditsiinis\u00a0 palaviku alandajana ning k\u00fclmetushaiguste leevendajana.<\/p>\n<p>Koostisosad: k\u00fclmkuivatatud musts\u00f5strad*, musts\u00f5stralehed*, piparm\u00fcnt*<\/p>\n<p>*Kontrollitud mahep\u00f5llumajandusest<\/p>\n","protected":false},"featured_media":16644,"template":"","meta":{"_acf_changed":false,"_et_pb_use_builder":"","_et_pb_old_content":"","_et_gb_content_width":"","inline_featured_image":false},"product_brand":[],"product_cat":[183],"product_tag":[71],"class_list":{"0":"post-15409","1":"product","2":"type-product","3":"status-publish","4":"has-post-thumbnail","6":"product_cat-marjateed-urtidega","7":"product_tag-marjateed","9":"first","10":"instock","11":"taxable","12":"shipping-taxable","13":"purchasable","14":"product-type-simple"},"acf":[],"yoast_head":"<!-- This site is optimized with the Yoast SEO plugin v26.4 - https:\/\/yoast.com\/wordpress\/plugins\/seo\/ -->\n<title>\u00d6KO Musts\u00f5stratee piparm\u00fcndiga - Tamme talu \u00fcrdi- ja marjateed<\/title>\n<meta name=\"description\" content=\"Musts\u00f5stratee piparm\u00fcndiga.Tee sobib tarvitamiseks ka palaviku ja k\u00fclmetushaiguste korral. Koostis: musts\u00f5strad, musts\u00f5stralehed, piparm\u00fcnt\" \/>\n<meta name=\"robots\" content=\"index, follow, max-snippet:-1, max-image-preview:large, max-video-preview:-1\" \/>\n<link rel=\"canonical\" href=\"https:\/\/tammetalu.eu\/toode\/mustsostratee-piparmundiga-25g\/\" \/>\n<meta property=\"og:locale\" content=\"lv_LV\" \/>\n<meta property=\"og:type\" content=\"article\" \/>\n<meta property=\"og:title\" content=\"\u00d6KO Musts\u00f5stratee piparm\u00fcndiga - Tamme talu \u00fcrdi- ja marjateed\" \/>\n<meta property=\"og:description\" content=\"Musts\u00f5stratee piparm\u00fcndiga.Tee sobib tarvitamiseks ka palaviku ja k\u00fclmetushaiguste korral. Koostis: musts\u00f5strad, musts\u00f5stralehed, piparm\u00fcnt\" \/>\n<meta property=\"og:url\" content=\"https:\/\/tammetalu.eu\/toode\/mustsostratee-piparmundiga-25g\/\" \/>\n<meta property=\"og:site_name\" content=\"Tamme talu \u00fcrdiaed\" \/>\n<meta property=\"article:publisher\" content=\"https:\/\/www.facebook.com\/TammeTaluUrdiaed\/?locale=et_EE\" \/>\n<meta property=\"article:modified_time\" content=\"2025-01-08T10:38:29+00:00\" \/>\n<meta property=\"og:image\" content=\"https:\/\/tammetalu.eu\/wp-content\/uploads\/2022\/08\/Oko_Mustsostratee_piparmundiga.jpg\" \/>\n\t<meta property=\"og:image:width\" content=\"960\" \/>\n\t<meta property=\"og:image:height\" content=\"960\" \/>\n\t<meta property=\"og:image:type\" content=\"image\/jpeg\" \/>\n<meta name=\"twitter:card\" content=\"summary_large_image\" \/>\n<meta name=\"twitter:label1\" content=\"Est. reading time\" \/>\n\t<meta name=\"twitter:data1\" content=\"1 minute\" \/>\n<script type=\"application\/ld+json\" class=\"yoast-schema-graph\">{\"@context\":\"https:\/\/schema.org\",\"@graph\":[{\"@type\":\"WebPage\",\"@id\":\"https:\/\/tammetalu.eu\/toode\/mustsostratee-piparmundiga-25g\/\",\"url\":\"https:\/\/tammetalu.eu\/toode\/mustsostratee-piparmundiga-25g\/\",\"name\":\"\u00d6KO Musts\u00f5stratee piparm\u00fcndiga - Tamme talu \u00fcrdi- ja marjateed\",\"isPartOf\":{\"@id\":\"https:\/\/tammetalu.eu\/#website\"},\"primaryImageOfPage\":{\"@id\":\"https:\/\/tammetalu.eu\/toode\/mustsostratee-piparmundiga-25g\/#primaryimage\"},\"image\":{\"@id\":\"https:\/\/tammetalu.eu\/toode\/mustsostratee-piparmundiga-25g\/#primaryimage\"},\"thumbnailUrl\":\"https:\/\/tammetalu.eu\/wp-content\/uploads\/2022\/08\/Oko_Mustsostratee_piparmundiga.jpg\",\"datePublished\":\"2022-08-09T06:03:06+00:00\",\"dateModified\":\"2025-01-08T10:38:29+00:00\",\"description\":\"Musts\u00f5stratee piparm\u00fcndiga.Tee sobib tarvitamiseks ka palaviku ja k\u00fclmetushaiguste korral. Koostis: musts\u00f5strad, musts\u00f5stralehed, piparm\u00fcnt\",\"breadcrumb\":{\"@id\":\"https:\/\/tammetalu.eu\/toode\/mustsostratee-piparmundiga-25g\/#breadcrumb\"},\"inLanguage\":\"lv-LV\",\"potentialAction\":[{\"@type\":\"ReadAction\",\"target\":[\"https:\/\/tammetalu.eu\/toode\/mustsostratee-piparmundiga-25g\/\"]}]},{\"@type\":\"ImageObject\",\"inLanguage\":\"lv-LV\",\"@id\":\"https:\/\/tammetalu.eu\/toode\/mustsostratee-piparmundiga-25g\/#primaryimage\",\"url\":\"https:\/\/tammetalu.eu\/wp-content\/uploads\/2022\/08\/Oko_Mustsostratee_piparmundiga.jpg\",\"contentUrl\":\"https:\/\/tammetalu.eu\/wp-content\/uploads\/2022\/08\/Oko_Mustsostratee_piparmundiga.jpg\",\"width\":960,\"height\":960,\"caption\":\"Oko_Mustsostratee_piparmundiga\"},{\"@type\":\"BreadcrumbList\",\"@id\":\"https:\/\/tammetalu.eu\/toode\/mustsostratee-piparmundiga-25g\/#breadcrumb\",\"itemListElement\":[{\"@type\":\"ListItem\",\"position\":1,\"name\":\"Home\",\"item\":\"https:\/\/tammetalu.eu\/lv\/galvena-lapa\/\"},{\"@type\":\"ListItem\",\"position\":2,\"name\":\"Shop\",\"item\":\"https:\/\/tammetalu.eu\/lv\/shop\/\"},{\"@type\":\"ListItem\",\"position\":3,\"name\":\"MAHE Musts\u00f5stratee piparm\u00fcndiga 25g\"}]},{\"@type\":\"WebSite\",\"@id\":\"https:\/\/tammetalu.eu\/#website\",\"url\":\"https:\/\/tammetalu.eu\/\",\"name\":\"Tamme talu \u00fcrdiaed\",\"description\":\"K\u00e4sit\u00f6\u00f6na valmistatud tooted \u00fcrtidest, \u00fcrdiistikud, \u00fcrtide kollektsioonaed\",\"publisher\":{\"@id\":\"https:\/\/tammetalu.eu\/#organization\"},\"alternateName\":\"Tamme talu\",\"potentialAction\":[{\"@type\":\"SearchAction\",\"target\":{\"@type\":\"EntryPoint\",\"urlTemplate\":\"https:\/\/tammetalu.eu\/?s={search_term_string}\"},\"query-input\":{\"@type\":\"PropertyValueSpecification\",\"valueRequired\":true,\"valueName\":\"search_term_string\"}}],\"inLanguage\":\"lv-LV\"},{\"@type\":\"Organization\",\"@id\":\"https:\/\/tammetalu.eu\/#organization\",\"name\":\"Tamme talu \u00fcrdiaed\",\"alternateName\":\"Tamme talu\",\"url\":\"https:\/\/tammetalu.eu\/\",\"logo\":{\"@type\":\"ImageObject\",\"inLanguage\":\"lv-LV\",\"@id\":\"https:\/\/tammetalu.eu\/#\/schema\/logo\/image\/\",\"url\":\"https:\/\/tammetalu.eu\/wp-content\/uploads\/2025\/01\/Tamme_talu_urdiaed.png\",\"contentUrl\":\"https:\/\/tammetalu.eu\/wp-content\/uploads\/2025\/01\/Tamme_talu_urdiaed.png\",\"width\":560,\"height\":560,\"caption\":\"Tamme talu \u00fcrdiaed\"},\"image\":{\"@id\":\"https:\/\/tammetalu.eu\/#\/schema\/logo\/image\/\"},\"sameAs\":[\"https:\/\/www.facebook.com\/TammeTaluUrdiaed\/?locale=et_EE\",\"https:\/\/www.instagram.com\/tammetaluurdiaed\/\"]}]}<\/script>\n<!-- \/ Yoast SEO plugin. -->","yoast_head_json":{"title":"\u00d6KO Musts\u00f5stratee piparm\u00fcndiga - Tamme talu \u00fcrdi- ja marjateed","description":"Musts\u00f5stratee piparm\u00fcndiga.Tee sobib tarvitamiseks ka palaviku ja k\u00fclmetushaiguste korral. Koostis: musts\u00f5strad, musts\u00f5stralehed, piparm\u00fcnt","robots":{"index":"index","follow":"follow","max-snippet":"max-snippet:-1","max-image-preview":"max-image-preview:large","max-video-preview":"max-video-preview:-1"},"canonical":"https:\/\/tammetalu.eu\/toode\/mustsostratee-piparmundiga-25g\/","og_locale":"lv_LV","og_type":"article","og_title":"\u00d6KO Musts\u00f5stratee piparm\u00fcndiga - Tamme talu \u00fcrdi- ja marjateed","og_description":"Musts\u00f5stratee piparm\u00fcndiga.Tee sobib tarvitamiseks ka palaviku ja k\u00fclmetushaiguste korral. Koostis: musts\u00f5strad, musts\u00f5stralehed, piparm\u00fcnt","og_url":"https:\/\/tammetalu.eu\/toode\/mustsostratee-piparmundiga-25g\/","og_site_name":"Tamme talu \u00fcrdiaed","article_publisher":"https:\/\/www.facebook.com\/TammeTaluUrdiaed\/?locale=et_EE","article_modified_time":"2025-01-08T10:38:29+00:00","og_image":[{"width":960,"height":960,"url":"https:\/\/tammetalu.eu\/wp-content\/uploads\/2022\/08\/Oko_Mustsostratee_piparmundiga.jpg","type":"image\/jpeg"}],"twitter_card":"summary_large_image","twitter_misc":{"Est. reading time":"1 minute"},"schema":{"@context":"https:\/\/schema.org","@graph":[{"@type":"WebPage","@id":"https:\/\/tammetalu.eu\/toode\/mustsostratee-piparmundiga-25g\/","url":"https:\/\/tammetalu.eu\/toode\/mustsostratee-piparmundiga-25g\/","name":"\u00d6KO Musts\u00f5stratee piparm\u00fcndiga - Tamme talu \u00fcrdi- ja marjateed","isPartOf":{"@id":"https:\/\/tammetalu.eu\/#website"},"primaryImageOfPage":{"@id":"https:\/\/tammetalu.eu\/toode\/mustsostratee-piparmundiga-25g\/#primaryimage"},"image":{"@id":"https:\/\/tammetalu.eu\/toode\/mustsostratee-piparmundiga-25g\/#primaryimage"},"thumbnailUrl":"https:\/\/tammetalu.eu\/wp-content\/uploads\/2022\/08\/Oko_Mustsostratee_piparmundiga.jpg","datePublished":"2022-08-09T06:03:06+00:00","dateModified":"2025-01-08T10:38:29+00:00","description":"Musts\u00f5stratee piparm\u00fcndiga.Tee sobib tarvitamiseks ka palaviku ja k\u00fclmetushaiguste korral. Koostis: musts\u00f5strad, musts\u00f5stralehed, piparm\u00fcnt","breadcrumb":{"@id":"https:\/\/tammetalu.eu\/toode\/mustsostratee-piparmundiga-25g\/#breadcrumb"},"inLanguage":"lv-LV","potentialAction":[{"@type":"ReadAction","target":["https:\/\/tammetalu.eu\/toode\/mustsostratee-piparmundiga-25g\/"]}]},{"@type":"ImageObject","inLanguage":"lv-LV","@id":"https:\/\/tammetalu.eu\/toode\/mustsostratee-piparmundiga-25g\/#primaryimage","url":"https:\/\/tammetalu.eu\/wp-content\/uploads\/2022\/08\/Oko_Mustsostratee_piparmundiga.jpg","contentUrl":"https:\/\/tammetalu.eu\/wp-content\/uploads\/2022\/08\/Oko_Mustsostratee_piparmundiga.jpg","width":960,"height":960,"caption":"Oko_Mustsostratee_piparmundiga"},{"@type":"BreadcrumbList","@id":"https:\/\/tammetalu.eu\/toode\/mustsostratee-piparmundiga-25g\/#breadcrumb","itemListElement":[{"@type":"ListItem","position":1,"name":"Home","item":"https:\/\/tammetalu.eu\/lv\/galvena-lapa\/"},{"@type":"ListItem","position":2,"name":"Shop","item":"https:\/\/tammetalu.eu\/lv\/shop\/"},{"@type":"ListItem","position":3,"name":"MAHE Musts\u00f5stratee piparm\u00fcndiga 25g"}]},{"@type":"WebSite","@id":"https:\/\/tammetalu.eu\/#website","url":"https:\/\/tammetalu.eu\/","name":"Tamme talu \u00fcrdiaed","description":"K\u00e4sit\u00f6\u00f6na valmistatud tooted \u00fcrtidest, \u00fcrdiistikud, \u00fcrtide kollektsioonaed","publisher":{"@id":"https:\/\/tammetalu.eu\/#organization"},"alternateName":"Tamme talu","potentialAction":[{"@type":"SearchAction","target":{"@type":"EntryPoint","urlTemplate":"https:\/\/tammetalu.eu\/?s={search_term_string}"},"query-input":{"@type":"PropertyValueSpecification","valueRequired":true,"valueName":"search_term_string"}}],"inLanguage":"lv-LV"},{"@type":"Organization","@id":"https:\/\/tammetalu.eu\/#organization","name":"Tamme talu \u00fcrdiaed","alternateName":"Tamme talu","url":"https:\/\/tammetalu.eu\/","logo":{"@type":"ImageObject","inLanguage":"lv-LV","@id":"https:\/\/tammetalu.eu\/#\/schema\/logo\/image\/","url":"https:\/\/tammetalu.eu\/wp-content\/uploads\/2025\/01\/Tamme_talu_urdiaed.png","contentUrl":"https:\/\/tammetalu.eu\/wp-content\/uploads\/2025\/01\/Tamme_talu_urdiaed.png","width":560,"height":560,"caption":"Tamme talu \u00fcrdiaed"},"image":{"@id":"https:\/\/tammetalu.eu\/#\/schema\/logo\/image\/"},"sameAs":["https:\/\/www.facebook.com\/TammeTaluUrdiaed\/?locale=et_EE","https:\/\/www.instagram.com\/tammetaluurdiaed\/"]}]}},"_links":{"self":[{"href":"https:\/\/tammetalu.eu\/lv\/wp-json\/wp\/v2\/product\/15409","targetHints":{"allow":["GET"]}}],"collection":[{"href":"https:\/\/tammetalu.eu\/lv\/wp-json\/wp\/v2\/product"}],"about":[{"href":"https:\/\/tammetalu.eu\/lv\/wp-json\/wp\/v2\/types\/product"}],"wp:featuredmedia":[{"embeddable":true,"href":"https:\/\/tammetalu.eu\/lv\/wp-json\/wp\/v2\/media\/16644"}],"wp:attachment":[{"href":"https:\/\/tammetalu.eu\/lv\/wp-json\/wp\/v2\/media?parent=15409"}],"wp:term":[{"taxonomy":"product_brand","embeddable":true,"href":"https:\/\/tammetalu.eu\/lv\/wp-json\/wp\/v2\/product_brand?post=15409"},{"taxonomy":"product_cat","embeddable":true,"href":"https:\/\/tammetalu.eu\/lv\/wp-json\/wp\/v2\/product_cat?post=15409"},{"taxonomy":"product_tag","embeddable":true,"href":"https:\/\/tammetalu.eu\/lv\/wp-json\/wp\/v2\/product_tag?post=15409"}],"curies":[{"name":"wp","href":"https:\/\/api.w.org\/{rel}","templated":true}]}}