{"id":15410,"date":"2022-08-09T09:03:06","date_gmt":"2022-08-09T06:03:06","guid":{"rendered":"https:\/\/tammetalu.eu?post_type=product&#038;p=15410"},"modified":"2025-09-12T10:53:12","modified_gmt":"2025-09-12T07:53:12","slug":"maasikatee-piparmundiga-25g","status":"publish","type":"product","link":"https:\/\/tammetalu.eu\/lv\/toode\/maasikatee-piparmundiga-25g\/","title":{"rendered":"MAHE Maasikatee piparm\u00fcndiga 25g"},"content":{"rendered":"","protected":false},"excerpt":{"rendered":"<p>159,60 \u20ac\/kg<\/p>\n<p>Marjatee<\/p>\n<p>Maasikad annavad teele v\u00e4rskete maasikate h\u00f5rgu maitse ja aroomi. Piparm\u00fcnt lisab teele magusalt m\u00fcndise alatooni. Tee sobib joomiseks ka j\u00e4\u00e4teena koos sidruni- v\u00f5i apelsiniviiluga.<\/p>\n<p>Koostisosad: k\u00fclmkuivatatud maasikad*, k\u00fclmkuivatatud \u00f5unat\u00fckid*, maasikalehed*, piparm\u00fcnt*<\/p>\n<p>*Kontrollitud mahep\u00f5llumajandusest<\/p>\n","protected":false},"featured_media":16628,"template":"","meta":{"_acf_changed":false,"_et_pb_use_builder":"","_et_pb_old_content":"","_et_gb_content_width":"","inline_featured_image":false},"product_brand":[],"product_cat":[183],"product_tag":[71],"class_list":{"0":"post-15410","1":"product","2":"type-product","3":"status-publish","4":"has-post-thumbnail","6":"product_cat-marjateed-urtidega","7":"product_tag-marjateed","9":"first","10":"instock","11":"taxable","12":"shipping-taxable","13":"purchasable","14":"product-type-simple"},"acf":[],"yoast_head":"<!-- This site is optimized with the Yoast SEO plugin v26.4 - https:\/\/yoast.com\/wordpress\/plugins\/seo\/ -->\n<title>\u00d6KO Maasikatee piparm\u00fcndiga - Tamme talu taime- ja marjateed<\/title>\n<meta name=\"description\" content=\"Maasikad annavad teele v\u00e4rskete maasikate h\u00f5rgu maitse ja aroomi. Piparm\u00fcnt lisab teele magusalt m\u00fcndise alatooni. Tee sobib joomiseks ka j\u00e4\u00e4teena.\" \/>\n<meta name=\"robots\" content=\"index, follow, max-snippet:-1, max-image-preview:large, max-video-preview:-1\" \/>\n<link rel=\"canonical\" href=\"https:\/\/tammetalu.eu\/toode\/maasikatee-piparmundiga-25g\/\" \/>\n<meta property=\"og:locale\" content=\"lv_LV\" \/>\n<meta property=\"og:type\" content=\"article\" \/>\n<meta property=\"og:title\" content=\"\u00d6KO Maasikatee piparm\u00fcndiga - Tamme talu taime- ja marjateed\" \/>\n<meta property=\"og:description\" content=\"Maasikad annavad teele v\u00e4rskete maasikate h\u00f5rgu maitse ja aroomi. Piparm\u00fcnt lisab teele magusalt m\u00fcndise alatooni. Tee sobib joomiseks ka j\u00e4\u00e4teena.\" \/>\n<meta property=\"og:url\" content=\"https:\/\/tammetalu.eu\/toode\/maasikatee-piparmundiga-25g\/\" \/>\n<meta property=\"og:site_name\" content=\"Tamme talu \u00fcrdiaed\" \/>\n<meta property=\"article:publisher\" content=\"https:\/\/www.facebook.com\/TammeTaluUrdiaed\/?locale=et_EE\" \/>\n<meta property=\"article:modified_time\" content=\"2025-09-12T07:53:12+00:00\" \/>\n<meta property=\"og:image\" content=\"https:\/\/tammetalu.eu\/wp-content\/uploads\/2022\/08\/Oko_Maasikatee_piparmundiga.jpg\" \/>\n\t<meta property=\"og:image:width\" content=\"960\" \/>\n\t<meta property=\"og:image:height\" content=\"960\" \/>\n\t<meta property=\"og:image:type\" content=\"image\/jpeg\" \/>\n<meta name=\"twitter:card\" content=\"summary_large_image\" \/>\n<meta name=\"twitter:label1\" content=\"Est. reading time\" \/>\n\t<meta name=\"twitter:data1\" content=\"1 minute\" \/>\n<script type=\"application\/ld+json\" class=\"yoast-schema-graph\">{\"@context\":\"https:\/\/schema.org\",\"@graph\":[{\"@type\":\"WebPage\",\"@id\":\"https:\/\/tammetalu.eu\/toode\/maasikatee-piparmundiga-25g\/\",\"url\":\"https:\/\/tammetalu.eu\/toode\/maasikatee-piparmundiga-25g\/\",\"name\":\"\u00d6KO Maasikatee piparm\u00fcndiga - Tamme talu taime- ja marjateed\",\"isPartOf\":{\"@id\":\"https:\/\/tammetalu.eu\/#website\"},\"primaryImageOfPage\":{\"@id\":\"https:\/\/tammetalu.eu\/toode\/maasikatee-piparmundiga-25g\/#primaryimage\"},\"image\":{\"@id\":\"https:\/\/tammetalu.eu\/toode\/maasikatee-piparmundiga-25g\/#primaryimage\"},\"thumbnailUrl\":\"https:\/\/tammetalu.eu\/wp-content\/uploads\/2022\/08\/Oko_Maasikatee_piparmundiga.jpg\",\"datePublished\":\"2022-08-09T06:03:06+00:00\",\"dateModified\":\"2025-09-12T07:53:12+00:00\",\"description\":\"Maasikad annavad teele v\u00e4rskete maasikate h\u00f5rgu maitse ja aroomi. Piparm\u00fcnt lisab teele magusalt m\u00fcndise alatooni. Tee sobib joomiseks ka j\u00e4\u00e4teena.\",\"breadcrumb\":{\"@id\":\"https:\/\/tammetalu.eu\/toode\/maasikatee-piparmundiga-25g\/#breadcrumb\"},\"inLanguage\":\"lv-LV\",\"potentialAction\":[{\"@type\":\"ReadAction\",\"target\":[\"https:\/\/tammetalu.eu\/toode\/maasikatee-piparmundiga-25g\/\"]}]},{\"@type\":\"ImageObject\",\"inLanguage\":\"lv-LV\",\"@id\":\"https:\/\/tammetalu.eu\/toode\/maasikatee-piparmundiga-25g\/#primaryimage\",\"url\":\"https:\/\/tammetalu.eu\/wp-content\/uploads\/2022\/08\/Oko_Maasikatee_piparmundiga.jpg\",\"contentUrl\":\"https:\/\/tammetalu.eu\/wp-content\/uploads\/2022\/08\/Oko_Maasikatee_piparmundiga.jpg\",\"width\":960,\"height\":960,\"caption\":\"Oko_Maasikatee_piparmundiga\"},{\"@type\":\"BreadcrumbList\",\"@id\":\"https:\/\/tammetalu.eu\/toode\/maasikatee-piparmundiga-25g\/#breadcrumb\",\"itemListElement\":[{\"@type\":\"ListItem\",\"position\":1,\"name\":\"Home\",\"item\":\"https:\/\/tammetalu.eu\/lv\/galvena-lapa\/\"},{\"@type\":\"ListItem\",\"position\":2,\"name\":\"Shop\",\"item\":\"https:\/\/tammetalu.eu\/lv\/shop\/\"},{\"@type\":\"ListItem\",\"position\":3,\"name\":\"MAHE Maasikatee piparm\u00fcndiga 25g\"}]},{\"@type\":\"WebSite\",\"@id\":\"https:\/\/tammetalu.eu\/#website\",\"url\":\"https:\/\/tammetalu.eu\/\",\"name\":\"Tamme talu \u00fcrdiaed\",\"description\":\"K\u00e4sit\u00f6\u00f6na valmistatud tooted \u00fcrtidest, \u00fcrdiistikud, \u00fcrtide kollektsioonaed\",\"publisher\":{\"@id\":\"https:\/\/tammetalu.eu\/#organization\"},\"alternateName\":\"Tamme talu\",\"potentialAction\":[{\"@type\":\"SearchAction\",\"target\":{\"@type\":\"EntryPoint\",\"urlTemplate\":\"https:\/\/tammetalu.eu\/?s={search_term_string}\"},\"query-input\":{\"@type\":\"PropertyValueSpecification\",\"valueRequired\":true,\"valueName\":\"search_term_string\"}}],\"inLanguage\":\"lv-LV\"},{\"@type\":\"Organization\",\"@id\":\"https:\/\/tammetalu.eu\/#organization\",\"name\":\"Tamme talu \u00fcrdiaed\",\"alternateName\":\"Tamme talu\",\"url\":\"https:\/\/tammetalu.eu\/\",\"logo\":{\"@type\":\"ImageObject\",\"inLanguage\":\"lv-LV\",\"@id\":\"https:\/\/tammetalu.eu\/#\/schema\/logo\/image\/\",\"url\":\"https:\/\/tammetalu.eu\/wp-content\/uploads\/2025\/01\/Tamme_talu_urdiaed.png\",\"contentUrl\":\"https:\/\/tammetalu.eu\/wp-content\/uploads\/2025\/01\/Tamme_talu_urdiaed.png\",\"width\":560,\"height\":560,\"caption\":\"Tamme talu \u00fcrdiaed\"},\"image\":{\"@id\":\"https:\/\/tammetalu.eu\/#\/schema\/logo\/image\/\"},\"sameAs\":[\"https:\/\/www.facebook.com\/TammeTaluUrdiaed\/?locale=et_EE\",\"https:\/\/www.instagram.com\/tammetaluurdiaed\/\"]}]}<\/script>\n<!-- \/ Yoast SEO plugin. -->","yoast_head_json":{"title":"\u00d6KO Maasikatee piparm\u00fcndiga - Tamme talu taime- ja marjateed","description":"Maasikad annavad teele v\u00e4rskete maasikate h\u00f5rgu maitse ja aroomi. Piparm\u00fcnt lisab teele magusalt m\u00fcndise alatooni. Tee sobib joomiseks ka j\u00e4\u00e4teena.","robots":{"index":"index","follow":"follow","max-snippet":"max-snippet:-1","max-image-preview":"max-image-preview:large","max-video-preview":"max-video-preview:-1"},"canonical":"https:\/\/tammetalu.eu\/toode\/maasikatee-piparmundiga-25g\/","og_locale":"lv_LV","og_type":"article","og_title":"\u00d6KO Maasikatee piparm\u00fcndiga - Tamme talu taime- ja marjateed","og_description":"Maasikad annavad teele v\u00e4rskete maasikate h\u00f5rgu maitse ja aroomi. Piparm\u00fcnt lisab teele magusalt m\u00fcndise alatooni. Tee sobib joomiseks ka j\u00e4\u00e4teena.","og_url":"https:\/\/tammetalu.eu\/toode\/maasikatee-piparmundiga-25g\/","og_site_name":"Tamme talu \u00fcrdiaed","article_publisher":"https:\/\/www.facebook.com\/TammeTaluUrdiaed\/?locale=et_EE","article_modified_time":"2025-09-12T07:53:12+00:00","og_image":[{"width":960,"height":960,"url":"https:\/\/tammetalu.eu\/wp-content\/uploads\/2022\/08\/Oko_Maasikatee_piparmundiga.jpg","type":"image\/jpeg"}],"twitter_card":"summary_large_image","twitter_misc":{"Est. reading time":"1 minute"},"schema":{"@context":"https:\/\/schema.org","@graph":[{"@type":"WebPage","@id":"https:\/\/tammetalu.eu\/toode\/maasikatee-piparmundiga-25g\/","url":"https:\/\/tammetalu.eu\/toode\/maasikatee-piparmundiga-25g\/","name":"\u00d6KO Maasikatee piparm\u00fcndiga - Tamme talu taime- ja marjateed","isPartOf":{"@id":"https:\/\/tammetalu.eu\/#website"},"primaryImageOfPage":{"@id":"https:\/\/tammetalu.eu\/toode\/maasikatee-piparmundiga-25g\/#primaryimage"},"image":{"@id":"https:\/\/tammetalu.eu\/toode\/maasikatee-piparmundiga-25g\/#primaryimage"},"thumbnailUrl":"https:\/\/tammetalu.eu\/wp-content\/uploads\/2022\/08\/Oko_Maasikatee_piparmundiga.jpg","datePublished":"2022-08-09T06:03:06+00:00","dateModified":"2025-09-12T07:53:12+00:00","description":"Maasikad annavad teele v\u00e4rskete maasikate h\u00f5rgu maitse ja aroomi. Piparm\u00fcnt lisab teele magusalt m\u00fcndise alatooni. Tee sobib joomiseks ka j\u00e4\u00e4teena.","breadcrumb":{"@id":"https:\/\/tammetalu.eu\/toode\/maasikatee-piparmundiga-25g\/#breadcrumb"},"inLanguage":"lv-LV","potentialAction":[{"@type":"ReadAction","target":["https:\/\/tammetalu.eu\/toode\/maasikatee-piparmundiga-25g\/"]}]},{"@type":"ImageObject","inLanguage":"lv-LV","@id":"https:\/\/tammetalu.eu\/toode\/maasikatee-piparmundiga-25g\/#primaryimage","url":"https:\/\/tammetalu.eu\/wp-content\/uploads\/2022\/08\/Oko_Maasikatee_piparmundiga.jpg","contentUrl":"https:\/\/tammetalu.eu\/wp-content\/uploads\/2022\/08\/Oko_Maasikatee_piparmundiga.jpg","width":960,"height":960,"caption":"Oko_Maasikatee_piparmundiga"},{"@type":"BreadcrumbList","@id":"https:\/\/tammetalu.eu\/toode\/maasikatee-piparmundiga-25g\/#breadcrumb","itemListElement":[{"@type":"ListItem","position":1,"name":"Home","item":"https:\/\/tammetalu.eu\/lv\/galvena-lapa\/"},{"@type":"ListItem","position":2,"name":"Shop","item":"https:\/\/tammetalu.eu\/lv\/shop\/"},{"@type":"ListItem","position":3,"name":"MAHE Maasikatee piparm\u00fcndiga 25g"}]},{"@type":"WebSite","@id":"https:\/\/tammetalu.eu\/#website","url":"https:\/\/tammetalu.eu\/","name":"Tamme talu \u00fcrdiaed","description":"K\u00e4sit\u00f6\u00f6na valmistatud tooted \u00fcrtidest, \u00fcrdiistikud, \u00fcrtide kollektsioonaed","publisher":{"@id":"https:\/\/tammetalu.eu\/#organization"},"alternateName":"Tamme talu","potentialAction":[{"@type":"SearchAction","target":{"@type":"EntryPoint","urlTemplate":"https:\/\/tammetalu.eu\/?s={search_term_string}"},"query-input":{"@type":"PropertyValueSpecification","valueRequired":true,"valueName":"search_term_string"}}],"inLanguage":"lv-LV"},{"@type":"Organization","@id":"https:\/\/tammetalu.eu\/#organization","name":"Tamme talu \u00fcrdiaed","alternateName":"Tamme talu","url":"https:\/\/tammetalu.eu\/","logo":{"@type":"ImageObject","inLanguage":"lv-LV","@id":"https:\/\/tammetalu.eu\/#\/schema\/logo\/image\/","url":"https:\/\/tammetalu.eu\/wp-content\/uploads\/2025\/01\/Tamme_talu_urdiaed.png","contentUrl":"https:\/\/tammetalu.eu\/wp-content\/uploads\/2025\/01\/Tamme_talu_urdiaed.png","width":560,"height":560,"caption":"Tamme talu \u00fcrdiaed"},"image":{"@id":"https:\/\/tammetalu.eu\/#\/schema\/logo\/image\/"},"sameAs":["https:\/\/www.facebook.com\/TammeTaluUrdiaed\/?locale=et_EE","https:\/\/www.instagram.com\/tammetaluurdiaed\/"]}]}},"_links":{"self":[{"href":"https:\/\/tammetalu.eu\/lv\/wp-json\/wp\/v2\/product\/15410","targetHints":{"allow":["GET"]}}],"collection":[{"href":"https:\/\/tammetalu.eu\/lv\/wp-json\/wp\/v2\/product"}],"about":[{"href":"https:\/\/tammetalu.eu\/lv\/wp-json\/wp\/v2\/types\/product"}],"wp:featuredmedia":[{"embeddable":true,"href":"https:\/\/tammetalu.eu\/lv\/wp-json\/wp\/v2\/media\/16628"}],"wp:attachment":[{"href":"https:\/\/tammetalu.eu\/lv\/wp-json\/wp\/v2\/media?parent=15410"}],"wp:term":[{"taxonomy":"product_brand","embeddable":true,"href":"https:\/\/tammetalu.eu\/lv\/wp-json\/wp\/v2\/product_brand?post=15410"},{"taxonomy":"product_cat","embeddable":true,"href":"https:\/\/tammetalu.eu\/lv\/wp-json\/wp\/v2\/product_cat?post=15410"},{"taxonomy":"product_tag","embeddable":true,"href":"https:\/\/tammetalu.eu\/lv\/wp-json\/wp\/v2\/product_tag?post=15410"}],"curies":[{"name":"wp","href":"https:\/\/api.w.org\/{rel}","templated":true}]}}