{"id":15484,"date":"2022-08-09T09:03:29","date_gmt":"2022-08-09T06:03:29","guid":{"rendered":"https:\/\/tammetalu.eu?post_type=product&#038;p=15484"},"modified":"2024-11-10T04:30:32","modified_gmt":"2024-11-10T02:30:32","slug":"siidrizelee-mundiga-150g","status":"publish","type":"product","link":"https:\/\/tammetalu.eu\/lv\/toode\/siidrizelee-mundiga-150g\/","title":{"rendered":"Siidri\u017eelee m\u00fcndiga 150g"},"content":{"rendered":"<p>Siidri\u017eeleed tuntakse h\u00e4sti P\u00f5hja-Hispaanias, ajaloolises siidrivalmistamise piirkonnas, kust meiegi selle valmistamise idee saime.<\/p>\n<p>\u017delee tarrendajana kasutame looduslikku pektiini, mida saab m\u00f5nedest puuviljadest ja marjadest. Pektiin parandab ainevahetust, v\u00e4hendab kolesterooli hulka veres, taastab soole mikrofloorat ja k\u00f5rvaldab toksiine.<\/p>\n<table style=\"font-weight: 400; border-color: #ccc8c8; border-style: solid; height: 327px;\" border=\"1\" width=\"378\">\n<tbody>\n<tr style=\"height: 95px;\">\n<td style=\"height: 95px; width: 254.525px;\">Toitumisalane teave 100g toote kohta<br \/>\nNutrition information per 100 g<\/td>\n<td style=\"height: 95px; width: 108.675px;\"><\/td>\n<\/tr>\n<tr style=\"height: 29px;\">\n<td style=\"height: 29px; width: 254.525px;\">Energiasisaldus<br \/>\nEnergy<\/td>\n<td style=\"height: 29px; width: 108.675px;\">691kJ\/163kcal<\/td>\n<\/tr>\n<tr style=\"height: 52px;\">\n<td style=\"height: 52px; width: 254.525px;\">Rasvad<br \/>\nFat<br \/>\n-millest k\u00fcllastunud rasvhapped 0g<br \/>\n-saturated fats 0g<\/td>\n<td style=\"height: 52px; width: 108.675px;\">0,1g<\/td>\n<\/tr>\n<tr style=\"height: 62px;\">\n<td style=\"height: 62px; width: 254.525px;\">S\u00fcsivesikud<br \/>\nCarbohydrate<br \/>\n-millest suhkrud<br \/>\n-Sugars<\/td>\n<td style=\"height: 62px; width: 108.675px;\">40g<\/p>\n<p>36g<\/td>\n<\/tr>\n<tr style=\"height: 14px;\">\n<td style=\"height: 14px; width: 254.525px;\">Valgud<br \/>\nProtein<\/td>\n<td style=\"height: 14px; width: 108.675px;\">0,7g<\/td>\n<\/tr>\n<tr style=\"height: 75px;\">\n<td style=\"height: 75px; width: 254.525px;\">Soolad<br \/>\nSalt<\/td>\n<td style=\"height: 75px; width: 108.675px;\">0,02g<\/td>\n<\/tr>\n<\/tbody>\n<\/table>\n<p>&nbsp;<\/p>\n","protected":false},"excerpt":{"rendered":"<p><strong>33,26\u20ac\/kg<\/strong><\/p>\n<p>Piisab vaid \u00f6elda \u201esiidri\u017eelee m\u00fcndiga\u201c, kui juba hakkabki suu vett jooksma!<br \/>\nV\u00e4rskendav ja h\u00f5rk \u017eelee on valmistatud Jaanihanso naturaalsest k\u00e4sit\u00f6\u00f6siidrist. See sobib suurep\u00e4raselt k\u00fclmlauasn\u00e4kkide, eriti h\u00e4sti aga juustude, prosciutto v\u00f5i Serrano singi k\u00f5rvale.<\/p>\n<p>Enne serveerimist tuleks \u017eeleed hoida k\u00fclmkapis, toatemperatuuril muutub see aja jooksul vedelamaks.<\/p>\n<p>Kui soovid, et suupistete vaagen oleks eriti rikkalik, siis tutvu ka teiste <span style=\"color: #339966;\"><strong><a style=\"color: #339966;\" href=\"https:\/\/tammetalu.eu\/tootekategooria\/hoidised-ja-urdioli\/juustumoosid\/\">juustumoosidega siin.<\/a><\/strong><\/span><\/p>\n<p>Koostisosad: \u00f5unasiider 55%, suhkur, m\u00fcnt, paksendaja (pektiin)<\/p>\n","protected":false},"featured_media":16579,"template":"","meta":{"_acf_changed":false,"_et_pb_use_builder":"","_et_pb_old_content":"","_et_gb_content_width":"","inline_featured_image":false},"product_brand":[],"product_cat":[190,179],"product_tag":[],"class_list":{"0":"post-15484","1":"product","2":"type-product","3":"status-publish","4":"has-post-thumbnail","6":"product_cat-hoidised-ja-urdioli","7":"product_cat-juustumoosid","9":"first","10":"instock","11":"taxable","12":"shipping-taxable","13":"purchasable","14":"product-type-simple"},"acf":[],"yoast_head":"<!-- This site is optimized with the Yoast SEO plugin v26.4 - https:\/\/yoast.com\/wordpress\/plugins\/seo\/ -->\n<title>Siidri\u017eelee m\u00fcndiga 150g - tammetalu.eu<\/title>\n<meta name=\"description\" content=\"Eriliselt maitsekas \u017eelee on valmistatud Jaanihanso naturaalsest k\u00e4sit\u00f6\u00f6siidrist. Sobib suurep\u00e4raselt k\u00fclmlauasn\u00e4kkide k\u00f5rvale.\" \/>\n<meta name=\"robots\" content=\"index, follow, max-snippet:-1, max-image-preview:large, max-video-preview:-1\" \/>\n<link rel=\"canonical\" href=\"https:\/\/tammetalu.eu\/toode\/siidrizelee-mundiga-150g\/\" \/>\n<meta property=\"og:locale\" content=\"lv_LV\" \/>\n<meta property=\"og:type\" content=\"article\" \/>\n<meta property=\"og:title\" content=\"Siidri\u017eelee m\u00fcndiga 150g - tammetalu.eu\" \/>\n<meta property=\"og:description\" content=\"Eriliselt maitsekas \u017eelee on valmistatud Jaanihanso naturaalsest k\u00e4sit\u00f6\u00f6siidrist. Sobib suurep\u00e4raselt k\u00fclmlauasn\u00e4kkide k\u00f5rvale.\" \/>\n<meta property=\"og:url\" content=\"https:\/\/tammetalu.eu\/toode\/siidrizelee-mundiga-150g\/\" \/>\n<meta property=\"og:site_name\" content=\"Tamme talu \u00fcrdiaed\" \/>\n<meta property=\"article:publisher\" content=\"https:\/\/www.facebook.com\/TammeTaluUrdiaed\/?locale=et_EE\" \/>\n<meta property=\"article:modified_time\" content=\"2024-11-10T02:30:32+00:00\" \/>\n<meta property=\"og:image\" content=\"https:\/\/tammetalu.eu\/wp-content\/uploads\/2022\/08\/Siidrizelee-mundiga.jpg\" \/>\n\t<meta property=\"og:image:width\" content=\"960\" \/>\n\t<meta property=\"og:image:height\" content=\"960\" \/>\n\t<meta property=\"og:image:type\" content=\"image\/jpeg\" \/>\n<meta name=\"twitter:card\" content=\"summary_large_image\" \/>\n<meta name=\"twitter:label1\" content=\"Est. reading time\" \/>\n\t<meta name=\"twitter:data1\" content=\"1 minute\" \/>\n<script type=\"application\/ld+json\" class=\"yoast-schema-graph\">{\"@context\":\"https:\/\/schema.org\",\"@graph\":[{\"@type\":\"WebPage\",\"@id\":\"https:\/\/tammetalu.eu\/toode\/siidrizelee-mundiga-150g\/\",\"url\":\"https:\/\/tammetalu.eu\/toode\/siidrizelee-mundiga-150g\/\",\"name\":\"Siidri\u017eelee m\u00fcndiga 150g - tammetalu.eu\",\"isPartOf\":{\"@id\":\"https:\/\/tammetalu.eu\/#website\"},\"primaryImageOfPage\":{\"@id\":\"https:\/\/tammetalu.eu\/toode\/siidrizelee-mundiga-150g\/#primaryimage\"},\"image\":{\"@id\":\"https:\/\/tammetalu.eu\/toode\/siidrizelee-mundiga-150g\/#primaryimage\"},\"thumbnailUrl\":\"https:\/\/tammetalu.eu\/wp-content\/uploads\/2022\/08\/Siidrizelee-mundiga.jpg\",\"datePublished\":\"2022-08-09T06:03:29+00:00\",\"dateModified\":\"2024-11-10T02:30:32+00:00\",\"description\":\"Eriliselt maitsekas \u017eelee on valmistatud Jaanihanso naturaalsest k\u00e4sit\u00f6\u00f6siidrist. Sobib suurep\u00e4raselt k\u00fclmlauasn\u00e4kkide k\u00f5rvale.\",\"breadcrumb\":{\"@id\":\"https:\/\/tammetalu.eu\/toode\/siidrizelee-mundiga-150g\/#breadcrumb\"},\"inLanguage\":\"lv-LV\",\"potentialAction\":[{\"@type\":\"ReadAction\",\"target\":[\"https:\/\/tammetalu.eu\/toode\/siidrizelee-mundiga-150g\/\"]}]},{\"@type\":\"ImageObject\",\"inLanguage\":\"lv-LV\",\"@id\":\"https:\/\/tammetalu.eu\/toode\/siidrizelee-mundiga-150g\/#primaryimage\",\"url\":\"https:\/\/tammetalu.eu\/wp-content\/uploads\/2022\/08\/Siidrizelee-mundiga.jpg\",\"contentUrl\":\"https:\/\/tammetalu.eu\/wp-content\/uploads\/2022\/08\/Siidrizelee-mundiga.jpg\",\"width\":960,\"height\":960,\"caption\":\"Siidri\u017eelee m\u00fcndiga\"},{\"@type\":\"BreadcrumbList\",\"@id\":\"https:\/\/tammetalu.eu\/toode\/siidrizelee-mundiga-150g\/#breadcrumb\",\"itemListElement\":[{\"@type\":\"ListItem\",\"position\":1,\"name\":\"Home\",\"item\":\"https:\/\/tammetalu.eu\/lv\/galvena-lapa\/\"},{\"@type\":\"ListItem\",\"position\":2,\"name\":\"Shop\",\"item\":\"https:\/\/tammetalu.eu\/lv\/shop\/\"},{\"@type\":\"ListItem\",\"position\":3,\"name\":\"Siidri\u017eelee m\u00fcndiga 150g\"}]},{\"@type\":\"WebSite\",\"@id\":\"https:\/\/tammetalu.eu\/#website\",\"url\":\"https:\/\/tammetalu.eu\/\",\"name\":\"Tamme talu \u00fcrdiaed\",\"description\":\"K\u00e4sit\u00f6\u00f6na valmistatud tooted \u00fcrtidest, \u00fcrdiistikud, \u00fcrtide kollektsioonaed\",\"publisher\":{\"@id\":\"https:\/\/tammetalu.eu\/#organization\"},\"alternateName\":\"Tamme talu\",\"potentialAction\":[{\"@type\":\"SearchAction\",\"target\":{\"@type\":\"EntryPoint\",\"urlTemplate\":\"https:\/\/tammetalu.eu\/?s={search_term_string}\"},\"query-input\":{\"@type\":\"PropertyValueSpecification\",\"valueRequired\":true,\"valueName\":\"search_term_string\"}}],\"inLanguage\":\"lv-LV\"},{\"@type\":\"Organization\",\"@id\":\"https:\/\/tammetalu.eu\/#organization\",\"name\":\"Tamme talu \u00fcrdiaed\",\"alternateName\":\"Tamme talu\",\"url\":\"https:\/\/tammetalu.eu\/\",\"logo\":{\"@type\":\"ImageObject\",\"inLanguage\":\"lv-LV\",\"@id\":\"https:\/\/tammetalu.eu\/#\/schema\/logo\/image\/\",\"url\":\"https:\/\/tammetalu.eu\/wp-content\/uploads\/2025\/01\/Tamme_talu_urdiaed.png\",\"contentUrl\":\"https:\/\/tammetalu.eu\/wp-content\/uploads\/2025\/01\/Tamme_talu_urdiaed.png\",\"width\":560,\"height\":560,\"caption\":\"Tamme talu \u00fcrdiaed\"},\"image\":{\"@id\":\"https:\/\/tammetalu.eu\/#\/schema\/logo\/image\/\"},\"sameAs\":[\"https:\/\/www.facebook.com\/TammeTaluUrdiaed\/?locale=et_EE\",\"https:\/\/www.instagram.com\/tammetaluurdiaed\/\"]}]}<\/script>\n<!-- \/ Yoast SEO plugin. -->","yoast_head_json":{"title":"Siidri\u017eelee m\u00fcndiga 150g - tammetalu.eu","description":"Eriliselt maitsekas \u017eelee on valmistatud Jaanihanso naturaalsest k\u00e4sit\u00f6\u00f6siidrist. Sobib suurep\u00e4raselt k\u00fclmlauasn\u00e4kkide k\u00f5rvale.","robots":{"index":"index","follow":"follow","max-snippet":"max-snippet:-1","max-image-preview":"max-image-preview:large","max-video-preview":"max-video-preview:-1"},"canonical":"https:\/\/tammetalu.eu\/toode\/siidrizelee-mundiga-150g\/","og_locale":"lv_LV","og_type":"article","og_title":"Siidri\u017eelee m\u00fcndiga 150g - tammetalu.eu","og_description":"Eriliselt maitsekas \u017eelee on valmistatud Jaanihanso naturaalsest k\u00e4sit\u00f6\u00f6siidrist. Sobib suurep\u00e4raselt k\u00fclmlauasn\u00e4kkide k\u00f5rvale.","og_url":"https:\/\/tammetalu.eu\/toode\/siidrizelee-mundiga-150g\/","og_site_name":"Tamme talu \u00fcrdiaed","article_publisher":"https:\/\/www.facebook.com\/TammeTaluUrdiaed\/?locale=et_EE","article_modified_time":"2024-11-10T02:30:32+00:00","og_image":[{"width":960,"height":960,"url":"https:\/\/tammetalu.eu\/wp-content\/uploads\/2022\/08\/Siidrizelee-mundiga.jpg","type":"image\/jpeg"}],"twitter_card":"summary_large_image","twitter_misc":{"Est. reading time":"1 minute"},"schema":{"@context":"https:\/\/schema.org","@graph":[{"@type":"WebPage","@id":"https:\/\/tammetalu.eu\/toode\/siidrizelee-mundiga-150g\/","url":"https:\/\/tammetalu.eu\/toode\/siidrizelee-mundiga-150g\/","name":"Siidri\u017eelee m\u00fcndiga 150g - tammetalu.eu","isPartOf":{"@id":"https:\/\/tammetalu.eu\/#website"},"primaryImageOfPage":{"@id":"https:\/\/tammetalu.eu\/toode\/siidrizelee-mundiga-150g\/#primaryimage"},"image":{"@id":"https:\/\/tammetalu.eu\/toode\/siidrizelee-mundiga-150g\/#primaryimage"},"thumbnailUrl":"https:\/\/tammetalu.eu\/wp-content\/uploads\/2022\/08\/Siidrizelee-mundiga.jpg","datePublished":"2022-08-09T06:03:29+00:00","dateModified":"2024-11-10T02:30:32+00:00","description":"Eriliselt maitsekas \u017eelee on valmistatud Jaanihanso naturaalsest k\u00e4sit\u00f6\u00f6siidrist. Sobib suurep\u00e4raselt k\u00fclmlauasn\u00e4kkide k\u00f5rvale.","breadcrumb":{"@id":"https:\/\/tammetalu.eu\/toode\/siidrizelee-mundiga-150g\/#breadcrumb"},"inLanguage":"lv-LV","potentialAction":[{"@type":"ReadAction","target":["https:\/\/tammetalu.eu\/toode\/siidrizelee-mundiga-150g\/"]}]},{"@type":"ImageObject","inLanguage":"lv-LV","@id":"https:\/\/tammetalu.eu\/toode\/siidrizelee-mundiga-150g\/#primaryimage","url":"https:\/\/tammetalu.eu\/wp-content\/uploads\/2022\/08\/Siidrizelee-mundiga.jpg","contentUrl":"https:\/\/tammetalu.eu\/wp-content\/uploads\/2022\/08\/Siidrizelee-mundiga.jpg","width":960,"height":960,"caption":"Siidri\u017eelee m\u00fcndiga"},{"@type":"BreadcrumbList","@id":"https:\/\/tammetalu.eu\/toode\/siidrizelee-mundiga-150g\/#breadcrumb","itemListElement":[{"@type":"ListItem","position":1,"name":"Home","item":"https:\/\/tammetalu.eu\/lv\/galvena-lapa\/"},{"@type":"ListItem","position":2,"name":"Shop","item":"https:\/\/tammetalu.eu\/lv\/shop\/"},{"@type":"ListItem","position":3,"name":"Siidri\u017eelee m\u00fcndiga 150g"}]},{"@type":"WebSite","@id":"https:\/\/tammetalu.eu\/#website","url":"https:\/\/tammetalu.eu\/","name":"Tamme talu \u00fcrdiaed","description":"K\u00e4sit\u00f6\u00f6na valmistatud tooted \u00fcrtidest, \u00fcrdiistikud, \u00fcrtide kollektsioonaed","publisher":{"@id":"https:\/\/tammetalu.eu\/#organization"},"alternateName":"Tamme talu","potentialAction":[{"@type":"SearchAction","target":{"@type":"EntryPoint","urlTemplate":"https:\/\/tammetalu.eu\/?s={search_term_string}"},"query-input":{"@type":"PropertyValueSpecification","valueRequired":true,"valueName":"search_term_string"}}],"inLanguage":"lv-LV"},{"@type":"Organization","@id":"https:\/\/tammetalu.eu\/#organization","name":"Tamme talu \u00fcrdiaed","alternateName":"Tamme talu","url":"https:\/\/tammetalu.eu\/","logo":{"@type":"ImageObject","inLanguage":"lv-LV","@id":"https:\/\/tammetalu.eu\/#\/schema\/logo\/image\/","url":"https:\/\/tammetalu.eu\/wp-content\/uploads\/2025\/01\/Tamme_talu_urdiaed.png","contentUrl":"https:\/\/tammetalu.eu\/wp-content\/uploads\/2025\/01\/Tamme_talu_urdiaed.png","width":560,"height":560,"caption":"Tamme talu \u00fcrdiaed"},"image":{"@id":"https:\/\/tammetalu.eu\/#\/schema\/logo\/image\/"},"sameAs":["https:\/\/www.facebook.com\/TammeTaluUrdiaed\/?locale=et_EE","https:\/\/www.instagram.com\/tammetaluurdiaed\/"]}]}},"_links":{"self":[{"href":"https:\/\/tammetalu.eu\/lv\/wp-json\/wp\/v2\/product\/15484","targetHints":{"allow":["GET"]}}],"collection":[{"href":"https:\/\/tammetalu.eu\/lv\/wp-json\/wp\/v2\/product"}],"about":[{"href":"https:\/\/tammetalu.eu\/lv\/wp-json\/wp\/v2\/types\/product"}],"wp:featuredmedia":[{"embeddable":true,"href":"https:\/\/tammetalu.eu\/lv\/wp-json\/wp\/v2\/media\/16579"}],"wp:attachment":[{"href":"https:\/\/tammetalu.eu\/lv\/wp-json\/wp\/v2\/media?parent=15484"}],"wp:term":[{"taxonomy":"product_brand","embeddable":true,"href":"https:\/\/tammetalu.eu\/lv\/wp-json\/wp\/v2\/product_brand?post=15484"},{"taxonomy":"product_cat","embeddable":true,"href":"https:\/\/tammetalu.eu\/lv\/wp-json\/wp\/v2\/product_cat?post=15484"},{"taxonomy":"product_tag","embeddable":true,"href":"https:\/\/tammetalu.eu\/lv\/wp-json\/wp\/v2\/product_tag?post=15484"}],"curies":[{"name":"wp","href":"https:\/\/api.w.org\/{rel}","templated":true}]}}