{"id":15543,"date":"2022-08-09T09:03:52","date_gmt":"2022-08-09T06:03:52","guid":{"rendered":"https:\/\/tammetalu.eu?post_type=product&#038;p=15543"},"modified":"2024-07-09T11:00:49","modified_gmt":"2024-07-09T08:00:49","slug":"puraviku-urdisool-85g","status":"publish","type":"product","link":"https:\/\/tammetalu.eu\/lv\/toode\/puraviku-urdisool-85g\/","title":{"rendered":"Puraviku \u00fcrdisool 85g"},"content":{"rendered":"","protected":false},"excerpt":{"rendered":"<p>58,71 \u20ac\/kg<\/p>\n<p>Puraviku \u00fcrdisool muudab erinevad soolased road \u00fclimalt maitsvaks. \u00dcrdisoolale annab h\u00f5rgu puraviku meki naturaalne k\u00fclmkuivatatud puraviku jahu. Kasuta sealiha-, kana-, juurviljatoitude, riisiroogade, pastade, kastmete ja suppide viimase maitsen\u00fcansi andmiseks.<\/p>\n<p>Nipp: Lisa maitseaine toidu valmistamise l\u00f5pus, sest nii s\u00e4ilivad \u00fcrtide ja k\u00fclmkuivatatud puraviku aroomid ning maitse intensiivsemalt.<\/p>\n<p>Koostisosad:\u00a0meresool 48%, sibul, t\u00fc\u00fcmian, k\u00fclmkuivatatud puravik, salvei<\/p>\n<p>Kui\u00a0esimene purk\u00a0on otsa l\u00f5ppenud, soovitame tellida <strong><span style=\"color: #008000;\"><a style=\"color: #008000;\" href=\"https:\/\/tammetalu.eu\/toode\/taitepakend-puraviku-urdisool\/\">t\u00e4itepakendi<\/a><\/span><\/strong>, et purki taast\u00e4ita. Selliselt kulub v\u00e4hem pakendit ja hoiad loodust. Lisaks on soodsam hind.<\/p>\n","protected":false},"featured_media":15743,"template":"","meta":{"_acf_changed":false,"_et_pb_use_builder":"","_et_pb_old_content":"","_et_gb_content_width":"","inline_featured_image":false},"product_brand":[],"product_cat":[177],"product_tag":[],"class_list":{"0":"post-15543","1":"product","2":"type-product","3":"status-publish","4":"has-post-thumbnail","6":"product_cat-urdisoolad","8":"first","9":"instock","10":"taxable","11":"shipping-taxable","12":"purchasable","13":"product-type-simple"},"acf":[],"yoast_head":"<!-- This site is optimized with the Yoast SEO plugin v26.4 - https:\/\/yoast.com\/wordpress\/plugins\/seo\/ -->\n<title>Puraviku \u00fcrdisool 85g - Tamme talu \u00fcrdiaed<\/title>\n<meta name=\"description\" content=\"Puraviku \u00fcrdisool muudab erinevad soolased road \u00fclimalt maitsvaks. \u00dcrdisoolale annab h\u00f5rgu puraviku meki naturaalne k\u00fclmkuivatatud puraviku jahu.\" \/>\n<meta name=\"robots\" content=\"index, follow, max-snippet:-1, max-image-preview:large, max-video-preview:-1\" \/>\n<link rel=\"canonical\" href=\"https:\/\/tammetalu.eu\/toode\/puraviku-urdisool-85g\/\" \/>\n<meta property=\"og:locale\" content=\"lv_LV\" \/>\n<meta property=\"og:type\" content=\"article\" \/>\n<meta property=\"og:title\" content=\"Puraviku \u00fcrdisool 85g - Tamme talu \u00fcrdiaed\" \/>\n<meta property=\"og:description\" content=\"Puraviku \u00fcrdisool muudab erinevad soolased road \u00fclimalt maitsvaks. \u00dcrdisoolale annab h\u00f5rgu puraviku meki naturaalne k\u00fclmkuivatatud puraviku jahu.\" \/>\n<meta property=\"og:url\" content=\"https:\/\/tammetalu.eu\/toode\/puraviku-urdisool-85g\/\" \/>\n<meta property=\"og:site_name\" content=\"Tamme talu \u00fcrdiaed\" \/>\n<meta property=\"article:publisher\" content=\"https:\/\/www.facebook.com\/TammeTaluUrdiaed\/?locale=et_EE\" \/>\n<meta property=\"article:modified_time\" content=\"2024-07-09T08:00:49+00:00\" \/>\n<meta property=\"og:image\" content=\"https:\/\/tammetalu.eu\/wp-content\/uploads\/2022\/08\/Tamme_talu_urdiaed_puraviku_urdisool-6.jpg\" \/>\n\t<meta property=\"og:image:width\" content=\"960\" \/>\n\t<meta property=\"og:image:height\" content=\"960\" \/>\n\t<meta property=\"og:image:type\" content=\"image\/jpeg\" \/>\n<meta name=\"twitter:card\" content=\"summary_large_image\" \/>\n<meta name=\"twitter:label1\" content=\"Est. reading time\" \/>\n\t<meta name=\"twitter:data1\" content=\"1 minute\" \/>\n<script type=\"application\/ld+json\" class=\"yoast-schema-graph\">{\"@context\":\"https:\/\/schema.org\",\"@graph\":[{\"@type\":\"WebPage\",\"@id\":\"https:\/\/tammetalu.eu\/toode\/puraviku-urdisool-85g\/\",\"url\":\"https:\/\/tammetalu.eu\/toode\/puraviku-urdisool-85g\/\",\"name\":\"Puraviku \u00fcrdisool 85g - Tamme talu \u00fcrdiaed\",\"isPartOf\":{\"@id\":\"https:\/\/tammetalu.eu\/#website\"},\"primaryImageOfPage\":{\"@id\":\"https:\/\/tammetalu.eu\/toode\/puraviku-urdisool-85g\/#primaryimage\"},\"image\":{\"@id\":\"https:\/\/tammetalu.eu\/toode\/puraviku-urdisool-85g\/#primaryimage\"},\"thumbnailUrl\":\"https:\/\/tammetalu.eu\/wp-content\/uploads\/2022\/08\/Tamme_talu_urdiaed_puraviku_urdisool-6.jpg\",\"datePublished\":\"2022-08-09T06:03:52+00:00\",\"dateModified\":\"2024-07-09T08:00:49+00:00\",\"description\":\"Puraviku \u00fcrdisool muudab erinevad soolased road \u00fclimalt maitsvaks. \u00dcrdisoolale annab h\u00f5rgu puraviku meki naturaalne k\u00fclmkuivatatud puraviku jahu.\",\"breadcrumb\":{\"@id\":\"https:\/\/tammetalu.eu\/toode\/puraviku-urdisool-85g\/#breadcrumb\"},\"inLanguage\":\"lv-LV\",\"potentialAction\":[{\"@type\":\"ReadAction\",\"target\":[\"https:\/\/tammetalu.eu\/toode\/puraviku-urdisool-85g\/\"]}]},{\"@type\":\"ImageObject\",\"inLanguage\":\"lv-LV\",\"@id\":\"https:\/\/tammetalu.eu\/toode\/puraviku-urdisool-85g\/#primaryimage\",\"url\":\"https:\/\/tammetalu.eu\/wp-content\/uploads\/2022\/08\/Tamme_talu_urdiaed_puraviku_urdisool-6.jpg\",\"contentUrl\":\"https:\/\/tammetalu.eu\/wp-content\/uploads\/2022\/08\/Tamme_talu_urdiaed_puraviku_urdisool-6.jpg\",\"width\":960,\"height\":960},{\"@type\":\"BreadcrumbList\",\"@id\":\"https:\/\/tammetalu.eu\/toode\/puraviku-urdisool-85g\/#breadcrumb\",\"itemListElement\":[{\"@type\":\"ListItem\",\"position\":1,\"name\":\"Home\",\"item\":\"https:\/\/tammetalu.eu\/lv\/galvena-lapa\/\"},{\"@type\":\"ListItem\",\"position\":2,\"name\":\"Shop\",\"item\":\"https:\/\/tammetalu.eu\/lv\/shop\/\"},{\"@type\":\"ListItem\",\"position\":3,\"name\":\"Puraviku \u00fcrdisool 85g\"}]},{\"@type\":\"WebSite\",\"@id\":\"https:\/\/tammetalu.eu\/#website\",\"url\":\"https:\/\/tammetalu.eu\/\",\"name\":\"Tamme talu \u00fcrdiaed\",\"description\":\"K\u00e4sit\u00f6\u00f6na valmistatud tooted \u00fcrtidest, \u00fcrdiistikud, \u00fcrtide kollektsioonaed\",\"publisher\":{\"@id\":\"https:\/\/tammetalu.eu\/#organization\"},\"alternateName\":\"Tamme talu\",\"potentialAction\":[{\"@type\":\"SearchAction\",\"target\":{\"@type\":\"EntryPoint\",\"urlTemplate\":\"https:\/\/tammetalu.eu\/?s={search_term_string}\"},\"query-input\":{\"@type\":\"PropertyValueSpecification\",\"valueRequired\":true,\"valueName\":\"search_term_string\"}}],\"inLanguage\":\"lv-LV\"},{\"@type\":\"Organization\",\"@id\":\"https:\/\/tammetalu.eu\/#organization\",\"name\":\"Tamme talu \u00fcrdiaed\",\"alternateName\":\"Tamme talu\",\"url\":\"https:\/\/tammetalu.eu\/\",\"logo\":{\"@type\":\"ImageObject\",\"inLanguage\":\"lv-LV\",\"@id\":\"https:\/\/tammetalu.eu\/#\/schema\/logo\/image\/\",\"url\":\"https:\/\/tammetalu.eu\/wp-content\/uploads\/2025\/01\/Tamme_talu_urdiaed.png\",\"contentUrl\":\"https:\/\/tammetalu.eu\/wp-content\/uploads\/2025\/01\/Tamme_talu_urdiaed.png\",\"width\":560,\"height\":560,\"caption\":\"Tamme talu \u00fcrdiaed\"},\"image\":{\"@id\":\"https:\/\/tammetalu.eu\/#\/schema\/logo\/image\/\"},\"sameAs\":[\"https:\/\/www.facebook.com\/TammeTaluUrdiaed\/?locale=et_EE\",\"https:\/\/www.instagram.com\/tammetaluurdiaed\/\"]}]}<\/script>\n<!-- \/ Yoast SEO plugin. -->","yoast_head_json":{"title":"Puraviku \u00fcrdisool 85g - Tamme talu \u00fcrdiaed","description":"Puraviku \u00fcrdisool muudab erinevad soolased road \u00fclimalt maitsvaks. \u00dcrdisoolale annab h\u00f5rgu puraviku meki naturaalne k\u00fclmkuivatatud puraviku jahu.","robots":{"index":"index","follow":"follow","max-snippet":"max-snippet:-1","max-image-preview":"max-image-preview:large","max-video-preview":"max-video-preview:-1"},"canonical":"https:\/\/tammetalu.eu\/toode\/puraviku-urdisool-85g\/","og_locale":"lv_LV","og_type":"article","og_title":"Puraviku \u00fcrdisool 85g - Tamme talu \u00fcrdiaed","og_description":"Puraviku \u00fcrdisool muudab erinevad soolased road \u00fclimalt maitsvaks. \u00dcrdisoolale annab h\u00f5rgu puraviku meki naturaalne k\u00fclmkuivatatud puraviku jahu.","og_url":"https:\/\/tammetalu.eu\/toode\/puraviku-urdisool-85g\/","og_site_name":"Tamme talu \u00fcrdiaed","article_publisher":"https:\/\/www.facebook.com\/TammeTaluUrdiaed\/?locale=et_EE","article_modified_time":"2024-07-09T08:00:49+00:00","og_image":[{"width":960,"height":960,"url":"https:\/\/tammetalu.eu\/wp-content\/uploads\/2022\/08\/Tamme_talu_urdiaed_puraviku_urdisool-6.jpg","type":"image\/jpeg"}],"twitter_card":"summary_large_image","twitter_misc":{"Est. reading time":"1 minute"},"schema":{"@context":"https:\/\/schema.org","@graph":[{"@type":"WebPage","@id":"https:\/\/tammetalu.eu\/toode\/puraviku-urdisool-85g\/","url":"https:\/\/tammetalu.eu\/toode\/puraviku-urdisool-85g\/","name":"Puraviku \u00fcrdisool 85g - Tamme talu \u00fcrdiaed","isPartOf":{"@id":"https:\/\/tammetalu.eu\/#website"},"primaryImageOfPage":{"@id":"https:\/\/tammetalu.eu\/toode\/puraviku-urdisool-85g\/#primaryimage"},"image":{"@id":"https:\/\/tammetalu.eu\/toode\/puraviku-urdisool-85g\/#primaryimage"},"thumbnailUrl":"https:\/\/tammetalu.eu\/wp-content\/uploads\/2022\/08\/Tamme_talu_urdiaed_puraviku_urdisool-6.jpg","datePublished":"2022-08-09T06:03:52+00:00","dateModified":"2024-07-09T08:00:49+00:00","description":"Puraviku \u00fcrdisool muudab erinevad soolased road \u00fclimalt maitsvaks. \u00dcrdisoolale annab h\u00f5rgu puraviku meki naturaalne k\u00fclmkuivatatud puraviku jahu.","breadcrumb":{"@id":"https:\/\/tammetalu.eu\/toode\/puraviku-urdisool-85g\/#breadcrumb"},"inLanguage":"lv-LV","potentialAction":[{"@type":"ReadAction","target":["https:\/\/tammetalu.eu\/toode\/puraviku-urdisool-85g\/"]}]},{"@type":"ImageObject","inLanguage":"lv-LV","@id":"https:\/\/tammetalu.eu\/toode\/puraviku-urdisool-85g\/#primaryimage","url":"https:\/\/tammetalu.eu\/wp-content\/uploads\/2022\/08\/Tamme_talu_urdiaed_puraviku_urdisool-6.jpg","contentUrl":"https:\/\/tammetalu.eu\/wp-content\/uploads\/2022\/08\/Tamme_talu_urdiaed_puraviku_urdisool-6.jpg","width":960,"height":960},{"@type":"BreadcrumbList","@id":"https:\/\/tammetalu.eu\/toode\/puraviku-urdisool-85g\/#breadcrumb","itemListElement":[{"@type":"ListItem","position":1,"name":"Home","item":"https:\/\/tammetalu.eu\/lv\/galvena-lapa\/"},{"@type":"ListItem","position":2,"name":"Shop","item":"https:\/\/tammetalu.eu\/lv\/shop\/"},{"@type":"ListItem","position":3,"name":"Puraviku \u00fcrdisool 85g"}]},{"@type":"WebSite","@id":"https:\/\/tammetalu.eu\/#website","url":"https:\/\/tammetalu.eu\/","name":"Tamme talu \u00fcrdiaed","description":"K\u00e4sit\u00f6\u00f6na valmistatud tooted \u00fcrtidest, \u00fcrdiistikud, \u00fcrtide kollektsioonaed","publisher":{"@id":"https:\/\/tammetalu.eu\/#organization"},"alternateName":"Tamme talu","potentialAction":[{"@type":"SearchAction","target":{"@type":"EntryPoint","urlTemplate":"https:\/\/tammetalu.eu\/?s={search_term_string}"},"query-input":{"@type":"PropertyValueSpecification","valueRequired":true,"valueName":"search_term_string"}}],"inLanguage":"lv-LV"},{"@type":"Organization","@id":"https:\/\/tammetalu.eu\/#organization","name":"Tamme talu \u00fcrdiaed","alternateName":"Tamme talu","url":"https:\/\/tammetalu.eu\/","logo":{"@type":"ImageObject","inLanguage":"lv-LV","@id":"https:\/\/tammetalu.eu\/#\/schema\/logo\/image\/","url":"https:\/\/tammetalu.eu\/wp-content\/uploads\/2025\/01\/Tamme_talu_urdiaed.png","contentUrl":"https:\/\/tammetalu.eu\/wp-content\/uploads\/2025\/01\/Tamme_talu_urdiaed.png","width":560,"height":560,"caption":"Tamme talu \u00fcrdiaed"},"image":{"@id":"https:\/\/tammetalu.eu\/#\/schema\/logo\/image\/"},"sameAs":["https:\/\/www.facebook.com\/TammeTaluUrdiaed\/?locale=et_EE","https:\/\/www.instagram.com\/tammetaluurdiaed\/"]}]}},"_links":{"self":[{"href":"https:\/\/tammetalu.eu\/lv\/wp-json\/wp\/v2\/product\/15543","targetHints":{"allow":["GET"]}}],"collection":[{"href":"https:\/\/tammetalu.eu\/lv\/wp-json\/wp\/v2\/product"}],"about":[{"href":"https:\/\/tammetalu.eu\/lv\/wp-json\/wp\/v2\/types\/product"}],"wp:featuredmedia":[{"embeddable":true,"href":"https:\/\/tammetalu.eu\/lv\/wp-json\/wp\/v2\/media\/15743"}],"wp:attachment":[{"href":"https:\/\/tammetalu.eu\/lv\/wp-json\/wp\/v2\/media?parent=15543"}],"wp:term":[{"taxonomy":"product_brand","embeddable":true,"href":"https:\/\/tammetalu.eu\/lv\/wp-json\/wp\/v2\/product_brand?post=15543"},{"taxonomy":"product_cat","embeddable":true,"href":"https:\/\/tammetalu.eu\/lv\/wp-json\/wp\/v2\/product_cat?post=15543"},{"taxonomy":"product_tag","embeddable":true,"href":"https:\/\/tammetalu.eu\/lv\/wp-json\/wp\/v2\/product_tag?post=15543"}],"curies":[{"name":"wp","href":"https:\/\/api.w.org\/{rel}","templated":true}]}}