{"id":15720,"date":"2022-08-09T09:05:01","date_gmt":"2022-08-09T06:05:01","guid":{"rendered":"https:\/\/tammetalu.eu?post_type=product&#038;p=15720"},"modified":"2026-02-02T15:14:58","modified_gmt":"2026-02-02T13:14:58","slug":"kauaoitsev-salvei-joy","status":"publish","type":"product","link":"https:\/\/tammetalu.eu\/lv\/toode\/kauaoitsev-salvei-joy\/","title":{"rendered":"Kaua\u00f5itsev salvei Salvia greggii &#8220;Joy&#8221;"},"content":{"rendered":"","protected":false},"excerpt":{"rendered":"<p>Kaua\u00f5itsev salvei <em>Salvia greggii<\/em> \u201eJoy\u201c<\/p>\n<p>LAT: \u00a0<em>Salvia greggii \u201e<\/em>Joy\u201c<\/p>\n<p>ENG: \u00a0Autumn sage \u201eJoy\u201c<\/p>\n<p>RU: \u00a0\u0428\u0430\u043b\u0444\u0435\u0439 \u201eJoy\u201c<\/p>\n<p>FI: \u00a0Syyssalvia \u201eJoy\u201c<\/p>\n<p>Kaua\u00f5itseva salvei sordil \u201eJoy\u201c on silmatorkavalt hele- ja tumeroosa kirjud ilusad v\u00e4ikesed \u00f5ied ja rohelised v\u00e4heldased lehed.\u00a0 \u00d5itseb rikkalikult kogu suve.\u00a0Lisaks on taimel v\u00e4ga aromaatselt v\u00fcrtsikad musts\u00f5stra l\u00f5hnalised lehed. Salvei on t\u00f5eline p\u00e4ikeses\u00f5ber, mida rohkem p\u00e4ikest, seda rikkalikumalt \u00f5itseb kogu hooaja.\u00a0 Kahjuks ei ole see salvei meie kliimatsoonis peenral kasvades k\u00fclmakindel, kuid oma v\u00e4hen\u00f5udlikkuse t\u00f5ttu sobib suurep\u00e4raselt potitaimena kasvatamiseks nii terrassi- kui r\u00f5dutaimena, kuna siis p\u00e4\u00e4seb taime ilu ja \u00fcllatav l\u00f5hn eriti esile.<\/p>\n<p>Kaua\u00f5itsevad salveid vajavad j\u00f5udsaks kasvuks kuivapoolset kuni parasniisket h\u00e4sti vett l\u00e4bi laskvat aiamulda ja t\u00e4isp\u00e4ikest, kuid lepivad ka poolvarjulise kasvukohaga.<\/p>\n<p>Olen oma pottides kasvavaid taimi v\u00e4ga edukalt \u00fcle talve hoidnud kuivas kasvuhoones.\u00a0 S\u00fcgisel v\u00f5ib katsetada taime edasi kasvatada jahedas siseruumis. Kevadel enne kasvu alustamist soovitan taimed noorendada tugeva tagasil\u00f5ikamisega, see soodustab \u00fchtlasi taimede tihedamat kasvu.<\/p>\n<p>Lehed ja \u00f5ied sobivad teeks ja toitude kaunistamiseks ning maitsestamiseks.<\/p>\n<p>Kaua\u00f5itseval salveil ei ole kirjanduse andmetel m\u00e4rkimisv\u00e4\u00e4rseid raviomadusi, kuid kasutatakse siiski laialdaselt traditsioonilises meditsiinis, eriti infusioonide v\u00f5i keedustena, seede- ja suuprobleemide raviks\u00a0 v\u00f5i verer\u00f5hu alandamiseks ja keskn\u00e4rvis\u00fcsteemi \u00e4revush\u00e4irete vastu v\u00f5itlemiseks ja unetuse korral.<\/p>\n<p>K\u00f5rgus: kuni 0,7 m<\/p>\n<p>\u00d5itsemise aeg: VI-X<\/p>\n<p>Talvekindlus: ei ole talvekindel<\/p>\n<p>Poti suurus: 10-12<\/p>\n","protected":false},"featured_media":15858,"template":"","meta":{"_acf_changed":false,"_et_pb_use_builder":"","_et_pb_old_content":"","_et_gb_content_width":"","inline_featured_image":false},"product_brand":[],"product_cat":[186,196],"product_tag":[],"class_list":{"0":"post-15720","1":"product","2":"type-product","3":"status-publish","4":"has-post-thumbnail","6":"product_cat-maitse-ja-ravimtaimede-istikud","7":"product_cat-salveid","9":"first","10":"outofstock","11":"sale","12":"taxable","13":"shipping-taxable","14":"purchasable","15":"product-type-simple"},"acf":[],"yoast_head":"<!-- This site is optimized with the Yoast SEO plugin v26.4 - https:\/\/yoast.com\/wordpress\/plugins\/seo\/ -->\n<title>Kaua\u00f5itsev salvei Salvia greggii &quot;Joy&quot; - Tamme talu \u00fcrdiaed<\/title>\n<meta name=\"description\" content=\"Silmatorkavalt kaunid v\u00e4iksed roosad \u00f5ied, \u00f5itseb rikkalikult kogu suve.\u00a0P\u00f5\u00f5sasjas kasvukuju. Taime lehtedel on meeldiv musts\u00f5strane l\u00f5hn.\" \/>\n<meta name=\"robots\" content=\"index, follow, max-snippet:-1, max-image-preview:large, max-video-preview:-1\" \/>\n<link rel=\"canonical\" href=\"https:\/\/tammetalu.eu\/toode\/kauaoitsev-salvei-joy\/\" \/>\n<meta property=\"og:locale\" content=\"lv_LV\" \/>\n<meta property=\"og:type\" content=\"article\" \/>\n<meta property=\"og:title\" content=\"Kaua\u00f5itsev salvei Salvia greggii &quot;Joy&quot; - Tamme talu \u00fcrdiaed\" \/>\n<meta property=\"og:description\" content=\"Silmatorkavalt kaunid v\u00e4iksed roosad \u00f5ied, \u00f5itseb rikkalikult kogu suve.\u00a0P\u00f5\u00f5sasjas kasvukuju. Taime lehtedel on meeldiv musts\u00f5strane l\u00f5hn.\" \/>\n<meta property=\"og:url\" content=\"https:\/\/tammetalu.eu\/toode\/kauaoitsev-salvei-joy\/\" \/>\n<meta property=\"og:site_name\" content=\"Tamme talu \u00fcrdiaed\" \/>\n<meta property=\"article:publisher\" content=\"https:\/\/www.facebook.com\/TammeTaluUrdiaed\/?locale=et_EE\" \/>\n<meta property=\"article:modified_time\" content=\"2026-02-02T13:14:58+00:00\" \/>\n<meta property=\"og:image\" content=\"https:\/\/tammetalu.eu\/wp-content\/uploads\/2022\/08\/Sugissalvei_joy-5.jpg\" \/>\n\t<meta property=\"og:image:width\" content=\"1024\" \/>\n\t<meta property=\"og:image:height\" content=\"1024\" \/>\n\t<meta property=\"og:image:type\" content=\"image\/jpeg\" \/>\n<meta name=\"twitter:card\" content=\"summary_large_image\" \/>\n<meta name=\"twitter:label1\" content=\"Est. reading time\" \/>\n\t<meta name=\"twitter:data1\" content=\"1 minute\" \/>\n<script type=\"application\/ld+json\" class=\"yoast-schema-graph\">{\"@context\":\"https:\/\/schema.org\",\"@graph\":[{\"@type\":\"WebPage\",\"@id\":\"https:\/\/tammetalu.eu\/toode\/kauaoitsev-salvei-joy\/\",\"url\":\"https:\/\/tammetalu.eu\/toode\/kauaoitsev-salvei-joy\/\",\"name\":\"Kaua\u00f5itsev salvei Salvia greggii \\\"Joy\\\" - Tamme talu \u00fcrdiaed\",\"isPartOf\":{\"@id\":\"https:\/\/tammetalu.eu\/#website\"},\"primaryImageOfPage\":{\"@id\":\"https:\/\/tammetalu.eu\/toode\/kauaoitsev-salvei-joy\/#primaryimage\"},\"image\":{\"@id\":\"https:\/\/tammetalu.eu\/toode\/kauaoitsev-salvei-joy\/#primaryimage\"},\"thumbnailUrl\":\"https:\/\/tammetalu.eu\/wp-content\/uploads\/2022\/08\/Sugissalvei_joy-5.jpg\",\"datePublished\":\"2022-08-09T06:05:01+00:00\",\"dateModified\":\"2026-02-02T13:14:58+00:00\",\"description\":\"Silmatorkavalt kaunid v\u00e4iksed roosad \u00f5ied, \u00f5itseb rikkalikult kogu suve.\u00a0P\u00f5\u00f5sasjas kasvukuju. Taime lehtedel on meeldiv musts\u00f5strane l\u00f5hn.\",\"breadcrumb\":{\"@id\":\"https:\/\/tammetalu.eu\/toode\/kauaoitsev-salvei-joy\/#breadcrumb\"},\"inLanguage\":\"lv-LV\",\"potentialAction\":[{\"@type\":\"ReadAction\",\"target\":[\"https:\/\/tammetalu.eu\/toode\/kauaoitsev-salvei-joy\/\"]}]},{\"@type\":\"ImageObject\",\"inLanguage\":\"lv-LV\",\"@id\":\"https:\/\/tammetalu.eu\/toode\/kauaoitsev-salvei-joy\/#primaryimage\",\"url\":\"https:\/\/tammetalu.eu\/wp-content\/uploads\/2022\/08\/Sugissalvei_joy-5.jpg\",\"contentUrl\":\"https:\/\/tammetalu.eu\/wp-content\/uploads\/2022\/08\/Sugissalvei_joy-5.jpg\",\"width\":1024,\"height\":1024},{\"@type\":\"BreadcrumbList\",\"@id\":\"https:\/\/tammetalu.eu\/toode\/kauaoitsev-salvei-joy\/#breadcrumb\",\"itemListElement\":[{\"@type\":\"ListItem\",\"position\":1,\"name\":\"Home\",\"item\":\"https:\/\/tammetalu.eu\/lv\/galvena-lapa\/\"},{\"@type\":\"ListItem\",\"position\":2,\"name\":\"Shop\",\"item\":\"https:\/\/tammetalu.eu\/lv\/shop\/\"},{\"@type\":\"ListItem\",\"position\":3,\"name\":\"Kaua\u00f5itsev salvei Salvia greggii &#8220;Joy&#8221;\"}]},{\"@type\":\"WebSite\",\"@id\":\"https:\/\/tammetalu.eu\/#website\",\"url\":\"https:\/\/tammetalu.eu\/\",\"name\":\"Tamme talu \u00fcrdiaed\",\"description\":\"K\u00e4sit\u00f6\u00f6na valmistatud tooted \u00fcrtidest, \u00fcrdiistikud, \u00fcrtide kollektsioonaed\",\"publisher\":{\"@id\":\"https:\/\/tammetalu.eu\/#organization\"},\"alternateName\":\"Tamme talu\",\"potentialAction\":[{\"@type\":\"SearchAction\",\"target\":{\"@type\":\"EntryPoint\",\"urlTemplate\":\"https:\/\/tammetalu.eu\/?s={search_term_string}\"},\"query-input\":{\"@type\":\"PropertyValueSpecification\",\"valueRequired\":true,\"valueName\":\"search_term_string\"}}],\"inLanguage\":\"lv-LV\"},{\"@type\":\"Organization\",\"@id\":\"https:\/\/tammetalu.eu\/#organization\",\"name\":\"Tamme talu \u00fcrdiaed\",\"alternateName\":\"Tamme talu\",\"url\":\"https:\/\/tammetalu.eu\/\",\"logo\":{\"@type\":\"ImageObject\",\"inLanguage\":\"lv-LV\",\"@id\":\"https:\/\/tammetalu.eu\/#\/schema\/logo\/image\/\",\"url\":\"https:\/\/tammetalu.eu\/wp-content\/uploads\/2025\/01\/Tamme_talu_urdiaed.png\",\"contentUrl\":\"https:\/\/tammetalu.eu\/wp-content\/uploads\/2025\/01\/Tamme_talu_urdiaed.png\",\"width\":560,\"height\":560,\"caption\":\"Tamme talu \u00fcrdiaed\"},\"image\":{\"@id\":\"https:\/\/tammetalu.eu\/#\/schema\/logo\/image\/\"},\"sameAs\":[\"https:\/\/www.facebook.com\/TammeTaluUrdiaed\/?locale=et_EE\",\"https:\/\/www.instagram.com\/tammetaluurdiaed\/\"]}]}<\/script>\n<!-- \/ Yoast SEO plugin. -->","yoast_head_json":{"title":"Kaua\u00f5itsev salvei Salvia greggii \"Joy\" - Tamme talu \u00fcrdiaed","description":"Silmatorkavalt kaunid v\u00e4iksed roosad \u00f5ied, \u00f5itseb rikkalikult kogu suve.\u00a0P\u00f5\u00f5sasjas kasvukuju. Taime lehtedel on meeldiv musts\u00f5strane l\u00f5hn.","robots":{"index":"index","follow":"follow","max-snippet":"max-snippet:-1","max-image-preview":"max-image-preview:large","max-video-preview":"max-video-preview:-1"},"canonical":"https:\/\/tammetalu.eu\/toode\/kauaoitsev-salvei-joy\/","og_locale":"lv_LV","og_type":"article","og_title":"Kaua\u00f5itsev salvei Salvia greggii \"Joy\" - Tamme talu \u00fcrdiaed","og_description":"Silmatorkavalt kaunid v\u00e4iksed roosad \u00f5ied, \u00f5itseb rikkalikult kogu suve.\u00a0P\u00f5\u00f5sasjas kasvukuju. Taime lehtedel on meeldiv musts\u00f5strane l\u00f5hn.","og_url":"https:\/\/tammetalu.eu\/toode\/kauaoitsev-salvei-joy\/","og_site_name":"Tamme talu \u00fcrdiaed","article_publisher":"https:\/\/www.facebook.com\/TammeTaluUrdiaed\/?locale=et_EE","article_modified_time":"2026-02-02T13:14:58+00:00","og_image":[{"width":1024,"height":1024,"url":"https:\/\/tammetalu.eu\/wp-content\/uploads\/2022\/08\/Sugissalvei_joy-5.jpg","type":"image\/jpeg"}],"twitter_card":"summary_large_image","twitter_misc":{"Est. reading time":"1 minute"},"schema":{"@context":"https:\/\/schema.org","@graph":[{"@type":"WebPage","@id":"https:\/\/tammetalu.eu\/toode\/kauaoitsev-salvei-joy\/","url":"https:\/\/tammetalu.eu\/toode\/kauaoitsev-salvei-joy\/","name":"Kaua\u00f5itsev salvei Salvia greggii \"Joy\" - Tamme talu \u00fcrdiaed","isPartOf":{"@id":"https:\/\/tammetalu.eu\/#website"},"primaryImageOfPage":{"@id":"https:\/\/tammetalu.eu\/toode\/kauaoitsev-salvei-joy\/#primaryimage"},"image":{"@id":"https:\/\/tammetalu.eu\/toode\/kauaoitsev-salvei-joy\/#primaryimage"},"thumbnailUrl":"https:\/\/tammetalu.eu\/wp-content\/uploads\/2022\/08\/Sugissalvei_joy-5.jpg","datePublished":"2022-08-09T06:05:01+00:00","dateModified":"2026-02-02T13:14:58+00:00","description":"Silmatorkavalt kaunid v\u00e4iksed roosad \u00f5ied, \u00f5itseb rikkalikult kogu suve.\u00a0P\u00f5\u00f5sasjas kasvukuju. Taime lehtedel on meeldiv musts\u00f5strane l\u00f5hn.","breadcrumb":{"@id":"https:\/\/tammetalu.eu\/toode\/kauaoitsev-salvei-joy\/#breadcrumb"},"inLanguage":"lv-LV","potentialAction":[{"@type":"ReadAction","target":["https:\/\/tammetalu.eu\/toode\/kauaoitsev-salvei-joy\/"]}]},{"@type":"ImageObject","inLanguage":"lv-LV","@id":"https:\/\/tammetalu.eu\/toode\/kauaoitsev-salvei-joy\/#primaryimage","url":"https:\/\/tammetalu.eu\/wp-content\/uploads\/2022\/08\/Sugissalvei_joy-5.jpg","contentUrl":"https:\/\/tammetalu.eu\/wp-content\/uploads\/2022\/08\/Sugissalvei_joy-5.jpg","width":1024,"height":1024},{"@type":"BreadcrumbList","@id":"https:\/\/tammetalu.eu\/toode\/kauaoitsev-salvei-joy\/#breadcrumb","itemListElement":[{"@type":"ListItem","position":1,"name":"Home","item":"https:\/\/tammetalu.eu\/lv\/galvena-lapa\/"},{"@type":"ListItem","position":2,"name":"Shop","item":"https:\/\/tammetalu.eu\/lv\/shop\/"},{"@type":"ListItem","position":3,"name":"Kaua\u00f5itsev salvei Salvia greggii &#8220;Joy&#8221;"}]},{"@type":"WebSite","@id":"https:\/\/tammetalu.eu\/#website","url":"https:\/\/tammetalu.eu\/","name":"Tamme talu \u00fcrdiaed","description":"K\u00e4sit\u00f6\u00f6na valmistatud tooted \u00fcrtidest, \u00fcrdiistikud, \u00fcrtide kollektsioonaed","publisher":{"@id":"https:\/\/tammetalu.eu\/#organization"},"alternateName":"Tamme talu","potentialAction":[{"@type":"SearchAction","target":{"@type":"EntryPoint","urlTemplate":"https:\/\/tammetalu.eu\/?s={search_term_string}"},"query-input":{"@type":"PropertyValueSpecification","valueRequired":true,"valueName":"search_term_string"}}],"inLanguage":"lv-LV"},{"@type":"Organization","@id":"https:\/\/tammetalu.eu\/#organization","name":"Tamme talu \u00fcrdiaed","alternateName":"Tamme talu","url":"https:\/\/tammetalu.eu\/","logo":{"@type":"ImageObject","inLanguage":"lv-LV","@id":"https:\/\/tammetalu.eu\/#\/schema\/logo\/image\/","url":"https:\/\/tammetalu.eu\/wp-content\/uploads\/2025\/01\/Tamme_talu_urdiaed.png","contentUrl":"https:\/\/tammetalu.eu\/wp-content\/uploads\/2025\/01\/Tamme_talu_urdiaed.png","width":560,"height":560,"caption":"Tamme talu \u00fcrdiaed"},"image":{"@id":"https:\/\/tammetalu.eu\/#\/schema\/logo\/image\/"},"sameAs":["https:\/\/www.facebook.com\/TammeTaluUrdiaed\/?locale=et_EE","https:\/\/www.instagram.com\/tammetaluurdiaed\/"]}]}},"_links":{"self":[{"href":"https:\/\/tammetalu.eu\/lv\/wp-json\/wp\/v2\/product\/15720","targetHints":{"allow":["GET"]}}],"collection":[{"href":"https:\/\/tammetalu.eu\/lv\/wp-json\/wp\/v2\/product"}],"about":[{"href":"https:\/\/tammetalu.eu\/lv\/wp-json\/wp\/v2\/types\/product"}],"wp:featuredmedia":[{"embeddable":true,"href":"https:\/\/tammetalu.eu\/lv\/wp-json\/wp\/v2\/media\/15858"}],"wp:attachment":[{"href":"https:\/\/tammetalu.eu\/lv\/wp-json\/wp\/v2\/media?parent=15720"}],"wp:term":[{"taxonomy":"product_brand","embeddable":true,"href":"https:\/\/tammetalu.eu\/lv\/wp-json\/wp\/v2\/product_brand?post=15720"},{"taxonomy":"product_cat","embeddable":true,"href":"https:\/\/tammetalu.eu\/lv\/wp-json\/wp\/v2\/product_cat?post=15720"},{"taxonomy":"product_tag","embeddable":true,"href":"https:\/\/tammetalu.eu\/lv\/wp-json\/wp\/v2\/product_tag?post=15720"}],"curies":[{"name":"wp","href":"https:\/\/api.w.org\/{rel}","templated":true}]}}