{"id":15780,"date":"2022-08-09T09:05:30","date_gmt":"2022-08-09T06:05:30","guid":{"rendered":"https:\/\/tammetalu.eu?post_type=product&#038;p=15780"},"modified":"2026-04-14T21:08:18","modified_gmt":"2026-04-14T18:08:18","slug":"mugul-janesekapsas","status":"publish","type":"product","link":"https:\/\/tammetalu.eu\/lv\/toode\/mugul-janesekapsas\/","title":{"rendered":"Mugul-j\u00e4nesekapsas ehk oka"},"content":{"rendered":"","protected":false},"excerpt":{"rendered":"<p><em>Oxalis tuberosa<\/em><\/p>\n<p>Uus ja huvitav k\u00f6\u00f6givili, lisaks veel peenral ilus ka! \u00d5itseb kollaste v\u00e4ikeste \u00f5itega suve teises pooles. Lehed nagu j\u00e4nesekapsal, kuid lehtede v\u00e4rv on hallika varjundiga tumeroheline.<\/p>\n<p>Mugul-j\u00e4nesekapsas eelistab parasniiskes viljakat aiamulda, kuid lepib ka kuivemapoolse mullaga. Puhmas v\u00f5ib kasvada kuni 1 m k\u00f5rguseks. Mugul-j\u00e4nesekapsas eelistab kasvamiseks varjulist kuni poolvarjulist kasvukohta.<\/p>\n<p>Sobib kasvatamiseks r\u00f5dul ja terrassil\u00a0 suuremas potis, mille l\u00e4bim\u00f5\u00f5t on v\u00e4hemalt 30 cm. Taimed istutatakse v\u00e4lja peale \u00f6\u00f6k\u00fclmade ohu m\u00f6\u00f6dumist. S\u00f6\u00f6giks sobivad mugulad, noored v\u00f5rsed ja lehed. Mugulad hakkavad moodustuma suve l\u00f5pul, \u00f6\u00f6k\u00fclmade eest tuleb taimi kaitsta kattelooriga. Mugulad on paras aeg \u00fcles v\u00f5tta oktoobris-novembris.<\/p>\n<p>Mugulad meenutavad maitselt veidi sidrunit. Neid v\u00f5ib s\u00fc\u00fca toorelt, praetult, k\u00fcpsetatult. Mugulaid ei pea koorima. S\u00e4ilitada saab mugulaid k\u00fclmkapis. Oka mugulad sisaldavad rikkalikult C-vitamiini, rauda ja kaaliumi.<\/p>\n<p>J\u00e4nesekapsaste kasvatamise ja kasutamise kohta loe l\u00e4hemalt <span style=\"color: #008000;\"><a style=\"color: #008000;\" href=\"https:\/\/tammetalu.eu\/janesekapsad-blogipostitus\/\">Tamme talu \u00fcrdiaia blogist<\/a><\/span>.<\/p>\n","protected":false},"featured_media":15908,"template":"","meta":{"_acf_changed":false,"_et_pb_use_builder":"","_et_pb_old_content":"","_et_gb_content_width":"","inline_featured_image":false},"product_brand":[],"product_cat":[247,186,206],"product_tag":[],"class_list":{"0":"post-15780","1":"product","2":"type-product","3":"status-publish","4":"has-post-thumbnail","6":"product_cat-rohenappude-lemmikud","7":"product_cat-maitse-ja-ravimtaimede-istikud","8":"product_cat-janesekapsad","10":"first","11":"instock","12":"sale","13":"taxable","14":"shipping-taxable","15":"purchasable","16":"product-type-simple"},"acf":[],"yoast_head":"<!-- This site is optimized with the Yoast SEO plugin v26.4 - https:\/\/yoast.com\/wordpress\/plugins\/seo\/ -->\n<title>Mugul-j\u00e4nesekapsas ehk oka - Tamme talu \u00fcrdiaed<\/title>\n<meta name=\"description\" content=\"Uus ja huvitav k\u00f6\u00f6givili, lisaks veel peenral ilus ka! \u00d5itseb kollaste v\u00e4ikeste \u00f5itega suve teises pooles. Lehed nagu j\u00e4nesekapsal.\" \/>\n<meta name=\"robots\" content=\"index, follow, max-snippet:-1, max-image-preview:large, max-video-preview:-1\" \/>\n<link rel=\"canonical\" href=\"https:\/\/tammetalu.eu\/toode\/mugul-janesekapsas\/\" \/>\n<meta property=\"og:locale\" content=\"lv_LV\" \/>\n<meta property=\"og:type\" content=\"article\" \/>\n<meta property=\"og:title\" content=\"Mugul-j\u00e4nesekapsas ehk oka - Tamme talu \u00fcrdiaed\" \/>\n<meta property=\"og:description\" content=\"Uus ja huvitav k\u00f6\u00f6givili, lisaks veel peenral ilus ka! \u00d5itseb kollaste v\u00e4ikeste \u00f5itega suve teises pooles. Lehed nagu j\u00e4nesekapsal.\" \/>\n<meta property=\"og:url\" content=\"https:\/\/tammetalu.eu\/toode\/mugul-janesekapsas\/\" \/>\n<meta property=\"og:site_name\" content=\"Tamme talu \u00fcrdiaed\" \/>\n<meta property=\"article:publisher\" content=\"https:\/\/www.facebook.com\/TammeTaluUrdiaed\/?locale=et_EE\" \/>\n<meta property=\"article:modified_time\" content=\"2026-04-14T18:08:18+00:00\" \/>\n<meta property=\"og:image\" content=\"https:\/\/tammetalu.eu\/wp-content\/uploads\/2022\/08\/Mugul_janesekapsas-5.jpeg\" \/>\n\t<meta property=\"og:image:width\" content=\"1024\" \/>\n\t<meta property=\"og:image:height\" content=\"909\" \/>\n\t<meta property=\"og:image:type\" content=\"image\/jpeg\" \/>\n<meta name=\"twitter:card\" content=\"summary_large_image\" \/>\n<meta name=\"twitter:label1\" content=\"Est. reading time\" \/>\n\t<meta name=\"twitter:data1\" content=\"1 minute\" \/>\n<script type=\"application\/ld+json\" class=\"yoast-schema-graph\">{\"@context\":\"https:\/\/schema.org\",\"@graph\":[{\"@type\":\"WebPage\",\"@id\":\"https:\/\/tammetalu.eu\/toode\/mugul-janesekapsas\/\",\"url\":\"https:\/\/tammetalu.eu\/toode\/mugul-janesekapsas\/\",\"name\":\"Mugul-j\u00e4nesekapsas ehk oka - Tamme talu \u00fcrdiaed\",\"isPartOf\":{\"@id\":\"https:\/\/tammetalu.eu\/#website\"},\"primaryImageOfPage\":{\"@id\":\"https:\/\/tammetalu.eu\/toode\/mugul-janesekapsas\/#primaryimage\"},\"image\":{\"@id\":\"https:\/\/tammetalu.eu\/toode\/mugul-janesekapsas\/#primaryimage\"},\"thumbnailUrl\":\"https:\/\/tammetalu.eu\/wp-content\/uploads\/2022\/08\/Mugul_janesekapsas-5.jpeg\",\"datePublished\":\"2022-08-09T06:05:30+00:00\",\"dateModified\":\"2026-04-14T18:08:18+00:00\",\"description\":\"Uus ja huvitav k\u00f6\u00f6givili, lisaks veel peenral ilus ka! \u00d5itseb kollaste v\u00e4ikeste \u00f5itega suve teises pooles. Lehed nagu j\u00e4nesekapsal.\",\"breadcrumb\":{\"@id\":\"https:\/\/tammetalu.eu\/toode\/mugul-janesekapsas\/#breadcrumb\"},\"inLanguage\":\"lv-LV\",\"potentialAction\":[{\"@type\":\"ReadAction\",\"target\":[\"https:\/\/tammetalu.eu\/toode\/mugul-janesekapsas\/\"]}]},{\"@type\":\"ImageObject\",\"inLanguage\":\"lv-LV\",\"@id\":\"https:\/\/tammetalu.eu\/toode\/mugul-janesekapsas\/#primaryimage\",\"url\":\"https:\/\/tammetalu.eu\/wp-content\/uploads\/2022\/08\/Mugul_janesekapsas-5.jpeg\",\"contentUrl\":\"https:\/\/tammetalu.eu\/wp-content\/uploads\/2022\/08\/Mugul_janesekapsas-5.jpeg\",\"width\":1024,\"height\":909},{\"@type\":\"BreadcrumbList\",\"@id\":\"https:\/\/tammetalu.eu\/toode\/mugul-janesekapsas\/#breadcrumb\",\"itemListElement\":[{\"@type\":\"ListItem\",\"position\":1,\"name\":\"Home\",\"item\":\"https:\/\/tammetalu.eu\/lv\/galvena-lapa\/\"},{\"@type\":\"ListItem\",\"position\":2,\"name\":\"Shop\",\"item\":\"https:\/\/tammetalu.eu\/lv\/shop\/\"},{\"@type\":\"ListItem\",\"position\":3,\"name\":\"Mugul-j\u00e4nesekapsas ehk oka\"}]},{\"@type\":\"WebSite\",\"@id\":\"https:\/\/tammetalu.eu\/#website\",\"url\":\"https:\/\/tammetalu.eu\/\",\"name\":\"Tamme talu \u00fcrdiaed\",\"description\":\"K\u00e4sit\u00f6\u00f6na valmistatud tooted \u00fcrtidest, \u00fcrdiistikud, \u00fcrtide kollektsioonaed\",\"publisher\":{\"@id\":\"https:\/\/tammetalu.eu\/#organization\"},\"alternateName\":\"Tamme talu\",\"potentialAction\":[{\"@type\":\"SearchAction\",\"target\":{\"@type\":\"EntryPoint\",\"urlTemplate\":\"https:\/\/tammetalu.eu\/?s={search_term_string}\"},\"query-input\":{\"@type\":\"PropertyValueSpecification\",\"valueRequired\":true,\"valueName\":\"search_term_string\"}}],\"inLanguage\":\"lv-LV\"},{\"@type\":\"Organization\",\"@id\":\"https:\/\/tammetalu.eu\/#organization\",\"name\":\"Tamme talu \u00fcrdiaed\",\"alternateName\":\"Tamme talu\",\"url\":\"https:\/\/tammetalu.eu\/\",\"logo\":{\"@type\":\"ImageObject\",\"inLanguage\":\"lv-LV\",\"@id\":\"https:\/\/tammetalu.eu\/#\/schema\/logo\/image\/\",\"url\":\"https:\/\/tammetalu.eu\/wp-content\/uploads\/2025\/01\/Tamme_talu_urdiaed.png\",\"contentUrl\":\"https:\/\/tammetalu.eu\/wp-content\/uploads\/2025\/01\/Tamme_talu_urdiaed.png\",\"width\":560,\"height\":560,\"caption\":\"Tamme talu \u00fcrdiaed\"},\"image\":{\"@id\":\"https:\/\/tammetalu.eu\/#\/schema\/logo\/image\/\"},\"sameAs\":[\"https:\/\/www.facebook.com\/TammeTaluUrdiaed\/?locale=et_EE\",\"https:\/\/www.instagram.com\/tammetaluurdiaed\/\"]}]}<\/script>\n<!-- \/ Yoast SEO plugin. -->","yoast_head_json":{"title":"Mugul-j\u00e4nesekapsas ehk oka - Tamme talu \u00fcrdiaed","description":"Uus ja huvitav k\u00f6\u00f6givili, lisaks veel peenral ilus ka! \u00d5itseb kollaste v\u00e4ikeste \u00f5itega suve teises pooles. Lehed nagu j\u00e4nesekapsal.","robots":{"index":"index","follow":"follow","max-snippet":"max-snippet:-1","max-image-preview":"max-image-preview:large","max-video-preview":"max-video-preview:-1"},"canonical":"https:\/\/tammetalu.eu\/toode\/mugul-janesekapsas\/","og_locale":"lv_LV","og_type":"article","og_title":"Mugul-j\u00e4nesekapsas ehk oka - Tamme talu \u00fcrdiaed","og_description":"Uus ja huvitav k\u00f6\u00f6givili, lisaks veel peenral ilus ka! \u00d5itseb kollaste v\u00e4ikeste \u00f5itega suve teises pooles. Lehed nagu j\u00e4nesekapsal.","og_url":"https:\/\/tammetalu.eu\/toode\/mugul-janesekapsas\/","og_site_name":"Tamme talu \u00fcrdiaed","article_publisher":"https:\/\/www.facebook.com\/TammeTaluUrdiaed\/?locale=et_EE","article_modified_time":"2026-04-14T18:08:18+00:00","og_image":[{"width":1024,"height":909,"url":"https:\/\/tammetalu.eu\/wp-content\/uploads\/2022\/08\/Mugul_janesekapsas-5.jpeg","type":"image\/jpeg"}],"twitter_card":"summary_large_image","twitter_misc":{"Est. reading time":"1 minute"},"schema":{"@context":"https:\/\/schema.org","@graph":[{"@type":"WebPage","@id":"https:\/\/tammetalu.eu\/toode\/mugul-janesekapsas\/","url":"https:\/\/tammetalu.eu\/toode\/mugul-janesekapsas\/","name":"Mugul-j\u00e4nesekapsas ehk oka - Tamme talu \u00fcrdiaed","isPartOf":{"@id":"https:\/\/tammetalu.eu\/#website"},"primaryImageOfPage":{"@id":"https:\/\/tammetalu.eu\/toode\/mugul-janesekapsas\/#primaryimage"},"image":{"@id":"https:\/\/tammetalu.eu\/toode\/mugul-janesekapsas\/#primaryimage"},"thumbnailUrl":"https:\/\/tammetalu.eu\/wp-content\/uploads\/2022\/08\/Mugul_janesekapsas-5.jpeg","datePublished":"2022-08-09T06:05:30+00:00","dateModified":"2026-04-14T18:08:18+00:00","description":"Uus ja huvitav k\u00f6\u00f6givili, lisaks veel peenral ilus ka! \u00d5itseb kollaste v\u00e4ikeste \u00f5itega suve teises pooles. Lehed nagu j\u00e4nesekapsal.","breadcrumb":{"@id":"https:\/\/tammetalu.eu\/toode\/mugul-janesekapsas\/#breadcrumb"},"inLanguage":"lv-LV","potentialAction":[{"@type":"ReadAction","target":["https:\/\/tammetalu.eu\/toode\/mugul-janesekapsas\/"]}]},{"@type":"ImageObject","inLanguage":"lv-LV","@id":"https:\/\/tammetalu.eu\/toode\/mugul-janesekapsas\/#primaryimage","url":"https:\/\/tammetalu.eu\/wp-content\/uploads\/2022\/08\/Mugul_janesekapsas-5.jpeg","contentUrl":"https:\/\/tammetalu.eu\/wp-content\/uploads\/2022\/08\/Mugul_janesekapsas-5.jpeg","width":1024,"height":909},{"@type":"BreadcrumbList","@id":"https:\/\/tammetalu.eu\/toode\/mugul-janesekapsas\/#breadcrumb","itemListElement":[{"@type":"ListItem","position":1,"name":"Home","item":"https:\/\/tammetalu.eu\/lv\/galvena-lapa\/"},{"@type":"ListItem","position":2,"name":"Shop","item":"https:\/\/tammetalu.eu\/lv\/shop\/"},{"@type":"ListItem","position":3,"name":"Mugul-j\u00e4nesekapsas ehk oka"}]},{"@type":"WebSite","@id":"https:\/\/tammetalu.eu\/#website","url":"https:\/\/tammetalu.eu\/","name":"Tamme talu \u00fcrdiaed","description":"K\u00e4sit\u00f6\u00f6na valmistatud tooted \u00fcrtidest, \u00fcrdiistikud, \u00fcrtide kollektsioonaed","publisher":{"@id":"https:\/\/tammetalu.eu\/#organization"},"alternateName":"Tamme talu","potentialAction":[{"@type":"SearchAction","target":{"@type":"EntryPoint","urlTemplate":"https:\/\/tammetalu.eu\/?s={search_term_string}"},"query-input":{"@type":"PropertyValueSpecification","valueRequired":true,"valueName":"search_term_string"}}],"inLanguage":"lv-LV"},{"@type":"Organization","@id":"https:\/\/tammetalu.eu\/#organization","name":"Tamme talu \u00fcrdiaed","alternateName":"Tamme talu","url":"https:\/\/tammetalu.eu\/","logo":{"@type":"ImageObject","inLanguage":"lv-LV","@id":"https:\/\/tammetalu.eu\/#\/schema\/logo\/image\/","url":"https:\/\/tammetalu.eu\/wp-content\/uploads\/2025\/01\/Tamme_talu_urdiaed.png","contentUrl":"https:\/\/tammetalu.eu\/wp-content\/uploads\/2025\/01\/Tamme_talu_urdiaed.png","width":560,"height":560,"caption":"Tamme talu \u00fcrdiaed"},"image":{"@id":"https:\/\/tammetalu.eu\/#\/schema\/logo\/image\/"},"sameAs":["https:\/\/www.facebook.com\/TammeTaluUrdiaed\/?locale=et_EE","https:\/\/www.instagram.com\/tammetaluurdiaed\/"]}]}},"_links":{"self":[{"href":"https:\/\/tammetalu.eu\/lv\/wp-json\/wp\/v2\/product\/15780","targetHints":{"allow":["GET"]}}],"collection":[{"href":"https:\/\/tammetalu.eu\/lv\/wp-json\/wp\/v2\/product"}],"about":[{"href":"https:\/\/tammetalu.eu\/lv\/wp-json\/wp\/v2\/types\/product"}],"wp:featuredmedia":[{"embeddable":true,"href":"https:\/\/tammetalu.eu\/lv\/wp-json\/wp\/v2\/media\/15908"}],"wp:attachment":[{"href":"https:\/\/tammetalu.eu\/lv\/wp-json\/wp\/v2\/media?parent=15780"}],"wp:term":[{"taxonomy":"product_brand","embeddable":true,"href":"https:\/\/tammetalu.eu\/lv\/wp-json\/wp\/v2\/product_brand?post=15780"},{"taxonomy":"product_cat","embeddable":true,"href":"https:\/\/tammetalu.eu\/lv\/wp-json\/wp\/v2\/product_cat?post=15780"},{"taxonomy":"product_tag","embeddable":true,"href":"https:\/\/tammetalu.eu\/lv\/wp-json\/wp\/v2\/product_tag?post=15780"}],"curies":[{"name":"wp","href":"https:\/\/api.w.org\/{rel}","templated":true}]}}