{"id":15998,"date":"2022-08-09T09:08:13","date_gmt":"2022-08-09T06:08:13","guid":{"rendered":"https:\/\/tammetalu.eu?post_type=product&#038;p=15998"},"modified":"2026-05-08T13:20:10","modified_gmt":"2026-05-08T10:20:10","slug":"soodav-jakoonijuur","status":"publish","type":"product","link":"https:\/\/tammetalu.eu\/lv\/toode\/soodav-jakoonijuur\/","title":{"rendered":"S\u00f6\u00f6dav jakoonijuur Smallanthus sonchifolius"},"content":{"rendered":"","protected":false},"excerpt":{"rendered":"<p>LAT:\u00a0 <em>Smallanthus sonchifolius<\/em><\/p>\n<p>ENG:\u00a0 Yacon<\/p>\n<p>RU: \u044f\u043a\u043e\u043d<\/p>\n<p>FI:\u00a0\u00a0 Yacon-juuri<\/p>\n<p>Magus ja kr\u00f5mps jakoonijuur on Peruu indiaanlaste p\u00f5line toidutaim, mida on lihtne kasvatada \u00fcheaastasena ka Eesti kliimas. Heades kasvuoludes ja k\u00fcllaldase mullaviljakuse korral v\u00f5ib jakoonijuur sirguda suve jooksul pea paarimeetriseks.<\/p>\n<p>Taime maapealne osa meenutab v\u00e4ga p\u00e4evalille ja maa-alune daaliat. \u00a0Jakoonijuurel on veidi karvased lopsakad lehed ja kollane, v\u00e4ikest p\u00e4evalille meenutav \u00f5is. \u00a0Oma aias jakoonijuurt kasvatades ei ole ma haiguseid ja kahjureid t\u00e4heldanud.<\/p>\n<p>Jakoonijuure edukaks kasvatamiseks vajab taim parasniisket viljakat mulda ja p\u00e4ikeselist kuni poolvarjulist kasvukohta. Taimi ei saa aeda istutada enne \u00f6\u00f6k\u00fclmade m\u00f6\u00f6dumist. Paljundada saab jakoonijuurt pistikutega ja juuremugulatega, seep\u00e4rast soovitan uue kasvuhooaja tarbeks m\u00f5ned v\u00e4iksemad juuremugulad alles hoida v\u00f5i j\u00e4tta paljundamiseks juure \u00fclemine risoomilaadne osa. S\u00e4ilitusjuuri saab hoida \u00fcle talve nagu kartulit ja tarvitada vastavalt soovile.<\/p>\n<p>S\u00fcgiseks j\u00f5uab jakoonijuur kasvatada jorjeni (daalia) juurikate kujulised, kuid olulisemalt suuremad kr\u00f5mpsud ja magusad juuremugulad, mis maitsevad v\u00e4ga head nii toorelt kui ka erinevat moodi toiduks valmistatuna. Enne tarvitamist tuleb tumepruun \u00f5huke koor noaga kergelt maha kaapida.<\/p>\n<p>Jakoonijuurt peetakse v\u00e4ga heaks ja maitsvaks dieettoiduks sisaldades rohkelt kaaliumi ja kaltsiumi, D1 vitamiine ning antioks\u00fcdante. Kuna jakoonijuure gl\u00fckeemiline indeks on null, siis sobib jakoonijuur suurep\u00e4raselt diabeetikute toidulauale. Lisaks on jakoonijuurel seedimist soodustav toime.<\/p>\n<p>K\u00f5rgus kuni 2 m<\/p>\n<p>Laius kuni 50 cm<\/p>\n<p>Taimede vahekaugus istutamisel 50 cm<\/p>\n<p>\u00d5itsemisaeg juuli kuni september<\/p>\n<p>Poti suurus 10-13 cm<\/p>\n<p>&nbsp;<\/p>\n<p>&nbsp;<\/p>\n","protected":false},"featured_media":16133,"template":"","meta":{"_acf_changed":false,"_et_pb_use_builder":"","_et_pb_old_content":"","_et_gb_content_width":"","inline_featured_image":false},"product_brand":[],"product_cat":[186,203],"product_tag":[],"class_list":{"0":"post-15998","1":"product","2":"type-product","3":"status-publish","4":"has-post-thumbnail","6":"product_cat-maitse-ja-ravimtaimede-istikud","7":"product_cat-ponevad-koogiviljad","9":"first","10":"instock","11":"taxable","12":"shipping-taxable","13":"purchasable","14":"product-type-simple"},"acf":[],"yoast_head":"<!-- This site is optimized with the Yoast SEO plugin v27.5 - https:\/\/yoast.com\/product\/yoast-seo-wordpress\/ -->\n<title>S\u00f6\u00f6dav jakoonijuur Smallanthus sonchifolius - Tamme talu \u00fcrdiaed<\/title>\n<meta name=\"robots\" content=\"index, follow, max-snippet:-1, max-image-preview:large, max-video-preview:-1\" \/>\n<link rel=\"canonical\" href=\"https:\/\/tammetalu.eu\/toode\/soodav-jakoonijuur\/\" \/>\n<meta property=\"og:locale\" content=\"lv_LV\" \/>\n<meta property=\"og:type\" content=\"article\" \/>\n<meta property=\"og:title\" content=\"S\u00f6\u00f6dav jakoonijuur Smallanthus sonchifolius - Tamme talu \u00fcrdiaed\" \/>\n<meta property=\"og:description\" content=\"LAT:\u00a0 Smallanthus sonchifolius  ENG:\u00a0 Yacon  RU: \u044f\u043a\u043e\u043d  FI:\u00a0\u00a0 Yacon-juuri  Magus ja kr\u00f5mps jakoonijuur on Peruu indiaanlaste p\u00f5line toidutaim, mida on lihtne kasvatada \u00fcheaastasena ka Eesti kliimas. Heades kasvuoludes ja k\u00fcllaldase mullaviljakuse korral v\u00f5ib jakoonijuur sirguda suve jooksul pea paarimeetriseks.  Taime maapealne osa meenutab v\u00e4ga p\u00e4evalille ja maa-alune daaliat. \u00a0Jakoonijuurel on veidi karvased lopsakad lehed ja kollane, v\u00e4ikest p\u00e4evalille meenutav \u00f5is. \u00a0Oma aias jakoonijuurt kasvatades ei ole ma haiguseid ja kahjureid t\u00e4heldanud.  Jakoonijuure edukaks kasvatamiseks vajab taim parasniisket viljakat mulda ja p\u00e4ikeselist kuni poolvarjulist kasvukohta. Taimi ei saa aeda istutada enne \u00f6\u00f6k\u00fclmade m\u00f6\u00f6dumist. Paljundada saab jakoonijuurt pistikutega ja juuremugulatega, seep\u00e4rast soovitan uue kasvuhooaja tarbeks m\u00f5ned v\u00e4iksemad juuremugulad alles hoida v\u00f5i j\u00e4tta paljundamiseks juure \u00fclemine risoomilaadne osa. S\u00e4ilitusjuuri saab hoida \u00fcle talve nagu kartulit ja tarvitada vastavalt soovile.  S\u00fcgiseks j\u00f5uab jakoonijuur kasvatada jorjeni (daalia) juurikate kujulised, kuid olulisemalt suuremad kr\u00f5mpsud ja magusad juuremugulad, mis maitsevad v\u00e4ga head nii toorelt kui ka erinevat moodi toiduks valmistatuna. Enne tarvitamist tuleb tumepruun \u00f5huke koor noaga kergelt maha kaapida.  Jakoonijuurt peetakse v\u00e4ga heaks ja maitsvaks dieettoiduks sisaldades rohkelt kaaliumi ja kaltsiumi, D1 vitamiine ning antioks\u00fcdante. Kuna jakoonijuure gl\u00fckeemiline indeks on null, siis sobib jakoonijuur suurep\u00e4raselt diabeetikute toidulauale. Lisaks on jakoonijuurel seedimist soodustav toime.  K\u00f5rgus kuni 2 m  Laius kuni 50 cm  Taimede vahekaugus istutamisel 50 cm  \u00d5itsemisaeg juuli kuni september  Poti suurus 10-13 cm  &nbsp;  &nbsp;\" \/>\n<meta property=\"og:url\" content=\"https:\/\/tammetalu.eu\/toode\/soodav-jakoonijuur\/\" \/>\n<meta property=\"og:site_name\" content=\"Tamme talu \u00fcrdiaed\" \/>\n<meta property=\"article:publisher\" content=\"https:\/\/www.facebook.com\/TammeTaluUrdiaed\/?locale=et_EE\" \/>\n<meta property=\"article:modified_time\" content=\"2026-05-08T10:20:10+00:00\" \/>\n<meta property=\"og:image\" content=\"https:\/\/tammetalu.eu\/wp-content\/uploads\/2022\/08\/Tamme_talu_Soodav_jakoonijuur-5.jpg\" \/>\n\t<meta property=\"og:image:width\" content=\"1024\" \/>\n\t<meta property=\"og:image:height\" content=\"731\" \/>\n\t<meta property=\"og:image:type\" content=\"image\/jpeg\" \/>\n<meta name=\"twitter:card\" content=\"summary_large_image\" \/>\n<meta name=\"twitter:label1\" content=\"Est. reading time\" \/>\n\t<meta name=\"twitter:data1\" content=\"1 minute\" \/>\n<script type=\"application\/ld+json\" class=\"yoast-schema-graph\">{\"@context\":\"https:\\\/\\\/schema.org\",\"@graph\":[{\"@type\":\"WebPage\",\"@id\":\"https:\\\/\\\/tammetalu.eu\\\/toode\\\/soodav-jakoonijuur\\\/\",\"url\":\"https:\\\/\\\/tammetalu.eu\\\/toode\\\/soodav-jakoonijuur\\\/\",\"name\":\"S\u00f6\u00f6dav jakoonijuur Smallanthus sonchifolius - Tamme talu \u00fcrdiaed\",\"isPartOf\":{\"@id\":\"https:\\\/\\\/tammetalu.eu\\\/#website\"},\"primaryImageOfPage\":{\"@id\":\"https:\\\/\\\/tammetalu.eu\\\/toode\\\/soodav-jakoonijuur\\\/#primaryimage\"},\"image\":{\"@id\":\"https:\\\/\\\/tammetalu.eu\\\/toode\\\/soodav-jakoonijuur\\\/#primaryimage\"},\"thumbnailUrl\":\"https:\\\/\\\/tammetalu.eu\\\/wp-content\\\/uploads\\\/2022\\\/08\\\/Tamme_talu_Soodav_jakoonijuur-5.jpg\",\"datePublished\":\"2022-08-09T06:08:13+00:00\",\"dateModified\":\"2026-05-08T10:20:10+00:00\",\"breadcrumb\":{\"@id\":\"https:\\\/\\\/tammetalu.eu\\\/toode\\\/soodav-jakoonijuur\\\/#breadcrumb\"},\"inLanguage\":\"lv-LV\",\"potentialAction\":[{\"@type\":\"ReadAction\",\"target\":[\"https:\\\/\\\/tammetalu.eu\\\/toode\\\/soodav-jakoonijuur\\\/\"]}]},{\"@type\":\"ImageObject\",\"inLanguage\":\"lv-LV\",\"@id\":\"https:\\\/\\\/tammetalu.eu\\\/toode\\\/soodav-jakoonijuur\\\/#primaryimage\",\"url\":\"https:\\\/\\\/tammetalu.eu\\\/wp-content\\\/uploads\\\/2022\\\/08\\\/Tamme_talu_Soodav_jakoonijuur-5.jpg\",\"contentUrl\":\"https:\\\/\\\/tammetalu.eu\\\/wp-content\\\/uploads\\\/2022\\\/08\\\/Tamme_talu_Soodav_jakoonijuur-5.jpg\",\"width\":1024,\"height\":731},{\"@type\":\"BreadcrumbList\",\"@id\":\"https:\\\/\\\/tammetalu.eu\\\/toode\\\/soodav-jakoonijuur\\\/#breadcrumb\",\"itemListElement\":[{\"@type\":\"ListItem\",\"position\":1,\"name\":\"Home\",\"item\":\"https:\\\/\\\/tammetalu.eu\\\/lv\\\/galvena-lapa\\\/\"},{\"@type\":\"ListItem\",\"position\":2,\"name\":\"Shop\",\"item\":\"https:\\\/\\\/tammetalu.eu\\\/lv\\\/shop\\\/\"},{\"@type\":\"ListItem\",\"position\":3,\"name\":\"S\u00f6\u00f6dav jakoonijuur Smallanthus sonchifolius\"}]},{\"@type\":\"WebSite\",\"@id\":\"https:\\\/\\\/tammetalu.eu\\\/#website\",\"url\":\"https:\\\/\\\/tammetalu.eu\\\/\",\"name\":\"Tamme talu \u00fcrdiaed\",\"description\":\"K\u00e4sit\u00f6\u00f6na valmistatud tooted \u00fcrtidest, \u00fcrdiistikud, \u00fcrtide kollektsioonaed\",\"publisher\":{\"@id\":\"https:\\\/\\\/tammetalu.eu\\\/#organization\"},\"alternateName\":\"Tamme talu\",\"potentialAction\":[{\"@type\":\"SearchAction\",\"target\":{\"@type\":\"EntryPoint\",\"urlTemplate\":\"https:\\\/\\\/tammetalu.eu\\\/?s={search_term_string}\"},\"query-input\":{\"@type\":\"PropertyValueSpecification\",\"valueRequired\":true,\"valueName\":\"search_term_string\"}}],\"inLanguage\":\"lv-LV\"},{\"@type\":\"Organization\",\"@id\":\"https:\\\/\\\/tammetalu.eu\\\/#organization\",\"name\":\"Tamme talu \u00fcrdiaed\",\"alternateName\":\"Tamme talu\",\"url\":\"https:\\\/\\\/tammetalu.eu\\\/\",\"logo\":{\"@type\":\"ImageObject\",\"inLanguage\":\"lv-LV\",\"@id\":\"https:\\\/\\\/tammetalu.eu\\\/#\\\/schema\\\/logo\\\/image\\\/\",\"url\":\"https:\\\/\\\/tammetalu.eu\\\/wp-content\\\/uploads\\\/2025\\\/01\\\/Tamme_talu_urdiaed.png\",\"contentUrl\":\"https:\\\/\\\/tammetalu.eu\\\/wp-content\\\/uploads\\\/2025\\\/01\\\/Tamme_talu_urdiaed.png\",\"width\":560,\"height\":560,\"caption\":\"Tamme talu \u00fcrdiaed\"},\"image\":{\"@id\":\"https:\\\/\\\/tammetalu.eu\\\/#\\\/schema\\\/logo\\\/image\\\/\"},\"sameAs\":[\"https:\\\/\\\/www.facebook.com\\\/TammeTaluUrdiaed\\\/?locale=et_EE\",\"https:\\\/\\\/www.instagram.com\\\/tammetaluurdiaed\\\/\"]}]}<\/script>\n<!-- \/ Yoast SEO plugin. -->","yoast_head_json":{"title":"S\u00f6\u00f6dav jakoonijuur Smallanthus sonchifolius - Tamme talu \u00fcrdiaed","robots":{"index":"index","follow":"follow","max-snippet":"max-snippet:-1","max-image-preview":"max-image-preview:large","max-video-preview":"max-video-preview:-1"},"canonical":"https:\/\/tammetalu.eu\/toode\/soodav-jakoonijuur\/","og_locale":"lv_LV","og_type":"article","og_title":"S\u00f6\u00f6dav jakoonijuur Smallanthus sonchifolius - Tamme talu \u00fcrdiaed","og_description":"LAT:\u00a0 Smallanthus sonchifolius  ENG:\u00a0 Yacon  RU: \u044f\u043a\u043e\u043d  FI:\u00a0\u00a0 Yacon-juuri  Magus ja kr\u00f5mps jakoonijuur on Peruu indiaanlaste p\u00f5line toidutaim, mida on lihtne kasvatada \u00fcheaastasena ka Eesti kliimas. Heades kasvuoludes ja k\u00fcllaldase mullaviljakuse korral v\u00f5ib jakoonijuur sirguda suve jooksul pea paarimeetriseks.  Taime maapealne osa meenutab v\u00e4ga p\u00e4evalille ja maa-alune daaliat. \u00a0Jakoonijuurel on veidi karvased lopsakad lehed ja kollane, v\u00e4ikest p\u00e4evalille meenutav \u00f5is. \u00a0Oma aias jakoonijuurt kasvatades ei ole ma haiguseid ja kahjureid t\u00e4heldanud.  Jakoonijuure edukaks kasvatamiseks vajab taim parasniisket viljakat mulda ja p\u00e4ikeselist kuni poolvarjulist kasvukohta. Taimi ei saa aeda istutada enne \u00f6\u00f6k\u00fclmade m\u00f6\u00f6dumist. Paljundada saab jakoonijuurt pistikutega ja juuremugulatega, seep\u00e4rast soovitan uue kasvuhooaja tarbeks m\u00f5ned v\u00e4iksemad juuremugulad alles hoida v\u00f5i j\u00e4tta paljundamiseks juure \u00fclemine risoomilaadne osa. S\u00e4ilitusjuuri saab hoida \u00fcle talve nagu kartulit ja tarvitada vastavalt soovile.  S\u00fcgiseks j\u00f5uab jakoonijuur kasvatada jorjeni (daalia) juurikate kujulised, kuid olulisemalt suuremad kr\u00f5mpsud ja magusad juuremugulad, mis maitsevad v\u00e4ga head nii toorelt kui ka erinevat moodi toiduks valmistatuna. Enne tarvitamist tuleb tumepruun \u00f5huke koor noaga kergelt maha kaapida.  Jakoonijuurt peetakse v\u00e4ga heaks ja maitsvaks dieettoiduks sisaldades rohkelt kaaliumi ja kaltsiumi, D1 vitamiine ning antioks\u00fcdante. Kuna jakoonijuure gl\u00fckeemiline indeks on null, siis sobib jakoonijuur suurep\u00e4raselt diabeetikute toidulauale. Lisaks on jakoonijuurel seedimist soodustav toime.  K\u00f5rgus kuni 2 m  Laius kuni 50 cm  Taimede vahekaugus istutamisel 50 cm  \u00d5itsemisaeg juuli kuni september  Poti suurus 10-13 cm  &nbsp;  &nbsp;","og_url":"https:\/\/tammetalu.eu\/toode\/soodav-jakoonijuur\/","og_site_name":"Tamme talu \u00fcrdiaed","article_publisher":"https:\/\/www.facebook.com\/TammeTaluUrdiaed\/?locale=et_EE","article_modified_time":"2026-05-08T10:20:10+00:00","og_image":[{"width":1024,"height":731,"url":"https:\/\/tammetalu.eu\/wp-content\/uploads\/2022\/08\/Tamme_talu_Soodav_jakoonijuur-5.jpg","type":"image\/jpeg"}],"twitter_card":"summary_large_image","twitter_misc":{"Est. reading time":"1 minute"},"schema":{"@context":"https:\/\/schema.org","@graph":[{"@type":"WebPage","@id":"https:\/\/tammetalu.eu\/toode\/soodav-jakoonijuur\/","url":"https:\/\/tammetalu.eu\/toode\/soodav-jakoonijuur\/","name":"S\u00f6\u00f6dav jakoonijuur Smallanthus sonchifolius - Tamme talu \u00fcrdiaed","isPartOf":{"@id":"https:\/\/tammetalu.eu\/#website"},"primaryImageOfPage":{"@id":"https:\/\/tammetalu.eu\/toode\/soodav-jakoonijuur\/#primaryimage"},"image":{"@id":"https:\/\/tammetalu.eu\/toode\/soodav-jakoonijuur\/#primaryimage"},"thumbnailUrl":"https:\/\/tammetalu.eu\/wp-content\/uploads\/2022\/08\/Tamme_talu_Soodav_jakoonijuur-5.jpg","datePublished":"2022-08-09T06:08:13+00:00","dateModified":"2026-05-08T10:20:10+00:00","breadcrumb":{"@id":"https:\/\/tammetalu.eu\/toode\/soodav-jakoonijuur\/#breadcrumb"},"inLanguage":"lv-LV","potentialAction":[{"@type":"ReadAction","target":["https:\/\/tammetalu.eu\/toode\/soodav-jakoonijuur\/"]}]},{"@type":"ImageObject","inLanguage":"lv-LV","@id":"https:\/\/tammetalu.eu\/toode\/soodav-jakoonijuur\/#primaryimage","url":"https:\/\/tammetalu.eu\/wp-content\/uploads\/2022\/08\/Tamme_talu_Soodav_jakoonijuur-5.jpg","contentUrl":"https:\/\/tammetalu.eu\/wp-content\/uploads\/2022\/08\/Tamme_talu_Soodav_jakoonijuur-5.jpg","width":1024,"height":731},{"@type":"BreadcrumbList","@id":"https:\/\/tammetalu.eu\/toode\/soodav-jakoonijuur\/#breadcrumb","itemListElement":[{"@type":"ListItem","position":1,"name":"Home","item":"https:\/\/tammetalu.eu\/lv\/galvena-lapa\/"},{"@type":"ListItem","position":2,"name":"Shop","item":"https:\/\/tammetalu.eu\/lv\/shop\/"},{"@type":"ListItem","position":3,"name":"S\u00f6\u00f6dav jakoonijuur Smallanthus sonchifolius"}]},{"@type":"WebSite","@id":"https:\/\/tammetalu.eu\/#website","url":"https:\/\/tammetalu.eu\/","name":"Tamme talu \u00fcrdiaed","description":"K\u00e4sit\u00f6\u00f6na valmistatud tooted \u00fcrtidest, \u00fcrdiistikud, \u00fcrtide kollektsioonaed","publisher":{"@id":"https:\/\/tammetalu.eu\/#organization"},"alternateName":"Tamme talu","potentialAction":[{"@type":"SearchAction","target":{"@type":"EntryPoint","urlTemplate":"https:\/\/tammetalu.eu\/?s={search_term_string}"},"query-input":{"@type":"PropertyValueSpecification","valueRequired":true,"valueName":"search_term_string"}}],"inLanguage":"lv-LV"},{"@type":"Organization","@id":"https:\/\/tammetalu.eu\/#organization","name":"Tamme talu \u00fcrdiaed","alternateName":"Tamme talu","url":"https:\/\/tammetalu.eu\/","logo":{"@type":"ImageObject","inLanguage":"lv-LV","@id":"https:\/\/tammetalu.eu\/#\/schema\/logo\/image\/","url":"https:\/\/tammetalu.eu\/wp-content\/uploads\/2025\/01\/Tamme_talu_urdiaed.png","contentUrl":"https:\/\/tammetalu.eu\/wp-content\/uploads\/2025\/01\/Tamme_talu_urdiaed.png","width":560,"height":560,"caption":"Tamme talu \u00fcrdiaed"},"image":{"@id":"https:\/\/tammetalu.eu\/#\/schema\/logo\/image\/"},"sameAs":["https:\/\/www.facebook.com\/TammeTaluUrdiaed\/?locale=et_EE","https:\/\/www.instagram.com\/tammetaluurdiaed\/"]}]}},"_links":{"self":[{"href":"https:\/\/tammetalu.eu\/lv\/wp-json\/wp\/v2\/product\/15998","targetHints":{"allow":["GET"]}}],"collection":[{"href":"https:\/\/tammetalu.eu\/lv\/wp-json\/wp\/v2\/product"}],"about":[{"href":"https:\/\/tammetalu.eu\/lv\/wp-json\/wp\/v2\/types\/product"}],"wp:featuredmedia":[{"embeddable":true,"href":"https:\/\/tammetalu.eu\/lv\/wp-json\/wp\/v2\/media\/16133"}],"wp:attachment":[{"href":"https:\/\/tammetalu.eu\/lv\/wp-json\/wp\/v2\/media?parent=15998"}],"wp:term":[{"taxonomy":"product_brand","embeddable":true,"href":"https:\/\/tammetalu.eu\/lv\/wp-json\/wp\/v2\/product_brand?post=15998"},{"taxonomy":"product_cat","embeddable":true,"href":"https:\/\/tammetalu.eu\/lv\/wp-json\/wp\/v2\/product_cat?post=15998"},{"taxonomy":"product_tag","embeddable":true,"href":"https:\/\/tammetalu.eu\/lv\/wp-json\/wp\/v2\/product_tag?post=15998"}],"curies":[{"name":"wp","href":"https:\/\/api.w.org\/{rel}","templated":true}]}}