{"id":15999,"date":"2022-08-09T09:08:13","date_gmt":"2022-08-09T06:08:13","guid":{"rendered":"https:\/\/tammetalu.eu?post_type=product&#038;p=15999"},"modified":"2026-04-05T17:41:24","modified_gmt":"2026-04-05T14:41:24","slug":"aedsalvei-purpurmantel","status":"publish","type":"product","link":"https:\/\/tammetalu.eu\/lv\/toode\/aedsalvei-purpurmantel\/","title":{"rendered":"Aedsalvei Salvia officinalis &#8220;Purpurascens&#8221;"},"content":{"rendered":"","protected":false},"excerpt":{"rendered":"<p>Aedsalvei Salvia officinalis \u201ePurpurmantel\u201c<\/p>\n<p>LAT: \u00a0<em>Salvia officinalis \u201e<\/em>Purpurmantel\u201c<\/p>\n<p>ENG: \u00a0Sage \u201ePurpurmantel\u201c<\/p>\n<p>RU: \u00a0\u0428\u0430\u043b\u0444\u0435\u0439 \u201ePurpurmantel\u201c<\/p>\n<p>FI: \u00a0Salvia \u201ePurpurmantel\u201c<\/p>\n<p>Lillakaspunaste kuni tumepunaste lehtede ja helelillade \u00f5itega v\u00e4ga dekoratiivne aedsalvei sort. Kasvab kuivas v\u00f5i parasniiskes aiamullas t\u00e4isp\u00e4ikeses, kuid lepib ka poolvarjulise kasvukohaga. Lumeta pakase korral vajab kindlasti kuiva talvekatet. Kevadel enne mai keskpaika ei soovita ma taimi tagasi l\u00f5igata, kuna salveid on hilise \u00e4rkamisega. Salveid sobivad kasvatamiseks kiviktaimlas, kruusaaias v\u00f5i liivases kuivapoolses mullas. Taim on t\u00f5eline p\u00e4ikeses\u00f5ber, mida rohkem p\u00e4ikest, seda rikkalikumalt \u00f5itseb ja kasvab.<\/p>\n<p>Kahjuks ei ole see salvei meie kliimatsoonis peenrataimena k\u00fclmakindel, kuid oma v\u00e4hen\u00f5udlikkuse t\u00f5ttu sobib suurep\u00e4raselt potitaimena kasvatamiseks nii terrassi- kui r\u00f5dutaimena, kuna siis p\u00e4\u00e4seb taime ilu ja \u00fcllatav l\u00f5hn eriti esile. H\u00e4sti peab vastu mitmeaastase potitaimena, kui on v\u00f5imalik taim enne p\u00fcsivate k\u00fclmade saabumist valgesse kuiva kohta talvituma t\u00f5sta. Selliseks kohaks on v\u00e4ga sobivaks kohaks kuiv kasvuhoone v\u00f5i m\u00f5ni teine valge ruum, kus v\u00f5ivad talvel olla k\u00fcll k\u00fclmakraadid, kuid taim on kaitstud niiskuse eest.<\/p>\n<p>Salvei lehtedel on maitse veidi v\u00fcrtsikas. Sobib h\u00e4sti erinevatele liha- ja aedviljaroogadega. Eriti sobib salvei maitse kana- ja sealihaga ja makaronitoitudes, tomati- ja juusturoogades. V\u00f5is v\u00f5i \u00f5lis kr\u00f5bedaks praetud salveilehed on m\u00f5nusaks n\u00e4ksiks suupistelauale.<\/p>\n<p>Salveist valmistatud teel on higistamist p\u00e4rssiv toime just \u00fcleminekuea vaevustest tingitud\u00a0 s\u00fcmptomite leevendamiseks. Kasutatakse k\u00fclmetushaigustest ja gripist tingitud peavalu ning \u00fcldise enesetunde parandamiseks. Teega saab kuristada valulikku kurku. Salveiteed ei tohi seespidiselt\u00a0 tarvitada kauem kui n\u00e4dal aega j\u00e4rjest.<\/p>\n<p>K\u00f5rgus: kuni 0,8 m<\/p>\n<p>\u00d5itsemise aeg: VI-VII<\/p>\n<p>Talvekindlus: ei ole talvekindel<\/p>\n<p>Poti suurus: 10-12<\/p>\n","protected":false},"featured_media":16137,"template":"","meta":{"_acf_changed":false,"_et_pb_use_builder":"","_et_pb_old_content":"","_et_gb_content_width":"","inline_featured_image":false},"product_brand":[],"product_cat":[186,196],"product_tag":[],"class_list":{"0":"post-15999","1":"product","2":"type-product","3":"status-publish","4":"has-post-thumbnail","6":"product_cat-maitse-ja-ravimtaimede-istikud","7":"product_cat-salveid","9":"first","10":"instock","11":"sale","12":"taxable","13":"shipping-taxable","14":"purchasable","15":"product-type-simple"},"acf":[],"yoast_head":"<!-- This site is optimized with the Yoast SEO plugin v26.4 - https:\/\/yoast.com\/wordpress\/plugins\/seo\/ -->\n<title>Aedsalvei Salvia officinalis &quot;Purpurascens&quot; - Tamme talu \u00fcrdiaed<\/title>\n<meta name=\"description\" content=\"Lillakaspunaste lehtede ja helelillade \u00f5itega v\u00e4ga dekoratiivne aedsalvei &quot;Purpurmantel&quot;. Kasvab kuivas v\u00f5i parasniiskes aiamullas t\u00e4isp\u00e4ikeses, kuid lepib ka poolvarjulise kasvukohaga. Lumeta pakase korral vajab kindlasti talvekatet. Kevadel enne mai keskpaika ei soovita ma taimi tagasi l\u00f5igata, kuna salvei on hilise \u00e4rkamisega.\" \/>\n<meta name=\"robots\" content=\"index, follow, max-snippet:-1, max-image-preview:large, max-video-preview:-1\" \/>\n<link rel=\"canonical\" href=\"https:\/\/tammetalu.eu\/toode\/aedsalvei-purpurmantel\/\" \/>\n<meta property=\"og:locale\" content=\"lv_LV\" \/>\n<meta property=\"og:type\" content=\"article\" \/>\n<meta property=\"og:title\" content=\"Aedsalvei Salvia officinalis &quot;Purpurascens&quot; - Tamme talu \u00fcrdiaed\" \/>\n<meta property=\"og:description\" content=\"Lillakaspunaste lehtede ja helelillade \u00f5itega v\u00e4ga dekoratiivne aedsalvei &quot;Purpurmantel&quot;. Kasvab kuivas v\u00f5i parasniiskes aiamullas t\u00e4isp\u00e4ikeses, kuid lepib ka poolvarjulise kasvukohaga. Lumeta pakase korral vajab kindlasti talvekatet. Kevadel enne mai keskpaika ei soovita ma taimi tagasi l\u00f5igata, kuna salvei on hilise \u00e4rkamisega.\" \/>\n<meta property=\"og:url\" content=\"https:\/\/tammetalu.eu\/toode\/aedsalvei-purpurmantel\/\" \/>\n<meta property=\"og:site_name\" content=\"Tamme talu \u00fcrdiaed\" \/>\n<meta property=\"article:publisher\" content=\"https:\/\/www.facebook.com\/TammeTaluUrdiaed\/?locale=et_EE\" \/>\n<meta property=\"article:modified_time\" content=\"2026-04-05T14:41:24+00:00\" \/>\n<meta property=\"og:image\" content=\"https:\/\/tammetalu.eu\/wp-content\/uploads\/2022\/08\/Tamme_talu_Aedsalvei_Purpurmantel-5.jpg\" \/>\n\t<meta property=\"og:image:width\" content=\"1024\" \/>\n\t<meta property=\"og:image:height\" content=\"1027\" \/>\n\t<meta property=\"og:image:type\" content=\"image\/jpeg\" \/>\n<meta name=\"twitter:card\" content=\"summary_large_image\" \/>\n<meta name=\"twitter:label1\" content=\"Est. reading time\" \/>\n\t<meta name=\"twitter:data1\" content=\"1 minute\" \/>\n<script type=\"application\/ld+json\" class=\"yoast-schema-graph\">{\"@context\":\"https:\/\/schema.org\",\"@graph\":[{\"@type\":\"WebPage\",\"@id\":\"https:\/\/tammetalu.eu\/toode\/aedsalvei-purpurmantel\/\",\"url\":\"https:\/\/tammetalu.eu\/toode\/aedsalvei-purpurmantel\/\",\"name\":\"Aedsalvei Salvia officinalis \\\"Purpurascens\\\" - Tamme talu \u00fcrdiaed\",\"isPartOf\":{\"@id\":\"https:\/\/tammetalu.eu\/#website\"},\"primaryImageOfPage\":{\"@id\":\"https:\/\/tammetalu.eu\/toode\/aedsalvei-purpurmantel\/#primaryimage\"},\"image\":{\"@id\":\"https:\/\/tammetalu.eu\/toode\/aedsalvei-purpurmantel\/#primaryimage\"},\"thumbnailUrl\":\"https:\/\/tammetalu.eu\/wp-content\/uploads\/2022\/08\/Tamme_talu_Aedsalvei_Purpurmantel-5.jpg\",\"datePublished\":\"2022-08-09T06:08:13+00:00\",\"dateModified\":\"2026-04-05T14:41:24+00:00\",\"description\":\"Lillakaspunaste lehtede ja helelillade \u00f5itega v\u00e4ga dekoratiivne aedsalvei \\\"Purpurmantel\\\". Kasvab kuivas v\u00f5i parasniiskes aiamullas t\u00e4isp\u00e4ikeses, kuid lepib ka poolvarjulise kasvukohaga. Lumeta pakase korral vajab kindlasti talvekatet. Kevadel enne mai keskpaika ei soovita ma taimi tagasi l\u00f5igata, kuna salvei on hilise \u00e4rkamisega.\",\"breadcrumb\":{\"@id\":\"https:\/\/tammetalu.eu\/toode\/aedsalvei-purpurmantel\/#breadcrumb\"},\"inLanguage\":\"lv-LV\",\"potentialAction\":[{\"@type\":\"ReadAction\",\"target\":[\"https:\/\/tammetalu.eu\/toode\/aedsalvei-purpurmantel\/\"]}]},{\"@type\":\"ImageObject\",\"inLanguage\":\"lv-LV\",\"@id\":\"https:\/\/tammetalu.eu\/toode\/aedsalvei-purpurmantel\/#primaryimage\",\"url\":\"https:\/\/tammetalu.eu\/wp-content\/uploads\/2022\/08\/Tamme_talu_Aedsalvei_Purpurmantel-5.jpg\",\"contentUrl\":\"https:\/\/tammetalu.eu\/wp-content\/uploads\/2022\/08\/Tamme_talu_Aedsalvei_Purpurmantel-5.jpg\",\"width\":1024,\"height\":1027},{\"@type\":\"BreadcrumbList\",\"@id\":\"https:\/\/tammetalu.eu\/toode\/aedsalvei-purpurmantel\/#breadcrumb\",\"itemListElement\":[{\"@type\":\"ListItem\",\"position\":1,\"name\":\"Home\",\"item\":\"https:\/\/tammetalu.eu\/lv\/galvena-lapa\/\"},{\"@type\":\"ListItem\",\"position\":2,\"name\":\"Shop\",\"item\":\"https:\/\/tammetalu.eu\/lv\/shop\/\"},{\"@type\":\"ListItem\",\"position\":3,\"name\":\"Aedsalvei Salvia officinalis &#8220;Purpurascens&#8221;\"}]},{\"@type\":\"WebSite\",\"@id\":\"https:\/\/tammetalu.eu\/#website\",\"url\":\"https:\/\/tammetalu.eu\/\",\"name\":\"Tamme talu \u00fcrdiaed\",\"description\":\"K\u00e4sit\u00f6\u00f6na valmistatud tooted \u00fcrtidest, \u00fcrdiistikud, \u00fcrtide kollektsioonaed\",\"publisher\":{\"@id\":\"https:\/\/tammetalu.eu\/#organization\"},\"alternateName\":\"Tamme talu\",\"potentialAction\":[{\"@type\":\"SearchAction\",\"target\":{\"@type\":\"EntryPoint\",\"urlTemplate\":\"https:\/\/tammetalu.eu\/?s={search_term_string}\"},\"query-input\":{\"@type\":\"PropertyValueSpecification\",\"valueRequired\":true,\"valueName\":\"search_term_string\"}}],\"inLanguage\":\"lv-LV\"},{\"@type\":\"Organization\",\"@id\":\"https:\/\/tammetalu.eu\/#organization\",\"name\":\"Tamme talu \u00fcrdiaed\",\"alternateName\":\"Tamme talu\",\"url\":\"https:\/\/tammetalu.eu\/\",\"logo\":{\"@type\":\"ImageObject\",\"inLanguage\":\"lv-LV\",\"@id\":\"https:\/\/tammetalu.eu\/#\/schema\/logo\/image\/\",\"url\":\"https:\/\/tammetalu.eu\/wp-content\/uploads\/2025\/01\/Tamme_talu_urdiaed.png\",\"contentUrl\":\"https:\/\/tammetalu.eu\/wp-content\/uploads\/2025\/01\/Tamme_talu_urdiaed.png\",\"width\":560,\"height\":560,\"caption\":\"Tamme talu \u00fcrdiaed\"},\"image\":{\"@id\":\"https:\/\/tammetalu.eu\/#\/schema\/logo\/image\/\"},\"sameAs\":[\"https:\/\/www.facebook.com\/TammeTaluUrdiaed\/?locale=et_EE\",\"https:\/\/www.instagram.com\/tammetaluurdiaed\/\"]}]}<\/script>\n<!-- \/ Yoast SEO plugin. -->","yoast_head_json":{"title":"Aedsalvei Salvia officinalis \"Purpurascens\" - Tamme talu \u00fcrdiaed","description":"Lillakaspunaste lehtede ja helelillade \u00f5itega v\u00e4ga dekoratiivne aedsalvei \"Purpurmantel\". Kasvab kuivas v\u00f5i parasniiskes aiamullas t\u00e4isp\u00e4ikeses, kuid lepib ka poolvarjulise kasvukohaga. Lumeta pakase korral vajab kindlasti talvekatet. Kevadel enne mai keskpaika ei soovita ma taimi tagasi l\u00f5igata, kuna salvei on hilise \u00e4rkamisega.","robots":{"index":"index","follow":"follow","max-snippet":"max-snippet:-1","max-image-preview":"max-image-preview:large","max-video-preview":"max-video-preview:-1"},"canonical":"https:\/\/tammetalu.eu\/toode\/aedsalvei-purpurmantel\/","og_locale":"lv_LV","og_type":"article","og_title":"Aedsalvei Salvia officinalis \"Purpurascens\" - Tamme talu \u00fcrdiaed","og_description":"Lillakaspunaste lehtede ja helelillade \u00f5itega v\u00e4ga dekoratiivne aedsalvei \"Purpurmantel\". Kasvab kuivas v\u00f5i parasniiskes aiamullas t\u00e4isp\u00e4ikeses, kuid lepib ka poolvarjulise kasvukohaga. Lumeta pakase korral vajab kindlasti talvekatet. Kevadel enne mai keskpaika ei soovita ma taimi tagasi l\u00f5igata, kuna salvei on hilise \u00e4rkamisega.","og_url":"https:\/\/tammetalu.eu\/toode\/aedsalvei-purpurmantel\/","og_site_name":"Tamme talu \u00fcrdiaed","article_publisher":"https:\/\/www.facebook.com\/TammeTaluUrdiaed\/?locale=et_EE","article_modified_time":"2026-04-05T14:41:24+00:00","og_image":[{"width":1024,"height":1027,"url":"https:\/\/tammetalu.eu\/wp-content\/uploads\/2022\/08\/Tamme_talu_Aedsalvei_Purpurmantel-5.jpg","type":"image\/jpeg"}],"twitter_card":"summary_large_image","twitter_misc":{"Est. reading time":"1 minute"},"schema":{"@context":"https:\/\/schema.org","@graph":[{"@type":"WebPage","@id":"https:\/\/tammetalu.eu\/toode\/aedsalvei-purpurmantel\/","url":"https:\/\/tammetalu.eu\/toode\/aedsalvei-purpurmantel\/","name":"Aedsalvei Salvia officinalis \"Purpurascens\" - Tamme talu \u00fcrdiaed","isPartOf":{"@id":"https:\/\/tammetalu.eu\/#website"},"primaryImageOfPage":{"@id":"https:\/\/tammetalu.eu\/toode\/aedsalvei-purpurmantel\/#primaryimage"},"image":{"@id":"https:\/\/tammetalu.eu\/toode\/aedsalvei-purpurmantel\/#primaryimage"},"thumbnailUrl":"https:\/\/tammetalu.eu\/wp-content\/uploads\/2022\/08\/Tamme_talu_Aedsalvei_Purpurmantel-5.jpg","datePublished":"2022-08-09T06:08:13+00:00","dateModified":"2026-04-05T14:41:24+00:00","description":"Lillakaspunaste lehtede ja helelillade \u00f5itega v\u00e4ga dekoratiivne aedsalvei \"Purpurmantel\". Kasvab kuivas v\u00f5i parasniiskes aiamullas t\u00e4isp\u00e4ikeses, kuid lepib ka poolvarjulise kasvukohaga. Lumeta pakase korral vajab kindlasti talvekatet. Kevadel enne mai keskpaika ei soovita ma taimi tagasi l\u00f5igata, kuna salvei on hilise \u00e4rkamisega.","breadcrumb":{"@id":"https:\/\/tammetalu.eu\/toode\/aedsalvei-purpurmantel\/#breadcrumb"},"inLanguage":"lv-LV","potentialAction":[{"@type":"ReadAction","target":["https:\/\/tammetalu.eu\/toode\/aedsalvei-purpurmantel\/"]}]},{"@type":"ImageObject","inLanguage":"lv-LV","@id":"https:\/\/tammetalu.eu\/toode\/aedsalvei-purpurmantel\/#primaryimage","url":"https:\/\/tammetalu.eu\/wp-content\/uploads\/2022\/08\/Tamme_talu_Aedsalvei_Purpurmantel-5.jpg","contentUrl":"https:\/\/tammetalu.eu\/wp-content\/uploads\/2022\/08\/Tamme_talu_Aedsalvei_Purpurmantel-5.jpg","width":1024,"height":1027},{"@type":"BreadcrumbList","@id":"https:\/\/tammetalu.eu\/toode\/aedsalvei-purpurmantel\/#breadcrumb","itemListElement":[{"@type":"ListItem","position":1,"name":"Home","item":"https:\/\/tammetalu.eu\/lv\/galvena-lapa\/"},{"@type":"ListItem","position":2,"name":"Shop","item":"https:\/\/tammetalu.eu\/lv\/shop\/"},{"@type":"ListItem","position":3,"name":"Aedsalvei Salvia officinalis &#8220;Purpurascens&#8221;"}]},{"@type":"WebSite","@id":"https:\/\/tammetalu.eu\/#website","url":"https:\/\/tammetalu.eu\/","name":"Tamme talu \u00fcrdiaed","description":"K\u00e4sit\u00f6\u00f6na valmistatud tooted \u00fcrtidest, \u00fcrdiistikud, \u00fcrtide kollektsioonaed","publisher":{"@id":"https:\/\/tammetalu.eu\/#organization"},"alternateName":"Tamme talu","potentialAction":[{"@type":"SearchAction","target":{"@type":"EntryPoint","urlTemplate":"https:\/\/tammetalu.eu\/?s={search_term_string}"},"query-input":{"@type":"PropertyValueSpecification","valueRequired":true,"valueName":"search_term_string"}}],"inLanguage":"lv-LV"},{"@type":"Organization","@id":"https:\/\/tammetalu.eu\/#organization","name":"Tamme talu \u00fcrdiaed","alternateName":"Tamme talu","url":"https:\/\/tammetalu.eu\/","logo":{"@type":"ImageObject","inLanguage":"lv-LV","@id":"https:\/\/tammetalu.eu\/#\/schema\/logo\/image\/","url":"https:\/\/tammetalu.eu\/wp-content\/uploads\/2025\/01\/Tamme_talu_urdiaed.png","contentUrl":"https:\/\/tammetalu.eu\/wp-content\/uploads\/2025\/01\/Tamme_talu_urdiaed.png","width":560,"height":560,"caption":"Tamme talu \u00fcrdiaed"},"image":{"@id":"https:\/\/tammetalu.eu\/#\/schema\/logo\/image\/"},"sameAs":["https:\/\/www.facebook.com\/TammeTaluUrdiaed\/?locale=et_EE","https:\/\/www.instagram.com\/tammetaluurdiaed\/"]}]}},"_links":{"self":[{"href":"https:\/\/tammetalu.eu\/lv\/wp-json\/wp\/v2\/product\/15999","targetHints":{"allow":["GET"]}}],"collection":[{"href":"https:\/\/tammetalu.eu\/lv\/wp-json\/wp\/v2\/product"}],"about":[{"href":"https:\/\/tammetalu.eu\/lv\/wp-json\/wp\/v2\/types\/product"}],"wp:featuredmedia":[{"embeddable":true,"href":"https:\/\/tammetalu.eu\/lv\/wp-json\/wp\/v2\/media\/16137"}],"wp:attachment":[{"href":"https:\/\/tammetalu.eu\/lv\/wp-json\/wp\/v2\/media?parent=15999"}],"wp:term":[{"taxonomy":"product_brand","embeddable":true,"href":"https:\/\/tammetalu.eu\/lv\/wp-json\/wp\/v2\/product_brand?post=15999"},{"taxonomy":"product_cat","embeddable":true,"href":"https:\/\/tammetalu.eu\/lv\/wp-json\/wp\/v2\/product_cat?post=15999"},{"taxonomy":"product_tag","embeddable":true,"href":"https:\/\/tammetalu.eu\/lv\/wp-json\/wp\/v2\/product_tag?post=15999"}],"curies":[{"name":"wp","href":"https:\/\/api.w.org\/{rel}","templated":true}]}}