{"id":16317,"date":"2022-08-09T09:10:50","date_gmt":"2022-08-09T06:10:50","guid":{"rendered":"https:\/\/tammetalu.eu?post_type=product&#038;p=16317"},"modified":"2026-02-02T15:14:50","modified_gmt":"2026-02-02T13:14:50","slug":"lilla-kroonlauk-alba","status":"publish","type":"product","link":"https:\/\/tammetalu.eu\/lv\/toode\/lilla-kroonlauk-alba\/","title":{"rendered":"Lilla kroonlauk &#8220;Alba&#8221;"},"content":{"rendered":"","protected":false},"excerpt":{"rendered":"<p><em>Tulbaghia violacea<\/em><\/p>\n<p>Veidi k\u00fc\u00fcslaugu maitseliste lehtede ja lumivalgete \u00f5isikutega k\u00fclmahell p\u00fcsik. Kasvab kuni 60-70 cm k\u00f5rguseks rohtseks puhmaks. Suvel sobib taime kasvatada \u00f5ues potis, talveks vajab talvitumiseks siseruumi. V\u00e4ga vastupidav ning v\u00e4hen\u00f5udlik taim. Ei ole n\u00f5udlik mulla ega kasvupaiga suhtes. Suvel, kui on taimel aktiivne kasvuperiood, vajab rohkem kastmist kui talvel toas talvitudes. Lehed ning \u00f5ied on s\u00f6\u00f6davad, mida saab taimelt noppida aasta ringi.. Maitseb nagu sibul, k\u00fc\u00fcslauk, sinep ja m\u00e4dar\u00f5igas \u00fcheaegselt, v\u00e4ga p\u00f5nev lisand v\u00f5ileibadele ja salatitele. Hakitud lehed sobivad v\u00e4rskelt v\u00f5i hautatult erinevate roogade lisandiks.<\/p>\n","protected":false},"featured_media":16409,"template":"","meta":{"_acf_changed":false,"_et_pb_use_builder":"","_et_pb_old_content":"","_et_gb_content_width":"","inline_featured_image":false},"product_brand":[],"product_cat":[186,201,203],"product_tag":[],"class_list":{"0":"post-16317","1":"product","2":"type-product","3":"status-publish","4":"has-post-thumbnail","6":"product_cat-maitse-ja-ravimtaimede-istikud","7":"product_cat-laugud","8":"product_cat-ponevad-koogiviljad","10":"first","11":"outofstock","12":"sale","13":"taxable","14":"shipping-taxable","15":"purchasable","16":"product-type-simple"},"acf":[],"yoast_head":"<!-- This site is optimized with the Yoast SEO plugin v26.4 - https:\/\/yoast.com\/wordpress\/plugins\/seo\/ -->\n<title>Lilla kroonlauk &quot;Alba&quot; - Tamme talu \u00fcrdiaed<\/title>\n<meta name=\"robots\" content=\"index, follow, max-snippet:-1, max-image-preview:large, max-video-preview:-1\" \/>\n<link rel=\"canonical\" href=\"https:\/\/tammetalu.eu\/toode\/lilla-kroonlauk-alba\/\" \/>\n<meta property=\"og:locale\" content=\"lv_LV\" \/>\n<meta property=\"og:type\" content=\"article\" \/>\n<meta property=\"og:title\" content=\"Lilla kroonlauk &quot;Alba&quot; - Tamme talu \u00fcrdiaed\" \/>\n<meta property=\"og:description\" content=\"Tulbaghia violacea  Veidi k\u00fc\u00fcslaugu maitseliste lehtede ja lumivalgete \u00f5isikutega k\u00fclmahell p\u00fcsik. Kasvab kuni 60-70 cm k\u00f5rguseks rohtseks puhmaks. Suvel sobib taime kasvatada \u00f5ues potis, talveks vajab talvitumiseks siseruumi. V\u00e4ga vastupidav ning v\u00e4hen\u00f5udlik taim. Ei ole n\u00f5udlik mulla ega kasvupaiga suhtes. Suvel, kui on taimel aktiivne kasvuperiood, vajab rohkem kastmist kui talvel toas talvitudes. Lehed ning \u00f5ied on s\u00f6\u00f6davad, mida saab taimelt noppida aasta ringi.. Maitseb nagu sibul, k\u00fc\u00fcslauk, sinep ja m\u00e4dar\u00f5igas \u00fcheaegselt, v\u00e4ga p\u00f5nev lisand v\u00f5ileibadele ja salatitele. Hakitud lehed sobivad v\u00e4rskelt v\u00f5i hautatult erinevate roogade lisandiks.\" \/>\n<meta property=\"og:url\" content=\"https:\/\/tammetalu.eu\/toode\/lilla-kroonlauk-alba\/\" \/>\n<meta property=\"og:site_name\" content=\"Tamme talu \u00fcrdiaed\" \/>\n<meta property=\"article:publisher\" content=\"https:\/\/www.facebook.com\/TammeTaluUrdiaed\/?locale=et_EE\" \/>\n<meta property=\"article:modified_time\" content=\"2026-02-02T13:14:50+00:00\" \/>\n<meta property=\"og:image\" content=\"https:\/\/tammetalu.eu\/wp-content\/uploads\/2022\/08\/Lilla-kroonlauk-alba-tamme-talu-urdiaed-5.jpg\" \/>\n\t<meta property=\"og:image:width\" content=\"800\" \/>\n\t<meta property=\"og:image:height\" content=\"800\" \/>\n\t<meta property=\"og:image:type\" content=\"image\/jpeg\" \/>\n<meta name=\"twitter:card\" content=\"summary_large_image\" \/>\n<script type=\"application\/ld+json\" class=\"yoast-schema-graph\">{\"@context\":\"https:\/\/schema.org\",\"@graph\":[{\"@type\":\"WebPage\",\"@id\":\"https:\/\/tammetalu.eu\/toode\/lilla-kroonlauk-alba\/\",\"url\":\"https:\/\/tammetalu.eu\/toode\/lilla-kroonlauk-alba\/\",\"name\":\"Lilla kroonlauk \\\"Alba\\\" - Tamme talu \u00fcrdiaed\",\"isPartOf\":{\"@id\":\"https:\/\/tammetalu.eu\/#website\"},\"primaryImageOfPage\":{\"@id\":\"https:\/\/tammetalu.eu\/toode\/lilla-kroonlauk-alba\/#primaryimage\"},\"image\":{\"@id\":\"https:\/\/tammetalu.eu\/toode\/lilla-kroonlauk-alba\/#primaryimage\"},\"thumbnailUrl\":\"https:\/\/tammetalu.eu\/wp-content\/uploads\/2022\/08\/Lilla-kroonlauk-alba-tamme-talu-urdiaed-5.jpg\",\"datePublished\":\"2022-08-09T06:10:50+00:00\",\"dateModified\":\"2026-02-02T13:14:50+00:00\",\"breadcrumb\":{\"@id\":\"https:\/\/tammetalu.eu\/toode\/lilla-kroonlauk-alba\/#breadcrumb\"},\"inLanguage\":\"lv-LV\",\"potentialAction\":[{\"@type\":\"ReadAction\",\"target\":[\"https:\/\/tammetalu.eu\/toode\/lilla-kroonlauk-alba\/\"]}]},{\"@type\":\"ImageObject\",\"inLanguage\":\"lv-LV\",\"@id\":\"https:\/\/tammetalu.eu\/toode\/lilla-kroonlauk-alba\/#primaryimage\",\"url\":\"https:\/\/tammetalu.eu\/wp-content\/uploads\/2022\/08\/Lilla-kroonlauk-alba-tamme-talu-urdiaed-5.jpg\",\"contentUrl\":\"https:\/\/tammetalu.eu\/wp-content\/uploads\/2022\/08\/Lilla-kroonlauk-alba-tamme-talu-urdiaed-5.jpg\",\"width\":800,\"height\":800},{\"@type\":\"BreadcrumbList\",\"@id\":\"https:\/\/tammetalu.eu\/toode\/lilla-kroonlauk-alba\/#breadcrumb\",\"itemListElement\":[{\"@type\":\"ListItem\",\"position\":1,\"name\":\"Home\",\"item\":\"https:\/\/tammetalu.eu\/lv\/galvena-lapa\/\"},{\"@type\":\"ListItem\",\"position\":2,\"name\":\"Shop\",\"item\":\"https:\/\/tammetalu.eu\/lv\/shop\/\"},{\"@type\":\"ListItem\",\"position\":3,\"name\":\"Lilla kroonlauk &#8220;Alba&#8221;\"}]},{\"@type\":\"WebSite\",\"@id\":\"https:\/\/tammetalu.eu\/#website\",\"url\":\"https:\/\/tammetalu.eu\/\",\"name\":\"Tamme talu \u00fcrdiaed\",\"description\":\"K\u00e4sit\u00f6\u00f6na valmistatud tooted \u00fcrtidest, \u00fcrdiistikud, \u00fcrtide kollektsioonaed\",\"publisher\":{\"@id\":\"https:\/\/tammetalu.eu\/#organization\"},\"alternateName\":\"Tamme talu\",\"potentialAction\":[{\"@type\":\"SearchAction\",\"target\":{\"@type\":\"EntryPoint\",\"urlTemplate\":\"https:\/\/tammetalu.eu\/?s={search_term_string}\"},\"query-input\":{\"@type\":\"PropertyValueSpecification\",\"valueRequired\":true,\"valueName\":\"search_term_string\"}}],\"inLanguage\":\"lv-LV\"},{\"@type\":\"Organization\",\"@id\":\"https:\/\/tammetalu.eu\/#organization\",\"name\":\"Tamme talu \u00fcrdiaed\",\"alternateName\":\"Tamme talu\",\"url\":\"https:\/\/tammetalu.eu\/\",\"logo\":{\"@type\":\"ImageObject\",\"inLanguage\":\"lv-LV\",\"@id\":\"https:\/\/tammetalu.eu\/#\/schema\/logo\/image\/\",\"url\":\"https:\/\/tammetalu.eu\/wp-content\/uploads\/2025\/01\/Tamme_talu_urdiaed.png\",\"contentUrl\":\"https:\/\/tammetalu.eu\/wp-content\/uploads\/2025\/01\/Tamme_talu_urdiaed.png\",\"width\":560,\"height\":560,\"caption\":\"Tamme talu \u00fcrdiaed\"},\"image\":{\"@id\":\"https:\/\/tammetalu.eu\/#\/schema\/logo\/image\/\"},\"sameAs\":[\"https:\/\/www.facebook.com\/TammeTaluUrdiaed\/?locale=et_EE\",\"https:\/\/www.instagram.com\/tammetaluurdiaed\/\"]}]}<\/script>\n<!-- \/ Yoast SEO plugin. -->","yoast_head_json":{"title":"Lilla kroonlauk \"Alba\" - Tamme talu \u00fcrdiaed","robots":{"index":"index","follow":"follow","max-snippet":"max-snippet:-1","max-image-preview":"max-image-preview:large","max-video-preview":"max-video-preview:-1"},"canonical":"https:\/\/tammetalu.eu\/toode\/lilla-kroonlauk-alba\/","og_locale":"lv_LV","og_type":"article","og_title":"Lilla kroonlauk \"Alba\" - Tamme talu \u00fcrdiaed","og_description":"Tulbaghia violacea  Veidi k\u00fc\u00fcslaugu maitseliste lehtede ja lumivalgete \u00f5isikutega k\u00fclmahell p\u00fcsik. Kasvab kuni 60-70 cm k\u00f5rguseks rohtseks puhmaks. Suvel sobib taime kasvatada \u00f5ues potis, talveks vajab talvitumiseks siseruumi. V\u00e4ga vastupidav ning v\u00e4hen\u00f5udlik taim. Ei ole n\u00f5udlik mulla ega kasvupaiga suhtes. Suvel, kui on taimel aktiivne kasvuperiood, vajab rohkem kastmist kui talvel toas talvitudes. Lehed ning \u00f5ied on s\u00f6\u00f6davad, mida saab taimelt noppida aasta ringi.. Maitseb nagu sibul, k\u00fc\u00fcslauk, sinep ja m\u00e4dar\u00f5igas \u00fcheaegselt, v\u00e4ga p\u00f5nev lisand v\u00f5ileibadele ja salatitele. Hakitud lehed sobivad v\u00e4rskelt v\u00f5i hautatult erinevate roogade lisandiks.","og_url":"https:\/\/tammetalu.eu\/toode\/lilla-kroonlauk-alba\/","og_site_name":"Tamme talu \u00fcrdiaed","article_publisher":"https:\/\/www.facebook.com\/TammeTaluUrdiaed\/?locale=et_EE","article_modified_time":"2026-02-02T13:14:50+00:00","og_image":[{"width":800,"height":800,"url":"https:\/\/tammetalu.eu\/wp-content\/uploads\/2022\/08\/Lilla-kroonlauk-alba-tamme-talu-urdiaed-5.jpg","type":"image\/jpeg"}],"twitter_card":"summary_large_image","schema":{"@context":"https:\/\/schema.org","@graph":[{"@type":"WebPage","@id":"https:\/\/tammetalu.eu\/toode\/lilla-kroonlauk-alba\/","url":"https:\/\/tammetalu.eu\/toode\/lilla-kroonlauk-alba\/","name":"Lilla kroonlauk \"Alba\" - Tamme talu \u00fcrdiaed","isPartOf":{"@id":"https:\/\/tammetalu.eu\/#website"},"primaryImageOfPage":{"@id":"https:\/\/tammetalu.eu\/toode\/lilla-kroonlauk-alba\/#primaryimage"},"image":{"@id":"https:\/\/tammetalu.eu\/toode\/lilla-kroonlauk-alba\/#primaryimage"},"thumbnailUrl":"https:\/\/tammetalu.eu\/wp-content\/uploads\/2022\/08\/Lilla-kroonlauk-alba-tamme-talu-urdiaed-5.jpg","datePublished":"2022-08-09T06:10:50+00:00","dateModified":"2026-02-02T13:14:50+00:00","breadcrumb":{"@id":"https:\/\/tammetalu.eu\/toode\/lilla-kroonlauk-alba\/#breadcrumb"},"inLanguage":"lv-LV","potentialAction":[{"@type":"ReadAction","target":["https:\/\/tammetalu.eu\/toode\/lilla-kroonlauk-alba\/"]}]},{"@type":"ImageObject","inLanguage":"lv-LV","@id":"https:\/\/tammetalu.eu\/toode\/lilla-kroonlauk-alba\/#primaryimage","url":"https:\/\/tammetalu.eu\/wp-content\/uploads\/2022\/08\/Lilla-kroonlauk-alba-tamme-talu-urdiaed-5.jpg","contentUrl":"https:\/\/tammetalu.eu\/wp-content\/uploads\/2022\/08\/Lilla-kroonlauk-alba-tamme-talu-urdiaed-5.jpg","width":800,"height":800},{"@type":"BreadcrumbList","@id":"https:\/\/tammetalu.eu\/toode\/lilla-kroonlauk-alba\/#breadcrumb","itemListElement":[{"@type":"ListItem","position":1,"name":"Home","item":"https:\/\/tammetalu.eu\/lv\/galvena-lapa\/"},{"@type":"ListItem","position":2,"name":"Shop","item":"https:\/\/tammetalu.eu\/lv\/shop\/"},{"@type":"ListItem","position":3,"name":"Lilla kroonlauk &#8220;Alba&#8221;"}]},{"@type":"WebSite","@id":"https:\/\/tammetalu.eu\/#website","url":"https:\/\/tammetalu.eu\/","name":"Tamme talu \u00fcrdiaed","description":"K\u00e4sit\u00f6\u00f6na valmistatud tooted \u00fcrtidest, \u00fcrdiistikud, \u00fcrtide kollektsioonaed","publisher":{"@id":"https:\/\/tammetalu.eu\/#organization"},"alternateName":"Tamme talu","potentialAction":[{"@type":"SearchAction","target":{"@type":"EntryPoint","urlTemplate":"https:\/\/tammetalu.eu\/?s={search_term_string}"},"query-input":{"@type":"PropertyValueSpecification","valueRequired":true,"valueName":"search_term_string"}}],"inLanguage":"lv-LV"},{"@type":"Organization","@id":"https:\/\/tammetalu.eu\/#organization","name":"Tamme talu \u00fcrdiaed","alternateName":"Tamme talu","url":"https:\/\/tammetalu.eu\/","logo":{"@type":"ImageObject","inLanguage":"lv-LV","@id":"https:\/\/tammetalu.eu\/#\/schema\/logo\/image\/","url":"https:\/\/tammetalu.eu\/wp-content\/uploads\/2025\/01\/Tamme_talu_urdiaed.png","contentUrl":"https:\/\/tammetalu.eu\/wp-content\/uploads\/2025\/01\/Tamme_talu_urdiaed.png","width":560,"height":560,"caption":"Tamme talu \u00fcrdiaed"},"image":{"@id":"https:\/\/tammetalu.eu\/#\/schema\/logo\/image\/"},"sameAs":["https:\/\/www.facebook.com\/TammeTaluUrdiaed\/?locale=et_EE","https:\/\/www.instagram.com\/tammetaluurdiaed\/"]}]}},"_links":{"self":[{"href":"https:\/\/tammetalu.eu\/lv\/wp-json\/wp\/v2\/product\/16317","targetHints":{"allow":["GET"]}}],"collection":[{"href":"https:\/\/tammetalu.eu\/lv\/wp-json\/wp\/v2\/product"}],"about":[{"href":"https:\/\/tammetalu.eu\/lv\/wp-json\/wp\/v2\/types\/product"}],"wp:featuredmedia":[{"embeddable":true,"href":"https:\/\/tammetalu.eu\/lv\/wp-json\/wp\/v2\/media\/16409"}],"wp:attachment":[{"href":"https:\/\/tammetalu.eu\/lv\/wp-json\/wp\/v2\/media?parent=16317"}],"wp:term":[{"taxonomy":"product_brand","embeddable":true,"href":"https:\/\/tammetalu.eu\/lv\/wp-json\/wp\/v2\/product_brand?post=16317"},{"taxonomy":"product_cat","embeddable":true,"href":"https:\/\/tammetalu.eu\/lv\/wp-json\/wp\/v2\/product_cat?post=16317"},{"taxonomy":"product_tag","embeddable":true,"href":"https:\/\/tammetalu.eu\/lv\/wp-json\/wp\/v2\/product_tag?post=16317"}],"curies":[{"name":"wp","href":"https:\/\/api.w.org\/{rel}","templated":true}]}}