{"id":16702,"date":"2022-10-20T12:50:57","date_gmt":"2022-10-20T09:50:57","guid":{"rendered":"https:\/\/tammetalu.eu\/?post_type=product&#038;p=16702"},"modified":"2026-01-08T16:41:19","modified_gmt":"2026-01-08T14:41:19","slug":"kinkekomplekt-kuum-tervitus","status":"publish","type":"product","link":"https:\/\/tammetalu.eu\/lv\/toode\/kinkekomplekt-kuum-tervitus\/","title":{"rendered":"Kinkekomplekt &#8220;Kuum tervitus&#8221;"},"content":{"rendered":"","protected":false},"excerpt":{"rendered":"<p>Kinkekomplekt &#8220;Kuum tervitus&#8221; on t\u00e4is tuliseid maitsenaudinguid nii toidu valmistamiseks, ahjuprae k\u00f5rvale s\u00f6\u00f6miseks kui ka sn\u00e4kivaagna t\u00e4iustamiseks. Teadaolevalt tekitab t\u0161illi kehas m\u00f5nusalt sooja tunde just t\u00e4pselt nii nagu tekitab sooja tunde ka \u00fcks kuum tervitus healt s\u00f5bralt, l\u00e4hedaselt v\u00f5i koost\u00f6\u00f6partnerilt.<\/p>\n<p>Karbist leiad Tulise ampsu, Mahe T\u0161illid marinaadis, S\u00e4rtsusoola ja Siidri\u017eelee t\u0161illiga. Karbil on l\u00e4bipaistev kaas, mille \u00fcmber on seotud punane siidipael ja k\u00fcljes kaunilt kujundatud kaardike koos armsa s\u00f5numiga. Kinkija saab kaardile lisada kingisaaja nime. V\u00f5id kindel olla, et selle kingitusega r\u00f5\u00f5mustad igat tulise maitse austajat.<\/p>\n<p>Kinkekarpide koostamisel peame oluliseks keskkonnas\u00e4\u00e4stlikku ning &#8220;v\u00e4hem pr\u00fcgi&#8221; m\u00f5tteviisi. Seep\u00e4rast kasutame karbi sisuna <span style=\"color: #339966\"><a style=\"color: #339966\" href=\"https:\/\/raiku.co\/\">RAIKU<\/a><\/span> 100% naturaalset, komposteeruvat ja keskkonnas\u00f5bralikku pakkematerjali, mis on toodetud puidust. V\u00e4ljan\u00e4gemiselt ilus, stiilne ja luksuslik.<\/p>\n<p>R\u00f5\u00f5musta oma l\u00e4hedasi ja \u00e4ripartnereid armastusega loodud kingitustega, mis tulevad Tamme talust!<\/p>\n","protected":false},"featured_media":26108,"template":"","meta":{"_acf_changed":false,"_et_pb_use_builder":"","_et_pb_old_content":"","_et_gb_content_width":"","inline_featured_image":false},"product_brand":[],"product_cat":[225,185],"product_tag":[],"class_list":{"0":"post-16702","1":"product","2":"type-product","3":"status-publish","4":"has-post-thumbnail","6":"product_cat-kingiideed","7":"product_cat-kinkekomplektid","9":"first","10":"instock","11":"taxable","12":"shipping-taxable","13":"purchasable","14":"product-type-simple"},"acf":[],"yoast_head":"<!-- This site is optimized with the Yoast SEO plugin v26.4 - https:\/\/yoast.com\/wordpress\/plugins\/seo\/ -->\n<title>Kinkekomplekt &quot;Kuum tervitus&quot; - Tamme talu \u00fcrdiaed<\/title>\n<meta name=\"description\" content=\"&quot;Kuum tervitus&quot; on v\u00fcrtsikaid maitseid t\u00e4is kinkekomplekt. R\u00f5\u00f5musta oma l\u00e4hedasi ja \u00e4ripartnereid armastusega loodud kingitustega, mis tulevad Tamme talust!\" \/>\n<meta name=\"robots\" content=\"index, follow, max-snippet:-1, max-image-preview:large, max-video-preview:-1\" \/>\n<link rel=\"canonical\" href=\"https:\/\/tammetalu.eu\/toode\/kinkekomplekt-kuum-tervitus\/\" \/>\n<meta property=\"og:locale\" content=\"lv_LV\" \/>\n<meta property=\"og:type\" content=\"article\" \/>\n<meta property=\"og:title\" content=\"Kinkekomplekt &quot;Kuum tervitus&quot; - Tamme talu \u00fcrdiaed\" \/>\n<meta property=\"og:description\" content=\"&quot;Kuum tervitus&quot; on v\u00fcrtsikaid maitseid t\u00e4is kinkekomplekt. R\u00f5\u00f5musta oma l\u00e4hedasi ja \u00e4ripartnereid armastusega loodud kingitustega, mis tulevad Tamme talust!\" \/>\n<meta property=\"og:url\" content=\"https:\/\/tammetalu.eu\/toode\/kinkekomplekt-kuum-tervitus\/\" \/>\n<meta property=\"og:site_name\" content=\"Tamme talu \u00fcrdiaed\" \/>\n<meta property=\"article:publisher\" content=\"https:\/\/www.facebook.com\/TammeTaluUrdiaed\/?locale=et_EE\" \/>\n<meta property=\"article:modified_time\" content=\"2026-01-08T14:41:19+00:00\" \/>\n<meta property=\"og:image\" content=\"https:\/\/tammetalu.eu\/wp-content\/uploads\/2022\/10\/Tamme-talu-urdiaed-kuum-tervitus.jpg\" \/>\n\t<meta property=\"og:image:width\" content=\"1365\" \/>\n\t<meta property=\"og:image:height\" content=\"2048\" \/>\n\t<meta property=\"og:image:type\" content=\"image\/jpeg\" \/>\n<meta name=\"twitter:card\" content=\"summary_large_image\" \/>\n<meta name=\"twitter:label1\" content=\"Est. reading time\" \/>\n\t<meta name=\"twitter:data1\" content=\"1 minute\" \/>\n<script type=\"application\/ld+json\" class=\"yoast-schema-graph\">{\"@context\":\"https:\/\/schema.org\",\"@graph\":[{\"@type\":\"WebPage\",\"@id\":\"https:\/\/tammetalu.eu\/toode\/kinkekomplekt-kuum-tervitus\/\",\"url\":\"https:\/\/tammetalu.eu\/toode\/kinkekomplekt-kuum-tervitus\/\",\"name\":\"Kinkekomplekt \\\"Kuum tervitus\\\" - Tamme talu \u00fcrdiaed\",\"isPartOf\":{\"@id\":\"https:\/\/tammetalu.eu\/#website\"},\"primaryImageOfPage\":{\"@id\":\"https:\/\/tammetalu.eu\/toode\/kinkekomplekt-kuum-tervitus\/#primaryimage\"},\"image\":{\"@id\":\"https:\/\/tammetalu.eu\/toode\/kinkekomplekt-kuum-tervitus\/#primaryimage\"},\"thumbnailUrl\":\"https:\/\/tammetalu.eu\/wp-content\/uploads\/2022\/10\/Tamme-talu-urdiaed-kuum-tervitus.jpg\",\"datePublished\":\"2022-10-20T09:50:57+00:00\",\"dateModified\":\"2026-01-08T14:41:19+00:00\",\"description\":\"\\\"Kuum tervitus\\\" on v\u00fcrtsikaid maitseid t\u00e4is kinkekomplekt. R\u00f5\u00f5musta oma l\u00e4hedasi ja \u00e4ripartnereid armastusega loodud kingitustega, mis tulevad Tamme talust!\",\"breadcrumb\":{\"@id\":\"https:\/\/tammetalu.eu\/toode\/kinkekomplekt-kuum-tervitus\/#breadcrumb\"},\"inLanguage\":\"lv-LV\",\"potentialAction\":[{\"@type\":\"ReadAction\",\"target\":[\"https:\/\/tammetalu.eu\/toode\/kinkekomplekt-kuum-tervitus\/\"]}]},{\"@type\":\"ImageObject\",\"inLanguage\":\"lv-LV\",\"@id\":\"https:\/\/tammetalu.eu\/toode\/kinkekomplekt-kuum-tervitus\/#primaryimage\",\"url\":\"https:\/\/tammetalu.eu\/wp-content\/uploads\/2022\/10\/Tamme-talu-urdiaed-kuum-tervitus.jpg\",\"contentUrl\":\"https:\/\/tammetalu.eu\/wp-content\/uploads\/2022\/10\/Tamme-talu-urdiaed-kuum-tervitus.jpg\",\"width\":1365,\"height\":2048,\"caption\":\"tamme talu \u00fcrdiaed, kuum tervitus, kinkekarp, kinkekomplekt, \u00e4rikingitus\"},{\"@type\":\"BreadcrumbList\",\"@id\":\"https:\/\/tammetalu.eu\/toode\/kinkekomplekt-kuum-tervitus\/#breadcrumb\",\"itemListElement\":[{\"@type\":\"ListItem\",\"position\":1,\"name\":\"Home\",\"item\":\"https:\/\/tammetalu.eu\/lv\/galvena-lapa\/\"},{\"@type\":\"ListItem\",\"position\":2,\"name\":\"Shop\",\"item\":\"https:\/\/tammetalu.eu\/lv\/shop\/\"},{\"@type\":\"ListItem\",\"position\":3,\"name\":\"Kinkekomplekt &#8220;Kuum tervitus&#8221;\"}]},{\"@type\":\"WebSite\",\"@id\":\"https:\/\/tammetalu.eu\/#website\",\"url\":\"https:\/\/tammetalu.eu\/\",\"name\":\"Tamme talu \u00fcrdiaed\",\"description\":\"K\u00e4sit\u00f6\u00f6na valmistatud tooted \u00fcrtidest, \u00fcrdiistikud, \u00fcrtide kollektsioonaed\",\"publisher\":{\"@id\":\"https:\/\/tammetalu.eu\/#organization\"},\"alternateName\":\"Tamme talu\",\"potentialAction\":[{\"@type\":\"SearchAction\",\"target\":{\"@type\":\"EntryPoint\",\"urlTemplate\":\"https:\/\/tammetalu.eu\/?s={search_term_string}\"},\"query-input\":{\"@type\":\"PropertyValueSpecification\",\"valueRequired\":true,\"valueName\":\"search_term_string\"}}],\"inLanguage\":\"lv-LV\"},{\"@type\":\"Organization\",\"@id\":\"https:\/\/tammetalu.eu\/#organization\",\"name\":\"Tamme talu \u00fcrdiaed\",\"alternateName\":\"Tamme talu\",\"url\":\"https:\/\/tammetalu.eu\/\",\"logo\":{\"@type\":\"ImageObject\",\"inLanguage\":\"lv-LV\",\"@id\":\"https:\/\/tammetalu.eu\/#\/schema\/logo\/image\/\",\"url\":\"https:\/\/tammetalu.eu\/wp-content\/uploads\/2025\/01\/Tamme_talu_urdiaed.png\",\"contentUrl\":\"https:\/\/tammetalu.eu\/wp-content\/uploads\/2025\/01\/Tamme_talu_urdiaed.png\",\"width\":560,\"height\":560,\"caption\":\"Tamme talu \u00fcrdiaed\"},\"image\":{\"@id\":\"https:\/\/tammetalu.eu\/#\/schema\/logo\/image\/\"},\"sameAs\":[\"https:\/\/www.facebook.com\/TammeTaluUrdiaed\/?locale=et_EE\",\"https:\/\/www.instagram.com\/tammetaluurdiaed\/\"]}]}<\/script>\n<!-- \/ Yoast SEO plugin. -->","yoast_head_json":{"title":"Kinkekomplekt \"Kuum tervitus\" - Tamme talu \u00fcrdiaed","description":"\"Kuum tervitus\" on v\u00fcrtsikaid maitseid t\u00e4is kinkekomplekt. R\u00f5\u00f5musta oma l\u00e4hedasi ja \u00e4ripartnereid armastusega loodud kingitustega, mis tulevad Tamme talust!","robots":{"index":"index","follow":"follow","max-snippet":"max-snippet:-1","max-image-preview":"max-image-preview:large","max-video-preview":"max-video-preview:-1"},"canonical":"https:\/\/tammetalu.eu\/toode\/kinkekomplekt-kuum-tervitus\/","og_locale":"lv_LV","og_type":"article","og_title":"Kinkekomplekt \"Kuum tervitus\" - Tamme talu \u00fcrdiaed","og_description":"\"Kuum tervitus\" on v\u00fcrtsikaid maitseid t\u00e4is kinkekomplekt. R\u00f5\u00f5musta oma l\u00e4hedasi ja \u00e4ripartnereid armastusega loodud kingitustega, mis tulevad Tamme talust!","og_url":"https:\/\/tammetalu.eu\/toode\/kinkekomplekt-kuum-tervitus\/","og_site_name":"Tamme talu \u00fcrdiaed","article_publisher":"https:\/\/www.facebook.com\/TammeTaluUrdiaed\/?locale=et_EE","article_modified_time":"2026-01-08T14:41:19+00:00","og_image":[{"width":1365,"height":2048,"url":"https:\/\/tammetalu.eu\/wp-content\/uploads\/2022\/10\/Tamme-talu-urdiaed-kuum-tervitus.jpg","type":"image\/jpeg"}],"twitter_card":"summary_large_image","twitter_misc":{"Est. reading time":"1 minute"},"schema":{"@context":"https:\/\/schema.org","@graph":[{"@type":"WebPage","@id":"https:\/\/tammetalu.eu\/toode\/kinkekomplekt-kuum-tervitus\/","url":"https:\/\/tammetalu.eu\/toode\/kinkekomplekt-kuum-tervitus\/","name":"Kinkekomplekt \"Kuum tervitus\" - Tamme talu \u00fcrdiaed","isPartOf":{"@id":"https:\/\/tammetalu.eu\/#website"},"primaryImageOfPage":{"@id":"https:\/\/tammetalu.eu\/toode\/kinkekomplekt-kuum-tervitus\/#primaryimage"},"image":{"@id":"https:\/\/tammetalu.eu\/toode\/kinkekomplekt-kuum-tervitus\/#primaryimage"},"thumbnailUrl":"https:\/\/tammetalu.eu\/wp-content\/uploads\/2022\/10\/Tamme-talu-urdiaed-kuum-tervitus.jpg","datePublished":"2022-10-20T09:50:57+00:00","dateModified":"2026-01-08T14:41:19+00:00","description":"\"Kuum tervitus\" on v\u00fcrtsikaid maitseid t\u00e4is kinkekomplekt. R\u00f5\u00f5musta oma l\u00e4hedasi ja \u00e4ripartnereid armastusega loodud kingitustega, mis tulevad Tamme talust!","breadcrumb":{"@id":"https:\/\/tammetalu.eu\/toode\/kinkekomplekt-kuum-tervitus\/#breadcrumb"},"inLanguage":"lv-LV","potentialAction":[{"@type":"ReadAction","target":["https:\/\/tammetalu.eu\/toode\/kinkekomplekt-kuum-tervitus\/"]}]},{"@type":"ImageObject","inLanguage":"lv-LV","@id":"https:\/\/tammetalu.eu\/toode\/kinkekomplekt-kuum-tervitus\/#primaryimage","url":"https:\/\/tammetalu.eu\/wp-content\/uploads\/2022\/10\/Tamme-talu-urdiaed-kuum-tervitus.jpg","contentUrl":"https:\/\/tammetalu.eu\/wp-content\/uploads\/2022\/10\/Tamme-talu-urdiaed-kuum-tervitus.jpg","width":1365,"height":2048,"caption":"tamme talu \u00fcrdiaed, kuum tervitus, kinkekarp, kinkekomplekt, \u00e4rikingitus"},{"@type":"BreadcrumbList","@id":"https:\/\/tammetalu.eu\/toode\/kinkekomplekt-kuum-tervitus\/#breadcrumb","itemListElement":[{"@type":"ListItem","position":1,"name":"Home","item":"https:\/\/tammetalu.eu\/lv\/galvena-lapa\/"},{"@type":"ListItem","position":2,"name":"Shop","item":"https:\/\/tammetalu.eu\/lv\/shop\/"},{"@type":"ListItem","position":3,"name":"Kinkekomplekt &#8220;Kuum tervitus&#8221;"}]},{"@type":"WebSite","@id":"https:\/\/tammetalu.eu\/#website","url":"https:\/\/tammetalu.eu\/","name":"Tamme talu \u00fcrdiaed","description":"K\u00e4sit\u00f6\u00f6na valmistatud tooted \u00fcrtidest, \u00fcrdiistikud, \u00fcrtide kollektsioonaed","publisher":{"@id":"https:\/\/tammetalu.eu\/#organization"},"alternateName":"Tamme talu","potentialAction":[{"@type":"SearchAction","target":{"@type":"EntryPoint","urlTemplate":"https:\/\/tammetalu.eu\/?s={search_term_string}"},"query-input":{"@type":"PropertyValueSpecification","valueRequired":true,"valueName":"search_term_string"}}],"inLanguage":"lv-LV"},{"@type":"Organization","@id":"https:\/\/tammetalu.eu\/#organization","name":"Tamme talu \u00fcrdiaed","alternateName":"Tamme talu","url":"https:\/\/tammetalu.eu\/","logo":{"@type":"ImageObject","inLanguage":"lv-LV","@id":"https:\/\/tammetalu.eu\/#\/schema\/logo\/image\/","url":"https:\/\/tammetalu.eu\/wp-content\/uploads\/2025\/01\/Tamme_talu_urdiaed.png","contentUrl":"https:\/\/tammetalu.eu\/wp-content\/uploads\/2025\/01\/Tamme_talu_urdiaed.png","width":560,"height":560,"caption":"Tamme talu \u00fcrdiaed"},"image":{"@id":"https:\/\/tammetalu.eu\/#\/schema\/logo\/image\/"},"sameAs":["https:\/\/www.facebook.com\/TammeTaluUrdiaed\/?locale=et_EE","https:\/\/www.instagram.com\/tammetaluurdiaed\/"]}]}},"_links":{"self":[{"href":"https:\/\/tammetalu.eu\/lv\/wp-json\/wp\/v2\/product\/16702","targetHints":{"allow":["GET"]}}],"collection":[{"href":"https:\/\/tammetalu.eu\/lv\/wp-json\/wp\/v2\/product"}],"about":[{"href":"https:\/\/tammetalu.eu\/lv\/wp-json\/wp\/v2\/types\/product"}],"wp:featuredmedia":[{"embeddable":true,"href":"https:\/\/tammetalu.eu\/lv\/wp-json\/wp\/v2\/media\/26108"}],"wp:attachment":[{"href":"https:\/\/tammetalu.eu\/lv\/wp-json\/wp\/v2\/media?parent=16702"}],"wp:term":[{"taxonomy":"product_brand","embeddable":true,"href":"https:\/\/tammetalu.eu\/lv\/wp-json\/wp\/v2\/product_brand?post=16702"},{"taxonomy":"product_cat","embeddable":true,"href":"https:\/\/tammetalu.eu\/lv\/wp-json\/wp\/v2\/product_cat?post=16702"},{"taxonomy":"product_tag","embeddable":true,"href":"https:\/\/tammetalu.eu\/lv\/wp-json\/wp\/v2\/product_tag?post=16702"}],"curies":[{"name":"wp","href":"https:\/\/api.w.org\/{rel}","templated":true}]}}