{"id":17599,"date":"2023-04-11T13:39:34","date_gmt":"2023-04-11T10:39:34","guid":{"rendered":"https:\/\/tammetalu.eu\/?post_type=product&#038;p=17599"},"modified":"2026-05-04T08:49:35","modified_gmt":"2026-05-04T05:49:35","slug":"baikali-tihashein","status":"publish","type":"product","link":"https:\/\/tammetalu.eu\/lv\/toode\/baikali-tihashein\/","title":{"rendered":"Baikali tihashein"},"content":{"rendered":"","protected":false},"excerpt":{"rendered":"<p><em>Scutellaria baicalensis<\/em><\/p>\n<p>Baikali tihashein on rohtse puhmikuna kasvav sinakaslillade \u00f5isikutega taim, mille looduslik leviala on Mongoolia, P\u00f5hja-Hiina, Venemaa ja Kaug-Ida. Taimele sobib kasvamiseks p\u00e4ikeseline kuni poolvarjuline, kuivema kuni parasniiske kruusase mullaga peenar. Baikali tihashein on talvekindel. Sobib kasvatamiseks looduliku ilmega aedades, on tolmeldajatele sobiv taim.<\/p>\n<p>Hiina meditsiinis kasutatakse baikali tihasheina juuri k\u00f5hulahtisuse, unetuse, k\u00f5rgverer\u00f5hkt\u00f5be ja muude sarnaste terviseh\u00e4dade puhul.<\/p>\n<p>Baikali tihasheina taimi hakkame v\u00e4lja saatma alates mai keskpaigast.<\/p>\n","protected":false},"featured_media":17600,"template":"","meta":{"_acf_changed":false,"_et_pb_use_builder":"","_et_pb_old_content":"","_et_gb_content_width":"","inline_featured_image":false},"product_brand":[],"product_cat":[186,200],"product_tag":[],"class_list":{"0":"post-17599","1":"product","2":"type-product","3":"status-publish","4":"has-post-thumbnail","6":"product_cat-maitse-ja-ravimtaimede-istikud","7":"product_cat-muud-maitsetaimed","9":"first","10":"outofstock","11":"taxable","12":"shipping-taxable","13":"purchasable","14":"product-type-simple"},"acf":[],"yoast_head":"<!-- This site is optimized with the Yoast SEO plugin v27.5 - https:\/\/yoast.com\/product\/yoast-seo-wordpress\/ -->\n<title>Baikali tihashein - Tamme talu \u00fcrdiaed<\/title>\n<meta name=\"robots\" content=\"index, follow, max-snippet:-1, max-image-preview:large, max-video-preview:-1\" \/>\n<link rel=\"canonical\" href=\"https:\/\/tammetalu.eu\/toode\/baikali-tihashein\/\" \/>\n<meta property=\"og:locale\" content=\"lv_LV\" \/>\n<meta property=\"og:type\" content=\"article\" \/>\n<meta property=\"og:title\" content=\"Baikali tihashein - Tamme talu \u00fcrdiaed\" \/>\n<meta property=\"og:description\" content=\"Scutellaria baicalensis  Baikali tihashein on rohtse puhmikuna kasvav sinakaslillade \u00f5isikutega taim, mille looduslik leviala on Mongoolia, P\u00f5hja-Hiina, Venemaa ja Kaug-Ida. Taimele sobib kasvamiseks p\u00e4ikeseline kuni poolvarjuline, kuivema kuni parasniiske kruusase mullaga peenar. Baikali tihashein on talvekindel. Sobib kasvatamiseks looduliku ilmega aedades, on tolmeldajatele sobiv taim.  Hiina meditsiinis kasutatakse baikali tihasheina juuri k\u00f5hulahtisuse, unetuse, k\u00f5rgverer\u00f5hkt\u00f5be ja muude sarnaste terviseh\u00e4dade puhul.  Baikali tihasheina taimi hakkame v\u00e4lja saatma alates mai keskpaigast.\" \/>\n<meta property=\"og:url\" content=\"https:\/\/tammetalu.eu\/toode\/baikali-tihashein\/\" \/>\n<meta property=\"og:site_name\" content=\"Tamme talu \u00fcrdiaed\" \/>\n<meta property=\"article:publisher\" content=\"https:\/\/www.facebook.com\/TammeTaluUrdiaed\/?locale=et_EE\" \/>\n<meta property=\"article:modified_time\" content=\"2026-05-04T05:49:35+00:00\" \/>\n<meta property=\"og:image\" content=\"https:\/\/tammetalu.eu\/wp-content\/uploads\/2023\/04\/Baikali_tihashein_Scutellaria_baicalensis_tamme_talu_urdiaed.jpg\" \/>\n\t<meta property=\"og:image:width\" content=\"480\" \/>\n\t<meta property=\"og:image:height\" content=\"600\" \/>\n\t<meta property=\"og:image:type\" content=\"image\/jpeg\" \/>\n<meta name=\"twitter:card\" content=\"summary_large_image\" \/>\n<meta name=\"twitter:label1\" content=\"Est. reading time\" \/>\n\t<meta name=\"twitter:data1\" content=\"1 minute\" \/>\n<script type=\"application\/ld+json\" class=\"yoast-schema-graph\">{\"@context\":\"https:\\\/\\\/schema.org\",\"@graph\":[{\"@type\":\"WebPage\",\"@id\":\"https:\\\/\\\/tammetalu.eu\\\/toode\\\/baikali-tihashein\\\/\",\"url\":\"https:\\\/\\\/tammetalu.eu\\\/toode\\\/baikali-tihashein\\\/\",\"name\":\"Baikali tihashein - Tamme talu \u00fcrdiaed\",\"isPartOf\":{\"@id\":\"https:\\\/\\\/tammetalu.eu\\\/#website\"},\"primaryImageOfPage\":{\"@id\":\"https:\\\/\\\/tammetalu.eu\\\/toode\\\/baikali-tihashein\\\/#primaryimage\"},\"image\":{\"@id\":\"https:\\\/\\\/tammetalu.eu\\\/toode\\\/baikali-tihashein\\\/#primaryimage\"},\"thumbnailUrl\":\"https:\\\/\\\/tammetalu.eu\\\/wp-content\\\/uploads\\\/2023\\\/04\\\/Baikali_tihashein_Scutellaria_baicalensis_tamme_talu_urdiaed.jpg\",\"datePublished\":\"2023-04-11T10:39:34+00:00\",\"dateModified\":\"2026-05-04T05:49:35+00:00\",\"breadcrumb\":{\"@id\":\"https:\\\/\\\/tammetalu.eu\\\/toode\\\/baikali-tihashein\\\/#breadcrumb\"},\"inLanguage\":\"lv-LV\",\"potentialAction\":[{\"@type\":\"ReadAction\",\"target\":[\"https:\\\/\\\/tammetalu.eu\\\/toode\\\/baikali-tihashein\\\/\"]}]},{\"@type\":\"ImageObject\",\"inLanguage\":\"lv-LV\",\"@id\":\"https:\\\/\\\/tammetalu.eu\\\/toode\\\/baikali-tihashein\\\/#primaryimage\",\"url\":\"https:\\\/\\\/tammetalu.eu\\\/wp-content\\\/uploads\\\/2023\\\/04\\\/Baikali_tihashein_Scutellaria_baicalensis_tamme_talu_urdiaed.jpg\",\"contentUrl\":\"https:\\\/\\\/tammetalu.eu\\\/wp-content\\\/uploads\\\/2023\\\/04\\\/Baikali_tihashein_Scutellaria_baicalensis_tamme_talu_urdiaed.jpg\",\"width\":480,\"height\":600,\"caption\":\"Baikali_tihashein_Scutellaria_baicalensis_tamme_talu_urdiaed\"},{\"@type\":\"BreadcrumbList\",\"@id\":\"https:\\\/\\\/tammetalu.eu\\\/toode\\\/baikali-tihashein\\\/#breadcrumb\",\"itemListElement\":[{\"@type\":\"ListItem\",\"position\":1,\"name\":\"Home\",\"item\":\"https:\\\/\\\/tammetalu.eu\\\/lv\\\/galvena-lapa\\\/\"},{\"@type\":\"ListItem\",\"position\":2,\"name\":\"Shop\",\"item\":\"https:\\\/\\\/tammetalu.eu\\\/lv\\\/shop\\\/\"},{\"@type\":\"ListItem\",\"position\":3,\"name\":\"Baikali tihashein\"}]},{\"@type\":\"WebSite\",\"@id\":\"https:\\\/\\\/tammetalu.eu\\\/#website\",\"url\":\"https:\\\/\\\/tammetalu.eu\\\/\",\"name\":\"Tamme talu \u00fcrdiaed\",\"description\":\"K\u00e4sit\u00f6\u00f6na valmistatud tooted \u00fcrtidest, \u00fcrdiistikud, \u00fcrtide kollektsioonaed\",\"publisher\":{\"@id\":\"https:\\\/\\\/tammetalu.eu\\\/#organization\"},\"alternateName\":\"Tamme talu\",\"potentialAction\":[{\"@type\":\"SearchAction\",\"target\":{\"@type\":\"EntryPoint\",\"urlTemplate\":\"https:\\\/\\\/tammetalu.eu\\\/?s={search_term_string}\"},\"query-input\":{\"@type\":\"PropertyValueSpecification\",\"valueRequired\":true,\"valueName\":\"search_term_string\"}}],\"inLanguage\":\"lv-LV\"},{\"@type\":\"Organization\",\"@id\":\"https:\\\/\\\/tammetalu.eu\\\/#organization\",\"name\":\"Tamme talu \u00fcrdiaed\",\"alternateName\":\"Tamme talu\",\"url\":\"https:\\\/\\\/tammetalu.eu\\\/\",\"logo\":{\"@type\":\"ImageObject\",\"inLanguage\":\"lv-LV\",\"@id\":\"https:\\\/\\\/tammetalu.eu\\\/#\\\/schema\\\/logo\\\/image\\\/\",\"url\":\"https:\\\/\\\/tammetalu.eu\\\/wp-content\\\/uploads\\\/2025\\\/01\\\/Tamme_talu_urdiaed.png\",\"contentUrl\":\"https:\\\/\\\/tammetalu.eu\\\/wp-content\\\/uploads\\\/2025\\\/01\\\/Tamme_talu_urdiaed.png\",\"width\":560,\"height\":560,\"caption\":\"Tamme talu \u00fcrdiaed\"},\"image\":{\"@id\":\"https:\\\/\\\/tammetalu.eu\\\/#\\\/schema\\\/logo\\\/image\\\/\"},\"sameAs\":[\"https:\\\/\\\/www.facebook.com\\\/TammeTaluUrdiaed\\\/?locale=et_EE\",\"https:\\\/\\\/www.instagram.com\\\/tammetaluurdiaed\\\/\"]}]}<\/script>\n<!-- \/ Yoast SEO plugin. -->","yoast_head_json":{"title":"Baikali tihashein - Tamme talu \u00fcrdiaed","robots":{"index":"index","follow":"follow","max-snippet":"max-snippet:-1","max-image-preview":"max-image-preview:large","max-video-preview":"max-video-preview:-1"},"canonical":"https:\/\/tammetalu.eu\/toode\/baikali-tihashein\/","og_locale":"lv_LV","og_type":"article","og_title":"Baikali tihashein - Tamme talu \u00fcrdiaed","og_description":"Scutellaria baicalensis  Baikali tihashein on rohtse puhmikuna kasvav sinakaslillade \u00f5isikutega taim, mille looduslik leviala on Mongoolia, P\u00f5hja-Hiina, Venemaa ja Kaug-Ida. Taimele sobib kasvamiseks p\u00e4ikeseline kuni poolvarjuline, kuivema kuni parasniiske kruusase mullaga peenar. Baikali tihashein on talvekindel. Sobib kasvatamiseks looduliku ilmega aedades, on tolmeldajatele sobiv taim.  Hiina meditsiinis kasutatakse baikali tihasheina juuri k\u00f5hulahtisuse, unetuse, k\u00f5rgverer\u00f5hkt\u00f5be ja muude sarnaste terviseh\u00e4dade puhul.  Baikali tihasheina taimi hakkame v\u00e4lja saatma alates mai keskpaigast.","og_url":"https:\/\/tammetalu.eu\/toode\/baikali-tihashein\/","og_site_name":"Tamme talu \u00fcrdiaed","article_publisher":"https:\/\/www.facebook.com\/TammeTaluUrdiaed\/?locale=et_EE","article_modified_time":"2026-05-04T05:49:35+00:00","og_image":[{"width":480,"height":600,"url":"https:\/\/tammetalu.eu\/wp-content\/uploads\/2023\/04\/Baikali_tihashein_Scutellaria_baicalensis_tamme_talu_urdiaed.jpg","type":"image\/jpeg"}],"twitter_card":"summary_large_image","twitter_misc":{"Est. reading time":"1 minute"},"schema":{"@context":"https:\/\/schema.org","@graph":[{"@type":"WebPage","@id":"https:\/\/tammetalu.eu\/toode\/baikali-tihashein\/","url":"https:\/\/tammetalu.eu\/toode\/baikali-tihashein\/","name":"Baikali tihashein - Tamme talu \u00fcrdiaed","isPartOf":{"@id":"https:\/\/tammetalu.eu\/#website"},"primaryImageOfPage":{"@id":"https:\/\/tammetalu.eu\/toode\/baikali-tihashein\/#primaryimage"},"image":{"@id":"https:\/\/tammetalu.eu\/toode\/baikali-tihashein\/#primaryimage"},"thumbnailUrl":"https:\/\/tammetalu.eu\/wp-content\/uploads\/2023\/04\/Baikali_tihashein_Scutellaria_baicalensis_tamme_talu_urdiaed.jpg","datePublished":"2023-04-11T10:39:34+00:00","dateModified":"2026-05-04T05:49:35+00:00","breadcrumb":{"@id":"https:\/\/tammetalu.eu\/toode\/baikali-tihashein\/#breadcrumb"},"inLanguage":"lv-LV","potentialAction":[{"@type":"ReadAction","target":["https:\/\/tammetalu.eu\/toode\/baikali-tihashein\/"]}]},{"@type":"ImageObject","inLanguage":"lv-LV","@id":"https:\/\/tammetalu.eu\/toode\/baikali-tihashein\/#primaryimage","url":"https:\/\/tammetalu.eu\/wp-content\/uploads\/2023\/04\/Baikali_tihashein_Scutellaria_baicalensis_tamme_talu_urdiaed.jpg","contentUrl":"https:\/\/tammetalu.eu\/wp-content\/uploads\/2023\/04\/Baikali_tihashein_Scutellaria_baicalensis_tamme_talu_urdiaed.jpg","width":480,"height":600,"caption":"Baikali_tihashein_Scutellaria_baicalensis_tamme_talu_urdiaed"},{"@type":"BreadcrumbList","@id":"https:\/\/tammetalu.eu\/toode\/baikali-tihashein\/#breadcrumb","itemListElement":[{"@type":"ListItem","position":1,"name":"Home","item":"https:\/\/tammetalu.eu\/lv\/galvena-lapa\/"},{"@type":"ListItem","position":2,"name":"Shop","item":"https:\/\/tammetalu.eu\/lv\/shop\/"},{"@type":"ListItem","position":3,"name":"Baikali tihashein"}]},{"@type":"WebSite","@id":"https:\/\/tammetalu.eu\/#website","url":"https:\/\/tammetalu.eu\/","name":"Tamme talu \u00fcrdiaed","description":"K\u00e4sit\u00f6\u00f6na valmistatud tooted \u00fcrtidest, \u00fcrdiistikud, \u00fcrtide kollektsioonaed","publisher":{"@id":"https:\/\/tammetalu.eu\/#organization"},"alternateName":"Tamme talu","potentialAction":[{"@type":"SearchAction","target":{"@type":"EntryPoint","urlTemplate":"https:\/\/tammetalu.eu\/?s={search_term_string}"},"query-input":{"@type":"PropertyValueSpecification","valueRequired":true,"valueName":"search_term_string"}}],"inLanguage":"lv-LV"},{"@type":"Organization","@id":"https:\/\/tammetalu.eu\/#organization","name":"Tamme talu \u00fcrdiaed","alternateName":"Tamme talu","url":"https:\/\/tammetalu.eu\/","logo":{"@type":"ImageObject","inLanguage":"lv-LV","@id":"https:\/\/tammetalu.eu\/#\/schema\/logo\/image\/","url":"https:\/\/tammetalu.eu\/wp-content\/uploads\/2025\/01\/Tamme_talu_urdiaed.png","contentUrl":"https:\/\/tammetalu.eu\/wp-content\/uploads\/2025\/01\/Tamme_talu_urdiaed.png","width":560,"height":560,"caption":"Tamme talu \u00fcrdiaed"},"image":{"@id":"https:\/\/tammetalu.eu\/#\/schema\/logo\/image\/"},"sameAs":["https:\/\/www.facebook.com\/TammeTaluUrdiaed\/?locale=et_EE","https:\/\/www.instagram.com\/tammetaluurdiaed\/"]}]}},"_links":{"self":[{"href":"https:\/\/tammetalu.eu\/lv\/wp-json\/wp\/v2\/product\/17599","targetHints":{"allow":["GET"]}}],"collection":[{"href":"https:\/\/tammetalu.eu\/lv\/wp-json\/wp\/v2\/product"}],"about":[{"href":"https:\/\/tammetalu.eu\/lv\/wp-json\/wp\/v2\/types\/product"}],"wp:featuredmedia":[{"embeddable":true,"href":"https:\/\/tammetalu.eu\/lv\/wp-json\/wp\/v2\/media\/17600"}],"wp:attachment":[{"href":"https:\/\/tammetalu.eu\/lv\/wp-json\/wp\/v2\/media?parent=17599"}],"wp:term":[{"taxonomy":"product_brand","embeddable":true,"href":"https:\/\/tammetalu.eu\/lv\/wp-json\/wp\/v2\/product_brand?post=17599"},{"taxonomy":"product_cat","embeddable":true,"href":"https:\/\/tammetalu.eu\/lv\/wp-json\/wp\/v2\/product_cat?post=17599"},{"taxonomy":"product_tag","embeddable":true,"href":"https:\/\/tammetalu.eu\/lv\/wp-json\/wp\/v2\/product_tag?post=17599"}],"curies":[{"name":"wp","href":"https:\/\/api.w.org\/{rel}","templated":true}]}}