{"id":17640,"date":"2023-04-11T14:39:55","date_gmt":"2023-04-11T11:39:55","guid":{"rendered":"https:\/\/tammetalu.eu\/?post_type=product&#038;p=17640"},"modified":"2026-05-02T09:37:02","modified_gmt":"2026-05-02T06:37:02","slug":"harilik-artisokk","status":"publish","type":"product","link":"https:\/\/tammetalu.eu\/lv\/toode\/harilik-artisokk\/","title":{"rendered":"Harilik arti\u0161okk"},"content":{"rendered":"","protected":false},"excerpt":{"rendered":"<p><em>Cynara cardunculus subsp. cardunculus<\/em><\/p>\n<p>Harilik arti\u0161okk n\u00e4eb v\u00e4lja nagu suur uhke ohakas ja on \u00fcheaegselt k\u00f6\u00f6givili, ravimtaim ja ilutaim.<\/p>\n<p><span style=\"font-weight: 400\">Harilik arti\u0161okk v\u00f5ib kasvada meie tingimustes suve jooksul1-1,5m k\u00f5rguseks uhkeks hallikastoheliste dekoratiivsete lehtedega puhmaks<\/span><span style=\"font-weight: 400\">. J\u00f5uab kohe esimesel kasvuaastal \u00f5isikunupud kasvatada. Arti\u0161oki \u00f5isikud, <\/span><span style=\"font-weight: 400\">mis sarnanevad v\u00e4ga oma v\u00e4limuselt ohaka \u00f5isikutele kuid on neist olulisemalt suuremad ning v\u00e4ga dekoratiivsed. Toiduks tarvitatakse arti\u0161oki lihakaid \u00f5iep\u00f5hju, mis on v\u00e4ga v\u00e4\u00e4rtuslik ja maitsev delikatessk\u00f6\u00f6givili.\u00a0 Arti\u0161oki lehed on l\u00f5histunud ja v\u00e4ga dekoratiivsed\u00a0 hallikasrohelised ja neid kasutatakse ravimtaimena. Lehed sisaldavad bioaktiivseid aineid ja On leitud, et arti\u0161okk omab antioks\u00fcdantset, antimikroobset ja p\u00f5letikuvastast toimet. Arti\u0161okist v\u00f5ib kasu olla s\u00fcdame-veresoonkonna haiguste riskitegurite (n\u00e4iteks kolesterooli), diabeedi, seedektrakti haiguste ja maksahaiguste ravis.<\/span><\/p>\n<p><span style=\"font-weight: 400\">Harilik arti\u0161okk kasvab v\u00e4ga h\u00e4sti kuivemas v\u00f5i parasniiskes aiamullas t\u00e4isp\u00e4ikeses <\/span><span style=\"font-weight: 400\">v\u00f5i poolvarjus. Uhke kasvu tagamiseks vajab rammusat mulda v\u00f5i v\u00e4etamist h\u00e4sti laagerdunud komposti v\u00f5i k\u00f5dus\u00f5nnikuga. Talveks tuleb taime kind<\/span><span style=\"font-weight: 400\">lasti katta, sest hukutavalt v\u00f5ib arti\u0161okitaimedele m\u00f5juda just talvine niiskus ja pidevalt m\u00e4rg pinnas. V\u00f5imalik on ka s\u00fcgisel juurepall v\u00e4lja kaevata ja kuiva kasvuhoonesse v\u00f5i keldrisse talvituma viia.<\/span><\/p>\n<p><span style=\"font-weight: 400\">Harilik arti\u0161okk sobib kaunistama oma uhke kasvuga nii<\/span><span style=\"font-weight: 400\">\u00a0lillepeenraid kui k\u00f6\u00f6giviljaaeda.\u00a0<\/span><span style=\"font-weight: 400\">\u00d6\u00f6k\u00fclmade eest tuleb noori \u00e4sja istutatud taimi kindlasti kaitsta.<\/span><\/p>\n<p>&nbsp;<\/p>\n","protected":false},"featured_media":17641,"template":"","meta":{"_acf_changed":false,"_et_pb_use_builder":"","_et_pb_old_content":"","_et_gb_content_width":"","inline_featured_image":false},"product_brand":[],"product_cat":[186,203],"product_tag":[],"class_list":{"0":"post-17640","1":"product","2":"type-product","3":"status-publish","4":"has-post-thumbnail","6":"product_cat-maitse-ja-ravimtaimede-istikud","7":"product_cat-ponevad-koogiviljad","9":"first","10":"instock","11":"sale","12":"taxable","13":"shipping-taxable","14":"purchasable","15":"product-type-simple"},"acf":[],"yoast_head":"<!-- This site is optimized with the Yoast SEO plugin v26.4 - https:\/\/yoast.com\/wordpress\/plugins\/seo\/ -->\n<title>Harilik arti\u0161okk - Tamme talu \u00fcrdiaed<\/title>\n<meta name=\"robots\" content=\"index, follow, max-snippet:-1, max-image-preview:large, max-video-preview:-1\" \/>\n<link rel=\"canonical\" href=\"https:\/\/tammetalu.eu\/toode\/harilik-artisokk\/\" \/>\n<meta property=\"og:locale\" content=\"lv_LV\" \/>\n<meta property=\"og:type\" content=\"article\" \/>\n<meta property=\"og:title\" content=\"Harilik arti\u0161okk - Tamme talu \u00fcrdiaed\" \/>\n<meta property=\"og:description\" content=\"Cynara cardunculus subsp. cardunculus  Harilik arti\u0161okk n\u00e4eb v\u00e4lja nagu suur uhke ohakas ja on \u00fcheaegselt k\u00f6\u00f6givili, ravimtaim ja ilutaim.  Harilik arti\u0161okk v\u00f5ib kasvada meie tingimustes suve jooksul1-1,5m k\u00f5rguseks uhkeks hallikastoheliste dekoratiivsete lehtedega puhmaks. J\u00f5uab kohe esimesel kasvuaastal \u00f5isikunupud kasvatada. Arti\u0161oki \u00f5isikud, mis sarnanevad v\u00e4ga oma v\u00e4limuselt ohaka \u00f5isikutele kuid on neist olulisemalt suuremad ning v\u00e4ga dekoratiivsed. Toiduks tarvitatakse arti\u0161oki lihakaid \u00f5iep\u00f5hju, mis on v\u00e4ga v\u00e4\u00e4rtuslik ja maitsev delikatessk\u00f6\u00f6givili.\u00a0 Arti\u0161oki lehed on l\u00f5histunud ja v\u00e4ga dekoratiivsed\u00a0 hallikasrohelised ja neid kasutatakse ravimtaimena. Lehed sisaldavad bioaktiivseid aineid ja On leitud, et arti\u0161okk omab antioks\u00fcdantset, antimikroobset ja p\u00f5letikuvastast toimet. Arti\u0161okist v\u00f5ib kasu olla s\u00fcdame-veresoonkonna haiguste riskitegurite (n\u00e4iteks kolesterooli), diabeedi, seedektrakti haiguste ja maksahaiguste ravis.  Harilik arti\u0161okk kasvab v\u00e4ga h\u00e4sti kuivemas v\u00f5i parasniiskes aiamullas t\u00e4isp\u00e4ikeses v\u00f5i poolvarjus. Uhke kasvu tagamiseks vajab rammusat mulda v\u00f5i v\u00e4etamist h\u00e4sti laagerdunud komposti v\u00f5i k\u00f5dus\u00f5nnikuga. Talveks tuleb taime kindlasti katta, sest hukutavalt v\u00f5ib arti\u0161okitaimedele m\u00f5juda just talvine niiskus ja pidevalt m\u00e4rg pinnas. V\u00f5imalik on ka s\u00fcgisel juurepall v\u00e4lja kaevata ja kuiva kasvuhoonesse v\u00f5i keldrisse talvituma viia.  Harilik arti\u0161okk sobib kaunistama oma uhke kasvuga nii\u00a0lillepeenraid kui k\u00f6\u00f6giviljaaeda.\u00a0\u00d6\u00f6k\u00fclmade eest tuleb noori \u00e4sja istutatud taimi kindlasti kaitsta.  &nbsp;\" \/>\n<meta property=\"og:url\" content=\"https:\/\/tammetalu.eu\/toode\/harilik-artisokk\/\" \/>\n<meta property=\"og:site_name\" content=\"Tamme talu \u00fcrdiaed\" \/>\n<meta property=\"article:publisher\" content=\"https:\/\/www.facebook.com\/TammeTaluUrdiaed\/?locale=et_EE\" \/>\n<meta property=\"article:modified_time\" content=\"2026-05-02T06:37:02+00:00\" \/>\n<meta property=\"og:image\" content=\"https:\/\/tammetalu.eu\/wp-content\/uploads\/2023\/04\/harilik-artisokk-Cynara-scolymus-tamme-talu-urdiaed.jpg\" \/>\n\t<meta property=\"og:image:width\" content=\"600\" \/>\n\t<meta property=\"og:image:height\" content=\"450\" \/>\n\t<meta property=\"og:image:type\" content=\"image\/jpeg\" \/>\n<meta name=\"twitter:card\" content=\"summary_large_image\" \/>\n<meta name=\"twitter:label1\" content=\"Est. reading time\" \/>\n\t<meta name=\"twitter:data1\" content=\"1 minute\" \/>\n<script type=\"application\/ld+json\" class=\"yoast-schema-graph\">{\"@context\":\"https:\/\/schema.org\",\"@graph\":[{\"@type\":\"WebPage\",\"@id\":\"https:\/\/tammetalu.eu\/toode\/harilik-artisokk\/\",\"url\":\"https:\/\/tammetalu.eu\/toode\/harilik-artisokk\/\",\"name\":\"Harilik arti\u0161okk - Tamme talu \u00fcrdiaed\",\"isPartOf\":{\"@id\":\"https:\/\/tammetalu.eu\/#website\"},\"primaryImageOfPage\":{\"@id\":\"https:\/\/tammetalu.eu\/toode\/harilik-artisokk\/#primaryimage\"},\"image\":{\"@id\":\"https:\/\/tammetalu.eu\/toode\/harilik-artisokk\/#primaryimage\"},\"thumbnailUrl\":\"https:\/\/tammetalu.eu\/wp-content\/uploads\/2023\/04\/harilik-artisokk-Cynara-scolymus-tamme-talu-urdiaed.jpg\",\"datePublished\":\"2023-04-11T11:39:55+00:00\",\"dateModified\":\"2026-05-02T06:37:02+00:00\",\"breadcrumb\":{\"@id\":\"https:\/\/tammetalu.eu\/toode\/harilik-artisokk\/#breadcrumb\"},\"inLanguage\":\"lv-LV\",\"potentialAction\":[{\"@type\":\"ReadAction\",\"target\":[\"https:\/\/tammetalu.eu\/toode\/harilik-artisokk\/\"]}]},{\"@type\":\"ImageObject\",\"inLanguage\":\"lv-LV\",\"@id\":\"https:\/\/tammetalu.eu\/toode\/harilik-artisokk\/#primaryimage\",\"url\":\"https:\/\/tammetalu.eu\/wp-content\/uploads\/2023\/04\/harilik-artisokk-Cynara-scolymus-tamme-talu-urdiaed.jpg\",\"contentUrl\":\"https:\/\/tammetalu.eu\/wp-content\/uploads\/2023\/04\/harilik-artisokk-Cynara-scolymus-tamme-talu-urdiaed.jpg\",\"width\":600,\"height\":450,\"caption\":\"harilik-artisokk-Cynara-scolymus-tamme-talu-urdiaed\"},{\"@type\":\"BreadcrumbList\",\"@id\":\"https:\/\/tammetalu.eu\/toode\/harilik-artisokk\/#breadcrumb\",\"itemListElement\":[{\"@type\":\"ListItem\",\"position\":1,\"name\":\"Home\",\"item\":\"https:\/\/tammetalu.eu\/lv\/galvena-lapa\/\"},{\"@type\":\"ListItem\",\"position\":2,\"name\":\"Shop\",\"item\":\"https:\/\/tammetalu.eu\/lv\/shop\/\"},{\"@type\":\"ListItem\",\"position\":3,\"name\":\"Harilik arti\u0161okk\"}]},{\"@type\":\"WebSite\",\"@id\":\"https:\/\/tammetalu.eu\/#website\",\"url\":\"https:\/\/tammetalu.eu\/\",\"name\":\"Tamme talu \u00fcrdiaed\",\"description\":\"K\u00e4sit\u00f6\u00f6na valmistatud tooted \u00fcrtidest, \u00fcrdiistikud, \u00fcrtide kollektsioonaed\",\"publisher\":{\"@id\":\"https:\/\/tammetalu.eu\/#organization\"},\"alternateName\":\"Tamme talu\",\"potentialAction\":[{\"@type\":\"SearchAction\",\"target\":{\"@type\":\"EntryPoint\",\"urlTemplate\":\"https:\/\/tammetalu.eu\/?s={search_term_string}\"},\"query-input\":{\"@type\":\"PropertyValueSpecification\",\"valueRequired\":true,\"valueName\":\"search_term_string\"}}],\"inLanguage\":\"lv-LV\"},{\"@type\":\"Organization\",\"@id\":\"https:\/\/tammetalu.eu\/#organization\",\"name\":\"Tamme talu \u00fcrdiaed\",\"alternateName\":\"Tamme talu\",\"url\":\"https:\/\/tammetalu.eu\/\",\"logo\":{\"@type\":\"ImageObject\",\"inLanguage\":\"lv-LV\",\"@id\":\"https:\/\/tammetalu.eu\/#\/schema\/logo\/image\/\",\"url\":\"https:\/\/tammetalu.eu\/wp-content\/uploads\/2025\/01\/Tamme_talu_urdiaed.png\",\"contentUrl\":\"https:\/\/tammetalu.eu\/wp-content\/uploads\/2025\/01\/Tamme_talu_urdiaed.png\",\"width\":560,\"height\":560,\"caption\":\"Tamme talu \u00fcrdiaed\"},\"image\":{\"@id\":\"https:\/\/tammetalu.eu\/#\/schema\/logo\/image\/\"},\"sameAs\":[\"https:\/\/www.facebook.com\/TammeTaluUrdiaed\/?locale=et_EE\",\"https:\/\/www.instagram.com\/tammetaluurdiaed\/\"]}]}<\/script>\n<!-- \/ Yoast SEO plugin. -->","yoast_head_json":{"title":"Harilik arti\u0161okk - Tamme talu \u00fcrdiaed","robots":{"index":"index","follow":"follow","max-snippet":"max-snippet:-1","max-image-preview":"max-image-preview:large","max-video-preview":"max-video-preview:-1"},"canonical":"https:\/\/tammetalu.eu\/toode\/harilik-artisokk\/","og_locale":"lv_LV","og_type":"article","og_title":"Harilik arti\u0161okk - Tamme talu \u00fcrdiaed","og_description":"Cynara cardunculus subsp. cardunculus  Harilik arti\u0161okk n\u00e4eb v\u00e4lja nagu suur uhke ohakas ja on \u00fcheaegselt k\u00f6\u00f6givili, ravimtaim ja ilutaim.  Harilik arti\u0161okk v\u00f5ib kasvada meie tingimustes suve jooksul1-1,5m k\u00f5rguseks uhkeks hallikastoheliste dekoratiivsete lehtedega puhmaks. J\u00f5uab kohe esimesel kasvuaastal \u00f5isikunupud kasvatada. Arti\u0161oki \u00f5isikud, mis sarnanevad v\u00e4ga oma v\u00e4limuselt ohaka \u00f5isikutele kuid on neist olulisemalt suuremad ning v\u00e4ga dekoratiivsed. Toiduks tarvitatakse arti\u0161oki lihakaid \u00f5iep\u00f5hju, mis on v\u00e4ga v\u00e4\u00e4rtuslik ja maitsev delikatessk\u00f6\u00f6givili.\u00a0 Arti\u0161oki lehed on l\u00f5histunud ja v\u00e4ga dekoratiivsed\u00a0 hallikasrohelised ja neid kasutatakse ravimtaimena. Lehed sisaldavad bioaktiivseid aineid ja On leitud, et arti\u0161okk omab antioks\u00fcdantset, antimikroobset ja p\u00f5letikuvastast toimet. Arti\u0161okist v\u00f5ib kasu olla s\u00fcdame-veresoonkonna haiguste riskitegurite (n\u00e4iteks kolesterooli), diabeedi, seedektrakti haiguste ja maksahaiguste ravis.  Harilik arti\u0161okk kasvab v\u00e4ga h\u00e4sti kuivemas v\u00f5i parasniiskes aiamullas t\u00e4isp\u00e4ikeses v\u00f5i poolvarjus. Uhke kasvu tagamiseks vajab rammusat mulda v\u00f5i v\u00e4etamist h\u00e4sti laagerdunud komposti v\u00f5i k\u00f5dus\u00f5nnikuga. Talveks tuleb taime kindlasti katta, sest hukutavalt v\u00f5ib arti\u0161okitaimedele m\u00f5juda just talvine niiskus ja pidevalt m\u00e4rg pinnas. V\u00f5imalik on ka s\u00fcgisel juurepall v\u00e4lja kaevata ja kuiva kasvuhoonesse v\u00f5i keldrisse talvituma viia.  Harilik arti\u0161okk sobib kaunistama oma uhke kasvuga nii\u00a0lillepeenraid kui k\u00f6\u00f6giviljaaeda.\u00a0\u00d6\u00f6k\u00fclmade eest tuleb noori \u00e4sja istutatud taimi kindlasti kaitsta.  &nbsp;","og_url":"https:\/\/tammetalu.eu\/toode\/harilik-artisokk\/","og_site_name":"Tamme talu \u00fcrdiaed","article_publisher":"https:\/\/www.facebook.com\/TammeTaluUrdiaed\/?locale=et_EE","article_modified_time":"2026-05-02T06:37:02+00:00","og_image":[{"width":600,"height":450,"url":"https:\/\/tammetalu.eu\/wp-content\/uploads\/2023\/04\/harilik-artisokk-Cynara-scolymus-tamme-talu-urdiaed.jpg","type":"image\/jpeg"}],"twitter_card":"summary_large_image","twitter_misc":{"Est. reading time":"1 minute"},"schema":{"@context":"https:\/\/schema.org","@graph":[{"@type":"WebPage","@id":"https:\/\/tammetalu.eu\/toode\/harilik-artisokk\/","url":"https:\/\/tammetalu.eu\/toode\/harilik-artisokk\/","name":"Harilik arti\u0161okk - Tamme talu \u00fcrdiaed","isPartOf":{"@id":"https:\/\/tammetalu.eu\/#website"},"primaryImageOfPage":{"@id":"https:\/\/tammetalu.eu\/toode\/harilik-artisokk\/#primaryimage"},"image":{"@id":"https:\/\/tammetalu.eu\/toode\/harilik-artisokk\/#primaryimage"},"thumbnailUrl":"https:\/\/tammetalu.eu\/wp-content\/uploads\/2023\/04\/harilik-artisokk-Cynara-scolymus-tamme-talu-urdiaed.jpg","datePublished":"2023-04-11T11:39:55+00:00","dateModified":"2026-05-02T06:37:02+00:00","breadcrumb":{"@id":"https:\/\/tammetalu.eu\/toode\/harilik-artisokk\/#breadcrumb"},"inLanguage":"lv-LV","potentialAction":[{"@type":"ReadAction","target":["https:\/\/tammetalu.eu\/toode\/harilik-artisokk\/"]}]},{"@type":"ImageObject","inLanguage":"lv-LV","@id":"https:\/\/tammetalu.eu\/toode\/harilik-artisokk\/#primaryimage","url":"https:\/\/tammetalu.eu\/wp-content\/uploads\/2023\/04\/harilik-artisokk-Cynara-scolymus-tamme-talu-urdiaed.jpg","contentUrl":"https:\/\/tammetalu.eu\/wp-content\/uploads\/2023\/04\/harilik-artisokk-Cynara-scolymus-tamme-talu-urdiaed.jpg","width":600,"height":450,"caption":"harilik-artisokk-Cynara-scolymus-tamme-talu-urdiaed"},{"@type":"BreadcrumbList","@id":"https:\/\/tammetalu.eu\/toode\/harilik-artisokk\/#breadcrumb","itemListElement":[{"@type":"ListItem","position":1,"name":"Home","item":"https:\/\/tammetalu.eu\/lv\/galvena-lapa\/"},{"@type":"ListItem","position":2,"name":"Shop","item":"https:\/\/tammetalu.eu\/lv\/shop\/"},{"@type":"ListItem","position":3,"name":"Harilik arti\u0161okk"}]},{"@type":"WebSite","@id":"https:\/\/tammetalu.eu\/#website","url":"https:\/\/tammetalu.eu\/","name":"Tamme talu \u00fcrdiaed","description":"K\u00e4sit\u00f6\u00f6na valmistatud tooted \u00fcrtidest, \u00fcrdiistikud, \u00fcrtide kollektsioonaed","publisher":{"@id":"https:\/\/tammetalu.eu\/#organization"},"alternateName":"Tamme talu","potentialAction":[{"@type":"SearchAction","target":{"@type":"EntryPoint","urlTemplate":"https:\/\/tammetalu.eu\/?s={search_term_string}"},"query-input":{"@type":"PropertyValueSpecification","valueRequired":true,"valueName":"search_term_string"}}],"inLanguage":"lv-LV"},{"@type":"Organization","@id":"https:\/\/tammetalu.eu\/#organization","name":"Tamme talu \u00fcrdiaed","alternateName":"Tamme talu","url":"https:\/\/tammetalu.eu\/","logo":{"@type":"ImageObject","inLanguage":"lv-LV","@id":"https:\/\/tammetalu.eu\/#\/schema\/logo\/image\/","url":"https:\/\/tammetalu.eu\/wp-content\/uploads\/2025\/01\/Tamme_talu_urdiaed.png","contentUrl":"https:\/\/tammetalu.eu\/wp-content\/uploads\/2025\/01\/Tamme_talu_urdiaed.png","width":560,"height":560,"caption":"Tamme talu \u00fcrdiaed"},"image":{"@id":"https:\/\/tammetalu.eu\/#\/schema\/logo\/image\/"},"sameAs":["https:\/\/www.facebook.com\/TammeTaluUrdiaed\/?locale=et_EE","https:\/\/www.instagram.com\/tammetaluurdiaed\/"]}]}},"_links":{"self":[{"href":"https:\/\/tammetalu.eu\/lv\/wp-json\/wp\/v2\/product\/17640","targetHints":{"allow":["GET"]}}],"collection":[{"href":"https:\/\/tammetalu.eu\/lv\/wp-json\/wp\/v2\/product"}],"about":[{"href":"https:\/\/tammetalu.eu\/lv\/wp-json\/wp\/v2\/types\/product"}],"wp:featuredmedia":[{"embeddable":true,"href":"https:\/\/tammetalu.eu\/lv\/wp-json\/wp\/v2\/media\/17641"}],"wp:attachment":[{"href":"https:\/\/tammetalu.eu\/lv\/wp-json\/wp\/v2\/media?parent=17640"}],"wp:term":[{"taxonomy":"product_brand","embeddable":true,"href":"https:\/\/tammetalu.eu\/lv\/wp-json\/wp\/v2\/product_brand?post=17640"},{"taxonomy":"product_cat","embeddable":true,"href":"https:\/\/tammetalu.eu\/lv\/wp-json\/wp\/v2\/product_cat?post=17640"},{"taxonomy":"product_tag","embeddable":true,"href":"https:\/\/tammetalu.eu\/lv\/wp-json\/wp\/v2\/product_tag?post=17640"}],"curies":[{"name":"wp","href":"https:\/\/api.w.org\/{rel}","templated":true}]}}