{"id":17690,"date":"2023-04-11T15:26:14","date_gmt":"2023-04-11T12:26:14","guid":{"rendered":"https:\/\/tammetalu.eu\/?post_type=product&#038;p=17690"},"modified":"2026-04-10T14:36:56","modified_gmt":"2026-04-10T11:36:56","slug":"hispaania-artisokk-kardi","status":"publish","type":"product","link":"https:\/\/tammetalu.eu\/lv\/toode\/hispaania-artisokk-kardi\/","title":{"rendered":"Hispaania arti\u0161okk (kardi) Cynara cardunculus"},"content":{"rendered":"","protected":false},"excerpt":{"rendered":"<p><em>Cynara cardunculus<\/em><\/p>\n<p>Hispaania arti\u0161okk, kardi v\u00f5i kardoon-tegemist on ikka \u00fche ja sama v\u00e4ga ohaka moodi taimega, mis on k\u00f6\u00f6givili kui ilutaim \u00fcheaegselt.<\/p>\n<p><span style=\"font-weight: 400;\">Kardi v\u00f5ib kasvada meie tingimustes juba \u00fche suve jooksul1-1,5m k\u00f5rguseks uhkeks hallikastoheliste dekoratiivsete lehtedega puhmaks<\/span><span style=\"font-weight: 400;\">. J\u00f5uab juba esimesel eluaastal \u00f5itsema minna, kuid mitte alati. Kardi \u00f5isikud <\/span><span style=\"font-weight: 400;\">sarnanevad v\u00e4ga ohaka \u00f5isikutele ja on neist olulisemalt suuremad ning v\u00e4ga dekoratiivsed. Kuid toiduks tarvitatakse kardil hoopis juuri v\u00f5i pleegitatud leherootse, mitte lihakaid \u00f5iep\u00f5hju nagu tema l\u00e4hedasel sugulasel harilikul arti\u0161okil. Ja just pleegitatud leherootse, sest need on maitselt mahedad, kr\u00f5mpsud ja mahlased.\u00a0 Lehed on hispaania arti\u0161okil k\u00fcll imeilusa\u00a0 h\u00f5bedase l\u00e4ikega, kuid need on veidi okkalised ja seep\u00e4rast toiduks ei k\u00f5lba.<\/span><\/p>\n<p><span style=\"font-weight: 400;\">Kardit kasvab v\u00e4ga h\u00e4sti kuivemas v\u00f5i parasniiskes aiamullas t\u00e4isp\u00e4ikeses <\/span><span style=\"font-weight: 400;\">v\u00f5i poolvarjus. Uhke kasvu tagamiseks vajab rammusat mulda v\u00f5i v\u00e4etamist h\u00e4sti laagerdunud komposti v\u00f5i k\u00f5dus\u00f5nnikuga. Talveks tuleb taime kind<\/span><span style=\"font-weight: 400;\">lasti katta, sest hukutavalt v\u00f5ib kardile m\u00f5juda just talvine niiskus ja pidevalt m\u00e4rg pinnas. V\u00f5imalik on ka s\u00fcgisel juurepall v\u00e4lja kaevata ja kuiva kasvuhoonesse v\u00f5i keldrisse talvituma viia.<\/span><\/p>\n<p><span style=\"font-weight: 400;\">Sobib kaunistama oma uhke kasvuga nii<\/span><span style=\"font-weight: 400;\">\u00a0lillepeenraid kui k\u00f6\u00f6giviljaaeda.\u00a0<\/span><span style=\"font-weight: 400;\">\u00d6\u00f6k\u00fclmade eest tuleb noori \u00e4sja istutatud taimi kaitsta.<\/span><\/p>\n<p>Hispaania arti\u0161okk sisaldab olulisel m\u00e4\u00e4ral inuliini, seep\u00e4rast on ta v\u00e4ga sobiv diabeetikute toidulauale.<\/p>\n","protected":false},"featured_media":17691,"template":"","meta":{"_acf_changed":false,"_et_pb_use_builder":"","_et_pb_old_content":"","_et_gb_content_width":"","inline_featured_image":false},"product_brand":[],"product_cat":[186,203],"product_tag":[],"class_list":{"0":"post-17690","1":"product","2":"type-product","3":"status-publish","4":"has-post-thumbnail","6":"product_cat-maitse-ja-ravimtaimede-istikud","7":"product_cat-ponevad-koogiviljad","9":"first","10":"instock","11":"sale","12":"taxable","13":"shipping-taxable","14":"purchasable","15":"product-type-simple"},"acf":[],"yoast_head":"<!-- This site is optimized with the Yoast SEO plugin v26.4 - https:\/\/yoast.com\/wordpress\/plugins\/seo\/ -->\n<title>Hispaania arti\u0161okk (kardi) Cynara cardunculus - Tamme talu \u00fcrdiaed<\/title>\n<meta name=\"robots\" content=\"index, follow, max-snippet:-1, max-image-preview:large, max-video-preview:-1\" \/>\n<link rel=\"canonical\" href=\"https:\/\/tammetalu.eu\/toode\/hispaania-artisokk-kardi\/\" \/>\n<meta property=\"og:locale\" content=\"lv_LV\" \/>\n<meta property=\"og:type\" content=\"article\" \/>\n<meta property=\"og:title\" content=\"Hispaania arti\u0161okk (kardi) Cynara cardunculus - Tamme talu \u00fcrdiaed\" \/>\n<meta property=\"og:description\" content=\"Cynara cardunculus  Hispaania arti\u0161okk, kardi v\u00f5i kardoon-tegemist on ikka \u00fche ja sama v\u00e4ga ohaka moodi taimega, mis on k\u00f6\u00f6givili kui ilutaim \u00fcheaegselt.  Kardi v\u00f5ib kasvada meie tingimustes juba \u00fche suve jooksul1-1,5m k\u00f5rguseks uhkeks hallikastoheliste dekoratiivsete lehtedega puhmaks. J\u00f5uab juba esimesel eluaastal \u00f5itsema minna, kuid mitte alati. Kardi \u00f5isikud sarnanevad v\u00e4ga ohaka \u00f5isikutele ja on neist olulisemalt suuremad ning v\u00e4ga dekoratiivsed. Kuid toiduks tarvitatakse kardil hoopis juuri v\u00f5i pleegitatud leherootse, mitte lihakaid \u00f5iep\u00f5hju nagu tema l\u00e4hedasel sugulasel harilikul arti\u0161okil. Ja just pleegitatud leherootse, sest need on maitselt mahedad, kr\u00f5mpsud ja mahlased.\u00a0 Lehed on hispaania arti\u0161okil k\u00fcll imeilusa\u00a0 h\u00f5bedase l\u00e4ikega, kuid need on veidi okkalised ja seep\u00e4rast toiduks ei k\u00f5lba.  Kardit kasvab v\u00e4ga h\u00e4sti kuivemas v\u00f5i parasniiskes aiamullas t\u00e4isp\u00e4ikeses v\u00f5i poolvarjus. Uhke kasvu tagamiseks vajab rammusat mulda v\u00f5i v\u00e4etamist h\u00e4sti laagerdunud komposti v\u00f5i k\u00f5dus\u00f5nnikuga. Talveks tuleb taime kindlasti katta, sest hukutavalt v\u00f5ib kardile m\u00f5juda just talvine niiskus ja pidevalt m\u00e4rg pinnas. V\u00f5imalik on ka s\u00fcgisel juurepall v\u00e4lja kaevata ja kuiva kasvuhoonesse v\u00f5i keldrisse talvituma viia.  Sobib kaunistama oma uhke kasvuga nii\u00a0lillepeenraid kui k\u00f6\u00f6giviljaaeda.\u00a0\u00d6\u00f6k\u00fclmade eest tuleb noori \u00e4sja istutatud taimi kaitsta.  Hispaania arti\u0161okk sisaldab olulisel m\u00e4\u00e4ral inuliini, seep\u00e4rast on ta v\u00e4ga sobiv diabeetikute toidulauale.\" \/>\n<meta property=\"og:url\" content=\"https:\/\/tammetalu.eu\/toode\/hispaania-artisokk-kardi\/\" \/>\n<meta property=\"og:site_name\" content=\"Tamme talu \u00fcrdiaed\" \/>\n<meta property=\"article:publisher\" content=\"https:\/\/www.facebook.com\/TammeTaluUrdiaed\/?locale=et_EE\" \/>\n<meta property=\"article:modified_time\" content=\"2026-04-10T11:36:56+00:00\" \/>\n<meta property=\"og:image\" content=\"https:\/\/tammetalu.eu\/wp-content\/uploads\/2023\/04\/Hispaania-artisokk-cynara-cardunculus-tamme-talu-urdiaed.jpg\" \/>\n\t<meta property=\"og:image:width\" content=\"225\" \/>\n\t<meta property=\"og:image:height\" content=\"300\" \/>\n\t<meta property=\"og:image:type\" content=\"image\/jpeg\" \/>\n<meta name=\"twitter:card\" content=\"summary_large_image\" \/>\n<meta name=\"twitter:label1\" content=\"Est. reading time\" \/>\n\t<meta name=\"twitter:data1\" content=\"1 minute\" \/>\n<script type=\"application\/ld+json\" class=\"yoast-schema-graph\">{\"@context\":\"https:\/\/schema.org\",\"@graph\":[{\"@type\":\"WebPage\",\"@id\":\"https:\/\/tammetalu.eu\/toode\/hispaania-artisokk-kardi\/\",\"url\":\"https:\/\/tammetalu.eu\/toode\/hispaania-artisokk-kardi\/\",\"name\":\"Hispaania arti\u0161okk (kardi) Cynara cardunculus - Tamme talu \u00fcrdiaed\",\"isPartOf\":{\"@id\":\"https:\/\/tammetalu.eu\/#website\"},\"primaryImageOfPage\":{\"@id\":\"https:\/\/tammetalu.eu\/toode\/hispaania-artisokk-kardi\/#primaryimage\"},\"image\":{\"@id\":\"https:\/\/tammetalu.eu\/toode\/hispaania-artisokk-kardi\/#primaryimage\"},\"thumbnailUrl\":\"https:\/\/tammetalu.eu\/wp-content\/uploads\/2023\/04\/Hispaania-artisokk-cynara-cardunculus-tamme-talu-urdiaed.jpg\",\"datePublished\":\"2023-04-11T12:26:14+00:00\",\"dateModified\":\"2026-04-10T11:36:56+00:00\",\"breadcrumb\":{\"@id\":\"https:\/\/tammetalu.eu\/toode\/hispaania-artisokk-kardi\/#breadcrumb\"},\"inLanguage\":\"lv-LV\",\"potentialAction\":[{\"@type\":\"ReadAction\",\"target\":[\"https:\/\/tammetalu.eu\/toode\/hispaania-artisokk-kardi\/\"]}]},{\"@type\":\"ImageObject\",\"inLanguage\":\"lv-LV\",\"@id\":\"https:\/\/tammetalu.eu\/toode\/hispaania-artisokk-kardi\/#primaryimage\",\"url\":\"https:\/\/tammetalu.eu\/wp-content\/uploads\/2023\/04\/Hispaania-artisokk-cynara-cardunculus-tamme-talu-urdiaed.jpg\",\"contentUrl\":\"https:\/\/tammetalu.eu\/wp-content\/uploads\/2023\/04\/Hispaania-artisokk-cynara-cardunculus-tamme-talu-urdiaed.jpg\",\"width\":225,\"height\":300,\"caption\":\"Hispaania-artisokk-cynara-cardunculus-tamme-talu-urdiaed\"},{\"@type\":\"BreadcrumbList\",\"@id\":\"https:\/\/tammetalu.eu\/toode\/hispaania-artisokk-kardi\/#breadcrumb\",\"itemListElement\":[{\"@type\":\"ListItem\",\"position\":1,\"name\":\"Home\",\"item\":\"https:\/\/tammetalu.eu\/lv\/galvena-lapa\/\"},{\"@type\":\"ListItem\",\"position\":2,\"name\":\"Shop\",\"item\":\"https:\/\/tammetalu.eu\/lv\/shop\/\"},{\"@type\":\"ListItem\",\"position\":3,\"name\":\"Hispaania arti\u0161okk (kardi) Cynara cardunculus\"}]},{\"@type\":\"WebSite\",\"@id\":\"https:\/\/tammetalu.eu\/#website\",\"url\":\"https:\/\/tammetalu.eu\/\",\"name\":\"Tamme talu \u00fcrdiaed\",\"description\":\"K\u00e4sit\u00f6\u00f6na valmistatud tooted \u00fcrtidest, \u00fcrdiistikud, \u00fcrtide kollektsioonaed\",\"publisher\":{\"@id\":\"https:\/\/tammetalu.eu\/#organization\"},\"alternateName\":\"Tamme talu\",\"potentialAction\":[{\"@type\":\"SearchAction\",\"target\":{\"@type\":\"EntryPoint\",\"urlTemplate\":\"https:\/\/tammetalu.eu\/?s={search_term_string}\"},\"query-input\":{\"@type\":\"PropertyValueSpecification\",\"valueRequired\":true,\"valueName\":\"search_term_string\"}}],\"inLanguage\":\"lv-LV\"},{\"@type\":\"Organization\",\"@id\":\"https:\/\/tammetalu.eu\/#organization\",\"name\":\"Tamme talu \u00fcrdiaed\",\"alternateName\":\"Tamme talu\",\"url\":\"https:\/\/tammetalu.eu\/\",\"logo\":{\"@type\":\"ImageObject\",\"inLanguage\":\"lv-LV\",\"@id\":\"https:\/\/tammetalu.eu\/#\/schema\/logo\/image\/\",\"url\":\"https:\/\/tammetalu.eu\/wp-content\/uploads\/2025\/01\/Tamme_talu_urdiaed.png\",\"contentUrl\":\"https:\/\/tammetalu.eu\/wp-content\/uploads\/2025\/01\/Tamme_talu_urdiaed.png\",\"width\":560,\"height\":560,\"caption\":\"Tamme talu \u00fcrdiaed\"},\"image\":{\"@id\":\"https:\/\/tammetalu.eu\/#\/schema\/logo\/image\/\"},\"sameAs\":[\"https:\/\/www.facebook.com\/TammeTaluUrdiaed\/?locale=et_EE\",\"https:\/\/www.instagram.com\/tammetaluurdiaed\/\"]}]}<\/script>\n<!-- \/ Yoast SEO plugin. -->","yoast_head_json":{"title":"Hispaania arti\u0161okk (kardi) Cynara cardunculus - Tamme talu \u00fcrdiaed","robots":{"index":"index","follow":"follow","max-snippet":"max-snippet:-1","max-image-preview":"max-image-preview:large","max-video-preview":"max-video-preview:-1"},"canonical":"https:\/\/tammetalu.eu\/toode\/hispaania-artisokk-kardi\/","og_locale":"lv_LV","og_type":"article","og_title":"Hispaania arti\u0161okk (kardi) Cynara cardunculus - Tamme talu \u00fcrdiaed","og_description":"Cynara cardunculus  Hispaania arti\u0161okk, kardi v\u00f5i kardoon-tegemist on ikka \u00fche ja sama v\u00e4ga ohaka moodi taimega, mis on k\u00f6\u00f6givili kui ilutaim \u00fcheaegselt.  Kardi v\u00f5ib kasvada meie tingimustes juba \u00fche suve jooksul1-1,5m k\u00f5rguseks uhkeks hallikastoheliste dekoratiivsete lehtedega puhmaks. J\u00f5uab juba esimesel eluaastal \u00f5itsema minna, kuid mitte alati. Kardi \u00f5isikud sarnanevad v\u00e4ga ohaka \u00f5isikutele ja on neist olulisemalt suuremad ning v\u00e4ga dekoratiivsed. Kuid toiduks tarvitatakse kardil hoopis juuri v\u00f5i pleegitatud leherootse, mitte lihakaid \u00f5iep\u00f5hju nagu tema l\u00e4hedasel sugulasel harilikul arti\u0161okil. Ja just pleegitatud leherootse, sest need on maitselt mahedad, kr\u00f5mpsud ja mahlased.\u00a0 Lehed on hispaania arti\u0161okil k\u00fcll imeilusa\u00a0 h\u00f5bedase l\u00e4ikega, kuid need on veidi okkalised ja seep\u00e4rast toiduks ei k\u00f5lba.  Kardit kasvab v\u00e4ga h\u00e4sti kuivemas v\u00f5i parasniiskes aiamullas t\u00e4isp\u00e4ikeses v\u00f5i poolvarjus. Uhke kasvu tagamiseks vajab rammusat mulda v\u00f5i v\u00e4etamist h\u00e4sti laagerdunud komposti v\u00f5i k\u00f5dus\u00f5nnikuga. Talveks tuleb taime kindlasti katta, sest hukutavalt v\u00f5ib kardile m\u00f5juda just talvine niiskus ja pidevalt m\u00e4rg pinnas. V\u00f5imalik on ka s\u00fcgisel juurepall v\u00e4lja kaevata ja kuiva kasvuhoonesse v\u00f5i keldrisse talvituma viia.  Sobib kaunistama oma uhke kasvuga nii\u00a0lillepeenraid kui k\u00f6\u00f6giviljaaeda.\u00a0\u00d6\u00f6k\u00fclmade eest tuleb noori \u00e4sja istutatud taimi kaitsta.  Hispaania arti\u0161okk sisaldab olulisel m\u00e4\u00e4ral inuliini, seep\u00e4rast on ta v\u00e4ga sobiv diabeetikute toidulauale.","og_url":"https:\/\/tammetalu.eu\/toode\/hispaania-artisokk-kardi\/","og_site_name":"Tamme talu \u00fcrdiaed","article_publisher":"https:\/\/www.facebook.com\/TammeTaluUrdiaed\/?locale=et_EE","article_modified_time":"2026-04-10T11:36:56+00:00","og_image":[{"width":225,"height":300,"url":"https:\/\/tammetalu.eu\/wp-content\/uploads\/2023\/04\/Hispaania-artisokk-cynara-cardunculus-tamme-talu-urdiaed.jpg","type":"image\/jpeg"}],"twitter_card":"summary_large_image","twitter_misc":{"Est. reading time":"1 minute"},"schema":{"@context":"https:\/\/schema.org","@graph":[{"@type":"WebPage","@id":"https:\/\/tammetalu.eu\/toode\/hispaania-artisokk-kardi\/","url":"https:\/\/tammetalu.eu\/toode\/hispaania-artisokk-kardi\/","name":"Hispaania arti\u0161okk (kardi) Cynara cardunculus - Tamme talu \u00fcrdiaed","isPartOf":{"@id":"https:\/\/tammetalu.eu\/#website"},"primaryImageOfPage":{"@id":"https:\/\/tammetalu.eu\/toode\/hispaania-artisokk-kardi\/#primaryimage"},"image":{"@id":"https:\/\/tammetalu.eu\/toode\/hispaania-artisokk-kardi\/#primaryimage"},"thumbnailUrl":"https:\/\/tammetalu.eu\/wp-content\/uploads\/2023\/04\/Hispaania-artisokk-cynara-cardunculus-tamme-talu-urdiaed.jpg","datePublished":"2023-04-11T12:26:14+00:00","dateModified":"2026-04-10T11:36:56+00:00","breadcrumb":{"@id":"https:\/\/tammetalu.eu\/toode\/hispaania-artisokk-kardi\/#breadcrumb"},"inLanguage":"lv-LV","potentialAction":[{"@type":"ReadAction","target":["https:\/\/tammetalu.eu\/toode\/hispaania-artisokk-kardi\/"]}]},{"@type":"ImageObject","inLanguage":"lv-LV","@id":"https:\/\/tammetalu.eu\/toode\/hispaania-artisokk-kardi\/#primaryimage","url":"https:\/\/tammetalu.eu\/wp-content\/uploads\/2023\/04\/Hispaania-artisokk-cynara-cardunculus-tamme-talu-urdiaed.jpg","contentUrl":"https:\/\/tammetalu.eu\/wp-content\/uploads\/2023\/04\/Hispaania-artisokk-cynara-cardunculus-tamme-talu-urdiaed.jpg","width":225,"height":300,"caption":"Hispaania-artisokk-cynara-cardunculus-tamme-talu-urdiaed"},{"@type":"BreadcrumbList","@id":"https:\/\/tammetalu.eu\/toode\/hispaania-artisokk-kardi\/#breadcrumb","itemListElement":[{"@type":"ListItem","position":1,"name":"Home","item":"https:\/\/tammetalu.eu\/lv\/galvena-lapa\/"},{"@type":"ListItem","position":2,"name":"Shop","item":"https:\/\/tammetalu.eu\/lv\/shop\/"},{"@type":"ListItem","position":3,"name":"Hispaania arti\u0161okk (kardi) Cynara cardunculus"}]},{"@type":"WebSite","@id":"https:\/\/tammetalu.eu\/#website","url":"https:\/\/tammetalu.eu\/","name":"Tamme talu \u00fcrdiaed","description":"K\u00e4sit\u00f6\u00f6na valmistatud tooted \u00fcrtidest, \u00fcrdiistikud, \u00fcrtide kollektsioonaed","publisher":{"@id":"https:\/\/tammetalu.eu\/#organization"},"alternateName":"Tamme talu","potentialAction":[{"@type":"SearchAction","target":{"@type":"EntryPoint","urlTemplate":"https:\/\/tammetalu.eu\/?s={search_term_string}"},"query-input":{"@type":"PropertyValueSpecification","valueRequired":true,"valueName":"search_term_string"}}],"inLanguage":"lv-LV"},{"@type":"Organization","@id":"https:\/\/tammetalu.eu\/#organization","name":"Tamme talu \u00fcrdiaed","alternateName":"Tamme talu","url":"https:\/\/tammetalu.eu\/","logo":{"@type":"ImageObject","inLanguage":"lv-LV","@id":"https:\/\/tammetalu.eu\/#\/schema\/logo\/image\/","url":"https:\/\/tammetalu.eu\/wp-content\/uploads\/2025\/01\/Tamme_talu_urdiaed.png","contentUrl":"https:\/\/tammetalu.eu\/wp-content\/uploads\/2025\/01\/Tamme_talu_urdiaed.png","width":560,"height":560,"caption":"Tamme talu \u00fcrdiaed"},"image":{"@id":"https:\/\/tammetalu.eu\/#\/schema\/logo\/image\/"},"sameAs":["https:\/\/www.facebook.com\/TammeTaluUrdiaed\/?locale=et_EE","https:\/\/www.instagram.com\/tammetaluurdiaed\/"]}]}},"_links":{"self":[{"href":"https:\/\/tammetalu.eu\/lv\/wp-json\/wp\/v2\/product\/17690","targetHints":{"allow":["GET"]}}],"collection":[{"href":"https:\/\/tammetalu.eu\/lv\/wp-json\/wp\/v2\/product"}],"about":[{"href":"https:\/\/tammetalu.eu\/lv\/wp-json\/wp\/v2\/types\/product"}],"wp:featuredmedia":[{"embeddable":true,"href":"https:\/\/tammetalu.eu\/lv\/wp-json\/wp\/v2\/media\/17691"}],"wp:attachment":[{"href":"https:\/\/tammetalu.eu\/lv\/wp-json\/wp\/v2\/media?parent=17690"}],"wp:term":[{"taxonomy":"product_brand","embeddable":true,"href":"https:\/\/tammetalu.eu\/lv\/wp-json\/wp\/v2\/product_brand?post=17690"},{"taxonomy":"product_cat","embeddable":true,"href":"https:\/\/tammetalu.eu\/lv\/wp-json\/wp\/v2\/product_cat?post=17690"},{"taxonomy":"product_tag","embeddable":true,"href":"https:\/\/tammetalu.eu\/lv\/wp-json\/wp\/v2\/product_tag?post=17690"}],"curies":[{"name":"wp","href":"https:\/\/api.w.org\/{rel}","templated":true}]}}